{"id":11101,"date":"2022-01-19T12:54:13","date_gmt":"2022-01-19T11:54:13","guid":{"rendered":"https:\/\/new.tiketi.com\/kush-air-online-booking-cheap-flights\/"},"modified":"2022-02-16T12:58:46","modified_gmt":"2022-02-16T11:58:46","slug":"kush-air-online-booking-flights","status":"publish","type":"page","link":"https:\/\/tiketi.com\/fr-fr\/kush-air-online-booking-flights\/","title":{"rendered":"Kush Air R\u00e9servation en ligne \u2013 Vols pas chers"},"content":{"rendered":"<h2>Kush Air R\u00e9servation de vol en ligne<\/h2>\n<h3>Comparez et r\u00e9servez vos billets Kush Air pas chers en ligne d\u00e8s maintenant.<\/h3>\n<p>Recherchez, comparez et faites des r\u00e9servations en ligne bon march\u00e9 avec Kush Air. Kush Air fournit des liens vers des destinations nationales rendant votre voyage \u00e0 travers la r\u00e9gion de l&#039;Afrique de l&#039;Est \u00e0 port\u00e9e de main depuis sa cr\u00e9ation en 2010. Faites une r\u00e9servation de vol Kush Air pas cher en ligne maintenant et \u00e9conomisez du temps et de l&#039;argent.<\/p>\n<h2>FAQ sur la r\u00e9servation en ligne de Kush Air<\/h2>\n<h2>R\u00e9servation de vols Kush Air destinations populaires<\/h2>\n<p>L&#039;air de Kush actionne des vols r\u00e9guliers de Juba aux endroits nationaux. Il op\u00e8re dans la r\u00e9gion de l&#039;Afrique de l&#039;Est avec des vols vers Entebbe, Kampala, Nairobi, Khartoum. La compagnie a\u00e9rienne n&#039;a qu&#039;une seule flotte - Fokker F60\/F50.<\/p>\n<h3>Informations sur la flotte<\/h3>\n<p>Depuis avril 2015, la flotte de Kush Air se compose de 2 avions un Fokker 50 et un Fokker 100.<\/p>\n<h3>Informations importantes sur la r\u00e9servation de Kush Air<\/h3>\n<p>En 2010, Kush Air est une compagnie a\u00e9rienne sud-soudanaise bas\u00e9e \u00e0 Juba et bas\u00e9e \u00e0 l&#039;a\u00e9roport de Juba. Kush Air est le 2e avion de ligne sud-soudanais apr\u00e8s Feeder Air et le troisi\u00e8me des op\u00e9rations supr\u00eames du Soudan du Sud dans la r\u00e9gion de l&#039;Afrique de l&#039;Est.<\/p>\n<p>Cette compagnie a\u00e9rienne est r\u00e9put\u00e9e pour offrir confort, fiabilit\u00e9 et s\u00e9curit\u00e9 \u00e0 ses passagers. Au fil des ans, elle s&#039;est forg\u00e9e une r\u00e9putation en tant qu&#039;entreprise qui a cr\u00e9\u00e9 une atmosph\u00e8re s\u00e9curitaire pour fournir \u00e0 ses clients des services d&#039;aviation de haut niveau.<\/p>\n<p>Kush Air est une compagnie a\u00e9rienne sud-soudanaise qui propose une large gamme de services a\u00e9riens personnalis\u00e9s \u00e0 ses clients. Ces prestations contiennent :<\/p>\n<p>\u2022 Services d&#039;ambulance a\u00e9rienne<br \/>\n\u2022 Vols charters r\u00e9guliers pour les passagers et le fret<br \/>\n\u2022 Lev\u00e9 a\u00e9rien<br \/>\n\u2022 Lev\u00e9 g\u00e9ophysique<br \/>\n\u2022 Photographie a\u00e9rienne et tournage<br \/>\n\u2022 Ils sont \u00e9galement autoris\u00e9s \u00e0 voler pour les organisations humanitaires<br \/>\n\u2022 Kush Air propose une large gamme de services de vol, en fonction de vos besoins particuliers.<\/p>\n<h2>Conseils de r\u00e9servation de vol Kush Air en ligne<\/h2>\n<h3>Enregistrement<\/h3>\n<p>L&#039;enregistrement en ligne ouvre vingt-quatre heures avant le d\u00e9part pr\u00e9vu et ferme cinquante minutes avant sur les vols int\u00e9rieurs et quatre-vingt-dix minutes avant sur les vols internationaux.<\/p>\n<p>Kush Air n&#039;a pas h\u00e9sit\u00e9 \u00e0 faire la une des journaux avec des activit\u00e9s commerciales suspendues plus d&#039;une fois et son approche effront\u00e9e du vol en Afrique de l&#039;Est.<\/p>","protected":false},"excerpt":{"rendered":"<p>Kush Air\u00a0Flight Booking Online Compare and book your cheap Kush Air tickets online now. Search, compare and do cheap Kush Air online booking.\u00a0Kush Air provides links to national destinations making your trip across the East African area within reach since its inception in 2010.\u00a0Do\u00a0cheap Kush Air flight booking online now\u00a0and save time and money. Kush [&hellip;]<\/p>\n","protected":false},"author":1,"featured_media":14041,"parent":0,"menu_order":0,"comment_status":"open","ping_status":"closed","template":"template-home-modern.php","meta":{"footnotes":""},"class_list":["post-11101","page","type-page","status-publish","has-post-thumbnail","hentry"],"yoast_head":"<!-- This site is optimized with the Yoast SEO plugin v27.2 - https:\/\/yoast.com\/product\/yoast-seo-wordpress\/ -->\n<title>Kush Air Online Booking - Cheap Flights<\/title>\n<meta name=\"description\" content=\"Looking for Kush Air online booking sevice? Do cheap Kush Air flight booking online now and save time and money\" \/>\n<meta name=\"robots\" content=\"index, follow, max-snippet:-1, max-image-preview:large, max-video-preview:-1\" \/>\n<link rel=\"canonical\" href=\"https:\/\/tiketi.com\/fr-fr\/kush-air-online-booking-flights\/\" \/>\n<meta property=\"og:locale\" content=\"fr_FR\" \/>\n<meta property=\"og:type\" content=\"article\" \/>\n<meta property=\"og:title\" content=\"Kush Air Online Booking - Cheap Flights\" \/>\n<meta property=\"og:description\" content=\"Looking for Kush Air online booking sevice? Do cheap Kush Air flight booking online now and save time and money\" \/>\n<meta property=\"og:url\" content=\"https:\/\/tiketi.com\/fr-fr\/kush-air-online-booking-flights\/\" \/>\n<meta property=\"og:site_name\" content=\"Tiketi.com\" \/>\n<meta property=\"article:publisher\" content=\"https:\/\/www.facebook.com\/TiketiCom\/\" \/>\n<meta property=\"article:modified_time\" content=\"2022-02-16T11:58:46+00:00\" \/>\n<meta property=\"og:image\" content=\"https:\/\/tiketi.com\/wp-content\/uploads\/2022\/01\/flight-ticket-booking-sorasak-KxCJXXGsv9I-unsplas.jpg\" \/>\n\t<meta property=\"og:image:width\" content=\"1200\" \/>\n\t<meta property=\"og:image:height\" content=\"240\" \/>\n\t<meta property=\"og:image:type\" content=\"image\/jpeg\" \/>\n<meta name=\"twitter:card\" content=\"summary_large_image\" \/>\n<meta name=\"twitter:label1\" content=\"Dur\u00e9e de lecture estim\u00e9e\" \/>\n\t<meta name=\"twitter:data1\" content=\"2 minutes\" \/>\n<script type=\"application\/ld+json\" class=\"yoast-schema-graph\">{\"@context\":\"https:\/\/schema.org\",\"@graph\":[{\"@type\":\"WebPage\",\"@id\":\"https:\/\/tiketi.com\/kush-air-online-booking-flights\/\",\"url\":\"https:\/\/tiketi.com\/kush-air-online-booking-flights\/\",\"name\":\"Kush Air Online Booking - Cheap Flights\",\"isPartOf\":{\"@id\":\"https:\/\/tiketi.com\/#website\"},\"primaryImageOfPage\":{\"@id\":\"https:\/\/tiketi.com\/kush-air-online-booking-flights\/#primaryimage\"},\"image\":{\"@id\":\"https:\/\/tiketi.com\/kush-air-online-booking-flights\/#primaryimage\"},\"thumbnailUrl\":\"https:\/\/tiketi.com\/wp-content\/uploads\/2022\/01\/flight-ticket-booking-sorasak-KxCJXXGsv9I-unsplas.jpg\",\"datePublished\":\"2022-01-19T11:54:13+00:00\",\"dateModified\":\"2022-02-16T11:58:46+00:00\",\"description\":\"Looking for Kush Air online booking sevice? Do cheap Kush Air flight booking online now and save time and money\",\"breadcrumb\":{\"@id\":\"https:\/\/tiketi.com\/kush-air-online-booking-flights\/#breadcrumb\"},\"inLanguage\":\"fr-FR\",\"potentialAction\":[{\"@type\":\"ReadAction\",\"target\":[\"https:\/\/tiketi.com\/kush-air-online-booking-flights\/\"]}]},{\"@type\":\"ImageObject\",\"inLanguage\":\"fr-FR\",\"@id\":\"https:\/\/tiketi.com\/kush-air-online-booking-flights\/#primaryimage\",\"url\":\"https:\/\/tiketi.com\/wp-content\/uploads\/2022\/01\/flight-ticket-booking-sorasak-KxCJXXGsv9I-unsplas.jpg\",\"contentUrl\":\"https:\/\/tiketi.com\/wp-content\/uploads\/2022\/01\/flight-ticket-booking-sorasak-KxCJXXGsv9I-unsplas.jpg\",\"width\":1200,\"height\":240,\"caption\":\"Online flight ticket booking\"},{\"@type\":\"BreadcrumbList\",\"@id\":\"https:\/\/tiketi.com\/kush-air-online-booking-flights\/#breadcrumb\",\"itemListElement\":[{\"@type\":\"ListItem\",\"position\":1,\"name\":\"Home\",\"item\":\"https:\/\/tiketi.com\/\"},{\"@type\":\"ListItem\",\"position\":2,\"name\":\"Kush Air Online Booking &#8211; Cheap Flights\"}]},{\"@type\":\"WebSite\",\"@id\":\"https:\/\/tiketi.com\/#website\",\"url\":\"https:\/\/tiketi.com\/\",\"name\":\"Flight & Bus Tickets, Tour Packages & Activitites - Tiketi.com\",\"description\":\"Flight &amp; Bus Tickets, Tours, Activitites\",\"publisher\":{\"@id\":\"https:\/\/tiketi.com\/#organization\"},\"potentialAction\":[{\"@type\":\"SearchAction\",\"target\":{\"@type\":\"EntryPoint\",\"urlTemplate\":\"https:\/\/tiketi.com\/?s={search_term_string}\"},\"query-input\":{\"@type\":\"PropertyValueSpecification\",\"valueRequired\":true,\"valueName\":\"search_term_string\"}}],\"inLanguage\":\"fr-FR\"},{\"@type\":\"Organization\",\"@id\":\"https:\/\/tiketi.com\/#organization\",\"name\":\"Tiketi.com\",\"alternateName\":\"Tiketi\",\"url\":\"https:\/\/tiketi.com\/\",\"logo\":{\"@type\":\"ImageObject\",\"inLanguage\":\"fr-FR\",\"@id\":\"https:\/\/tiketi.com\/#\/schema\/logo\/image\/\",\"url\":\"https:\/\/tiketi.com\/wp-content\/uploads\/2019\/05\/tiketi-logo-696.png\",\"contentUrl\":\"https:\/\/tiketi.com\/wp-content\/uploads\/2019\/05\/tiketi-logo-696.png\",\"width\":696,\"height\":696,\"caption\":\"Tiketi.com\"},\"image\":{\"@id\":\"https:\/\/tiketi.com\/#\/schema\/logo\/image\/\"},\"sameAs\":[\"https:\/\/www.facebook.com\/TiketiCom\/\"]}]}<\/script>\n<!-- \/ Yoast SEO plugin. -->","yoast_head_json":{"title":"Kush Air R\u00e9servation en ligne - Vols pas chers","description":"Vous recherchez le service de r\u00e9servation en ligne Kush Air ? Faites la r\u00e9servation de vols pas chers Kush Air en ligne maintenant et \u00e9conomisez du temps et de l&#039;argent","robots":{"index":"index","follow":"follow","max-snippet":"max-snippet:-1","max-image-preview":"max-image-preview:large","max-video-preview":"max-video-preview:-1"},"canonical":"https:\/\/tiketi.com\/fr-fr\/kush-air-online-booking-flights\/","og_locale":"fr_FR","og_type":"article","og_title":"Kush Air Online Booking - Cheap Flights","og_description":"Looking for Kush Air online booking sevice? Do cheap Kush Air flight booking online now and save time and money","og_url":"https:\/\/tiketi.com\/fr-fr\/kush-air-online-booking-flights\/","og_site_name":"Tiketi.com","article_publisher":"https:\/\/www.facebook.com\/TiketiCom\/","article_modified_time":"2022-02-16T11:58:46+00:00","og_image":[{"width":1200,"height":240,"url":"https:\/\/tiketi.com\/wp-content\/uploads\/2022\/01\/flight-ticket-booking-sorasak-KxCJXXGsv9I-unsplas.jpg","type":"image\/jpeg"}],"twitter_card":"summary_large_image","twitter_misc":{"Dur\u00e9e de lecture estim\u00e9e":"2 minutes"},"schema":{"@context":"https:\/\/schema.org","@graph":[{"@type":"WebPage","@id":"https:\/\/tiketi.com\/kush-air-online-booking-flights\/","url":"https:\/\/tiketi.com\/kush-air-online-booking-flights\/","name":"Kush Air R\u00e9servation en ligne - Vols pas chers","isPartOf":{"@id":"https:\/\/tiketi.com\/#website"},"primaryImageOfPage":{"@id":"https:\/\/tiketi.com\/kush-air-online-booking-flights\/#primaryimage"},"image":{"@id":"https:\/\/tiketi.com\/kush-air-online-booking-flights\/#primaryimage"},"thumbnailUrl":"https:\/\/tiketi.com\/wp-content\/uploads\/2022\/01\/flight-ticket-booking-sorasak-KxCJXXGsv9I-unsplas.jpg","datePublished":"2022-01-19T11:54:13+00:00","dateModified":"2022-02-16T11:58:46+00:00","description":"Vous recherchez le service de r\u00e9servation en ligne Kush Air ? Faites la r\u00e9servation de vols pas chers Kush Air en ligne maintenant et \u00e9conomisez du temps et de l&#039;argent","breadcrumb":{"@id":"https:\/\/tiketi.com\/kush-air-online-booking-flights\/#breadcrumb"},"inLanguage":"fr-FR","potentialAction":[{"@type":"ReadAction","target":["https:\/\/tiketi.com\/kush-air-online-booking-flights\/"]}]},{"@type":"ImageObject","inLanguage":"fr-FR","@id":"https:\/\/tiketi.com\/kush-air-online-booking-flights\/#primaryimage","url":"https:\/\/tiketi.com\/wp-content\/uploads\/2022\/01\/flight-ticket-booking-sorasak-KxCJXXGsv9I-unsplas.jpg","contentUrl":"https:\/\/tiketi.com\/wp-content\/uploads\/2022\/01\/flight-ticket-booking-sorasak-KxCJXXGsv9I-unsplas.jpg","width":1200,"height":240,"caption":"Online flight ticket booking"},{"@type":"BreadcrumbList","@id":"https:\/\/tiketi.com\/kush-air-online-booking-flights\/#breadcrumb","itemListElement":[{"@type":"ListItem","position":1,"name":"Home","item":"https:\/\/tiketi.com\/"},{"@type":"ListItem","position":2,"name":"Kush Air Online Booking &#8211; Cheap Flights"}]},{"@type":"WebSite","@id":"https:\/\/tiketi.com\/#website","url":"https:\/\/tiketi.com\/","name":"Billets d&#039;avion et de bus, forfaits touristiques et activit\u00e9s - Tiketi.com","description":"Billets d&#039;avion et de bus, Tours, Activit\u00e9s","publisher":{"@id":"https:\/\/tiketi.com\/#organization"},"potentialAction":[{"@type":"SearchAction","target":{"@type":"EntryPoint","urlTemplate":"https:\/\/tiketi.com\/?s={search_term_string}"},"query-input":{"@type":"PropertyValueSpecification","valueRequired":true,"valueName":"search_term_string"}}],"inLanguage":"fr-FR"},{"@type":"Organization","@id":"https:\/\/tiketi.com\/#organization","name":"Tiketi.com","alternateName":"Tiketi","url":"https:\/\/tiketi.com\/","logo":{"@type":"ImageObject","inLanguage":"fr-FR","@id":"https:\/\/tiketi.com\/#\/schema\/logo\/image\/","url":"https:\/\/tiketi.com\/wp-content\/uploads\/2019\/05\/tiketi-logo-696.png","contentUrl":"https:\/\/tiketi.com\/wp-content\/uploads\/2019\/05\/tiketi-logo-696.png","width":696,"height":696,"caption":"Tiketi.com"},"image":{"@id":"https:\/\/tiketi.com\/#\/schema\/logo\/image\/"},"sameAs":["https:\/\/www.facebook.com\/TiketiCom\/"]}]}},"_links":{"self":[{"href":"https:\/\/tiketi.com\/fr-fr\/wp-json\/wp\/v2\/pages\/11101","targetHints":{"allow":["GET"]}}],"collection":[{"href":"https:\/\/tiketi.com\/fr-fr\/wp-json\/wp\/v2\/pages"}],"about":[{"href":"https:\/\/tiketi.com\/fr-fr\/wp-json\/wp\/v2\/types\/page"}],"author":[{"embeddable":true,"href":"https:\/\/tiketi.com\/fr-fr\/wp-json\/wp\/v2\/users\/1"}],"replies":[{"embeddable":true,"href":"https:\/\/tiketi.com\/fr-fr\/wp-json\/wp\/v2\/comments?post=11101"}],"version-history":[{"count":0,"href":"https:\/\/tiketi.com\/fr-fr\/wp-json\/wp\/v2\/pages\/11101\/revisions"}],"wp:featuredmedia":[{"embeddable":true,"href":"https:\/\/tiketi.com\/fr-fr\/wp-json\/wp\/v2\/media\/14041"}],"wp:attachment":[{"href":"https:\/\/tiketi.com\/fr-fr\/wp-json\/wp\/v2\/media?parent=11101"}],"curies":[{"name":"wp","href":"https:\/\/api.w.org\/{rel}","templated":true}]}}