{"id":11102,"date":"2022-01-19T12:54:13","date_gmt":"2022-01-19T11:54:13","guid":{"rendered":"https:\/\/new.tiketi.com\/jambojet-online-booking-kenya-cheap-flights\/"},"modified":"2022-02-16T12:16:36","modified_gmt":"2022-02-16T11:16:36","slug":"jambojet-online-booking-flights","status":"publish","type":"page","link":"https:\/\/tiketi.com\/fr-fr\/jambojet-online-booking-flights\/","title":{"rendered":"R\u00e9servation en ligne Jambojet Kenya \u2013 Vols pas chers"},"content":{"rendered":"<h2>R\u00e9servations de vols Jambo Jet pas chers en ligne<\/h2>\n<h3>Comparez et r\u00e9servez d\u00e8s maintenant vos billets en ligne Fly540 pas chers.<\/h3>\n<p>Recherchez, comparez et faites la r\u00e9servation en ligne Jambojet pas cher Kenya. Fond\u00e9e en septembre 2013, JamboJet est une compagnie a\u00e9rienne kenyane qui propose des vols locaux abordables \u00e0 travers le Kenya, ainsi qu&#039;un vol international vers Entebbe, en Ouganda, en Afrique du Centre-Ouest. Jambojet a son si\u00e8ge \u00e0 Nairobi avec son hub a\u00e9roportuaire \u00e0 l&#039;a\u00e9roport international Jomo Kenyatta. La compagnie a\u00e9rienne est une filiale du transporteur national des compagnies a\u00e9riennes kenyanes. Faites des r\u00e9servations de vols pas chers pour Jambo Jet en ligne d\u00e8s maintenant et \u00e9conomisez du temps et de l&#039;argent.<\/p>\n<h2>R\u00e9servation en ligne Jambojet Kenya, FAQ sur les billets d&#039;avion, les bagages, les tarifs et les horaires<\/h2>\n<h3>Jambojet r\u00e9servation en ligne destinations populaires<\/h3>\n<p>\u2022 Malindi<br \/>\n\u2022 Kisumu<br \/>\n\u2022 Ukunda<br \/>\n\u2022 Mombasa<br \/>\n\u2022 Nairobi<br \/>\n\u2022 Eldoret<br \/>\n\u2022 Ouganda Entebbe (suspendu)<br \/>\n\u2022 Rwanda Kigali (suspendu)<\/p>\n<h3>Franchise de bagages<\/h3>\n<p>La politique de bagages en cabine de Jambojet autorise un bagage \u00e0 main jusqu&#039;\u00e0 10 kg. Le bagage \u00e0 main ne doit pas d\u00e9passer la dimension de 55 cm x 35 cm x 25 cm.<\/p>\n<p>Jambojet n&#039;a pas de franchise de bagages en soute. La compagnie a\u00e9rienne propose aux passagers d&#039;acheter une franchise de bagages en soute allant jusqu&#039;\u00e0 deux sacs de calories de poids diff\u00e9rents.<\/p>\n<p>Il est excellent d&#039;acheter des bagages en ligne \u00e0 l&#039;avance lors de la r\u00e9servation Jambojet.<\/p>\n<h3>Enregistrement<\/h3>\n<p>Jambojet propose un enregistrement en ligne via son site internet applicable de vingt-quatre heures \u00e0 trois heures avant le d\u00e9part pr\u00e9vu. Allez sur le site et commencez le processus d&#039;enregistrement, vous devrez garder vos r\u00e9f\u00e9rences de r\u00e9servation \u00e0 port\u00e9e de main, y compris les d\u00e9tails du voyage et les noms des passagers. Vous pouvez \u00e9galement inclure la franchise de bagages suppl\u00e9mentaires, la s\u00e9lection des si\u00e8ges, les repas et enfin imprimer votre carte d&#039;embarquement. Les passagers doivent se pr\u00e9senter au moins 120 minutes avant le d\u00e9part pour d\u00e9poser leurs bagages enregistr\u00e9s et v\u00e9rifier leurs documents.<\/p>\n<h2>Conseils en ligne pour les r\u00e9servations de vols Jambo Jet<\/h2>\n<h3>Informations sur la flotte<\/h3>\n<p>Jambojet dispose actuellement d&#039;une flotte de cinq avions comprenant principalement 3 Boeing 737-300 et deux Bombardier Dash 8 Q400. JamboJet dessert actuellement Nairobi, Mombasa, Eldoret, Kisumu, Lamu, Ukundu et Malindi. Jambojet a un meilleur record de performances \u00e0 temps et a le code IATA de JX. La compagnie a\u00e9rienne compte actuellement vingt-quatre employ\u00e9s et s&#039;approvisionne aupr\u00e8s de compagnies a\u00e9riennes tierces. Dans les destinations populaires, le menu des vols contient des boissons non alcoolis\u00e9es et alcoolis\u00e9es, des boissons chaudes, des chocolats, des p\u00e2tisseries, des sandwichs et des collations s\u00e8ches.<\/p>","protected":false},"excerpt":{"rendered":"<p>Cheap Jambo Jet Flight Bookings Online Compare and book your cheap Fly540 online tickets now. Search, compare and do cheap Jambojet online booking Kenya. Founded in September 2013, JamboJet is a Kenyan airline that provides affordable local flights throughout Kenya, as well as one international flight to Entebbe, in Uganda, West-Central Africa. Jambojet is headquartered [&hellip;]<\/p>\n","protected":false},"author":1,"featured_media":14041,"parent":0,"menu_order":0,"comment_status":"open","ping_status":"closed","template":"template-home-modern.php","meta":{"footnotes":""},"class_list":["post-11102","page","type-page","status-publish","has-post-thumbnail","hentry"],"yoast_head":"<!-- This site is optimized with the Yoast SEO plugin v27.3 - https:\/\/yoast.com\/product\/yoast-seo-wordpress\/ -->\n<title>Jambojet Online Booking Kenya - Cheap Flights<\/title>\n<meta name=\"description\" content=\"Looking for Jambojet online booking in Kenya? Do cheap Jambo Jet flight bookings online now and save time and money\" \/>\n<meta name=\"robots\" content=\"index, follow, max-snippet:-1, max-image-preview:large, max-video-preview:-1\" \/>\n<link rel=\"canonical\" href=\"https:\/\/tiketi.com\/fr-fr\/jambojet-online-booking-flights\/\" \/>\n<meta property=\"og:locale\" content=\"fr_FR\" \/>\n<meta property=\"og:type\" content=\"article\" \/>\n<meta property=\"og:title\" content=\"Jambojet Online Booking Kenya - Cheap Flights\" \/>\n<meta property=\"og:description\" content=\"Looking for Jambojet online booking in Kenya? Do cheap Jambo Jet flight bookings online now and save time and money\" \/>\n<meta property=\"og:url\" content=\"https:\/\/tiketi.com\/fr-fr\/jambojet-online-booking-flights\/\" \/>\n<meta property=\"og:site_name\" content=\"Tiketi.com\" \/>\n<meta property=\"article:publisher\" content=\"https:\/\/www.facebook.com\/TiketiCom\/\" \/>\n<meta property=\"article:modified_time\" content=\"2022-02-16T11:16:36+00:00\" \/>\n<meta property=\"og:image\" content=\"https:\/\/tiketi.com\/wp-content\/uploads\/2022\/01\/flight-ticket-booking-sorasak-KxCJXXGsv9I-unsplas.jpg\" \/>\n\t<meta property=\"og:image:width\" content=\"1200\" \/>\n\t<meta property=\"og:image:height\" content=\"240\" \/>\n\t<meta property=\"og:image:type\" content=\"image\/jpeg\" \/>\n<meta name=\"twitter:card\" content=\"summary_large_image\" \/>\n<meta name=\"twitter:label1\" content=\"Dur\u00e9e de lecture estim\u00e9e\" \/>\n\t<meta name=\"twitter:data1\" content=\"2 minutes\" \/>\n<script type=\"application\/ld+json\" class=\"yoast-schema-graph\">{\"@context\":\"https:\\\/\\\/schema.org\",\"@graph\":[{\"@type\":\"WebPage\",\"@id\":\"https:\\\/\\\/tiketi.com\\\/jambojet-online-booking-flights\\\/\",\"url\":\"https:\\\/\\\/tiketi.com\\\/jambojet-online-booking-flights\\\/\",\"name\":\"Jambojet Online Booking Kenya - Cheap Flights\",\"isPartOf\":{\"@id\":\"https:\\\/\\\/tiketi.com\\\/#website\"},\"primaryImageOfPage\":{\"@id\":\"https:\\\/\\\/tiketi.com\\\/jambojet-online-booking-flights\\\/#primaryimage\"},\"image\":{\"@id\":\"https:\\\/\\\/tiketi.com\\\/jambojet-online-booking-flights\\\/#primaryimage\"},\"thumbnailUrl\":\"https:\\\/\\\/tiketi.com\\\/wp-content\\\/uploads\\\/2022\\\/01\\\/flight-ticket-booking-sorasak-KxCJXXGsv9I-unsplas.jpg\",\"datePublished\":\"2022-01-19T11:54:13+00:00\",\"dateModified\":\"2022-02-16T11:16:36+00:00\",\"description\":\"Looking for Jambojet online booking in Kenya? Do cheap Jambo Jet flight bookings online now and save time and money\",\"breadcrumb\":{\"@id\":\"https:\\\/\\\/tiketi.com\\\/jambojet-online-booking-flights\\\/#breadcrumb\"},\"inLanguage\":\"fr-FR\",\"potentialAction\":[{\"@type\":\"ReadAction\",\"target\":[\"https:\\\/\\\/tiketi.com\\\/jambojet-online-booking-flights\\\/\"]}]},{\"@type\":\"ImageObject\",\"inLanguage\":\"fr-FR\",\"@id\":\"https:\\\/\\\/tiketi.com\\\/jambojet-online-booking-flights\\\/#primaryimage\",\"url\":\"https:\\\/\\\/tiketi.com\\\/wp-content\\\/uploads\\\/2022\\\/01\\\/flight-ticket-booking-sorasak-KxCJXXGsv9I-unsplas.jpg\",\"contentUrl\":\"https:\\\/\\\/tiketi.com\\\/wp-content\\\/uploads\\\/2022\\\/01\\\/flight-ticket-booking-sorasak-KxCJXXGsv9I-unsplas.jpg\",\"width\":1200,\"height\":240,\"caption\":\"Online flight ticket booking\"},{\"@type\":\"BreadcrumbList\",\"@id\":\"https:\\\/\\\/tiketi.com\\\/jambojet-online-booking-flights\\\/#breadcrumb\",\"itemListElement\":[{\"@type\":\"ListItem\",\"position\":1,\"name\":\"Home\",\"item\":\"https:\\\/\\\/tiketi.com\\\/\"},{\"@type\":\"ListItem\",\"position\":2,\"name\":\"Jambojet Online Booking Kenya &#8211; Cheap Flights\"}]},{\"@type\":\"WebSite\",\"@id\":\"https:\\\/\\\/tiketi.com\\\/#website\",\"url\":\"https:\\\/\\\/tiketi.com\\\/\",\"name\":\"Flight & Bus Tickets, Tour Packages & Activitites - Tiketi.com\",\"description\":\"Flight &amp; Bus Tickets, Tours, Activitites\",\"publisher\":{\"@id\":\"https:\\\/\\\/tiketi.com\\\/#organization\"},\"potentialAction\":[{\"@type\":\"SearchAction\",\"target\":{\"@type\":\"EntryPoint\",\"urlTemplate\":\"https:\\\/\\\/tiketi.com\\\/?s={search_term_string}\"},\"query-input\":{\"@type\":\"PropertyValueSpecification\",\"valueRequired\":true,\"valueName\":\"search_term_string\"}}],\"inLanguage\":\"fr-FR\"},{\"@type\":\"Organization\",\"@id\":\"https:\\\/\\\/tiketi.com\\\/#organization\",\"name\":\"Tiketi.com\",\"alternateName\":\"Tiketi\",\"url\":\"https:\\\/\\\/tiketi.com\\\/\",\"logo\":{\"@type\":\"ImageObject\",\"inLanguage\":\"fr-FR\",\"@id\":\"https:\\\/\\\/tiketi.com\\\/#\\\/schema\\\/logo\\\/image\\\/\",\"url\":\"https:\\\/\\\/tiketi.com\\\/wp-content\\\/uploads\\\/2019\\\/05\\\/tiketi-logo-696.png\",\"contentUrl\":\"https:\\\/\\\/tiketi.com\\\/wp-content\\\/uploads\\\/2019\\\/05\\\/tiketi-logo-696.png\",\"width\":696,\"height\":696,\"caption\":\"Tiketi.com\"},\"image\":{\"@id\":\"https:\\\/\\\/tiketi.com\\\/#\\\/schema\\\/logo\\\/image\\\/\"},\"sameAs\":[\"https:\\\/\\\/www.facebook.com\\\/TiketiCom\\\/\"]}]}<\/script>\n<!-- \/ Yoast SEO plugin. -->","yoast_head_json":{"title":"Jambojet R\u00e9servation en ligne Kenya - Vols pas chers","description":"Vous recherchez une r\u00e9servation en ligne Jambojet au Kenya? Faites des r\u00e9servations de vols Jambo Jet \u00e0 bas prix en ligne d\u00e8s maintenant et \u00e9conomisez du temps et de l&#039;argent","robots":{"index":"index","follow":"follow","max-snippet":"max-snippet:-1","max-image-preview":"max-image-preview:large","max-video-preview":"max-video-preview:-1"},"canonical":"https:\/\/tiketi.com\/fr-fr\/jambojet-online-booking-flights\/","og_locale":"fr_FR","og_type":"article","og_title":"Jambojet Online Booking Kenya - Cheap Flights","og_description":"Looking for Jambojet online booking in Kenya? Do cheap Jambo Jet flight bookings online now and save time and money","og_url":"https:\/\/tiketi.com\/fr-fr\/jambojet-online-booking-flights\/","og_site_name":"Tiketi.com","article_publisher":"https:\/\/www.facebook.com\/TiketiCom\/","article_modified_time":"2022-02-16T11:16:36+00:00","og_image":[{"width":1200,"height":240,"url":"https:\/\/tiketi.com\/wp-content\/uploads\/2022\/01\/flight-ticket-booking-sorasak-KxCJXXGsv9I-unsplas.jpg","type":"image\/jpeg"}],"twitter_card":"summary_large_image","twitter_misc":{"Dur\u00e9e de lecture estim\u00e9e":"2 minutes"},"schema":{"@context":"https:\/\/schema.org","@graph":[{"@type":"WebPage","@id":"https:\/\/tiketi.com\/jambojet-online-booking-flights\/","url":"https:\/\/tiketi.com\/jambojet-online-booking-flights\/","name":"Jambojet R\u00e9servation en ligne Kenya - Vols pas chers","isPartOf":{"@id":"https:\/\/tiketi.com\/#website"},"primaryImageOfPage":{"@id":"https:\/\/tiketi.com\/jambojet-online-booking-flights\/#primaryimage"},"image":{"@id":"https:\/\/tiketi.com\/jambojet-online-booking-flights\/#primaryimage"},"thumbnailUrl":"https:\/\/tiketi.com\/wp-content\/uploads\/2022\/01\/flight-ticket-booking-sorasak-KxCJXXGsv9I-unsplas.jpg","datePublished":"2022-01-19T11:54:13+00:00","dateModified":"2022-02-16T11:16:36+00:00","description":"Vous recherchez une r\u00e9servation en ligne Jambojet au Kenya? Faites des r\u00e9servations de vols Jambo Jet \u00e0 bas prix en ligne d\u00e8s maintenant et \u00e9conomisez du temps et de l&#039;argent","breadcrumb":{"@id":"https:\/\/tiketi.com\/jambojet-online-booking-flights\/#breadcrumb"},"inLanguage":"fr-FR","potentialAction":[{"@type":"ReadAction","target":["https:\/\/tiketi.com\/jambojet-online-booking-flights\/"]}]},{"@type":"ImageObject","inLanguage":"fr-FR","@id":"https:\/\/tiketi.com\/jambojet-online-booking-flights\/#primaryimage","url":"https:\/\/tiketi.com\/wp-content\/uploads\/2022\/01\/flight-ticket-booking-sorasak-KxCJXXGsv9I-unsplas.jpg","contentUrl":"https:\/\/tiketi.com\/wp-content\/uploads\/2022\/01\/flight-ticket-booking-sorasak-KxCJXXGsv9I-unsplas.jpg","width":1200,"height":240,"caption":"Online flight ticket booking"},{"@type":"BreadcrumbList","@id":"https:\/\/tiketi.com\/jambojet-online-booking-flights\/#breadcrumb","itemListElement":[{"@type":"ListItem","position":1,"name":"Home","item":"https:\/\/tiketi.com\/"},{"@type":"ListItem","position":2,"name":"Jambojet Online Booking Kenya &#8211; Cheap Flights"}]},{"@type":"WebSite","@id":"https:\/\/tiketi.com\/#website","url":"https:\/\/tiketi.com\/","name":"Billets d&#039;avion et de bus, forfaits touristiques et activit\u00e9s - Tiketi.com","description":"Billets d&#039;avion et de bus, Tours, Activit\u00e9s","publisher":{"@id":"https:\/\/tiketi.com\/#organization"},"potentialAction":[{"@type":"SearchAction","target":{"@type":"EntryPoint","urlTemplate":"https:\/\/tiketi.com\/?s={search_term_string}"},"query-input":{"@type":"PropertyValueSpecification","valueRequired":true,"valueName":"search_term_string"}}],"inLanguage":"fr-FR"},{"@type":"Organization","@id":"https:\/\/tiketi.com\/#organization","name":"Tiketi.com","alternateName":"Tiketi","url":"https:\/\/tiketi.com\/","logo":{"@type":"ImageObject","inLanguage":"fr-FR","@id":"https:\/\/tiketi.com\/#\/schema\/logo\/image\/","url":"https:\/\/tiketi.com\/wp-content\/uploads\/2019\/05\/tiketi-logo-696.png","contentUrl":"https:\/\/tiketi.com\/wp-content\/uploads\/2019\/05\/tiketi-logo-696.png","width":696,"height":696,"caption":"Tiketi.com"},"image":{"@id":"https:\/\/tiketi.com\/#\/schema\/logo\/image\/"},"sameAs":["https:\/\/www.facebook.com\/TiketiCom\/"]}]}},"_links":{"self":[{"href":"https:\/\/tiketi.com\/fr-fr\/wp-json\/wp\/v2\/pages\/11102","targetHints":{"allow":["GET"]}}],"collection":[{"href":"https:\/\/tiketi.com\/fr-fr\/wp-json\/wp\/v2\/pages"}],"about":[{"href":"https:\/\/tiketi.com\/fr-fr\/wp-json\/wp\/v2\/types\/page"}],"author":[{"embeddable":true,"href":"https:\/\/tiketi.com\/fr-fr\/wp-json\/wp\/v2\/users\/1"}],"replies":[{"embeddable":true,"href":"https:\/\/tiketi.com\/fr-fr\/wp-json\/wp\/v2\/comments?post=11102"}],"version-history":[{"count":0,"href":"https:\/\/tiketi.com\/fr-fr\/wp-json\/wp\/v2\/pages\/11102\/revisions"}],"wp:featuredmedia":[{"embeddable":true,"href":"https:\/\/tiketi.com\/fr-fr\/wp-json\/wp\/v2\/media\/14041"}],"wp:attachment":[{"href":"https:\/\/tiketi.com\/fr-fr\/wp-json\/wp\/v2\/media?parent=11102"}],"curies":[{"name":"wp","href":"https:\/\/api.w.org\/{rel}","templated":true}]}}