{"id":11104,"date":"2022-01-19T12:54:13","date_gmt":"2022-01-19T11:54:13","guid":{"rendered":"https:\/\/new.tiketi.com\/regional-air-online-booking-tanzania-cheap-flights\/"},"modified":"2022-10-17T17:44:28","modified_gmt":"2022-10-17T16:44:28","slug":"regional-air","status":"publish","type":"page","link":"https:\/\/tiketi.com\/fr-fr\/cheap-flights\/airline\/regional-air\/","title":{"rendered":"R\u00e9servation en ligne de Regional Air Tanzanie \u2013 Vols pas chers"},"content":{"rendered":"<h2>R\u00e9servation de vols r\u00e9gionaux en ligne en Tanzanie<\/h2>\n<h3>Comparez et r\u00e9servez en ligne d\u00e8s maintenant vos billets Regional Air pas chers en Tanzanie.<\/h3>\n<p>Recherchez, comparez et effectuez des r\u00e9servations en ligne Regional Air \u00e0 bas prix. Regional Air Services est une compagnie a\u00e9rienne tanzanienne bas\u00e9e \u00e0 Arusha, en Tanzanie. R\u00e9servez d\u00e8s maintenant des vols Regional Air en ligne \u00e0 bas prix et \u00e9conomisez du temps et de l&#039;argent.<\/p>\n<h2>FAQ sur la r\u00e9servation en ligne de Regional Air en Tanzanie<\/h2>\n<h3>Vol Regional Air r\u00e9servant des itin\u00e9raires c\u00e9l\u00e8bres<\/h3>\n<p>Des services r\u00e9guliers sont assur\u00e9s vers le Kilimandjaro, Arusha, Manyara, Zanzibar, Grumeti, Seronera, Tarime et Fort Ikoma. Des vols charters sont \u00e9galement assur\u00e9s dans tout le pays. Elle exploite des vols vers un certain nombre de destinations populaires pour les safaris.<\/p>\n<h3>Informations importantes pour les passagers<\/h3>\n<p>Ceux qui ont achet\u00e9 des billets avec une carte de cr\u00e9dit doivent avoir sur eux la v\u00e9ritable carte de cr\u00e9dit ou une copie du recto de la carte, car celle-ci peut \u00eatre demand\u00e9e car le personnel peut la demander pour v\u00e9rifier le paiement.<\/p>\n<h3>R\u00e9servations de groupe<\/h3>\n<p>Dans le cas de r\u00e9servations de groupe (9-12 personnes), une reconfirmation de la r\u00e9servation est requise quatorze jours avant l&#039;heure de d\u00e9part pr\u00e9vue. Si cette reconfirmation n&#039;est pas effectu\u00e9e, les r\u00e9servations Regional Air seront automatiquement annul\u00e9es.<\/p>\n<h3>Franchise de bagages<\/h3>\n<p>\u2022 Le poids des bagages est limit\u00e9 \u00e0 un sac souple pesant jusqu&#039;\u00e0 quinze kg contenant un bagage \u00e0 main et des appareils photo.<br \/>\n\u2022 S&#039;il y a un exc\u00e9dent de bagages, ce sera au capitaine de pr\u00e9voir ce qui est acceptable. Cela d\u00e9pend enti\u00e8rement du poids du vol et des param\u00e8tres relatifs de surface et de poids d\u00e9finis sur l&#039;avion.<\/p>\n<h3>Enregistrement<\/h3>\n<p>\u2022 Au d\u00e9part d&#039;Arusha, Zanzibar et Kilimandjaro : les passagers doivent \u00eatre enregistr\u00e9s au plus tard une heure avant l&#039;heure de d\u00e9part pr\u00e9vue. Nous vous sugg\u00e9rons d&#039;arriver deux heures avant l&#039;heure de d\u00e9part pr\u00e9vue.<br \/>\n\u2022 Au d\u00e9part de toute autre piste d&#039;atterrissage : Les passagers doivent \u00eatre enregistr\u00e9s au moins trente minutes avant l&#039;heure de d\u00e9part pr\u00e9vue.<\/p>\n<h3>Informations sur la flotte a\u00e9rienne r\u00e9gionale<\/h3>\n<p>Avec son effectif de dix pilotes, Regional Air compte au total six usines dans sa flotte.<\/p>\n<h2>R\u00e9servation de vols r\u00e9gionaux en ligne en Tanzanie<strong>&nbsp;<\/strong>Conseils<\/h2>\n<p>La compagnie a\u00e9rienne fait partie d&#039;AirKenya en Tanzanie et est enti\u00e8rement d\u00e9tenue par AirKenya Aviation. La compagnie a\u00e9rienne a \u00e9t\u00e9 fond\u00e9e en 1997 et a d\u00e9marr\u00e9 ses activit\u00e9s plus tard cette ann\u00e9e-l\u00e0 avec des services locaux et des vols charters en Afrique australe et orientale.<\/p>","protected":false},"excerpt":{"rendered":"<p>Regional Air&nbsp;Flight Booking Online Tanzania Compare and bok your cheap Regional Air tickets in Tanzania online now. Search, compare and do cheap Regional Air online booking.&nbsp;Regional Air services is a Tanzania airline based in Arusha, Tanzania. Do&nbsp;cheap Regional Air flight booking online now&nbsp;and save time and money. Regional Air&nbsp;Online Booking Tanzania FAQs Regional Air flight [&hellip;]<\/p>\n","protected":false},"author":1,"featured_media":14041,"parent":25754,"menu_order":0,"comment_status":"open","ping_status":"closed","template":"template-home-modern.php","meta":{"footnotes":""},"class_list":["post-11104","page","type-page","status-publish","has-post-thumbnail","hentry"],"yoast_head":"<!-- This site is optimized with the Yoast SEO plugin v27.2 - https:\/\/yoast.com\/product\/yoast-seo-wordpress\/ -->\n<title>Regional Air Online Booking Tanzania - Cheap Flights<\/title>\n<meta name=\"description\" content=\"Looking for Regional Air online booking in Tanzania? Do cheap Regional air flight booking online Tanzania now and save time and money\" \/>\n<meta name=\"robots\" content=\"index, follow, max-snippet:-1, max-image-preview:large, max-video-preview:-1\" \/>\n<link rel=\"canonical\" href=\"https:\/\/tiketi.com\/fr-fr\/cheap-flights\/airline\/regional-air\/\" \/>\n<meta property=\"og:locale\" content=\"fr_FR\" \/>\n<meta property=\"og:type\" content=\"article\" \/>\n<meta property=\"og:title\" content=\"Regional Air Online Booking Tanzania - Cheap Flights\" \/>\n<meta property=\"og:description\" content=\"Looking for Regional Air online booking in Tanzania? Do cheap Regional air flight booking online Tanzania now and save time and money\" \/>\n<meta property=\"og:url\" content=\"https:\/\/tiketi.com\/fr-fr\/cheap-flights\/airline\/regional-air\/\" \/>\n<meta property=\"og:site_name\" content=\"Tiketi.com\" \/>\n<meta property=\"article:publisher\" content=\"https:\/\/www.facebook.com\/TiketiCom\/\" \/>\n<meta property=\"article:modified_time\" content=\"2022-10-17T16:44:28+00:00\" \/>\n<meta property=\"og:image\" content=\"https:\/\/tiketi.com\/wp-content\/uploads\/2022\/01\/flight-ticket-booking-sorasak-KxCJXXGsv9I-unsplas.jpg\" \/>\n\t<meta property=\"og:image:width\" content=\"1200\" \/>\n\t<meta property=\"og:image:height\" content=\"240\" \/>\n\t<meta property=\"og:image:type\" content=\"image\/jpeg\" \/>\n<meta name=\"twitter:card\" content=\"summary_large_image\" \/>\n<meta name=\"twitter:label1\" content=\"Dur\u00e9e de lecture estim\u00e9e\" \/>\n\t<meta name=\"twitter:data1\" content=\"2 minutes\" \/>\n<script type=\"application\/ld+json\" class=\"yoast-schema-graph\">{\"@context\":\"https:\/\/schema.org\",\"@graph\":[{\"@type\":\"WebPage\",\"@id\":\"https:\/\/tiketi.com\/cheap-flights\/airline\/regional-air\/\",\"url\":\"https:\/\/tiketi.com\/cheap-flights\/airline\/regional-air\/\",\"name\":\"Regional Air Online Booking Tanzania - Cheap Flights\",\"isPartOf\":{\"@id\":\"https:\/\/tiketi.com\/#website\"},\"primaryImageOfPage\":{\"@id\":\"https:\/\/tiketi.com\/cheap-flights\/airline\/regional-air\/#primaryimage\"},\"image\":{\"@id\":\"https:\/\/tiketi.com\/cheap-flights\/airline\/regional-air\/#primaryimage\"},\"thumbnailUrl\":\"https:\/\/tiketi.com\/wp-content\/uploads\/2022\/01\/flight-ticket-booking-sorasak-KxCJXXGsv9I-unsplas.jpg\",\"datePublished\":\"2022-01-19T11:54:13+00:00\",\"dateModified\":\"2022-10-17T16:44:28+00:00\",\"description\":\"Looking for Regional Air online booking in Tanzania? Do cheap Regional air flight booking online Tanzania now and save time and money\",\"breadcrumb\":{\"@id\":\"https:\/\/tiketi.com\/cheap-flights\/airline\/regional-air\/#breadcrumb\"},\"inLanguage\":\"fr-FR\",\"potentialAction\":[{\"@type\":\"ReadAction\",\"target\":[\"https:\/\/tiketi.com\/cheap-flights\/airline\/regional-air\/\"]}]},{\"@type\":\"ImageObject\",\"inLanguage\":\"fr-FR\",\"@id\":\"https:\/\/tiketi.com\/cheap-flights\/airline\/regional-air\/#primaryimage\",\"url\":\"https:\/\/tiketi.com\/wp-content\/uploads\/2022\/01\/flight-ticket-booking-sorasak-KxCJXXGsv9I-unsplas.jpg\",\"contentUrl\":\"https:\/\/tiketi.com\/wp-content\/uploads\/2022\/01\/flight-ticket-booking-sorasak-KxCJXXGsv9I-unsplas.jpg\",\"width\":1200,\"height\":240,\"caption\":\"Online flight ticket booking\"},{\"@type\":\"BreadcrumbList\",\"@id\":\"https:\/\/tiketi.com\/cheap-flights\/airline\/regional-air\/#breadcrumb\",\"itemListElement\":[{\"@type\":\"ListItem\",\"position\":1,\"name\":\"Home\",\"item\":\"https:\/\/tiketi.com\/\"},{\"@type\":\"ListItem\",\"position\":2,\"name\":\"Cheap Flights\",\"item\":\"https:\/\/tiketi.com\/cheap-flights\/\"},{\"@type\":\"ListItem\",\"position\":3,\"name\":\"Airlines\",\"item\":\"https:\/\/tiketi.com\/sw\/nauli-ndege\/airline\/\"},{\"@type\":\"ListItem\",\"position\":4,\"name\":\"Regional Air Online Booking Tanzania &#8211; Cheap Flights\"}]},{\"@type\":\"WebSite\",\"@id\":\"https:\/\/tiketi.com\/#website\",\"url\":\"https:\/\/tiketi.com\/\",\"name\":\"Flight & Bus Tickets, Tour Packages & Activitites - Tiketi.com\",\"description\":\"Flight &amp; Bus Tickets, Tours, Activitites\",\"publisher\":{\"@id\":\"https:\/\/tiketi.com\/#organization\"},\"potentialAction\":[{\"@type\":\"SearchAction\",\"target\":{\"@type\":\"EntryPoint\",\"urlTemplate\":\"https:\/\/tiketi.com\/?s={search_term_string}\"},\"query-input\":{\"@type\":\"PropertyValueSpecification\",\"valueRequired\":true,\"valueName\":\"search_term_string\"}}],\"inLanguage\":\"fr-FR\"},{\"@type\":\"Organization\",\"@id\":\"https:\/\/tiketi.com\/#organization\",\"name\":\"Tiketi.com\",\"alternateName\":\"Tiketi\",\"url\":\"https:\/\/tiketi.com\/\",\"logo\":{\"@type\":\"ImageObject\",\"inLanguage\":\"fr-FR\",\"@id\":\"https:\/\/tiketi.com\/#\/schema\/logo\/image\/\",\"url\":\"https:\/\/tiketi.com\/wp-content\/uploads\/2019\/05\/tiketi-logo-696.png\",\"contentUrl\":\"https:\/\/tiketi.com\/wp-content\/uploads\/2019\/05\/tiketi-logo-696.png\",\"width\":696,\"height\":696,\"caption\":\"Tiketi.com\"},\"image\":{\"@id\":\"https:\/\/tiketi.com\/#\/schema\/logo\/image\/\"},\"sameAs\":[\"https:\/\/www.facebook.com\/TiketiCom\/\"]}]}<\/script>\n<!-- \/ Yoast SEO plugin. -->","yoast_head_json":{"title":"R\u00e9servation en ligne de Regional Air Tanzanie - Vols pas chers","description":"Vous recherchez une r\u00e9servation en ligne de Regional Air en Tanzanie ? R\u00e9servez d\u00e8s maintenant des vols r\u00e9gionaux pas chers en ligne pour la Tanzanie et \u00e9conomisez du temps et de l&#039;argent.","robots":{"index":"index","follow":"follow","max-snippet":"max-snippet:-1","max-image-preview":"max-image-preview:large","max-video-preview":"max-video-preview:-1"},"canonical":"https:\/\/tiketi.com\/fr-fr\/cheap-flights\/airline\/regional-air\/","og_locale":"fr_FR","og_type":"article","og_title":"Regional Air Online Booking Tanzania - Cheap Flights","og_description":"Looking for Regional Air online booking in Tanzania? Do cheap Regional air flight booking online Tanzania now and save time and money","og_url":"https:\/\/tiketi.com\/fr-fr\/cheap-flights\/airline\/regional-air\/","og_site_name":"Tiketi.com","article_publisher":"https:\/\/www.facebook.com\/TiketiCom\/","article_modified_time":"2022-10-17T16:44:28+00:00","og_image":[{"width":1200,"height":240,"url":"https:\/\/tiketi.com\/wp-content\/uploads\/2022\/01\/flight-ticket-booking-sorasak-KxCJXXGsv9I-unsplas.jpg","type":"image\/jpeg"}],"twitter_card":"summary_large_image","twitter_misc":{"Dur\u00e9e de lecture estim\u00e9e":"2 minutes"},"schema":{"@context":"https:\/\/schema.org","@graph":[{"@type":"WebPage","@id":"https:\/\/tiketi.com\/cheap-flights\/airline\/regional-air\/","url":"https:\/\/tiketi.com\/cheap-flights\/airline\/regional-air\/","name":"R\u00e9servation en ligne de Regional Air Tanzanie - Vols pas chers","isPartOf":{"@id":"https:\/\/tiketi.com\/#website"},"primaryImageOfPage":{"@id":"https:\/\/tiketi.com\/cheap-flights\/airline\/regional-air\/#primaryimage"},"image":{"@id":"https:\/\/tiketi.com\/cheap-flights\/airline\/regional-air\/#primaryimage"},"thumbnailUrl":"https:\/\/tiketi.com\/wp-content\/uploads\/2022\/01\/flight-ticket-booking-sorasak-KxCJXXGsv9I-unsplas.jpg","datePublished":"2022-01-19T11:54:13+00:00","dateModified":"2022-10-17T16:44:28+00:00","description":"Vous recherchez une r\u00e9servation en ligne de Regional Air en Tanzanie ? R\u00e9servez d\u00e8s maintenant des vols r\u00e9gionaux pas chers en ligne pour la Tanzanie et \u00e9conomisez du temps et de l&#039;argent.","breadcrumb":{"@id":"https:\/\/tiketi.com\/cheap-flights\/airline\/regional-air\/#breadcrumb"},"inLanguage":"fr-FR","potentialAction":[{"@type":"ReadAction","target":["https:\/\/tiketi.com\/cheap-flights\/airline\/regional-air\/"]}]},{"@type":"ImageObject","inLanguage":"fr-FR","@id":"https:\/\/tiketi.com\/cheap-flights\/airline\/regional-air\/#primaryimage","url":"https:\/\/tiketi.com\/wp-content\/uploads\/2022\/01\/flight-ticket-booking-sorasak-KxCJXXGsv9I-unsplas.jpg","contentUrl":"https:\/\/tiketi.com\/wp-content\/uploads\/2022\/01\/flight-ticket-booking-sorasak-KxCJXXGsv9I-unsplas.jpg","width":1200,"height":240,"caption":"Online flight ticket booking"},{"@type":"BreadcrumbList","@id":"https:\/\/tiketi.com\/cheap-flights\/airline\/regional-air\/#breadcrumb","itemListElement":[{"@type":"ListItem","position":1,"name":"Home","item":"https:\/\/tiketi.com\/"},{"@type":"ListItem","position":2,"name":"Cheap Flights","item":"https:\/\/tiketi.com\/cheap-flights\/"},{"@type":"ListItem","position":3,"name":"Airlines","item":"https:\/\/tiketi.com\/sw\/nauli-ndege\/airline\/"},{"@type":"ListItem","position":4,"name":"Regional Air Online Booking Tanzania &#8211; Cheap Flights"}]},{"@type":"WebSite","@id":"https:\/\/tiketi.com\/#website","url":"https:\/\/tiketi.com\/","name":"Billets d&#039;avion et de bus, forfaits touristiques et activit\u00e9s - Tiketi.com","description":"Billets d&#039;avion et de bus, Tours, Activit\u00e9s","publisher":{"@id":"https:\/\/tiketi.com\/#organization"},"potentialAction":[{"@type":"SearchAction","target":{"@type":"EntryPoint","urlTemplate":"https:\/\/tiketi.com\/?s={search_term_string}"},"query-input":{"@type":"PropertyValueSpecification","valueRequired":true,"valueName":"search_term_string"}}],"inLanguage":"fr-FR"},{"@type":"Organization","@id":"https:\/\/tiketi.com\/#organization","name":"Tiketi.com","alternateName":"Tiketi","url":"https:\/\/tiketi.com\/","logo":{"@type":"ImageObject","inLanguage":"fr-FR","@id":"https:\/\/tiketi.com\/#\/schema\/logo\/image\/","url":"https:\/\/tiketi.com\/wp-content\/uploads\/2019\/05\/tiketi-logo-696.png","contentUrl":"https:\/\/tiketi.com\/wp-content\/uploads\/2019\/05\/tiketi-logo-696.png","width":696,"height":696,"caption":"Tiketi.com"},"image":{"@id":"https:\/\/tiketi.com\/#\/schema\/logo\/image\/"},"sameAs":["https:\/\/www.facebook.com\/TiketiCom\/"]}]}},"_links":{"self":[{"href":"https:\/\/tiketi.com\/fr-fr\/wp-json\/wp\/v2\/pages\/11104","targetHints":{"allow":["GET"]}}],"collection":[{"href":"https:\/\/tiketi.com\/fr-fr\/wp-json\/wp\/v2\/pages"}],"about":[{"href":"https:\/\/tiketi.com\/fr-fr\/wp-json\/wp\/v2\/types\/page"}],"author":[{"embeddable":true,"href":"https:\/\/tiketi.com\/fr-fr\/wp-json\/wp\/v2\/users\/1"}],"replies":[{"embeddable":true,"href":"https:\/\/tiketi.com\/fr-fr\/wp-json\/wp\/v2\/comments?post=11104"}],"version-history":[{"count":0,"href":"https:\/\/tiketi.com\/fr-fr\/wp-json\/wp\/v2\/pages\/11104\/revisions"}],"up":[{"embeddable":true,"href":"https:\/\/tiketi.com\/fr-fr\/wp-json\/wp\/v2\/pages\/25754"}],"wp:featuredmedia":[{"embeddable":true,"href":"https:\/\/tiketi.com\/fr-fr\/wp-json\/wp\/v2\/media\/14041"}],"wp:attachment":[{"href":"https:\/\/tiketi.com\/fr-fr\/wp-json\/wp\/v2\/media?parent=11104"}],"curies":[{"name":"wp","href":"https:\/\/api.w.org\/{rel}","templated":true}]}}