{"id":11106,"date":"2022-01-19T12:54:13","date_gmt":"2022-01-19T11:54:13","guid":{"rendered":"https:\/\/new.tiketi.com\/train-from-dar-es-salaam-to-kapiri-mposhi-train-tickets-booking\/"},"modified":"2022-11-12T19:05:59","modified_gmt":"2022-11-12T18:05:59","slug":"train-dar-es-salaam-kapiri-mposhi","status":"publish","type":"page","link":"https:\/\/tiketi.com\/fr-fr\/train\/routes\/train-dar-es-salaam-kapiri-mposhi\/","title":{"rendered":"Train de Dar es Salaam \u00e0 Kapiri Mposhi Billets et tarifs de train"},"content":{"rendered":"<h2>Train pas cher de Kapiri Mposhi \u00e0 Dar es Salaam R\u00e9servation de billets en ligne<\/h2>\n<h3>R\u00e9servez votre billet de train Dar es Salaam \u00e0 Kapiri Mposhi pas cher en ligne maintenant <a href=\"https:\/\/booking.trc.co.tz\/\" target=\"_blank\" rel=\"noopener\">&gt;&gt;<\/a><\/h3>\n<p>R\u00e9servez des billets de train pas chers en ligne de Train de Dar es Salaam \u00e0 Kapiri Mposhi et voyagez de Dar es Salaam \u00e0 Kapiri Mposhi en train. Kapiri Mposhi est une petite ville situ\u00e9e dans la province centrale de la Zambie. Il est plac\u00e9 dans les parties centrales du pays et sur la Great North Road. La ville de Kapiri Mposhi poss\u00e8de 2 gares ferroviaires qui jouent un r\u00f4le important dans les liaisons avec la Zambie et la Tanzanie. Ces gares sont connues sous le nom de chemin de fer TAZARA et Zambie. Alors r\u00e9servez votre train Train Kapiri Mposhi \u00e0 Dar es Salaam en ligne d\u00e8s maintenant. La rue cl\u00e9 de cette ville est bord\u00e9e d&#039;entreprises qui r\u00e9pondront aux besoins de tous les visiteurs.<\/p>\n<h2>Train de Dar es Salaam \u00e0 Kapiri Mposhi R\u00e9servation de billets de train, itin\u00e9raires, horaires et tarifs FAQs<\/h2>\n<h3>Voici l&#039;id\u00e9e comment vous pouvez r\u00e9server le train Kapiri Mposhi \u00e0 Dar es Salaam<\/h3>\n<h3>Le train de Dar es Salaam \u00e0 Kapiri Mposhi est-il un bon moyen de transport abordable pour aller de Dar es Salaam \u00e0 Kapiri Mposhi en train ?<\/h3>\n<p>Le moyen abordable de se rendre de Dar es Salaam \u00e0 Kapiri Mposhi en train. Trains de Dar es Salaam \u00e0 Kapiri Mposhi $65 \u2013 $120 et dure 2 jours 8h.<\/p>\n<h3>Est-ce que le SGR Dar es Salaam \u00e0 Kapiri Mposhi est le moyen le plus rapide pour se rendre \u00e0 Kapiri Mposhi ?<\/h3>\n<p>Le moyen le plus rapide pour se rendre de Dar es Salam \u00e0 Kapiri Mposhi est de prendre un voiture ce qui co\u00fbte $200 \u2013 $300 et prend 25h 60m.<\/p>\n<h3>Quelle est la distance de voyage de Dar es Salam \u00e0 Kapiri Mposhi train?<\/h3>\n<p>La distance entre Dar es Salam et Kapiri Mposhi train est de 1405 km.<\/p>\n<h3>Comment voyager de Dar es Salam \u00e0 Kapiri Mposhi sans v\u00e9hicule personnel ?<\/h3>\n<p>Le meilleur moyen pour se rendre de Dar es Salaam \u00e0 Kapiri Mposhi sans v\u00e9hicule personnel est de s&#039;entra\u00eener. Le trajet en train de Dar es Salaam \u00e0 Kapiri Mposhi co\u00fbte $65 \u2013 $120 et dure 2 jours 8h.<\/p>\n<h3>Puis-je conduire de Dar es Salam \u00e0 Kapiri Mposhi ?<\/h3>\n<p>Oui, la distance entre Kapiri Mposhi et Dar es Salam est de 1746 km. Il faut environ 25h 55m pour conduire de Dar es Salam \u00e0 Kapiri Mposhi.<\/p>\n<h2>Train Kapiri Mposhi \u00e0 Dar es Salam Conseils<\/h2>\n<h2>Activit\u00e9s \u00e0 Kapiri Mposhi<\/h2>\n<p>La ville de Kapiri Mposhi a un nombre restreint d&#039;activit\u00e9s et d&#039;attractions accessibles aux visiteurs. Il y a certaines choses \u00e0 faire pour occuper toute la famille pendant leur s\u00e9jour.<\/p>\n<h3>Les choses \u00e0 faire \u00e0 Kapiri Mposhi contiennent les \u00e9l\u00e9ments suivants :<\/h3>\n<p>\u2022 Mus\u00e9e Kapiri Mopshi<br \/>\n\u2022 Sentiers de randonn\u00e9e et pistes cyclables<br \/>\n\u2022   Achats<br \/>\n\u2022 Train ferroviaire de Tazara<\/p>\n<h3>Entreprises<\/h3>\n<p>La communaut\u00e9 d&#039;affaires de Kapiri Mposhi est relativement petite, mais fournit tout de m\u00eame l&#039;essentiel. Il y a des produits locaux, des magasins, des \u00e9tals, de grands souvenirs et d&#039;excellents restaurants dans la r\u00e9gion.<\/p>","protected":false},"excerpt":{"rendered":"<p>Cheap Train Kapiri Mposhi to Dar es Salaam Online Ticket Booking Reserve your cheap train Dar es Salaam to Kapiri Mposhi ticket online now &gt;&gt; Book cheap Train from Dar es Salaam to Kapiri Mposhi train tickets online and travel Dar es Salaam to Kapiri Mposhi by rail. Kapiri Mposhi is a little town placed [&hellip;]<\/p>\n","protected":false},"author":1,"featured_media":20644,"parent":25256,"menu_order":0,"comment_status":"open","ping_status":"closed","template":"template-home-modern.php","meta":{"footnotes":""},"class_list":["post-11106","page","type-page","status-publish","has-post-thumbnail","hentry"],"yoast_head":"<!-- This site is optimized with the Yoast SEO plugin v27.3 - https:\/\/yoast.com\/product\/yoast-seo-wordpress\/ -->\n<title>Train from Dar es Salaam to Kapiri Mposhi Train Tickets Booking<\/title>\n<meta name=\"description\" content=\"Looking for cheap train from Dar es Salaam to Kapiri Mposhi train tickets booking, schedule &amp; fare? Book cheap train Kapiri Mposhi to Dar es Salaam tickets online\" \/>\n<meta name=\"robots\" content=\"index, follow, max-snippet:-1, max-image-preview:large, max-video-preview:-1\" \/>\n<link rel=\"canonical\" href=\"https:\/\/tiketi.com\/fr-fr\/train\/routes\/train-dar-es-salaam-kapiri-mposhi\/\" \/>\n<meta property=\"og:locale\" content=\"fr_FR\" \/>\n<meta property=\"og:type\" content=\"article\" \/>\n<meta property=\"og:title\" content=\"Train from Dar es Salaam to Kapiri Mposhi Train Tickets Booking\" \/>\n<meta property=\"og:description\" content=\"Looking for cheap train from Dar es Salaam to Kapiri Mposhi train tickets booking, schedule &amp; fare? Book cheap train Kapiri Mposhi to Dar es Salaam tickets online\" \/>\n<meta property=\"og:url\" content=\"https:\/\/tiketi.com\/fr-fr\/train\/routes\/train-dar-es-salaam-kapiri-mposhi\/\" \/>\n<meta property=\"og:site_name\" content=\"Tiketi.com\" \/>\n<meta property=\"article:publisher\" content=\"https:\/\/www.facebook.com\/TiketiCom\/\" \/>\n<meta property=\"article:modified_time\" content=\"2022-11-12T18:05:59+00:00\" \/>\n<meta property=\"og:image\" content=\"https:\/\/tiketi.com\/wp-content\/uploads\/2022\/02\/train-booking-ice-g5b642a238_1280.jpg\" \/>\n\t<meta property=\"og:image:width\" content=\"1200\" \/>\n\t<meta property=\"og:image:height\" content=\"200\" \/>\n\t<meta property=\"og:image:type\" content=\"image\/jpeg\" \/>\n<meta name=\"twitter:card\" content=\"summary_large_image\" \/>\n<meta name=\"twitter:label1\" content=\"Dur\u00e9e de lecture estim\u00e9e\" \/>\n\t<meta name=\"twitter:data1\" content=\"3 minutes\" \/>\n<script type=\"application\/ld+json\" class=\"yoast-schema-graph\">{\"@context\":\"https:\\\/\\\/schema.org\",\"@graph\":[{\"@type\":\"WebPage\",\"@id\":\"https:\\\/\\\/tiketi.com\\\/fr-fr\\\/train\\\/routes\\\/train-dar-es-salaam-kapiri-mposhi\\\/\",\"url\":\"https:\\\/\\\/tiketi.com\\\/fr-fr\\\/train\\\/routes\\\/train-dar-es-salaam-kapiri-mposhi\\\/\",\"name\":\"Train from Dar es Salaam to Kapiri Mposhi Train Tickets Booking\",\"isPartOf\":{\"@id\":\"https:\\\/\\\/tiketi.com\\\/#website\"},\"primaryImageOfPage\":{\"@id\":\"https:\\\/\\\/tiketi.com\\\/fr-fr\\\/train\\\/routes\\\/train-dar-es-salaam-kapiri-mposhi\\\/#primaryimage\"},\"image\":{\"@id\":\"https:\\\/\\\/tiketi.com\\\/fr-fr\\\/train\\\/routes\\\/train-dar-es-salaam-kapiri-mposhi\\\/#primaryimage\"},\"thumbnailUrl\":\"https:\\\/\\\/tiketi.com\\\/wp-content\\\/uploads\\\/2022\\\/02\\\/train-booking-ice-g5b642a238_1280.jpg\",\"datePublished\":\"2022-01-19T11:54:13+00:00\",\"dateModified\":\"2022-11-12T18:05:59+00:00\",\"description\":\"Looking for cheap train from Dar es Salaam to Kapiri Mposhi train tickets booking, schedule & fare? Book cheap train Kapiri Mposhi to Dar es Salaam tickets online\",\"breadcrumb\":{\"@id\":\"https:\\\/\\\/tiketi.com\\\/fr-fr\\\/train\\\/routes\\\/train-dar-es-salaam-kapiri-mposhi\\\/#breadcrumb\"},\"inLanguage\":\"fr-FR\",\"potentialAction\":[{\"@type\":\"ReadAction\",\"target\":[\"https:\\\/\\\/tiketi.com\\\/fr-fr\\\/train\\\/routes\\\/train-dar-es-salaam-kapiri-mposhi\\\/\"]}]},{\"@type\":\"ImageObject\",\"inLanguage\":\"fr-FR\",\"@id\":\"https:\\\/\\\/tiketi.com\\\/fr-fr\\\/train\\\/routes\\\/train-dar-es-salaam-kapiri-mposhi\\\/#primaryimage\",\"url\":\"https:\\\/\\\/tiketi.com\\\/wp-content\\\/uploads\\\/2022\\\/02\\\/train-booking-ice-g5b642a238_1280.jpg\",\"contentUrl\":\"https:\\\/\\\/tiketi.com\\\/wp-content\\\/uploads\\\/2022\\\/02\\\/train-booking-ice-g5b642a238_1280.jpg\",\"width\":1200,\"height\":200,\"caption\":\"Train Ticket Booking\"},{\"@type\":\"BreadcrumbList\",\"@id\":\"https:\\\/\\\/tiketi.com\\\/fr-fr\\\/train\\\/routes\\\/train-dar-es-salaam-kapiri-mposhi\\\/#breadcrumb\",\"itemListElement\":[{\"@type\":\"ListItem\",\"position\":1,\"name\":\"Home\",\"item\":\"https:\\\/\\\/tiketi.com\\\/\"},{\"@type\":\"ListItem\",\"position\":2,\"name\":\"Train\",\"item\":\"https:\\\/\\\/tiketi.com\\\/train\\\/\"},{\"@type\":\"ListItem\",\"position\":3,\"name\":\"Routes\",\"item\":\"https:\\\/\\\/tiketi.com\\\/train\\\/routes\\\/\"},{\"@type\":\"ListItem\",\"position\":4,\"name\":\"Train from Dar es Salaam to Kapiri Mposhi Train Tickets &#038; Fares\"}]},{\"@type\":\"WebSite\",\"@id\":\"https:\\\/\\\/tiketi.com\\\/#website\",\"url\":\"https:\\\/\\\/tiketi.com\\\/\",\"name\":\"Flight & Bus Tickets, Tour Packages & Activitites - Tiketi.com\",\"description\":\"Flight &amp; Bus Tickets, Tours, Activitites\",\"publisher\":{\"@id\":\"https:\\\/\\\/tiketi.com\\\/#organization\"},\"potentialAction\":[{\"@type\":\"SearchAction\",\"target\":{\"@type\":\"EntryPoint\",\"urlTemplate\":\"https:\\\/\\\/tiketi.com\\\/?s={search_term_string}\"},\"query-input\":{\"@type\":\"PropertyValueSpecification\",\"valueRequired\":true,\"valueName\":\"search_term_string\"}}],\"inLanguage\":\"fr-FR\"},{\"@type\":\"Organization\",\"@id\":\"https:\\\/\\\/tiketi.com\\\/#organization\",\"name\":\"Tiketi.com\",\"alternateName\":\"Tiketi\",\"url\":\"https:\\\/\\\/tiketi.com\\\/\",\"logo\":{\"@type\":\"ImageObject\",\"inLanguage\":\"fr-FR\",\"@id\":\"https:\\\/\\\/tiketi.com\\\/#\\\/schema\\\/logo\\\/image\\\/\",\"url\":\"https:\\\/\\\/tiketi.com\\\/wp-content\\\/uploads\\\/2019\\\/05\\\/tiketi-logo-696.png\",\"contentUrl\":\"https:\\\/\\\/tiketi.com\\\/wp-content\\\/uploads\\\/2019\\\/05\\\/tiketi-logo-696.png\",\"width\":696,\"height\":696,\"caption\":\"Tiketi.com\"},\"image\":{\"@id\":\"https:\\\/\\\/tiketi.com\\\/#\\\/schema\\\/logo\\\/image\\\/\"},\"sameAs\":[\"https:\\\/\\\/www.facebook.com\\\/TiketiCom\\\/\"]}]}<\/script>\n<!-- \/ Yoast SEO plugin. -->","yoast_head_json":{"title":"Train de Dar es Salaam \u00e0 Kapiri Mposhi Billets de train R\u00e9servation","description":"Vous recherchez des billets de train pas chers de Dar es Salaam \u00e0 Kapiri Mposhi, les horaires et les tarifs? R\u00e9servez vos billets de train de Kapiri Mposhi \u00e0 Dar es Salam en ligne","robots":{"index":"index","follow":"follow","max-snippet":"max-snippet:-1","max-image-preview":"max-image-preview:large","max-video-preview":"max-video-preview:-1"},"canonical":"https:\/\/tiketi.com\/fr-fr\/train\/routes\/train-dar-es-salaam-kapiri-mposhi\/","og_locale":"fr_FR","og_type":"article","og_title":"Train from Dar es Salaam to Kapiri Mposhi Train Tickets Booking","og_description":"Looking for cheap train from Dar es Salaam to Kapiri Mposhi train tickets booking, schedule & fare? Book cheap train Kapiri Mposhi to Dar es Salaam tickets online","og_url":"https:\/\/tiketi.com\/fr-fr\/train\/routes\/train-dar-es-salaam-kapiri-mposhi\/","og_site_name":"Tiketi.com","article_publisher":"https:\/\/www.facebook.com\/TiketiCom\/","article_modified_time":"2022-11-12T18:05:59+00:00","og_image":[{"width":1200,"height":200,"url":"https:\/\/tiketi.com\/wp-content\/uploads\/2022\/02\/train-booking-ice-g5b642a238_1280.jpg","type":"image\/jpeg"}],"twitter_card":"summary_large_image","twitter_misc":{"Dur\u00e9e de lecture estim\u00e9e":"3 minutes"},"schema":{"@context":"https:\/\/schema.org","@graph":[{"@type":"WebPage","@id":"https:\/\/tiketi.com\/fr-fr\/train\/routes\/train-dar-es-salaam-kapiri-mposhi\/","url":"https:\/\/tiketi.com\/fr-fr\/train\/routes\/train-dar-es-salaam-kapiri-mposhi\/","name":"Train de Dar es Salaam \u00e0 Kapiri Mposhi Billets de train R\u00e9servation","isPartOf":{"@id":"https:\/\/tiketi.com\/#website"},"primaryImageOfPage":{"@id":"https:\/\/tiketi.com\/fr-fr\/train\/routes\/train-dar-es-salaam-kapiri-mposhi\/#primaryimage"},"image":{"@id":"https:\/\/tiketi.com\/fr-fr\/train\/routes\/train-dar-es-salaam-kapiri-mposhi\/#primaryimage"},"thumbnailUrl":"https:\/\/tiketi.com\/wp-content\/uploads\/2022\/02\/train-booking-ice-g5b642a238_1280.jpg","datePublished":"2022-01-19T11:54:13+00:00","dateModified":"2022-11-12T18:05:59+00:00","description":"Vous recherchez des billets de train pas chers de Dar es Salaam \u00e0 Kapiri Mposhi, les horaires et les tarifs? R\u00e9servez vos billets de train de Kapiri Mposhi \u00e0 Dar es Salam en ligne","breadcrumb":{"@id":"https:\/\/tiketi.com\/fr-fr\/train\/routes\/train-dar-es-salaam-kapiri-mposhi\/#breadcrumb"},"inLanguage":"fr-FR","potentialAction":[{"@type":"ReadAction","target":["https:\/\/tiketi.com\/fr-fr\/train\/routes\/train-dar-es-salaam-kapiri-mposhi\/"]}]},{"@type":"ImageObject","inLanguage":"fr-FR","@id":"https:\/\/tiketi.com\/fr-fr\/train\/routes\/train-dar-es-salaam-kapiri-mposhi\/#primaryimage","url":"https:\/\/tiketi.com\/wp-content\/uploads\/2022\/02\/train-booking-ice-g5b642a238_1280.jpg","contentUrl":"https:\/\/tiketi.com\/wp-content\/uploads\/2022\/02\/train-booking-ice-g5b642a238_1280.jpg","width":1200,"height":200,"caption":"Train Ticket Booking"},{"@type":"BreadcrumbList","@id":"https:\/\/tiketi.com\/fr-fr\/train\/routes\/train-dar-es-salaam-kapiri-mposhi\/#breadcrumb","itemListElement":[{"@type":"ListItem","position":1,"name":"Home","item":"https:\/\/tiketi.com\/"},{"@type":"ListItem","position":2,"name":"Train","item":"https:\/\/tiketi.com\/train\/"},{"@type":"ListItem","position":3,"name":"Routes","item":"https:\/\/tiketi.com\/train\/routes\/"},{"@type":"ListItem","position":4,"name":"Train from Dar es Salaam to Kapiri Mposhi Train Tickets &#038; Fares"}]},{"@type":"WebSite","@id":"https:\/\/tiketi.com\/#website","url":"https:\/\/tiketi.com\/","name":"Billets d&#039;avion et de bus, forfaits touristiques et activit\u00e9s - Tiketi.com","description":"Billets d&#039;avion et de bus, Tours, Activit\u00e9s","publisher":{"@id":"https:\/\/tiketi.com\/#organization"},"potentialAction":[{"@type":"SearchAction","target":{"@type":"EntryPoint","urlTemplate":"https:\/\/tiketi.com\/?s={search_term_string}"},"query-input":{"@type":"PropertyValueSpecification","valueRequired":true,"valueName":"search_term_string"}}],"inLanguage":"fr-FR"},{"@type":"Organization","@id":"https:\/\/tiketi.com\/#organization","name":"Tiketi.com","alternateName":"Tiketi","url":"https:\/\/tiketi.com\/","logo":{"@type":"ImageObject","inLanguage":"fr-FR","@id":"https:\/\/tiketi.com\/#\/schema\/logo\/image\/","url":"https:\/\/tiketi.com\/wp-content\/uploads\/2019\/05\/tiketi-logo-696.png","contentUrl":"https:\/\/tiketi.com\/wp-content\/uploads\/2019\/05\/tiketi-logo-696.png","width":696,"height":696,"caption":"Tiketi.com"},"image":{"@id":"https:\/\/tiketi.com\/#\/schema\/logo\/image\/"},"sameAs":["https:\/\/www.facebook.com\/TiketiCom\/"]}]}},"_links":{"self":[{"href":"https:\/\/tiketi.com\/fr-fr\/wp-json\/wp\/v2\/pages\/11106","targetHints":{"allow":["GET"]}}],"collection":[{"href":"https:\/\/tiketi.com\/fr-fr\/wp-json\/wp\/v2\/pages"}],"about":[{"href":"https:\/\/tiketi.com\/fr-fr\/wp-json\/wp\/v2\/types\/page"}],"author":[{"embeddable":true,"href":"https:\/\/tiketi.com\/fr-fr\/wp-json\/wp\/v2\/users\/1"}],"replies":[{"embeddable":true,"href":"https:\/\/tiketi.com\/fr-fr\/wp-json\/wp\/v2\/comments?post=11106"}],"version-history":[{"count":0,"href":"https:\/\/tiketi.com\/fr-fr\/wp-json\/wp\/v2\/pages\/11106\/revisions"}],"up":[{"embeddable":true,"href":"https:\/\/tiketi.com\/fr-fr\/wp-json\/wp\/v2\/pages\/25256"}],"wp:featuredmedia":[{"embeddable":true,"href":"https:\/\/tiketi.com\/fr-fr\/wp-json\/wp\/v2\/media\/20644"}],"wp:attachment":[{"href":"https:\/\/tiketi.com\/fr-fr\/wp-json\/wp\/v2\/media?parent=11106"}],"curies":[{"name":"wp","href":"https:\/\/api.w.org\/{rel}","templated":true}]}}