{"id":11107,"date":"2022-01-19T12:54:13","date_gmt":"2022-01-19T11:54:13","guid":{"rendered":"https:\/\/new.tiketi.com\/train-from-kilimanjaro-to-dar-es-salaam-train-tickets-booking\/"},"modified":"2024-09-24T10:54:53","modified_gmt":"2024-09-24T09:54:53","slug":"train-dar-es-salaam-to-kilimanjaro","status":"publish","type":"page","link":"https:\/\/tiketi.com\/fr-fr\/train\/routes\/train-dar-es-salaam-to-kilimanjaro\/","title":{"rendered":"Train de Kilimandjaro \u00e0 Dar es Salaam Billets et tarifs de train"},"content":{"rendered":"<h2>Train pas cher de Dar es Salaam au Kilimandjaro R\u00e9servation en ligne de billets<\/h2>\n<h3>R\u00e9servez votre billet de train pas cher Kilimandjaro \u00e0 Dar es Salaam en ligne maintenant <a href=\"https:\/\/sgrticket.trc.co.tz\" target=\"_blank\" rel=\"noopener\">&gt;&gt;<\/a><\/h3>\n<p>Billets de train pas chers de Kilimandjaro \u00e0 Dar es Salaam, r\u00e9servation en ligne et voyage de Dar es Salaam \u00e0 Kilimandjaro en train. R\u00e9servez des billets de train de Dar es Salaam \u00e0 Kilimandjaro et d\u00e9couvrez cette incroyable ville portuaire d&#039;Afrique de l&#039;Est. Laissez-vous envo\u00fbter par l&#039;agitation du magnifique port. Montez \u00e0 bord d&#039;un bateau pour l&#039;\u00eele de Bongyoyo et faites de la plong\u00e9e avec tuba parmi de beaux poissons. Dar es Salaam est un v\u00e9ritable centre commercial. Visitez le march\u00e9 aux poissons pour la p\u00eache du jour ou parcourez les eaux du march\u00e9 dynamique de Kariakoo. On vous promet de trouver des souvenirs remarquables. R\u00e9servez vos billets de train pas chers Kilimandjaro \u00e0 Dar es Salaam en ligne d\u00e8s maintenant et \u00e9conomisez du temps et de l&#039;argent.<\/p>\n<h2>Train de Dar es Salaam \u00e0 Kilimandjaro Billets de train R\u00e9servation, Itin\u00e9raires, Horaires et Tarifs FAQs<\/h2>\n<h3>Le train est-il abordable pour se rendre de Kilimandjaro \u00e0 Dar es Salam ?<\/h3>\n<p>Le moyen abordable de se rendre de Kilimandjaro \u00e0 Dar es Salam en train Dar es Salam qui co\u00fbte $8 et dure 16h 5m.<\/p>\n<h3>Le train Kilimandjaro-Dar es Salaam est-il le moyen le plus rapide pour se rendre au Kilimandjaro ?<\/h3>\n<p>Le moyen le plus rapide d&#039;obtenir des trains de Dar es Salaam \u00e0 Kilimandjaro. Le billet de train de Dar es Salam \u00e0 Kilimandjaro co\u00fbte $8 \u2013 $20 et dure 11h 5m.<\/p>\n<h3>Bus ou train Kilimandjaro jusqu&#039;\u00e0 Dar es Salam?<\/h3>\n<p>L&#039;excellent moyen de se rendre du Kilimandjaro \u00e0 Dar es Salaam est de <a href=\"https:\/\/tiketi.com\/fr-fr\/buses-tickets-africa-online-ticket-booking\/\" target=\"_blank\" rel=\"noopener\">autobus<\/a> ce qui dure 11h 10m et co\u00fbte. Sinon, vous pouvez vous entra\u00eener, ce qui co\u00fbte $8 \u2013 $10 et dure 11h 5m.<\/p>\n<h3>Quelle est la distance entre Kilimandjaro a Dar es Salam?<\/h3>\n<p>La distance entre Dar es Salam et la ligne de train Kilimandjaro est de 486 km.<\/p>\n<h2>Conseils pour le train de Kilimandjaro \u00e0 Dar es Salaam<\/h2>\n<h3>Voici quelques-unes des meilleures attractions de Dar es Salaam :<\/h3>\n<h3>Centre tanzanien du patrimoine culturel<\/h3>\n<p>C&#039;est l&#039;endroit id\u00e9al pour trier des souvenirs pour votre famille et vos amis. Il existe une large gamme de produits haut de gamme. Les prix sont plus \u00e9lev\u00e9s que sur les march\u00e9s locaux. L&#039;avantage est qu&#039;il est simple de trouver de bons articles, sans avoir \u00e0 passer beaucoup de temps. Parce qu&#039;il se trouve sur le chemin de l&#039;a\u00e9roport, c&#039;est la meilleure halte pour les achats de derni\u00e8re minute de produits nationaux avant de rentrer.<\/p>\n<h3>\u00cele Bongoyo<\/h3>\n<p>\u00c9tant une grande ville, Dar es Salaam offre de nombreuses opportunit\u00e9s pour les touristes et les r\u00e9sidents. Pourtant, tout le monde n&#039;aime pas \u00eatre dans un endroit aussi fr\u00e9quent\u00e9 jour apr\u00e8s jour. C&#039;est \u00e0 cela que sert l&#039;\u00eele de Bongoyo. Assez proche pour \u00eatre simplement atteint et assez loin pour sortir du bruit de la ville. L&#039;\u00eele de Bongoyo est le meilleur endroit pour nager, bronzer et profiter de la plage.<\/p>\n<h3>Explorez l&#039;\u00eele du nord<\/h3>\n<p>Situ\u00e9e au nord de la ville, sur l&#039;\u00eele de Mbudya, vous pouvez choisir la plage qui vous convient le mieux. Le plus long est du c\u00f4t\u00e9 ouest. Il y a beaucoup de sentiers de randonn\u00e9e et la plong\u00e9e en apn\u00e9e est c\u00e9l\u00e8bre ici. Si vous oubliez vos lunettes, vous pouvez trouver des emplacements pour louer du mat\u00e9riel sur l&#039;\u00eele.<\/p>","protected":false},"excerpt":{"rendered":"<p>Cheap Train Dar es Salaam to Kilimanjaro Online Ticket Booking Reserve your cheap Kilimanjaro to Dar es Salaam train ticket online now &gt;&gt; Cheap train from Kilimanjaro to Dar es Salaam tickets online booking and travel Dar es Salaam to Kilimanjaro by rail. Book train Dar es Salaam to Kilimanjaro train tickets and experience this [&hellip;]<\/p>\n","protected":false},"author":1,"featured_media":20644,"parent":25256,"menu_order":0,"comment_status":"open","ping_status":"closed","template":"template-home-modern.php","meta":{"footnotes":""},"class_list":["post-11107","page","type-page","status-publish","has-post-thumbnail","hentry"],"yoast_head":"<!-- This site is optimized with the Yoast SEO plugin v27.3 - https:\/\/yoast.com\/product\/yoast-seo-wordpress\/ -->\n<title>Train from Kilimanjaro to Dar es Salaam Train Tickets Booking<\/title>\n<meta name=\"description\" content=\"Looking for train from Kilimanjaro to Dar es Salaam train tickets booking, routes, schedules &amp; fares? Book cheap train Dar es Salaam to Kilimanjaro train tickets online\" \/>\n<meta name=\"robots\" content=\"index, follow, max-snippet:-1, max-image-preview:large, max-video-preview:-1\" \/>\n<link rel=\"canonical\" href=\"https:\/\/tiketi.com\/fr-fr\/train\/routes\/train-dar-es-salaam-to-kilimanjaro\/\" \/>\n<meta property=\"og:locale\" content=\"fr_FR\" \/>\n<meta property=\"og:type\" content=\"article\" \/>\n<meta property=\"og:title\" content=\"Train from Kilimanjaro to Dar es Salaam Train Tickets Booking\" \/>\n<meta property=\"og:description\" content=\"Looking for train from Kilimanjaro to Dar es Salaam train tickets booking, routes, schedules &amp; fares? Book cheap train Dar es Salaam to Kilimanjaro train tickets online\" \/>\n<meta property=\"og:url\" content=\"https:\/\/tiketi.com\/fr-fr\/train\/routes\/train-dar-es-salaam-to-kilimanjaro\/\" \/>\n<meta property=\"og:site_name\" content=\"Tiketi.com\" \/>\n<meta property=\"article:publisher\" content=\"https:\/\/www.facebook.com\/TiketiCom\/\" \/>\n<meta property=\"article:modified_time\" content=\"2024-09-24T09:54:53+00:00\" \/>\n<meta property=\"og:image\" content=\"https:\/\/tiketi.com\/wp-content\/uploads\/2022\/02\/train-booking-ice-g5b642a238_1280.jpg\" \/>\n\t<meta property=\"og:image:width\" content=\"1200\" \/>\n\t<meta property=\"og:image:height\" content=\"200\" \/>\n\t<meta property=\"og:image:type\" content=\"image\/jpeg\" \/>\n<meta name=\"twitter:card\" content=\"summary_large_image\" \/>\n<meta name=\"twitter:label1\" content=\"Dur\u00e9e de lecture estim\u00e9e\" \/>\n\t<meta name=\"twitter:data1\" content=\"3 minutes\" \/>\n<script type=\"application\/ld+json\" class=\"yoast-schema-graph\">{\"@context\":\"https:\\\/\\\/schema.org\",\"@graph\":[{\"@type\":\"WebPage\",\"@id\":\"https:\\\/\\\/tiketi.com\\\/train\\\/routes\\\/train-dar-es-salaam-to-kilimanjaro\\\/\",\"url\":\"https:\\\/\\\/tiketi.com\\\/train\\\/routes\\\/train-dar-es-salaam-to-kilimanjaro\\\/\",\"name\":\"Train from Kilimanjaro to Dar es Salaam Train Tickets Booking\",\"isPartOf\":{\"@id\":\"https:\\\/\\\/tiketi.com\\\/#website\"},\"primaryImageOfPage\":{\"@id\":\"https:\\\/\\\/tiketi.com\\\/train\\\/routes\\\/train-dar-es-salaam-to-kilimanjaro\\\/#primaryimage\"},\"image\":{\"@id\":\"https:\\\/\\\/tiketi.com\\\/train\\\/routes\\\/train-dar-es-salaam-to-kilimanjaro\\\/#primaryimage\"},\"thumbnailUrl\":\"https:\\\/\\\/tiketi.com\\\/wp-content\\\/uploads\\\/2022\\\/02\\\/train-booking-ice-g5b642a238_1280.jpg\",\"datePublished\":\"2022-01-19T11:54:13+00:00\",\"dateModified\":\"2024-09-24T09:54:53+00:00\",\"description\":\"Looking for train from Kilimanjaro to Dar es Salaam train tickets booking, routes, schedules & fares? Book cheap train Dar es Salaam to Kilimanjaro train tickets online\",\"breadcrumb\":{\"@id\":\"https:\\\/\\\/tiketi.com\\\/train\\\/routes\\\/train-dar-es-salaam-to-kilimanjaro\\\/#breadcrumb\"},\"inLanguage\":\"fr-FR\",\"potentialAction\":[{\"@type\":\"ReadAction\",\"target\":[\"https:\\\/\\\/tiketi.com\\\/train\\\/routes\\\/train-dar-es-salaam-to-kilimanjaro\\\/\"]}]},{\"@type\":\"ImageObject\",\"inLanguage\":\"fr-FR\",\"@id\":\"https:\\\/\\\/tiketi.com\\\/train\\\/routes\\\/train-dar-es-salaam-to-kilimanjaro\\\/#primaryimage\",\"url\":\"https:\\\/\\\/tiketi.com\\\/wp-content\\\/uploads\\\/2022\\\/02\\\/train-booking-ice-g5b642a238_1280.jpg\",\"contentUrl\":\"https:\\\/\\\/tiketi.com\\\/wp-content\\\/uploads\\\/2022\\\/02\\\/train-booking-ice-g5b642a238_1280.jpg\",\"width\":1200,\"height\":200,\"caption\":\"Train Ticket Booking\"},{\"@type\":\"BreadcrumbList\",\"@id\":\"https:\\\/\\\/tiketi.com\\\/train\\\/routes\\\/train-dar-es-salaam-to-kilimanjaro\\\/#breadcrumb\",\"itemListElement\":[{\"@type\":\"ListItem\",\"position\":1,\"name\":\"Home\",\"item\":\"https:\\\/\\\/tiketi.com\\\/\"},{\"@type\":\"ListItem\",\"position\":2,\"name\":\"Train\",\"item\":\"https:\\\/\\\/tiketi.com\\\/train\\\/\"},{\"@type\":\"ListItem\",\"position\":3,\"name\":\"Routes\",\"item\":\"https:\\\/\\\/tiketi.com\\\/train\\\/routes\\\/\"},{\"@type\":\"ListItem\",\"position\":4,\"name\":\"Train from Kilimanjaro to Dar es Salaam Train Tickets &#038; Fares\"}]},{\"@type\":\"WebSite\",\"@id\":\"https:\\\/\\\/tiketi.com\\\/#website\",\"url\":\"https:\\\/\\\/tiketi.com\\\/\",\"name\":\"Flight & Bus Tickets, Tour Packages & Activitites - Tiketi.com\",\"description\":\"Flight &amp; Bus Tickets, Tours, Activitites\",\"publisher\":{\"@id\":\"https:\\\/\\\/tiketi.com\\\/#organization\"},\"potentialAction\":[{\"@type\":\"SearchAction\",\"target\":{\"@type\":\"EntryPoint\",\"urlTemplate\":\"https:\\\/\\\/tiketi.com\\\/?s={search_term_string}\"},\"query-input\":{\"@type\":\"PropertyValueSpecification\",\"valueRequired\":true,\"valueName\":\"search_term_string\"}}],\"inLanguage\":\"fr-FR\"},{\"@type\":\"Organization\",\"@id\":\"https:\\\/\\\/tiketi.com\\\/#organization\",\"name\":\"Tiketi.com\",\"alternateName\":\"Tiketi\",\"url\":\"https:\\\/\\\/tiketi.com\\\/\",\"logo\":{\"@type\":\"ImageObject\",\"inLanguage\":\"fr-FR\",\"@id\":\"https:\\\/\\\/tiketi.com\\\/#\\\/schema\\\/logo\\\/image\\\/\",\"url\":\"https:\\\/\\\/tiketi.com\\\/wp-content\\\/uploads\\\/2019\\\/05\\\/tiketi-logo-696.png\",\"contentUrl\":\"https:\\\/\\\/tiketi.com\\\/wp-content\\\/uploads\\\/2019\\\/05\\\/tiketi-logo-696.png\",\"width\":696,\"height\":696,\"caption\":\"Tiketi.com\"},\"image\":{\"@id\":\"https:\\\/\\\/tiketi.com\\\/#\\\/schema\\\/logo\\\/image\\\/\"},\"sameAs\":[\"https:\\\/\\\/www.facebook.com\\\/TiketiCom\\\/\"]}]}<\/script>\n<!-- \/ Yoast SEO plugin. -->","yoast_head_json":{"title":"Train de Kilimandjaro \u00e0 Dar es Salaam Billets de train R\u00e9servation","description":"Vous recherchez des billets de train de Kilimandjaro \u00e0 Dar es Salaam, des itin\u00e9raires, des horaires et des tarifs? R\u00e9server des billets de train de Dar es Salaam \u00e0 Kilimandjaro pas chers en ligne","robots":{"index":"index","follow":"follow","max-snippet":"max-snippet:-1","max-image-preview":"max-image-preview:large","max-video-preview":"max-video-preview:-1"},"canonical":"https:\/\/tiketi.com\/fr-fr\/train\/routes\/train-dar-es-salaam-to-kilimanjaro\/","og_locale":"fr_FR","og_type":"article","og_title":"Train from Kilimanjaro to Dar es Salaam Train Tickets Booking","og_description":"Looking for train from Kilimanjaro to Dar es Salaam train tickets booking, routes, schedules & fares? Book cheap train Dar es Salaam to Kilimanjaro train tickets online","og_url":"https:\/\/tiketi.com\/fr-fr\/train\/routes\/train-dar-es-salaam-to-kilimanjaro\/","og_site_name":"Tiketi.com","article_publisher":"https:\/\/www.facebook.com\/TiketiCom\/","article_modified_time":"2024-09-24T09:54:53+00:00","og_image":[{"width":1200,"height":200,"url":"https:\/\/tiketi.com\/wp-content\/uploads\/2022\/02\/train-booking-ice-g5b642a238_1280.jpg","type":"image\/jpeg"}],"twitter_card":"summary_large_image","twitter_misc":{"Dur\u00e9e de lecture estim\u00e9e":"3 minutes"},"schema":{"@context":"https:\/\/schema.org","@graph":[{"@type":"WebPage","@id":"https:\/\/tiketi.com\/train\/routes\/train-dar-es-salaam-to-kilimanjaro\/","url":"https:\/\/tiketi.com\/train\/routes\/train-dar-es-salaam-to-kilimanjaro\/","name":"Train de Kilimandjaro \u00e0 Dar es Salaam Billets de train R\u00e9servation","isPartOf":{"@id":"https:\/\/tiketi.com\/#website"},"primaryImageOfPage":{"@id":"https:\/\/tiketi.com\/train\/routes\/train-dar-es-salaam-to-kilimanjaro\/#primaryimage"},"image":{"@id":"https:\/\/tiketi.com\/train\/routes\/train-dar-es-salaam-to-kilimanjaro\/#primaryimage"},"thumbnailUrl":"https:\/\/tiketi.com\/wp-content\/uploads\/2022\/02\/train-booking-ice-g5b642a238_1280.jpg","datePublished":"2022-01-19T11:54:13+00:00","dateModified":"2024-09-24T09:54:53+00:00","description":"Vous recherchez des billets de train de Kilimandjaro \u00e0 Dar es Salaam, des itin\u00e9raires, des horaires et des tarifs? R\u00e9server des billets de train de Dar es Salaam \u00e0 Kilimandjaro pas chers en ligne","breadcrumb":{"@id":"https:\/\/tiketi.com\/train\/routes\/train-dar-es-salaam-to-kilimanjaro\/#breadcrumb"},"inLanguage":"fr-FR","potentialAction":[{"@type":"ReadAction","target":["https:\/\/tiketi.com\/train\/routes\/train-dar-es-salaam-to-kilimanjaro\/"]}]},{"@type":"ImageObject","inLanguage":"fr-FR","@id":"https:\/\/tiketi.com\/train\/routes\/train-dar-es-salaam-to-kilimanjaro\/#primaryimage","url":"https:\/\/tiketi.com\/wp-content\/uploads\/2022\/02\/train-booking-ice-g5b642a238_1280.jpg","contentUrl":"https:\/\/tiketi.com\/wp-content\/uploads\/2022\/02\/train-booking-ice-g5b642a238_1280.jpg","width":1200,"height":200,"caption":"Train Ticket Booking"},{"@type":"BreadcrumbList","@id":"https:\/\/tiketi.com\/train\/routes\/train-dar-es-salaam-to-kilimanjaro\/#breadcrumb","itemListElement":[{"@type":"ListItem","position":1,"name":"Home","item":"https:\/\/tiketi.com\/"},{"@type":"ListItem","position":2,"name":"Train","item":"https:\/\/tiketi.com\/train\/"},{"@type":"ListItem","position":3,"name":"Routes","item":"https:\/\/tiketi.com\/train\/routes\/"},{"@type":"ListItem","position":4,"name":"Train from Kilimanjaro to Dar es Salaam Train Tickets &#038; Fares"}]},{"@type":"WebSite","@id":"https:\/\/tiketi.com\/#website","url":"https:\/\/tiketi.com\/","name":"Billets d&#039;avion et de bus, forfaits touristiques et activit\u00e9s - Tiketi.com","description":"Billets d&#039;avion et de bus, Tours, Activit\u00e9s","publisher":{"@id":"https:\/\/tiketi.com\/#organization"},"potentialAction":[{"@type":"SearchAction","target":{"@type":"EntryPoint","urlTemplate":"https:\/\/tiketi.com\/?s={search_term_string}"},"query-input":{"@type":"PropertyValueSpecification","valueRequired":true,"valueName":"search_term_string"}}],"inLanguage":"fr-FR"},{"@type":"Organization","@id":"https:\/\/tiketi.com\/#organization","name":"Tiketi.com","alternateName":"Tiketi","url":"https:\/\/tiketi.com\/","logo":{"@type":"ImageObject","inLanguage":"fr-FR","@id":"https:\/\/tiketi.com\/#\/schema\/logo\/image\/","url":"https:\/\/tiketi.com\/wp-content\/uploads\/2019\/05\/tiketi-logo-696.png","contentUrl":"https:\/\/tiketi.com\/wp-content\/uploads\/2019\/05\/tiketi-logo-696.png","width":696,"height":696,"caption":"Tiketi.com"},"image":{"@id":"https:\/\/tiketi.com\/#\/schema\/logo\/image\/"},"sameAs":["https:\/\/www.facebook.com\/TiketiCom\/"]}]}},"_links":{"self":[{"href":"https:\/\/tiketi.com\/fr-fr\/wp-json\/wp\/v2\/pages\/11107","targetHints":{"allow":["GET"]}}],"collection":[{"href":"https:\/\/tiketi.com\/fr-fr\/wp-json\/wp\/v2\/pages"}],"about":[{"href":"https:\/\/tiketi.com\/fr-fr\/wp-json\/wp\/v2\/types\/page"}],"author":[{"embeddable":true,"href":"https:\/\/tiketi.com\/fr-fr\/wp-json\/wp\/v2\/users\/1"}],"replies":[{"embeddable":true,"href":"https:\/\/tiketi.com\/fr-fr\/wp-json\/wp\/v2\/comments?post=11107"}],"version-history":[{"count":1,"href":"https:\/\/tiketi.com\/fr-fr\/wp-json\/wp\/v2\/pages\/11107\/revisions"}],"predecessor-version":[{"id":31059,"href":"https:\/\/tiketi.com\/fr-fr\/wp-json\/wp\/v2\/pages\/11107\/revisions\/31059"}],"up":[{"embeddable":true,"href":"https:\/\/tiketi.com\/fr-fr\/wp-json\/wp\/v2\/pages\/25256"}],"wp:featuredmedia":[{"embeddable":true,"href":"https:\/\/tiketi.com\/fr-fr\/wp-json\/wp\/v2\/media\/20644"}],"wp:attachment":[{"href":"https:\/\/tiketi.com\/fr-fr\/wp-json\/wp\/v2\/media?parent=11107"}],"curies":[{"name":"wp","href":"https:\/\/api.w.org\/{rel}","templated":true}]}}