{"id":11108,"date":"2022-01-19T12:54:13","date_gmt":"2022-01-19T11:54:13","guid":{"rendered":"https:\/\/new.tiketi.com\/train-dar-es-salaam-to-mbeya-train-tickets-booking\/"},"modified":"2024-09-24T10:52:38","modified_gmt":"2024-09-24T09:52:38","slug":"train-dar-es-salaam-to-mbeya","status":"publish","type":"page","link":"https:\/\/tiketi.com\/fr-fr\/train\/routes\/train-dar-es-salaam-to-mbeya\/","title":{"rendered":"Train de Dar es Salaam \u00e0 Mbeya Billets de train, tarifs et horaires"},"content":{"rendered":"<h2>Train Dar es Salaam \u00e0 Mbeya TRC Billet R\u00e9servation en ligne<\/h2>\n<h3>R\u00e9servez votre billet de train pas cher de Dar es Salam \u00e0 Mbeya en ligne maintenant <a href=\"https:\/\/sgrticket.trc.co.tz\" target=\"_blank\" rel=\"noreferrer noopener\">&gt;&gt;<\/a><\/h3>\n<p>La r\u00e9servation en ligne de billets de train de Dar es Salaam \u00e0 Mbeya est simplifi\u00e9e. R\u00e9servez des billets de train de Dar es Salaam \u00e0 Mbeya et d\u00e9couvrez des tr\u00e9sors cach\u00e9s dans cet endroit remarquable de la charmante ville c\u00f4ti\u00e8re d&#039;Afrique de l&#039;Est en explorant les c\u00e9l\u00e8bres attractions et activit\u00e9s. De profiter des rayons du soleil sur les plages immacul\u00e9es de Mbudya et de l&#039;\u00eele de Bongoyo et d&#039;avoir un aper\u00e7u du pass\u00e9 tanzanien au Mus\u00e9e national et \u00e0 la Maison de la culture, de d\u00e9couvrir les images et les sons du march\u00e9 aux poissons de Kivukoni et de regarder la cath\u00e9drale Saint-Joseph vivante le dimanche. service du matin. R\u00e9servez en ligne d\u00e8s maintenant les trains pas chers de Mbeya \u00e0 Dar es Salam et \u00e9conomisez du temps et de l&#039;argent.<\/p>\n<h2>Train de Mbeya \u00e0 Dar es Salaam FAQ sur les billets de train, les horaires et les tarifs<\/h2>\n<h3>Le train de Mbeya \u00e0 Dar es Salam est-il le moyen le moins cher d&#039;aller de Mbeya \u00e0 Dar es Salam ?<\/h3>\n<p>Le moyen abordable de se rendre de Mbeya \u00e0 Dar es Salam est en train qui co\u00fbte $10 et dure 15h 20m.<\/p>\n<h3>Y a-t-il des trains directs Dar es Salam \u2014 Mbeya ?<\/h3>\n<p>Non, il n&#039;y a pas de train direct Mbeya jusqu&#039;\u00e0 Dar es Salam. Quoi qu&#039;il en soit, il y a des services au d\u00e9part de Mbeya et arrivant \u00e0 Msimbazi police par Urafiki. Le trajet, y compris les transferts, dure environ 15h 21m.<\/p>\n<h3>Quelle est la distance du trajet de train Dar es Salam \u00e0 Mbeya ?<\/h3>\n<p>La distance du voyage en train Mbeya jusqu&#039;\u00e0 Dar es Salam est de 681 km.<\/p>\n<h3>Bus, avion ou train depuis Mbeya jusqu&#039;\u00e0 Dar es Salam ?<\/h3>\n<p>Le meilleur moyen de se rendre de Mbeya \u00e0 Dar es Salaam est de <u><a href=\"https:\/\/tiketi.com\/fr-fr\/flightst\/\" target=\"_blank\" rel=\"noopener\">voler<\/a><\/u> qui dure 2h 59m et co\u00fbte $130 \u2013 $210. Sinon, vous pouvez bus, ce qui co\u00fbte $20 et dure 21h 20m, vous pouvez \u00e9galement train, train fare Mbeya \u00e0 Dar es Salam $10 et dure 15h 20m.<\/p>\n<h3>Comment voyager de Mbeya \u00e0 Dar es Salam sans v\u00e9hicule ?<\/h3>\n<p>Le train est le meilleur moyen pour se rendre de Mbeya \u00e0 Dar es Salam sans voiture. Train de Mbeya \u00e0 Dar es Salam dure 15h 20m.<\/p>\n<h2>Train de Dar es Salaam \u00e0 Mbeya Conseils de r\u00e9servation de train<\/h2>\n<h3>Voici quelques-unes des meilleures attractions de Dar es Salaam :<\/h3>\n<h3>Mus\u00e9e du village de Makumbusho<\/h3>\n<p>Attraction touristique c\u00e9l\u00e8bre, le mus\u00e9e du village de Makumbusho pr\u00e9sente des maisons traditionnelles tanzaniennes repr\u00e9sentant dix-huit tribus ethniques. Les visiteurs sont conduits \u00e0 travers les maisons, qui contiennent des huttes meubl\u00e9es, des lieux de rencontre et des enclos \u00e0 b\u00e9tail, et peuvent voir des artisans et des artistes tisser, peindre et sculpter. Des danses traditionnelles ont lieu tous les dimanches et jeudis.<\/p>\n<h3>Kigamboni<\/h3>\n<p>Situ\u00e9 de l&#039;autre c\u00f4t\u00e9 du canal depuis le ferry de Zanzibar, Kigamboni est c\u00e9l\u00e8bre sous le nom de South Beach. Une zone riche presque enti\u00e8rement remplie de stations baln\u00e9aires, certaines des meilleures plages de Dar es Salaam se trouvent \u00e0 Kigamboni. De nombreux h\u00f4tels facturent un droit d&#039;entr\u00e9e, de toute fa\u00e7on, une partie de celui-ci est restitu\u00e9e sous forme de bons de restauration. Voici comment vous pouvez r\u00e9server des billets de train de Mbeya \u00e0 Dar es Salaam :<\/p>","protected":false},"excerpt":{"rendered":"<p>Train Dar es Salaam to Mbeya TRC Ticket Online Booking Reserve your cheap train from Dar es Salaam to Mbeya ticket online now &gt;&gt; Train Dar es Salaam to Mbeya tickets online booking\u00a0made easy. Book Dar es Salaam to Mbeya train tickets and discover hidden gems in this remarkable place on the charming East Africa [&hellip;]<\/p>\n","protected":false},"author":1,"featured_media":20644,"parent":25256,"menu_order":0,"comment_status":"open","ping_status":"closed","template":"template-home-modern.php","meta":{"footnotes":""},"class_list":["post-11108","page","type-page","status-publish","has-post-thumbnail","hentry"],"yoast_head":"<!-- This site is optimized with the Yoast SEO plugin v27.2 - https:\/\/yoast.com\/product\/yoast-seo-wordpress\/ -->\n<title>Train Dar es Salaam to Mbeya Train Tickets, Schedules &amp; Fares<\/title>\n<meta name=\"description\" content=\"Looking for train Dar es Salaam to Mbeya train tickets booking, app, routes, schedules &amp; fares? Book cheap train from Mbeya to Dar es Salaam\" \/>\n<meta name=\"robots\" content=\"index, follow, max-snippet:-1, max-image-preview:large, max-video-preview:-1\" \/>\n<link rel=\"canonical\" href=\"https:\/\/tiketi.com\/fr-fr\/train\/routes\/train-dar-es-salaam-to-mbeya\/\" \/>\n<meta property=\"og:locale\" content=\"fr_FR\" \/>\n<meta property=\"og:type\" content=\"article\" \/>\n<meta property=\"og:title\" content=\"Train Dar es Salaam to Mbeya Train Tickets, Schedules &amp; Fares\" \/>\n<meta property=\"og:description\" content=\"Looking for train Dar es Salaam to Mbeya train tickets booking, app, routes, schedules &amp; fares? Book cheap train from Mbeya to Dar es Salaam\" \/>\n<meta property=\"og:url\" content=\"https:\/\/tiketi.com\/fr-fr\/train\/routes\/train-dar-es-salaam-to-mbeya\/\" \/>\n<meta property=\"og:site_name\" content=\"Tiketi.com\" \/>\n<meta property=\"article:publisher\" content=\"https:\/\/www.facebook.com\/TiketiCom\/\" \/>\n<meta property=\"article:modified_time\" content=\"2024-09-24T09:52:38+00:00\" \/>\n<meta property=\"og:image\" content=\"https:\/\/tiketi.com\/wp-content\/uploads\/2022\/02\/train-booking-ice-g5b642a238_1280.jpg\" \/>\n\t<meta property=\"og:image:width\" content=\"1200\" \/>\n\t<meta property=\"og:image:height\" content=\"200\" \/>\n\t<meta property=\"og:image:type\" content=\"image\/jpeg\" \/>\n<meta name=\"twitter:card\" content=\"summary_large_image\" \/>\n<meta name=\"twitter:label1\" content=\"Dur\u00e9e de lecture estim\u00e9e\" \/>\n\t<meta name=\"twitter:data1\" content=\"3 minutes\" \/>\n<script type=\"application\/ld+json\" class=\"yoast-schema-graph\">{\"@context\":\"https:\/\/schema.org\",\"@graph\":[{\"@type\":\"WebPage\",\"@id\":\"https:\/\/tiketi.com\/train\/routes\/train-dar-es-salaam-to-mbeya\/\",\"url\":\"https:\/\/tiketi.com\/train\/routes\/train-dar-es-salaam-to-mbeya\/\",\"name\":\"Train Dar es Salaam to Mbeya Train Tickets, Schedules & Fares\",\"isPartOf\":{\"@id\":\"https:\/\/tiketi.com\/#website\"},\"primaryImageOfPage\":{\"@id\":\"https:\/\/tiketi.com\/train\/routes\/train-dar-es-salaam-to-mbeya\/#primaryimage\"},\"image\":{\"@id\":\"https:\/\/tiketi.com\/train\/routes\/train-dar-es-salaam-to-mbeya\/#primaryimage\"},\"thumbnailUrl\":\"https:\/\/tiketi.com\/wp-content\/uploads\/2022\/02\/train-booking-ice-g5b642a238_1280.jpg\",\"datePublished\":\"2022-01-19T11:54:13+00:00\",\"dateModified\":\"2024-09-24T09:52:38+00:00\",\"description\":\"Looking for train Dar es Salaam to Mbeya train tickets booking, app, routes, schedules & fares? Book cheap train from Mbeya to Dar es Salaam\",\"breadcrumb\":{\"@id\":\"https:\/\/tiketi.com\/train\/routes\/train-dar-es-salaam-to-mbeya\/#breadcrumb\"},\"inLanguage\":\"fr-FR\",\"potentialAction\":[{\"@type\":\"ReadAction\",\"target\":[\"https:\/\/tiketi.com\/train\/routes\/train-dar-es-salaam-to-mbeya\/\"]}]},{\"@type\":\"ImageObject\",\"inLanguage\":\"fr-FR\",\"@id\":\"https:\/\/tiketi.com\/train\/routes\/train-dar-es-salaam-to-mbeya\/#primaryimage\",\"url\":\"https:\/\/tiketi.com\/wp-content\/uploads\/2022\/02\/train-booking-ice-g5b642a238_1280.jpg\",\"contentUrl\":\"https:\/\/tiketi.com\/wp-content\/uploads\/2022\/02\/train-booking-ice-g5b642a238_1280.jpg\",\"width\":1200,\"height\":200,\"caption\":\"Train Ticket Booking\"},{\"@type\":\"BreadcrumbList\",\"@id\":\"https:\/\/tiketi.com\/train\/routes\/train-dar-es-salaam-to-mbeya\/#breadcrumb\",\"itemListElement\":[{\"@type\":\"ListItem\",\"position\":1,\"name\":\"Home\",\"item\":\"https:\/\/tiketi.com\/\"},{\"@type\":\"ListItem\",\"position\":2,\"name\":\"Train\",\"item\":\"https:\/\/tiketi.com\/train\/\"},{\"@type\":\"ListItem\",\"position\":3,\"name\":\"Routes\",\"item\":\"https:\/\/tiketi.com\/train\/routes\/\"},{\"@type\":\"ListItem\",\"position\":4,\"name\":\"Train from Dar es Salaam to Mbeya Train Tickets, Fares &#038; Schedules\"}]},{\"@type\":\"WebSite\",\"@id\":\"https:\/\/tiketi.com\/#website\",\"url\":\"https:\/\/tiketi.com\/\",\"name\":\"Flight & Bus Tickets, Tour Packages & Activitites - Tiketi.com\",\"description\":\"Flight &amp; Bus Tickets, Tours, Activitites\",\"publisher\":{\"@id\":\"https:\/\/tiketi.com\/#organization\"},\"potentialAction\":[{\"@type\":\"SearchAction\",\"target\":{\"@type\":\"EntryPoint\",\"urlTemplate\":\"https:\/\/tiketi.com\/?s={search_term_string}\"},\"query-input\":{\"@type\":\"PropertyValueSpecification\",\"valueRequired\":true,\"valueName\":\"search_term_string\"}}],\"inLanguage\":\"fr-FR\"},{\"@type\":\"Organization\",\"@id\":\"https:\/\/tiketi.com\/#organization\",\"name\":\"Tiketi.com\",\"alternateName\":\"Tiketi\",\"url\":\"https:\/\/tiketi.com\/\",\"logo\":{\"@type\":\"ImageObject\",\"inLanguage\":\"fr-FR\",\"@id\":\"https:\/\/tiketi.com\/#\/schema\/logo\/image\/\",\"url\":\"https:\/\/tiketi.com\/wp-content\/uploads\/2019\/05\/tiketi-logo-696.png\",\"contentUrl\":\"https:\/\/tiketi.com\/wp-content\/uploads\/2019\/05\/tiketi-logo-696.png\",\"width\":696,\"height\":696,\"caption\":\"Tiketi.com\"},\"image\":{\"@id\":\"https:\/\/tiketi.com\/#\/schema\/logo\/image\/\"},\"sameAs\":[\"https:\/\/www.facebook.com\/TiketiCom\/\"]}]}<\/script>\n<!-- \/ Yoast SEO plugin. -->","yoast_head_json":{"title":"Train de Dar es Salam \u00e0 Mbeya Billets de train, Horaires et Tarifs","description":"\u00c0 la recherche de r\u00e9servations de billets de train de Dar es Salam \u00e0 Mbeya, d&#039;applications, d&#039;itin\u00e9raires, d&#039;horaires et de tarifs? R\u00e9servez un train pas cher de Mbeya \u00e0 Dar es Salaam","robots":{"index":"index","follow":"follow","max-snippet":"max-snippet:-1","max-image-preview":"max-image-preview:large","max-video-preview":"max-video-preview:-1"},"canonical":"https:\/\/tiketi.com\/fr-fr\/train\/routes\/train-dar-es-salaam-to-mbeya\/","og_locale":"fr_FR","og_type":"article","og_title":"Train Dar es Salaam to Mbeya Train Tickets, Schedules & Fares","og_description":"Looking for train Dar es Salaam to Mbeya train tickets booking, app, routes, schedules & fares? Book cheap train from Mbeya to Dar es Salaam","og_url":"https:\/\/tiketi.com\/fr-fr\/train\/routes\/train-dar-es-salaam-to-mbeya\/","og_site_name":"Tiketi.com","article_publisher":"https:\/\/www.facebook.com\/TiketiCom\/","article_modified_time":"2024-09-24T09:52:38+00:00","og_image":[{"width":1200,"height":200,"url":"https:\/\/tiketi.com\/wp-content\/uploads\/2022\/02\/train-booking-ice-g5b642a238_1280.jpg","type":"image\/jpeg"}],"twitter_card":"summary_large_image","twitter_misc":{"Dur\u00e9e de lecture estim\u00e9e":"3 minutes"},"schema":{"@context":"https:\/\/schema.org","@graph":[{"@type":"WebPage","@id":"https:\/\/tiketi.com\/train\/routes\/train-dar-es-salaam-to-mbeya\/","url":"https:\/\/tiketi.com\/train\/routes\/train-dar-es-salaam-to-mbeya\/","name":"Train de Dar es Salam \u00e0 Mbeya Billets de train, Horaires et Tarifs","isPartOf":{"@id":"https:\/\/tiketi.com\/#website"},"primaryImageOfPage":{"@id":"https:\/\/tiketi.com\/train\/routes\/train-dar-es-salaam-to-mbeya\/#primaryimage"},"image":{"@id":"https:\/\/tiketi.com\/train\/routes\/train-dar-es-salaam-to-mbeya\/#primaryimage"},"thumbnailUrl":"https:\/\/tiketi.com\/wp-content\/uploads\/2022\/02\/train-booking-ice-g5b642a238_1280.jpg","datePublished":"2022-01-19T11:54:13+00:00","dateModified":"2024-09-24T09:52:38+00:00","description":"\u00c0 la recherche de r\u00e9servations de billets de train de Dar es Salam \u00e0 Mbeya, d&#039;applications, d&#039;itin\u00e9raires, d&#039;horaires et de tarifs? R\u00e9servez un train pas cher de Mbeya \u00e0 Dar es Salaam","breadcrumb":{"@id":"https:\/\/tiketi.com\/train\/routes\/train-dar-es-salaam-to-mbeya\/#breadcrumb"},"inLanguage":"fr-FR","potentialAction":[{"@type":"ReadAction","target":["https:\/\/tiketi.com\/train\/routes\/train-dar-es-salaam-to-mbeya\/"]}]},{"@type":"ImageObject","inLanguage":"fr-FR","@id":"https:\/\/tiketi.com\/train\/routes\/train-dar-es-salaam-to-mbeya\/#primaryimage","url":"https:\/\/tiketi.com\/wp-content\/uploads\/2022\/02\/train-booking-ice-g5b642a238_1280.jpg","contentUrl":"https:\/\/tiketi.com\/wp-content\/uploads\/2022\/02\/train-booking-ice-g5b642a238_1280.jpg","width":1200,"height":200,"caption":"Train Ticket Booking"},{"@type":"BreadcrumbList","@id":"https:\/\/tiketi.com\/train\/routes\/train-dar-es-salaam-to-mbeya\/#breadcrumb","itemListElement":[{"@type":"ListItem","position":1,"name":"Home","item":"https:\/\/tiketi.com\/"},{"@type":"ListItem","position":2,"name":"Train","item":"https:\/\/tiketi.com\/train\/"},{"@type":"ListItem","position":3,"name":"Routes","item":"https:\/\/tiketi.com\/train\/routes\/"},{"@type":"ListItem","position":4,"name":"Train from Dar es Salaam to Mbeya Train Tickets, Fares &#038; Schedules"}]},{"@type":"WebSite","@id":"https:\/\/tiketi.com\/#website","url":"https:\/\/tiketi.com\/","name":"Billets d&#039;avion et de bus, forfaits touristiques et activit\u00e9s - Tiketi.com","description":"Billets d&#039;avion et de bus, Tours, Activit\u00e9s","publisher":{"@id":"https:\/\/tiketi.com\/#organization"},"potentialAction":[{"@type":"SearchAction","target":{"@type":"EntryPoint","urlTemplate":"https:\/\/tiketi.com\/?s={search_term_string}"},"query-input":{"@type":"PropertyValueSpecification","valueRequired":true,"valueName":"search_term_string"}}],"inLanguage":"fr-FR"},{"@type":"Organization","@id":"https:\/\/tiketi.com\/#organization","name":"Tiketi.com","alternateName":"Tiketi","url":"https:\/\/tiketi.com\/","logo":{"@type":"ImageObject","inLanguage":"fr-FR","@id":"https:\/\/tiketi.com\/#\/schema\/logo\/image\/","url":"https:\/\/tiketi.com\/wp-content\/uploads\/2019\/05\/tiketi-logo-696.png","contentUrl":"https:\/\/tiketi.com\/wp-content\/uploads\/2019\/05\/tiketi-logo-696.png","width":696,"height":696,"caption":"Tiketi.com"},"image":{"@id":"https:\/\/tiketi.com\/#\/schema\/logo\/image\/"},"sameAs":["https:\/\/www.facebook.com\/TiketiCom\/"]}]}},"_links":{"self":[{"href":"https:\/\/tiketi.com\/fr-fr\/wp-json\/wp\/v2\/pages\/11108","targetHints":{"allow":["GET"]}}],"collection":[{"href":"https:\/\/tiketi.com\/fr-fr\/wp-json\/wp\/v2\/pages"}],"about":[{"href":"https:\/\/tiketi.com\/fr-fr\/wp-json\/wp\/v2\/types\/page"}],"author":[{"embeddable":true,"href":"https:\/\/tiketi.com\/fr-fr\/wp-json\/wp\/v2\/users\/1"}],"replies":[{"embeddable":true,"href":"https:\/\/tiketi.com\/fr-fr\/wp-json\/wp\/v2\/comments?post=11108"}],"version-history":[{"count":2,"href":"https:\/\/tiketi.com\/fr-fr\/wp-json\/wp\/v2\/pages\/11108\/revisions"}],"predecessor-version":[{"id":31057,"href":"https:\/\/tiketi.com\/fr-fr\/wp-json\/wp\/v2\/pages\/11108\/revisions\/31057"}],"up":[{"embeddable":true,"href":"https:\/\/tiketi.com\/fr-fr\/wp-json\/wp\/v2\/pages\/25256"}],"wp:featuredmedia":[{"embeddable":true,"href":"https:\/\/tiketi.com\/fr-fr\/wp-json\/wp\/v2\/media\/20644"}],"wp:attachment":[{"href":"https:\/\/tiketi.com\/fr-fr\/wp-json\/wp\/v2\/media?parent=11108"}],"curies":[{"name":"wp","href":"https:\/\/api.w.org\/{rel}","templated":true}]}}