{"id":11109,"date":"2022-01-19T12:54:14","date_gmt":"2022-01-19T11:54:14","guid":{"rendered":"https:\/\/new.tiketi.com\/train-from-dar-es-salaam-to-arusha-train-tickets-booking\/"},"modified":"2024-09-24T10:55:06","modified_gmt":"2024-09-24T09:55:06","slug":"train-dar-es-salaam-to-arusha","status":"publish","type":"page","link":"https:\/\/tiketi.com\/fr-fr\/train\/routes\/train-dar-es-salaam-to-arusha\/","title":{"rendered":"Train de Dar es Salaam \u00e0 Arusha Billets et tarifs de train"},"content":{"rendered":"<h2>Train pas cher de Dar es Salaam \u00e0 Arusha R\u00e9servation de billets en ligne<\/h2>\n<h3>R\u00e9servez votre billet de train pas cher de Arusha \u00e0 Dar es Salaam en ligne maintenant <a href=\"https:\/\/sgrticket.trc.co.tz\" target=\"_blank\" rel=\"noopener\">&gt;&gt;<\/a><\/h3>\n<p>R\u00e9servez en ligne des billets de train pas chers de Dar es Salaam \u00e0 Arusha et voyagez de Dar es Salaam \u00e0 Arusha en train. La plus grande ville de Tanzanie est une plaque tournante des affaires et de la gouvernance, rassemblant une population aussi dynamique que sa danse rythmique et ses styles musicaux. Profitez des c\u00f4tes swahili immacul\u00e9es de Coco Beach ou de l&#039;\u00eele voisine de Bongoyo, ou d\u00e9couvrez la vie tribale dans son mus\u00e9e du village, avec des spectacles tribaux. Faites la r\u00e9servation en ligne de Train Dar es Salaam \u00e0 Arusha \u00e0 bas prix maintenant et \u00e9conomisez du temps et de l&#039;argent. Voici comment vous pouvez r\u00e9server en ligne des billets de train d&#039;Arusha \u00e0 Dar es Salaam:<\/p>\n<h2>Train de Dar es Salaam \u00e0 Arusha R\u00e9servation de billets de train, itin\u00e9raires, horaires et tarifs FAQs<\/h2>\n<h3>Le train Arusha-Dar es Salaam est-il un bon moyen de transport abordable pour se rendre de Dar es Salaam \u00e0 Arusha en train?<\/h3>\n<p>Le train est le moyen le plus abordable de se rendre d&#039;Arusha \u00e0 Dar es Salaam. Les billets de train de Dar es Salam \u00e0 Arusha co\u00fbtent $8 et dure 12h 30m.<\/p>\n<h3>Est-ce que le train de Arusha \u00e0 Dar es Salam est le moyen le moins cher pour se rendre de Arusha \u00e0 Dar es Salam ?<\/h3>\n<p>Le moyen le moins cher de se rendre de Arusha \u00e0 Dar es Salam en train qui co\u00fbte $8 \u2013 $20 et prend 12h 30m.<\/p>\n<h3>Y a-t-il des trains directs sgr de Dar es Salaam \u00e0 Arusha ?<\/h3>\n<p>Oui, il y a un train direct depuis Dar es Salam jusqu&#039;\u00e0 Arusha et arrive \u00e0 Dar es Salam. Les services de train de Dar es Salaam \u00e0 Arusha partent deux fois par semaine, et circulent Lundi et Vendredi. Le trajet dure environ 12h 30m.<\/p>\n<h3>O\u00f9 prendre le train depuis Arusha pour Dar es Salam ?<\/h3>\n<p>Les trains de Dar es Salaam aux services d&#039;Arusha, g\u00e9r\u00e9s par la Tanzania Railway Corporation, partent de la gare d&#039;Arusha.<\/p>\n<h3>Bus, avion ou train Tanzanie Dar es Salaam Arusha ?<\/h3>\n<p>Le meilleur moyen de se rendre d&#039;Arusha \u00e0 Dar Salaam est de <u><a href=\"https:\/\/tiketi.com\/fr-fr\/flightst\/\" target=\"_blank\" rel=\"noopener\">voler<\/a><\/u> qui dure 2h 50m et co\u00fbte $70 \u2013 $180. Alternativement, vous pouvez <u><a href=\"https:\/\/tiketi.com\/fr-fr\/cheap-bus-tickets-from-dar-es-salaam-to-arusha\/\" target=\"_blank\" rel=\"noopener\">autobus<\/a><\/u>, ce qui co\u00fbte et dure 12h 10m, vous pouvez \u00e9galement train, quel train co\u00fbte Arusha \u00e0 Dar es Salam et dure 12h 30m.<\/p>\n<h3>Quelle est la distance de trajet en train de Arusha \u00e0 Dar es Salam ?<\/h3>\n<p>La distance entre Dar es Salam et Arusha est de 479 km. La distance routi\u00e8re est de 630 km.<\/p>\n<h2>Train Dar es Salam \u00e0 Arusha Conseils<\/h2>\n<h3>Voici quelques-unes des meilleures attractions de Dar es Salaam, en Tanzanie :<\/h3>\n<h3>March\u00e9 de Kariakoo<\/h3>\n<p>Une exp\u00e9rience de shopping r\u00e9elle et \u00e9puisante, le march\u00e9 de Kariakoo, qui occupe de nombreux p\u00e2t\u00e9s de maisons et est connu comme le plus grand march\u00e9 d&#039;Afrique de l&#039;Est, s\u00e9duira tous les acheteurs et vacanciers et apaisera \u00e0 peu pr\u00e8s toutes les envies de folie. Offrant tout, des tambours africains, des v\u00eatements et des bijoux en pierre aux produits agricoles, aux articles m\u00e9nagers et \u00e0 de nombreux autres articles.<\/p>\n<h3>Le jardin botanique<\/h3>\n<p>Abritant la soci\u00e9t\u00e9 horticole de Dar es Salaam, le jardin botanique propose une s\u00e9lection \u00e9tonnante de plantes indig\u00e8nes, notamment le jacaranda bleu, le bougainvillier, les flamboyants \u00e9carlates et l&#039;hibiscus rouge ainsi que le palmier coco-de-mer. Plac\u00e9 \u00e0 c\u00f4t\u00e9 du mus\u00e9e national de Tanzanie, ce jardin est le meilleur endroit pour \u00e9chapper au rythme fou de la ville et se d\u00e9tendre.<\/p>","protected":false},"excerpt":{"rendered":"<p>Cheap Train\u00a0Dar es Salaam to\u00a0Arusha Online Ticket Booking Reserve your cheap train from Arusha to Dar es Salaam train ticket online now &gt;&gt; Do cheap train\u00a0from Dar es Salaam to\u00a0Arusha train tickets online booking and travel Dar es Salaam to\u00a0Arusha by rail.\u00a0Tanzania biggest city is a hub of business and governance, amassing a population that [&hellip;]<\/p>\n","protected":false},"author":1,"featured_media":20644,"parent":25256,"menu_order":0,"comment_status":"open","ping_status":"closed","template":"template-home-modern.php","meta":{"footnotes":""},"class_list":["post-11109","page","type-page","status-publish","has-post-thumbnail","hentry"],"yoast_head":"<!-- This site is optimized with the Yoast SEO plugin v27.3 - https:\/\/yoast.com\/product\/yoast-seo-wordpress\/ -->\n<title>Train from Dar es Salaam to Arusha Train Tickets Booking<\/title>\n<meta name=\"description\" content=\"Looking for train from Dar es Salaam to Arusha train tickets booking, routes, sgr, schedules &amp; fares? Book cheap train\u00a0from Arusha\u00a0to Dar es Salaam train tickets online\" \/>\n<meta name=\"robots\" content=\"index, follow, max-snippet:-1, max-image-preview:large, max-video-preview:-1\" \/>\n<link rel=\"canonical\" href=\"https:\/\/tiketi.com\/fr-fr\/train\/routes\/train-dar-es-salaam-to-arusha\/\" \/>\n<meta property=\"og:locale\" content=\"fr_FR\" \/>\n<meta property=\"og:type\" content=\"article\" \/>\n<meta property=\"og:title\" content=\"Train from Dar es Salaam to Arusha Train Tickets Booking\" \/>\n<meta property=\"og:description\" content=\"Looking for train from Dar es Salaam to Arusha train tickets booking, routes, sgr, schedules &amp; fares? Book cheap train\u00a0from Arusha\u00a0to Dar es Salaam train tickets online\" \/>\n<meta property=\"og:url\" content=\"https:\/\/tiketi.com\/fr-fr\/train\/routes\/train-dar-es-salaam-to-arusha\/\" \/>\n<meta property=\"og:site_name\" content=\"Tiketi.com\" \/>\n<meta property=\"article:publisher\" content=\"https:\/\/www.facebook.com\/TiketiCom\/\" \/>\n<meta property=\"article:modified_time\" content=\"2024-09-24T09:55:06+00:00\" \/>\n<meta property=\"og:image\" content=\"https:\/\/tiketi.com\/wp-content\/uploads\/2022\/02\/train-booking-ice-g5b642a238_1280.jpg\" \/>\n\t<meta property=\"og:image:width\" content=\"1200\" \/>\n\t<meta property=\"og:image:height\" content=\"200\" \/>\n\t<meta property=\"og:image:type\" content=\"image\/jpeg\" \/>\n<meta name=\"twitter:card\" content=\"summary_large_image\" \/>\n<meta name=\"twitter:label1\" content=\"Dur\u00e9e de lecture estim\u00e9e\" \/>\n\t<meta name=\"twitter:data1\" content=\"3 minutes\" \/>\n<script type=\"application\/ld+json\" class=\"yoast-schema-graph\">{\"@context\":\"https:\\\/\\\/schema.org\",\"@graph\":[{\"@type\":\"WebPage\",\"@id\":\"https:\\\/\\\/tiketi.com\\\/train\\\/routes\\\/train-dar-es-salaam-to-arusha\\\/\",\"url\":\"https:\\\/\\\/tiketi.com\\\/train\\\/routes\\\/train-dar-es-salaam-to-arusha\\\/\",\"name\":\"Train from Dar es Salaam to Arusha Train Tickets Booking\",\"isPartOf\":{\"@id\":\"https:\\\/\\\/tiketi.com\\\/#website\"},\"primaryImageOfPage\":{\"@id\":\"https:\\\/\\\/tiketi.com\\\/train\\\/routes\\\/train-dar-es-salaam-to-arusha\\\/#primaryimage\"},\"image\":{\"@id\":\"https:\\\/\\\/tiketi.com\\\/train\\\/routes\\\/train-dar-es-salaam-to-arusha\\\/#primaryimage\"},\"thumbnailUrl\":\"https:\\\/\\\/tiketi.com\\\/wp-content\\\/uploads\\\/2022\\\/02\\\/train-booking-ice-g5b642a238_1280.jpg\",\"datePublished\":\"2022-01-19T11:54:14+00:00\",\"dateModified\":\"2024-09-24T09:55:06+00:00\",\"description\":\"Looking for train from Dar es Salaam to Arusha train tickets booking, routes, sgr, schedules & fares? Book cheap train\u00a0from Arusha\u00a0to Dar es Salaam train tickets online\",\"breadcrumb\":{\"@id\":\"https:\\\/\\\/tiketi.com\\\/train\\\/routes\\\/train-dar-es-salaam-to-arusha\\\/#breadcrumb\"},\"inLanguage\":\"fr-FR\",\"potentialAction\":[{\"@type\":\"ReadAction\",\"target\":[\"https:\\\/\\\/tiketi.com\\\/train\\\/routes\\\/train-dar-es-salaam-to-arusha\\\/\"]}]},{\"@type\":\"ImageObject\",\"inLanguage\":\"fr-FR\",\"@id\":\"https:\\\/\\\/tiketi.com\\\/train\\\/routes\\\/train-dar-es-salaam-to-arusha\\\/#primaryimage\",\"url\":\"https:\\\/\\\/tiketi.com\\\/wp-content\\\/uploads\\\/2022\\\/02\\\/train-booking-ice-g5b642a238_1280.jpg\",\"contentUrl\":\"https:\\\/\\\/tiketi.com\\\/wp-content\\\/uploads\\\/2022\\\/02\\\/train-booking-ice-g5b642a238_1280.jpg\",\"width\":1200,\"height\":200,\"caption\":\"Train Ticket Booking\"},{\"@type\":\"BreadcrumbList\",\"@id\":\"https:\\\/\\\/tiketi.com\\\/train\\\/routes\\\/train-dar-es-salaam-to-arusha\\\/#breadcrumb\",\"itemListElement\":[{\"@type\":\"ListItem\",\"position\":1,\"name\":\"Home\",\"item\":\"https:\\\/\\\/tiketi.com\\\/\"},{\"@type\":\"ListItem\",\"position\":2,\"name\":\"Train\",\"item\":\"https:\\\/\\\/tiketi.com\\\/train\\\/\"},{\"@type\":\"ListItem\",\"position\":3,\"name\":\"Routes\",\"item\":\"https:\\\/\\\/tiketi.com\\\/train\\\/routes\\\/\"},{\"@type\":\"ListItem\",\"position\":4,\"name\":\"Train from Dar es Salaam to Arusha Train Tickets &#038; Fares\"}]},{\"@type\":\"WebSite\",\"@id\":\"https:\\\/\\\/tiketi.com\\\/#website\",\"url\":\"https:\\\/\\\/tiketi.com\\\/\",\"name\":\"Flight & Bus Tickets, Tour Packages & Activitites - Tiketi.com\",\"description\":\"Flight &amp; Bus Tickets, Tours, Activitites\",\"publisher\":{\"@id\":\"https:\\\/\\\/tiketi.com\\\/#organization\"},\"potentialAction\":[{\"@type\":\"SearchAction\",\"target\":{\"@type\":\"EntryPoint\",\"urlTemplate\":\"https:\\\/\\\/tiketi.com\\\/?s={search_term_string}\"},\"query-input\":{\"@type\":\"PropertyValueSpecification\",\"valueRequired\":true,\"valueName\":\"search_term_string\"}}],\"inLanguage\":\"fr-FR\"},{\"@type\":\"Organization\",\"@id\":\"https:\\\/\\\/tiketi.com\\\/#organization\",\"name\":\"Tiketi.com\",\"alternateName\":\"Tiketi\",\"url\":\"https:\\\/\\\/tiketi.com\\\/\",\"logo\":{\"@type\":\"ImageObject\",\"inLanguage\":\"fr-FR\",\"@id\":\"https:\\\/\\\/tiketi.com\\\/#\\\/schema\\\/logo\\\/image\\\/\",\"url\":\"https:\\\/\\\/tiketi.com\\\/wp-content\\\/uploads\\\/2019\\\/05\\\/tiketi-logo-696.png\",\"contentUrl\":\"https:\\\/\\\/tiketi.com\\\/wp-content\\\/uploads\\\/2019\\\/05\\\/tiketi-logo-696.png\",\"width\":696,\"height\":696,\"caption\":\"Tiketi.com\"},\"image\":{\"@id\":\"https:\\\/\\\/tiketi.com\\\/#\\\/schema\\\/logo\\\/image\\\/\"},\"sameAs\":[\"https:\\\/\\\/www.facebook.com\\\/TiketiCom\\\/\"]}]}<\/script>\n<!-- \/ Yoast SEO plugin. -->","yoast_head_json":{"title":"Train de Dar es Salaam \u00e0 Arusha Billets de train R\u00e9servation","description":"Vous recherchez des billets de train de Dar es Salaam \u00e0 Arusha, r\u00e9servation de billets de train, itin\u00e9raires, sgr, horaires et tarifs? R\u00e9servez en ligne des billets de train pas chers de Arusha \u00e0 Dar es Salaam","robots":{"index":"index","follow":"follow","max-snippet":"max-snippet:-1","max-image-preview":"max-image-preview:large","max-video-preview":"max-video-preview:-1"},"canonical":"https:\/\/tiketi.com\/fr-fr\/train\/routes\/train-dar-es-salaam-to-arusha\/","og_locale":"fr_FR","og_type":"article","og_title":"Train from Dar es Salaam to Arusha Train Tickets Booking","og_description":"Looking for train from Dar es Salaam to Arusha train tickets booking, routes, sgr, schedules & fares? Book cheap train\u00a0from Arusha\u00a0to Dar es Salaam train tickets online","og_url":"https:\/\/tiketi.com\/fr-fr\/train\/routes\/train-dar-es-salaam-to-arusha\/","og_site_name":"Tiketi.com","article_publisher":"https:\/\/www.facebook.com\/TiketiCom\/","article_modified_time":"2024-09-24T09:55:06+00:00","og_image":[{"width":1200,"height":200,"url":"https:\/\/tiketi.com\/wp-content\/uploads\/2022\/02\/train-booking-ice-g5b642a238_1280.jpg","type":"image\/jpeg"}],"twitter_card":"summary_large_image","twitter_misc":{"Dur\u00e9e de lecture estim\u00e9e":"3 minutes"},"schema":{"@context":"https:\/\/schema.org","@graph":[{"@type":"WebPage","@id":"https:\/\/tiketi.com\/train\/routes\/train-dar-es-salaam-to-arusha\/","url":"https:\/\/tiketi.com\/train\/routes\/train-dar-es-salaam-to-arusha\/","name":"Train de Dar es Salaam \u00e0 Arusha Billets de train R\u00e9servation","isPartOf":{"@id":"https:\/\/tiketi.com\/#website"},"primaryImageOfPage":{"@id":"https:\/\/tiketi.com\/train\/routes\/train-dar-es-salaam-to-arusha\/#primaryimage"},"image":{"@id":"https:\/\/tiketi.com\/train\/routes\/train-dar-es-salaam-to-arusha\/#primaryimage"},"thumbnailUrl":"https:\/\/tiketi.com\/wp-content\/uploads\/2022\/02\/train-booking-ice-g5b642a238_1280.jpg","datePublished":"2022-01-19T11:54:14+00:00","dateModified":"2024-09-24T09:55:06+00:00","description":"Vous recherchez des billets de train de Dar es Salaam \u00e0 Arusha, r\u00e9servation de billets de train, itin\u00e9raires, sgr, horaires et tarifs? R\u00e9servez en ligne des billets de train pas chers de Arusha \u00e0 Dar es Salaam","breadcrumb":{"@id":"https:\/\/tiketi.com\/train\/routes\/train-dar-es-salaam-to-arusha\/#breadcrumb"},"inLanguage":"fr-FR","potentialAction":[{"@type":"ReadAction","target":["https:\/\/tiketi.com\/train\/routes\/train-dar-es-salaam-to-arusha\/"]}]},{"@type":"ImageObject","inLanguage":"fr-FR","@id":"https:\/\/tiketi.com\/train\/routes\/train-dar-es-salaam-to-arusha\/#primaryimage","url":"https:\/\/tiketi.com\/wp-content\/uploads\/2022\/02\/train-booking-ice-g5b642a238_1280.jpg","contentUrl":"https:\/\/tiketi.com\/wp-content\/uploads\/2022\/02\/train-booking-ice-g5b642a238_1280.jpg","width":1200,"height":200,"caption":"Train Ticket Booking"},{"@type":"BreadcrumbList","@id":"https:\/\/tiketi.com\/train\/routes\/train-dar-es-salaam-to-arusha\/#breadcrumb","itemListElement":[{"@type":"ListItem","position":1,"name":"Home","item":"https:\/\/tiketi.com\/"},{"@type":"ListItem","position":2,"name":"Train","item":"https:\/\/tiketi.com\/train\/"},{"@type":"ListItem","position":3,"name":"Routes","item":"https:\/\/tiketi.com\/train\/routes\/"},{"@type":"ListItem","position":4,"name":"Train from Dar es Salaam to Arusha Train Tickets &#038; Fares"}]},{"@type":"WebSite","@id":"https:\/\/tiketi.com\/#website","url":"https:\/\/tiketi.com\/","name":"Billets d&#039;avion et de bus, forfaits touristiques et activit\u00e9s - Tiketi.com","description":"Billets d&#039;avion et de bus, Tours, Activit\u00e9s","publisher":{"@id":"https:\/\/tiketi.com\/#organization"},"potentialAction":[{"@type":"SearchAction","target":{"@type":"EntryPoint","urlTemplate":"https:\/\/tiketi.com\/?s={search_term_string}"},"query-input":{"@type":"PropertyValueSpecification","valueRequired":true,"valueName":"search_term_string"}}],"inLanguage":"fr-FR"},{"@type":"Organization","@id":"https:\/\/tiketi.com\/#organization","name":"Tiketi.com","alternateName":"Tiketi","url":"https:\/\/tiketi.com\/","logo":{"@type":"ImageObject","inLanguage":"fr-FR","@id":"https:\/\/tiketi.com\/#\/schema\/logo\/image\/","url":"https:\/\/tiketi.com\/wp-content\/uploads\/2019\/05\/tiketi-logo-696.png","contentUrl":"https:\/\/tiketi.com\/wp-content\/uploads\/2019\/05\/tiketi-logo-696.png","width":696,"height":696,"caption":"Tiketi.com"},"image":{"@id":"https:\/\/tiketi.com\/#\/schema\/logo\/image\/"},"sameAs":["https:\/\/www.facebook.com\/TiketiCom\/"]}]}},"_links":{"self":[{"href":"https:\/\/tiketi.com\/fr-fr\/wp-json\/wp\/v2\/pages\/11109","targetHints":{"allow":["GET"]}}],"collection":[{"href":"https:\/\/tiketi.com\/fr-fr\/wp-json\/wp\/v2\/pages"}],"about":[{"href":"https:\/\/tiketi.com\/fr-fr\/wp-json\/wp\/v2\/types\/page"}],"author":[{"embeddable":true,"href":"https:\/\/tiketi.com\/fr-fr\/wp-json\/wp\/v2\/users\/1"}],"replies":[{"embeddable":true,"href":"https:\/\/tiketi.com\/fr-fr\/wp-json\/wp\/v2\/comments?post=11109"}],"version-history":[{"count":1,"href":"https:\/\/tiketi.com\/fr-fr\/wp-json\/wp\/v2\/pages\/11109\/revisions"}],"predecessor-version":[{"id":31060,"href":"https:\/\/tiketi.com\/fr-fr\/wp-json\/wp\/v2\/pages\/11109\/revisions\/31060"}],"up":[{"embeddable":true,"href":"https:\/\/tiketi.com\/fr-fr\/wp-json\/wp\/v2\/pages\/25256"}],"wp:featuredmedia":[{"embeddable":true,"href":"https:\/\/tiketi.com\/fr-fr\/wp-json\/wp\/v2\/media\/20644"}],"wp:attachment":[{"href":"https:\/\/tiketi.com\/fr-fr\/wp-json\/wp\/v2\/media?parent=11109"}],"curies":[{"name":"wp","href":"https:\/\/api.w.org\/{rel}","templated":true}]}}