{"id":11110,"date":"2022-01-19T12:54:14","date_gmt":"2022-01-19T11:54:14","guid":{"rendered":"https:\/\/new.tiketi.com\/fly540-online-booking-cheap-flights\/"},"modified":"2022-02-12T15:46:29","modified_gmt":"2022-02-12T14:46:29","slug":"fly-540-online-booking-flights","status":"publish","type":"page","link":"https:\/\/tiketi.com\/fr-fr\/fly-540-online-booking-flights\/","title":{"rendered":"Fly540 R\u00e9servation en ligne \u2013 Vols pas chers"},"content":{"rendered":"<h2>R\u00e9servation de vol Fly540 pas cher en ligne<\/h2>\n<h3>Comparez et r\u00e9servez vos billets Fly540 pas chers en ligne d\u00e8s maintenant.<\/h3>\n<p>Recherchez, comparez et faites des r\u00e9servations en ligne Fly540 pas ch\u00e8res. Fly540 est une compagnie a\u00e9rienne k\u00e9nyane \u00e0 bas prix qui g\u00e8re des vols autour de l&#039;Afrique de l&#039;Est. La compagnie a\u00e9rienne est bas\u00e9e \u00e0 Nairobi et est bas\u00e9e \u00e0 l&#039;a\u00e9roport international Jomo Kenyatta (NBO), desservant des destinations au Soudan du Sud, au Kenya et \u00e0 Zanzibar avec des vols r\u00e9guliers. Faites une r\u00e9servation de vol Fly540 pas cher en ligne maintenant et \u00e9conomisez du temps et de l&#039;argent.<\/p>\n<h2>FAQ sur la r\u00e9servation en ligne Fly540<\/h2>\n<h3>R\u00e9servation de vol Fly540 sur des itin\u00e9raires c\u00e9l\u00e8bres<\/h3>\n<p>\u00c0 sa cr\u00e9ation, Fly540 n&#039;avait qu&#039;un seul itin\u00e9raire de vol, de Nairobi \u00e0 Mombasa, deux des plus grandes villes du Kenya. En raison de leur prix abordable, Fly40 a pu \u00e9tendre leurs itin\u00e9raires de vols vers toutes les autres destinations c\u00e9l\u00e8bres.<\/p>\n<h3>Informations sur la flotte<\/h3>\n<p>\u2022 Fly540 a les avions suivants dans la flotte\u00a0:<br \/>\n\u2022 1 x DC-9 Jet 130 passagers<br \/>\n\u2022 2 turbopropulseurs Bombardier Dash 8 s\u00e9rie 102 37 passagers.<br \/>\n\u2022 1x Fokker F28 Jet 67 passagers<br \/>\n\u2022 3X CANADAIR CL-600-2B19 Jet 50 passagers<\/p>\n<h3>Franchise de bagages Fly540<\/h3>\n<h4>Les bagages \u00e0 main<\/h4>\n<p>Les bagages \u00e0 main des passagers ne doivent pas d\u00e9passer les dimensions 56x 45\u00d725 cm. Il n&#039;y a pas de poids officiel sur les bagages \u00e0 main mais ils ne doivent pas \u00eatre excessivement lourds.<\/p>\n<h4>Bagages enregistr\u00e9s<\/h4>\n<p>Les passagers ont droit \u00e0 1 x 20 kg de bagages enregistr\u00e9s par personne. Les b\u00e9b\u00e9s qui n&#039;occupent pas leur propre si\u00e8ge sont autoris\u00e9s 1 x 10 kg en plus d&#039;une poussette pliable.<\/p>\n<h3>Enregistrement Fly540<\/h3>\n<h4>Enregistrement en ligne<\/h4>\n<p>L&#039;enregistrement en ligne ouvre quarante-huit heures avant l&#039;heure de d\u00e9part du vol et ferme 2 heures avant. Pour s&#039;enregistrer en ligne, les passagers doivent saisir leur nom et leur r\u00e9f\u00e9rence de r\u00e9servation dans la section G\u00e9rer ma r\u00e9servation du site fly540.<\/p>\n<h2>Fly540 Conseils de r\u00e9servation de vol en ligne<\/h2>\n<p>La compagnie a\u00e9rienne a \u00e9t\u00e9 fond\u00e9e en 2006 et a commenc\u00e9 \u00e0 voler en novembre de la m\u00eame ann\u00e9e avec des vols int\u00e9rieurs entre Mombasa et Nairobi avec des avions ATR 42. En 2007, la compagnie a\u00e9rienne a inclus des avions suppl\u00e9mentaires et d\u00e9velopp\u00e9 de nouvelles routes locales, ce qui a entra\u00een\u00e9 une augmentation du nombre de passagers de 93 % \u00e0 la fin de 2008. En 2008, la compagnie a\u00e9rienne a introduit des vols internationaux vers le Soudan du Sud, la R\u00e9publique d\u00e9mocratique de l&#039;Ouganda et Congo.<\/p>\n<p>En 2012, la compagnie a\u00e9rienne a \u00e9t\u00e9 achet\u00e9e par FastJet, qui souhaitait investir et lancer une compagnie a\u00e9rienne \u00e0 bas prix en Afrique avec un mod\u00e8le commercial similaire \u00e0 celui d&#039;EasyJet.<\/p>","protected":false},"excerpt":{"rendered":"<p>Cheap Fly540 Flight Booking Online Compare and book your cheap Fly540 tickets online now. Search, compare and do cheap Fly540 online booking.\u00a0Fly540 is a Kenyan low-cost airline which runs flights around East Africa. The airline is based in Nairobi and is hubbed at Jomo Kenyatta international Airport (NBO), flying to destinations in South Sudan, Kenya, [&hellip;]<\/p>\n","protected":false},"author":1,"featured_media":14041,"parent":0,"menu_order":0,"comment_status":"open","ping_status":"closed","template":"template-home-modern.php","meta":{"footnotes":""},"class_list":["post-11110","page","type-page","status-publish","has-post-thumbnail","hentry"],"yoast_head":"<!-- This site is optimized with the Yoast SEO plugin v27.4 - https:\/\/yoast.com\/product\/yoast-seo-wordpress\/ -->\n<title>Fly540 Online Booking - Cheap Flights<\/title>\n<meta name=\"description\" content=\"Looking for Fly540 online booking in Kenya and Tanzania? Do cheap Fly540 flight booking online online now and save time and money\" \/>\n<meta name=\"robots\" content=\"index, follow, max-snippet:-1, max-image-preview:large, max-video-preview:-1\" \/>\n<link rel=\"canonical\" href=\"https:\/\/tiketi.com\/fr-fr\/fly-540-online-booking-flights\/\" \/>\n<meta property=\"og:locale\" content=\"fr_FR\" \/>\n<meta property=\"og:type\" content=\"article\" \/>\n<meta property=\"og:title\" content=\"Fly540 Online Booking - Cheap Flights\" \/>\n<meta property=\"og:description\" content=\"Looking for Fly540 online booking in Kenya and Tanzania? Do cheap Fly540 flight booking online online now and save time and money\" \/>\n<meta property=\"og:url\" content=\"https:\/\/tiketi.com\/fr-fr\/fly-540-online-booking-flights\/\" \/>\n<meta property=\"og:site_name\" content=\"Tiketi.com\" \/>\n<meta property=\"article:publisher\" content=\"https:\/\/www.facebook.com\/TiketiCom\/\" \/>\n<meta property=\"article:modified_time\" content=\"2022-02-12T14:46:29+00:00\" \/>\n<meta property=\"og:image\" content=\"https:\/\/tiketi.com\/wp-content\/uploads\/2022\/01\/flight-ticket-booking-sorasak-KxCJXXGsv9I-unsplas.jpg\" \/>\n\t<meta property=\"og:image:width\" content=\"1200\" \/>\n\t<meta property=\"og:image:height\" content=\"240\" \/>\n\t<meta property=\"og:image:type\" content=\"image\/jpeg\" \/>\n<meta name=\"twitter:card\" content=\"summary_large_image\" \/>\n<meta name=\"twitter:label1\" content=\"Dur\u00e9e de lecture estim\u00e9e\" \/>\n\t<meta name=\"twitter:data1\" content=\"2 minutes\" \/>\n<script type=\"application\/ld+json\" class=\"yoast-schema-graph\">{\"@context\":\"https:\\\/\\\/schema.org\",\"@graph\":[{\"@type\":\"WebPage\",\"@id\":\"https:\\\/\\\/tiketi.com\\\/en-gb\\\/fly-540-online-booking-flights\\\/\",\"url\":\"https:\\\/\\\/tiketi.com\\\/en-gb\\\/fly-540-online-booking-flights\\\/\",\"name\":\"Fly540 Online Booking - Cheap Flights\",\"isPartOf\":{\"@id\":\"https:\\\/\\\/tiketi.com\\\/#website\"},\"primaryImageOfPage\":{\"@id\":\"https:\\\/\\\/tiketi.com\\\/en-gb\\\/fly-540-online-booking-flights\\\/#primaryimage\"},\"image\":{\"@id\":\"https:\\\/\\\/tiketi.com\\\/en-gb\\\/fly-540-online-booking-flights\\\/#primaryimage\"},\"thumbnailUrl\":\"https:\\\/\\\/tiketi.com\\\/wp-content\\\/uploads\\\/2022\\\/01\\\/flight-ticket-booking-sorasak-KxCJXXGsv9I-unsplas.jpg\",\"datePublished\":\"2022-01-19T11:54:14+00:00\",\"dateModified\":\"2022-02-12T14:46:29+00:00\",\"description\":\"Looking for Fly540 online booking in Kenya and Tanzania? Do cheap Fly540 flight booking online online now and save time and money\",\"breadcrumb\":{\"@id\":\"https:\\\/\\\/tiketi.com\\\/en-gb\\\/fly-540-online-booking-flights\\\/#breadcrumb\"},\"inLanguage\":\"fr-FR\",\"potentialAction\":[{\"@type\":\"ReadAction\",\"target\":[\"https:\\\/\\\/tiketi.com\\\/en-gb\\\/fly-540-online-booking-flights\\\/\"]}]},{\"@type\":\"ImageObject\",\"inLanguage\":\"fr-FR\",\"@id\":\"https:\\\/\\\/tiketi.com\\\/en-gb\\\/fly-540-online-booking-flights\\\/#primaryimage\",\"url\":\"https:\\\/\\\/tiketi.com\\\/wp-content\\\/uploads\\\/2022\\\/01\\\/flight-ticket-booking-sorasak-KxCJXXGsv9I-unsplas.jpg\",\"contentUrl\":\"https:\\\/\\\/tiketi.com\\\/wp-content\\\/uploads\\\/2022\\\/01\\\/flight-ticket-booking-sorasak-KxCJXXGsv9I-unsplas.jpg\",\"width\":1200,\"height\":240,\"caption\":\"Online flight ticket booking\"},{\"@type\":\"BreadcrumbList\",\"@id\":\"https:\\\/\\\/tiketi.com\\\/en-gb\\\/fly-540-online-booking-flights\\\/#breadcrumb\",\"itemListElement\":[{\"@type\":\"ListItem\",\"position\":1,\"name\":\"Home\",\"item\":\"https:\\\/\\\/tiketi.com\\\/\"},{\"@type\":\"ListItem\",\"position\":2,\"name\":\"Fly540 Online Booking &#8211; Cheap Flights\"}]},{\"@type\":\"WebSite\",\"@id\":\"https:\\\/\\\/tiketi.com\\\/#website\",\"url\":\"https:\\\/\\\/tiketi.com\\\/\",\"name\":\"Flight & Bus Tickets, Tour Packages & Activitites - Tiketi.com\",\"description\":\"Flight &amp; Bus Tickets, Tours, Activitites\",\"publisher\":{\"@id\":\"https:\\\/\\\/tiketi.com\\\/#organization\"},\"potentialAction\":[{\"@type\":\"SearchAction\",\"target\":{\"@type\":\"EntryPoint\",\"urlTemplate\":\"https:\\\/\\\/tiketi.com\\\/?s={search_term_string}\"},\"query-input\":{\"@type\":\"PropertyValueSpecification\",\"valueRequired\":true,\"valueName\":\"search_term_string\"}}],\"inLanguage\":\"fr-FR\"},{\"@type\":\"Organization\",\"@id\":\"https:\\\/\\\/tiketi.com\\\/#organization\",\"name\":\"Tiketi.com\",\"alternateName\":\"Tiketi\",\"url\":\"https:\\\/\\\/tiketi.com\\\/\",\"logo\":{\"@type\":\"ImageObject\",\"inLanguage\":\"fr-FR\",\"@id\":\"https:\\\/\\\/tiketi.com\\\/#\\\/schema\\\/logo\\\/image\\\/\",\"url\":\"https:\\\/\\\/tiketi.com\\\/wp-content\\\/uploads\\\/2019\\\/05\\\/tiketi-logo-696.png\",\"contentUrl\":\"https:\\\/\\\/tiketi.com\\\/wp-content\\\/uploads\\\/2019\\\/05\\\/tiketi-logo-696.png\",\"width\":696,\"height\":696,\"caption\":\"Tiketi.com\"},\"image\":{\"@id\":\"https:\\\/\\\/tiketi.com\\\/#\\\/schema\\\/logo\\\/image\\\/\"},\"sameAs\":[\"https:\\\/\\\/www.facebook.com\\\/TiketiCom\\\/\"]}]}<\/script>\n<!-- \/ Yoast SEO plugin. -->","yoast_head_json":{"title":"Fly540 R\u00e9servation en ligne - Vols pas chers","description":"Vous recherchez une r\u00e9servation en ligne Fly540 au Kenya et en Tanzanie ? Faites une r\u00e9servation de vol Fly540 pas cher en ligne maintenant et \u00e9conomisez du temps et de l&#039;argent","robots":{"index":"index","follow":"follow","max-snippet":"max-snippet:-1","max-image-preview":"max-image-preview:large","max-video-preview":"max-video-preview:-1"},"canonical":"https:\/\/tiketi.com\/fr-fr\/fly-540-online-booking-flights\/","og_locale":"fr_FR","og_type":"article","og_title":"Fly540 Online Booking - Cheap Flights","og_description":"Looking for Fly540 online booking in Kenya and Tanzania? Do cheap Fly540 flight booking online online now and save time and money","og_url":"https:\/\/tiketi.com\/fr-fr\/fly-540-online-booking-flights\/","og_site_name":"Tiketi.com","article_publisher":"https:\/\/www.facebook.com\/TiketiCom\/","article_modified_time":"2022-02-12T14:46:29+00:00","og_image":[{"width":1200,"height":240,"url":"https:\/\/tiketi.com\/wp-content\/uploads\/2022\/01\/flight-ticket-booking-sorasak-KxCJXXGsv9I-unsplas.jpg","type":"image\/jpeg"}],"twitter_card":"summary_large_image","twitter_misc":{"Dur\u00e9e de lecture estim\u00e9e":"2 minutes"},"schema":{"@context":"https:\/\/schema.org","@graph":[{"@type":"WebPage","@id":"https:\/\/tiketi.com\/en-gb\/fly-540-online-booking-flights\/","url":"https:\/\/tiketi.com\/en-gb\/fly-540-online-booking-flights\/","name":"Fly540 R\u00e9servation en ligne - Vols pas chers","isPartOf":{"@id":"https:\/\/tiketi.com\/#website"},"primaryImageOfPage":{"@id":"https:\/\/tiketi.com\/en-gb\/fly-540-online-booking-flights\/#primaryimage"},"image":{"@id":"https:\/\/tiketi.com\/en-gb\/fly-540-online-booking-flights\/#primaryimage"},"thumbnailUrl":"https:\/\/tiketi.com\/wp-content\/uploads\/2022\/01\/flight-ticket-booking-sorasak-KxCJXXGsv9I-unsplas.jpg","datePublished":"2022-01-19T11:54:14+00:00","dateModified":"2022-02-12T14:46:29+00:00","description":"Vous recherchez une r\u00e9servation en ligne Fly540 au Kenya et en Tanzanie ? Faites une r\u00e9servation de vol Fly540 pas cher en ligne maintenant et \u00e9conomisez du temps et de l&#039;argent","breadcrumb":{"@id":"https:\/\/tiketi.com\/en-gb\/fly-540-online-booking-flights\/#breadcrumb"},"inLanguage":"fr-FR","potentialAction":[{"@type":"ReadAction","target":["https:\/\/tiketi.com\/en-gb\/fly-540-online-booking-flights\/"]}]},{"@type":"ImageObject","inLanguage":"fr-FR","@id":"https:\/\/tiketi.com\/en-gb\/fly-540-online-booking-flights\/#primaryimage","url":"https:\/\/tiketi.com\/wp-content\/uploads\/2022\/01\/flight-ticket-booking-sorasak-KxCJXXGsv9I-unsplas.jpg","contentUrl":"https:\/\/tiketi.com\/wp-content\/uploads\/2022\/01\/flight-ticket-booking-sorasak-KxCJXXGsv9I-unsplas.jpg","width":1200,"height":240,"caption":"Online flight ticket booking"},{"@type":"BreadcrumbList","@id":"https:\/\/tiketi.com\/en-gb\/fly-540-online-booking-flights\/#breadcrumb","itemListElement":[{"@type":"ListItem","position":1,"name":"Home","item":"https:\/\/tiketi.com\/"},{"@type":"ListItem","position":2,"name":"Fly540 Online Booking &#8211; Cheap Flights"}]},{"@type":"WebSite","@id":"https:\/\/tiketi.com\/#website","url":"https:\/\/tiketi.com\/","name":"Billets d&#039;avion et de bus, forfaits touristiques et activit\u00e9s - Tiketi.com","description":"Billets d&#039;avion et de bus, Tours, Activit\u00e9s","publisher":{"@id":"https:\/\/tiketi.com\/#organization"},"potentialAction":[{"@type":"SearchAction","target":{"@type":"EntryPoint","urlTemplate":"https:\/\/tiketi.com\/?s={search_term_string}"},"query-input":{"@type":"PropertyValueSpecification","valueRequired":true,"valueName":"search_term_string"}}],"inLanguage":"fr-FR"},{"@type":"Organization","@id":"https:\/\/tiketi.com\/#organization","name":"Tiketi.com","alternateName":"Tiketi","url":"https:\/\/tiketi.com\/","logo":{"@type":"ImageObject","inLanguage":"fr-FR","@id":"https:\/\/tiketi.com\/#\/schema\/logo\/image\/","url":"https:\/\/tiketi.com\/wp-content\/uploads\/2019\/05\/tiketi-logo-696.png","contentUrl":"https:\/\/tiketi.com\/wp-content\/uploads\/2019\/05\/tiketi-logo-696.png","width":696,"height":696,"caption":"Tiketi.com"},"image":{"@id":"https:\/\/tiketi.com\/#\/schema\/logo\/image\/"},"sameAs":["https:\/\/www.facebook.com\/TiketiCom\/"]}]}},"_links":{"self":[{"href":"https:\/\/tiketi.com\/fr-fr\/wp-json\/wp\/v2\/pages\/11110","targetHints":{"allow":["GET"]}}],"collection":[{"href":"https:\/\/tiketi.com\/fr-fr\/wp-json\/wp\/v2\/pages"}],"about":[{"href":"https:\/\/tiketi.com\/fr-fr\/wp-json\/wp\/v2\/types\/page"}],"author":[{"embeddable":true,"href":"https:\/\/tiketi.com\/fr-fr\/wp-json\/wp\/v2\/users\/1"}],"replies":[{"embeddable":true,"href":"https:\/\/tiketi.com\/fr-fr\/wp-json\/wp\/v2\/comments?post=11110"}],"version-history":[{"count":0,"href":"https:\/\/tiketi.com\/fr-fr\/wp-json\/wp\/v2\/pages\/11110\/revisions"}],"wp:featuredmedia":[{"embeddable":true,"href":"https:\/\/tiketi.com\/fr-fr\/wp-json\/wp\/v2\/media\/14041"}],"wp:attachment":[{"href":"https:\/\/tiketi.com\/fr-fr\/wp-json\/wp\/v2\/media?parent=11110"}],"curies":[{"name":"wp","href":"https:\/\/api.w.org\/{rel}","templated":true}]}}