{"id":11111,"date":"2022-01-19T12:54:14","date_gmt":"2022-01-19T11:54:14","guid":{"rendered":"https:\/\/new.tiketi.com\/flysax-online-booking-cheap-flysax-ticket\/"},"modified":"2022-02-12T15:51:38","modified_gmt":"2022-02-12T14:51:38","slug":"fly-sax-online-booking-flight-tickets","status":"publish","type":"page","link":"https:\/\/tiketi.com\/fr-fr\/fly-sax-online-booking-flight-tickets\/","title":{"rendered":"R\u00e9servation en ligne FlySax - Billet FlySax pas cher"},"content":{"rendered":"<h2>R\u00e9servation de vol pas cher Fly Sax en ligne<\/h2>\n<h3>Comparez et r\u00e9servez d\u00e8s maintenant vos billets FlySax pas chers en ligne.<\/h3>\n<p>Recherchez, comparez et faites une r\u00e9servation en ligne FlySax \u00e0 bas prix. Fly-SAX \u00e9tait une compagnie a\u00e9rienne k\u00e9nyane bas\u00e9e \u00e0 l&#039;a\u00e9roport Wilson de Nairobi. Faites la r\u00e9servation de vols pas chers Fly Sax en ligne d\u00e8s maintenant et \u00e9conomisez du temps et de l&#039;argent.<\/p>\n<h2>FAQ sur la r\u00e9servation en ligne FlySax<\/h2>\n<h3>Billets FlySax r\u00e9servant des destinations populaires<\/h3>\n<p>La compagnie a\u00e9rienne \u00e9tait le premier safari au Kenya et la compagnie a\u00e9rienne charter priv\u00e9e proposait des vols vers un large \u00e9ventail de destinations populaires, notamment Lamu, Kitale, Kenya, Maasai Mara, Lokichogio, Mombasa, Malindi, Nairobi - toutes desservies par le hub de l&#039;a\u00e9roport international de Jomo Kenyatta, l&#039;a\u00e9roport de Nairo Wilson .<\/p>\n<h3>Enregistrement<\/h3>\n<p>Fly-Sax exige que les passagers s&#039;enregistrent quarante minutes avant le d\u00e9part pour les vols int\u00e9rieurs et deux heures pour les vols internationaux. L&#039;embarquement a tendance \u00e0 commencer environ vingt-quatre minutes avant le d\u00e9part tandis que les portes d&#039;embarquement se ferment dix minutes avant l&#039;heure de d\u00e9part.<\/p>\n<h3>Franchise de bagages<\/h3>\n<p>Fly-Sax a une limite de franchise de bagages de 20 kg par passager mais de quinze kg pour les destinations safari en raison de la taille de l&#039;avion. La compagnie a\u00e9rienne n&#039;autorise que des sacs souples au lieu de valises plus grandes qui peuvent occuper plus d&#039;espace dans la section cargo de l&#039;avion.<\/p>\n<h3>Informations sur la flotte<\/h3>\n<p>La compagnie a\u00e9rienne relie le Kenya au reste de l&#039;Afrique de l&#039;Est avec une flotte de six avions. La flotte se compose de cinq avions diff\u00e9rents \u00e0 savoir :<\/p>\n<p>\u2022 Bombardier Dash 8-1000<br \/>\n\u2022 Bombardier CRJ100ER<br \/>\n\u2022 Douglas DC-9-10<br \/>\n\u2022 McDonnell Douglas MD-83<br \/>\n\u2022 Bourse Fokker F28 4000<\/p>\n<h2>Conseils de r\u00e9servation de vol Fly Sax en ligne<\/h2>\n<p>Cela s&#039;appelait en fait East African Safari Air mais a \u00e9t\u00e9 rebaptis\u00e9 Fly-SAX en 2010 apr\u00e8s que la compagnie a\u00e9rienne a \u00e9t\u00e9 achet\u00e9e par sa soci\u00e9t\u00e9 m\u00e8re et sa compatriote compagnie a\u00e9rienne kenyane Fly540. En 2019, il a \u00e9t\u00e9 annonc\u00e9 que la compagnie a\u00e9rienne serait rebaptis\u00e9e EastAfrican.<\/p>\n<p>La r\u00e9servation de vol Fly Sax en ligne peut \u00eatre effectu\u00e9e par t\u00e9l\u00e9phone ou en ligne, ainsi que par l&#039;interm\u00e9diaire d&#039;agents de voyages locaux. Si vous modifiez vos projets de voyage et souhaitez annuler votre r\u00e9servation FlySax, celle-ci peut \u00eatre trait\u00e9e si elle est initi\u00e9e huit heures avant le d\u00e9collage. La compagnie a\u00e9rienne est reconnue comme la premi\u00e8re compagnie a\u00e9rienne priv\u00e9e d&#039;affr\u00e8tement et de safari au d\u00e9part de Nairobi, avec des vols r\u00e9guliers et non r\u00e9guliers au Kenya vers d&#039;autres pays d&#039;Afrique de l&#039;Est, dont la Tanzanie.<\/p>","protected":false},"excerpt":{"rendered":"<p>Cheap Fly Sax Flight Booking Online Compare and book your cheap FlySax tickets online now. Search, compare and do cheap FlySax online booking.\u00a0Fly-SAX was a Kenyan airline based at Wilson Airport in Nairobi. Do\u00a0cheap Fly Sax flight booking online now\u00a0and save time and money. FlySax Online Booking FAQs FlySax tickets booking popular destinations The airline [&hellip;]<\/p>\n","protected":false},"author":1,"featured_media":14041,"parent":0,"menu_order":0,"comment_status":"open","ping_status":"closed","template":"template-home-modern.php","meta":{"footnotes":""},"class_list":["post-11111","page","type-page","status-publish","has-post-thumbnail","hentry"],"yoast_head":"<!-- This site is optimized with the Yoast SEO plugin v27.2 - https:\/\/yoast.com\/product\/yoast-seo-wordpress\/ -->\n<title>FlySax Online Booking - Cheap FlySax Ticket<\/title>\n<meta name=\"description\" content=\"Looking for FlySax online booking? Compare and make cheap Fly Sax flight booking online now and save time and money\" \/>\n<meta name=\"robots\" content=\"index, follow, max-snippet:-1, max-image-preview:large, max-video-preview:-1\" \/>\n<link rel=\"canonical\" href=\"https:\/\/tiketi.com\/fr-fr\/fly-sax-online-booking-flight-tickets\/\" \/>\n<meta property=\"og:locale\" content=\"fr_FR\" \/>\n<meta property=\"og:type\" content=\"article\" \/>\n<meta property=\"og:title\" content=\"FlySax Online Booking - Cheap FlySax Ticket\" \/>\n<meta property=\"og:description\" content=\"Looking for FlySax online booking? Compare and make cheap Fly Sax flight booking online now and save time and money\" \/>\n<meta property=\"og:url\" content=\"https:\/\/tiketi.com\/fr-fr\/fly-sax-online-booking-flight-tickets\/\" \/>\n<meta property=\"og:site_name\" content=\"Tiketi.com\" \/>\n<meta property=\"article:publisher\" content=\"https:\/\/www.facebook.com\/TiketiCom\/\" \/>\n<meta property=\"article:modified_time\" content=\"2022-02-12T14:51:38+00:00\" \/>\n<meta property=\"og:image\" content=\"https:\/\/tiketi.com\/wp-content\/uploads\/2022\/01\/flight-ticket-booking-sorasak-KxCJXXGsv9I-unsplas.jpg\" \/>\n\t<meta property=\"og:image:width\" content=\"1200\" \/>\n\t<meta property=\"og:image:height\" content=\"240\" \/>\n\t<meta property=\"og:image:type\" content=\"image\/jpeg\" \/>\n<meta name=\"twitter:card\" content=\"summary_large_image\" \/>\n<meta name=\"twitter:label1\" content=\"Dur\u00e9e de lecture estim\u00e9e\" \/>\n\t<meta name=\"twitter:data1\" content=\"2 minutes\" \/>\n<script type=\"application\/ld+json\" class=\"yoast-schema-graph\">{\"@context\":\"https:\/\/schema.org\",\"@graph\":[{\"@type\":\"WebPage\",\"@id\":\"https:\/\/tiketi.com\/fr-fr\/fly-sax-online-booking-flight-tickets\/\",\"url\":\"https:\/\/tiketi.com\/fr-fr\/fly-sax-online-booking-flight-tickets\/\",\"name\":\"FlySax Online Booking - Cheap FlySax Ticket\",\"isPartOf\":{\"@id\":\"https:\/\/tiketi.com\/#website\"},\"primaryImageOfPage\":{\"@id\":\"https:\/\/tiketi.com\/fr-fr\/fly-sax-online-booking-flight-tickets\/#primaryimage\"},\"image\":{\"@id\":\"https:\/\/tiketi.com\/fr-fr\/fly-sax-online-booking-flight-tickets\/#primaryimage\"},\"thumbnailUrl\":\"https:\/\/tiketi.com\/wp-content\/uploads\/2022\/01\/flight-ticket-booking-sorasak-KxCJXXGsv9I-unsplas.jpg\",\"datePublished\":\"2022-01-19T11:54:14+00:00\",\"dateModified\":\"2022-02-12T14:51:38+00:00\",\"description\":\"Looking for FlySax online booking? Compare and make cheap Fly Sax flight booking online now and save time and money\",\"breadcrumb\":{\"@id\":\"https:\/\/tiketi.com\/fr-fr\/fly-sax-online-booking-flight-tickets\/#breadcrumb\"},\"inLanguage\":\"fr-FR\",\"potentialAction\":[{\"@type\":\"ReadAction\",\"target\":[\"https:\/\/tiketi.com\/fr-fr\/fly-sax-online-booking-flight-tickets\/\"]}]},{\"@type\":\"ImageObject\",\"inLanguage\":\"fr-FR\",\"@id\":\"https:\/\/tiketi.com\/fr-fr\/fly-sax-online-booking-flight-tickets\/#primaryimage\",\"url\":\"https:\/\/tiketi.com\/wp-content\/uploads\/2022\/01\/flight-ticket-booking-sorasak-KxCJXXGsv9I-unsplas.jpg\",\"contentUrl\":\"https:\/\/tiketi.com\/wp-content\/uploads\/2022\/01\/flight-ticket-booking-sorasak-KxCJXXGsv9I-unsplas.jpg\",\"width\":1200,\"height\":240,\"caption\":\"Online flight ticket booking\"},{\"@type\":\"BreadcrumbList\",\"@id\":\"https:\/\/tiketi.com\/fr-fr\/fly-sax-online-booking-flight-tickets\/#breadcrumb\",\"itemListElement\":[{\"@type\":\"ListItem\",\"position\":1,\"name\":\"Home\",\"item\":\"https:\/\/tiketi.com\/\"},{\"@type\":\"ListItem\",\"position\":2,\"name\":\"FlySax Online Booking &#8211; Cheap FlySax Ticket\"}]},{\"@type\":\"WebSite\",\"@id\":\"https:\/\/tiketi.com\/#website\",\"url\":\"https:\/\/tiketi.com\/\",\"name\":\"Flight & Bus Tickets, Tour Packages & Activitites - Tiketi.com\",\"description\":\"Flight &amp; Bus Tickets, Tours, Activitites\",\"publisher\":{\"@id\":\"https:\/\/tiketi.com\/#organization\"},\"potentialAction\":[{\"@type\":\"SearchAction\",\"target\":{\"@type\":\"EntryPoint\",\"urlTemplate\":\"https:\/\/tiketi.com\/?s={search_term_string}\"},\"query-input\":{\"@type\":\"PropertyValueSpecification\",\"valueRequired\":true,\"valueName\":\"search_term_string\"}}],\"inLanguage\":\"fr-FR\"},{\"@type\":\"Organization\",\"@id\":\"https:\/\/tiketi.com\/#organization\",\"name\":\"Tiketi.com\",\"alternateName\":\"Tiketi\",\"url\":\"https:\/\/tiketi.com\/\",\"logo\":{\"@type\":\"ImageObject\",\"inLanguage\":\"fr-FR\",\"@id\":\"https:\/\/tiketi.com\/#\/schema\/logo\/image\/\",\"url\":\"https:\/\/tiketi.com\/wp-content\/uploads\/2019\/05\/tiketi-logo-696.png\",\"contentUrl\":\"https:\/\/tiketi.com\/wp-content\/uploads\/2019\/05\/tiketi-logo-696.png\",\"width\":696,\"height\":696,\"caption\":\"Tiketi.com\"},\"image\":{\"@id\":\"https:\/\/tiketi.com\/#\/schema\/logo\/image\/\"},\"sameAs\":[\"https:\/\/www.facebook.com\/TiketiCom\/\"]}]}<\/script>\n<!-- \/ Yoast SEO plugin. -->","yoast_head_json":{"title":"R\u00e9servation en ligne FlySax - Billet FlySax pas cher","description":"Vous recherchez une r\u00e9servation en ligne FlySax? Comparez et r\u00e9servez des vols pas chers avec Fly Sax en ligne d\u00e8s maintenant et \u00e9conomisez du temps et de l&#039;argent","robots":{"index":"index","follow":"follow","max-snippet":"max-snippet:-1","max-image-preview":"max-image-preview:large","max-video-preview":"max-video-preview:-1"},"canonical":"https:\/\/tiketi.com\/fr-fr\/fly-sax-online-booking-flight-tickets\/","og_locale":"fr_FR","og_type":"article","og_title":"FlySax Online Booking - Cheap FlySax Ticket","og_description":"Looking for FlySax online booking? Compare and make cheap Fly Sax flight booking online now and save time and money","og_url":"https:\/\/tiketi.com\/fr-fr\/fly-sax-online-booking-flight-tickets\/","og_site_name":"Tiketi.com","article_publisher":"https:\/\/www.facebook.com\/TiketiCom\/","article_modified_time":"2022-02-12T14:51:38+00:00","og_image":[{"width":1200,"height":240,"url":"https:\/\/tiketi.com\/wp-content\/uploads\/2022\/01\/flight-ticket-booking-sorasak-KxCJXXGsv9I-unsplas.jpg","type":"image\/jpeg"}],"twitter_card":"summary_large_image","twitter_misc":{"Dur\u00e9e de lecture estim\u00e9e":"2 minutes"},"schema":{"@context":"https:\/\/schema.org","@graph":[{"@type":"WebPage","@id":"https:\/\/tiketi.com\/fr-fr\/fly-sax-online-booking-flight-tickets\/","url":"https:\/\/tiketi.com\/fr-fr\/fly-sax-online-booking-flight-tickets\/","name":"R\u00e9servation en ligne FlySax - Billet FlySax pas cher","isPartOf":{"@id":"https:\/\/tiketi.com\/#website"},"primaryImageOfPage":{"@id":"https:\/\/tiketi.com\/fr-fr\/fly-sax-online-booking-flight-tickets\/#primaryimage"},"image":{"@id":"https:\/\/tiketi.com\/fr-fr\/fly-sax-online-booking-flight-tickets\/#primaryimage"},"thumbnailUrl":"https:\/\/tiketi.com\/wp-content\/uploads\/2022\/01\/flight-ticket-booking-sorasak-KxCJXXGsv9I-unsplas.jpg","datePublished":"2022-01-19T11:54:14+00:00","dateModified":"2022-02-12T14:51:38+00:00","description":"Vous recherchez une r\u00e9servation en ligne FlySax? Comparez et r\u00e9servez des vols pas chers avec Fly Sax en ligne d\u00e8s maintenant et \u00e9conomisez du temps et de l&#039;argent","breadcrumb":{"@id":"https:\/\/tiketi.com\/fr-fr\/fly-sax-online-booking-flight-tickets\/#breadcrumb"},"inLanguage":"fr-FR","potentialAction":[{"@type":"ReadAction","target":["https:\/\/tiketi.com\/fr-fr\/fly-sax-online-booking-flight-tickets\/"]}]},{"@type":"ImageObject","inLanguage":"fr-FR","@id":"https:\/\/tiketi.com\/fr-fr\/fly-sax-online-booking-flight-tickets\/#primaryimage","url":"https:\/\/tiketi.com\/wp-content\/uploads\/2022\/01\/flight-ticket-booking-sorasak-KxCJXXGsv9I-unsplas.jpg","contentUrl":"https:\/\/tiketi.com\/wp-content\/uploads\/2022\/01\/flight-ticket-booking-sorasak-KxCJXXGsv9I-unsplas.jpg","width":1200,"height":240,"caption":"Online flight ticket booking"},{"@type":"BreadcrumbList","@id":"https:\/\/tiketi.com\/fr-fr\/fly-sax-online-booking-flight-tickets\/#breadcrumb","itemListElement":[{"@type":"ListItem","position":1,"name":"Home","item":"https:\/\/tiketi.com\/"},{"@type":"ListItem","position":2,"name":"FlySax Online Booking &#8211; Cheap FlySax Ticket"}]},{"@type":"WebSite","@id":"https:\/\/tiketi.com\/#website","url":"https:\/\/tiketi.com\/","name":"Billets d&#039;avion et de bus, forfaits touristiques et activit\u00e9s - Tiketi.com","description":"Billets d&#039;avion et de bus, Tours, Activit\u00e9s","publisher":{"@id":"https:\/\/tiketi.com\/#organization"},"potentialAction":[{"@type":"SearchAction","target":{"@type":"EntryPoint","urlTemplate":"https:\/\/tiketi.com\/?s={search_term_string}"},"query-input":{"@type":"PropertyValueSpecification","valueRequired":true,"valueName":"search_term_string"}}],"inLanguage":"fr-FR"},{"@type":"Organization","@id":"https:\/\/tiketi.com\/#organization","name":"Tiketi.com","alternateName":"Tiketi","url":"https:\/\/tiketi.com\/","logo":{"@type":"ImageObject","inLanguage":"fr-FR","@id":"https:\/\/tiketi.com\/#\/schema\/logo\/image\/","url":"https:\/\/tiketi.com\/wp-content\/uploads\/2019\/05\/tiketi-logo-696.png","contentUrl":"https:\/\/tiketi.com\/wp-content\/uploads\/2019\/05\/tiketi-logo-696.png","width":696,"height":696,"caption":"Tiketi.com"},"image":{"@id":"https:\/\/tiketi.com\/#\/schema\/logo\/image\/"},"sameAs":["https:\/\/www.facebook.com\/TiketiCom\/"]}]}},"_links":{"self":[{"href":"https:\/\/tiketi.com\/fr-fr\/wp-json\/wp\/v2\/pages\/11111","targetHints":{"allow":["GET"]}}],"collection":[{"href":"https:\/\/tiketi.com\/fr-fr\/wp-json\/wp\/v2\/pages"}],"about":[{"href":"https:\/\/tiketi.com\/fr-fr\/wp-json\/wp\/v2\/types\/page"}],"author":[{"embeddable":true,"href":"https:\/\/tiketi.com\/fr-fr\/wp-json\/wp\/v2\/users\/1"}],"replies":[{"embeddable":true,"href":"https:\/\/tiketi.com\/fr-fr\/wp-json\/wp\/v2\/comments?post=11111"}],"version-history":[{"count":0,"href":"https:\/\/tiketi.com\/fr-fr\/wp-json\/wp\/v2\/pages\/11111\/revisions"}],"wp:featuredmedia":[{"embeddable":true,"href":"https:\/\/tiketi.com\/fr-fr\/wp-json\/wp\/v2\/media\/14041"}],"wp:attachment":[{"href":"https:\/\/tiketi.com\/fr-fr\/wp-json\/wp\/v2\/media?parent=11111"}],"curies":[{"name":"wp","href":"https:\/\/api.w.org\/{rel}","templated":true}]}}