{"id":11113,"date":"2022-01-19T12:54:14","date_gmt":"2022-01-19T11:54:14","guid":{"rendered":"https:\/\/new.tiketi.com\/ethiopian-airlines-online-booking-cheap-ethiopian-flights\/"},"modified":"2022-02-12T11:52:06","modified_gmt":"2022-02-12T10:52:06","slug":"ethiopian-airlines-online-booking-flights","status":"publish","type":"page","link":"https:\/\/tiketi.com\/fr-fr\/ethiopian-airlines-online-booking-flights\/","title":{"rendered":"R\u00e9servation en ligne d&#039;Ethiopian Airlines - Billets d&#039;avion pas chers"},"content":{"rendered":"<h2>R\u00e9servation de vol pas cher Ethiopian Airlines en ligne<\/h2>\n<h3>R\u00e9servez vos billets d&#039;avion Ethiopian Airlines pas chers en ligne d\u00e8s maintenant.<\/h3>\n<p>Recherchez, comparez et faites des r\u00e9servations en ligne pas ch\u00e8res avec Ethiopian Airlines. Ethiopian Airline est la compagnie a\u00e9rienne nationale \u00e9thiopienne, membre de la star Alliance et l&#039;une des compagnies a\u00e9riennes les plus importantes et \u00e0 la croissance la plus rapide d&#039;Afrique. Depuis 1959, la compagnie a\u00e9rienne est membre de l&#039;International Transport Association depuis 1968. Trouvez les meilleures offres de billets d&#039;avion Ethiopian Airlines et r\u00e9servez en ligne d\u00e8s maintenant des vols Ethiopian Airlines \u00e0 bas prix et \u00e9conomisez du temps et de l&#039;argent.<\/p>\n<h2>R\u00e9servation en ligne d&#039;Ethiopian Airlines, bagages, horaires, tarifs et itin\u00e9raires, FAQ<\/h2>\n<h3>R\u00e9servation de vols Ethiopian Airlines destinations populaires<\/h3>\n<p>En 2016, la compagnie a\u00e9rienne a desservi quatre-vingt-quatorze destinations internationales, dix-neuf destinations int\u00e9rieures et 35 destinations de fret.<\/p>\n<p>Aujourd&#039;hui dans sa 67e ann\u00e9e, Ethiopian Airlines est devenue l&#039;une des plus grandes compagnies a\u00e9riennes commerciales africaines et une force \u00e9mergente ind\u00e9niable sur la sc\u00e8ne mondiale. Op\u00e9rant depuis son hub d&#039;Addis-Abeba, Ethiopian vole vers quatre-vingt-dix-sept destinations dans le monde et d\u00e9tient la majorit\u00e9 des villes desservies en Afrique, avec un total de 55 destinations africaines et vingt-deux destinations nationales.<\/p>\n<h3>Franchise de bagages<\/h3>\n<p>Les passagers en classe \u00e9conomique sont autoris\u00e9s \u00e0 transporter deux bagages d&#039;un poids maximum de 23 kg chacun. Les passagers en classe affaires sont autoris\u00e9s \u00e0 transporter deux bagages de 32 kg chacun ou trois bagages de 23 kg chacun.<\/p>\n<p>Pour les liaisons int\u00e9rieures, les passagers en classe \u00e9conomique sont autoris\u00e9s \u00e0 transporter un maximum de 20 kg de bagages, tandis que les passagers en classe affaires sont autoris\u00e9s \u00e0 30 kg.<\/p>\n<h3>Informations sur la flotte<\/h3>\n<p>Ethiopian Airlines exploite la flotte la plus r\u00e9cente et la plus r\u00e9cente d&#039;Afrique. La compagnie a\u00e9rienne propose un total de quatre-vingt-douze avions pour les services passagers de moyenne et longue dur\u00e9e. Sa flotte en exploitation comprend des avions Boeing - B787, B767, B777, qui sont principalement destin\u00e9s aux vols internationaux et des services de fret - Q5400 Bombardier pour les vols int\u00e9rieurs et r\u00e9gionaux.<\/p>\n<h2>Conseils de r\u00e9servation de vol Ethiopian Airlines en ligne<\/h2>\n<p>Le si\u00e8ge et le hub d&#039;Ethiopian Airlines sont situ\u00e9s \u00e0 l&#039;a\u00e9roport international de Bole \u00e0 Addis-Abeba, d&#039;o\u00f9 il g\u00e8re un r\u00e9seau de 113 passagers. Billets d&#039;avion Ethiopian Airlines r\u00e9servant en ligne des destinations populaires, dont dix-neuf sont des destinations nationales et 35 des destinations de fret. Les passagers Star Alliance et Cloud Nine Gold peuvent profiter d&#039;une certaine intimit\u00e9 et de divertissements de classe mondiale dans les salons des compagnies a\u00e9riennes \u00e9thiopiennes dans de nombreux a\u00e9roports de destination.<\/p>","protected":false},"excerpt":{"rendered":"<p>Cheap Ethiopian Airlines\u00a0Flight Booking Online Book your cheap Ethiopian Airlines flight tickets online now. Search, compare and do cheap Ethiopian Airlines online booking. Ethiopian Airline is the national flag carrier Ethiopia airline, a member of the star Alliance and one of the biggest and quickest growing airlines in Africa. Since 1959, the airline has been [&hellip;]<\/p>\n","protected":false},"author":1,"featured_media":14041,"parent":0,"menu_order":0,"comment_status":"open","ping_status":"closed","template":"template-home-modern.php","meta":{"footnotes":""},"class_list":["post-11113","page","type-page","status-publish","has-post-thumbnail","hentry"],"yoast_head":"<!-- This site is optimized with the Yoast SEO plugin v27.2 - https:\/\/yoast.com\/product\/yoast-seo-wordpress\/ -->\n<title>Ethiopian Airlines Online Booking - Cheap Flight Tickets<\/title>\n<meta name=\"description\" content=\"Looking for Ethiopian Airlines online booking? Search, compare and book cheap Ethiopian Airlines\u00a0flight tickets online now\" \/>\n<meta name=\"robots\" content=\"index, follow, max-snippet:-1, max-image-preview:large, max-video-preview:-1\" \/>\n<link rel=\"canonical\" href=\"https:\/\/tiketi.com\/fr-fr\/ethiopian-airlines-online-booking-flights\/\" \/>\n<meta property=\"og:locale\" content=\"fr_FR\" \/>\n<meta property=\"og:type\" content=\"article\" \/>\n<meta property=\"og:title\" content=\"Ethiopian Airlines Online Booking - Cheap Flight Tickets\" \/>\n<meta property=\"og:description\" content=\"Looking for Ethiopian Airlines online booking? Search, compare and book cheap Ethiopian Airlines\u00a0flight tickets online now\" \/>\n<meta property=\"og:url\" content=\"https:\/\/tiketi.com\/fr-fr\/ethiopian-airlines-online-booking-flights\/\" \/>\n<meta property=\"og:site_name\" content=\"Tiketi.com\" \/>\n<meta property=\"article:publisher\" content=\"https:\/\/www.facebook.com\/TiketiCom\/\" \/>\n<meta property=\"article:modified_time\" content=\"2022-02-12T10:52:06+00:00\" \/>\n<meta property=\"og:image\" content=\"https:\/\/tiketi.com\/wp-content\/uploads\/2022\/01\/flight-ticket-booking-sorasak-KxCJXXGsv9I-unsplas.jpg\" \/>\n\t<meta property=\"og:image:width\" content=\"1200\" \/>\n\t<meta property=\"og:image:height\" content=\"240\" \/>\n\t<meta property=\"og:image:type\" content=\"image\/jpeg\" \/>\n<meta name=\"twitter:card\" content=\"summary_large_image\" \/>\n<meta name=\"twitter:label1\" content=\"Dur\u00e9e de lecture estim\u00e9e\" \/>\n\t<meta name=\"twitter:data1\" content=\"2 minutes\" \/>\n<script type=\"application\/ld+json\" class=\"yoast-schema-graph\">{\"@context\":\"https:\/\/schema.org\",\"@graph\":[{\"@type\":\"WebPage\",\"@id\":\"https:\/\/tiketi.com\/fr-fr\/ethiopian-airlines-online-booking-flights\/\",\"url\":\"https:\/\/tiketi.com\/fr-fr\/ethiopian-airlines-online-booking-flights\/\",\"name\":\"Ethiopian Airlines Online Booking - Cheap Flight Tickets\",\"isPartOf\":{\"@id\":\"https:\/\/tiketi.com\/#website\"},\"primaryImageOfPage\":{\"@id\":\"https:\/\/tiketi.com\/fr-fr\/ethiopian-airlines-online-booking-flights\/#primaryimage\"},\"image\":{\"@id\":\"https:\/\/tiketi.com\/fr-fr\/ethiopian-airlines-online-booking-flights\/#primaryimage\"},\"thumbnailUrl\":\"https:\/\/tiketi.com\/wp-content\/uploads\/2022\/01\/flight-ticket-booking-sorasak-KxCJXXGsv9I-unsplas.jpg\",\"datePublished\":\"2022-01-19T11:54:14+00:00\",\"dateModified\":\"2022-02-12T10:52:06+00:00\",\"description\":\"Looking for Ethiopian Airlines online booking? Search, compare and book cheap Ethiopian Airlines\u00a0flight tickets online now\",\"breadcrumb\":{\"@id\":\"https:\/\/tiketi.com\/fr-fr\/ethiopian-airlines-online-booking-flights\/#breadcrumb\"},\"inLanguage\":\"fr-FR\",\"potentialAction\":[{\"@type\":\"ReadAction\",\"target\":[\"https:\/\/tiketi.com\/fr-fr\/ethiopian-airlines-online-booking-flights\/\"]}]},{\"@type\":\"ImageObject\",\"inLanguage\":\"fr-FR\",\"@id\":\"https:\/\/tiketi.com\/fr-fr\/ethiopian-airlines-online-booking-flights\/#primaryimage\",\"url\":\"https:\/\/tiketi.com\/wp-content\/uploads\/2022\/01\/flight-ticket-booking-sorasak-KxCJXXGsv9I-unsplas.jpg\",\"contentUrl\":\"https:\/\/tiketi.com\/wp-content\/uploads\/2022\/01\/flight-ticket-booking-sorasak-KxCJXXGsv9I-unsplas.jpg\",\"width\":1200,\"height\":240,\"caption\":\"Online flight ticket booking\"},{\"@type\":\"BreadcrumbList\",\"@id\":\"https:\/\/tiketi.com\/fr-fr\/ethiopian-airlines-online-booking-flights\/#breadcrumb\",\"itemListElement\":[{\"@type\":\"ListItem\",\"position\":1,\"name\":\"Home\",\"item\":\"https:\/\/tiketi.com\/\"},{\"@type\":\"ListItem\",\"position\":2,\"name\":\"Ethiopian Airlines Online Booking &#8211; Cheap Flight Tickets\"}]},{\"@type\":\"WebSite\",\"@id\":\"https:\/\/tiketi.com\/#website\",\"url\":\"https:\/\/tiketi.com\/\",\"name\":\"Flight & Bus Tickets, Tour Packages & Activitites - Tiketi.com\",\"description\":\"Flight &amp; Bus Tickets, Tours, Activitites\",\"publisher\":{\"@id\":\"https:\/\/tiketi.com\/#organization\"},\"potentialAction\":[{\"@type\":\"SearchAction\",\"target\":{\"@type\":\"EntryPoint\",\"urlTemplate\":\"https:\/\/tiketi.com\/?s={search_term_string}\"},\"query-input\":{\"@type\":\"PropertyValueSpecification\",\"valueRequired\":true,\"valueName\":\"search_term_string\"}}],\"inLanguage\":\"fr-FR\"},{\"@type\":\"Organization\",\"@id\":\"https:\/\/tiketi.com\/#organization\",\"name\":\"Tiketi.com\",\"alternateName\":\"Tiketi\",\"url\":\"https:\/\/tiketi.com\/\",\"logo\":{\"@type\":\"ImageObject\",\"inLanguage\":\"fr-FR\",\"@id\":\"https:\/\/tiketi.com\/#\/schema\/logo\/image\/\",\"url\":\"https:\/\/tiketi.com\/wp-content\/uploads\/2019\/05\/tiketi-logo-696.png\",\"contentUrl\":\"https:\/\/tiketi.com\/wp-content\/uploads\/2019\/05\/tiketi-logo-696.png\",\"width\":696,\"height\":696,\"caption\":\"Tiketi.com\"},\"image\":{\"@id\":\"https:\/\/tiketi.com\/#\/schema\/logo\/image\/\"},\"sameAs\":[\"https:\/\/www.facebook.com\/TiketiCom\/\"]}]}<\/script>\n<!-- \/ Yoast SEO plugin. -->","yoast_head_json":{"title":"R\u00e9servation en ligne d&#039;Ethiopian Airlines - Billets d&#039;avion pas chers","description":"Vous recherchez une r\u00e9servation en ligne d&#039;Ethiopian Airlines ? Recherchez, comparez et r\u00e9servez des billets d&#039;avion Ethiopian Airlines pas chers en ligne d\u00e8s maintenant","robots":{"index":"index","follow":"follow","max-snippet":"max-snippet:-1","max-image-preview":"max-image-preview:large","max-video-preview":"max-video-preview:-1"},"canonical":"https:\/\/tiketi.com\/fr-fr\/ethiopian-airlines-online-booking-flights\/","og_locale":"fr_FR","og_type":"article","og_title":"Ethiopian Airlines Online Booking - Cheap Flight Tickets","og_description":"Looking for Ethiopian Airlines online booking? Search, compare and book cheap Ethiopian Airlines\u00a0flight tickets online now","og_url":"https:\/\/tiketi.com\/fr-fr\/ethiopian-airlines-online-booking-flights\/","og_site_name":"Tiketi.com","article_publisher":"https:\/\/www.facebook.com\/TiketiCom\/","article_modified_time":"2022-02-12T10:52:06+00:00","og_image":[{"width":1200,"height":240,"url":"https:\/\/tiketi.com\/wp-content\/uploads\/2022\/01\/flight-ticket-booking-sorasak-KxCJXXGsv9I-unsplas.jpg","type":"image\/jpeg"}],"twitter_card":"summary_large_image","twitter_misc":{"Dur\u00e9e de lecture estim\u00e9e":"2 minutes"},"schema":{"@context":"https:\/\/schema.org","@graph":[{"@type":"WebPage","@id":"https:\/\/tiketi.com\/fr-fr\/ethiopian-airlines-online-booking-flights\/","url":"https:\/\/tiketi.com\/fr-fr\/ethiopian-airlines-online-booking-flights\/","name":"R\u00e9servation en ligne d&#039;Ethiopian Airlines - Billets d&#039;avion pas chers","isPartOf":{"@id":"https:\/\/tiketi.com\/#website"},"primaryImageOfPage":{"@id":"https:\/\/tiketi.com\/fr-fr\/ethiopian-airlines-online-booking-flights\/#primaryimage"},"image":{"@id":"https:\/\/tiketi.com\/fr-fr\/ethiopian-airlines-online-booking-flights\/#primaryimage"},"thumbnailUrl":"https:\/\/tiketi.com\/wp-content\/uploads\/2022\/01\/flight-ticket-booking-sorasak-KxCJXXGsv9I-unsplas.jpg","datePublished":"2022-01-19T11:54:14+00:00","dateModified":"2022-02-12T10:52:06+00:00","description":"Vous recherchez une r\u00e9servation en ligne d&#039;Ethiopian Airlines ? Recherchez, comparez et r\u00e9servez des billets d&#039;avion Ethiopian Airlines pas chers en ligne d\u00e8s maintenant","breadcrumb":{"@id":"https:\/\/tiketi.com\/fr-fr\/ethiopian-airlines-online-booking-flights\/#breadcrumb"},"inLanguage":"fr-FR","potentialAction":[{"@type":"ReadAction","target":["https:\/\/tiketi.com\/fr-fr\/ethiopian-airlines-online-booking-flights\/"]}]},{"@type":"ImageObject","inLanguage":"fr-FR","@id":"https:\/\/tiketi.com\/fr-fr\/ethiopian-airlines-online-booking-flights\/#primaryimage","url":"https:\/\/tiketi.com\/wp-content\/uploads\/2022\/01\/flight-ticket-booking-sorasak-KxCJXXGsv9I-unsplas.jpg","contentUrl":"https:\/\/tiketi.com\/wp-content\/uploads\/2022\/01\/flight-ticket-booking-sorasak-KxCJXXGsv9I-unsplas.jpg","width":1200,"height":240,"caption":"Online flight ticket booking"},{"@type":"BreadcrumbList","@id":"https:\/\/tiketi.com\/fr-fr\/ethiopian-airlines-online-booking-flights\/#breadcrumb","itemListElement":[{"@type":"ListItem","position":1,"name":"Home","item":"https:\/\/tiketi.com\/"},{"@type":"ListItem","position":2,"name":"Ethiopian Airlines Online Booking &#8211; Cheap Flight Tickets"}]},{"@type":"WebSite","@id":"https:\/\/tiketi.com\/#website","url":"https:\/\/tiketi.com\/","name":"Billets d&#039;avion et de bus, forfaits touristiques et activit\u00e9s - Tiketi.com","description":"Billets d&#039;avion et de bus, Tours, Activit\u00e9s","publisher":{"@id":"https:\/\/tiketi.com\/#organization"},"potentialAction":[{"@type":"SearchAction","target":{"@type":"EntryPoint","urlTemplate":"https:\/\/tiketi.com\/?s={search_term_string}"},"query-input":{"@type":"PropertyValueSpecification","valueRequired":true,"valueName":"search_term_string"}}],"inLanguage":"fr-FR"},{"@type":"Organization","@id":"https:\/\/tiketi.com\/#organization","name":"Tiketi.com","alternateName":"Tiketi","url":"https:\/\/tiketi.com\/","logo":{"@type":"ImageObject","inLanguage":"fr-FR","@id":"https:\/\/tiketi.com\/#\/schema\/logo\/image\/","url":"https:\/\/tiketi.com\/wp-content\/uploads\/2019\/05\/tiketi-logo-696.png","contentUrl":"https:\/\/tiketi.com\/wp-content\/uploads\/2019\/05\/tiketi-logo-696.png","width":696,"height":696,"caption":"Tiketi.com"},"image":{"@id":"https:\/\/tiketi.com\/#\/schema\/logo\/image\/"},"sameAs":["https:\/\/www.facebook.com\/TiketiCom\/"]}]}},"_links":{"self":[{"href":"https:\/\/tiketi.com\/fr-fr\/wp-json\/wp\/v2\/pages\/11113","targetHints":{"allow":["GET"]}}],"collection":[{"href":"https:\/\/tiketi.com\/fr-fr\/wp-json\/wp\/v2\/pages"}],"about":[{"href":"https:\/\/tiketi.com\/fr-fr\/wp-json\/wp\/v2\/types\/page"}],"author":[{"embeddable":true,"href":"https:\/\/tiketi.com\/fr-fr\/wp-json\/wp\/v2\/users\/1"}],"replies":[{"embeddable":true,"href":"https:\/\/tiketi.com\/fr-fr\/wp-json\/wp\/v2\/comments?post=11113"}],"version-history":[{"count":0,"href":"https:\/\/tiketi.com\/fr-fr\/wp-json\/wp\/v2\/pages\/11113\/revisions"}],"wp:featuredmedia":[{"embeddable":true,"href":"https:\/\/tiketi.com\/fr-fr\/wp-json\/wp\/v2\/media\/14041"}],"wp:attachment":[{"href":"https:\/\/tiketi.com\/fr-fr\/wp-json\/wp\/v2\/media?parent=11113"}],"curies":[{"name":"wp","href":"https:\/\/api.w.org\/{rel}","templated":true}]}}