{"id":11114,"date":"2022-01-19T12:54:14","date_gmt":"2022-01-19T11:54:14","guid":{"rendered":"https:\/\/new.tiketi.com\/east-african-aviation-online-booking-cheap-air-flights\/"},"modified":"2022-02-11T21:57:42","modified_gmt":"2022-02-11T20:57:42","slug":"east-african-aviation-online-booking-flights","status":"publish","type":"page","link":"https:\/\/tiketi.com\/fr-fr\/east-african-aviation-online-booking-flights\/","title":{"rendered":"R\u00e9servation en ligne de l\u2019aviation d\u2019Afrique de l\u2019Est \u2013 Vols a\u00e9riens pas chers"},"content":{"rendered":"<h2>R\u00e9servation de vols d&#039;aviation en Afrique de l&#039;Est en ligne<\/h2>\n<h3>R\u00e9servez d\u00e8s maintenant vos vols pas chers en ligne avec East African Aviation.<\/h3>\n<p>Recherchez, comparez et effectuez des r\u00e9servations en ligne pas ch\u00e8res de East African Aviation en Tanzanie. East African Aviation est l&#039;escapade est-africaine, offrant aux passagers des services a\u00e9riens de classe mondiale, notamment des services de vols charters vers plusieurs destinations populaires de la r\u00e9gion. R\u00e9servez d\u00e8s maintenant vos vols East African Aviation en ligne et \u00e9conomisez du temps et de l&#039;argent.<\/p>\n<h2>FAQ sur la r\u00e9servation en ligne de East African Aviation en Tanzanie<\/h2>\n<h3>R\u00e9servation de vols East African Aviation vers des destinations populaires<\/h3>\n<p>L&#039;East African Aviation fournit des services de vol vers la plupart des pays des \u00c9mirats arabes unis et d&#039;Afrique de l&#039;Est.<\/p>\n<p>Ces pays comprennent le Soudan, le Kenya, les \u00c9mirats arabes unis, le Y\u00e9men, l&#039;Arabie saoudite, l&#039;Afrique du Sud, Djibouti, l&#039;\u00c9thiopie et la Somalie.<\/p>\n<h3>Franchise de bagages<\/h3>\n<p>La franchise de bagages varie de dix \u00e0 vingt kg mais elle varie selon la classe de cabine choisie par le passager.<\/p>\n<h3>Enregistrement<\/h3>\n<p>East African Aviation est un service charter et, en tant que tel, l&#039;heure d&#039;enregistrement est g\u00e9n\u00e9ralement d\u00e9termin\u00e9e par le client, mais la pratique courante est d&#039;environ trente minutes \u00e0 une heure avant le d\u00e9collage selon que le vol est international ou local.<\/p>\n<h3>Informations sur la flotte<\/h3>\n<p>La firme a\u00e9ronautique dispose de deux appareils dans sa flotte, \u00e0 savoir le King Air 350 et le Cessna 172.<\/p>\n<p>East African Aviation exploitait et poss\u00e9dait une flotte de turbopropulseurs priv\u00e9s, la meilleure de sa cat\u00e9gorie, con\u00e7ue pour r\u00e9pondre aux besoins des clients. Du tr\u00e8s c\u00e9l\u00e8bre King Air 350, pour sa suppression du bruit et sa cabine spacieuse \u00e0 haute altitude, \u00e0 la durabilit\u00e9 d&#039;un Cessna 172.<\/p>\n<p>\u2022 Suppression du son Elliot pour r\u00e9duire le bruit \u00e0 haute altitude.<br \/>\n\u2022 Int\u00e9rieurs personnalis\u00e9s avec des finitions exquises et des fauteuils club relax et inclinables.<br \/>\n\u2022 Des commodit\u00e9s pr\u00e9-approvisionn\u00e9es telles que de l&#039;eau en bouteille, des collations gastronomiques et bien plus encore.<\/p>\n<h2>R\u00e9servation de vols d&#039;aviation en Afrique de l&#039;Est en ligne Conseils pour la Tanzanie<\/h2>\n<p>East African Aviation est la principale entreprise d&#039;Afrique de l&#039;Est \u00e0 proposer des services d&#039;affr\u00e8tement priv\u00e9, de transport par ambulance a\u00e9rienne et de formation au pilotage en un seul endroit. C&#039;est une entreprise qui a cr\u00e9\u00e9 une atmosph\u00e8re s\u00fbre pour offrir \u00e0 ses clients un service a\u00e9ronautique de haut niveau.<\/p>\n<p>L&#039;utilisation des derni\u00e8res technologies pour la formation au pilotage en \u00e9cole de pilotage et l&#039;introduction du premier service d&#039;ambulance a\u00e9rienne en \u00c9thiopie.<\/p>","protected":false},"excerpt":{"rendered":"<p>East African Aviation Flight Booking Online Book your cheap East African Aviation flights online now. Search, compare and do cheap East African Aviation online booking in Tanzania.\u00a0East African Aviation is the East African getaway, offering passengers with world-class aviation services including charter flight services to several popular destinations across the area.\u00a0Do\u00a0cheap East African Aviation flight [&hellip;]<\/p>\n","protected":false},"author":1,"featured_media":14041,"parent":0,"menu_order":0,"comment_status":"open","ping_status":"closed","template":"template-home-modern.php","meta":{"footnotes":""},"class_list":["post-11114","page","type-page","status-publish","has-post-thumbnail","hentry"],"yoast_head":"<!-- This site is optimized with the Yoast SEO plugin v27.4 - https:\/\/yoast.com\/product\/yoast-seo-wordpress\/ -->\n<title>East African Aviation Online Booking - Cheap Air Flights<\/title>\n<meta name=\"description\" content=\"Looking for East African Aviation online booking? Do cheap East African Aviation flight booking online now and save time and money\" \/>\n<meta name=\"robots\" content=\"index, follow, max-snippet:-1, max-image-preview:large, max-video-preview:-1\" \/>\n<link rel=\"canonical\" href=\"https:\/\/tiketi.com\/fr-fr\/east-african-aviation-online-booking-flights\/\" \/>\n<meta property=\"og:locale\" content=\"fr_FR\" \/>\n<meta property=\"og:type\" content=\"article\" \/>\n<meta property=\"og:title\" content=\"East African Aviation Online Booking - Cheap Air Flights\" \/>\n<meta property=\"og:description\" content=\"Looking for East African Aviation online booking? Do cheap East African Aviation flight booking online now and save time and money\" \/>\n<meta property=\"og:url\" content=\"https:\/\/tiketi.com\/fr-fr\/east-african-aviation-online-booking-flights\/\" \/>\n<meta property=\"og:site_name\" content=\"Tiketi.com\" \/>\n<meta property=\"article:publisher\" content=\"https:\/\/www.facebook.com\/TiketiCom\/\" \/>\n<meta property=\"article:modified_time\" content=\"2022-02-11T20:57:42+00:00\" \/>\n<meta property=\"og:image\" content=\"https:\/\/tiketi.com\/wp-content\/uploads\/2022\/01\/flight-ticket-booking-sorasak-KxCJXXGsv9I-unsplas.jpg\" \/>\n\t<meta property=\"og:image:width\" content=\"1200\" \/>\n\t<meta property=\"og:image:height\" content=\"240\" \/>\n\t<meta property=\"og:image:type\" content=\"image\/jpeg\" \/>\n<meta name=\"twitter:card\" content=\"summary_large_image\" \/>\n<meta name=\"twitter:label1\" content=\"Dur\u00e9e de lecture estim\u00e9e\" \/>\n\t<meta name=\"twitter:data1\" content=\"2 minutes\" \/>\n<script type=\"application\/ld+json\" class=\"yoast-schema-graph\">{\"@context\":\"https:\\\/\\\/schema.org\",\"@graph\":[{\"@type\":\"WebPage\",\"@id\":\"https:\\\/\\\/tiketi.com\\\/east-african-aviation-online-booking-flights\\\/\",\"url\":\"https:\\\/\\\/tiketi.com\\\/east-african-aviation-online-booking-flights\\\/\",\"name\":\"East African Aviation Online Booking - Cheap Air Flights\",\"isPartOf\":{\"@id\":\"https:\\\/\\\/tiketi.com\\\/#website\"},\"primaryImageOfPage\":{\"@id\":\"https:\\\/\\\/tiketi.com\\\/east-african-aviation-online-booking-flights\\\/#primaryimage\"},\"image\":{\"@id\":\"https:\\\/\\\/tiketi.com\\\/east-african-aviation-online-booking-flights\\\/#primaryimage\"},\"thumbnailUrl\":\"https:\\\/\\\/tiketi.com\\\/wp-content\\\/uploads\\\/2022\\\/01\\\/flight-ticket-booking-sorasak-KxCJXXGsv9I-unsplas.jpg\",\"datePublished\":\"2022-01-19T11:54:14+00:00\",\"dateModified\":\"2022-02-11T20:57:42+00:00\",\"description\":\"Looking for East African Aviation online booking? Do cheap East African Aviation flight booking online now and save time and money\",\"breadcrumb\":{\"@id\":\"https:\\\/\\\/tiketi.com\\\/east-african-aviation-online-booking-flights\\\/#breadcrumb\"},\"inLanguage\":\"fr-FR\",\"potentialAction\":[{\"@type\":\"ReadAction\",\"target\":[\"https:\\\/\\\/tiketi.com\\\/east-african-aviation-online-booking-flights\\\/\"]}]},{\"@type\":\"ImageObject\",\"inLanguage\":\"fr-FR\",\"@id\":\"https:\\\/\\\/tiketi.com\\\/east-african-aviation-online-booking-flights\\\/#primaryimage\",\"url\":\"https:\\\/\\\/tiketi.com\\\/wp-content\\\/uploads\\\/2022\\\/01\\\/flight-ticket-booking-sorasak-KxCJXXGsv9I-unsplas.jpg\",\"contentUrl\":\"https:\\\/\\\/tiketi.com\\\/wp-content\\\/uploads\\\/2022\\\/01\\\/flight-ticket-booking-sorasak-KxCJXXGsv9I-unsplas.jpg\",\"width\":1200,\"height\":240,\"caption\":\"Online flight ticket booking\"},{\"@type\":\"BreadcrumbList\",\"@id\":\"https:\\\/\\\/tiketi.com\\\/east-african-aviation-online-booking-flights\\\/#breadcrumb\",\"itemListElement\":[{\"@type\":\"ListItem\",\"position\":1,\"name\":\"Home\",\"item\":\"https:\\\/\\\/tiketi.com\\\/\"},{\"@type\":\"ListItem\",\"position\":2,\"name\":\"East African Aviation Online Booking &#8211; Cheap Air Flights\"}]},{\"@type\":\"WebSite\",\"@id\":\"https:\\\/\\\/tiketi.com\\\/#website\",\"url\":\"https:\\\/\\\/tiketi.com\\\/\",\"name\":\"Flight & Bus Tickets, Tour Packages & Activitites - Tiketi.com\",\"description\":\"Flight &amp; Bus Tickets, Tours, Activitites\",\"publisher\":{\"@id\":\"https:\\\/\\\/tiketi.com\\\/#organization\"},\"potentialAction\":[{\"@type\":\"SearchAction\",\"target\":{\"@type\":\"EntryPoint\",\"urlTemplate\":\"https:\\\/\\\/tiketi.com\\\/?s={search_term_string}\"},\"query-input\":{\"@type\":\"PropertyValueSpecification\",\"valueRequired\":true,\"valueName\":\"search_term_string\"}}],\"inLanguage\":\"fr-FR\"},{\"@type\":\"Organization\",\"@id\":\"https:\\\/\\\/tiketi.com\\\/#organization\",\"name\":\"Tiketi.com\",\"alternateName\":\"Tiketi\",\"url\":\"https:\\\/\\\/tiketi.com\\\/\",\"logo\":{\"@type\":\"ImageObject\",\"inLanguage\":\"fr-FR\",\"@id\":\"https:\\\/\\\/tiketi.com\\\/#\\\/schema\\\/logo\\\/image\\\/\",\"url\":\"https:\\\/\\\/tiketi.com\\\/wp-content\\\/uploads\\\/2019\\\/05\\\/tiketi-logo-696.png\",\"contentUrl\":\"https:\\\/\\\/tiketi.com\\\/wp-content\\\/uploads\\\/2019\\\/05\\\/tiketi-logo-696.png\",\"width\":696,\"height\":696,\"caption\":\"Tiketi.com\"},\"image\":{\"@id\":\"https:\\\/\\\/tiketi.com\\\/#\\\/schema\\\/logo\\\/image\\\/\"},\"sameAs\":[\"https:\\\/\\\/www.facebook.com\\\/TiketiCom\\\/\"]}]}<\/script>\n<!-- \/ Yoast SEO plugin. -->","yoast_head_json":{"title":"R\u00e9servation en ligne de East African Aviation - Vols a\u00e9riens pas chers","description":"Vous recherchez une r\u00e9servation en ligne pour East African Aviation ? R\u00e9servez d\u00e8s maintenant des vols East African Aviation pas chers en ligne et \u00e9conomisez du temps et de l&#039;argent.","robots":{"index":"index","follow":"follow","max-snippet":"max-snippet:-1","max-image-preview":"max-image-preview:large","max-video-preview":"max-video-preview:-1"},"canonical":"https:\/\/tiketi.com\/fr-fr\/east-african-aviation-online-booking-flights\/","og_locale":"fr_FR","og_type":"article","og_title":"East African Aviation Online Booking - Cheap Air Flights","og_description":"Looking for East African Aviation online booking? Do cheap East African Aviation flight booking online now and save time and money","og_url":"https:\/\/tiketi.com\/fr-fr\/east-african-aviation-online-booking-flights\/","og_site_name":"Tiketi.com","article_publisher":"https:\/\/www.facebook.com\/TiketiCom\/","article_modified_time":"2022-02-11T20:57:42+00:00","og_image":[{"width":1200,"height":240,"url":"https:\/\/tiketi.com\/wp-content\/uploads\/2022\/01\/flight-ticket-booking-sorasak-KxCJXXGsv9I-unsplas.jpg","type":"image\/jpeg"}],"twitter_card":"summary_large_image","twitter_misc":{"Dur\u00e9e de lecture estim\u00e9e":"2 minutes"},"schema":{"@context":"https:\/\/schema.org","@graph":[{"@type":"WebPage","@id":"https:\/\/tiketi.com\/east-african-aviation-online-booking-flights\/","url":"https:\/\/tiketi.com\/east-african-aviation-online-booking-flights\/","name":"R\u00e9servation en ligne de East African Aviation - Vols a\u00e9riens pas chers","isPartOf":{"@id":"https:\/\/tiketi.com\/#website"},"primaryImageOfPage":{"@id":"https:\/\/tiketi.com\/east-african-aviation-online-booking-flights\/#primaryimage"},"image":{"@id":"https:\/\/tiketi.com\/east-african-aviation-online-booking-flights\/#primaryimage"},"thumbnailUrl":"https:\/\/tiketi.com\/wp-content\/uploads\/2022\/01\/flight-ticket-booking-sorasak-KxCJXXGsv9I-unsplas.jpg","datePublished":"2022-01-19T11:54:14+00:00","dateModified":"2022-02-11T20:57:42+00:00","description":"Vous recherchez une r\u00e9servation en ligne pour East African Aviation ? R\u00e9servez d\u00e8s maintenant des vols East African Aviation pas chers en ligne et \u00e9conomisez du temps et de l&#039;argent.","breadcrumb":{"@id":"https:\/\/tiketi.com\/east-african-aviation-online-booking-flights\/#breadcrumb"},"inLanguage":"fr-FR","potentialAction":[{"@type":"ReadAction","target":["https:\/\/tiketi.com\/east-african-aviation-online-booking-flights\/"]}]},{"@type":"ImageObject","inLanguage":"fr-FR","@id":"https:\/\/tiketi.com\/east-african-aviation-online-booking-flights\/#primaryimage","url":"https:\/\/tiketi.com\/wp-content\/uploads\/2022\/01\/flight-ticket-booking-sorasak-KxCJXXGsv9I-unsplas.jpg","contentUrl":"https:\/\/tiketi.com\/wp-content\/uploads\/2022\/01\/flight-ticket-booking-sorasak-KxCJXXGsv9I-unsplas.jpg","width":1200,"height":240,"caption":"Online flight ticket booking"},{"@type":"BreadcrumbList","@id":"https:\/\/tiketi.com\/east-african-aviation-online-booking-flights\/#breadcrumb","itemListElement":[{"@type":"ListItem","position":1,"name":"Home","item":"https:\/\/tiketi.com\/"},{"@type":"ListItem","position":2,"name":"East African Aviation Online Booking &#8211; Cheap Air Flights"}]},{"@type":"WebSite","@id":"https:\/\/tiketi.com\/#website","url":"https:\/\/tiketi.com\/","name":"Billets d&#039;avion et de bus, forfaits touristiques et activit\u00e9s - Tiketi.com","description":"Billets d&#039;avion et de bus, Tours, Activit\u00e9s","publisher":{"@id":"https:\/\/tiketi.com\/#organization"},"potentialAction":[{"@type":"SearchAction","target":{"@type":"EntryPoint","urlTemplate":"https:\/\/tiketi.com\/?s={search_term_string}"},"query-input":{"@type":"PropertyValueSpecification","valueRequired":true,"valueName":"search_term_string"}}],"inLanguage":"fr-FR"},{"@type":"Organization","@id":"https:\/\/tiketi.com\/#organization","name":"Tiketi.com","alternateName":"Tiketi","url":"https:\/\/tiketi.com\/","logo":{"@type":"ImageObject","inLanguage":"fr-FR","@id":"https:\/\/tiketi.com\/#\/schema\/logo\/image\/","url":"https:\/\/tiketi.com\/wp-content\/uploads\/2019\/05\/tiketi-logo-696.png","contentUrl":"https:\/\/tiketi.com\/wp-content\/uploads\/2019\/05\/tiketi-logo-696.png","width":696,"height":696,"caption":"Tiketi.com"},"image":{"@id":"https:\/\/tiketi.com\/#\/schema\/logo\/image\/"},"sameAs":["https:\/\/www.facebook.com\/TiketiCom\/"]}]}},"_links":{"self":[{"href":"https:\/\/tiketi.com\/fr-fr\/wp-json\/wp\/v2\/pages\/11114","targetHints":{"allow":["GET"]}}],"collection":[{"href":"https:\/\/tiketi.com\/fr-fr\/wp-json\/wp\/v2\/pages"}],"about":[{"href":"https:\/\/tiketi.com\/fr-fr\/wp-json\/wp\/v2\/types\/page"}],"author":[{"embeddable":true,"href":"https:\/\/tiketi.com\/fr-fr\/wp-json\/wp\/v2\/users\/1"}],"replies":[{"embeddable":true,"href":"https:\/\/tiketi.com\/fr-fr\/wp-json\/wp\/v2\/comments?post=11114"}],"version-history":[{"count":0,"href":"https:\/\/tiketi.com\/fr-fr\/wp-json\/wp\/v2\/pages\/11114\/revisions"}],"wp:featuredmedia":[{"embeddable":true,"href":"https:\/\/tiketi.com\/fr-fr\/wp-json\/wp\/v2\/media\/14041"}],"wp:attachment":[{"href":"https:\/\/tiketi.com\/fr-fr\/wp-json\/wp\/v2\/media?parent=11114"}],"curies":[{"name":"wp","href":"https:\/\/api.w.org\/{rel}","templated":true}]}}