{"id":11115,"date":"2022-01-19T12:54:14","date_gmt":"2022-01-19T11:54:14","guid":{"rendered":"https:\/\/new.tiketi.com\/flightlink-online-booking-tanzania-cheap-flights\/"},"modified":"2022-02-12T15:43:27","modified_gmt":"2022-02-12T14:43:27","slug":"flightlink-online-booking-flights","status":"publish","type":"page","link":"https:\/\/tiketi.com\/fr-fr\/flightlink-online-booking-flights\/","title":{"rendered":"R\u00e9servation en ligne Flightlink Tanzanie \u2013 Vols pas chers"},"content":{"rendered":"<h2>R\u00e9servation de vol pas cher Flightlink Tanzanie<\/h2>\n<h3>Comparez et r\u00e9servez vos billets d&#039;avion Flightlink pas chers en ligne d\u00e8s maintenant.<\/h3>\n<p>Recherchez, comparez et faites des r\u00e9servations en ligne Flightlink bon march\u00e9 en Tanzanie. Fightlink est une compagnie a\u00e9rienne bas\u00e9e \u00e0 Dar es Salaam. La compagnie a\u00e9rienne propose des services sur un certain nombre de routes int\u00e9rieures via des vols r\u00e9guliers, des services d&#039;\u00e9vacuation sanitaire et des charters personnalis\u00e9s. Faites la r\u00e9servation de vols pas chers Flightlink en ligne vers Tanzanie maintenant et \u00e9conomisez du temps et de l&#039;argent.<\/p>\n<h2>FAQ sur la r\u00e9servation en ligne de Flightlink en Tanzanie<\/h2>\n<h3>R\u00e9servation de vols pas chers Flightlink destinations populaires<\/h3>\n<p>Les compagnies a\u00e9riennes Flightlink desservent une large gamme d&#039;itin\u00e9raires \u00e0 travers la Tanzanie, de toute fa\u00e7on, ses destinations les plus c\u00e9l\u00e8bres avec le plus de vols accessibles chaque semaine seraient Dar es Salaam, Zanzibar, Arusha, Dodoma, le Serengeti et Iringa.<\/p>\n<h3>Franchise de bagages<\/h3>\n<p>\u2022 Une pi\u00e8ce avec un poids maximal de 20 kg, une coque souple tout autour et des dimensions maximales de 55 cm x 40 cm x 23 cm.<br \/>\n\u2022 Les bagages de cabine sont limit\u00e9s aux objets personnels tels que l&#039;ordinateur, les appareils photo, les documents de voyage, les m\u00e9dicaments et ne doivent pas d\u00e9passer 5 kg par passager.<br \/>\n\u2022 Les exc\u00e9dents de bagages seront factur\u00e9s mais ne peuvent \u00eatre promis \u00e0 un passage sur le m\u00eame vol que le passager pour des raisons de s\u00e9curit\u00e9 et de poids. Renseignez-vous sur les tarifs au comptoir d&#039;enregistrement.<\/p>\n<h3>Informations sur la flotte<\/h3>\n<p>\u2022 1 Embraer EMB 120 Brasilia Si\u00e8ges 30<br \/>\n\u2022 1 Cessna Citation 560 jet si\u00e8ges 7-8<br \/>\n\u2022 2 si\u00e8ges Cessna T206 4<br \/>\n\u2022 4 si\u00e8ges Cessna Grand Caravan 208B 11-13<\/p>\n<h3>Informations sur la classe de vol<\/h3>\n<p><strong>Classe \u00e9conomique\/ standard<\/strong><\/p>\n<p>Le service standard est accessible sur tous les avions et offrira aux passagers un agencement confortable et relaxant des si\u00e8ges. Certains endroits tels que le Cessna Citation 560 offriront une plus grande taille de si\u00e8ge avec plus d&#039;espace personnel et d&#039;espace pour les jambes, offrant une sensation VIP \u00e0 la cabine.<\/p>\n<p><strong>Economie de la meilleure qualit\u00e9<\/strong><\/p>\n<p>Il n&#039;y a actuellement aucun service premium en classe \u00e9conomique \u00e0 bord du vol.<\/p>\n<h3>Flightlink r\u00e9servation en ligne horaire des vols et enregistrement<\/h3>\n<p>Vous devez vous enregistrer quatre-vingt-dix minutes avant le d\u00e9part et noter que les comptoirs d&#039;enregistrement se trouvent pr\u00e8s de trente minutes avant l&#039;heure de d\u00e9part pr\u00e9vue.<\/p>\n<h2>Conseils de r\u00e9servation de vols Flightlink pas chers<\/h2>\n<p>Avec un palmar\u00e8s incroyable en mati\u00e8re de s\u00e9curit\u00e9 et de service, cette compagnie a\u00e9rienne fait des vagues sur le march\u00e9 tanzanien. Ils sont \u00e9galement fiers d&#039;\u00eatre la compagnie a\u00e9rienne la plus d\u00e9tendue et la plus courtoise qui n&#039;inclut pas de trous suppl\u00e9mentaires dans votre poche.<\/p>","protected":false},"excerpt":{"rendered":"<p>Cheap Flightlink Flight Booking Tanzania Compare and book your cheap Flightlink flight tickets online now. Search, compare and do cheap Flightlink online booking in Tanzania. Fightlink is an airline based in Dar es Salaam. The airline provides services to a number of domestic routes via scheduled flights, Medevac and personalised charters services. Do cheap Flightlink [&hellip;]<\/p>\n","protected":false},"author":1,"featured_media":14041,"parent":0,"menu_order":0,"comment_status":"open","ping_status":"closed","template":"template-home-modern.php","meta":{"footnotes":""},"class_list":["post-11115","page","type-page","status-publish","has-post-thumbnail","hentry"],"yoast_head":"<!-- This site is optimized with the Yoast SEO plugin v27.2 - https:\/\/yoast.com\/product\/yoast-seo-wordpress\/ -->\n<title>Flightlink Online Booking Tanzania - Cheap Flights<\/title>\n<meta name=\"description\" content=\"Looking for Flightlink online booking in Tanzania? Do cheap Flightlink\u00a0flight booking Tanzania\u00a0online now and save time and money\" \/>\n<meta name=\"robots\" content=\"index, follow, max-snippet:-1, max-image-preview:large, max-video-preview:-1\" \/>\n<link rel=\"canonical\" href=\"https:\/\/tiketi.com\/fr-fr\/flightlink-online-booking-flights\/\" \/>\n<meta property=\"og:locale\" content=\"fr_FR\" \/>\n<meta property=\"og:type\" content=\"article\" \/>\n<meta property=\"og:title\" content=\"Flightlink Online Booking Tanzania - Cheap Flights\" \/>\n<meta property=\"og:description\" content=\"Looking for Flightlink online booking in Tanzania? Do cheap Flightlink\u00a0flight booking Tanzania\u00a0online now and save time and money\" \/>\n<meta property=\"og:url\" content=\"https:\/\/tiketi.com\/fr-fr\/flightlink-online-booking-flights\/\" \/>\n<meta property=\"og:site_name\" content=\"Tiketi.com\" \/>\n<meta property=\"article:publisher\" content=\"https:\/\/www.facebook.com\/TiketiCom\/\" \/>\n<meta property=\"article:modified_time\" content=\"2022-02-12T14:43:27+00:00\" \/>\n<meta property=\"og:image\" content=\"https:\/\/tiketi.com\/wp-content\/uploads\/2022\/01\/flight-ticket-booking-sorasak-KxCJXXGsv9I-unsplas.jpg\" \/>\n\t<meta property=\"og:image:width\" content=\"1200\" \/>\n\t<meta property=\"og:image:height\" content=\"240\" \/>\n\t<meta property=\"og:image:type\" content=\"image\/jpeg\" \/>\n<meta name=\"twitter:card\" content=\"summary_large_image\" \/>\n<meta name=\"twitter:label1\" content=\"Dur\u00e9e de lecture estim\u00e9e\" \/>\n\t<meta name=\"twitter:data1\" content=\"2 minutes\" \/>\n<script type=\"application\/ld+json\" class=\"yoast-schema-graph\">{\"@context\":\"https:\/\/schema.org\",\"@graph\":[{\"@type\":\"WebPage\",\"@id\":\"https:\/\/tiketi.com\/flightlink-online-booking-flights\/\",\"url\":\"https:\/\/tiketi.com\/flightlink-online-booking-flights\/\",\"name\":\"Flightlink Online Booking Tanzania - Cheap Flights\",\"isPartOf\":{\"@id\":\"https:\/\/tiketi.com\/#website\"},\"primaryImageOfPage\":{\"@id\":\"https:\/\/tiketi.com\/flightlink-online-booking-flights\/#primaryimage\"},\"image\":{\"@id\":\"https:\/\/tiketi.com\/flightlink-online-booking-flights\/#primaryimage\"},\"thumbnailUrl\":\"https:\/\/tiketi.com\/wp-content\/uploads\/2022\/01\/flight-ticket-booking-sorasak-KxCJXXGsv9I-unsplas.jpg\",\"datePublished\":\"2022-01-19T11:54:14+00:00\",\"dateModified\":\"2022-02-12T14:43:27+00:00\",\"description\":\"Looking for Flightlink online booking in Tanzania? Do cheap Flightlink\u00a0flight booking Tanzania\u00a0online now and save time and money\",\"breadcrumb\":{\"@id\":\"https:\/\/tiketi.com\/flightlink-online-booking-flights\/#breadcrumb\"},\"inLanguage\":\"fr-FR\",\"potentialAction\":[{\"@type\":\"ReadAction\",\"target\":[\"https:\/\/tiketi.com\/flightlink-online-booking-flights\/\"]}]},{\"@type\":\"ImageObject\",\"inLanguage\":\"fr-FR\",\"@id\":\"https:\/\/tiketi.com\/flightlink-online-booking-flights\/#primaryimage\",\"url\":\"https:\/\/tiketi.com\/wp-content\/uploads\/2022\/01\/flight-ticket-booking-sorasak-KxCJXXGsv9I-unsplas.jpg\",\"contentUrl\":\"https:\/\/tiketi.com\/wp-content\/uploads\/2022\/01\/flight-ticket-booking-sorasak-KxCJXXGsv9I-unsplas.jpg\",\"width\":1200,\"height\":240,\"caption\":\"Online flight ticket booking\"},{\"@type\":\"BreadcrumbList\",\"@id\":\"https:\/\/tiketi.com\/flightlink-online-booking-flights\/#breadcrumb\",\"itemListElement\":[{\"@type\":\"ListItem\",\"position\":1,\"name\":\"Home\",\"item\":\"https:\/\/tiketi.com\/\"},{\"@type\":\"ListItem\",\"position\":2,\"name\":\"Flightlink Online Booking Tanzania &#8211; Cheap Flights\"}]},{\"@type\":\"WebSite\",\"@id\":\"https:\/\/tiketi.com\/#website\",\"url\":\"https:\/\/tiketi.com\/\",\"name\":\"Flight & Bus Tickets, Tour Packages & Activitites - Tiketi.com\",\"description\":\"Flight &amp; Bus Tickets, Tours, Activitites\",\"publisher\":{\"@id\":\"https:\/\/tiketi.com\/#organization\"},\"potentialAction\":[{\"@type\":\"SearchAction\",\"target\":{\"@type\":\"EntryPoint\",\"urlTemplate\":\"https:\/\/tiketi.com\/?s={search_term_string}\"},\"query-input\":{\"@type\":\"PropertyValueSpecification\",\"valueRequired\":true,\"valueName\":\"search_term_string\"}}],\"inLanguage\":\"fr-FR\"},{\"@type\":\"Organization\",\"@id\":\"https:\/\/tiketi.com\/#organization\",\"name\":\"Tiketi.com\",\"alternateName\":\"Tiketi\",\"url\":\"https:\/\/tiketi.com\/\",\"logo\":{\"@type\":\"ImageObject\",\"inLanguage\":\"fr-FR\",\"@id\":\"https:\/\/tiketi.com\/#\/schema\/logo\/image\/\",\"url\":\"https:\/\/tiketi.com\/wp-content\/uploads\/2019\/05\/tiketi-logo-696.png\",\"contentUrl\":\"https:\/\/tiketi.com\/wp-content\/uploads\/2019\/05\/tiketi-logo-696.png\",\"width\":696,\"height\":696,\"caption\":\"Tiketi.com\"},\"image\":{\"@id\":\"https:\/\/tiketi.com\/#\/schema\/logo\/image\/\"},\"sameAs\":[\"https:\/\/www.facebook.com\/TiketiCom\/\"]}]}<\/script>\n<!-- \/ Yoast SEO plugin. -->","yoast_head_json":{"title":"Flightlink R\u00e9servation en ligne Tanzanie - Vols pas chers","description":"Vous recherchez une r\u00e9servation en ligne Flightlink en Tanzanie? Faites la r\u00e9servation de vols pas chers Flightlink en ligne vers Tanzanie maintenant et \u00e9conomisez du temps et de l&#039;argent","robots":{"index":"index","follow":"follow","max-snippet":"max-snippet:-1","max-image-preview":"max-image-preview:large","max-video-preview":"max-video-preview:-1"},"canonical":"https:\/\/tiketi.com\/fr-fr\/flightlink-online-booking-flights\/","og_locale":"fr_FR","og_type":"article","og_title":"Flightlink Online Booking Tanzania - Cheap Flights","og_description":"Looking for Flightlink online booking in Tanzania? Do cheap Flightlink\u00a0flight booking Tanzania\u00a0online now and save time and money","og_url":"https:\/\/tiketi.com\/fr-fr\/flightlink-online-booking-flights\/","og_site_name":"Tiketi.com","article_publisher":"https:\/\/www.facebook.com\/TiketiCom\/","article_modified_time":"2022-02-12T14:43:27+00:00","og_image":[{"width":1200,"height":240,"url":"https:\/\/tiketi.com\/wp-content\/uploads\/2022\/01\/flight-ticket-booking-sorasak-KxCJXXGsv9I-unsplas.jpg","type":"image\/jpeg"}],"twitter_card":"summary_large_image","twitter_misc":{"Dur\u00e9e de lecture estim\u00e9e":"2 minutes"},"schema":{"@context":"https:\/\/schema.org","@graph":[{"@type":"WebPage","@id":"https:\/\/tiketi.com\/flightlink-online-booking-flights\/","url":"https:\/\/tiketi.com\/flightlink-online-booking-flights\/","name":"Flightlink R\u00e9servation en ligne Tanzanie - Vols pas chers","isPartOf":{"@id":"https:\/\/tiketi.com\/#website"},"primaryImageOfPage":{"@id":"https:\/\/tiketi.com\/flightlink-online-booking-flights\/#primaryimage"},"image":{"@id":"https:\/\/tiketi.com\/flightlink-online-booking-flights\/#primaryimage"},"thumbnailUrl":"https:\/\/tiketi.com\/wp-content\/uploads\/2022\/01\/flight-ticket-booking-sorasak-KxCJXXGsv9I-unsplas.jpg","datePublished":"2022-01-19T11:54:14+00:00","dateModified":"2022-02-12T14:43:27+00:00","description":"Vous recherchez une r\u00e9servation en ligne Flightlink en Tanzanie? Faites la r\u00e9servation de vols pas chers Flightlink en ligne vers Tanzanie maintenant et \u00e9conomisez du temps et de l&#039;argent","breadcrumb":{"@id":"https:\/\/tiketi.com\/flightlink-online-booking-flights\/#breadcrumb"},"inLanguage":"fr-FR","potentialAction":[{"@type":"ReadAction","target":["https:\/\/tiketi.com\/flightlink-online-booking-flights\/"]}]},{"@type":"ImageObject","inLanguage":"fr-FR","@id":"https:\/\/tiketi.com\/flightlink-online-booking-flights\/#primaryimage","url":"https:\/\/tiketi.com\/wp-content\/uploads\/2022\/01\/flight-ticket-booking-sorasak-KxCJXXGsv9I-unsplas.jpg","contentUrl":"https:\/\/tiketi.com\/wp-content\/uploads\/2022\/01\/flight-ticket-booking-sorasak-KxCJXXGsv9I-unsplas.jpg","width":1200,"height":240,"caption":"Online flight ticket booking"},{"@type":"BreadcrumbList","@id":"https:\/\/tiketi.com\/flightlink-online-booking-flights\/#breadcrumb","itemListElement":[{"@type":"ListItem","position":1,"name":"Home","item":"https:\/\/tiketi.com\/"},{"@type":"ListItem","position":2,"name":"Flightlink Online Booking Tanzania &#8211; Cheap Flights"}]},{"@type":"WebSite","@id":"https:\/\/tiketi.com\/#website","url":"https:\/\/tiketi.com\/","name":"Billets d&#039;avion et de bus, forfaits touristiques et activit\u00e9s - Tiketi.com","description":"Billets d&#039;avion et de bus, Tours, Activit\u00e9s","publisher":{"@id":"https:\/\/tiketi.com\/#organization"},"potentialAction":[{"@type":"SearchAction","target":{"@type":"EntryPoint","urlTemplate":"https:\/\/tiketi.com\/?s={search_term_string}"},"query-input":{"@type":"PropertyValueSpecification","valueRequired":true,"valueName":"search_term_string"}}],"inLanguage":"fr-FR"},{"@type":"Organization","@id":"https:\/\/tiketi.com\/#organization","name":"Tiketi.com","alternateName":"Tiketi","url":"https:\/\/tiketi.com\/","logo":{"@type":"ImageObject","inLanguage":"fr-FR","@id":"https:\/\/tiketi.com\/#\/schema\/logo\/image\/","url":"https:\/\/tiketi.com\/wp-content\/uploads\/2019\/05\/tiketi-logo-696.png","contentUrl":"https:\/\/tiketi.com\/wp-content\/uploads\/2019\/05\/tiketi-logo-696.png","width":696,"height":696,"caption":"Tiketi.com"},"image":{"@id":"https:\/\/tiketi.com\/#\/schema\/logo\/image\/"},"sameAs":["https:\/\/www.facebook.com\/TiketiCom\/"]}]}},"_links":{"self":[{"href":"https:\/\/tiketi.com\/fr-fr\/wp-json\/wp\/v2\/pages\/11115","targetHints":{"allow":["GET"]}}],"collection":[{"href":"https:\/\/tiketi.com\/fr-fr\/wp-json\/wp\/v2\/pages"}],"about":[{"href":"https:\/\/tiketi.com\/fr-fr\/wp-json\/wp\/v2\/types\/page"}],"author":[{"embeddable":true,"href":"https:\/\/tiketi.com\/fr-fr\/wp-json\/wp\/v2\/users\/1"}],"replies":[{"embeddable":true,"href":"https:\/\/tiketi.com\/fr-fr\/wp-json\/wp\/v2\/comments?post=11115"}],"version-history":[{"count":0,"href":"https:\/\/tiketi.com\/fr-fr\/wp-json\/wp\/v2\/pages\/11115\/revisions"}],"wp:featuredmedia":[{"embeddable":true,"href":"https:\/\/tiketi.com\/fr-fr\/wp-json\/wp\/v2\/media\/14041"}],"wp:attachment":[{"href":"https:\/\/tiketi.com\/fr-fr\/wp-json\/wp\/v2\/media?parent=11115"}],"curies":[{"name":"wp","href":"https:\/\/api.w.org\/{rel}","templated":true}]}}