{"id":11116,"date":"2022-01-19T12:54:14","date_gmt":"2022-01-19T11:54:14","guid":{"rendered":"https:\/\/new.tiketi.com\/eagle-air-online-booking-cheap-eagle-air-flights\/"},"modified":"2022-02-11T22:03:11","modified_gmt":"2022-02-11T21:03:11","slug":"eagle-air-online-booking-flights","status":"publish","type":"page","link":"https:\/\/tiketi.com\/fr-fr\/eagle-air-online-booking-flights\/","title":{"rendered":"R\u00e9servation en ligne Eagle Air \u2013 Vols pas chers"},"content":{"rendered":"<h2>Eagle Air Flight Booking Kenya, Tanzanie, Ouganda et Soudan<\/h2>\n<h3>R\u00e9servez vos vols bon march\u00e9 Eagle Air Ouganda en ligne maintenant.<\/h3>\n<p>Recherchez, comparez et effectuez des r\u00e9servations en ligne pas ch\u00e8res sur Eagle Air. Eagle Air est une soci\u00e9t\u00e9 d&#039;aviation priv\u00e9e \u00e0 responsabilit\u00e9 limit\u00e9e enti\u00e8rement sous licence en Ouganda et op\u00e8re dans la r\u00e9gion de l&#039;Afrique centrale et orientale. La compagnie a\u00e9rienne a \u00e9t\u00e9 cr\u00e9\u00e9e en 1994 et depuis sa cr\u00e9ation, elle est devenue l&#039;un des principaux op\u00e9rateurs a\u00e9riens de la r\u00e9gion. La soci\u00e9t\u00e9 d&#039;aviation propose des services d&#039;affr\u00e8tement a\u00e9rien aux passagers - personnel d&#039;affaires et de tourisme \u00e0 l&#039;int\u00e9rieur et au-del\u00e0 de l&#039;Afrique de l&#039;Est. Si vous \u00eates un visiteur impatient d&#039;explorer les parcs nationaux d&#039;Afrique de l&#039;Est pour un safari m\u00e9morable, vous pouvez r\u00e9server des vols Eagle Air Uganda pour vous emmener \u00e0 votre c\u00e9l\u00e8bre destination.<\/p>\n<h2>FAQ sur la r\u00e9servation en ligne d&#039;Eagle Air au Kenya, en Tanzanie, en Ouganda et au Soudan<\/h2>\n<h3>R\u00e9servation de vols Eagle Air destinations populaires<\/h3>\n<p>La compagnie a\u00e9rienne propose des vols r\u00e9guliers et charters vers de nombreuses destinations au Kenya, en Tanzanie, en Ouganda et au Soudan.<\/p>\n<h3>Franchise de bagages<\/h3>\n<p>Pour les bagages enregistr\u00e9s, les passagers ont droit \u00e0 un poids maximal de quinze kg. en bagage \u00e0 main, chaque passager a droit \u00e0 6kg au tarif de $3 par kg.<br \/>\nEagle Air a pr\u00e8s de 2 d\u00e9cennies d&#039;exp\u00e9rience dans le climat difficile de l&#039;aviation en Afrique de l&#039;Est et cette exp\u00e9rience place Eagle Air \u00e0 l&#039;avant-garde de la prestation de services a\u00e9riens en Ouganda.<\/p>\n<h2>Conseils de r\u00e9servation de vol Eagle Air<\/h2>\n<p>Parmi les op\u00e9rateurs a\u00e9riens nationaux en Ouganda, Eagle Air poss\u00e8de la plus large flotte d&#039;avions. La compagnie a\u00e9rienne propose des vols charters pour le transport de fret, les \u00e9vacuations m\u00e9dicales, la photographie a\u00e9rienne, les services humanitaires et les routes int\u00e9rieures. Eagle Air peut r\u00e9server un avion pour vos besoins dans les 2 heures pour vous transporter \u00e0 votre place.<\/p>\n<p>Il existe \u00e9galement des vols r\u00e9guliers accessibles \u00e0 certains endroits en Afrique de l&#039;Est. La compagnie a\u00e9rienne propose des divertissements en vol - des boissons et des collations pour tous les vols charters afin de rendre le voyage plus relaxant et agr\u00e9able pour les passagers. Chaque vol d&#039;Eagle Air est suivi du d\u00e9collage \u00e0 l&#039;atterrissage et il y a une communication continue entre les \u00e9quipages de conduite, les op\u00e9rateurs, les r\u00e9partiteurs et les autres membres du personnel pour s&#039;assurer que les passagers ont un voyage parfait.<\/p>","protected":false},"excerpt":{"rendered":"<p>Eagle Air\u00a0Flight Booking Kenya, Tanzania, Uganda and Sudan Book your cheap Eagle Air Uganda flights online now. Search, compare and do cheap Eagle Air online booking. Eagle Air is a private limited aviation firm completely licensed in Uganda and runs within Central and East Africa area. The airline was established in 1994, and since its [&hellip;]<\/p>\n","protected":false},"author":1,"featured_media":14041,"parent":0,"menu_order":0,"comment_status":"open","ping_status":"closed","template":"template-home-modern.php","meta":{"footnotes":""},"class_list":["post-11116","page","type-page","status-publish","has-post-thumbnail","hentry"],"yoast_head":"<!-- This site is optimized with the Yoast SEO plugin v27.2 - https:\/\/yoast.com\/product\/yoast-seo-wordpress\/ -->\n<title>Eagle Air Online Booking - Cheap Flights<\/title>\n<meta name=\"description\" content=\"Looking for Eagle Air online booking in Kenya, Tanzania, Uganda and Sudan? Book cheap Eagle Air Uganda flights online and save time and money\" \/>\n<meta name=\"robots\" content=\"index, follow, max-snippet:-1, max-image-preview:large, max-video-preview:-1\" \/>\n<link rel=\"canonical\" href=\"https:\/\/tiketi.com\/fr-fr\/eagle-air-online-booking-flights\/\" \/>\n<meta property=\"og:locale\" content=\"fr_FR\" \/>\n<meta property=\"og:type\" content=\"article\" \/>\n<meta property=\"og:title\" content=\"Eagle Air Online Booking - Cheap Flights\" \/>\n<meta property=\"og:description\" content=\"Looking for Eagle Air online booking in Kenya, Tanzania, Uganda and Sudan? Book cheap Eagle Air Uganda flights online and save time and money\" \/>\n<meta property=\"og:url\" content=\"https:\/\/tiketi.com\/fr-fr\/eagle-air-online-booking-flights\/\" \/>\n<meta property=\"og:site_name\" content=\"Tiketi.com\" \/>\n<meta property=\"article:publisher\" content=\"https:\/\/www.facebook.com\/TiketiCom\/\" \/>\n<meta property=\"article:modified_time\" content=\"2022-02-11T21:03:11+00:00\" \/>\n<meta property=\"og:image\" content=\"https:\/\/tiketi.com\/wp-content\/uploads\/2022\/01\/flight-ticket-booking-sorasak-KxCJXXGsv9I-unsplas.jpg\" \/>\n\t<meta property=\"og:image:width\" content=\"1200\" \/>\n\t<meta property=\"og:image:height\" content=\"240\" \/>\n\t<meta property=\"og:image:type\" content=\"image\/jpeg\" \/>\n<meta name=\"twitter:card\" content=\"summary_large_image\" \/>\n<meta name=\"twitter:label1\" content=\"Dur\u00e9e de lecture estim\u00e9e\" \/>\n\t<meta name=\"twitter:data1\" content=\"2 minutes\" \/>\n<script type=\"application\/ld+json\" class=\"yoast-schema-graph\">{\"@context\":\"https:\/\/schema.org\",\"@graph\":[{\"@type\":\"WebPage\",\"@id\":\"https:\/\/tiketi.com\/eagle-air-online-booking-flights\/\",\"url\":\"https:\/\/tiketi.com\/eagle-air-online-booking-flights\/\",\"name\":\"Eagle Air Online Booking - Cheap Flights\",\"isPartOf\":{\"@id\":\"https:\/\/tiketi.com\/#website\"},\"primaryImageOfPage\":{\"@id\":\"https:\/\/tiketi.com\/eagle-air-online-booking-flights\/#primaryimage\"},\"image\":{\"@id\":\"https:\/\/tiketi.com\/eagle-air-online-booking-flights\/#primaryimage\"},\"thumbnailUrl\":\"https:\/\/tiketi.com\/wp-content\/uploads\/2022\/01\/flight-ticket-booking-sorasak-KxCJXXGsv9I-unsplas.jpg\",\"datePublished\":\"2022-01-19T11:54:14+00:00\",\"dateModified\":\"2022-02-11T21:03:11+00:00\",\"description\":\"Looking for Eagle Air online booking in Kenya, Tanzania, Uganda and Sudan? Book cheap Eagle Air Uganda flights online and save time and money\",\"breadcrumb\":{\"@id\":\"https:\/\/tiketi.com\/eagle-air-online-booking-flights\/#breadcrumb\"},\"inLanguage\":\"fr-FR\",\"potentialAction\":[{\"@type\":\"ReadAction\",\"target\":[\"https:\/\/tiketi.com\/eagle-air-online-booking-flights\/\"]}]},{\"@type\":\"ImageObject\",\"inLanguage\":\"fr-FR\",\"@id\":\"https:\/\/tiketi.com\/eagle-air-online-booking-flights\/#primaryimage\",\"url\":\"https:\/\/tiketi.com\/wp-content\/uploads\/2022\/01\/flight-ticket-booking-sorasak-KxCJXXGsv9I-unsplas.jpg\",\"contentUrl\":\"https:\/\/tiketi.com\/wp-content\/uploads\/2022\/01\/flight-ticket-booking-sorasak-KxCJXXGsv9I-unsplas.jpg\",\"width\":1200,\"height\":240,\"caption\":\"Online flight ticket booking\"},{\"@type\":\"BreadcrumbList\",\"@id\":\"https:\/\/tiketi.com\/eagle-air-online-booking-flights\/#breadcrumb\",\"itemListElement\":[{\"@type\":\"ListItem\",\"position\":1,\"name\":\"Home\",\"item\":\"https:\/\/tiketi.com\/\"},{\"@type\":\"ListItem\",\"position\":2,\"name\":\"Eagle Air Online Booking &#8211; Cheap Flights\"}]},{\"@type\":\"WebSite\",\"@id\":\"https:\/\/tiketi.com\/#website\",\"url\":\"https:\/\/tiketi.com\/\",\"name\":\"Flight & Bus Tickets, Tour Packages & Activitites - Tiketi.com\",\"description\":\"Flight &amp; Bus Tickets, Tours, Activitites\",\"publisher\":{\"@id\":\"https:\/\/tiketi.com\/#organization\"},\"potentialAction\":[{\"@type\":\"SearchAction\",\"target\":{\"@type\":\"EntryPoint\",\"urlTemplate\":\"https:\/\/tiketi.com\/?s={search_term_string}\"},\"query-input\":{\"@type\":\"PropertyValueSpecification\",\"valueRequired\":true,\"valueName\":\"search_term_string\"}}],\"inLanguage\":\"fr-FR\"},{\"@type\":\"Organization\",\"@id\":\"https:\/\/tiketi.com\/#organization\",\"name\":\"Tiketi.com\",\"alternateName\":\"Tiketi\",\"url\":\"https:\/\/tiketi.com\/\",\"logo\":{\"@type\":\"ImageObject\",\"inLanguage\":\"fr-FR\",\"@id\":\"https:\/\/tiketi.com\/#\/schema\/logo\/image\/\",\"url\":\"https:\/\/tiketi.com\/wp-content\/uploads\/2019\/05\/tiketi-logo-696.png\",\"contentUrl\":\"https:\/\/tiketi.com\/wp-content\/uploads\/2019\/05\/tiketi-logo-696.png\",\"width\":696,\"height\":696,\"caption\":\"Tiketi.com\"},\"image\":{\"@id\":\"https:\/\/tiketi.com\/#\/schema\/logo\/image\/\"},\"sameAs\":[\"https:\/\/www.facebook.com\/TiketiCom\/\"]}]}<\/script>\n<!-- \/ Yoast SEO plugin. -->","yoast_head_json":{"title":"Eagle Air R\u00e9servation en ligne - Vols pas chers","description":"Vous recherchez une r\u00e9servation en ligne d&#039;Eagle Air au Kenya, en Tanzanie, en Ouganda et au Soudan ? R\u00e9servez en ligne des vols pas chers Eagle Air Ouganda et gagnez du temps et de l&#039;argent","robots":{"index":"index","follow":"follow","max-snippet":"max-snippet:-1","max-image-preview":"max-image-preview:large","max-video-preview":"max-video-preview:-1"},"canonical":"https:\/\/tiketi.com\/fr-fr\/eagle-air-online-booking-flights\/","og_locale":"fr_FR","og_type":"article","og_title":"Eagle Air Online Booking - Cheap Flights","og_description":"Looking for Eagle Air online booking in Kenya, Tanzania, Uganda and Sudan? Book cheap Eagle Air Uganda flights online and save time and money","og_url":"https:\/\/tiketi.com\/fr-fr\/eagle-air-online-booking-flights\/","og_site_name":"Tiketi.com","article_publisher":"https:\/\/www.facebook.com\/TiketiCom\/","article_modified_time":"2022-02-11T21:03:11+00:00","og_image":[{"width":1200,"height":240,"url":"https:\/\/tiketi.com\/wp-content\/uploads\/2022\/01\/flight-ticket-booking-sorasak-KxCJXXGsv9I-unsplas.jpg","type":"image\/jpeg"}],"twitter_card":"summary_large_image","twitter_misc":{"Dur\u00e9e de lecture estim\u00e9e":"2 minutes"},"schema":{"@context":"https:\/\/schema.org","@graph":[{"@type":"WebPage","@id":"https:\/\/tiketi.com\/eagle-air-online-booking-flights\/","url":"https:\/\/tiketi.com\/eagle-air-online-booking-flights\/","name":"Eagle Air R\u00e9servation en ligne - Vols pas chers","isPartOf":{"@id":"https:\/\/tiketi.com\/#website"},"primaryImageOfPage":{"@id":"https:\/\/tiketi.com\/eagle-air-online-booking-flights\/#primaryimage"},"image":{"@id":"https:\/\/tiketi.com\/eagle-air-online-booking-flights\/#primaryimage"},"thumbnailUrl":"https:\/\/tiketi.com\/wp-content\/uploads\/2022\/01\/flight-ticket-booking-sorasak-KxCJXXGsv9I-unsplas.jpg","datePublished":"2022-01-19T11:54:14+00:00","dateModified":"2022-02-11T21:03:11+00:00","description":"Vous recherchez une r\u00e9servation en ligne d&#039;Eagle Air au Kenya, en Tanzanie, en Ouganda et au Soudan ? R\u00e9servez en ligne des vols pas chers Eagle Air Ouganda et gagnez du temps et de l&#039;argent","breadcrumb":{"@id":"https:\/\/tiketi.com\/eagle-air-online-booking-flights\/#breadcrumb"},"inLanguage":"fr-FR","potentialAction":[{"@type":"ReadAction","target":["https:\/\/tiketi.com\/eagle-air-online-booking-flights\/"]}]},{"@type":"ImageObject","inLanguage":"fr-FR","@id":"https:\/\/tiketi.com\/eagle-air-online-booking-flights\/#primaryimage","url":"https:\/\/tiketi.com\/wp-content\/uploads\/2022\/01\/flight-ticket-booking-sorasak-KxCJXXGsv9I-unsplas.jpg","contentUrl":"https:\/\/tiketi.com\/wp-content\/uploads\/2022\/01\/flight-ticket-booking-sorasak-KxCJXXGsv9I-unsplas.jpg","width":1200,"height":240,"caption":"Online flight ticket booking"},{"@type":"BreadcrumbList","@id":"https:\/\/tiketi.com\/eagle-air-online-booking-flights\/#breadcrumb","itemListElement":[{"@type":"ListItem","position":1,"name":"Home","item":"https:\/\/tiketi.com\/"},{"@type":"ListItem","position":2,"name":"Eagle Air Online Booking &#8211; Cheap Flights"}]},{"@type":"WebSite","@id":"https:\/\/tiketi.com\/#website","url":"https:\/\/tiketi.com\/","name":"Billets d&#039;avion et de bus, forfaits touristiques et activit\u00e9s - Tiketi.com","description":"Billets d&#039;avion et de bus, Tours, Activit\u00e9s","publisher":{"@id":"https:\/\/tiketi.com\/#organization"},"potentialAction":[{"@type":"SearchAction","target":{"@type":"EntryPoint","urlTemplate":"https:\/\/tiketi.com\/?s={search_term_string}"},"query-input":{"@type":"PropertyValueSpecification","valueRequired":true,"valueName":"search_term_string"}}],"inLanguage":"fr-FR"},{"@type":"Organization","@id":"https:\/\/tiketi.com\/#organization","name":"Tiketi.com","alternateName":"Tiketi","url":"https:\/\/tiketi.com\/","logo":{"@type":"ImageObject","inLanguage":"fr-FR","@id":"https:\/\/tiketi.com\/#\/schema\/logo\/image\/","url":"https:\/\/tiketi.com\/wp-content\/uploads\/2019\/05\/tiketi-logo-696.png","contentUrl":"https:\/\/tiketi.com\/wp-content\/uploads\/2019\/05\/tiketi-logo-696.png","width":696,"height":696,"caption":"Tiketi.com"},"image":{"@id":"https:\/\/tiketi.com\/#\/schema\/logo\/image\/"},"sameAs":["https:\/\/www.facebook.com\/TiketiCom\/"]}]}},"_links":{"self":[{"href":"https:\/\/tiketi.com\/fr-fr\/wp-json\/wp\/v2\/pages\/11116","targetHints":{"allow":["GET"]}}],"collection":[{"href":"https:\/\/tiketi.com\/fr-fr\/wp-json\/wp\/v2\/pages"}],"about":[{"href":"https:\/\/tiketi.com\/fr-fr\/wp-json\/wp\/v2\/types\/page"}],"author":[{"embeddable":true,"href":"https:\/\/tiketi.com\/fr-fr\/wp-json\/wp\/v2\/users\/1"}],"replies":[{"embeddable":true,"href":"https:\/\/tiketi.com\/fr-fr\/wp-json\/wp\/v2\/comments?post=11116"}],"version-history":[{"count":0,"href":"https:\/\/tiketi.com\/fr-fr\/wp-json\/wp\/v2\/pages\/11116\/revisions"}],"wp:featuredmedia":[{"embeddable":true,"href":"https:\/\/tiketi.com\/fr-fr\/wp-json\/wp\/v2\/media\/14041"}],"wp:attachment":[{"href":"https:\/\/tiketi.com\/fr-fr\/wp-json\/wp\/v2\/media?parent=11116"}],"curies":[{"name":"wp","href":"https:\/\/api.w.org\/{rel}","templated":true}]}}