{"id":11118,"date":"2022-01-19T12:54:14","date_gmt":"2022-01-19T11:54:14","guid":{"rendered":"https:\/\/new.tiketi.com\/blue-sky-aviation-online-booking-kenya-cheap-flights\/"},"modified":"2022-01-25T23:34:48","modified_gmt":"2022-01-25T22:34:48","slug":"blue-sky-aviation-online-booking-flights","status":"publish","type":"page","link":"https:\/\/tiketi.com\/fr-fr\/blue-sky-aviation-online-booking-flights\/","title":{"rendered":"Blue sky Aviation R\u00e9servation en ligne Kenya \u2013 Vols pas chers"},"content":{"rendered":"<h2>R\u00e9servation de vol Blue Sky Aviation Kenya<\/h2>\n<h3>D\u00e9couvrez votre itin\u00e9raire de voyage sur le web, le mobile ou l&#039;application et r\u00e9servez \u00e0 bas prix Blue Sky Aviation Kenya en r\u00e9servant en ligne maintenant.<\/h3>\n<p>Recherchez, comparez et faites des r\u00e9servations en ligne bon march\u00e9 de Blue Sky Aviation au Kenya. Blue Sky Aviation est une compagnie a\u00e9rienne nationale k\u00e9nyane avec des bureaux \u00e0 Nairobi. Blue Sky Aviation a lanc\u00e9 ses op\u00e9rations en 1996 avec un seul avion et poss\u00e8de maintenant trois Let L-410 Turbolets. Ceux-ci peuvent accueillir dix-neuf passagers. Ces avions sont tout \u00e0 fait \u00e0 l&#039;aise sur les pistes d&#039;atterrissage du Masai Mara et disposent des plus grandes cabines passagers de leur cat\u00e9gorie. R\u00e9servez votre vol pas cher Blue Sky Aviation au Kenya maintenant et \u00e9conomisez du temps et de l&#039;argent.<\/p>\n<h2>FAQ sur la r\u00e9servation en ligne de Blue Sky Aviation au Kenya<\/h2>\n<h3>Destinations populaires de Blue Sky Aviation<\/h3>\n<p>La compagnie a\u00e9rienne dessert les a\u00e9rodromes et villes suivants au Kenya\u00a0: Lamu, Nairobi, Malindi, l&#039;a\u00e9roport d&#039;Amboseli, Mombasa et Ukunda.<\/p>\n<p>La compagnie a\u00e9rienne dessert \u00e9galement de nombreux a\u00e9rodromes dans le Maasai Mara.<\/p>\n<h3>Informations d&#039;enregistrement<\/h3>\n<p>Les heures d&#039;enregistrement changeront en fonction de la piste d&#039;atterrissage\/de l&#039;a\u00e9roport de d\u00e9part. Les d\u00e9tails seront v\u00e9rifi\u00e9s au moment de la r\u00e9servation de Blue Sky Aviation - vous pouvez \u00e9galement consulter la page Web de l&#039;a\u00e9roport pour plus de suggestions.<\/p>\n<h3>Si\u00e8ges standards<\/h3>\n<p>La compagnie a\u00e9rienne exploite un pied d&#039;avions l\u00e9gers, d&#039;une capacit\u00e9 de dix-neuf passagers. Quoi qu&#039;il en soit, les avions offrent les cabines passagers les plus larges de leur cat\u00e9gorie, et l&#039;\u00e9quipe se consacre \u00e0 vous assurer un voyage relaxant. N&#039;oubliez pas votre appareil photo\u00a0!<\/p>\n<h3>Informations sur la flotte<\/h3>\n<p>Voler localement au Kenya n\u00e9cessite que les avions soient \u00e9quip\u00e9s pour accueillir \u00e0 la fois les a\u00e9roports traditionnels et les a\u00e9rodromes de style terre dont il y a beaucoup dans les parcs safari et les destinations insulaires c\u00e9l\u00e8bres. La flotte a\u00e9rienne d&#039;avions agiles est capable d&#039;atterrir sur toutes sortes de terrains pour s&#039;assurer que nous vous amenons dans tous les types d&#039;endroits \u00e9loign\u00e9s.<\/p>\n<h4>Lorsque vous voyagez avec BlueSky Aviation, vous pouvez vous attendre \u00e0 embarquer sur l&#039;un des avions suivants\u00a0:<\/h4>\n<p>\u2022 3 turbolets Let L-410<br \/>\n\u2022 1\u00a0grande caravane Censsa C208<\/p>\n<h2>Conseils de r\u00e9servation de vol Blue Sky Aviation au Kenya<\/h2>\n<p>Blue Sky Aviation fournit des services d&#039;affr\u00e8tement vers l&#039;Afrique centrale et orientale \u00e0 partir de son hub \u00e0 l&#039;a\u00e9roport international Moi ou \u00e0 l&#039;a\u00e9roport Wilson de Nairobi. Cette compagnie a\u00e9rienne propose des vols vers certains des lieux de safari les plus charmants du Kenya.<\/p>","protected":false},"excerpt":{"rendered":"<p>Blue Sky Aviation\u00a0Flight Booking Kenya Discover your travel route on web, mobile or app and book cheap Blue Sky Aviation Kenya booking online now. Search, compare and do cheap Blue Sky Aviation online booking in Kenya.\u00a0Blue Sky Aviation is a domestic routes Kenyan airline with offices in Nairobi. Blue Sky Aviation launched operations in 1996 [&hellip;]<\/p>\n","protected":false},"author":1,"featured_media":14041,"parent":0,"menu_order":0,"comment_status":"open","ping_status":"closed","template":"template-home-modern.php","meta":{"footnotes":""},"class_list":["post-11118","page","type-page","status-publish","has-post-thumbnail","hentry"],"yoast_head":"<!-- This site is optimized with the Yoast SEO plugin v27.3 - https:\/\/yoast.com\/product\/yoast-seo-wordpress\/ -->\n<title>Blue sky Aviation Online Booking Kenya - Cheap Flights<\/title>\n<meta name=\"description\" content=\"Looking for Blue sky Aviation online booking in Kenya? Book cheap Blue sky Aviation\u00a0flight booking Kenya online now and save time and money\" \/>\n<meta name=\"robots\" content=\"index, follow, max-snippet:-1, max-image-preview:large, max-video-preview:-1\" \/>\n<link rel=\"canonical\" href=\"https:\/\/tiketi.com\/fr-fr\/blue-sky-aviation-online-booking-flights\/\" \/>\n<meta property=\"og:locale\" content=\"fr_FR\" \/>\n<meta property=\"og:type\" content=\"article\" \/>\n<meta property=\"og:title\" content=\"Blue sky Aviation Online Booking Kenya - Cheap Flights\" \/>\n<meta property=\"og:description\" content=\"Looking for Blue sky Aviation online booking in Kenya? Book cheap Blue sky Aviation\u00a0flight booking Kenya online now and save time and money\" \/>\n<meta property=\"og:url\" content=\"https:\/\/tiketi.com\/fr-fr\/blue-sky-aviation-online-booking-flights\/\" \/>\n<meta property=\"og:site_name\" content=\"Tiketi.com\" \/>\n<meta property=\"article:publisher\" content=\"https:\/\/www.facebook.com\/TiketiCom\/\" \/>\n<meta property=\"article:modified_time\" content=\"2022-01-25T22:34:48+00:00\" \/>\n<meta property=\"og:image\" content=\"https:\/\/tiketi.com\/wp-content\/uploads\/2022\/01\/flight-ticket-booking-sorasak-KxCJXXGsv9I-unsplas.jpg\" \/>\n\t<meta property=\"og:image:width\" content=\"1200\" \/>\n\t<meta property=\"og:image:height\" content=\"240\" \/>\n\t<meta property=\"og:image:type\" content=\"image\/jpeg\" \/>\n<meta name=\"twitter:card\" content=\"summary_large_image\" \/>\n<meta name=\"twitter:label1\" content=\"Dur\u00e9e de lecture estim\u00e9e\" \/>\n\t<meta name=\"twitter:data1\" content=\"2 minutes\" \/>\n<script type=\"application\/ld+json\" class=\"yoast-schema-graph\">{\"@context\":\"https:\\\/\\\/schema.org\",\"@graph\":[{\"@type\":\"WebPage\",\"@id\":\"https:\\\/\\\/tiketi.com\\\/blue-sky-aviation-online-booking-flights\\\/\",\"url\":\"https:\\\/\\\/tiketi.com\\\/blue-sky-aviation-online-booking-flights\\\/\",\"name\":\"Blue sky Aviation Online Booking Kenya - Cheap Flights\",\"isPartOf\":{\"@id\":\"https:\\\/\\\/tiketi.com\\\/#website\"},\"primaryImageOfPage\":{\"@id\":\"https:\\\/\\\/tiketi.com\\\/blue-sky-aviation-online-booking-flights\\\/#primaryimage\"},\"image\":{\"@id\":\"https:\\\/\\\/tiketi.com\\\/blue-sky-aviation-online-booking-flights\\\/#primaryimage\"},\"thumbnailUrl\":\"https:\\\/\\\/tiketi.com\\\/wp-content\\\/uploads\\\/2022\\\/01\\\/flight-ticket-booking-sorasak-KxCJXXGsv9I-unsplas.jpg\",\"datePublished\":\"2022-01-19T11:54:14+00:00\",\"dateModified\":\"2022-01-25T22:34:48+00:00\",\"description\":\"Looking for Blue sky Aviation online booking in Kenya? Book cheap Blue sky Aviation\u00a0flight booking Kenya online now and save time and money\",\"breadcrumb\":{\"@id\":\"https:\\\/\\\/tiketi.com\\\/blue-sky-aviation-online-booking-flights\\\/#breadcrumb\"},\"inLanguage\":\"fr-FR\",\"potentialAction\":[{\"@type\":\"ReadAction\",\"target\":[\"https:\\\/\\\/tiketi.com\\\/blue-sky-aviation-online-booking-flights\\\/\"]}]},{\"@type\":\"ImageObject\",\"inLanguage\":\"fr-FR\",\"@id\":\"https:\\\/\\\/tiketi.com\\\/blue-sky-aviation-online-booking-flights\\\/#primaryimage\",\"url\":\"https:\\\/\\\/tiketi.com\\\/wp-content\\\/uploads\\\/2022\\\/01\\\/flight-ticket-booking-sorasak-KxCJXXGsv9I-unsplas.jpg\",\"contentUrl\":\"https:\\\/\\\/tiketi.com\\\/wp-content\\\/uploads\\\/2022\\\/01\\\/flight-ticket-booking-sorasak-KxCJXXGsv9I-unsplas.jpg\",\"width\":1200,\"height\":240,\"caption\":\"Online flight ticket booking\"},{\"@type\":\"BreadcrumbList\",\"@id\":\"https:\\\/\\\/tiketi.com\\\/blue-sky-aviation-online-booking-flights\\\/#breadcrumb\",\"itemListElement\":[{\"@type\":\"ListItem\",\"position\":1,\"name\":\"Home\",\"item\":\"https:\\\/\\\/tiketi.com\\\/\"},{\"@type\":\"ListItem\",\"position\":2,\"name\":\"Blue sky Aviation Online Booking Kenya &#8211; Cheap Flights\"}]},{\"@type\":\"WebSite\",\"@id\":\"https:\\\/\\\/tiketi.com\\\/#website\",\"url\":\"https:\\\/\\\/tiketi.com\\\/\",\"name\":\"Flight & Bus Tickets, Tour Packages & Activitites - Tiketi.com\",\"description\":\"Flight &amp; Bus Tickets, Tours, Activitites\",\"publisher\":{\"@id\":\"https:\\\/\\\/tiketi.com\\\/#organization\"},\"potentialAction\":[{\"@type\":\"SearchAction\",\"target\":{\"@type\":\"EntryPoint\",\"urlTemplate\":\"https:\\\/\\\/tiketi.com\\\/?s={search_term_string}\"},\"query-input\":{\"@type\":\"PropertyValueSpecification\",\"valueRequired\":true,\"valueName\":\"search_term_string\"}}],\"inLanguage\":\"fr-FR\"},{\"@type\":\"Organization\",\"@id\":\"https:\\\/\\\/tiketi.com\\\/#organization\",\"name\":\"Tiketi.com\",\"alternateName\":\"Tiketi\",\"url\":\"https:\\\/\\\/tiketi.com\\\/\",\"logo\":{\"@type\":\"ImageObject\",\"inLanguage\":\"fr-FR\",\"@id\":\"https:\\\/\\\/tiketi.com\\\/#\\\/schema\\\/logo\\\/image\\\/\",\"url\":\"https:\\\/\\\/tiketi.com\\\/wp-content\\\/uploads\\\/2019\\\/05\\\/tiketi-logo-696.png\",\"contentUrl\":\"https:\\\/\\\/tiketi.com\\\/wp-content\\\/uploads\\\/2019\\\/05\\\/tiketi-logo-696.png\",\"width\":696,\"height\":696,\"caption\":\"Tiketi.com\"},\"image\":{\"@id\":\"https:\\\/\\\/tiketi.com\\\/#\\\/schema\\\/logo\\\/image\\\/\"},\"sameAs\":[\"https:\\\/\\\/www.facebook.com\\\/TiketiCom\\\/\"]}]}<\/script>\n<!-- \/ Yoast SEO plugin. -->","yoast_head_json":{"title":"Blue sky Aviation R\u00e9servation en ligne Kenya - Vols pas chers","description":"Vous recherchez une r\u00e9servation en ligne de Blue sky Aviation au Kenya? R\u00e9servez des vols pas chers de Blue sky Aviation Kenya en ligne maintenant et \u00e9conomisez du temps et de l&#039;argent","robots":{"index":"index","follow":"follow","max-snippet":"max-snippet:-1","max-image-preview":"max-image-preview:large","max-video-preview":"max-video-preview:-1"},"canonical":"https:\/\/tiketi.com\/fr-fr\/blue-sky-aviation-online-booking-flights\/","og_locale":"fr_FR","og_type":"article","og_title":"Blue sky Aviation Online Booking Kenya - Cheap Flights","og_description":"Looking for Blue sky Aviation online booking in Kenya? Book cheap Blue sky Aviation\u00a0flight booking Kenya online now and save time and money","og_url":"https:\/\/tiketi.com\/fr-fr\/blue-sky-aviation-online-booking-flights\/","og_site_name":"Tiketi.com","article_publisher":"https:\/\/www.facebook.com\/TiketiCom\/","article_modified_time":"2022-01-25T22:34:48+00:00","og_image":[{"width":1200,"height":240,"url":"https:\/\/tiketi.com\/wp-content\/uploads\/2022\/01\/flight-ticket-booking-sorasak-KxCJXXGsv9I-unsplas.jpg","type":"image\/jpeg"}],"twitter_card":"summary_large_image","twitter_misc":{"Dur\u00e9e de lecture estim\u00e9e":"2 minutes"},"schema":{"@context":"https:\/\/schema.org","@graph":[{"@type":"WebPage","@id":"https:\/\/tiketi.com\/blue-sky-aviation-online-booking-flights\/","url":"https:\/\/tiketi.com\/blue-sky-aviation-online-booking-flights\/","name":"Blue sky Aviation R\u00e9servation en ligne Kenya - Vols pas chers","isPartOf":{"@id":"https:\/\/tiketi.com\/#website"},"primaryImageOfPage":{"@id":"https:\/\/tiketi.com\/blue-sky-aviation-online-booking-flights\/#primaryimage"},"image":{"@id":"https:\/\/tiketi.com\/blue-sky-aviation-online-booking-flights\/#primaryimage"},"thumbnailUrl":"https:\/\/tiketi.com\/wp-content\/uploads\/2022\/01\/flight-ticket-booking-sorasak-KxCJXXGsv9I-unsplas.jpg","datePublished":"2022-01-19T11:54:14+00:00","dateModified":"2022-01-25T22:34:48+00:00","description":"Vous recherchez une r\u00e9servation en ligne de Blue sky Aviation au Kenya? R\u00e9servez des vols pas chers de Blue sky Aviation Kenya en ligne maintenant et \u00e9conomisez du temps et de l&#039;argent","breadcrumb":{"@id":"https:\/\/tiketi.com\/blue-sky-aviation-online-booking-flights\/#breadcrumb"},"inLanguage":"fr-FR","potentialAction":[{"@type":"ReadAction","target":["https:\/\/tiketi.com\/blue-sky-aviation-online-booking-flights\/"]}]},{"@type":"ImageObject","inLanguage":"fr-FR","@id":"https:\/\/tiketi.com\/blue-sky-aviation-online-booking-flights\/#primaryimage","url":"https:\/\/tiketi.com\/wp-content\/uploads\/2022\/01\/flight-ticket-booking-sorasak-KxCJXXGsv9I-unsplas.jpg","contentUrl":"https:\/\/tiketi.com\/wp-content\/uploads\/2022\/01\/flight-ticket-booking-sorasak-KxCJXXGsv9I-unsplas.jpg","width":1200,"height":240,"caption":"Online flight ticket booking"},{"@type":"BreadcrumbList","@id":"https:\/\/tiketi.com\/blue-sky-aviation-online-booking-flights\/#breadcrumb","itemListElement":[{"@type":"ListItem","position":1,"name":"Home","item":"https:\/\/tiketi.com\/"},{"@type":"ListItem","position":2,"name":"Blue sky Aviation Online Booking Kenya &#8211; Cheap Flights"}]},{"@type":"WebSite","@id":"https:\/\/tiketi.com\/#website","url":"https:\/\/tiketi.com\/","name":"Billets d&#039;avion et de bus, forfaits touristiques et activit\u00e9s - Tiketi.com","description":"Billets d&#039;avion et de bus, Tours, Activit\u00e9s","publisher":{"@id":"https:\/\/tiketi.com\/#organization"},"potentialAction":[{"@type":"SearchAction","target":{"@type":"EntryPoint","urlTemplate":"https:\/\/tiketi.com\/?s={search_term_string}"},"query-input":{"@type":"PropertyValueSpecification","valueRequired":true,"valueName":"search_term_string"}}],"inLanguage":"fr-FR"},{"@type":"Organization","@id":"https:\/\/tiketi.com\/#organization","name":"Tiketi.com","alternateName":"Tiketi","url":"https:\/\/tiketi.com\/","logo":{"@type":"ImageObject","inLanguage":"fr-FR","@id":"https:\/\/tiketi.com\/#\/schema\/logo\/image\/","url":"https:\/\/tiketi.com\/wp-content\/uploads\/2019\/05\/tiketi-logo-696.png","contentUrl":"https:\/\/tiketi.com\/wp-content\/uploads\/2019\/05\/tiketi-logo-696.png","width":696,"height":696,"caption":"Tiketi.com"},"image":{"@id":"https:\/\/tiketi.com\/#\/schema\/logo\/image\/"},"sameAs":["https:\/\/www.facebook.com\/TiketiCom\/"]}]}},"_links":{"self":[{"href":"https:\/\/tiketi.com\/fr-fr\/wp-json\/wp\/v2\/pages\/11118","targetHints":{"allow":["GET"]}}],"collection":[{"href":"https:\/\/tiketi.com\/fr-fr\/wp-json\/wp\/v2\/pages"}],"about":[{"href":"https:\/\/tiketi.com\/fr-fr\/wp-json\/wp\/v2\/types\/page"}],"author":[{"embeddable":true,"href":"https:\/\/tiketi.com\/fr-fr\/wp-json\/wp\/v2\/users\/1"}],"replies":[{"embeddable":true,"href":"https:\/\/tiketi.com\/fr-fr\/wp-json\/wp\/v2\/comments?post=11118"}],"version-history":[{"count":0,"href":"https:\/\/tiketi.com\/fr-fr\/wp-json\/wp\/v2\/pages\/11118\/revisions"}],"wp:featuredmedia":[{"embeddable":true,"href":"https:\/\/tiketi.com\/fr-fr\/wp-json\/wp\/v2\/media\/14041"}],"wp:attachment":[{"href":"https:\/\/tiketi.com\/fr-fr\/wp-json\/wp\/v2\/media?parent=11118"}],"curies":[{"name":"wp","href":"https:\/\/api.w.org\/{rel}","templated":true}]}}