{"id":11119,"date":"2022-01-19T12:54:14","date_gmt":"2022-01-19T11:54:14","guid":{"rendered":"https:\/\/new.tiketi.com\/coastal-aviation-online-booking-tanzania-cheap-flights\/"},"modified":"2022-02-11T13:58:08","modified_gmt":"2022-02-11T12:58:08","slug":"coastal-aviation-online-booking-flights","status":"publish","type":"page","link":"https:\/\/tiketi.com\/fr-fr\/coastal-aviation-online-booking-flights\/","title":{"rendered":"R\u00e9servation en ligne d&#039;aviation c\u00f4ti\u00e8re en Tanzanie - Vols pas chers"},"content":{"rendered":"<h2>R\u00e9servez des vols d&#039;aviation c\u00f4ti\u00e8re en Tanzanie, au Rwanda et au Kenya<\/h2>\n<h3>Comparez et r\u00e9servez votre r\u00e9servation \u00e0 bas prix de Coastal Aviation Tanzanie en ligne maintenant.<\/h3>\n<p>Recherchez, comparez et faites une r\u00e9servation en ligne pas ch\u00e8re de Coastal Aviation en Tanzanie et au Kenya. Coastal Aviation est une compagnie a\u00e9rienne tanzanienne qui propose des vols charters et r\u00e9guliers, avec plus de trente ans d&#039;exp\u00e9rience. La compagnie a\u00e9rienne est bas\u00e9e \u00e0 l&#039;a\u00e9roport international Julius Nyerere de Dar es Salaam et propose des vols \u00e0 travers l&#039;Afrique de l&#039;Est, avec un accent particulier sur la desserte des destinations populaires de safari \u00e9loign\u00e9es qui sont inaccessibles par la route. R\u00e9servez d\u00e8s maintenant des vols Coastal Aviation \u00e0 bas prix et \u00e9conomisez du temps et de l&#039;argent.<\/p>\n<h2>FAQ sur la r\u00e9servation en ligne de l&#039;aviation c\u00f4ti\u00e8re en Tanzanie, au Rwanda et au Kenya<\/h2>\n<h3>Vols Coastal Aviation dans les destinations populaires d&#039;Afrique de l&#039;Est<\/h3>\n<h3>Tanzanie<\/h3>\n<p>Arusha \u2013 A\u00e9roport d&#039;Arusha<br \/>\nIringa \u2013 A\u00e9roport d&#039;Iringa<br \/>\nMoshi \u2013 A\u00e9roport international du Kilimandjaro<br \/>\nKilwa \u2013 A\u00e9roport de Kilwa Masoko<br \/>\n\u00cele de Mafia \u2013 A\u00e9roport de Mafia<br \/>\nMwanza \u2013 A\u00e9roport de Mwanza<br \/>\nLac Manyara \u2013 A\u00e9roport du lac Manyara<br \/>\nTanga \u2013 A\u00e9roport de Tanga<br \/>\nTarime \u2013 Piste d&#039;atterrissage de Tarime<br \/>\n\u00cele de Pemba \u2013 A\u00e9roport de Pemba<br \/>\nR\u00e9serve de gibier de Selous - Piste d&#039;atterrissage de Mtemere<br \/>\nParc national du Serengeti Piste d&#039;atterrissage de Seronera<br \/>\nZanzibar \u2013 A\u00e9roport international de Zanzibar<br \/>\nDar es Salaam \u2013 A\u00e9roport international Julius Nyerere<\/p>\n<h3>Kenya<\/h3>\n<p>Nairobi \u2013 A\u00e9roport Wilson<br \/>\nNairobi \u2013 A\u00e9roport international Jomo Kenyatta<br \/>\nMigori \u2013 A\u00e9roport de Migori<\/p>\n<h3>Rwanda<\/h3>\n<p>Kigali \u2013 A\u00e9roport international de Kigali<\/p>\n<h3>bagages<\/h3>\n<p>Le poids le plus \u00e9lev\u00e9 pour les bagages est de quinze kg, ce qui comprend \u00e0 la fois les bagages \u00e0 main et les bagages enregistr\u00e9s.<\/p>\n<h3>Les bagages \u00e0 main<\/h3>\n<p>Les sacs \u00e0 main, les porte-monnaie et les petits sacs peuvent \u00eatre conserv\u00e9s en cabine, mais les autres sacs plus volumineux doivent \u00eatre enregistr\u00e9s et rang\u00e9s en toute s\u00e9curit\u00e9.<\/p>\n<h3>Bagages enregistr\u00e9s<\/h3>\n<p>La porte de la nacelle de chargement mesure 36 cm x 68 cm et si votre sac est trop grand, il ne pourra pas \u00eatre emport\u00e9 \u00e0 bord. Le pilote a une balance \u00e0 port\u00e9e de main qu&#039;il utilisera pour peser les bagages.<\/p>\n<h2>Enregistrement de r\u00e9servation d&#039;aviation c\u00f4ti\u00e8re<\/h2>\n<h3>Enregistrement en ligne<\/h3>\n<p>L&#039;aviation c\u00f4ti\u00e8re ne propose l&#039;enregistrement en ligne pour aucun de ses vols.<\/p>\n<h3>Classe \u00e9conomique<\/h3>\n<p>La classe \u00e9conomique est l&#039;aviation c\u00f4ti\u00e8re, juste la classe cabine. La compagnie a\u00e9rienne offre un service simple, avec un personnel professionnel et amical. Comme les vols sont peu nombreux et utilisent peu d&#039;avions, il n&#039;y a pas de boisson de divertissement en vol ni de nourriture servie pendant le vol.<\/p>\n<h3>Informations sur la flotte<\/h3>\n<p>Coastal Aviation dispose d&#039;une flotte compos\u00e9e de plus d&#039;une vingtaine de jets r\u00e9gionaux. La flotte comprend seize Cessna Caravans 208 et 6 Pilatus PC12.<\/p>\n<h2>Conseils sur les vols d&#039;aviation c\u00f4ti\u00e8re en Tanzanie<\/h2>\n<p>La compagnie a\u00e9rienne a d\u00e9but\u00e9 en 1987 lorsqu&#039;elle a effectu\u00e9 son principal service d&#039;affr\u00e8tement entre la r\u00e9serve de gibier de Selous et Dar es Salaam. Des ann\u00e9es plus tard, il a commenc\u00e9 \u00e0 exploiter des services passagers r\u00e9guliers. Aujourd&#039;hui, Coastal Aviation est la grande compagnie a\u00e9rienne proposant des vols vers des destinations de safari en Afrique de l&#039;Est, avec plus de quarante destinations desservies par des compagnies a\u00e9riennes charters et r\u00e9guli\u00e8res. Vous pouvez effectuer une r\u00e9servation Coastal Aviation avec MTN, PayPal, Airtel, Tigo Pesa et de nombreuses autres techniques de paiement accept\u00e9es.<\/p>","protected":false},"excerpt":{"rendered":"<p>Book Coastal Aviation Flights in\u00a0Tanzania, Rwanda &amp; Kenya Compare and boook your cheap Coastal Aviation Tanzania booking online now. Search, compare and do cheap Coastal Aviation online booking in Tanzania and Kenya. Coastal Aviation is a Tanzanian airline that provides charter and scheduled flights, with over thirty years of experience. The airline is based out [&hellip;]<\/p>\n","protected":false},"author":1,"featured_media":14041,"parent":0,"menu_order":0,"comment_status":"open","ping_status":"closed","template":"template-home-modern.php","meta":{"footnotes":""},"class_list":["post-11119","page","type-page","status-publish","has-post-thumbnail","hentry"],"yoast_head":"<!-- This site is optimized with the Yoast SEO plugin v27.5 - https:\/\/yoast.com\/product\/yoast-seo-wordpress\/ -->\n<title>Coastal Aviation Online Booking Tanzania - Cheap Flights<\/title>\n<meta name=\"description\" content=\"Looking for Coastal Aviation online booking in Tanzania, Rwanda &amp; Kenya? Book cheap Coastal Aviation\u00a0flight booking Tanzania online now\" \/>\n<meta name=\"robots\" content=\"index, follow, max-snippet:-1, max-image-preview:large, max-video-preview:-1\" \/>\n<link rel=\"canonical\" href=\"https:\/\/tiketi.com\/fr-fr\/coastal-aviation-online-booking-flights\/\" \/>\n<meta property=\"og:locale\" content=\"fr_FR\" \/>\n<meta property=\"og:type\" content=\"article\" \/>\n<meta property=\"og:title\" content=\"Coastal Aviation Online Booking Tanzania - Cheap Flights\" \/>\n<meta property=\"og:description\" content=\"Looking for Coastal Aviation online booking in Tanzania, Rwanda &amp; Kenya? Book cheap Coastal Aviation\u00a0flight booking Tanzania online now\" \/>\n<meta property=\"og:url\" content=\"https:\/\/tiketi.com\/fr-fr\/coastal-aviation-online-booking-flights\/\" \/>\n<meta property=\"og:site_name\" content=\"Tiketi.com\" \/>\n<meta property=\"article:publisher\" content=\"https:\/\/www.facebook.com\/TiketiCom\/\" \/>\n<meta property=\"article:modified_time\" content=\"2022-02-11T12:58:08+00:00\" \/>\n<meta property=\"og:image\" content=\"https:\/\/tiketi.com\/wp-content\/uploads\/2022\/01\/flight-ticket-booking-sorasak-KxCJXXGsv9I-unsplas.jpg\" \/>\n\t<meta property=\"og:image:width\" content=\"1200\" \/>\n\t<meta property=\"og:image:height\" content=\"240\" \/>\n\t<meta property=\"og:image:type\" content=\"image\/jpeg\" \/>\n<meta name=\"twitter:card\" content=\"summary_large_image\" \/>\n<meta name=\"twitter:label1\" content=\"Dur\u00e9e de lecture estim\u00e9e\" \/>\n\t<meta name=\"twitter:data1\" content=\"2 minutes\" \/>\n<script type=\"application\/ld+json\" class=\"yoast-schema-graph\">{\"@context\":\"https:\\\/\\\/schema.org\",\"@graph\":[{\"@type\":\"WebPage\",\"@id\":\"https:\\\/\\\/tiketi.com\\\/coastal-aviation-online-booking-flights\\\/\",\"url\":\"https:\\\/\\\/tiketi.com\\\/coastal-aviation-online-booking-flights\\\/\",\"name\":\"Coastal Aviation Online Booking Tanzania - Cheap Flights\",\"isPartOf\":{\"@id\":\"https:\\\/\\\/tiketi.com\\\/#website\"},\"primaryImageOfPage\":{\"@id\":\"https:\\\/\\\/tiketi.com\\\/coastal-aviation-online-booking-flights\\\/#primaryimage\"},\"image\":{\"@id\":\"https:\\\/\\\/tiketi.com\\\/coastal-aviation-online-booking-flights\\\/#primaryimage\"},\"thumbnailUrl\":\"https:\\\/\\\/tiketi.com\\\/wp-content\\\/uploads\\\/2022\\\/01\\\/flight-ticket-booking-sorasak-KxCJXXGsv9I-unsplas.jpg\",\"datePublished\":\"2022-01-19T11:54:14+00:00\",\"dateModified\":\"2022-02-11T12:58:08+00:00\",\"description\":\"Looking for Coastal Aviation online booking in Tanzania, Rwanda & Kenya? Book cheap Coastal Aviation\u00a0flight booking Tanzania online now\",\"breadcrumb\":{\"@id\":\"https:\\\/\\\/tiketi.com\\\/coastal-aviation-online-booking-flights\\\/#breadcrumb\"},\"inLanguage\":\"fr-FR\",\"potentialAction\":[{\"@type\":\"ReadAction\",\"target\":[\"https:\\\/\\\/tiketi.com\\\/coastal-aviation-online-booking-flights\\\/\"]}]},{\"@type\":\"ImageObject\",\"inLanguage\":\"fr-FR\",\"@id\":\"https:\\\/\\\/tiketi.com\\\/coastal-aviation-online-booking-flights\\\/#primaryimage\",\"url\":\"https:\\\/\\\/tiketi.com\\\/wp-content\\\/uploads\\\/2022\\\/01\\\/flight-ticket-booking-sorasak-KxCJXXGsv9I-unsplas.jpg\",\"contentUrl\":\"https:\\\/\\\/tiketi.com\\\/wp-content\\\/uploads\\\/2022\\\/01\\\/flight-ticket-booking-sorasak-KxCJXXGsv9I-unsplas.jpg\",\"width\":1200,\"height\":240,\"caption\":\"Online flight ticket booking\"},{\"@type\":\"BreadcrumbList\",\"@id\":\"https:\\\/\\\/tiketi.com\\\/coastal-aviation-online-booking-flights\\\/#breadcrumb\",\"itemListElement\":[{\"@type\":\"ListItem\",\"position\":1,\"name\":\"Home\",\"item\":\"https:\\\/\\\/tiketi.com\\\/\"},{\"@type\":\"ListItem\",\"position\":2,\"name\":\"Coastal Aviation Online Booking Tanzania &#8211; Cheap Flights\"}]},{\"@type\":\"WebSite\",\"@id\":\"https:\\\/\\\/tiketi.com\\\/#website\",\"url\":\"https:\\\/\\\/tiketi.com\\\/\",\"name\":\"Flight & Bus Tickets, Tour Packages & Activitites - Tiketi.com\",\"description\":\"Flight &amp; Bus Tickets, Tours, Activitites\",\"publisher\":{\"@id\":\"https:\\\/\\\/tiketi.com\\\/#organization\"},\"potentialAction\":[{\"@type\":\"SearchAction\",\"target\":{\"@type\":\"EntryPoint\",\"urlTemplate\":\"https:\\\/\\\/tiketi.com\\\/?s={search_term_string}\"},\"query-input\":{\"@type\":\"PropertyValueSpecification\",\"valueRequired\":true,\"valueName\":\"search_term_string\"}}],\"inLanguage\":\"fr-FR\"},{\"@type\":\"Organization\",\"@id\":\"https:\\\/\\\/tiketi.com\\\/#organization\",\"name\":\"Tiketi.com\",\"alternateName\":\"Tiketi\",\"url\":\"https:\\\/\\\/tiketi.com\\\/\",\"logo\":{\"@type\":\"ImageObject\",\"inLanguage\":\"fr-FR\",\"@id\":\"https:\\\/\\\/tiketi.com\\\/#\\\/schema\\\/logo\\\/image\\\/\",\"url\":\"https:\\\/\\\/tiketi.com\\\/wp-content\\\/uploads\\\/2019\\\/05\\\/tiketi-logo-696.png\",\"contentUrl\":\"https:\\\/\\\/tiketi.com\\\/wp-content\\\/uploads\\\/2019\\\/05\\\/tiketi-logo-696.png\",\"width\":696,\"height\":696,\"caption\":\"Tiketi.com\"},\"image\":{\"@id\":\"https:\\\/\\\/tiketi.com\\\/#\\\/schema\\\/logo\\\/image\\\/\"},\"sameAs\":[\"https:\\\/\\\/www.facebook.com\\\/TiketiCom\\\/\"]}]}<\/script>\n<!-- \/ Yoast SEO plugin. -->","yoast_head_json":{"title":"Coastal Aviation R\u00e9servation en ligne Tanzanie - Vols pas chers","description":"Vous recherchez une r\u00e9servation en ligne de Coastal Aviation en Tanzanie, au Rwanda et au Kenya\u00a0? R\u00e9servez des vols pas chers de Coastal Aviation en Tanzanie en ligne maintenant","robots":{"index":"index","follow":"follow","max-snippet":"max-snippet:-1","max-image-preview":"max-image-preview:large","max-video-preview":"max-video-preview:-1"},"canonical":"https:\/\/tiketi.com\/fr-fr\/coastal-aviation-online-booking-flights\/","og_locale":"fr_FR","og_type":"article","og_title":"Coastal Aviation Online Booking Tanzania - Cheap Flights","og_description":"Looking for Coastal Aviation online booking in Tanzania, Rwanda & Kenya? Book cheap Coastal Aviation\u00a0flight booking Tanzania online now","og_url":"https:\/\/tiketi.com\/fr-fr\/coastal-aviation-online-booking-flights\/","og_site_name":"Tiketi.com","article_publisher":"https:\/\/www.facebook.com\/TiketiCom\/","article_modified_time":"2022-02-11T12:58:08+00:00","og_image":[{"width":1200,"height":240,"url":"https:\/\/tiketi.com\/wp-content\/uploads\/2022\/01\/flight-ticket-booking-sorasak-KxCJXXGsv9I-unsplas.jpg","type":"image\/jpeg"}],"twitter_card":"summary_large_image","twitter_misc":{"Dur\u00e9e de lecture estim\u00e9e":"2 minutes"},"schema":{"@context":"https:\/\/schema.org","@graph":[{"@type":"WebPage","@id":"https:\/\/tiketi.com\/coastal-aviation-online-booking-flights\/","url":"https:\/\/tiketi.com\/coastal-aviation-online-booking-flights\/","name":"Coastal Aviation R\u00e9servation en ligne Tanzanie - Vols pas chers","isPartOf":{"@id":"https:\/\/tiketi.com\/#website"},"primaryImageOfPage":{"@id":"https:\/\/tiketi.com\/coastal-aviation-online-booking-flights\/#primaryimage"},"image":{"@id":"https:\/\/tiketi.com\/coastal-aviation-online-booking-flights\/#primaryimage"},"thumbnailUrl":"https:\/\/tiketi.com\/wp-content\/uploads\/2022\/01\/flight-ticket-booking-sorasak-KxCJXXGsv9I-unsplas.jpg","datePublished":"2022-01-19T11:54:14+00:00","dateModified":"2022-02-11T12:58:08+00:00","description":"Vous recherchez une r\u00e9servation en ligne de Coastal Aviation en Tanzanie, au Rwanda et au Kenya\u00a0? R\u00e9servez des vols pas chers de Coastal Aviation en Tanzanie en ligne maintenant","breadcrumb":{"@id":"https:\/\/tiketi.com\/coastal-aviation-online-booking-flights\/#breadcrumb"},"inLanguage":"fr-FR","potentialAction":[{"@type":"ReadAction","target":["https:\/\/tiketi.com\/coastal-aviation-online-booking-flights\/"]}]},{"@type":"ImageObject","inLanguage":"fr-FR","@id":"https:\/\/tiketi.com\/coastal-aviation-online-booking-flights\/#primaryimage","url":"https:\/\/tiketi.com\/wp-content\/uploads\/2022\/01\/flight-ticket-booking-sorasak-KxCJXXGsv9I-unsplas.jpg","contentUrl":"https:\/\/tiketi.com\/wp-content\/uploads\/2022\/01\/flight-ticket-booking-sorasak-KxCJXXGsv9I-unsplas.jpg","width":1200,"height":240,"caption":"Online flight ticket booking"},{"@type":"BreadcrumbList","@id":"https:\/\/tiketi.com\/coastal-aviation-online-booking-flights\/#breadcrumb","itemListElement":[{"@type":"ListItem","position":1,"name":"Home","item":"https:\/\/tiketi.com\/"},{"@type":"ListItem","position":2,"name":"Coastal Aviation Online Booking Tanzania &#8211; Cheap Flights"}]},{"@type":"WebSite","@id":"https:\/\/tiketi.com\/#website","url":"https:\/\/tiketi.com\/","name":"Billets d&#039;avion et de bus, forfaits touristiques et activit\u00e9s - Tiketi.com","description":"Billets d&#039;avion et de bus, Tours, Activit\u00e9s","publisher":{"@id":"https:\/\/tiketi.com\/#organization"},"potentialAction":[{"@type":"SearchAction","target":{"@type":"EntryPoint","urlTemplate":"https:\/\/tiketi.com\/?s={search_term_string}"},"query-input":{"@type":"PropertyValueSpecification","valueRequired":true,"valueName":"search_term_string"}}],"inLanguage":"fr-FR"},{"@type":"Organization","@id":"https:\/\/tiketi.com\/#organization","name":"Tiketi.com","alternateName":"Tiketi","url":"https:\/\/tiketi.com\/","logo":{"@type":"ImageObject","inLanguage":"fr-FR","@id":"https:\/\/tiketi.com\/#\/schema\/logo\/image\/","url":"https:\/\/tiketi.com\/wp-content\/uploads\/2019\/05\/tiketi-logo-696.png","contentUrl":"https:\/\/tiketi.com\/wp-content\/uploads\/2019\/05\/tiketi-logo-696.png","width":696,"height":696,"caption":"Tiketi.com"},"image":{"@id":"https:\/\/tiketi.com\/#\/schema\/logo\/image\/"},"sameAs":["https:\/\/www.facebook.com\/TiketiCom\/"]}]}},"_links":{"self":[{"href":"https:\/\/tiketi.com\/fr-fr\/wp-json\/wp\/v2\/pages\/11119","targetHints":{"allow":["GET"]}}],"collection":[{"href":"https:\/\/tiketi.com\/fr-fr\/wp-json\/wp\/v2\/pages"}],"about":[{"href":"https:\/\/tiketi.com\/fr-fr\/wp-json\/wp\/v2\/types\/page"}],"author":[{"embeddable":true,"href":"https:\/\/tiketi.com\/fr-fr\/wp-json\/wp\/v2\/users\/1"}],"replies":[{"embeddable":true,"href":"https:\/\/tiketi.com\/fr-fr\/wp-json\/wp\/v2\/comments?post=11119"}],"version-history":[{"count":0,"href":"https:\/\/tiketi.com\/fr-fr\/wp-json\/wp\/v2\/pages\/11119\/revisions"}],"wp:featuredmedia":[{"embeddable":true,"href":"https:\/\/tiketi.com\/fr-fr\/wp-json\/wp\/v2\/media\/14041"}],"wp:attachment":[{"href":"https:\/\/tiketi.com\/fr-fr\/wp-json\/wp\/v2\/media?parent=11119"}],"curies":[{"name":"wp","href":"https:\/\/api.w.org\/{rel}","templated":true}]}}