{"id":11120,"date":"2022-01-19T12:54:14","date_gmt":"2022-01-19T11:54:14","guid":{"rendered":"https:\/\/new.tiketi.com\/auric-air-online-booking-tanzania-cheap-auric-flights\/"},"modified":"2022-01-24T23:17:08","modified_gmt":"2022-01-24T22:17:08","slug":"auric-air-booking-online-flights","status":"publish","type":"page","link":"https:\/\/tiketi.com\/fr-fr\/auric-air-booking-online-flights\/","title":{"rendered":"Auric Air R\u00e9servation en ligne Tanzanie \u2013 Vols Auric pas chers"},"content":{"rendered":"<h2>Auric Air R\u00e9servation Vol Tanzanie<\/h2>\n<h3>D\u00e9couvrez votre itin\u00e9raire de voyage sur le web, le mobile ou l&#039;application et r\u00e9servez \u00e0 bas prix Auric Air Tanzania en ligne d\u00e8s maintenant.<\/h3>\n<p>Recherchez, comparez et faites des r\u00e9servations en ligne pas ch\u00e8res Auric Air en Tanzanie. Auric Air est une compagnie a\u00e9rienne tanzanienne qui propose \u00e0 la fois des vols charters et des services r\u00e9guliers. La compagnie a\u00e9rienne a son si\u00e8ge \u00e0 l&#039;a\u00e9roport de Mwanza, en Tanzanie, avec des bases secondaires \u00e0 Arusha et Dar es Salaam. Il propose des vols vers plusieurs destinations populaires en Tanzanie, ainsi que vers un petit nombre d&#039;endroits dans d&#039;autres parties de l&#039;Afrique. La r\u00e9servation de vols Auric Air propose des services r\u00e9guliers quotidiens vers plus de quarante destinations et g\u00e8re environ 10 000 passagers par mois. Afin de suivre les itin\u00e9raires nationaux et internationaux et les pratiques recommand\u00e9es, Auric Air services limited subit des audits op\u00e9rationnels et de s\u00e9curit\u00e9 triennaux rigoureux effectu\u00e9s par des cabinets d&#039;audit experts. Cela garantit des pratiques op\u00e9rationnelles s\u00fbres et en fait le meilleur fournisseur de services d&#039;affr\u00e8tement a\u00e9rien pour les entreprises. Faites des r\u00e9servations bon march\u00e9 en ligne avec Auric Air Tanzania maintenant et \u00e9conomisez du temps et de l&#039;argent.<\/p>\n<h2>FAQ sur la r\u00e9servation en ligne d&#039;Auric Air en Tanzanie<\/h2>\n<h3>Auric Air r\u00e9servation en ligne Tanzanie destinations populaires<\/h3>\n<p>Cette compagnie a\u00e9rienne dessert un certain nombre de pistes d&#039;atterrissage et d&#039;a\u00e9roports en Afrique de l&#039;Est. Cela inclut des destinations telles que Dar es Salaam, Arusha, l&#039;\u00eele de Pemba, Serengeti, Game Reserve, Kigali et Entebbe.<\/p>\n<h3>Franchise de bagages<\/h3>\n<p>La franchise totale de bagages pour chaque passager est de 20 kg. Celui-ci contient tous les types de bagages, tels que le mat\u00e9riel de tournage, les cam\u00e9ras et tout autre objet personnel.<\/p>\n<p>Si les passagers pr\u00e9voient d&#039;avoir un exc\u00e9dent de bagages, ils peuvent acheter \u00e0 l&#039;avance une franchise d&#039;exc\u00e9dent de bagages. Les exc\u00e9dents de bagages seront accessibles par tranches de dix kg avec un maximum de 40 kg, autoris\u00e9 par passager sur toutes les routes et classes op\u00e9r\u00e9es par Auric Air.<\/p>\n<h2>Auric Air Flight Booking Tanzanie Conseils<\/h2>\n<p>En tant que l&#039;une des grandes compagnies a\u00e9riennes qui propose des vols de safari vers des destinations \u00e0 l&#039;est de l&#039;Afrique, cette compagnie a\u00e9rienne propose de nombreux vols charters vers diverses pistes d&#039;atterrissage de safari \u00e9loign\u00e9es en Tanzanie. Cela contient des pistes d&#039;atterrissage dans le parc national du Serengeti, la r\u00e9serve de gibier de Selous, le parc national de Ruaha et plus encore. Vous pouvez effectuer des r\u00e9servations de vols Auric Air avec Tigo Pesa, Mpesa, Airtel, PayPal et de nombreuses autres techniques de paiement accept\u00e9es par les compagnies a\u00e9riennes alternatives.<\/p>","protected":false},"excerpt":{"rendered":"<p>Auric Air&nbsp;Flight Booking Tanzania Discover your travel route on web, mobile or app and book cheap Auric Air Tanzania booking online now. Search, compare and do cheap Auric Air online booking in Tanzania.&nbsp;Auric Air is a Tanzania airline that offer both air charter and scheduled services. The airline is headquartered at Mwanza Airport, Tanzania, with [&hellip;]<\/p>\n","protected":false},"author":1,"featured_media":14041,"parent":0,"menu_order":0,"comment_status":"open","ping_status":"closed","template":"template-home-modern.php","meta":{"footnotes":""},"class_list":["post-11120","page","type-page","status-publish","has-post-thumbnail","hentry"],"yoast_head":"<!-- This site is optimized with the Yoast SEO plugin v27.2 - https:\/\/yoast.com\/product\/yoast-seo-wordpress\/ -->\n<title>Auric Air Online Booking Tanzania - Cheap Auric Flights<\/title>\n<meta name=\"description\" content=\"Looking for Auric Air online booking in Tanzania? Do cheap Auric Air\u00a0flight booking Tanzania online now and save time and money\" \/>\n<meta name=\"robots\" content=\"index, follow, max-snippet:-1, max-image-preview:large, max-video-preview:-1\" \/>\n<link rel=\"canonical\" href=\"https:\/\/tiketi.com\/fr-fr\/auric-air-booking-online-flights\/\" \/>\n<meta property=\"og:locale\" content=\"fr_FR\" \/>\n<meta property=\"og:type\" content=\"article\" \/>\n<meta property=\"og:title\" content=\"Auric Air Online Booking Tanzania - Cheap Auric Flights\" \/>\n<meta property=\"og:description\" content=\"Looking for Auric Air online booking in Tanzania? Do cheap Auric Air\u00a0flight booking Tanzania online now and save time and money\" \/>\n<meta property=\"og:url\" content=\"https:\/\/tiketi.com\/fr-fr\/auric-air-booking-online-flights\/\" \/>\n<meta property=\"og:site_name\" content=\"Tiketi.com\" \/>\n<meta property=\"article:publisher\" content=\"https:\/\/www.facebook.com\/TiketiCom\/\" \/>\n<meta property=\"article:modified_time\" content=\"2022-01-24T22:17:08+00:00\" \/>\n<meta property=\"og:image\" content=\"https:\/\/tiketi.com\/wp-content\/uploads\/2022\/01\/flight-ticket-booking-sorasak-KxCJXXGsv9I-unsplas.jpg\" \/>\n\t<meta property=\"og:image:width\" content=\"1200\" \/>\n\t<meta property=\"og:image:height\" content=\"240\" \/>\n\t<meta property=\"og:image:type\" content=\"image\/jpeg\" \/>\n<meta name=\"twitter:card\" content=\"summary_large_image\" \/>\n<meta name=\"twitter:label1\" content=\"Dur\u00e9e de lecture estim\u00e9e\" \/>\n\t<meta name=\"twitter:data1\" content=\"2 minutes\" \/>\n<script type=\"application\/ld+json\" class=\"yoast-schema-graph\">{\"@context\":\"https:\/\/schema.org\",\"@graph\":[{\"@type\":\"WebPage\",\"@id\":\"https:\/\/tiketi.com\/auric-air-booking-online-flights\/\",\"url\":\"https:\/\/tiketi.com\/auric-air-booking-online-flights\/\",\"name\":\"Auric Air Online Booking Tanzania - Cheap Auric Flights\",\"isPartOf\":{\"@id\":\"https:\/\/tiketi.com\/#website\"},\"primaryImageOfPage\":{\"@id\":\"https:\/\/tiketi.com\/auric-air-booking-online-flights\/#primaryimage\"},\"image\":{\"@id\":\"https:\/\/tiketi.com\/auric-air-booking-online-flights\/#primaryimage\"},\"thumbnailUrl\":\"https:\/\/tiketi.com\/wp-content\/uploads\/2022\/01\/flight-ticket-booking-sorasak-KxCJXXGsv9I-unsplas.jpg\",\"datePublished\":\"2022-01-19T11:54:14+00:00\",\"dateModified\":\"2022-01-24T22:17:08+00:00\",\"description\":\"Looking for Auric Air online booking in Tanzania? Do cheap Auric Air\u00a0flight booking Tanzania online now and save time and money\",\"breadcrumb\":{\"@id\":\"https:\/\/tiketi.com\/auric-air-booking-online-flights\/#breadcrumb\"},\"inLanguage\":\"fr-FR\",\"potentialAction\":[{\"@type\":\"ReadAction\",\"target\":[\"https:\/\/tiketi.com\/auric-air-booking-online-flights\/\"]}]},{\"@type\":\"ImageObject\",\"inLanguage\":\"fr-FR\",\"@id\":\"https:\/\/tiketi.com\/auric-air-booking-online-flights\/#primaryimage\",\"url\":\"https:\/\/tiketi.com\/wp-content\/uploads\/2022\/01\/flight-ticket-booking-sorasak-KxCJXXGsv9I-unsplas.jpg\",\"contentUrl\":\"https:\/\/tiketi.com\/wp-content\/uploads\/2022\/01\/flight-ticket-booking-sorasak-KxCJXXGsv9I-unsplas.jpg\",\"width\":1200,\"height\":240,\"caption\":\"Online flight ticket booking\"},{\"@type\":\"BreadcrumbList\",\"@id\":\"https:\/\/tiketi.com\/auric-air-booking-online-flights\/#breadcrumb\",\"itemListElement\":[{\"@type\":\"ListItem\",\"position\":1,\"name\":\"Home\",\"item\":\"https:\/\/tiketi.com\/\"},{\"@type\":\"ListItem\",\"position\":2,\"name\":\"Auric Air Online Booking Tanzania &#8211; Cheap Auric Flights\"}]},{\"@type\":\"WebSite\",\"@id\":\"https:\/\/tiketi.com\/#website\",\"url\":\"https:\/\/tiketi.com\/\",\"name\":\"Flight & Bus Tickets, Tour Packages & Activitites - Tiketi.com\",\"description\":\"Flight &amp; Bus Tickets, Tours, Activitites\",\"publisher\":{\"@id\":\"https:\/\/tiketi.com\/#organization\"},\"potentialAction\":[{\"@type\":\"SearchAction\",\"target\":{\"@type\":\"EntryPoint\",\"urlTemplate\":\"https:\/\/tiketi.com\/?s={search_term_string}\"},\"query-input\":{\"@type\":\"PropertyValueSpecification\",\"valueRequired\":true,\"valueName\":\"search_term_string\"}}],\"inLanguage\":\"fr-FR\"},{\"@type\":\"Organization\",\"@id\":\"https:\/\/tiketi.com\/#organization\",\"name\":\"Tiketi.com\",\"alternateName\":\"Tiketi\",\"url\":\"https:\/\/tiketi.com\/\",\"logo\":{\"@type\":\"ImageObject\",\"inLanguage\":\"fr-FR\",\"@id\":\"https:\/\/tiketi.com\/#\/schema\/logo\/image\/\",\"url\":\"https:\/\/tiketi.com\/wp-content\/uploads\/2019\/05\/tiketi-logo-696.png\",\"contentUrl\":\"https:\/\/tiketi.com\/wp-content\/uploads\/2019\/05\/tiketi-logo-696.png\",\"width\":696,\"height\":696,\"caption\":\"Tiketi.com\"},\"image\":{\"@id\":\"https:\/\/tiketi.com\/#\/schema\/logo\/image\/\"},\"sameAs\":[\"https:\/\/www.facebook.com\/TiketiCom\/\"]}]}<\/script>\n<!-- \/ Yoast SEO plugin. -->","yoast_head_json":{"title":"Auric Air R\u00e9servation en ligne Tanzanie - Vols Auric pas chers","description":"Vous recherchez une r\u00e9servation en ligne Auric Air en Tanzanie? Faites la r\u00e9servation de vols pas chers Auric Air Tanzanie en ligne maintenant et \u00e9conomisez du temps et de l&#039;argent","robots":{"index":"index","follow":"follow","max-snippet":"max-snippet:-1","max-image-preview":"max-image-preview:large","max-video-preview":"max-video-preview:-1"},"canonical":"https:\/\/tiketi.com\/fr-fr\/auric-air-booking-online-flights\/","og_locale":"fr_FR","og_type":"article","og_title":"Auric Air Online Booking Tanzania - Cheap Auric Flights","og_description":"Looking for Auric Air online booking in Tanzania? Do cheap Auric Air\u00a0flight booking Tanzania online now and save time and money","og_url":"https:\/\/tiketi.com\/fr-fr\/auric-air-booking-online-flights\/","og_site_name":"Tiketi.com","article_publisher":"https:\/\/www.facebook.com\/TiketiCom\/","article_modified_time":"2022-01-24T22:17:08+00:00","og_image":[{"width":1200,"height":240,"url":"https:\/\/tiketi.com\/wp-content\/uploads\/2022\/01\/flight-ticket-booking-sorasak-KxCJXXGsv9I-unsplas.jpg","type":"image\/jpeg"}],"twitter_card":"summary_large_image","twitter_misc":{"Dur\u00e9e de lecture estim\u00e9e":"2 minutes"},"schema":{"@context":"https:\/\/schema.org","@graph":[{"@type":"WebPage","@id":"https:\/\/tiketi.com\/auric-air-booking-online-flights\/","url":"https:\/\/tiketi.com\/auric-air-booking-online-flights\/","name":"Auric Air R\u00e9servation en ligne Tanzanie - Vols Auric pas chers","isPartOf":{"@id":"https:\/\/tiketi.com\/#website"},"primaryImageOfPage":{"@id":"https:\/\/tiketi.com\/auric-air-booking-online-flights\/#primaryimage"},"image":{"@id":"https:\/\/tiketi.com\/auric-air-booking-online-flights\/#primaryimage"},"thumbnailUrl":"https:\/\/tiketi.com\/wp-content\/uploads\/2022\/01\/flight-ticket-booking-sorasak-KxCJXXGsv9I-unsplas.jpg","datePublished":"2022-01-19T11:54:14+00:00","dateModified":"2022-01-24T22:17:08+00:00","description":"Vous recherchez une r\u00e9servation en ligne Auric Air en Tanzanie? Faites la r\u00e9servation de vols pas chers Auric Air Tanzanie en ligne maintenant et \u00e9conomisez du temps et de l&#039;argent","breadcrumb":{"@id":"https:\/\/tiketi.com\/auric-air-booking-online-flights\/#breadcrumb"},"inLanguage":"fr-FR","potentialAction":[{"@type":"ReadAction","target":["https:\/\/tiketi.com\/auric-air-booking-online-flights\/"]}]},{"@type":"ImageObject","inLanguage":"fr-FR","@id":"https:\/\/tiketi.com\/auric-air-booking-online-flights\/#primaryimage","url":"https:\/\/tiketi.com\/wp-content\/uploads\/2022\/01\/flight-ticket-booking-sorasak-KxCJXXGsv9I-unsplas.jpg","contentUrl":"https:\/\/tiketi.com\/wp-content\/uploads\/2022\/01\/flight-ticket-booking-sorasak-KxCJXXGsv9I-unsplas.jpg","width":1200,"height":240,"caption":"Online flight ticket booking"},{"@type":"BreadcrumbList","@id":"https:\/\/tiketi.com\/auric-air-booking-online-flights\/#breadcrumb","itemListElement":[{"@type":"ListItem","position":1,"name":"Home","item":"https:\/\/tiketi.com\/"},{"@type":"ListItem","position":2,"name":"Auric Air Online Booking Tanzania &#8211; Cheap Auric Flights"}]},{"@type":"WebSite","@id":"https:\/\/tiketi.com\/#website","url":"https:\/\/tiketi.com\/","name":"Billets d&#039;avion et de bus, forfaits touristiques et activit\u00e9s - Tiketi.com","description":"Billets d&#039;avion et de bus, Tours, Activit\u00e9s","publisher":{"@id":"https:\/\/tiketi.com\/#organization"},"potentialAction":[{"@type":"SearchAction","target":{"@type":"EntryPoint","urlTemplate":"https:\/\/tiketi.com\/?s={search_term_string}"},"query-input":{"@type":"PropertyValueSpecification","valueRequired":true,"valueName":"search_term_string"}}],"inLanguage":"fr-FR"},{"@type":"Organization","@id":"https:\/\/tiketi.com\/#organization","name":"Tiketi.com","alternateName":"Tiketi","url":"https:\/\/tiketi.com\/","logo":{"@type":"ImageObject","inLanguage":"fr-FR","@id":"https:\/\/tiketi.com\/#\/schema\/logo\/image\/","url":"https:\/\/tiketi.com\/wp-content\/uploads\/2019\/05\/tiketi-logo-696.png","contentUrl":"https:\/\/tiketi.com\/wp-content\/uploads\/2019\/05\/tiketi-logo-696.png","width":696,"height":696,"caption":"Tiketi.com"},"image":{"@id":"https:\/\/tiketi.com\/#\/schema\/logo\/image\/"},"sameAs":["https:\/\/www.facebook.com\/TiketiCom\/"]}]}},"_links":{"self":[{"href":"https:\/\/tiketi.com\/fr-fr\/wp-json\/wp\/v2\/pages\/11120","targetHints":{"allow":["GET"]}}],"collection":[{"href":"https:\/\/tiketi.com\/fr-fr\/wp-json\/wp\/v2\/pages"}],"about":[{"href":"https:\/\/tiketi.com\/fr-fr\/wp-json\/wp\/v2\/types\/page"}],"author":[{"embeddable":true,"href":"https:\/\/tiketi.com\/fr-fr\/wp-json\/wp\/v2\/users\/1"}],"replies":[{"embeddable":true,"href":"https:\/\/tiketi.com\/fr-fr\/wp-json\/wp\/v2\/comments?post=11120"}],"version-history":[{"count":0,"href":"https:\/\/tiketi.com\/fr-fr\/wp-json\/wp\/v2\/pages\/11120\/revisions"}],"wp:featuredmedia":[{"embeddable":true,"href":"https:\/\/tiketi.com\/fr-fr\/wp-json\/wp\/v2\/media\/14041"}],"wp:attachment":[{"href":"https:\/\/tiketi.com\/fr-fr\/wp-json\/wp\/v2\/media?parent=11120"}],"curies":[{"name":"wp","href":"https:\/\/api.w.org\/{rel}","templated":true}]}}