{"id":11122,"date":"2022-01-19T12:54:14","date_gmt":"2022-01-19T11:54:14","guid":{"rendered":"https:\/\/new.tiketi.com\/grocery-delivery-dar-es-salaam-i-supermarket-i-online-store-delivery\/"},"modified":"2022-02-14T10:02:17","modified_gmt":"2022-02-14T09:02:17","slug":"online-grocery-delivery-dar-es-salaam-store","status":"publish","type":"page","link":"https:\/\/tiketi.com\/fr-fr\/online-grocery-delivery-dar-es-salaam-store\/","title":{"rendered":"Livraison d&#039;\u00e9picerie Dar es Salaam I Supermarch\u00e9 I Livraison de boutique en ligne"},"content":{"rendered":"<h2>\u00c9picerie en ligne Dar es Salaam<\/h2>\n<h3>Utilisez la meilleure application de livraison d&#039;\u00e9picerie Dar es Salaam pour faire votre livraison \u00e0 domicile \u00e0 Dar es Salaam et commandez vos courses pr\u00e9f\u00e9r\u00e9es simplement et facilement en ligne.<\/h3>\n<p>La livraison d&#039;\u00e9picerie en ligne \u00e0 Dar es Salaam en toute simplicit\u00e9. Il existe de nombreuses techniques que vous pouvez utiliser pour rendre la livraison de courses \u00e0 domicile \u00e0 Dar es Salaam plus parfaite, mais l&#039;une des tendances les plus r\u00e9centes consiste \u00e0 profiter des achats d&#039;\u00e9picerie en ligne \u00e0 Dar es Salaam. Que vous commandiez pour le ramassage ou la livraison, les \u00e9piceries en ligne de Dar es Salaam pour le shopping et la livraison non seulement d\u00e9tendent vos nuits de semaine, mais peuvent m\u00eame vous aider \u00e0 continuer \u00e0 faire vos courses. Voici quelques-uns des avantages du service \u00e0 domicile de l&#039;application de livraison d&#039;\u00e9picerie en ligne Dar es Salaam.<\/p>\n<h2>\u00c9picerie en ligne Livraison Dar es Salaam Avantages<\/h2>\n<h3>Commodit\u00e9 de notre heure d&#039;\u00e9picerie en ligne Machine \u00e0 sous Dar es Salaam<\/h3>\n<p>La plupart des options d&#039;\u00e9picerie en ligne \u00e0 Dar es Salaam offrent une livraison le jour m\u00eame ou un choix de cr\u00e9neaux de livraison de 1 ou 2 heures le lendemain. Ceci est remarquable pour les personnes occup\u00e9es qui ne veulent pas rester des heures \u00e0 attendre une livraison \u00e0 domicile.<\/p>\n<h3>Application de livraison d&#039;\u00e9picerie en ligne 24h\/24 et 7j\/7 Service Dar es Salaam<\/h3>\n<p>Le gros avantage de commander une \u00e9picerie en ligne Dar es Salaam est que vous pouvez parcourir les all\u00e9es de shopping virtuelles 24h\/24 et 7j\/7 sans quitter la d\u00e9tente de votre canap\u00e9. De nombreux sites Web et applications de livraison d&#039;\u00e9picerie en ligne Dar es Salaam disposent d&#039;installations de chat en ligne qui vous permettent d&#039;interagir avec une vraie personne afin que vous puissiez r\u00e9gler rapidement tout probl\u00e8me de commande.<\/p>\n<h3>Plus de probl\u00e8me de stationnement<\/h3>\n<p>L&#039;\u00e9picerie en ligne Dar es Salaam signifie pas de file d&#039;attente \u00e0 la caisse pour payer, pas de probl\u00e8mes de stationnement lorsque vous recherchez une place dans le parking du centre commercial et pas de n\u00e9gociation avec les foules en magasin si vous devez faire vos courses aux heures de pointe.<\/p>\n<h3>\u00c9conomiser de l&#039;argent<\/h3>\n<p>La livraison de courses en ligne \u00e0 Dar es Salaam signifie que vous avez \u00e9conomis\u00e9 sur les frais de stationnement et l&#039;essence. Vous aurez le temps de parcourir toutes les offres uniques au fur et \u00e0 mesure de la mise en place de votre livraison de supermarch\u00e9 en ligne Dar es Salaam. Vous voudrez peut-\u00eatre v\u00e9rifier le prix des articles de grande valeur sur un site d&#039;\u00e9picerie de comparaison. Ils tracent les prix des produits d&#039;\u00e9picerie de marque les plus c\u00e9l\u00e8bres et leurs prix ne doivent jamais remonter \u00e0 plus de vingt heures. Ils ont une \u00e9quipe de v\u00e9rificateurs de prix qui visitent les magasins physiques et v\u00e9rifient les prix des \u00e9piceries en ligne \u00e0 Dar es Salaam. Cela peut vous permettre de visiter vous-m\u00eame tous les sites Web des \u00e9piceries individuelles.<\/p>\n<h3>Des \u00e9piceries \u00e0 la livraison \u00e0 domicile Dar es Salaam<\/h3>\n<p>Vous n&#039;aurez plus jamais l&#039;id\u00e9e de sortir de chez vous juste pour faire vos courses. Tout ce que vous avez \u00e0 faire est de vous asseoir, de vous d\u00e9tendre et d&#039;attendre l&#039;arriv\u00e9e de votre \u00e9picerie en ligne Dar es Salaam. La plupart des supermarch\u00e9s en ligne vous demandent d&#039;acheter vos produits 3 \u00e0 5 jours avant la date de livraison souhait\u00e9e pour garantir la norme et l&#039;accessibilit\u00e9.<\/p>","protected":false},"excerpt":{"rendered":"<p>Online Grocery Shopping Dar es Salaam Use the best grocery delivery app Dar es Salaam to do your home delivery in Dar es Salaam and order your favorite groceries simple and easy online. Online grocery delivery Dar es Salaam made easy. There are lots of techniques you can use to make home groceries delivery Dar [&hellip;]<\/p>\n","protected":false},"author":1,"featured_media":19429,"parent":0,"menu_order":0,"comment_status":"open","ping_status":"closed","template":"template-home-modern.php","meta":{"footnotes":""},"class_list":["post-11122","page","type-page","status-publish","has-post-thumbnail","hentry"],"yoast_head":"<!-- This site is optimized with the Yoast SEO plugin v27.4 - https:\/\/yoast.com\/product\/yoast-seo-wordpress\/ -->\n<title>Grocery Delivery Dar es Salaam I Supermarket I Online Store Delivery<\/title>\n<meta name=\"description\" content=\"Looking for online grocery delivery in Dar es Salaam service? Download our home grocery delivery app Dar es Salaam and do cheap online grocery shopping in Dar es Salaam stores\" \/>\n<meta name=\"robots\" content=\"index, follow, max-snippet:-1, max-image-preview:large, max-video-preview:-1\" \/>\n<link rel=\"canonical\" href=\"https:\/\/tiketi.com\/fr-fr\/online-grocery-delivery-dar-es-salaam-store\/\" \/>\n<meta property=\"og:locale\" content=\"fr_FR\" \/>\n<meta property=\"og:type\" content=\"article\" \/>\n<meta property=\"og:title\" content=\"Grocery Delivery Dar es Salaam I Supermarket I Online Store Delivery\" \/>\n<meta property=\"og:description\" content=\"Looking for online grocery delivery in Dar es Salaam service? Download our home grocery delivery app Dar es Salaam and do cheap online grocery shopping in Dar es Salaam stores\" \/>\n<meta property=\"og:url\" content=\"https:\/\/tiketi.com\/fr-fr\/online-grocery-delivery-dar-es-salaam-store\/\" \/>\n<meta property=\"og:site_name\" content=\"Tiketi.com\" \/>\n<meta property=\"article:publisher\" content=\"https:\/\/www.facebook.com\/TiketiCom\/\" \/>\n<meta property=\"article:modified_time\" content=\"2022-02-14T09:02:17+00:00\" \/>\n<meta property=\"og:image\" content=\"https:\/\/tiketi.com\/wp-content\/uploads\/2019\/05\/grocery-woman-6289052_1280.jpg\" \/>\n\t<meta property=\"og:image:width\" content=\"1200\" \/>\n\t<meta property=\"og:image:height\" content=\"200\" \/>\n\t<meta property=\"og:image:type\" content=\"image\/jpeg\" \/>\n<meta name=\"twitter:card\" content=\"summary_large_image\" \/>\n<meta name=\"twitter:label1\" content=\"Dur\u00e9e de lecture estim\u00e9e\" \/>\n\t<meta name=\"twitter:data1\" content=\"3 minutes\" \/>\n<script type=\"application\/ld+json\" class=\"yoast-schema-graph\">{\"@context\":\"https:\\\/\\\/schema.org\",\"@graph\":[{\"@type\":\"WebPage\",\"@id\":\"https:\\\/\\\/tiketi.com\\\/online-grocery-delivery-dar-es-salaam-store\\\/\",\"url\":\"https:\\\/\\\/tiketi.com\\\/online-grocery-delivery-dar-es-salaam-store\\\/\",\"name\":\"Grocery Delivery Dar es Salaam I Supermarket I Online Store Delivery\",\"isPartOf\":{\"@id\":\"https:\\\/\\\/tiketi.com\\\/#website\"},\"primaryImageOfPage\":{\"@id\":\"https:\\\/\\\/tiketi.com\\\/online-grocery-delivery-dar-es-salaam-store\\\/#primaryimage\"},\"image\":{\"@id\":\"https:\\\/\\\/tiketi.com\\\/online-grocery-delivery-dar-es-salaam-store\\\/#primaryimage\"},\"thumbnailUrl\":\"https:\\\/\\\/tiketi.com\\\/wp-content\\\/uploads\\\/2019\\\/05\\\/grocery-woman-6289052_1280.jpg\",\"datePublished\":\"2022-01-19T11:54:14+00:00\",\"dateModified\":\"2022-02-14T09:02:17+00:00\",\"description\":\"Looking for online grocery delivery in Dar es Salaam service? Download our home grocery delivery app Dar es Salaam and do cheap online grocery shopping in Dar es Salaam stores\",\"breadcrumb\":{\"@id\":\"https:\\\/\\\/tiketi.com\\\/online-grocery-delivery-dar-es-salaam-store\\\/#breadcrumb\"},\"inLanguage\":\"fr-FR\",\"potentialAction\":[{\"@type\":\"ReadAction\",\"target\":[\"https:\\\/\\\/tiketi.com\\\/online-grocery-delivery-dar-es-salaam-store\\\/\"]}]},{\"@type\":\"ImageObject\",\"inLanguage\":\"fr-FR\",\"@id\":\"https:\\\/\\\/tiketi.com\\\/online-grocery-delivery-dar-es-salaam-store\\\/#primaryimage\",\"url\":\"https:\\\/\\\/tiketi.com\\\/wp-content\\\/uploads\\\/2019\\\/05\\\/grocery-woman-6289052_1280.jpg\",\"contentUrl\":\"https:\\\/\\\/tiketi.com\\\/wp-content\\\/uploads\\\/2019\\\/05\\\/grocery-woman-6289052_1280.jpg\",\"width\":1200,\"height\":200,\"caption\":\"Grocery Delivery\"},{\"@type\":\"BreadcrumbList\",\"@id\":\"https:\\\/\\\/tiketi.com\\\/online-grocery-delivery-dar-es-salaam-store\\\/#breadcrumb\",\"itemListElement\":[{\"@type\":\"ListItem\",\"position\":1,\"name\":\"Home\",\"item\":\"https:\\\/\\\/tiketi.com\\\/\"},{\"@type\":\"ListItem\",\"position\":2,\"name\":\"Grocery Delivery Dar es Salaam I Supermarket I Online Store Delivery\"}]},{\"@type\":\"WebSite\",\"@id\":\"https:\\\/\\\/tiketi.com\\\/#website\",\"url\":\"https:\\\/\\\/tiketi.com\\\/\",\"name\":\"Flight & Bus Tickets, Tour Packages & Activitites - Tiketi.com\",\"description\":\"Flight &amp; Bus Tickets, Tours, Activitites\",\"publisher\":{\"@id\":\"https:\\\/\\\/tiketi.com\\\/#organization\"},\"potentialAction\":[{\"@type\":\"SearchAction\",\"target\":{\"@type\":\"EntryPoint\",\"urlTemplate\":\"https:\\\/\\\/tiketi.com\\\/?s={search_term_string}\"},\"query-input\":{\"@type\":\"PropertyValueSpecification\",\"valueRequired\":true,\"valueName\":\"search_term_string\"}}],\"inLanguage\":\"fr-FR\"},{\"@type\":\"Organization\",\"@id\":\"https:\\\/\\\/tiketi.com\\\/#organization\",\"name\":\"Tiketi.com\",\"alternateName\":\"Tiketi\",\"url\":\"https:\\\/\\\/tiketi.com\\\/\",\"logo\":{\"@type\":\"ImageObject\",\"inLanguage\":\"fr-FR\",\"@id\":\"https:\\\/\\\/tiketi.com\\\/#\\\/schema\\\/logo\\\/image\\\/\",\"url\":\"https:\\\/\\\/tiketi.com\\\/wp-content\\\/uploads\\\/2019\\\/05\\\/tiketi-logo-696.png\",\"contentUrl\":\"https:\\\/\\\/tiketi.com\\\/wp-content\\\/uploads\\\/2019\\\/05\\\/tiketi-logo-696.png\",\"width\":696,\"height\":696,\"caption\":\"Tiketi.com\"},\"image\":{\"@id\":\"https:\\\/\\\/tiketi.com\\\/#\\\/schema\\\/logo\\\/image\\\/\"},\"sameAs\":[\"https:\\\/\\\/www.facebook.com\\\/TiketiCom\\\/\"]}]}<\/script>\n<!-- \/ Yoast SEO plugin. -->","yoast_head_json":{"title":"Livraison d&#039;\u00e9picerie Dar es Salaam I Supermarch\u00e9 I Livraison de boutique en ligne","description":"Vous recherchez un service de livraison de courses en ligne \u00e0 Dar es Salaam ? T\u00e9l\u00e9chargez notre application de livraison d&#039;\u00e9picerie \u00e0 domicile Dar es Salaam et faites vos courses en ligne \u00e0 bas prix dans les magasins de Dar es Salaam","robots":{"index":"index","follow":"follow","max-snippet":"max-snippet:-1","max-image-preview":"max-image-preview:large","max-video-preview":"max-video-preview:-1"},"canonical":"https:\/\/tiketi.com\/fr-fr\/online-grocery-delivery-dar-es-salaam-store\/","og_locale":"fr_FR","og_type":"article","og_title":"Grocery Delivery Dar es Salaam I Supermarket I Online Store Delivery","og_description":"Looking for online grocery delivery in Dar es Salaam service? Download our home grocery delivery app Dar es Salaam and do cheap online grocery shopping in Dar es Salaam stores","og_url":"https:\/\/tiketi.com\/fr-fr\/online-grocery-delivery-dar-es-salaam-store\/","og_site_name":"Tiketi.com","article_publisher":"https:\/\/www.facebook.com\/TiketiCom\/","article_modified_time":"2022-02-14T09:02:17+00:00","og_image":[{"width":1200,"height":200,"url":"https:\/\/tiketi.com\/wp-content\/uploads\/2019\/05\/grocery-woman-6289052_1280.jpg","type":"image\/jpeg"}],"twitter_card":"summary_large_image","twitter_misc":{"Dur\u00e9e de lecture estim\u00e9e":"3 minutes"},"schema":{"@context":"https:\/\/schema.org","@graph":[{"@type":"WebPage","@id":"https:\/\/tiketi.com\/online-grocery-delivery-dar-es-salaam-store\/","url":"https:\/\/tiketi.com\/online-grocery-delivery-dar-es-salaam-store\/","name":"Livraison d&#039;\u00e9picerie Dar es Salaam I Supermarch\u00e9 I Livraison de boutique en ligne","isPartOf":{"@id":"https:\/\/tiketi.com\/#website"},"primaryImageOfPage":{"@id":"https:\/\/tiketi.com\/online-grocery-delivery-dar-es-salaam-store\/#primaryimage"},"image":{"@id":"https:\/\/tiketi.com\/online-grocery-delivery-dar-es-salaam-store\/#primaryimage"},"thumbnailUrl":"https:\/\/tiketi.com\/wp-content\/uploads\/2019\/05\/grocery-woman-6289052_1280.jpg","datePublished":"2022-01-19T11:54:14+00:00","dateModified":"2022-02-14T09:02:17+00:00","description":"Vous recherchez un service de livraison de courses en ligne \u00e0 Dar es Salaam ? T\u00e9l\u00e9chargez notre application de livraison d&#039;\u00e9picerie \u00e0 domicile Dar es Salaam et faites vos courses en ligne \u00e0 bas prix dans les magasins de Dar es Salaam","breadcrumb":{"@id":"https:\/\/tiketi.com\/online-grocery-delivery-dar-es-salaam-store\/#breadcrumb"},"inLanguage":"fr-FR","potentialAction":[{"@type":"ReadAction","target":["https:\/\/tiketi.com\/online-grocery-delivery-dar-es-salaam-store\/"]}]},{"@type":"ImageObject","inLanguage":"fr-FR","@id":"https:\/\/tiketi.com\/online-grocery-delivery-dar-es-salaam-store\/#primaryimage","url":"https:\/\/tiketi.com\/wp-content\/uploads\/2019\/05\/grocery-woman-6289052_1280.jpg","contentUrl":"https:\/\/tiketi.com\/wp-content\/uploads\/2019\/05\/grocery-woman-6289052_1280.jpg","width":1200,"height":200,"caption":"Grocery Delivery"},{"@type":"BreadcrumbList","@id":"https:\/\/tiketi.com\/online-grocery-delivery-dar-es-salaam-store\/#breadcrumb","itemListElement":[{"@type":"ListItem","position":1,"name":"Home","item":"https:\/\/tiketi.com\/"},{"@type":"ListItem","position":2,"name":"Grocery Delivery Dar es Salaam I Supermarket I Online Store Delivery"}]},{"@type":"WebSite","@id":"https:\/\/tiketi.com\/#website","url":"https:\/\/tiketi.com\/","name":"Billets d&#039;avion et de bus, forfaits touristiques et activit\u00e9s - Tiketi.com","description":"Billets d&#039;avion et de bus, Tours, Activit\u00e9s","publisher":{"@id":"https:\/\/tiketi.com\/#organization"},"potentialAction":[{"@type":"SearchAction","target":{"@type":"EntryPoint","urlTemplate":"https:\/\/tiketi.com\/?s={search_term_string}"},"query-input":{"@type":"PropertyValueSpecification","valueRequired":true,"valueName":"search_term_string"}}],"inLanguage":"fr-FR"},{"@type":"Organization","@id":"https:\/\/tiketi.com\/#organization","name":"Tiketi.com","alternateName":"Tiketi","url":"https:\/\/tiketi.com\/","logo":{"@type":"ImageObject","inLanguage":"fr-FR","@id":"https:\/\/tiketi.com\/#\/schema\/logo\/image\/","url":"https:\/\/tiketi.com\/wp-content\/uploads\/2019\/05\/tiketi-logo-696.png","contentUrl":"https:\/\/tiketi.com\/wp-content\/uploads\/2019\/05\/tiketi-logo-696.png","width":696,"height":696,"caption":"Tiketi.com"},"image":{"@id":"https:\/\/tiketi.com\/#\/schema\/logo\/image\/"},"sameAs":["https:\/\/www.facebook.com\/TiketiCom\/"]}]}},"_links":{"self":[{"href":"https:\/\/tiketi.com\/fr-fr\/wp-json\/wp\/v2\/pages\/11122","targetHints":{"allow":["GET"]}}],"collection":[{"href":"https:\/\/tiketi.com\/fr-fr\/wp-json\/wp\/v2\/pages"}],"about":[{"href":"https:\/\/tiketi.com\/fr-fr\/wp-json\/wp\/v2\/types\/page"}],"author":[{"embeddable":true,"href":"https:\/\/tiketi.com\/fr-fr\/wp-json\/wp\/v2\/users\/1"}],"replies":[{"embeddable":true,"href":"https:\/\/tiketi.com\/fr-fr\/wp-json\/wp\/v2\/comments?post=11122"}],"version-history":[{"count":0,"href":"https:\/\/tiketi.com\/fr-fr\/wp-json\/wp\/v2\/pages\/11122\/revisions"}],"wp:featuredmedia":[{"embeddable":true,"href":"https:\/\/tiketi.com\/fr-fr\/wp-json\/wp\/v2\/media\/19429"}],"wp:attachment":[{"href":"https:\/\/tiketi.com\/fr-fr\/wp-json\/wp\/v2\/media?parent=11122"}],"curies":[{"name":"wp","href":"https:\/\/api.w.org\/{rel}","templated":true}]}}