{"id":11123,"date":"2022-01-19T12:54:14","date_gmt":"2022-01-19T11:54:14","guid":{"rendered":"https:\/\/new.tiketi.com\/online-grocery-delivery-lagos-nigeria-i-supermarket-i-online-store-delivery\/"},"modified":"2022-02-18T13:00:33","modified_gmt":"2022-02-18T12:00:33","slug":"online-grocery-delivery-lagos-nigeria-store","status":"publish","type":"page","link":"https:\/\/tiketi.com\/fr-fr\/online-grocery-delivery-lagos-nigeria-store\/","title":{"rendered":"Livraison d&#039;\u00e9picerie en ligne Lagos Nigeria I Supermarch\u00e9 I Livraison de magasin en ligne"},"content":{"rendered":"<h2>\u00c9picerie en ligne Lagos Nigeria<\/h2>\n<h3>Utilisez la meilleure application de livraison d&#039;\u00e9picerie Lagos Nigeria pour commander vos courses pr\u00e9f\u00e9r\u00e9es simplement et facilement en ligne.<\/h3>\n<p>La livraison d&#039;\u00e9picerie en ligne \u00e0 Lagos Nigeria en toute simplicit\u00e9. Le shopping fait d\u00e9sormais partie de notre culture. De nos jours, de plus en plus de biens sont accessibles sur le monde en ligne, y compris les produits d&#039;\u00e9picerie. Pour certains, la facilit\u00e9 des achats en ligne et de l&#039;application de livraison d&#039;\u00e9picerie Lagos Nigeria \u00e0 tout moment, n&#039;importe o\u00f9 peut faire une \u00e9norme diff\u00e9rence tandis que d&#039;autres sont plus sceptiques quant \u00e0 l&#039;essayer. Si vous n&#039;\u00eates pas s\u00fbr de vous lancer dans le jeu d&#039;\u00e9picerie en ligne de Lagos Nigeria, voici quelques-uns des avantages des \u00e9piceries en ligne \u00e0 Lagos Nigeria :<\/p>\n<h1>Livraison d&#039;\u00e9picerie en ligne Lagos Nigeria Avantages<\/h1>\n<h3>L&#039;application de livraison d&#039;\u00e9picerie Lagos Nigeria vous aide \u00e0 rester organis\u00e9<\/h3>\n<p>De nombreuses plateformes d&#039;\u00e9picerie en ligne \u00e0 Lagos vous aident \u00e0 garder le temps en cr\u00e9ant des listes de courses sur lesquelles vous pouvez revenir encore et encore. Vous pouvez \u00e9galement m\u00e9caniser l&#039;achat afin que les articles que vous achetez r\u00e9guli\u00e8rement soient livr\u00e9s \u00e0 votre porte lorsque vous en avez besoin sans aucun probl\u00e8me.<\/p>\n<h3>Choix de livraison depuis les \u00e9piceries en ligne \u00e0 Lagos Nigeria<\/h3>\n<p>Selon la plate-forme que vous utilisez pour la livraison de vos \u00e9piceries en ligne \u00e0 Lagos Nigeria, vous pouvez planifier si vous avez besoin de vos courses d\u00e8s que possible ou si vous attendez un jour ou deux. Beaucoup de ces plateformes offrent une livraison en aussi peu que 2 heures, mais vous pouvez \u00e9galement choisir d&#039;attendre quelques jours. Cela signifie que vous pouvez magasiner \u00e0 l&#039;avance pour une grande f\u00eate ou un \u00e9v\u00e9nement et vous faire livrer votre nourriture le jour m\u00eame pour votre confort.<\/p>\n<h3>Gestion du temps<\/h3>\n<p>Le plus grand avantage des \u00e9piceries en ligne \u00e0 Lagos au Nigeria est la possibilit\u00e9 de faire ses courses quand vous le souhaitez 24 heures sur 24, 7 jours sur 7, sans avoir \u00e0 passer du temps \u00e0 vous promener dans l&#039;\u00e9picerie. Vous pouvez envoyer votre commande pendant votre pause d\u00e9jeuner, pendant que les enfants jouent au football ou m\u00eame pendant que vous vous d\u00e9tendez au lit. Cela permet de garder le temps et peut att\u00e9nuer l&#039;inqui\u00e9tude d&#039;avoir \u00e0 se rendre au magasin apr\u00e8s une longue journ\u00e9e.<\/p>\n<h3>Planifiez des repas sains<\/h3>\n<p>Si vous essayez de planifier des repas adapt\u00e9s pour votre famille, en ligne<\/p>\n<h3>\u00c9picerie pas ch\u00e8re Lagos Nigeria conseils<\/h3>\n<p>Vous aider \u00e0 trouver les \u00e9l\u00e9ments dont vous avez besoin pour vos menus. Vous avez la possibilit\u00e9 de pr\u00e9parer vos repas selon des recettes lorsque vous choisissez les choix les plus adapt\u00e9s et les plus abordables pour votre famille. L&#039;\u00e9picerie en ligne Lagos Nigeria vous aide \u00e0 \u00e9viter les achats impulsifs. Vous savez quand vous entrez dans le magasin pour acheter des \u0153ufs et du lait, mais vous repartez les bras charg\u00e9s de sacs\u00a0? Les experts en marketing savent comment attirer l&#039;attention et vous inciter \u00e0 acheter des articles dont vous n&#039;avez probablement pas besoin. Tout, du placement des articles dans le magasin \u00e0 l&#039;emballage et \u00e0 la hauteur des \u00e9tag\u00e8res, peut avoir un impact sur la probabilit\u00e9 qu&#039;un consommateur l&#039;ach\u00e8te. L&#039;\u00e9picerie en ligne \u00e0 Lagos Nigeria signifie que vous ne serez pas victime de ces astuces promotionnelles.<\/p>","protected":false},"excerpt":{"rendered":"<p>Online Grocery Shopping Lagos Nigeria Use the best grocery delivery app Lagos Nigeria to order your favorite groceries simple and easy online. Online grocery delivery Lagos Nigeria made easy. Shopping has become a part of our culture. These days, more and more goods are accessible on the online world, including groceries. For some, the ease [&hellip;]<\/p>\n","protected":false},"author":1,"featured_media":19429,"parent":0,"menu_order":0,"comment_status":"open","ping_status":"closed","template":"template-home-modern.php","meta":{"footnotes":""},"class_list":["post-11123","page","type-page","status-publish","has-post-thumbnail","hentry"],"yoast_head":"<!-- This site is optimized with the Yoast SEO plugin v27.3 - https:\/\/yoast.com\/product\/yoast-seo-wordpress\/ -->\n<title>Online Grocery Delivery Lagos Nigeria I Supermarket I Online Store<\/title>\n<meta name=\"description\" content=\"Looking for online grocery delivery Lagos Nigeria? Use cheap online grocery stores in Lagos app service and make online grocery shopping Lagos Nigeria cheap and easy\" \/>\n<meta name=\"robots\" content=\"index, follow, max-snippet:-1, max-image-preview:large, max-video-preview:-1\" \/>\n<link rel=\"canonical\" href=\"https:\/\/tiketi.com\/fr-fr\/online-grocery-delivery-lagos-nigeria-store\/\" \/>\n<meta property=\"og:locale\" content=\"fr_FR\" \/>\n<meta property=\"og:type\" content=\"article\" \/>\n<meta property=\"og:title\" content=\"Online Grocery Delivery Lagos Nigeria I Supermarket I Online Store\" \/>\n<meta property=\"og:description\" content=\"Looking for online grocery delivery Lagos Nigeria? Use cheap online grocery stores in Lagos app service and make online grocery shopping Lagos Nigeria cheap and easy\" \/>\n<meta property=\"og:url\" content=\"https:\/\/tiketi.com\/fr-fr\/online-grocery-delivery-lagos-nigeria-store\/\" \/>\n<meta property=\"og:site_name\" content=\"Tiketi.com\" \/>\n<meta property=\"article:publisher\" content=\"https:\/\/www.facebook.com\/TiketiCom\/\" \/>\n<meta property=\"article:modified_time\" content=\"2022-02-18T12:00:33+00:00\" \/>\n<meta property=\"og:image\" content=\"https:\/\/tiketi.com\/wp-content\/uploads\/2019\/05\/grocery-woman-6289052_1280.jpg\" \/>\n\t<meta property=\"og:image:width\" content=\"1200\" \/>\n\t<meta property=\"og:image:height\" content=\"200\" \/>\n\t<meta property=\"og:image:type\" content=\"image\/jpeg\" \/>\n<meta name=\"twitter:card\" content=\"summary_large_image\" \/>\n<meta name=\"twitter:label1\" content=\"Dur\u00e9e de lecture estim\u00e9e\" \/>\n\t<meta name=\"twitter:data1\" content=\"3 minutes\" \/>\n<script type=\"application\/ld+json\" class=\"yoast-schema-graph\">{\"@context\":\"https:\\\/\\\/schema.org\",\"@graph\":[{\"@type\":\"WebPage\",\"@id\":\"https:\\\/\\\/tiketi.com\\\/online-grocery-delivery-lagos-nigeria-store\\\/\",\"url\":\"https:\\\/\\\/tiketi.com\\\/online-grocery-delivery-lagos-nigeria-store\\\/\",\"name\":\"Online Grocery Delivery Lagos Nigeria I Supermarket I Online Store\",\"isPartOf\":{\"@id\":\"https:\\\/\\\/tiketi.com\\\/#website\"},\"primaryImageOfPage\":{\"@id\":\"https:\\\/\\\/tiketi.com\\\/online-grocery-delivery-lagos-nigeria-store\\\/#primaryimage\"},\"image\":{\"@id\":\"https:\\\/\\\/tiketi.com\\\/online-grocery-delivery-lagos-nigeria-store\\\/#primaryimage\"},\"thumbnailUrl\":\"https:\\\/\\\/tiketi.com\\\/wp-content\\\/uploads\\\/2019\\\/05\\\/grocery-woman-6289052_1280.jpg\",\"datePublished\":\"2022-01-19T11:54:14+00:00\",\"dateModified\":\"2022-02-18T12:00:33+00:00\",\"description\":\"Looking for online grocery delivery Lagos Nigeria? Use cheap online grocery stores in Lagos app service and make online grocery shopping Lagos Nigeria cheap and easy\",\"breadcrumb\":{\"@id\":\"https:\\\/\\\/tiketi.com\\\/online-grocery-delivery-lagos-nigeria-store\\\/#breadcrumb\"},\"inLanguage\":\"fr-FR\",\"potentialAction\":[{\"@type\":\"ReadAction\",\"target\":[\"https:\\\/\\\/tiketi.com\\\/online-grocery-delivery-lagos-nigeria-store\\\/\"]}]},{\"@type\":\"ImageObject\",\"inLanguage\":\"fr-FR\",\"@id\":\"https:\\\/\\\/tiketi.com\\\/online-grocery-delivery-lagos-nigeria-store\\\/#primaryimage\",\"url\":\"https:\\\/\\\/tiketi.com\\\/wp-content\\\/uploads\\\/2019\\\/05\\\/grocery-woman-6289052_1280.jpg\",\"contentUrl\":\"https:\\\/\\\/tiketi.com\\\/wp-content\\\/uploads\\\/2019\\\/05\\\/grocery-woman-6289052_1280.jpg\",\"width\":1200,\"height\":200,\"caption\":\"Grocery Delivery\"},{\"@type\":\"BreadcrumbList\",\"@id\":\"https:\\\/\\\/tiketi.com\\\/online-grocery-delivery-lagos-nigeria-store\\\/#breadcrumb\",\"itemListElement\":[{\"@type\":\"ListItem\",\"position\":1,\"name\":\"Home\",\"item\":\"https:\\\/\\\/tiketi.com\\\/\"},{\"@type\":\"ListItem\",\"position\":2,\"name\":\"Online Grocery Delivery Lagos Nigeria I Supermarket I Online Store Delivery\"}]},{\"@type\":\"WebSite\",\"@id\":\"https:\\\/\\\/tiketi.com\\\/#website\",\"url\":\"https:\\\/\\\/tiketi.com\\\/\",\"name\":\"Flight & Bus Tickets, Tour Packages & Activitites - Tiketi.com\",\"description\":\"Flight &amp; Bus Tickets, Tours, Activitites\",\"publisher\":{\"@id\":\"https:\\\/\\\/tiketi.com\\\/#organization\"},\"potentialAction\":[{\"@type\":\"SearchAction\",\"target\":{\"@type\":\"EntryPoint\",\"urlTemplate\":\"https:\\\/\\\/tiketi.com\\\/?s={search_term_string}\"},\"query-input\":{\"@type\":\"PropertyValueSpecification\",\"valueRequired\":true,\"valueName\":\"search_term_string\"}}],\"inLanguage\":\"fr-FR\"},{\"@type\":\"Organization\",\"@id\":\"https:\\\/\\\/tiketi.com\\\/#organization\",\"name\":\"Tiketi.com\",\"alternateName\":\"Tiketi\",\"url\":\"https:\\\/\\\/tiketi.com\\\/\",\"logo\":{\"@type\":\"ImageObject\",\"inLanguage\":\"fr-FR\",\"@id\":\"https:\\\/\\\/tiketi.com\\\/#\\\/schema\\\/logo\\\/image\\\/\",\"url\":\"https:\\\/\\\/tiketi.com\\\/wp-content\\\/uploads\\\/2019\\\/05\\\/tiketi-logo-696.png\",\"contentUrl\":\"https:\\\/\\\/tiketi.com\\\/wp-content\\\/uploads\\\/2019\\\/05\\\/tiketi-logo-696.png\",\"width\":696,\"height\":696,\"caption\":\"Tiketi.com\"},\"image\":{\"@id\":\"https:\\\/\\\/tiketi.com\\\/#\\\/schema\\\/logo\\\/image\\\/\"},\"sameAs\":[\"https:\\\/\\\/www.facebook.com\\\/TiketiCom\\\/\"]}]}<\/script>\n<!-- \/ Yoast SEO plugin. -->","yoast_head_json":{"title":"Livraison d&#039;\u00e9picerie en ligne Lagos Nigeria I Supermarch\u00e9 I Boutique en ligne","description":"Vous recherchez une livraison d&#039;\u00e9picerie en ligne Lagos Nigeria? Utilisez les \u00e9piceries en ligne bon march\u00e9 dans le service d&#039;application de Lagos et faites des achats d&#039;\u00e9picerie en ligne \u00e0 Lagos Nigeria pas cher et facile","robots":{"index":"index","follow":"follow","max-snippet":"max-snippet:-1","max-image-preview":"max-image-preview:large","max-video-preview":"max-video-preview:-1"},"canonical":"https:\/\/tiketi.com\/fr-fr\/online-grocery-delivery-lagos-nigeria-store\/","og_locale":"fr_FR","og_type":"article","og_title":"Online Grocery Delivery Lagos Nigeria I Supermarket I Online Store","og_description":"Looking for online grocery delivery Lagos Nigeria? Use cheap online grocery stores in Lagos app service and make online grocery shopping Lagos Nigeria cheap and easy","og_url":"https:\/\/tiketi.com\/fr-fr\/online-grocery-delivery-lagos-nigeria-store\/","og_site_name":"Tiketi.com","article_publisher":"https:\/\/www.facebook.com\/TiketiCom\/","article_modified_time":"2022-02-18T12:00:33+00:00","og_image":[{"width":1200,"height":200,"url":"https:\/\/tiketi.com\/wp-content\/uploads\/2019\/05\/grocery-woman-6289052_1280.jpg","type":"image\/jpeg"}],"twitter_card":"summary_large_image","twitter_misc":{"Dur\u00e9e de lecture estim\u00e9e":"3 minutes"},"schema":{"@context":"https:\/\/schema.org","@graph":[{"@type":"WebPage","@id":"https:\/\/tiketi.com\/online-grocery-delivery-lagos-nigeria-store\/","url":"https:\/\/tiketi.com\/online-grocery-delivery-lagos-nigeria-store\/","name":"Livraison d&#039;\u00e9picerie en ligne Lagos Nigeria I Supermarch\u00e9 I Boutique en ligne","isPartOf":{"@id":"https:\/\/tiketi.com\/#website"},"primaryImageOfPage":{"@id":"https:\/\/tiketi.com\/online-grocery-delivery-lagos-nigeria-store\/#primaryimage"},"image":{"@id":"https:\/\/tiketi.com\/online-grocery-delivery-lagos-nigeria-store\/#primaryimage"},"thumbnailUrl":"https:\/\/tiketi.com\/wp-content\/uploads\/2019\/05\/grocery-woman-6289052_1280.jpg","datePublished":"2022-01-19T11:54:14+00:00","dateModified":"2022-02-18T12:00:33+00:00","description":"Vous recherchez une livraison d&#039;\u00e9picerie en ligne Lagos Nigeria? Utilisez les \u00e9piceries en ligne bon march\u00e9 dans le service d&#039;application de Lagos et faites des achats d&#039;\u00e9picerie en ligne \u00e0 Lagos Nigeria pas cher et facile","breadcrumb":{"@id":"https:\/\/tiketi.com\/online-grocery-delivery-lagos-nigeria-store\/#breadcrumb"},"inLanguage":"fr-FR","potentialAction":[{"@type":"ReadAction","target":["https:\/\/tiketi.com\/online-grocery-delivery-lagos-nigeria-store\/"]}]},{"@type":"ImageObject","inLanguage":"fr-FR","@id":"https:\/\/tiketi.com\/online-grocery-delivery-lagos-nigeria-store\/#primaryimage","url":"https:\/\/tiketi.com\/wp-content\/uploads\/2019\/05\/grocery-woman-6289052_1280.jpg","contentUrl":"https:\/\/tiketi.com\/wp-content\/uploads\/2019\/05\/grocery-woman-6289052_1280.jpg","width":1200,"height":200,"caption":"Grocery Delivery"},{"@type":"BreadcrumbList","@id":"https:\/\/tiketi.com\/online-grocery-delivery-lagos-nigeria-store\/#breadcrumb","itemListElement":[{"@type":"ListItem","position":1,"name":"Home","item":"https:\/\/tiketi.com\/"},{"@type":"ListItem","position":2,"name":"Online Grocery Delivery Lagos Nigeria I Supermarket I Online Store Delivery"}]},{"@type":"WebSite","@id":"https:\/\/tiketi.com\/#website","url":"https:\/\/tiketi.com\/","name":"Billets d&#039;avion et de bus, forfaits touristiques et activit\u00e9s - Tiketi.com","description":"Billets d&#039;avion et de bus, Tours, Activit\u00e9s","publisher":{"@id":"https:\/\/tiketi.com\/#organization"},"potentialAction":[{"@type":"SearchAction","target":{"@type":"EntryPoint","urlTemplate":"https:\/\/tiketi.com\/?s={search_term_string}"},"query-input":{"@type":"PropertyValueSpecification","valueRequired":true,"valueName":"search_term_string"}}],"inLanguage":"fr-FR"},{"@type":"Organization","@id":"https:\/\/tiketi.com\/#organization","name":"Tiketi.com","alternateName":"Tiketi","url":"https:\/\/tiketi.com\/","logo":{"@type":"ImageObject","inLanguage":"fr-FR","@id":"https:\/\/tiketi.com\/#\/schema\/logo\/image\/","url":"https:\/\/tiketi.com\/wp-content\/uploads\/2019\/05\/tiketi-logo-696.png","contentUrl":"https:\/\/tiketi.com\/wp-content\/uploads\/2019\/05\/tiketi-logo-696.png","width":696,"height":696,"caption":"Tiketi.com"},"image":{"@id":"https:\/\/tiketi.com\/#\/schema\/logo\/image\/"},"sameAs":["https:\/\/www.facebook.com\/TiketiCom\/"]}]}},"_links":{"self":[{"href":"https:\/\/tiketi.com\/fr-fr\/wp-json\/wp\/v2\/pages\/11123","targetHints":{"allow":["GET"]}}],"collection":[{"href":"https:\/\/tiketi.com\/fr-fr\/wp-json\/wp\/v2\/pages"}],"about":[{"href":"https:\/\/tiketi.com\/fr-fr\/wp-json\/wp\/v2\/types\/page"}],"author":[{"embeddable":true,"href":"https:\/\/tiketi.com\/fr-fr\/wp-json\/wp\/v2\/users\/1"}],"replies":[{"embeddable":true,"href":"https:\/\/tiketi.com\/fr-fr\/wp-json\/wp\/v2\/comments?post=11123"}],"version-history":[{"count":0,"href":"https:\/\/tiketi.com\/fr-fr\/wp-json\/wp\/v2\/pages\/11123\/revisions"}],"wp:featuredmedia":[{"embeddable":true,"href":"https:\/\/tiketi.com\/fr-fr\/wp-json\/wp\/v2\/media\/19429"}],"wp:attachment":[{"href":"https:\/\/tiketi.com\/fr-fr\/wp-json\/wp\/v2\/media?parent=11123"}],"curies":[{"name":"wp","href":"https:\/\/api.w.org\/{rel}","templated":true}]}}