{"id":11125,"date":"2022-01-19T12:54:14","date_gmt":"2022-01-19T11:54:14","guid":{"rendered":"https:\/\/new.tiketi.com\/online-grocery-delivery-nairobi-i-supermarket-i-store-delivery\/"},"modified":"2023-06-27T13:34:19","modified_gmt":"2023-06-27T12:34:19","slug":"nairobi","status":"publish","type":"page","link":"https:\/\/tiketi.com\/fr-fr\/delivery\/grocery\/nairobi\/","title":{"rendered":"Livraison d&#039;\u00e9picerie en ligne Nairobi I Supermarch\u00e9 I Livraison en magasin"},"content":{"rendered":"<h2>\u00c9picerie en ligne bon march\u00e9 \u00e0 Nairobi<\/h2>\n<h3>Utilisez la meilleure application de service de livraison d&#039;\u00e9picerie \u00e0 Nairobi pour commander vos courses pr\u00e9f\u00e9r\u00e9es de mani\u00e8re simple et facile en ligne.<\/h3>\n<p>La livraison d&#039;\u00e9picerie en ligne \u00e0 Nairobi simplifi\u00e9e. C\u2019est un processus fastidieux mais n\u00e9cessaire. Faire les courses comporte ses propres d\u00e9fis\u00a0: transporter les produits d&#039;\u00e9picerie, se garer, pousser des chariots, s&#039;occuper des enfants et des autres membres de la famille, compter au comptoir de facturation et faire face \u00e0 la foule, etc. Tous ces probl\u00e8mes sont la raison pour laquelle les courses en ligne \u00e0 Nairobi sont un moyen privil\u00e9gi\u00e9 pour de nombreux consommateurs.<\/p>\n<h2>Voici quelques avantages de la livraison d&#039;\u00e9picerie en ligne \u00e0 Nairobi\u00a0:<\/h2>\n<h3>L&#039;application de livraison d&#039;\u00e9picerie \u00e0 Nairobi offre plusieurs options de paiement<\/h3>\n<p>Les courses \u00e0 l&#039;\u00e9picerie impliquent de l&#039;argent liquide et des cartes. La m\u00eame chose s&#039;applique \u00e9galement \u00e0 l&#039;application de livraison d&#039;\u00e9picerie en ligne de Nairobi, mais vous pouvez \u00e9galement effectuer un virement bancaire ou payer en esp\u00e8ces \u00e0 la livraison. Le paiement ult\u00e9rieur est particuli\u00e8rement utile lorsque vous n&#039;\u00eates pas satisfait du produit ou que vous n&#039;avez pas re\u00e7u ce que vous vouliez. Vous pouvez simplement effectuer le paiement en cons\u00e9quence.<\/p>\n<h3>Les retours sont super faciles<\/h3>\n<p>Imaginez que vous achetez quelque chose \u00e0 l&#039;\u00e9picerie de Nairobi et que vous d\u00e9couvrez, en rentrant chez vous, que ce n&#039;est pas ce que vous aviez en t\u00eate. Il vous faudra faire le trajet retour complet, avec la facture pour proc\u00e9der \u00e0 un \u00e9change. Avec l&#039;application de livraison d&#039;\u00e9picerie en ligne Nairobi, vous pouvez rendre ce dont vous n&#039;avez pas besoin ou ce dont vous \u00eates triste avec le livreur et consulter le montant ajust\u00e9 sur votre cr\u00e9dit en magasin ou sur votre compte bancaire.<\/p>\n<h3>L&#039;application de livraison de courses Nairobi vous aide \u00e0 \u00e9conomiser gros<\/h3>\n<p>La livraison dans les supermarch\u00e9s en ligne \u00e0 Nairobi propose des offres et des r\u00e9ductions presque tous les mois. Ils proposent des offres pour faire du shopping la premi\u00e8re semaine du mois et des prix plus bas sur des produits adapt\u00e9s au monde r\u00e9el. Cela permet d\u2019\u00e9normes \u00e9conomies. N&#039;oublions pas non plus tout l&#039;argent que vous gardez sur vos factures de carburant en ne vous rendant pas au magasin.<\/p>\n<h3>Pas d&#039;achats de luxe ind\u00e9sirables<\/h3>\n<p>C&#039;est beaucoup trop simple \u00e0 faire ; vous vous promenez dans le magasin en r\u00e9cup\u00e9rant tous les articles dont vous avez besoin et tout \u00e0 coup, un paquet de biscuits, un g\u00e2teau au chocolat et des rouleaux de saucisses se sont retrouv\u00e9s d&#039;une mani\u00e8re ou d&#039;une autre dans votre chariot. Avant, vous n\u2019en vouliez pas, mais maintenant que vous les avez vus, vous en avez besoin. L&#039;\u00e9picerie en ligne \u00e0 Nairobi peut vous aider \u00e0 apprivoiser l&#039;achat impulsif qui sommeille en vous.<\/p>\n<h2>\u00c9picerie en ligne Nairobi par histoire<\/h2>\n<p>Imaginez si tout ce que vous alliez \u00e0 votre \u00e9picerie \u00e0 Nairobi, vos articles pr\u00e9f\u00e9r\u00e9s vous attendaient d\u00e9j\u00e0 dans votre panier. Cela peut devenir une r\u00e9alit\u00e9 lorsque vous magasinez en ligne. Une fois que vous avez utilis\u00e9 un site d&#039;\u00e9picerie en ligne une fois, la prochaine fois que vous passerez une commande, vous pourrez peut-\u00eatre choisir des produits d&#039;\u00e9picerie parmi ceux que vous avez d\u00e9j\u00e0 achet\u00e9s. C\u2019est principalement parfait pour les articles essentiels que vous devez acheter chaque semaine.<\/p>","protected":false},"excerpt":{"rendered":"<p>Cheap Online Grocery Shopping Nairobi Use the best grocery store Nairobi delivery service app to order your favorite groceries simple and easy online. Online grocery delivery Nairobi made easy. It is a time-wasting but necessary process. Grocery shopping comes with its own challenges &#8211; carting groceries, parking, pushing trollies, handling kids, and other family members, [&hellip;]<\/p>\n","protected":false},"author":1,"featured_media":19429,"parent":28386,"menu_order":0,"comment_status":"open","ping_status":"closed","template":"template-home-modern.php","meta":{"footnotes":""},"class_list":["post-11125","page","type-page","status-publish","has-post-thumbnail","hentry"],"yoast_head":"<!-- This site is optimized with the Yoast SEO plugin v27.2 - https:\/\/yoast.com\/product\/yoast-seo-wordpress\/ -->\n<title>Online Grocery Delivery Nairobi I Supermarket I Store Delivery<\/title>\n<meta name=\"description\" content=\"Looking for online grocery delivery Nairobi? Use cheap online online grocery shopping Nairobi service app and save time and money\" \/>\n<meta name=\"robots\" content=\"index, follow, max-snippet:-1, max-image-preview:large, max-video-preview:-1\" \/>\n<link rel=\"canonical\" href=\"https:\/\/tiketi.com\/fr-fr\/delivery\/grocery\/nairobi\/\" \/>\n<meta property=\"og:locale\" content=\"fr_FR\" \/>\n<meta property=\"og:type\" content=\"article\" \/>\n<meta property=\"og:title\" content=\"Online Grocery Delivery Nairobi I Supermarket I Store Delivery\" \/>\n<meta property=\"og:description\" content=\"Looking for online grocery delivery Nairobi? Use cheap online online grocery shopping Nairobi service app and save time and money\" \/>\n<meta property=\"og:url\" content=\"https:\/\/tiketi.com\/fr-fr\/delivery\/grocery\/nairobi\/\" \/>\n<meta property=\"og:site_name\" content=\"Tiketi.com\" \/>\n<meta property=\"article:publisher\" content=\"https:\/\/www.facebook.com\/TiketiCom\/\" \/>\n<meta property=\"article:modified_time\" content=\"2023-06-27T12:34:19+00:00\" \/>\n<meta property=\"og:image\" content=\"https:\/\/tiketi.com\/wp-content\/uploads\/2019\/05\/grocery-woman-6289052_1280.jpg\" \/>\n\t<meta property=\"og:image:width\" content=\"1200\" \/>\n\t<meta property=\"og:image:height\" content=\"200\" \/>\n\t<meta property=\"og:image:type\" content=\"image\/jpeg\" \/>\n<meta name=\"twitter:card\" content=\"summary_large_image\" \/>\n<meta name=\"twitter:label1\" content=\"Dur\u00e9e de lecture estim\u00e9e\" \/>\n\t<meta name=\"twitter:data1\" content=\"2 minutes\" \/>\n<script type=\"application\/ld+json\" class=\"yoast-schema-graph\">{\"@context\":\"https:\/\/schema.org\",\"@graph\":[{\"@type\":\"WebPage\",\"@id\":\"https:\/\/tiketi.com\/delivery\/grocery\/nairobi\/\",\"url\":\"https:\/\/tiketi.com\/delivery\/grocery\/nairobi\/\",\"name\":\"Online Grocery Delivery Nairobi I Supermarket I Store Delivery\",\"isPartOf\":{\"@id\":\"https:\/\/tiketi.com\/#website\"},\"primaryImageOfPage\":{\"@id\":\"https:\/\/tiketi.com\/delivery\/grocery\/nairobi\/#primaryimage\"},\"image\":{\"@id\":\"https:\/\/tiketi.com\/delivery\/grocery\/nairobi\/#primaryimage\"},\"thumbnailUrl\":\"https:\/\/tiketi.com\/wp-content\/uploads\/2019\/05\/grocery-woman-6289052_1280.jpg\",\"datePublished\":\"2022-01-19T11:54:14+00:00\",\"dateModified\":\"2023-06-27T12:34:19+00:00\",\"description\":\"Looking for online grocery delivery Nairobi? Use cheap online online grocery shopping Nairobi service app and save time and money\",\"breadcrumb\":{\"@id\":\"https:\/\/tiketi.com\/delivery\/grocery\/nairobi\/#breadcrumb\"},\"inLanguage\":\"fr-FR\",\"potentialAction\":[{\"@type\":\"ReadAction\",\"target\":[\"https:\/\/tiketi.com\/delivery\/grocery\/nairobi\/\"]}]},{\"@type\":\"ImageObject\",\"inLanguage\":\"fr-FR\",\"@id\":\"https:\/\/tiketi.com\/delivery\/grocery\/nairobi\/#primaryimage\",\"url\":\"https:\/\/tiketi.com\/wp-content\/uploads\/2019\/05\/grocery-woman-6289052_1280.jpg\",\"contentUrl\":\"https:\/\/tiketi.com\/wp-content\/uploads\/2019\/05\/grocery-woman-6289052_1280.jpg\",\"width\":1200,\"height\":200,\"caption\":\"Grocery Delivery\"},{\"@type\":\"BreadcrumbList\",\"@id\":\"https:\/\/tiketi.com\/delivery\/grocery\/nairobi\/#breadcrumb\",\"itemListElement\":[{\"@type\":\"ListItem\",\"position\":1,\"name\":\"Home\",\"item\":\"https:\/\/tiketi.com\/\"},{\"@type\":\"ListItem\",\"position\":2,\"name\":\"Delivery\",\"item\":\"https:\/\/tiketi.com\/fr-fr\/delivery\/\"},{\"@type\":\"ListItem\",\"position\":3,\"name\":\"Grocery\",\"item\":\"https:\/\/tiketi.com\/delivery\/grocery\/\"},{\"@type\":\"ListItem\",\"position\":4,\"name\":\"Online Grocery Delivery Nairobi I Supermarket I Store Delivery\"}]},{\"@type\":\"WebSite\",\"@id\":\"https:\/\/tiketi.com\/#website\",\"url\":\"https:\/\/tiketi.com\/\",\"name\":\"Flight & Bus Tickets, Tour Packages & Activitites - Tiketi.com\",\"description\":\"Flight &amp; Bus Tickets, Tours, Activitites\",\"publisher\":{\"@id\":\"https:\/\/tiketi.com\/#organization\"},\"potentialAction\":[{\"@type\":\"SearchAction\",\"target\":{\"@type\":\"EntryPoint\",\"urlTemplate\":\"https:\/\/tiketi.com\/?s={search_term_string}\"},\"query-input\":{\"@type\":\"PropertyValueSpecification\",\"valueRequired\":true,\"valueName\":\"search_term_string\"}}],\"inLanguage\":\"fr-FR\"},{\"@type\":\"Organization\",\"@id\":\"https:\/\/tiketi.com\/#organization\",\"name\":\"Tiketi.com\",\"alternateName\":\"Tiketi\",\"url\":\"https:\/\/tiketi.com\/\",\"logo\":{\"@type\":\"ImageObject\",\"inLanguage\":\"fr-FR\",\"@id\":\"https:\/\/tiketi.com\/#\/schema\/logo\/image\/\",\"url\":\"https:\/\/tiketi.com\/wp-content\/uploads\/2019\/05\/tiketi-logo-696.png\",\"contentUrl\":\"https:\/\/tiketi.com\/wp-content\/uploads\/2019\/05\/tiketi-logo-696.png\",\"width\":696,\"height\":696,\"caption\":\"Tiketi.com\"},\"image\":{\"@id\":\"https:\/\/tiketi.com\/#\/schema\/logo\/image\/\"},\"sameAs\":[\"https:\/\/www.facebook.com\/TiketiCom\/\"]}]}<\/script>\n<!-- \/ Yoast SEO plugin. -->","yoast_head_json":{"title":"Livraison d&#039;\u00e9picerie en ligne Nairobi I Supermarch\u00e9 I Livraison en magasin","description":"Vous recherchez une livraison d&#039;\u00e9picerie en ligne \u00e0 Nairobi ? Utilisez l&#039;application de service d&#039;\u00e9picerie en ligne bon march\u00e9 de Nairobi et gagnez du temps et de l&#039;argent","robots":{"index":"index","follow":"follow","max-snippet":"max-snippet:-1","max-image-preview":"max-image-preview:large","max-video-preview":"max-video-preview:-1"},"canonical":"https:\/\/tiketi.com\/fr-fr\/delivery\/grocery\/nairobi\/","og_locale":"fr_FR","og_type":"article","og_title":"Online Grocery Delivery Nairobi I Supermarket I Store Delivery","og_description":"Looking for online grocery delivery Nairobi? Use cheap online online grocery shopping Nairobi service app and save time and money","og_url":"https:\/\/tiketi.com\/fr-fr\/delivery\/grocery\/nairobi\/","og_site_name":"Tiketi.com","article_publisher":"https:\/\/www.facebook.com\/TiketiCom\/","article_modified_time":"2023-06-27T12:34:19+00:00","og_image":[{"width":1200,"height":200,"url":"https:\/\/tiketi.com\/wp-content\/uploads\/2019\/05\/grocery-woman-6289052_1280.jpg","type":"image\/jpeg"}],"twitter_card":"summary_large_image","twitter_misc":{"Dur\u00e9e de lecture estim\u00e9e":"2 minutes"},"schema":{"@context":"https:\/\/schema.org","@graph":[{"@type":"WebPage","@id":"https:\/\/tiketi.com\/delivery\/grocery\/nairobi\/","url":"https:\/\/tiketi.com\/delivery\/grocery\/nairobi\/","name":"Livraison d&#039;\u00e9picerie en ligne Nairobi I Supermarch\u00e9 I Livraison en magasin","isPartOf":{"@id":"https:\/\/tiketi.com\/#website"},"primaryImageOfPage":{"@id":"https:\/\/tiketi.com\/delivery\/grocery\/nairobi\/#primaryimage"},"image":{"@id":"https:\/\/tiketi.com\/delivery\/grocery\/nairobi\/#primaryimage"},"thumbnailUrl":"https:\/\/tiketi.com\/wp-content\/uploads\/2019\/05\/grocery-woman-6289052_1280.jpg","datePublished":"2022-01-19T11:54:14+00:00","dateModified":"2023-06-27T12:34:19+00:00","description":"Vous recherchez une livraison d&#039;\u00e9picerie en ligne \u00e0 Nairobi ? Utilisez l&#039;application de service d&#039;\u00e9picerie en ligne bon march\u00e9 de Nairobi et gagnez du temps et de l&#039;argent","breadcrumb":{"@id":"https:\/\/tiketi.com\/delivery\/grocery\/nairobi\/#breadcrumb"},"inLanguage":"fr-FR","potentialAction":[{"@type":"ReadAction","target":["https:\/\/tiketi.com\/delivery\/grocery\/nairobi\/"]}]},{"@type":"ImageObject","inLanguage":"fr-FR","@id":"https:\/\/tiketi.com\/delivery\/grocery\/nairobi\/#primaryimage","url":"https:\/\/tiketi.com\/wp-content\/uploads\/2019\/05\/grocery-woman-6289052_1280.jpg","contentUrl":"https:\/\/tiketi.com\/wp-content\/uploads\/2019\/05\/grocery-woman-6289052_1280.jpg","width":1200,"height":200,"caption":"Grocery Delivery"},{"@type":"BreadcrumbList","@id":"https:\/\/tiketi.com\/delivery\/grocery\/nairobi\/#breadcrumb","itemListElement":[{"@type":"ListItem","position":1,"name":"Home","item":"https:\/\/tiketi.com\/"},{"@type":"ListItem","position":2,"name":"Delivery","item":"https:\/\/tiketi.com\/fr-fr\/delivery\/"},{"@type":"ListItem","position":3,"name":"Grocery","item":"https:\/\/tiketi.com\/delivery\/grocery\/"},{"@type":"ListItem","position":4,"name":"Online Grocery Delivery Nairobi I Supermarket I Store Delivery"}]},{"@type":"WebSite","@id":"https:\/\/tiketi.com\/#website","url":"https:\/\/tiketi.com\/","name":"Billets d&#039;avion et de bus, forfaits touristiques et activit\u00e9s - Tiketi.com","description":"Billets d&#039;avion et de bus, Tours, Activit\u00e9s","publisher":{"@id":"https:\/\/tiketi.com\/#organization"},"potentialAction":[{"@type":"SearchAction","target":{"@type":"EntryPoint","urlTemplate":"https:\/\/tiketi.com\/?s={search_term_string}"},"query-input":{"@type":"PropertyValueSpecification","valueRequired":true,"valueName":"search_term_string"}}],"inLanguage":"fr-FR"},{"@type":"Organization","@id":"https:\/\/tiketi.com\/#organization","name":"Tiketi.com","alternateName":"Tiketi","url":"https:\/\/tiketi.com\/","logo":{"@type":"ImageObject","inLanguage":"fr-FR","@id":"https:\/\/tiketi.com\/#\/schema\/logo\/image\/","url":"https:\/\/tiketi.com\/wp-content\/uploads\/2019\/05\/tiketi-logo-696.png","contentUrl":"https:\/\/tiketi.com\/wp-content\/uploads\/2019\/05\/tiketi-logo-696.png","width":696,"height":696,"caption":"Tiketi.com"},"image":{"@id":"https:\/\/tiketi.com\/#\/schema\/logo\/image\/"},"sameAs":["https:\/\/www.facebook.com\/TiketiCom\/"]}]}},"_links":{"self":[{"href":"https:\/\/tiketi.com\/fr-fr\/wp-json\/wp\/v2\/pages\/11125","targetHints":{"allow":["GET"]}}],"collection":[{"href":"https:\/\/tiketi.com\/fr-fr\/wp-json\/wp\/v2\/pages"}],"about":[{"href":"https:\/\/tiketi.com\/fr-fr\/wp-json\/wp\/v2\/types\/page"}],"author":[{"embeddable":true,"href":"https:\/\/tiketi.com\/fr-fr\/wp-json\/wp\/v2\/users\/1"}],"replies":[{"embeddable":true,"href":"https:\/\/tiketi.com\/fr-fr\/wp-json\/wp\/v2\/comments?post=11125"}],"version-history":[{"count":0,"href":"https:\/\/tiketi.com\/fr-fr\/wp-json\/wp\/v2\/pages\/11125\/revisions"}],"up":[{"embeddable":true,"href":"https:\/\/tiketi.com\/fr-fr\/wp-json\/wp\/v2\/pages\/28386"}],"wp:featuredmedia":[{"embeddable":true,"href":"https:\/\/tiketi.com\/fr-fr\/wp-json\/wp\/v2\/media\/19429"}],"wp:attachment":[{"href":"https:\/\/tiketi.com\/fr-fr\/wp-json\/wp\/v2\/media?parent=11125"}],"curies":[{"name":"wp","href":"https:\/\/api.w.org\/{rel}","templated":true}]}}