{"id":11126,"date":"2022-01-19T12:54:14","date_gmt":"2022-01-19T11:54:14","guid":{"rendered":"https:\/\/new.tiketi.com\/delivery-services-in-kigali-i-express-courier-i-same-day-delivery\/"},"modified":"2022-02-11T22:06:11","modified_gmt":"2022-02-11T21:06:11","slug":"express-courier-parcel-delivery-kigali","status":"publish","type":"page","link":"https:\/\/tiketi.com\/fr-fr\/express-courier-parcel-delivery-kigali\/","title":{"rendered":"Services de livraison \u00e0 Kigali I Courrier express I Livraison le jour m\u00eame"},"content":{"rendered":"<h2>Livraison de colis pas cher \u00e0 Kigali R\u00e9servation en ligne - Services de livraison express, de colis et d&#039;exp\u00e9dition<\/h2>\n<h3>Comparez et r\u00e9servez les services de messagerie les moins chers \u00e0 Kigali <a href=\"https:\/\/tiketi.com\/fr-fr\/contact-us\/\" target=\"_blank\" rel=\"noopener\">&gt;&gt;<\/a><\/h3>\n<p>Livraison de colis en ligne Kigali r\u00e9servation simplifi\u00e9e. Les entreprises de messagerie Kigali offrent plusieurs avantages correspondant \u00e0 d&#039;autres types de services de livraison. Les services de messagerie \u00e0 Kigali sont sp\u00e9cialis\u00e9s dans les livraisons rapides de colis ou de colis de toutes tailles et fournissent des d\u00e9lais de livraison engag\u00e9s et un suivi individualis\u00e9. R\u00e9servez en ligne d\u00e8s maintenant des services de livraison \u00e0 bas prix \u00e0 Kigali.<\/p>\n<h2>Services de livraison \u00e0 Kigali Avantages<\/h2>\n<p>Il n&#039;y a pas d&#039;excellent moyen d&#039;impressionner les clients qu&#039;en \u00e9tant professionnel, fiable \u00e0 tout moment et ponctuel. Les entreprises de livraison de colis exp\u00e9riment\u00e9es \u00e0 Kigali utilisent des chauffeurs professionnels form\u00e9s qui mettent l&#039;accent sur le service \u00e0 la client\u00e8le, de sorte que vous obtiendrez une attention unique pour vos livraisons qui feront une impression favorable aupr\u00e8s de vos clients.<\/p>\n<p>Les services de messagerie ont la flexibilit\u00e9 d&#039;offrir le service personnalis\u00e9 et les solutions sur mesure dont vous avez besoin pour votre entreprise. Les services de livraison de colis \u00e0 bas prix \u00e0 Kigali sont con\u00e7us pour \u00eatre agiles et peuvent s&#039;adapter \u00e0 des besoins uniques afin de g\u00e9rer les demandes inhabituelles afin de garantir que la livraison se d\u00e9roule dans les d\u00e9lais. Ce niveau de service est impossible \u00e0 fournir pour les grandes entreprises.<\/p>\n<p>En plus de la r\u00e9ponse rapide d&#039;une entreprise de messagerie \u00e0 chaud, une livraison express professionnelle Kigali int\u00e8gre une technologie de suivi en temps r\u00e9el afin que vous sachiez r\u00e9ellement o\u00f9 se trouve le colis pendant son voyage. Gr\u00e2ce aux derni\u00e8res technologies de messagerie, au suivi des commandes en temps r\u00e9el ainsi qu&#039;\u00e0 une \u00e9quipe de relations clients r\u00e9active, les clients peuvent suivre leurs livraisons du quai \u00e0 la porte.<\/p>\n<p>L&#039;int\u00e9grit\u00e9 et la s\u00e9curit\u00e9 des colis sont une grande priorit\u00e9 pour les coursiers. Vous n&#039;avez pas \u00e0 h\u00e9siter \u00e0 ce que votre document ou votre colis soit endommag\u00e9 lorsque vous utilisez un service de messagerie de colis \u00e0 Kigali, des chauffeurs form\u00e9s sont qualifi\u00e9s pour garantir que votre colis est livr\u00e9 dans le bon sens lorsqu&#039;il a quitt\u00e9 votre \u00e9tablissement.<\/p>\n<p>Avec les services de livraison de Kigali, vous savez que votre colis est g\u00e9r\u00e9 avec soin. Les petits coursiers locaux n&#039;utilisent pas de grands entrep\u00f4ts avec des centaines d&#039;employ\u00e9s pour acheminer et livrer votre colis ou produit.<\/p>\n<h2>Services de livraison exceptionnels dans l&#039;ensemble \u00e0 Kigali<\/h2>\n<p>Lorsque vous savez que vos produits sont g\u00e9r\u00e9s correctement du ramassage \u00e0 l&#039;exp\u00e9dition, vous pouvez \u00eatre assur\u00e9 de la d\u00e9tente des clients. C&#039;est probablement l&#039;avantage le plus imm\u00e9diat que tout propri\u00e9taire d&#039;entreprise en ligne puisse ressentir - moins de maux de t\u00eate !<\/p>\n<p>En engageant les bons services de livraison de colis \u00e0 Kigali, vous pouvez rejeter les probl\u00e8mes suivants que les entreprises en ligne peuvent g\u00e9n\u00e9ralement rencontrer\u00a0:<\/p>\n<p>\u2022 Mauvaise manipulation des marchandises avant qu&#039;elles n&#039;atteignent les acheteurs<br \/>\n\u2022 Retards dans l&#039;envoi des produits aux clients<br \/>\n\u2022 La n\u00e9cessit\u00e9 d&#039;envoyer les articles vous-m\u00eame<br \/>\n\u2022 Frais d&#039;exp\u00e9dition exorbitants<br \/>\n\u2022 Incertitude quant au statut et au lieu de l&#039;envoi<\/p>\n<p>La plupart des propri\u00e9taires d&#039;entreprise visent deux objectifs initiaux\u00a0: la relaxation des clients et la rentabilit\u00e9. En vous associant \u00e0 des coursiers qui promettent une livraison s\u00fbre et rapide et fournissent des plans comp\u00e9titifs et des sp\u00e9cifications de suivi, vous pouvez d\u00e9couvrir le meilleur des deux mondes.<\/p>","protected":false},"excerpt":{"rendered":"<p>Cheap Parcel Delivery in Kigali\u00a0Online Booking &#8211; Express Delivery, Parcel &amp; Shipping Services Compare and book the cheapest courier services in Kigali &gt;&gt; Online parcel delivery Kigali\u00a0booking made easy.\u00a0Courier companies Kigali provide several advantages matched to other types of delivery services. Courier services in Kigali specialized in quick deliveries of any size parcel or package [&hellip;]<\/p>\n","protected":false},"author":1,"featured_media":18898,"parent":0,"menu_order":0,"comment_status":"open","ping_status":"closed","template":"template-home-modern.php","meta":{"footnotes":""},"class_list":["post-11126","page","type-page","status-publish","has-post-thumbnail","hentry"],"yoast_head":"<!-- This site is optimized with the Yoast SEO plugin v27.3 - https:\/\/yoast.com\/product\/yoast-seo-wordpress\/ -->\n<title>Delivery Services in Kigali\u00a0I Express Courier I Same Day Delivery<\/title>\n<meta name=\"description\" content=\"Looking for parcel delivery services in Kigali\u00a0- express delivery apps in Kigali, shipping services? Compare and book the cheapest courier services in Kigali online now\" \/>\n<meta name=\"robots\" content=\"index, follow, max-snippet:-1, max-image-preview:large, max-video-preview:-1\" \/>\n<link rel=\"canonical\" href=\"https:\/\/tiketi.com\/fr-fr\/express-courier-parcel-delivery-kigali\/\" \/>\n<meta property=\"og:locale\" content=\"fr_FR\" \/>\n<meta property=\"og:type\" content=\"article\" \/>\n<meta property=\"og:title\" content=\"Delivery Services in Kigali\u00a0I Express Courier I Same Day Delivery\" \/>\n<meta property=\"og:description\" content=\"Looking for parcel delivery services in Kigali\u00a0- express delivery apps in Kigali, shipping services? Compare and book the cheapest courier services in Kigali online now\" \/>\n<meta property=\"og:url\" content=\"https:\/\/tiketi.com\/fr-fr\/express-courier-parcel-delivery-kigali\/\" \/>\n<meta property=\"og:site_name\" content=\"Tiketi.com\" \/>\n<meta property=\"article:publisher\" content=\"https:\/\/www.facebook.com\/TiketiCom\/\" \/>\n<meta property=\"article:modified_time\" content=\"2022-02-11T21:06:11+00:00\" \/>\n<meta property=\"og:image\" content=\"https:\/\/tiketi.com\/wp-content\/uploads\/2022\/02\/courier-delivery-service-ho-1.jpg\" \/>\n\t<meta property=\"og:image:width\" content=\"1200\" \/>\n\t<meta property=\"og:image:height\" content=\"202\" \/>\n\t<meta property=\"og:image:type\" content=\"image\/jpeg\" \/>\n<meta name=\"twitter:card\" content=\"summary_large_image\" \/>\n<meta name=\"twitter:label1\" content=\"Dur\u00e9e de lecture estim\u00e9e\" \/>\n\t<meta name=\"twitter:data1\" content=\"3 minutes\" \/>\n<script type=\"application\/ld+json\" class=\"yoast-schema-graph\">{\"@context\":\"https:\\\/\\\/schema.org\",\"@graph\":[{\"@type\":\"WebPage\",\"@id\":\"https:\\\/\\\/tiketi.com\\\/express-courier-parcel-delivery-kigali\\\/\",\"url\":\"https:\\\/\\\/tiketi.com\\\/express-courier-parcel-delivery-kigali\\\/\",\"name\":\"Delivery Services in Kigali\u00a0I Express Courier I Same Day Delivery\",\"isPartOf\":{\"@id\":\"https:\\\/\\\/tiketi.com\\\/#website\"},\"primaryImageOfPage\":{\"@id\":\"https:\\\/\\\/tiketi.com\\\/express-courier-parcel-delivery-kigali\\\/#primaryimage\"},\"image\":{\"@id\":\"https:\\\/\\\/tiketi.com\\\/express-courier-parcel-delivery-kigali\\\/#primaryimage\"},\"thumbnailUrl\":\"https:\\\/\\\/tiketi.com\\\/wp-content\\\/uploads\\\/2022\\\/02\\\/courier-delivery-service-ho-1.jpg\",\"datePublished\":\"2022-01-19T11:54:14+00:00\",\"dateModified\":\"2022-02-11T21:06:11+00:00\",\"description\":\"Looking for parcel delivery services in Kigali\u00a0- express delivery apps in Kigali, shipping services? Compare and book the cheapest courier services in Kigali online now\",\"breadcrumb\":{\"@id\":\"https:\\\/\\\/tiketi.com\\\/express-courier-parcel-delivery-kigali\\\/#breadcrumb\"},\"inLanguage\":\"fr-FR\",\"potentialAction\":[{\"@type\":\"ReadAction\",\"target\":[\"https:\\\/\\\/tiketi.com\\\/express-courier-parcel-delivery-kigali\\\/\"]}]},{\"@type\":\"ImageObject\",\"inLanguage\":\"fr-FR\",\"@id\":\"https:\\\/\\\/tiketi.com\\\/express-courier-parcel-delivery-kigali\\\/#primaryimage\",\"url\":\"https:\\\/\\\/tiketi.com\\\/wp-content\\\/uploads\\\/2022\\\/02\\\/courier-delivery-service-ho-1.jpg\",\"contentUrl\":\"https:\\\/\\\/tiketi.com\\\/wp-content\\\/uploads\\\/2022\\\/02\\\/courier-delivery-service-ho-1.jpg\",\"width\":1200,\"height\":202,\"caption\":\"Courier Delivery Service\"},{\"@type\":\"BreadcrumbList\",\"@id\":\"https:\\\/\\\/tiketi.com\\\/express-courier-parcel-delivery-kigali\\\/#breadcrumb\",\"itemListElement\":[{\"@type\":\"ListItem\",\"position\":1,\"name\":\"Home\",\"item\":\"https:\\\/\\\/tiketi.com\\\/\"},{\"@type\":\"ListItem\",\"position\":2,\"name\":\"Delivery Services in Kigali\u00a0I Express Courier I Same Day Delivery\"}]},{\"@type\":\"WebSite\",\"@id\":\"https:\\\/\\\/tiketi.com\\\/#website\",\"url\":\"https:\\\/\\\/tiketi.com\\\/\",\"name\":\"Flight & Bus Tickets, Tour Packages & Activitites - Tiketi.com\",\"description\":\"Flight &amp; Bus Tickets, Tours, Activitites\",\"publisher\":{\"@id\":\"https:\\\/\\\/tiketi.com\\\/#organization\"},\"potentialAction\":[{\"@type\":\"SearchAction\",\"target\":{\"@type\":\"EntryPoint\",\"urlTemplate\":\"https:\\\/\\\/tiketi.com\\\/?s={search_term_string}\"},\"query-input\":{\"@type\":\"PropertyValueSpecification\",\"valueRequired\":true,\"valueName\":\"search_term_string\"}}],\"inLanguage\":\"fr-FR\"},{\"@type\":\"Organization\",\"@id\":\"https:\\\/\\\/tiketi.com\\\/#organization\",\"name\":\"Tiketi.com\",\"alternateName\":\"Tiketi\",\"url\":\"https:\\\/\\\/tiketi.com\\\/\",\"logo\":{\"@type\":\"ImageObject\",\"inLanguage\":\"fr-FR\",\"@id\":\"https:\\\/\\\/tiketi.com\\\/#\\\/schema\\\/logo\\\/image\\\/\",\"url\":\"https:\\\/\\\/tiketi.com\\\/wp-content\\\/uploads\\\/2019\\\/05\\\/tiketi-logo-696.png\",\"contentUrl\":\"https:\\\/\\\/tiketi.com\\\/wp-content\\\/uploads\\\/2019\\\/05\\\/tiketi-logo-696.png\",\"width\":696,\"height\":696,\"caption\":\"Tiketi.com\"},\"image\":{\"@id\":\"https:\\\/\\\/tiketi.com\\\/#\\\/schema\\\/logo\\\/image\\\/\"},\"sameAs\":[\"https:\\\/\\\/www.facebook.com\\\/TiketiCom\\\/\"]}]}<\/script>\n<!-- \/ Yoast SEO plugin. -->","yoast_head_json":{"title":"Services de livraison \u00e0 Kigali I Courrier express I Livraison le jour m\u00eame","description":"Vous recherchez des services de livraison de colis \u00e0 Kigali - des applications de livraison express \u00e0 Kigali, des services d&#039;exp\u00e9dition\u00a0? Comparez et r\u00e9servez en ligne d\u00e8s maintenant les services de messagerie les moins chers \u00e0 Kigali","robots":{"index":"index","follow":"follow","max-snippet":"max-snippet:-1","max-image-preview":"max-image-preview:large","max-video-preview":"max-video-preview:-1"},"canonical":"https:\/\/tiketi.com\/fr-fr\/express-courier-parcel-delivery-kigali\/","og_locale":"fr_FR","og_type":"article","og_title":"Delivery Services in Kigali\u00a0I Express Courier I Same Day Delivery","og_description":"Looking for parcel delivery services in Kigali\u00a0- express delivery apps in Kigali, shipping services? Compare and book the cheapest courier services in Kigali online now","og_url":"https:\/\/tiketi.com\/fr-fr\/express-courier-parcel-delivery-kigali\/","og_site_name":"Tiketi.com","article_publisher":"https:\/\/www.facebook.com\/TiketiCom\/","article_modified_time":"2022-02-11T21:06:11+00:00","og_image":[{"width":1200,"height":202,"url":"https:\/\/tiketi.com\/wp-content\/uploads\/2022\/02\/courier-delivery-service-ho-1.jpg","type":"image\/jpeg"}],"twitter_card":"summary_large_image","twitter_misc":{"Dur\u00e9e de lecture estim\u00e9e":"3 minutes"},"schema":{"@context":"https:\/\/schema.org","@graph":[{"@type":"WebPage","@id":"https:\/\/tiketi.com\/express-courier-parcel-delivery-kigali\/","url":"https:\/\/tiketi.com\/express-courier-parcel-delivery-kigali\/","name":"Services de livraison \u00e0 Kigali I Courrier express I Livraison le jour m\u00eame","isPartOf":{"@id":"https:\/\/tiketi.com\/#website"},"primaryImageOfPage":{"@id":"https:\/\/tiketi.com\/express-courier-parcel-delivery-kigali\/#primaryimage"},"image":{"@id":"https:\/\/tiketi.com\/express-courier-parcel-delivery-kigali\/#primaryimage"},"thumbnailUrl":"https:\/\/tiketi.com\/wp-content\/uploads\/2022\/02\/courier-delivery-service-ho-1.jpg","datePublished":"2022-01-19T11:54:14+00:00","dateModified":"2022-02-11T21:06:11+00:00","description":"Vous recherchez des services de livraison de colis \u00e0 Kigali - des applications de livraison express \u00e0 Kigali, des services d&#039;exp\u00e9dition\u00a0? Comparez et r\u00e9servez en ligne d\u00e8s maintenant les services de messagerie les moins chers \u00e0 Kigali","breadcrumb":{"@id":"https:\/\/tiketi.com\/express-courier-parcel-delivery-kigali\/#breadcrumb"},"inLanguage":"fr-FR","potentialAction":[{"@type":"ReadAction","target":["https:\/\/tiketi.com\/express-courier-parcel-delivery-kigali\/"]}]},{"@type":"ImageObject","inLanguage":"fr-FR","@id":"https:\/\/tiketi.com\/express-courier-parcel-delivery-kigali\/#primaryimage","url":"https:\/\/tiketi.com\/wp-content\/uploads\/2022\/02\/courier-delivery-service-ho-1.jpg","contentUrl":"https:\/\/tiketi.com\/wp-content\/uploads\/2022\/02\/courier-delivery-service-ho-1.jpg","width":1200,"height":202,"caption":"Courier Delivery Service"},{"@type":"BreadcrumbList","@id":"https:\/\/tiketi.com\/express-courier-parcel-delivery-kigali\/#breadcrumb","itemListElement":[{"@type":"ListItem","position":1,"name":"Home","item":"https:\/\/tiketi.com\/"},{"@type":"ListItem","position":2,"name":"Delivery Services in Kigali\u00a0I Express Courier I Same Day Delivery"}]},{"@type":"WebSite","@id":"https:\/\/tiketi.com\/#website","url":"https:\/\/tiketi.com\/","name":"Billets d&#039;avion et de bus, forfaits touristiques et activit\u00e9s - Tiketi.com","description":"Billets d&#039;avion et de bus, Tours, Activit\u00e9s","publisher":{"@id":"https:\/\/tiketi.com\/#organization"},"potentialAction":[{"@type":"SearchAction","target":{"@type":"EntryPoint","urlTemplate":"https:\/\/tiketi.com\/?s={search_term_string}"},"query-input":{"@type":"PropertyValueSpecification","valueRequired":true,"valueName":"search_term_string"}}],"inLanguage":"fr-FR"},{"@type":"Organization","@id":"https:\/\/tiketi.com\/#organization","name":"Tiketi.com","alternateName":"Tiketi","url":"https:\/\/tiketi.com\/","logo":{"@type":"ImageObject","inLanguage":"fr-FR","@id":"https:\/\/tiketi.com\/#\/schema\/logo\/image\/","url":"https:\/\/tiketi.com\/wp-content\/uploads\/2019\/05\/tiketi-logo-696.png","contentUrl":"https:\/\/tiketi.com\/wp-content\/uploads\/2019\/05\/tiketi-logo-696.png","width":696,"height":696,"caption":"Tiketi.com"},"image":{"@id":"https:\/\/tiketi.com\/#\/schema\/logo\/image\/"},"sameAs":["https:\/\/www.facebook.com\/TiketiCom\/"]}]}},"_links":{"self":[{"href":"https:\/\/tiketi.com\/fr-fr\/wp-json\/wp\/v2\/pages\/11126","targetHints":{"allow":["GET"]}}],"collection":[{"href":"https:\/\/tiketi.com\/fr-fr\/wp-json\/wp\/v2\/pages"}],"about":[{"href":"https:\/\/tiketi.com\/fr-fr\/wp-json\/wp\/v2\/types\/page"}],"author":[{"embeddable":true,"href":"https:\/\/tiketi.com\/fr-fr\/wp-json\/wp\/v2\/users\/1"}],"replies":[{"embeddable":true,"href":"https:\/\/tiketi.com\/fr-fr\/wp-json\/wp\/v2\/comments?post=11126"}],"version-history":[{"count":0,"href":"https:\/\/tiketi.com\/fr-fr\/wp-json\/wp\/v2\/pages\/11126\/revisions"}],"wp:featuredmedia":[{"embeddable":true,"href":"https:\/\/tiketi.com\/fr-fr\/wp-json\/wp\/v2\/media\/18898"}],"wp:attachment":[{"href":"https:\/\/tiketi.com\/fr-fr\/wp-json\/wp\/v2\/media?parent=11126"}],"curies":[{"name":"wp","href":"https:\/\/api.w.org\/{rel}","templated":true}]}}