{"id":11131,"date":"2022-01-19T12:54:16","date_gmt":"2022-01-19T11:54:16","guid":{"rendered":"https:\/\/new.tiketi.com\/courier-service-in-lusaka-i-express-parcel-i-same-day-delivery\/"},"modified":"2022-02-11T14:46:12","modified_gmt":"2022-02-11T13:46:12","slug":"express-courier-parcel-delivery-lusaka","status":"publish","type":"page","link":"https:\/\/tiketi.com\/fr-fr\/express-courier-parcel-delivery-lusaka\/","title":{"rendered":"Service de messagerie \u00e0 Lusaka I Colis express I Livraison le jour m\u00eame"},"content":{"rendered":"<h2>Livraison de colis pas cher \u00e0 Lusaka R\u00e9servation en ligne - Service de livraison express, de messagerie et d&#039;exp\u00e9dition \u00e0 Lusaka<\/h2>\n<h3>Comparez et r\u00e9servez les services de messagerie les moins chers \u00e0 Lusaka.<\/h3>\n<p>Service de messagerie en ligne \u00e0 Lusaka r\u00e9servation facile. En tant que propri\u00e9taire d&#039;entreprise, il est essentiel de trouver la mani\u00e8re la plus parfaite de g\u00e9rer votre entreprise. Souvent, cela signifie faire des sacrifices. Quoi qu&#039;il en soit, cela peut \u00e9galement impliquer de travailler plus intelligemment - en profitant des services qui sont en place pour am\u00e9liorer le fonctionnement de votre entreprise, au lieu de d\u00e9velopper votre entreprise pour s&#039;adapter vous-m\u00eame \u00e0 ces fonctions. Comparez et r\u00e9servez votre livraison de colis \u00e0 Lusaka - services de livraison express, de colis et d&#039;exp\u00e9dition en ligne et gagnez du temps et de l&#039;argent.<\/p>\n<h2>Dans ce cas, nous allons examiner les avantages de l&#039;embauche d&#039;un meilleur service de messagerie dans la soci\u00e9t\u00e9 Lusaka.<\/h2>\n<h3>Vous pouvez toujours entrer en contact avec une personne<\/h3>\n<p>Avec un service de messagerie local \u00e0 Lusaka, vous pouvez toujours parler \u00e0 un v\u00e9ritable \u00eatre humain. Tout au long du processus, du d\u00e9p\u00f4t de votre demande de livraison \u00e0 la fourniture de commentaires apr\u00e8s la livraison, vous pouvez toujours d\u00e9crocher le t\u00e9l\u00e9phone et parler \u00e0 quelqu&#039;un de l&#039;entreprise sans avoir \u00e0 attendre un op\u00e9rateur accessible comme vous le feriez avec une plus grande entreprise.<\/p>\n<h3>Il atteindra sa destination plus rapidement<\/h3>\n<p>Avec une grosse livraison de colis \u00e0 Lusaka, votre colis devra peut-\u00eatre passer du temps sur une \u00e9tag\u00e8re d&#039;entrep\u00f4t. Les entreprises locales de livraison de colis \u00e0 Lusaka sont fi\u00e8res de livrer chaque colis rapidement, de sorte que m\u00eame les denr\u00e9es p\u00e9rissables peuvent arriver \u00e0 leur destination finale sans se g\u00e2ter. Il est essentiel pour les petites entreprises que vous obteniez des d\u00e9lais de livraison standard et incroyables.<\/p>\n<h3>Vous n&#039;auriez pas \u00e0 payer autant<\/h3>\n<p>Contrairement \u00e0 la croyance populaire, la livraison le jour m\u00eame \u00e0 Lusaka co\u00fbte g\u00e9n\u00e9ralement moins cher que les grandes entreprises. La plupart des petites entreprises utilisent un choix de paiement au kilom\u00e8tre ou forfaitaire, permettant aux clients de payer moins cher pour une livraison le jour m\u00eame qu&#039;ils n&#039;auraient \u00e0 payer aux grandes entreprises pour une livraison le lendemain \u00e0 Lusaka.<\/p>\n<h3>Services de messagerie \u00e0 Lusaka solutions \u00e0 co\u00fbts multiples<\/h3>\n<p>\u00c9tonnamment, le service de colis de Lusaka est en fait abordable et peut vous faire \u00e9conomiser de l&#039;argent. La raison en est que les services de messagerie doivent rester comp\u00e9titifs et avoir acc\u00e8s \u00e0 des remises sur de nombreux services. Par exemple, votre service de messagerie peut travailler avec de nombreuses imprimeries, ce qui vous permet d&#039;imprimer et d&#039;exp\u00e9dier avec une remise importante, ce qui vous permet d&#039;\u00e9conomiser de l&#039;argent et du temps.<\/p>\n<h2>Avantages de la livraison de colis \u00e0 Lusaka<\/h2>\n<p>Il y a de nombreux avantages \u00e0 utiliser un service de messagerie \u00e0 Lusaka. Chaque personne est ennuy\u00e9e par le temps perdu \u00e0 suivre les colis en ligne ou \u00e0 attendre \u00e0 travers un tas de messages automatis\u00e9s pour atteindre une personne r\u00e9elle. Pourquoi se contenter de ces irritations ? Avec la livraison de colis la moins ch\u00e8re \u00e0 Lusaka, vous pouvez savoir o\u00f9 se trouve votre colis en un seul appel.<\/p>","protected":false},"excerpt":{"rendered":"<p>Cheap Parcel Delivery in Lusaka Online Booking &#8211; Express Delivery, Courier &amp; Shipping Services delivery service in lusaka Compare and book the cheapest courier services in Lusaka. Online courier service in Lusaka booking made easy. As a business owner, it is vital to find the most perfect way of running your business. Often, it means [&hellip;]<\/p>\n","protected":false},"author":1,"featured_media":18898,"parent":0,"menu_order":0,"comment_status":"open","ping_status":"closed","template":"template-home-modern.php","meta":{"footnotes":""},"class_list":["post-11131","page","type-page","status-publish","has-post-thumbnail","hentry"],"yoast_head":"<!-- This site is optimized with the Yoast SEO plugin v27.5 - https:\/\/yoast.com\/product\/yoast-seo-wordpress\/ -->\n<title>Courier Service in Lusaka I Express Parcel I Same Day Delivery<\/title>\n<meta name=\"description\" content=\"Looking for courier service in Lusaka - express delivery apps, next and same day shipping services? Compare and book your cheap parcel delivery in Zambia online\" \/>\n<meta name=\"robots\" content=\"index, follow, max-snippet:-1, max-image-preview:large, max-video-preview:-1\" \/>\n<link rel=\"canonical\" href=\"https:\/\/tiketi.com\/fr-fr\/express-courier-parcel-delivery-lusaka\/\" \/>\n<meta property=\"og:locale\" content=\"fr_FR\" \/>\n<meta property=\"og:type\" content=\"article\" \/>\n<meta property=\"og:title\" content=\"Courier Service in Lusaka I Express Parcel I Same Day Delivery\" \/>\n<meta property=\"og:description\" content=\"Looking for courier service in Lusaka - express delivery apps, next and same day shipping services? Compare and book your cheap parcel delivery in Zambia online\" \/>\n<meta property=\"og:url\" content=\"https:\/\/tiketi.com\/fr-fr\/express-courier-parcel-delivery-lusaka\/\" \/>\n<meta property=\"og:site_name\" content=\"Tiketi.com\" \/>\n<meta property=\"article:publisher\" content=\"https:\/\/www.facebook.com\/TiketiCom\/\" \/>\n<meta property=\"article:modified_time\" content=\"2022-02-11T13:46:12+00:00\" \/>\n<meta property=\"og:image\" content=\"https:\/\/tiketi.com\/wp-content\/uploads\/2022\/02\/courier-delivery-service-ho-1.jpg\" \/>\n\t<meta property=\"og:image:width\" content=\"1200\" \/>\n\t<meta property=\"og:image:height\" content=\"202\" \/>\n\t<meta property=\"og:image:type\" content=\"image\/jpeg\" \/>\n<meta name=\"twitter:card\" content=\"summary_large_image\" \/>\n<meta name=\"twitter:label1\" content=\"Dur\u00e9e de lecture estim\u00e9e\" \/>\n\t<meta name=\"twitter:data1\" content=\"2 minutes\" \/>\n<script type=\"application\/ld+json\" class=\"yoast-schema-graph\">{\"@context\":\"https:\\\/\\\/schema.org\",\"@graph\":[{\"@type\":\"WebPage\",\"@id\":\"https:\\\/\\\/tiketi.com\\\/express-courier-parcel-delivery-lusaka\\\/\",\"url\":\"https:\\\/\\\/tiketi.com\\\/express-courier-parcel-delivery-lusaka\\\/\",\"name\":\"Courier Service in Lusaka I Express Parcel I Same Day Delivery\",\"isPartOf\":{\"@id\":\"https:\\\/\\\/tiketi.com\\\/#website\"},\"primaryImageOfPage\":{\"@id\":\"https:\\\/\\\/tiketi.com\\\/express-courier-parcel-delivery-lusaka\\\/#primaryimage\"},\"image\":{\"@id\":\"https:\\\/\\\/tiketi.com\\\/express-courier-parcel-delivery-lusaka\\\/#primaryimage\"},\"thumbnailUrl\":\"https:\\\/\\\/tiketi.com\\\/wp-content\\\/uploads\\\/2022\\\/02\\\/courier-delivery-service-ho-1.jpg\",\"datePublished\":\"2022-01-19T11:54:16+00:00\",\"dateModified\":\"2022-02-11T13:46:12+00:00\",\"description\":\"Looking for courier service in Lusaka - express delivery apps, next and same day shipping services? Compare and book your cheap parcel delivery in Zambia online\",\"breadcrumb\":{\"@id\":\"https:\\\/\\\/tiketi.com\\\/express-courier-parcel-delivery-lusaka\\\/#breadcrumb\"},\"inLanguage\":\"fr-FR\",\"potentialAction\":[{\"@type\":\"ReadAction\",\"target\":[\"https:\\\/\\\/tiketi.com\\\/express-courier-parcel-delivery-lusaka\\\/\"]}]},{\"@type\":\"ImageObject\",\"inLanguage\":\"fr-FR\",\"@id\":\"https:\\\/\\\/tiketi.com\\\/express-courier-parcel-delivery-lusaka\\\/#primaryimage\",\"url\":\"https:\\\/\\\/tiketi.com\\\/wp-content\\\/uploads\\\/2022\\\/02\\\/courier-delivery-service-ho-1.jpg\",\"contentUrl\":\"https:\\\/\\\/tiketi.com\\\/wp-content\\\/uploads\\\/2022\\\/02\\\/courier-delivery-service-ho-1.jpg\",\"width\":1200,\"height\":202,\"caption\":\"Courier Delivery Service\"},{\"@type\":\"BreadcrumbList\",\"@id\":\"https:\\\/\\\/tiketi.com\\\/express-courier-parcel-delivery-lusaka\\\/#breadcrumb\",\"itemListElement\":[{\"@type\":\"ListItem\",\"position\":1,\"name\":\"Home\",\"item\":\"https:\\\/\\\/tiketi.com\\\/\"},{\"@type\":\"ListItem\",\"position\":2,\"name\":\"Courier Service in Lusaka I Express Parcel I Same Day Delivery\"}]},{\"@type\":\"WebSite\",\"@id\":\"https:\\\/\\\/tiketi.com\\\/#website\",\"url\":\"https:\\\/\\\/tiketi.com\\\/\",\"name\":\"Flight & Bus Tickets, Tour Packages & Activitites - Tiketi.com\",\"description\":\"Flight &amp; Bus Tickets, Tours, Activitites\",\"publisher\":{\"@id\":\"https:\\\/\\\/tiketi.com\\\/#organization\"},\"potentialAction\":[{\"@type\":\"SearchAction\",\"target\":{\"@type\":\"EntryPoint\",\"urlTemplate\":\"https:\\\/\\\/tiketi.com\\\/?s={search_term_string}\"},\"query-input\":{\"@type\":\"PropertyValueSpecification\",\"valueRequired\":true,\"valueName\":\"search_term_string\"}}],\"inLanguage\":\"fr-FR\"},{\"@type\":\"Organization\",\"@id\":\"https:\\\/\\\/tiketi.com\\\/#organization\",\"name\":\"Tiketi.com\",\"alternateName\":\"Tiketi\",\"url\":\"https:\\\/\\\/tiketi.com\\\/\",\"logo\":{\"@type\":\"ImageObject\",\"inLanguage\":\"fr-FR\",\"@id\":\"https:\\\/\\\/tiketi.com\\\/#\\\/schema\\\/logo\\\/image\\\/\",\"url\":\"https:\\\/\\\/tiketi.com\\\/wp-content\\\/uploads\\\/2019\\\/05\\\/tiketi-logo-696.png\",\"contentUrl\":\"https:\\\/\\\/tiketi.com\\\/wp-content\\\/uploads\\\/2019\\\/05\\\/tiketi-logo-696.png\",\"width\":696,\"height\":696,\"caption\":\"Tiketi.com\"},\"image\":{\"@id\":\"https:\\\/\\\/tiketi.com\\\/#\\\/schema\\\/logo\\\/image\\\/\"},\"sameAs\":[\"https:\\\/\\\/www.facebook.com\\\/TiketiCom\\\/\"]}]}<\/script>\n<!-- \/ Yoast SEO plugin. -->","yoast_head_json":{"title":"Service de messagerie \u00e0 Lusaka I Colis express I Livraison le jour m\u00eame","description":"Vous recherchez un service de messagerie \u00e0 Lusaka - applications de livraison express, services d&#039;exp\u00e9dition le jour m\u00eame et le lendemain\u00a0? Comparez et r\u00e9servez en ligne votre colis pas cher en Zambie","robots":{"index":"index","follow":"follow","max-snippet":"max-snippet:-1","max-image-preview":"max-image-preview:large","max-video-preview":"max-video-preview:-1"},"canonical":"https:\/\/tiketi.com\/fr-fr\/express-courier-parcel-delivery-lusaka\/","og_locale":"fr_FR","og_type":"article","og_title":"Courier Service in Lusaka I Express Parcel I Same Day Delivery","og_description":"Looking for courier service in Lusaka - express delivery apps, next and same day shipping services? Compare and book your cheap parcel delivery in Zambia online","og_url":"https:\/\/tiketi.com\/fr-fr\/express-courier-parcel-delivery-lusaka\/","og_site_name":"Tiketi.com","article_publisher":"https:\/\/www.facebook.com\/TiketiCom\/","article_modified_time":"2022-02-11T13:46:12+00:00","og_image":[{"width":1200,"height":202,"url":"https:\/\/tiketi.com\/wp-content\/uploads\/2022\/02\/courier-delivery-service-ho-1.jpg","type":"image\/jpeg"}],"twitter_card":"summary_large_image","twitter_misc":{"Dur\u00e9e de lecture estim\u00e9e":"2 minutes"},"schema":{"@context":"https:\/\/schema.org","@graph":[{"@type":"WebPage","@id":"https:\/\/tiketi.com\/express-courier-parcel-delivery-lusaka\/","url":"https:\/\/tiketi.com\/express-courier-parcel-delivery-lusaka\/","name":"Service de messagerie \u00e0 Lusaka I Colis express I Livraison le jour m\u00eame","isPartOf":{"@id":"https:\/\/tiketi.com\/#website"},"primaryImageOfPage":{"@id":"https:\/\/tiketi.com\/express-courier-parcel-delivery-lusaka\/#primaryimage"},"image":{"@id":"https:\/\/tiketi.com\/express-courier-parcel-delivery-lusaka\/#primaryimage"},"thumbnailUrl":"https:\/\/tiketi.com\/wp-content\/uploads\/2022\/02\/courier-delivery-service-ho-1.jpg","datePublished":"2022-01-19T11:54:16+00:00","dateModified":"2022-02-11T13:46:12+00:00","description":"Vous recherchez un service de messagerie \u00e0 Lusaka - applications de livraison express, services d&#039;exp\u00e9dition le jour m\u00eame et le lendemain\u00a0? Comparez et r\u00e9servez en ligne votre colis pas cher en Zambie","breadcrumb":{"@id":"https:\/\/tiketi.com\/express-courier-parcel-delivery-lusaka\/#breadcrumb"},"inLanguage":"fr-FR","potentialAction":[{"@type":"ReadAction","target":["https:\/\/tiketi.com\/express-courier-parcel-delivery-lusaka\/"]}]},{"@type":"ImageObject","inLanguage":"fr-FR","@id":"https:\/\/tiketi.com\/express-courier-parcel-delivery-lusaka\/#primaryimage","url":"https:\/\/tiketi.com\/wp-content\/uploads\/2022\/02\/courier-delivery-service-ho-1.jpg","contentUrl":"https:\/\/tiketi.com\/wp-content\/uploads\/2022\/02\/courier-delivery-service-ho-1.jpg","width":1200,"height":202,"caption":"Courier Delivery Service"},{"@type":"BreadcrumbList","@id":"https:\/\/tiketi.com\/express-courier-parcel-delivery-lusaka\/#breadcrumb","itemListElement":[{"@type":"ListItem","position":1,"name":"Home","item":"https:\/\/tiketi.com\/"},{"@type":"ListItem","position":2,"name":"Courier Service in Lusaka I Express Parcel I Same Day Delivery"}]},{"@type":"WebSite","@id":"https:\/\/tiketi.com\/#website","url":"https:\/\/tiketi.com\/","name":"Billets d&#039;avion et de bus, forfaits touristiques et activit\u00e9s - Tiketi.com","description":"Billets d&#039;avion et de bus, Tours, Activit\u00e9s","publisher":{"@id":"https:\/\/tiketi.com\/#organization"},"potentialAction":[{"@type":"SearchAction","target":{"@type":"EntryPoint","urlTemplate":"https:\/\/tiketi.com\/?s={search_term_string}"},"query-input":{"@type":"PropertyValueSpecification","valueRequired":true,"valueName":"search_term_string"}}],"inLanguage":"fr-FR"},{"@type":"Organization","@id":"https:\/\/tiketi.com\/#organization","name":"Tiketi.com","alternateName":"Tiketi","url":"https:\/\/tiketi.com\/","logo":{"@type":"ImageObject","inLanguage":"fr-FR","@id":"https:\/\/tiketi.com\/#\/schema\/logo\/image\/","url":"https:\/\/tiketi.com\/wp-content\/uploads\/2019\/05\/tiketi-logo-696.png","contentUrl":"https:\/\/tiketi.com\/wp-content\/uploads\/2019\/05\/tiketi-logo-696.png","width":696,"height":696,"caption":"Tiketi.com"},"image":{"@id":"https:\/\/tiketi.com\/#\/schema\/logo\/image\/"},"sameAs":["https:\/\/www.facebook.com\/TiketiCom\/"]}]}},"_links":{"self":[{"href":"https:\/\/tiketi.com\/fr-fr\/wp-json\/wp\/v2\/pages\/11131","targetHints":{"allow":["GET"]}}],"collection":[{"href":"https:\/\/tiketi.com\/fr-fr\/wp-json\/wp\/v2\/pages"}],"about":[{"href":"https:\/\/tiketi.com\/fr-fr\/wp-json\/wp\/v2\/types\/page"}],"author":[{"embeddable":true,"href":"https:\/\/tiketi.com\/fr-fr\/wp-json\/wp\/v2\/users\/1"}],"replies":[{"embeddable":true,"href":"https:\/\/tiketi.com\/fr-fr\/wp-json\/wp\/v2\/comments?post=11131"}],"version-history":[{"count":0,"href":"https:\/\/tiketi.com\/fr-fr\/wp-json\/wp\/v2\/pages\/11131\/revisions"}],"wp:featuredmedia":[{"embeddable":true,"href":"https:\/\/tiketi.com\/fr-fr\/wp-json\/wp\/v2\/media\/18898"}],"wp:attachment":[{"href":"https:\/\/tiketi.com\/fr-fr\/wp-json\/wp\/v2\/media?parent=11131"}],"curies":[{"name":"wp","href":"https:\/\/api.w.org\/{rel}","templated":true}]}}