{"id":11132,"date":"2022-01-19T12:54:16","date_gmt":"2022-01-19T11:54:16","guid":{"rendered":"https:\/\/new.tiketi.com\/parcel-delivery-lagos-i-express-courier-i-same-day-delivery\/"},"modified":"2022-02-19T12:24:05","modified_gmt":"2022-02-19T11:24:05","slug":"express-courier-parcel-delivery-lagos-nigeria","status":"publish","type":"page","link":"https:\/\/tiketi.com\/fr-fr\/express-courier-parcel-delivery-lagos-nigeria\/","title":{"rendered":"Livraison de colis Lagos - Services de messagerie express et d&#039;exp\u00e9dition"},"content":{"rendered":"<h2>Service de messagerie bon march\u00e9 \u00e0 Lagos Nigeria R\u00e9servation en ligne - Services de livraison express, de colis et d&#039;exp\u00e9dition<\/h2>\n<h3>Comparez et r\u00e9servez le service de livraison le moins cher \u00e0 Lagos <a href=\"https:\/\/tiketi.com\/fr-fr\/contact-us\/\" target=\"_blank\" rel=\"noopener\">&gt;&gt;<\/a><\/h3>\n<p>Livraison de colis en ligne \u00e0 Lagos La r\u00e9servation simplifi\u00e9e. L&#039;efficacit\u00e9 op\u00e9rationnelle dans les affaires est importante pour le succ\u00e8s continu d&#039;une entreprise. Une fa\u00e7on d&#039;am\u00e9liorer cette efficacit\u00e9 consiste \u00e0 ajouter la mani\u00e8re dont les petites entreprises d&#039;exp\u00e9dition doivent \u00eatre g\u00e9r\u00e9es. R\u00e9servez en ligne d\u00e8s maintenant un service de messagerie bon march\u00e9 \u00e0 Lagos Nigeria.<\/p>\n<h2>L&#039;externalisation de la livraison professionnelle de colis \u00e0 Lagos permet \u00e0 votre entit\u00e9 de b\u00e9n\u00e9ficier des avantages suivants\u00a0:<\/h2>\n<h3>R\u00e9duction du service de livraison \u00e0 Lagos frais de transport<\/h3>\n<p>La livraison de colis bon march\u00e9 \u00e0 Lagos prend soin des soucis d&#039;exp\u00e9dition de votre entreprise. Cela signifie donc que vous n&#039;avez plus besoin d&#039;utiliser votre flotte pour g\u00e9rer des livraisons fermes. Votre entreprise peut ainsi r\u00e9aliser des \u00e9conomies sur les d\u00e9penses de v\u00e9hicules qui comprennent les co\u00fbts d&#039;entretien, de carburant et de r\u00e9paration. Cela aide en outre \u00e0 r\u00e9duire le co\u00fbt d&#039;embauche de personnel pour faire fonctionner le syst\u00e8me de livraison.<\/p>\n<h3>Transfert de responsabilit\u00e9s et de risques<\/h3>\n<p>Chaque livraison peut \u00eatre la soci\u00e9t\u00e9 doit \u00eatre prot\u00e9g\u00e9e contre les dommages ou la perte. Si la situation du colis est alt\u00e9r\u00e9e, la responsabilit\u00e9 de l&#039;entreprise est engag\u00e9e. L&#039;externalisation de ces petits besoins d&#039;exp\u00e9dition d&#039;affaires transf\u00e8re les responsabilit\u00e9s et les risques au fournisseur de services de livraison de colis de Lagos. Par cons\u00e9quent, votre entreprise peut r\u00e9aliser des \u00e9conomies suppl\u00e9mentaires sur les co\u00fbts engag\u00e9s pour assurer et s\u00e9curiser les produits.<\/p>\n<h3>Service de livraison rapide<\/h3>\n<p>Un important port de services de livraison \u00e0 Lagos int\u00e8gre le professionnalisme et la rapidit\u00e9 dans le cadre de leur marque de fabrique. Le service de courrier express \u00e0 Lagos au Nigeria renforce la confiance des clients dans votre marque. Les ventes augmenteront et avec elles, plus de profit pour l&#039;entreprise.<\/p>\n<h3>Excellent rapport qualit\u00e9\/prix<\/h3>\n<p>Les entreprises de livraison de colis \u00e0 Lagos fournissent des services de livraison personnalis\u00e9s. En fonction des besoins d&#039;exp\u00e9dition de votre petite entreprise, ils peuvent adapter leurs forfaits de livraison \u00e0 votre condition. Les entit\u00e9s ayant des produits volumineux et plus lourds \u00e0 livrer ont plus \u00e0 gagner en termes de rentabilit\u00e9.<\/p>\n<h3>Acc\u00e8s \u00e0 des services suppl\u00e9mentaires<\/h3>\n<p>Les entreprises de messagerie bien \u00e9tablies de Lagos fournissent d&#039;autres services que les livraisons. Ces packages contiennent la fourniture de solutions logistiques et d&#039;installations d&#039;entreposage \u00e0 leurs clients. Il est plus avantageux pour votre \u00e9tablissement d&#039;avoir acc\u00e8s \u00e0 de nombreux services aupr\u00e8s d&#039;un seul fournisseur. Vous b\u00e9n\u00e9ficiez de plusieurs remises fournies par la soci\u00e9t\u00e9 de messagerie.<\/p>\n<h3>Service de messagerie \u00e0 Lagos Nigeria garantie<\/h3>\n<p>Plusieurs services de livraison \u00e0 Lagos sont disponibles 24 heures sur 24, 7 jours sur 7. Il y a une promesse d&#039;exp\u00e9dition continue des produits \u00e0 vos clients. Vos clients ne sont pas limit\u00e9s \u00e0 passer des commandes pendant les heures d&#039;ouverture de votre entreprise. Votre entreprise r\u00e9alise de grosses \u00e9conomies en obligeant les agents du service de livraison \u00e0 Lagos \u00e0 payer des frais d&#039;heures suppl\u00e9mentaires s&#039;ils op\u00e8rent au-del\u00e0 de leurs heures contractuelles.<\/p>","protected":false},"excerpt":{"rendered":"<p>Cheap Courier Service in Lagos Nigeria Online Booking &#8211; Express Delivery, Parcel &amp; Shipping Services Compare and book the cheapest delivery service in Lagos &gt;&gt; Online parcel delivery Lagos booking made easy. Operational efficiency in business is important to the continued success of a firm. One way to better on this efficiency is by adding [&hellip;]<\/p>\n","protected":false},"author":1,"featured_media":18898,"parent":0,"menu_order":0,"comment_status":"open","ping_status":"closed","template":"template-home-modern.php","meta":{"footnotes":""},"class_list":["post-11132","page","type-page","status-publish","has-post-thumbnail","hentry"],"yoast_head":"<!-- This site is optimized with the Yoast SEO plugin v27.3 - https:\/\/yoast.com\/product\/yoast-seo-wordpress\/ -->\n<title>Parcel Delivery Lagos - Express Courier &amp; Shipping Services<\/title>\n<meta name=\"description\" content=\"Looking for parcel delivery in Lagos Nigeria - express delivery apps, parcel &amp; shipping services? Compare and book the cheapest courier services in Lagos Nigeria online\" \/>\n<meta name=\"robots\" content=\"index, follow, max-snippet:-1, max-image-preview:large, max-video-preview:-1\" \/>\n<link rel=\"canonical\" href=\"https:\/\/tiketi.com\/fr-fr\/express-courier-parcel-delivery-lagos-nigeria\/\" \/>\n<meta property=\"og:locale\" content=\"fr_FR\" \/>\n<meta property=\"og:type\" content=\"article\" \/>\n<meta property=\"og:title\" content=\"Parcel Delivery Lagos - Express Courier &amp; Shipping Services\" \/>\n<meta property=\"og:description\" content=\"Looking for parcel delivery in Lagos Nigeria - express delivery apps, parcel &amp; shipping services? Compare and book the cheapest courier services in Lagos Nigeria online\" \/>\n<meta property=\"og:url\" content=\"https:\/\/tiketi.com\/fr-fr\/express-courier-parcel-delivery-lagos-nigeria\/\" \/>\n<meta property=\"og:site_name\" content=\"Tiketi.com\" \/>\n<meta property=\"article:publisher\" content=\"https:\/\/www.facebook.com\/TiketiCom\/\" \/>\n<meta property=\"article:modified_time\" content=\"2022-02-19T11:24:05+00:00\" \/>\n<meta property=\"og:image\" content=\"https:\/\/tiketi.com\/wp-content\/uploads\/2022\/02\/courier-delivery-service-ho-1.jpg\" \/>\n\t<meta property=\"og:image:width\" content=\"1200\" \/>\n\t<meta property=\"og:image:height\" content=\"202\" \/>\n\t<meta property=\"og:image:type\" content=\"image\/jpeg\" \/>\n<meta name=\"twitter:card\" content=\"summary_large_image\" \/>\n<meta name=\"twitter:label1\" content=\"Dur\u00e9e de lecture estim\u00e9e\" \/>\n\t<meta name=\"twitter:data1\" content=\"2 minutes\" \/>\n<script type=\"application\/ld+json\" class=\"yoast-schema-graph\">{\"@context\":\"https:\\\/\\\/schema.org\",\"@graph\":[{\"@type\":\"WebPage\",\"@id\":\"https:\\\/\\\/tiketi.com\\\/express-courier-parcel-delivery-lagos-nigeria\\\/\",\"url\":\"https:\\\/\\\/tiketi.com\\\/express-courier-parcel-delivery-lagos-nigeria\\\/\",\"name\":\"Parcel Delivery Lagos - Express Courier & Shipping Services\",\"isPartOf\":{\"@id\":\"https:\\\/\\\/tiketi.com\\\/#website\"},\"primaryImageOfPage\":{\"@id\":\"https:\\\/\\\/tiketi.com\\\/express-courier-parcel-delivery-lagos-nigeria\\\/#primaryimage\"},\"image\":{\"@id\":\"https:\\\/\\\/tiketi.com\\\/express-courier-parcel-delivery-lagos-nigeria\\\/#primaryimage\"},\"thumbnailUrl\":\"https:\\\/\\\/tiketi.com\\\/wp-content\\\/uploads\\\/2022\\\/02\\\/courier-delivery-service-ho-1.jpg\",\"datePublished\":\"2022-01-19T11:54:16+00:00\",\"dateModified\":\"2022-02-19T11:24:05+00:00\",\"description\":\"Looking for parcel delivery in Lagos Nigeria - express delivery apps, parcel & shipping services? Compare and book the cheapest courier services in Lagos Nigeria online\",\"breadcrumb\":{\"@id\":\"https:\\\/\\\/tiketi.com\\\/express-courier-parcel-delivery-lagos-nigeria\\\/#breadcrumb\"},\"inLanguage\":\"fr-FR\",\"potentialAction\":[{\"@type\":\"ReadAction\",\"target\":[\"https:\\\/\\\/tiketi.com\\\/express-courier-parcel-delivery-lagos-nigeria\\\/\"]}]},{\"@type\":\"ImageObject\",\"inLanguage\":\"fr-FR\",\"@id\":\"https:\\\/\\\/tiketi.com\\\/express-courier-parcel-delivery-lagos-nigeria\\\/#primaryimage\",\"url\":\"https:\\\/\\\/tiketi.com\\\/wp-content\\\/uploads\\\/2022\\\/02\\\/courier-delivery-service-ho-1.jpg\",\"contentUrl\":\"https:\\\/\\\/tiketi.com\\\/wp-content\\\/uploads\\\/2022\\\/02\\\/courier-delivery-service-ho-1.jpg\",\"width\":1200,\"height\":202,\"caption\":\"Courier Delivery Service\"},{\"@type\":\"BreadcrumbList\",\"@id\":\"https:\\\/\\\/tiketi.com\\\/express-courier-parcel-delivery-lagos-nigeria\\\/#breadcrumb\",\"itemListElement\":[{\"@type\":\"ListItem\",\"position\":1,\"name\":\"Home\",\"item\":\"https:\\\/\\\/tiketi.com\\\/\"},{\"@type\":\"ListItem\",\"position\":2,\"name\":\"Parcel Delivery Lagos &#8211; Express Courier &#038; Shipping Services\"}]},{\"@type\":\"WebSite\",\"@id\":\"https:\\\/\\\/tiketi.com\\\/#website\",\"url\":\"https:\\\/\\\/tiketi.com\\\/\",\"name\":\"Flight & Bus Tickets, Tour Packages & Activitites - Tiketi.com\",\"description\":\"Flight &amp; Bus Tickets, Tours, Activitites\",\"publisher\":{\"@id\":\"https:\\\/\\\/tiketi.com\\\/#organization\"},\"potentialAction\":[{\"@type\":\"SearchAction\",\"target\":{\"@type\":\"EntryPoint\",\"urlTemplate\":\"https:\\\/\\\/tiketi.com\\\/?s={search_term_string}\"},\"query-input\":{\"@type\":\"PropertyValueSpecification\",\"valueRequired\":true,\"valueName\":\"search_term_string\"}}],\"inLanguage\":\"fr-FR\"},{\"@type\":\"Organization\",\"@id\":\"https:\\\/\\\/tiketi.com\\\/#organization\",\"name\":\"Tiketi.com\",\"alternateName\":\"Tiketi\",\"url\":\"https:\\\/\\\/tiketi.com\\\/\",\"logo\":{\"@type\":\"ImageObject\",\"inLanguage\":\"fr-FR\",\"@id\":\"https:\\\/\\\/tiketi.com\\\/#\\\/schema\\\/logo\\\/image\\\/\",\"url\":\"https:\\\/\\\/tiketi.com\\\/wp-content\\\/uploads\\\/2019\\\/05\\\/tiketi-logo-696.png\",\"contentUrl\":\"https:\\\/\\\/tiketi.com\\\/wp-content\\\/uploads\\\/2019\\\/05\\\/tiketi-logo-696.png\",\"width\":696,\"height\":696,\"caption\":\"Tiketi.com\"},\"image\":{\"@id\":\"https:\\\/\\\/tiketi.com\\\/#\\\/schema\\\/logo\\\/image\\\/\"},\"sameAs\":[\"https:\\\/\\\/www.facebook.com\\\/TiketiCom\\\/\"]}]}<\/script>\n<!-- \/ Yoast SEO plugin. -->","yoast_head_json":{"title":"Livraison de colis Lagos - Services de messagerie express et d&#039;exp\u00e9dition","description":"Vous recherchez une livraison de colis \u00e0 Lagos au Nigeria - applications de livraison express, services de colis et d&#039;exp\u00e9dition\u00a0? Comparez et r\u00e9servez en ligne les services de messagerie les moins chers \u00e0 Lagos Nigeria","robots":{"index":"index","follow":"follow","max-snippet":"max-snippet:-1","max-image-preview":"max-image-preview:large","max-video-preview":"max-video-preview:-1"},"canonical":"https:\/\/tiketi.com\/fr-fr\/express-courier-parcel-delivery-lagos-nigeria\/","og_locale":"fr_FR","og_type":"article","og_title":"Parcel Delivery Lagos - Express Courier & Shipping Services","og_description":"Looking for parcel delivery in Lagos Nigeria - express delivery apps, parcel & shipping services? Compare and book the cheapest courier services in Lagos Nigeria online","og_url":"https:\/\/tiketi.com\/fr-fr\/express-courier-parcel-delivery-lagos-nigeria\/","og_site_name":"Tiketi.com","article_publisher":"https:\/\/www.facebook.com\/TiketiCom\/","article_modified_time":"2022-02-19T11:24:05+00:00","og_image":[{"width":1200,"height":202,"url":"https:\/\/tiketi.com\/wp-content\/uploads\/2022\/02\/courier-delivery-service-ho-1.jpg","type":"image\/jpeg"}],"twitter_card":"summary_large_image","twitter_misc":{"Dur\u00e9e de lecture estim\u00e9e":"2 minutes"},"schema":{"@context":"https:\/\/schema.org","@graph":[{"@type":"WebPage","@id":"https:\/\/tiketi.com\/express-courier-parcel-delivery-lagos-nigeria\/","url":"https:\/\/tiketi.com\/express-courier-parcel-delivery-lagos-nigeria\/","name":"Livraison de colis Lagos - Services de messagerie express et d&#039;exp\u00e9dition","isPartOf":{"@id":"https:\/\/tiketi.com\/#website"},"primaryImageOfPage":{"@id":"https:\/\/tiketi.com\/express-courier-parcel-delivery-lagos-nigeria\/#primaryimage"},"image":{"@id":"https:\/\/tiketi.com\/express-courier-parcel-delivery-lagos-nigeria\/#primaryimage"},"thumbnailUrl":"https:\/\/tiketi.com\/wp-content\/uploads\/2022\/02\/courier-delivery-service-ho-1.jpg","datePublished":"2022-01-19T11:54:16+00:00","dateModified":"2022-02-19T11:24:05+00:00","description":"Vous recherchez une livraison de colis \u00e0 Lagos au Nigeria - applications de livraison express, services de colis et d&#039;exp\u00e9dition\u00a0? Comparez et r\u00e9servez en ligne les services de messagerie les moins chers \u00e0 Lagos Nigeria","breadcrumb":{"@id":"https:\/\/tiketi.com\/express-courier-parcel-delivery-lagos-nigeria\/#breadcrumb"},"inLanguage":"fr-FR","potentialAction":[{"@type":"ReadAction","target":["https:\/\/tiketi.com\/express-courier-parcel-delivery-lagos-nigeria\/"]}]},{"@type":"ImageObject","inLanguage":"fr-FR","@id":"https:\/\/tiketi.com\/express-courier-parcel-delivery-lagos-nigeria\/#primaryimage","url":"https:\/\/tiketi.com\/wp-content\/uploads\/2022\/02\/courier-delivery-service-ho-1.jpg","contentUrl":"https:\/\/tiketi.com\/wp-content\/uploads\/2022\/02\/courier-delivery-service-ho-1.jpg","width":1200,"height":202,"caption":"Courier Delivery Service"},{"@type":"BreadcrumbList","@id":"https:\/\/tiketi.com\/express-courier-parcel-delivery-lagos-nigeria\/#breadcrumb","itemListElement":[{"@type":"ListItem","position":1,"name":"Home","item":"https:\/\/tiketi.com\/"},{"@type":"ListItem","position":2,"name":"Parcel Delivery Lagos &#8211; Express Courier &#038; Shipping Services"}]},{"@type":"WebSite","@id":"https:\/\/tiketi.com\/#website","url":"https:\/\/tiketi.com\/","name":"Billets d&#039;avion et de bus, forfaits touristiques et activit\u00e9s - Tiketi.com","description":"Billets d&#039;avion et de bus, Tours, Activit\u00e9s","publisher":{"@id":"https:\/\/tiketi.com\/#organization"},"potentialAction":[{"@type":"SearchAction","target":{"@type":"EntryPoint","urlTemplate":"https:\/\/tiketi.com\/?s={search_term_string}"},"query-input":{"@type":"PropertyValueSpecification","valueRequired":true,"valueName":"search_term_string"}}],"inLanguage":"fr-FR"},{"@type":"Organization","@id":"https:\/\/tiketi.com\/#organization","name":"Tiketi.com","alternateName":"Tiketi","url":"https:\/\/tiketi.com\/","logo":{"@type":"ImageObject","inLanguage":"fr-FR","@id":"https:\/\/tiketi.com\/#\/schema\/logo\/image\/","url":"https:\/\/tiketi.com\/wp-content\/uploads\/2019\/05\/tiketi-logo-696.png","contentUrl":"https:\/\/tiketi.com\/wp-content\/uploads\/2019\/05\/tiketi-logo-696.png","width":696,"height":696,"caption":"Tiketi.com"},"image":{"@id":"https:\/\/tiketi.com\/#\/schema\/logo\/image\/"},"sameAs":["https:\/\/www.facebook.com\/TiketiCom\/"]}]}},"_links":{"self":[{"href":"https:\/\/tiketi.com\/fr-fr\/wp-json\/wp\/v2\/pages\/11132","targetHints":{"allow":["GET"]}}],"collection":[{"href":"https:\/\/tiketi.com\/fr-fr\/wp-json\/wp\/v2\/pages"}],"about":[{"href":"https:\/\/tiketi.com\/fr-fr\/wp-json\/wp\/v2\/types\/page"}],"author":[{"embeddable":true,"href":"https:\/\/tiketi.com\/fr-fr\/wp-json\/wp\/v2\/users\/1"}],"replies":[{"embeddable":true,"href":"https:\/\/tiketi.com\/fr-fr\/wp-json\/wp\/v2\/comments?post=11132"}],"version-history":[{"count":0,"href":"https:\/\/tiketi.com\/fr-fr\/wp-json\/wp\/v2\/pages\/11132\/revisions"}],"wp:featuredmedia":[{"embeddable":true,"href":"https:\/\/tiketi.com\/fr-fr\/wp-json\/wp\/v2\/media\/18898"}],"wp:attachment":[{"href":"https:\/\/tiketi.com\/fr-fr\/wp-json\/wp\/v2\/media?parent=11132"}],"curies":[{"name":"wp","href":"https:\/\/api.w.org\/{rel}","templated":true}]}}