{"id":11134,"date":"2022-01-19T12:54:16","date_gmt":"2022-01-19T11:54:16","guid":{"rendered":"https:\/\/new.tiketi.com\/food-delivery-arusha-from-nearby-restaurants\/"},"modified":"2022-02-13T14:49:23","modified_gmt":"2022-02-13T13:49:23","slug":"online-food-delivery-arusha-tz","status":"publish","type":"page","link":"https:\/\/tiketi.com\/fr-fr\/online-food-delivery-arusha-tz\/","title":{"rendered":"Livraison de nourriture \u00e0 Arusha \u00e0 partir des restaurants \u00e0 proximit\u00e9"},"content":{"rendered":"<h2>Livraison \u00e0 domicile de nourriture bon march\u00e9 \u00e0 Arusha<\/h2>\n<h3>Utilisez la meilleure application de livraison de nourriture Arusha et commandez de la nourriture \u00e0 Arusha \u00e0 partir du service de livraison \u00e0 domicile de nourriture bon march\u00e9 Arusha simple et facile en ligne.<\/h3>\n<p>La livraison de nourriture en ligne \u00e0 Arusha est facilit\u00e9e. Apr\u00e8s une longue et bien remplie journ\u00e9e de travail, vous voudriez prendre un repas qui calme votre faim. Vous n&#039;avez pas le temps de rester inactif, puisque vous avez ramen\u00e9 des papiers \u00e0 la maison et que vous devez les terminer ce soir. Ne serait-il pas pr\u00e9f\u00e9rable que vous puissiez vous faire livrer des plats d&#039;Arusha \u00e0 domicile \u00e0 votre porte\u00a0? Aujourd\u2019hui, il est facile de se faire livrer des aliments di\u00e9t\u00e9tiques \u00e0 domicile. Il existe de nombreuses applications de livraison de nourriture \u00e0 Arusha qui vous permettent de commander de la nourriture \u00e0 Arusha par e-mail, en ligne ou par t\u00e9l\u00e9phone.<\/p>\n<p>La livraison de nourriture \u00e0 domicile est fondamentalement une nouvelle tendance dans l\u2019industrie alimentaire. Livraison de nourriture \u00e0 domicile en ligne Arusha qui fournit ce type de service oblige le client \u00e0 passer ses commandes en suivant son ensemble de normes concernant un repas savoureux.<\/p>\n<p>Apr\u00e8s avoir fait cela, il ne vous reste plus qu&#039;\u00e0 vous asseoir et \u00e0 attendre que votre commande en ligne arrive \u00e0 votre porte.<\/p>\n<p>Avoir un service de livraison de nourriture Arusha \u00e0 votre porte n&#039;est pas aussi difficile que vous le pensez. De plus, c&#039;est un choix extr\u00eamement parfait pour votre famille et vos amis.<\/p>\n<h2>Avantages de la livraison de nourriture en ligne \u00e0 Arusha<\/h2>\n<h3>L&#039;application de livraison de nourriture Arusha fait gagner beaucoup de temps<\/h3>\n<p>L\u2019un des plus grands avantages de la commande de nourriture \u00e0 livrer \u00e0 votre domicile est que vous pouvez ainsi gagner beaucoup de temps. Au lieu de perdre des heures dans la cuisine, vous pouvez \u00eatre avec vos proches, lire un livre, sortir avec des amis, regarder un film, etc. tout ce que vous avez \u00e0 faire est de passer une commande via la livraison de nourriture en ligne \u00e0 Arusha et d&#039;attendre votre chinois. livraison de nourriture Arusha \u00e0 livrer. Certes, cela co\u00fbtera un peu plus cher, mais vous pourrez conserver des heures de travail ennuyeux en cuisine. Et le temps, apr\u00e8s tout, c\u2019est de l\u2019argent.<\/p>\n<h3>Facilit\u00e9 d&#039;utilisation de la livraison de nourriture \u00e0 domicile Arusha<\/h3>\n<p>L&#039;application de livraison de nourriture \u00e0 domicile en ligne \u00e0 Arusha est id\u00e9ale pour les professionnels occup\u00e9s qui souhaitent perdre du poids et n&#039;ont pas le temps de cuisiner pour eux-m\u00eames ou leur famille.<\/p>\n<h3>Livraison de nourriture \u00e0 domicile Arusha propose une gamme de paiements<\/h3>\n<p>L&#039;application de livraison de nourriture Arusha et les plateformes vous proposent g\u00e9n\u00e9ralement une gamme de techniques de paiement. Si vous payez en esp\u00e8ces, vous conna\u00eetrez \u00e0 l\u2019avance le montant exact que vous devez payer, ce qui permettra \u00e0 la transaction d\u2019\u00eatre rapide. Alternativement, si vous payez par carte bancaire, la transaction serait encore plus parfaite car vous pouvez simplement r\u00e9cup\u00e9rer vos repas lorsqu&#039;ils arrivent \u00e0 votre porte via la commande de livraison de nourriture en ligne \u00e0 Arusha.<\/p>\n<h3>Conclusion de la livraison de nourriture \u00e0 domicile \u00e0 Arusha<\/h3>\n<p>La livraison de nourriture \u00e0 domicile \u00e0 Arusha vous est avantageuse si vous recherchez la facilit\u00e9 ou un plus grand choix de plats parmi lesquels choisir. Cela vous aiderait \u00e0 lib\u00e9rer du temps si vous \u00eates occup\u00e9 ou si vous vous concentrez sur des choses qui comptent le plus pour vous.<\/p>","protected":false},"excerpt":{"rendered":"<p>Cheap\u00a0Arusha Food Home Delivery Use the best food delivery app Arusha and order food in Arusha from cheap food home delivery Arusha service simple and easy online. Online food delivery in Arusha made easy. After a long, busy day from work, you would want to have a meal which relaxes your hunger. You do not [&hellip;]<\/p>\n","protected":false},"author":1,"featured_media":19299,"parent":0,"menu_order":0,"comment_status":"open","ping_status":"closed","template":"template-home-modern.php","meta":{"footnotes":""},"class_list":["post-11134","page","type-page","status-publish","has-post-thumbnail","hentry"],"yoast_head":"<!-- This site is optimized with the Yoast SEO plugin v27.5 - https:\/\/yoast.com\/product\/yoast-seo-wordpress\/ -->\n<title>Food Delivery Arusha from Nearby Restaurants<\/title>\n<meta name=\"description\" content=\"Looking for online food delivery Arusha from nearby restaurants. Download our food delivery app Arusha and order cheap food home delivery Arusha now\" \/>\n<meta name=\"robots\" content=\"index, follow, max-snippet:-1, max-image-preview:large, max-video-preview:-1\" \/>\n<link rel=\"canonical\" href=\"https:\/\/tiketi.com\/fr-fr\/online-food-delivery-arusha-tz\/\" \/>\n<meta property=\"og:locale\" content=\"fr_FR\" \/>\n<meta property=\"og:type\" content=\"article\" \/>\n<meta property=\"og:title\" content=\"Food Delivery Arusha from Nearby Restaurants\" \/>\n<meta property=\"og:description\" content=\"Looking for online food delivery Arusha from nearby restaurants. Download our food delivery app Arusha and order cheap food home delivery Arusha now\" \/>\n<meta property=\"og:url\" content=\"https:\/\/tiketi.com\/fr-fr\/online-food-delivery-arusha-tz\/\" \/>\n<meta property=\"og:site_name\" content=\"Tiketi.com\" \/>\n<meta property=\"article:publisher\" content=\"https:\/\/www.facebook.com\/TiketiCom\/\" \/>\n<meta property=\"article:modified_time\" content=\"2022-02-13T13:49:23+00:00\" \/>\n<meta property=\"og:image\" content=\"https:\/\/tiketi.com\/wp-content\/uploads\/2022\/02\/delivery-man2-6029429_1280.jpg\" \/>\n\t<meta property=\"og:image:width\" content=\"1200\" \/>\n\t<meta property=\"og:image:height\" content=\"200\" \/>\n\t<meta property=\"og:image:type\" content=\"image\/jpeg\" \/>\n<meta name=\"twitter:card\" content=\"summary_large_image\" \/>\n<meta name=\"twitter:label1\" content=\"Dur\u00e9e de lecture estim\u00e9e\" \/>\n\t<meta name=\"twitter:data1\" content=\"3 minutes\" \/>\n<script type=\"application\/ld+json\" class=\"yoast-schema-graph\">{\"@context\":\"https:\\\/\\\/schema.org\",\"@graph\":[{\"@type\":\"WebPage\",\"@id\":\"https:\\\/\\\/tiketi.com\\\/online-food-delivery-arusha-tz\\\/\",\"url\":\"https:\\\/\\\/tiketi.com\\\/online-food-delivery-arusha-tz\\\/\",\"name\":\"Food Delivery Arusha from Nearby Restaurants\",\"isPartOf\":{\"@id\":\"https:\\\/\\\/tiketi.com\\\/#website\"},\"primaryImageOfPage\":{\"@id\":\"https:\\\/\\\/tiketi.com\\\/online-food-delivery-arusha-tz\\\/#primaryimage\"},\"image\":{\"@id\":\"https:\\\/\\\/tiketi.com\\\/online-food-delivery-arusha-tz\\\/#primaryimage\"},\"thumbnailUrl\":\"https:\\\/\\\/tiketi.com\\\/wp-content\\\/uploads\\\/2022\\\/02\\\/delivery-man2-6029429_1280.jpg\",\"datePublished\":\"2022-01-19T11:54:16+00:00\",\"dateModified\":\"2022-02-13T13:49:23+00:00\",\"description\":\"Looking for online food delivery Arusha from nearby restaurants. Download our food delivery app Arusha and order cheap food home delivery Arusha now\",\"breadcrumb\":{\"@id\":\"https:\\\/\\\/tiketi.com\\\/online-food-delivery-arusha-tz\\\/#breadcrumb\"},\"inLanguage\":\"fr-FR\",\"potentialAction\":[{\"@type\":\"ReadAction\",\"target\":[\"https:\\\/\\\/tiketi.com\\\/online-food-delivery-arusha-tz\\\/\"]}]},{\"@type\":\"ImageObject\",\"inLanguage\":\"fr-FR\",\"@id\":\"https:\\\/\\\/tiketi.com\\\/online-food-delivery-arusha-tz\\\/#primaryimage\",\"url\":\"https:\\\/\\\/tiketi.com\\\/wp-content\\\/uploads\\\/2022\\\/02\\\/delivery-man2-6029429_1280.jpg\",\"contentUrl\":\"https:\\\/\\\/tiketi.com\\\/wp-content\\\/uploads\\\/2022\\\/02\\\/delivery-man2-6029429_1280.jpg\",\"width\":1200,\"height\":200},{\"@type\":\"BreadcrumbList\",\"@id\":\"https:\\\/\\\/tiketi.com\\\/online-food-delivery-arusha-tz\\\/#breadcrumb\",\"itemListElement\":[{\"@type\":\"ListItem\",\"position\":1,\"name\":\"Home\",\"item\":\"https:\\\/\\\/tiketi.com\\\/\"},{\"@type\":\"ListItem\",\"position\":2,\"name\":\"Food Delivery in Arusha from Nearby Restaurants\"}]},{\"@type\":\"WebSite\",\"@id\":\"https:\\\/\\\/tiketi.com\\\/#website\",\"url\":\"https:\\\/\\\/tiketi.com\\\/\",\"name\":\"Flight & Bus Tickets, Tour Packages & Activitites - Tiketi.com\",\"description\":\"Flight &amp; Bus Tickets, Tours, Activitites\",\"publisher\":{\"@id\":\"https:\\\/\\\/tiketi.com\\\/#organization\"},\"potentialAction\":[{\"@type\":\"SearchAction\",\"target\":{\"@type\":\"EntryPoint\",\"urlTemplate\":\"https:\\\/\\\/tiketi.com\\\/?s={search_term_string}\"},\"query-input\":{\"@type\":\"PropertyValueSpecification\",\"valueRequired\":true,\"valueName\":\"search_term_string\"}}],\"inLanguage\":\"fr-FR\"},{\"@type\":\"Organization\",\"@id\":\"https:\\\/\\\/tiketi.com\\\/#organization\",\"name\":\"Tiketi.com\",\"alternateName\":\"Tiketi\",\"url\":\"https:\\\/\\\/tiketi.com\\\/\",\"logo\":{\"@type\":\"ImageObject\",\"inLanguage\":\"fr-FR\",\"@id\":\"https:\\\/\\\/tiketi.com\\\/#\\\/schema\\\/logo\\\/image\\\/\",\"url\":\"https:\\\/\\\/tiketi.com\\\/wp-content\\\/uploads\\\/2019\\\/05\\\/tiketi-logo-696.png\",\"contentUrl\":\"https:\\\/\\\/tiketi.com\\\/wp-content\\\/uploads\\\/2019\\\/05\\\/tiketi-logo-696.png\",\"width\":696,\"height\":696,\"caption\":\"Tiketi.com\"},\"image\":{\"@id\":\"https:\\\/\\\/tiketi.com\\\/#\\\/schema\\\/logo\\\/image\\\/\"},\"sameAs\":[\"https:\\\/\\\/www.facebook.com\\\/TiketiCom\\\/\"]}]}<\/script>\n<!-- \/ Yoast SEO plugin. -->","yoast_head_json":{"title":"Livraison de nourriture \u00e0 Arusha dans les restaurants \u00e0 proximit\u00e9","description":"Vous recherchez une livraison de nourriture en ligne \u00e0 Arusha dans des restaurants \u00e0 proximit\u00e9. T\u00e9l\u00e9chargez notre application de livraison de nourriture Arusha et commandez maintenant de la livraison \u00e0 domicile de nourriture bon march\u00e9 \u00e0 Arusha","robots":{"index":"index","follow":"follow","max-snippet":"max-snippet:-1","max-image-preview":"max-image-preview:large","max-video-preview":"max-video-preview:-1"},"canonical":"https:\/\/tiketi.com\/fr-fr\/online-food-delivery-arusha-tz\/","og_locale":"fr_FR","og_type":"article","og_title":"Food Delivery Arusha from Nearby Restaurants","og_description":"Looking for online food delivery Arusha from nearby restaurants. Download our food delivery app Arusha and order cheap food home delivery Arusha now","og_url":"https:\/\/tiketi.com\/fr-fr\/online-food-delivery-arusha-tz\/","og_site_name":"Tiketi.com","article_publisher":"https:\/\/www.facebook.com\/TiketiCom\/","article_modified_time":"2022-02-13T13:49:23+00:00","og_image":[{"width":1200,"height":200,"url":"https:\/\/tiketi.com\/wp-content\/uploads\/2022\/02\/delivery-man2-6029429_1280.jpg","type":"image\/jpeg"}],"twitter_card":"summary_large_image","twitter_misc":{"Dur\u00e9e de lecture estim\u00e9e":"3 minutes"},"schema":{"@context":"https:\/\/schema.org","@graph":[{"@type":"WebPage","@id":"https:\/\/tiketi.com\/online-food-delivery-arusha-tz\/","url":"https:\/\/tiketi.com\/online-food-delivery-arusha-tz\/","name":"Livraison de nourriture \u00e0 Arusha dans les restaurants \u00e0 proximit\u00e9","isPartOf":{"@id":"https:\/\/tiketi.com\/#website"},"primaryImageOfPage":{"@id":"https:\/\/tiketi.com\/online-food-delivery-arusha-tz\/#primaryimage"},"image":{"@id":"https:\/\/tiketi.com\/online-food-delivery-arusha-tz\/#primaryimage"},"thumbnailUrl":"https:\/\/tiketi.com\/wp-content\/uploads\/2022\/02\/delivery-man2-6029429_1280.jpg","datePublished":"2022-01-19T11:54:16+00:00","dateModified":"2022-02-13T13:49:23+00:00","description":"Vous recherchez une livraison de nourriture en ligne \u00e0 Arusha dans des restaurants \u00e0 proximit\u00e9. T\u00e9l\u00e9chargez notre application de livraison de nourriture Arusha et commandez maintenant de la livraison \u00e0 domicile de nourriture bon march\u00e9 \u00e0 Arusha","breadcrumb":{"@id":"https:\/\/tiketi.com\/online-food-delivery-arusha-tz\/#breadcrumb"},"inLanguage":"fr-FR","potentialAction":[{"@type":"ReadAction","target":["https:\/\/tiketi.com\/online-food-delivery-arusha-tz\/"]}]},{"@type":"ImageObject","inLanguage":"fr-FR","@id":"https:\/\/tiketi.com\/online-food-delivery-arusha-tz\/#primaryimage","url":"https:\/\/tiketi.com\/wp-content\/uploads\/2022\/02\/delivery-man2-6029429_1280.jpg","contentUrl":"https:\/\/tiketi.com\/wp-content\/uploads\/2022\/02\/delivery-man2-6029429_1280.jpg","width":1200,"height":200},{"@type":"BreadcrumbList","@id":"https:\/\/tiketi.com\/online-food-delivery-arusha-tz\/#breadcrumb","itemListElement":[{"@type":"ListItem","position":1,"name":"Home","item":"https:\/\/tiketi.com\/"},{"@type":"ListItem","position":2,"name":"Food Delivery in Arusha from Nearby Restaurants"}]},{"@type":"WebSite","@id":"https:\/\/tiketi.com\/#website","url":"https:\/\/tiketi.com\/","name":"Billets d&#039;avion et de bus, forfaits touristiques et activit\u00e9s - Tiketi.com","description":"Billets d&#039;avion et de bus, Tours, Activit\u00e9s","publisher":{"@id":"https:\/\/tiketi.com\/#organization"},"potentialAction":[{"@type":"SearchAction","target":{"@type":"EntryPoint","urlTemplate":"https:\/\/tiketi.com\/?s={search_term_string}"},"query-input":{"@type":"PropertyValueSpecification","valueRequired":true,"valueName":"search_term_string"}}],"inLanguage":"fr-FR"},{"@type":"Organization","@id":"https:\/\/tiketi.com\/#organization","name":"Tiketi.com","alternateName":"Tiketi","url":"https:\/\/tiketi.com\/","logo":{"@type":"ImageObject","inLanguage":"fr-FR","@id":"https:\/\/tiketi.com\/#\/schema\/logo\/image\/","url":"https:\/\/tiketi.com\/wp-content\/uploads\/2019\/05\/tiketi-logo-696.png","contentUrl":"https:\/\/tiketi.com\/wp-content\/uploads\/2019\/05\/tiketi-logo-696.png","width":696,"height":696,"caption":"Tiketi.com"},"image":{"@id":"https:\/\/tiketi.com\/#\/schema\/logo\/image\/"},"sameAs":["https:\/\/www.facebook.com\/TiketiCom\/"]}]}},"_links":{"self":[{"href":"https:\/\/tiketi.com\/fr-fr\/wp-json\/wp\/v2\/pages\/11134","targetHints":{"allow":["GET"]}}],"collection":[{"href":"https:\/\/tiketi.com\/fr-fr\/wp-json\/wp\/v2\/pages"}],"about":[{"href":"https:\/\/tiketi.com\/fr-fr\/wp-json\/wp\/v2\/types\/page"}],"author":[{"embeddable":true,"href":"https:\/\/tiketi.com\/fr-fr\/wp-json\/wp\/v2\/users\/1"}],"replies":[{"embeddable":true,"href":"https:\/\/tiketi.com\/fr-fr\/wp-json\/wp\/v2\/comments?post=11134"}],"version-history":[{"count":0,"href":"https:\/\/tiketi.com\/fr-fr\/wp-json\/wp\/v2\/pages\/11134\/revisions"}],"wp:featuredmedia":[{"embeddable":true,"href":"https:\/\/tiketi.com\/fr-fr\/wp-json\/wp\/v2\/media\/19299"}],"wp:attachment":[{"href":"https:\/\/tiketi.com\/fr-fr\/wp-json\/wp\/v2\/media?parent=11134"}],"curies":[{"name":"wp","href":"https:\/\/api.w.org\/{rel}","templated":true}]}}