{"id":11136,"date":"2022-01-19T12:54:16","date_gmt":"2022-01-19T11:54:16","guid":{"rendered":"https:\/\/new.tiketi.com\/food-delivery-in-dodoma-from-nearby-restaurants\/"},"modified":"2022-02-13T15:06:42","modified_gmt":"2022-02-13T14:06:42","slug":"online-food-delivery-dodoma-tz","status":"publish","type":"page","link":"https:\/\/tiketi.com\/fr-fr\/online-food-delivery-dodoma-tz\/","title":{"rendered":"Livraison de nourriture \u00e0 Dodoma depuis les restaurants \u00e0 proximit\u00e9"},"content":{"rendered":"<h2>Livraison de nourriture pas ch\u00e8re \u00e0 Dodoma<\/h2>\n<h3>Utilisez la meilleure application de livraison de nourriture Dodoma et commandez de la nourriture \u00e0 Dodoma de mani\u00e8re simple et facile en ligne.<\/h3>\n<p>La livraison de nourriture en ligne \u00e0 Dodoma est facilit\u00e9e. La commande de nourriture en ligne via l&#039;application de livraison de nourriture Dodoma gagne du terrain ces jours-ci. Les consommateurs et les propri\u00e9taires de restaurants profitent tous deux des avantages et les services sont utilis\u00e9s \u00e0 plein r\u00e9gime. Les gens trouvent que c\u2019est le moyen le plus id\u00e9al de commander de la nourriture alors que les restaurateurs le consid\u00e8rent comme un avantage commercial. Les clients le consid\u00e8rent comme le moyen le plus id\u00e9al car ils se font livrer de la nourriture \u00e0 leur porte, sans probl\u00e8me de rester coinc\u00e9 dans les embouteillages, ils continuent de consommer de l&#039;essence ou de l&#039;essence ainsi que des pourboires et du stationnement, et des paiements sans esp\u00e8ces via des cartes de cr\u00e9dit, des services bancaires en ligne. et les cartes de d\u00e9bit sont g\u00e9niales. Comment commander de la nourriture \u00e0 Dodoma en ligne et gagner du temps et de l&#039;argent.<\/p>\n<h2>Avantages de la livraison de nourriture en ligne dans les services de Dodoma<\/h2>\n<h2>Avantages pour la sant\u00e9 de la livraison de nourriture \u00e0 Dodoma<\/h2>\n<p>Croyez-le ou non, la plupart des choix de services de livraison de nourriture Dodoma disponibles peuvent \u00eatre les meilleurs pour votre sant\u00e9. Vous pouvez commander des repas savoureux et adapt\u00e9s \u00e0 votre style de vie. Ces festins faibles en gras, frais et caloriques peuvent vous aider \u00e0 vivre en meilleure sant\u00e9 ou m\u00eame \u00e0 perdre du poids.<\/p>\n<h3>Vari\u00e9t\u00e9<\/h3>\n<p>Si vous commencez \u00e0 faire des recherches sur ce sujet, vous serez choqu\u00e9 de voir combien d&#039;applications de livraison de nourriture Dodoma existent. Vous pouvez tout commander, des l\u00e9gumes, biscuits, g\u00e2teaux, fruits, yaourts aux plats principaux comme les c\u00f4telettes de porc, les lasagnes, les barbecues, les soupes, etc. Avec l\u2019ajout d\u2019aliments exotiques comme la cuisine indienne, la cuisine chinoise ou la cuisine tha\u00eflandaise, la liste devient presque compl\u00e8te \u00e0 100 %. Cette large gamme peut devenir extr\u00eamement relaxante, surtout si vos propres comp\u00e9tences culinaires ne sont pas les meilleures.<\/p>\n<h3>Temps libre<\/h3>\n<p>C\u2019est l\u2019une des principales raisons pour lesquelles la commande de nourriture sur le service en ligne de Dodoma est c\u00e9l\u00e8bre. Mais sans avoir \u00e0 perdre votre temps en cuisine, vous pouvez simplement vous r\u00e9server des heures de travail ennuyeux chaque jour. Je suis s\u00fbr que vous pourriez bien mieux passer votre temps que de lutter pour cuisiner quelque chose dans la cuisine.<\/p>\n<p>Les repas rapides et frais offrent d\u2019excellents min\u00e9raux et des aliments riches en vitamines. Ces types d&#039;articles sont vraiment appr\u00e9ci\u00e9s des patrons pour les offrir \u00e0 leurs employ\u00e9s exceptionnels. Les groupes ou les individus peuvent admirer le travail des autres en cuisine sans avoir \u00e0 le faire.<\/p>\n<h2>Application de livraison de nourriture au bureau Dodoma<\/h2>\n<p>Il existe de nombreux bureaux de livraison de nourriture en ligne \u00e0 Dodoma qui peuvent apporter de la nourriture sous forme congel\u00e9e et fra\u00eeche. Ces services sont utilis\u00e9s par ceux qui essaient de passer des journ\u00e9es de d\u00e9tente. D&#039;autres, comme les lieux de travail, profitent \u00e9galement des services de livraison de pizzas Dodoma<span style=\"font-size: revert; color: initial;\">. Le kilom\u00e9trage joue un r\u00f4le essentiel dans la commande des repas pour une ou plusieurs journ\u00e9es. Certaines entreprises doivent disposer de cong\u00e9lateurs ou de r\u00e9frig\u00e9rateurs pour livrer leurs articles en toute s\u00e9curit\u00e9. Les plats de livraison \u00e0 domicile \u00e0 Dodoma sont le meilleur choix lorsque vous ne voulez pas cuisiner et permettent \u00e0 d&#039;autres de le faire pour vous.<\/span><\/p>","protected":false},"excerpt":{"rendered":"<p>Cheap Dodoma Food Delivery Use the best food delivery app Dodoma and order food in Dodoma simple and easy online. Online food delivery in Dodoma made easy.\u00a0Online food ordering through food delivery app Dodoma is gaining ground these days. Restaurant consumers and owners both are availing the advantages and the services are being used in [&hellip;]<\/p>\n","protected":false},"author":1,"featured_media":19299,"parent":0,"menu_order":0,"comment_status":"open","ping_status":"closed","template":"template-home-modern.php","meta":{"footnotes":""},"class_list":["post-11136","page","type-page","status-publish","has-post-thumbnail","hentry"],"yoast_head":"<!-- This site is optimized with the Yoast SEO plugin v27.5 - https:\/\/yoast.com\/product\/yoast-seo-wordpress\/ -->\n<title>Food Delivery in Dodoma from Nearby Restaurants<\/title>\n<meta name=\"description\" content=\"Looking for online food delivery in Dodoma from nearby restaurants. Download our food delivery app Dodoma and order food online in Dodoma now\" \/>\n<meta name=\"robots\" content=\"index, follow, max-snippet:-1, max-image-preview:large, max-video-preview:-1\" \/>\n<link rel=\"canonical\" href=\"https:\/\/tiketi.com\/fr-fr\/online-food-delivery-dodoma-tz\/\" \/>\n<meta property=\"og:locale\" content=\"fr_FR\" \/>\n<meta property=\"og:type\" content=\"article\" \/>\n<meta property=\"og:title\" content=\"Food Delivery in Dodoma from Nearby Restaurants\" \/>\n<meta property=\"og:description\" content=\"Looking for online food delivery in Dodoma from nearby restaurants. Download our food delivery app Dodoma and order food online in Dodoma now\" \/>\n<meta property=\"og:url\" content=\"https:\/\/tiketi.com\/fr-fr\/online-food-delivery-dodoma-tz\/\" \/>\n<meta property=\"og:site_name\" content=\"Tiketi.com\" \/>\n<meta property=\"article:publisher\" content=\"https:\/\/www.facebook.com\/TiketiCom\/\" \/>\n<meta property=\"article:modified_time\" content=\"2022-02-13T14:06:42+00:00\" \/>\n<meta property=\"og:image\" content=\"https:\/\/tiketi.com\/wp-content\/uploads\/2022\/02\/delivery-man2-6029429_1280.jpg\" \/>\n\t<meta property=\"og:image:width\" content=\"1200\" \/>\n\t<meta property=\"og:image:height\" content=\"200\" \/>\n\t<meta property=\"og:image:type\" content=\"image\/jpeg\" \/>\n<meta name=\"twitter:card\" content=\"summary_large_image\" \/>\n<meta name=\"twitter:label1\" content=\"Dur\u00e9e de lecture estim\u00e9e\" \/>\n\t<meta name=\"twitter:data1\" content=\"3 minutes\" \/>\n<script type=\"application\/ld+json\" class=\"yoast-schema-graph\">{\"@context\":\"https:\\\/\\\/schema.org\",\"@graph\":[{\"@type\":\"WebPage\",\"@id\":\"https:\\\/\\\/tiketi.com\\\/online-food-delivery-dodoma-tz\\\/\",\"url\":\"https:\\\/\\\/tiketi.com\\\/online-food-delivery-dodoma-tz\\\/\",\"name\":\"Food Delivery in Dodoma from Nearby Restaurants\",\"isPartOf\":{\"@id\":\"https:\\\/\\\/tiketi.com\\\/#website\"},\"primaryImageOfPage\":{\"@id\":\"https:\\\/\\\/tiketi.com\\\/online-food-delivery-dodoma-tz\\\/#primaryimage\"},\"image\":{\"@id\":\"https:\\\/\\\/tiketi.com\\\/online-food-delivery-dodoma-tz\\\/#primaryimage\"},\"thumbnailUrl\":\"https:\\\/\\\/tiketi.com\\\/wp-content\\\/uploads\\\/2022\\\/02\\\/delivery-man2-6029429_1280.jpg\",\"datePublished\":\"2022-01-19T11:54:16+00:00\",\"dateModified\":\"2022-02-13T14:06:42+00:00\",\"description\":\"Looking for online food delivery in Dodoma from nearby restaurants. Download our food delivery app Dodoma and order food online in Dodoma now\",\"breadcrumb\":{\"@id\":\"https:\\\/\\\/tiketi.com\\\/online-food-delivery-dodoma-tz\\\/#breadcrumb\"},\"inLanguage\":\"fr-FR\",\"potentialAction\":[{\"@type\":\"ReadAction\",\"target\":[\"https:\\\/\\\/tiketi.com\\\/online-food-delivery-dodoma-tz\\\/\"]}]},{\"@type\":\"ImageObject\",\"inLanguage\":\"fr-FR\",\"@id\":\"https:\\\/\\\/tiketi.com\\\/online-food-delivery-dodoma-tz\\\/#primaryimage\",\"url\":\"https:\\\/\\\/tiketi.com\\\/wp-content\\\/uploads\\\/2022\\\/02\\\/delivery-man2-6029429_1280.jpg\",\"contentUrl\":\"https:\\\/\\\/tiketi.com\\\/wp-content\\\/uploads\\\/2022\\\/02\\\/delivery-man2-6029429_1280.jpg\",\"width\":1200,\"height\":200},{\"@type\":\"BreadcrumbList\",\"@id\":\"https:\\\/\\\/tiketi.com\\\/online-food-delivery-dodoma-tz\\\/#breadcrumb\",\"itemListElement\":[{\"@type\":\"ListItem\",\"position\":1,\"name\":\"Home\",\"item\":\"https:\\\/\\\/tiketi.com\\\/\"},{\"@type\":\"ListItem\",\"position\":2,\"name\":\"Food Delivery in Dodoma from Nearby Restaurants\"}]},{\"@type\":\"WebSite\",\"@id\":\"https:\\\/\\\/tiketi.com\\\/#website\",\"url\":\"https:\\\/\\\/tiketi.com\\\/\",\"name\":\"Flight & Bus Tickets, Tour Packages & Activitites - Tiketi.com\",\"description\":\"Flight &amp; Bus Tickets, Tours, Activitites\",\"publisher\":{\"@id\":\"https:\\\/\\\/tiketi.com\\\/#organization\"},\"potentialAction\":[{\"@type\":\"SearchAction\",\"target\":{\"@type\":\"EntryPoint\",\"urlTemplate\":\"https:\\\/\\\/tiketi.com\\\/?s={search_term_string}\"},\"query-input\":{\"@type\":\"PropertyValueSpecification\",\"valueRequired\":true,\"valueName\":\"search_term_string\"}}],\"inLanguage\":\"fr-FR\"},{\"@type\":\"Organization\",\"@id\":\"https:\\\/\\\/tiketi.com\\\/#organization\",\"name\":\"Tiketi.com\",\"alternateName\":\"Tiketi\",\"url\":\"https:\\\/\\\/tiketi.com\\\/\",\"logo\":{\"@type\":\"ImageObject\",\"inLanguage\":\"fr-FR\",\"@id\":\"https:\\\/\\\/tiketi.com\\\/#\\\/schema\\\/logo\\\/image\\\/\",\"url\":\"https:\\\/\\\/tiketi.com\\\/wp-content\\\/uploads\\\/2019\\\/05\\\/tiketi-logo-696.png\",\"contentUrl\":\"https:\\\/\\\/tiketi.com\\\/wp-content\\\/uploads\\\/2019\\\/05\\\/tiketi-logo-696.png\",\"width\":696,\"height\":696,\"caption\":\"Tiketi.com\"},\"image\":{\"@id\":\"https:\\\/\\\/tiketi.com\\\/#\\\/schema\\\/logo\\\/image\\\/\"},\"sameAs\":[\"https:\\\/\\\/www.facebook.com\\\/TiketiCom\\\/\"]}]}<\/script>\n<!-- \/ Yoast SEO plugin. -->","yoast_head_json":{"title":"Livraison de nourriture \u00e0 Dodoma depuis les restaurants \u00e0 proximit\u00e9","description":"Vous recherchez une livraison de nourriture en ligne \u00e0 Dodoma depuis des restaurants \u00e0 proximit\u00e9. T\u00e9l\u00e9chargez notre application de livraison de nourriture Dodoma et commandez de la nourriture en ligne \u00e0 Dodoma maintenant","robots":{"index":"index","follow":"follow","max-snippet":"max-snippet:-1","max-image-preview":"max-image-preview:large","max-video-preview":"max-video-preview:-1"},"canonical":"https:\/\/tiketi.com\/fr-fr\/online-food-delivery-dodoma-tz\/","og_locale":"fr_FR","og_type":"article","og_title":"Food Delivery in Dodoma from Nearby Restaurants","og_description":"Looking for online food delivery in Dodoma from nearby restaurants. Download our food delivery app Dodoma and order food online in Dodoma now","og_url":"https:\/\/tiketi.com\/fr-fr\/online-food-delivery-dodoma-tz\/","og_site_name":"Tiketi.com","article_publisher":"https:\/\/www.facebook.com\/TiketiCom\/","article_modified_time":"2022-02-13T14:06:42+00:00","og_image":[{"width":1200,"height":200,"url":"https:\/\/tiketi.com\/wp-content\/uploads\/2022\/02\/delivery-man2-6029429_1280.jpg","type":"image\/jpeg"}],"twitter_card":"summary_large_image","twitter_misc":{"Dur\u00e9e de lecture estim\u00e9e":"3 minutes"},"schema":{"@context":"https:\/\/schema.org","@graph":[{"@type":"WebPage","@id":"https:\/\/tiketi.com\/online-food-delivery-dodoma-tz\/","url":"https:\/\/tiketi.com\/online-food-delivery-dodoma-tz\/","name":"Livraison de nourriture \u00e0 Dodoma depuis les restaurants \u00e0 proximit\u00e9","isPartOf":{"@id":"https:\/\/tiketi.com\/#website"},"primaryImageOfPage":{"@id":"https:\/\/tiketi.com\/online-food-delivery-dodoma-tz\/#primaryimage"},"image":{"@id":"https:\/\/tiketi.com\/online-food-delivery-dodoma-tz\/#primaryimage"},"thumbnailUrl":"https:\/\/tiketi.com\/wp-content\/uploads\/2022\/02\/delivery-man2-6029429_1280.jpg","datePublished":"2022-01-19T11:54:16+00:00","dateModified":"2022-02-13T14:06:42+00:00","description":"Vous recherchez une livraison de nourriture en ligne \u00e0 Dodoma depuis des restaurants \u00e0 proximit\u00e9. T\u00e9l\u00e9chargez notre application de livraison de nourriture Dodoma et commandez de la nourriture en ligne \u00e0 Dodoma maintenant","breadcrumb":{"@id":"https:\/\/tiketi.com\/online-food-delivery-dodoma-tz\/#breadcrumb"},"inLanguage":"fr-FR","potentialAction":[{"@type":"ReadAction","target":["https:\/\/tiketi.com\/online-food-delivery-dodoma-tz\/"]}]},{"@type":"ImageObject","inLanguage":"fr-FR","@id":"https:\/\/tiketi.com\/online-food-delivery-dodoma-tz\/#primaryimage","url":"https:\/\/tiketi.com\/wp-content\/uploads\/2022\/02\/delivery-man2-6029429_1280.jpg","contentUrl":"https:\/\/tiketi.com\/wp-content\/uploads\/2022\/02\/delivery-man2-6029429_1280.jpg","width":1200,"height":200},{"@type":"BreadcrumbList","@id":"https:\/\/tiketi.com\/online-food-delivery-dodoma-tz\/#breadcrumb","itemListElement":[{"@type":"ListItem","position":1,"name":"Home","item":"https:\/\/tiketi.com\/"},{"@type":"ListItem","position":2,"name":"Food Delivery in Dodoma from Nearby Restaurants"}]},{"@type":"WebSite","@id":"https:\/\/tiketi.com\/#website","url":"https:\/\/tiketi.com\/","name":"Billets d&#039;avion et de bus, forfaits touristiques et activit\u00e9s - Tiketi.com","description":"Billets d&#039;avion et de bus, Tours, Activit\u00e9s","publisher":{"@id":"https:\/\/tiketi.com\/#organization"},"potentialAction":[{"@type":"SearchAction","target":{"@type":"EntryPoint","urlTemplate":"https:\/\/tiketi.com\/?s={search_term_string}"},"query-input":{"@type":"PropertyValueSpecification","valueRequired":true,"valueName":"search_term_string"}}],"inLanguage":"fr-FR"},{"@type":"Organization","@id":"https:\/\/tiketi.com\/#organization","name":"Tiketi.com","alternateName":"Tiketi","url":"https:\/\/tiketi.com\/","logo":{"@type":"ImageObject","inLanguage":"fr-FR","@id":"https:\/\/tiketi.com\/#\/schema\/logo\/image\/","url":"https:\/\/tiketi.com\/wp-content\/uploads\/2019\/05\/tiketi-logo-696.png","contentUrl":"https:\/\/tiketi.com\/wp-content\/uploads\/2019\/05\/tiketi-logo-696.png","width":696,"height":696,"caption":"Tiketi.com"},"image":{"@id":"https:\/\/tiketi.com\/#\/schema\/logo\/image\/"},"sameAs":["https:\/\/www.facebook.com\/TiketiCom\/"]}]}},"_links":{"self":[{"href":"https:\/\/tiketi.com\/fr-fr\/wp-json\/wp\/v2\/pages\/11136","targetHints":{"allow":["GET"]}}],"collection":[{"href":"https:\/\/tiketi.com\/fr-fr\/wp-json\/wp\/v2\/pages"}],"about":[{"href":"https:\/\/tiketi.com\/fr-fr\/wp-json\/wp\/v2\/types\/page"}],"author":[{"embeddable":true,"href":"https:\/\/tiketi.com\/fr-fr\/wp-json\/wp\/v2\/users\/1"}],"replies":[{"embeddable":true,"href":"https:\/\/tiketi.com\/fr-fr\/wp-json\/wp\/v2\/comments?post=11136"}],"version-history":[{"count":0,"href":"https:\/\/tiketi.com\/fr-fr\/wp-json\/wp\/v2\/pages\/11136\/revisions"}],"wp:featuredmedia":[{"embeddable":true,"href":"https:\/\/tiketi.com\/fr-fr\/wp-json\/wp\/v2\/media\/19299"}],"wp:attachment":[{"href":"https:\/\/tiketi.com\/fr-fr\/wp-json\/wp\/v2\/media?parent=11136"}],"curies":[{"name":"wp","href":"https:\/\/api.w.org\/{rel}","templated":true}]}}