{"id":11137,"date":"2022-01-19T12:54:16","date_gmt":"2022-01-19T11:54:16","guid":{"rendered":"https:\/\/new.tiketi.com\/online-food-delivery-in-mombasa-from-nearby-restaurants\/"},"modified":"2022-02-18T12:09:53","modified_gmt":"2022-02-18T11:09:53","slug":"online-food-delivery-mombasa-kenya","status":"publish","type":"page","link":"https:\/\/tiketi.com\/fr-fr\/online-food-delivery-mombasa-kenya\/","title":{"rendered":"Livraison de nourriture \u00e0 Mombasa - Commandez de la nourriture en ligne pr\u00e8s de chez moi"},"content":{"rendered":"<h2>Services de livraison de nourriture bon march\u00e9 \u00e0 Mombasa<\/h2>\n<h3>Utilisez la meilleure application de livraison de nourriture Mombasa et commandez de la nourriture \u00e0 Mombasa \u00e0 partir de services de livraison de nourriture bon march\u00e9 \u00e0 Mombasa, simples et faciles en ligne.<\/h3>\n<p>La livraison de nourriture en ligne \u00e0 Mombasa \u00e0 partir de restaurants \u00e0 proximit\u00e9 est simplifi\u00e9e. De nos jours, les gens sont tellement occup\u00e9s qu&#039;ils n&#039;ont pas le temps de sortir de chez eux et d&#039;acheter la nourriture qu&#039;ils aiment. Si vous \u00eates \u00e9galement une personne occup\u00e9e, vous n&#039;aurez peut-\u00eatre pas suffisamment de temps pour quitter votre domicile ou votre bureau pour acheter votre nourriture pr\u00e9f\u00e9r\u00e9e au magasin \u00e0 proximit\u00e9. Alors, quelle est la solution \u00e0 ce probl\u00e8me ? Un moyen simple de r\u00e9soudre ce probl\u00e8me consiste \u00e0 utiliser les services d&#039;un service de livraison de nourriture en ligne \u00e0 Mombasa ou d&#039;une application de livraison de nourriture \u00e0 Mombasa.<\/p>\n<h2>Dans cette page, nous allons parler des avantages d&#039;utiliser une livraison de nourriture en ligne \u00e0 Mombasa<\/h2>\n<h3>Application de livraison de nourriture Mombasa facilit\u00e9 d&#039;acc\u00e8s<\/h3>\n<p>Avec un service de livraison de nourriture en ligne \u00e0 Mombasa, le principal avantage dont vous pouvez profiter est de choisir parmi toute une gamme d&#039;aliments. Vous pouvez consulter leurs menus Internet pour conna\u00eetre le type d&#039;aliments qu&#039;ils proposent et livrent en ligne. Par exemple, vous pouvez choisir parmi les g\u00e2teaux, les granit\u00e9s, la restauration rapide, les l\u00e9gumes, pour n&#039;en nommer que quelques-uns.<\/p>\n<p>Tout ce que vous avez \u00e0 faire est de choisir parmi vos aliments pr\u00e9f\u00e9r\u00e9s, puis de passer votre commande. Votre article n\u00e9cessaire vous sera exp\u00e9di\u00e9 en quelques minutes.<\/p>\n<h3>Commander de la nourriture \u00e0 Mombasa pour r\u00e9duire les probl\u00e8mes de sant\u00e9<\/h3>\n<p>Les gens ont parfois tendance \u00e0 s&#039;inqui\u00e9ter de la qualit\u00e9 de la nourriture fournie par ces livraisons de nourriture en ligne chinoises \u00e0 Mombasa. Certaines personnes consid\u00e8rent la norme comme \u00e9tant positive, tandis que d&#039;autres la consid\u00e8rent comme n\u00e9gative. Malgr\u00e9 les opinions diff\u00e9rentes, la r\u00e9alit\u00e9 est que les choix de l&#039;application de livraison de nourriture Mombasa fournissent la nourriture qui est la meilleure pour notre sant\u00e9. Ces livraisons sont nouvelles et conservent peu de mati\u00e8res grasses. Ils n&#039;affecteraient en aucun cas votre style de vie en forme. En commandant de la nourriture livr\u00e9e \u00e0 domicile \u00e0 Mombasa, vous ne pouvez que b\u00e9n\u00e9ficier d&#039;avantages en forme.<\/p>\n<h3>Les services de livraison de nourriture \u00e0 Mombasa permettent de r\u00e9duire les co\u00fbts<\/h3>\n<p>Commander de la nourriture \u00e0 Mombasa peut vous faire \u00e9conomiser beaucoup d&#039;argent et de temps. La raison en est que vous ne correspondriez pas \u00e0 vous asseoir dans votre voiture et \u00e0 vous rendre au restaurant. En cons\u00e9quence, vous pouvez conserver beaucoup de temps, d&#039;argent et d&#039;efforts. Apr\u00e8s tout, il en co\u00fbte de l&#039;argent pour acheter de l&#039;essence et cela co\u00fbte beaucoup de temps et d&#039;efforts pour voyager.<\/p>\n<p>C&#039;est donc une id\u00e9e remarquable de commander votre nourriture en ligne et d&#039;utiliser les services d&#039;un service de livraison de nourriture en ligne. Vous pouvez passer votre commande de nourriture \u00e0 Mombasa dans le confort de votre maison tant que vous \u00eates connect\u00e9 au monde en ligne. Alternativement, vous pouvez passer votre commande par t\u00e9l\u00e9phone. Une fois votre commande de nourriture \u00e0 Mombasa v\u00e9rifi\u00e9e, vous aurez votre article pr\u00e9f\u00e9r\u00e9 entre vos mains en quelques minutes.<\/p>","protected":false},"excerpt":{"rendered":"<p>Cheap Food Delivery Services in Mombasa Use the best food delivery app Mombasa and order food in Mombasa from cheap food delivery services in Mombasa simple and easy online. Online food delivery in Mombasa from nearby restaurants made easy. Nowadays, people are so busy that they do not have the time to get out of [&hellip;]<\/p>\n","protected":false},"author":1,"featured_media":19299,"parent":0,"menu_order":0,"comment_status":"open","ping_status":"closed","template":"template-home-modern.php","meta":{"footnotes":""},"class_list":["post-11137","page","type-page","status-publish","has-post-thumbnail","hentry"],"yoast_head":"<!-- This site is optimized with the Yoast SEO plugin v27.3 - https:\/\/yoast.com\/product\/yoast-seo-wordpress\/ -->\n<title>Food Delivery in Mombasa - Order Food Online Near Me<\/title>\n<meta name=\"description\" content=\"Online food delivery in Mombasa from your favorite restaurants. Use the best food delivery app in Mombasa and order food in Mombasa from cheap food delivery service\" \/>\n<meta name=\"robots\" content=\"index, follow, max-snippet:-1, max-image-preview:large, max-video-preview:-1\" \/>\n<link rel=\"canonical\" href=\"https:\/\/tiketi.com\/fr-fr\/online-food-delivery-mombasa-kenya\/\" \/>\n<meta property=\"og:locale\" content=\"fr_FR\" \/>\n<meta property=\"og:type\" content=\"article\" \/>\n<meta property=\"og:title\" content=\"Food Delivery in Mombasa - Order Food Online Near Me\" \/>\n<meta property=\"og:description\" content=\"Online food delivery in Mombasa from your favorite restaurants. Use the best food delivery app in Mombasa and order food in Mombasa from cheap food delivery service\" \/>\n<meta property=\"og:url\" content=\"https:\/\/tiketi.com\/fr-fr\/online-food-delivery-mombasa-kenya\/\" \/>\n<meta property=\"og:site_name\" content=\"Tiketi.com\" \/>\n<meta property=\"article:publisher\" content=\"https:\/\/www.facebook.com\/TiketiCom\/\" \/>\n<meta property=\"article:modified_time\" content=\"2022-02-18T11:09:53+00:00\" \/>\n<meta property=\"og:image\" content=\"https:\/\/tiketi.com\/wp-content\/uploads\/2022\/02\/delivery-man2-6029429_1280.jpg\" \/>\n\t<meta property=\"og:image:width\" content=\"1200\" \/>\n\t<meta property=\"og:image:height\" content=\"200\" \/>\n\t<meta property=\"og:image:type\" content=\"image\/jpeg\" \/>\n<meta name=\"twitter:card\" content=\"summary_large_image\" \/>\n<meta name=\"twitter:label1\" content=\"Dur\u00e9e de lecture estim\u00e9e\" \/>\n\t<meta name=\"twitter:data1\" content=\"3 minutes\" \/>\n<script type=\"application\/ld+json\" class=\"yoast-schema-graph\">{\"@context\":\"https:\\\/\\\/schema.org\",\"@graph\":[{\"@type\":\"WebPage\",\"@id\":\"https:\\\/\\\/tiketi.com\\\/online-food-delivery-mombasa-kenya\\\/\",\"url\":\"https:\\\/\\\/tiketi.com\\\/online-food-delivery-mombasa-kenya\\\/\",\"name\":\"Food Delivery in Mombasa - Order Food Online Near Me\",\"isPartOf\":{\"@id\":\"https:\\\/\\\/tiketi.com\\\/#website\"},\"primaryImageOfPage\":{\"@id\":\"https:\\\/\\\/tiketi.com\\\/online-food-delivery-mombasa-kenya\\\/#primaryimage\"},\"image\":{\"@id\":\"https:\\\/\\\/tiketi.com\\\/online-food-delivery-mombasa-kenya\\\/#primaryimage\"},\"thumbnailUrl\":\"https:\\\/\\\/tiketi.com\\\/wp-content\\\/uploads\\\/2022\\\/02\\\/delivery-man2-6029429_1280.jpg\",\"datePublished\":\"2022-01-19T11:54:16+00:00\",\"dateModified\":\"2022-02-18T11:09:53+00:00\",\"description\":\"Online food delivery in Mombasa from your favorite restaurants. Use the best food delivery app in Mombasa and order food in Mombasa from cheap food delivery service\",\"breadcrumb\":{\"@id\":\"https:\\\/\\\/tiketi.com\\\/online-food-delivery-mombasa-kenya\\\/#breadcrumb\"},\"inLanguage\":\"fr-FR\",\"potentialAction\":[{\"@type\":\"ReadAction\",\"target\":[\"https:\\\/\\\/tiketi.com\\\/online-food-delivery-mombasa-kenya\\\/\"]}]},{\"@type\":\"ImageObject\",\"inLanguage\":\"fr-FR\",\"@id\":\"https:\\\/\\\/tiketi.com\\\/online-food-delivery-mombasa-kenya\\\/#primaryimage\",\"url\":\"https:\\\/\\\/tiketi.com\\\/wp-content\\\/uploads\\\/2022\\\/02\\\/delivery-man2-6029429_1280.jpg\",\"contentUrl\":\"https:\\\/\\\/tiketi.com\\\/wp-content\\\/uploads\\\/2022\\\/02\\\/delivery-man2-6029429_1280.jpg\",\"width\":1200,\"height\":200},{\"@type\":\"BreadcrumbList\",\"@id\":\"https:\\\/\\\/tiketi.com\\\/online-food-delivery-mombasa-kenya\\\/#breadcrumb\",\"itemListElement\":[{\"@type\":\"ListItem\",\"position\":1,\"name\":\"Home\",\"item\":\"https:\\\/\\\/tiketi.com\\\/\"},{\"@type\":\"ListItem\",\"position\":2,\"name\":\"Food Delivery in Mombasa &#8211; Order Food Online Near Me\"}]},{\"@type\":\"WebSite\",\"@id\":\"https:\\\/\\\/tiketi.com\\\/#website\",\"url\":\"https:\\\/\\\/tiketi.com\\\/\",\"name\":\"Flight & Bus Tickets, Tour Packages & Activitites - Tiketi.com\",\"description\":\"Flight &amp; Bus Tickets, Tours, Activitites\",\"publisher\":{\"@id\":\"https:\\\/\\\/tiketi.com\\\/#organization\"},\"potentialAction\":[{\"@type\":\"SearchAction\",\"target\":{\"@type\":\"EntryPoint\",\"urlTemplate\":\"https:\\\/\\\/tiketi.com\\\/?s={search_term_string}\"},\"query-input\":{\"@type\":\"PropertyValueSpecification\",\"valueRequired\":true,\"valueName\":\"search_term_string\"}}],\"inLanguage\":\"fr-FR\"},{\"@type\":\"Organization\",\"@id\":\"https:\\\/\\\/tiketi.com\\\/#organization\",\"name\":\"Tiketi.com\",\"alternateName\":\"Tiketi\",\"url\":\"https:\\\/\\\/tiketi.com\\\/\",\"logo\":{\"@type\":\"ImageObject\",\"inLanguage\":\"fr-FR\",\"@id\":\"https:\\\/\\\/tiketi.com\\\/#\\\/schema\\\/logo\\\/image\\\/\",\"url\":\"https:\\\/\\\/tiketi.com\\\/wp-content\\\/uploads\\\/2019\\\/05\\\/tiketi-logo-696.png\",\"contentUrl\":\"https:\\\/\\\/tiketi.com\\\/wp-content\\\/uploads\\\/2019\\\/05\\\/tiketi-logo-696.png\",\"width\":696,\"height\":696,\"caption\":\"Tiketi.com\"},\"image\":{\"@id\":\"https:\\\/\\\/tiketi.com\\\/#\\\/schema\\\/logo\\\/image\\\/\"},\"sameAs\":[\"https:\\\/\\\/www.facebook.com\\\/TiketiCom\\\/\"]}]}<\/script>\n<!-- \/ Yoast SEO plugin. -->","yoast_head_json":{"title":"Livraison de repas \u00e0 Mombasa - Commandez de la nourriture en ligne pr\u00e8s de chez moi","description":"Livraison de nourriture en ligne \u00e0 Mombasa depuis vos restaurants pr\u00e9f\u00e9r\u00e9s. Utilisez la meilleure application de livraison de nourriture \u00e0 Mombasa et commandez de la nourriture \u00e0 Mombasa \u00e0 partir d&#039;un service de livraison de nourriture bon march\u00e9","robots":{"index":"index","follow":"follow","max-snippet":"max-snippet:-1","max-image-preview":"max-image-preview:large","max-video-preview":"max-video-preview:-1"},"canonical":"https:\/\/tiketi.com\/fr-fr\/online-food-delivery-mombasa-kenya\/","og_locale":"fr_FR","og_type":"article","og_title":"Food Delivery in Mombasa - Order Food Online Near Me","og_description":"Online food delivery in Mombasa from your favorite restaurants. Use the best food delivery app in Mombasa and order food in Mombasa from cheap food delivery service","og_url":"https:\/\/tiketi.com\/fr-fr\/online-food-delivery-mombasa-kenya\/","og_site_name":"Tiketi.com","article_publisher":"https:\/\/www.facebook.com\/TiketiCom\/","article_modified_time":"2022-02-18T11:09:53+00:00","og_image":[{"width":1200,"height":200,"url":"https:\/\/tiketi.com\/wp-content\/uploads\/2022\/02\/delivery-man2-6029429_1280.jpg","type":"image\/jpeg"}],"twitter_card":"summary_large_image","twitter_misc":{"Dur\u00e9e de lecture estim\u00e9e":"3 minutes"},"schema":{"@context":"https:\/\/schema.org","@graph":[{"@type":"WebPage","@id":"https:\/\/tiketi.com\/online-food-delivery-mombasa-kenya\/","url":"https:\/\/tiketi.com\/online-food-delivery-mombasa-kenya\/","name":"Livraison de repas \u00e0 Mombasa - Commandez de la nourriture en ligne pr\u00e8s de chez moi","isPartOf":{"@id":"https:\/\/tiketi.com\/#website"},"primaryImageOfPage":{"@id":"https:\/\/tiketi.com\/online-food-delivery-mombasa-kenya\/#primaryimage"},"image":{"@id":"https:\/\/tiketi.com\/online-food-delivery-mombasa-kenya\/#primaryimage"},"thumbnailUrl":"https:\/\/tiketi.com\/wp-content\/uploads\/2022\/02\/delivery-man2-6029429_1280.jpg","datePublished":"2022-01-19T11:54:16+00:00","dateModified":"2022-02-18T11:09:53+00:00","description":"Livraison de nourriture en ligne \u00e0 Mombasa depuis vos restaurants pr\u00e9f\u00e9r\u00e9s. Utilisez la meilleure application de livraison de nourriture \u00e0 Mombasa et commandez de la nourriture \u00e0 Mombasa \u00e0 partir d&#039;un service de livraison de nourriture bon march\u00e9","breadcrumb":{"@id":"https:\/\/tiketi.com\/online-food-delivery-mombasa-kenya\/#breadcrumb"},"inLanguage":"fr-FR","potentialAction":[{"@type":"ReadAction","target":["https:\/\/tiketi.com\/online-food-delivery-mombasa-kenya\/"]}]},{"@type":"ImageObject","inLanguage":"fr-FR","@id":"https:\/\/tiketi.com\/online-food-delivery-mombasa-kenya\/#primaryimage","url":"https:\/\/tiketi.com\/wp-content\/uploads\/2022\/02\/delivery-man2-6029429_1280.jpg","contentUrl":"https:\/\/tiketi.com\/wp-content\/uploads\/2022\/02\/delivery-man2-6029429_1280.jpg","width":1200,"height":200},{"@type":"BreadcrumbList","@id":"https:\/\/tiketi.com\/online-food-delivery-mombasa-kenya\/#breadcrumb","itemListElement":[{"@type":"ListItem","position":1,"name":"Home","item":"https:\/\/tiketi.com\/"},{"@type":"ListItem","position":2,"name":"Food Delivery in Mombasa &#8211; Order Food Online Near Me"}]},{"@type":"WebSite","@id":"https:\/\/tiketi.com\/#website","url":"https:\/\/tiketi.com\/","name":"Billets d&#039;avion et de bus, forfaits touristiques et activit\u00e9s - Tiketi.com","description":"Billets d&#039;avion et de bus, Tours, Activit\u00e9s","publisher":{"@id":"https:\/\/tiketi.com\/#organization"},"potentialAction":[{"@type":"SearchAction","target":{"@type":"EntryPoint","urlTemplate":"https:\/\/tiketi.com\/?s={search_term_string}"},"query-input":{"@type":"PropertyValueSpecification","valueRequired":true,"valueName":"search_term_string"}}],"inLanguage":"fr-FR"},{"@type":"Organization","@id":"https:\/\/tiketi.com\/#organization","name":"Tiketi.com","alternateName":"Tiketi","url":"https:\/\/tiketi.com\/","logo":{"@type":"ImageObject","inLanguage":"fr-FR","@id":"https:\/\/tiketi.com\/#\/schema\/logo\/image\/","url":"https:\/\/tiketi.com\/wp-content\/uploads\/2019\/05\/tiketi-logo-696.png","contentUrl":"https:\/\/tiketi.com\/wp-content\/uploads\/2019\/05\/tiketi-logo-696.png","width":696,"height":696,"caption":"Tiketi.com"},"image":{"@id":"https:\/\/tiketi.com\/#\/schema\/logo\/image\/"},"sameAs":["https:\/\/www.facebook.com\/TiketiCom\/"]}]}},"_links":{"self":[{"href":"https:\/\/tiketi.com\/fr-fr\/wp-json\/wp\/v2\/pages\/11137","targetHints":{"allow":["GET"]}}],"collection":[{"href":"https:\/\/tiketi.com\/fr-fr\/wp-json\/wp\/v2\/pages"}],"about":[{"href":"https:\/\/tiketi.com\/fr-fr\/wp-json\/wp\/v2\/types\/page"}],"author":[{"embeddable":true,"href":"https:\/\/tiketi.com\/fr-fr\/wp-json\/wp\/v2\/users\/1"}],"replies":[{"embeddable":true,"href":"https:\/\/tiketi.com\/fr-fr\/wp-json\/wp\/v2\/comments?post=11137"}],"version-history":[{"count":0,"href":"https:\/\/tiketi.com\/fr-fr\/wp-json\/wp\/v2\/pages\/11137\/revisions"}],"wp:featuredmedia":[{"embeddable":true,"href":"https:\/\/tiketi.com\/fr-fr\/wp-json\/wp\/v2\/media\/19299"}],"wp:attachment":[{"href":"https:\/\/tiketi.com\/fr-fr\/wp-json\/wp\/v2\/media?parent=11137"}],"curies":[{"name":"wp","href":"https:\/\/api.w.org\/{rel}","templated":true}]}}