{"id":11138,"date":"2022-01-19T12:54:16","date_gmt":"2022-01-19T11:54:16","guid":{"rendered":"https:\/\/new.tiketi.com\/online-food-delivery-harare-from-nearby-restaurants\/"},"modified":"2022-02-18T11:43:57","modified_gmt":"2022-02-18T10:43:57","slug":"online-food-delivery-harare-zm","status":"publish","type":"page","link":"https:\/\/tiketi.com\/fr-fr\/online-food-delivery-harare-zm\/","title":{"rendered":"Livraison de nourriture \u00e0 Harare - Commandez de la nourriture en ligne pr\u00e8s de chez moi"},"content":{"rendered":"<h2>Service de livraison de nourriture bon march\u00e9 Harare<\/h2>\n<h3>Utilisez la meilleure application de livraison de nourriture Harare et commandez de la nourriture en ligne \u00e0 Harare \u00e0 partir de services de livraison de nourriture bon march\u00e9 \u00e0 Harare simples et faciles.<\/h3>\n<p>La livraison de nourriture en ligne \u00e0 Harare \u00e0 partir de restaurants \u00e0 proximit\u00e9 est simplifi\u00e9e. De nos jours, la plupart des gens sont tellement occup\u00e9s qu&#039;ils n&#039;ont peut-\u00eatre pas le temps de sortir de chez eux et d&#039;acheter les aliments qu&#039;ils appr\u00e9cient. Quel est le rem\u00e8de \u00e0 ce probl\u00e8me ? Un moyen simple consiste \u00e0 utiliser l&#039;assistance des services de livraison de nourriture en ligne \u00e0 Harare ou \u00e0 t\u00e9l\u00e9charger une application de livraison de nourriture \u00e0 Harare. Comment commander de la nourriture en ligne \u00e0 Harare et gagner du temps et de l&#039;argent.<\/p>\n<h2>Dans ce guide, nous allons probablement passer en revue les avantages de la livraison de repas en ligne \u00e0 Harare<\/h2>\n<p>Il y a des avantages \u00e0 commander des produits alimentaires sur le monde en ligne. Sans plus tarder, examinons quelques avantages de l&#039;achat de produits alimentaires sur Internet.<\/p>\n<h3>Commander de la nourriture en ligne \u00e0 Harare permet d&#039;\u00e9conomiser de l&#039;argent<\/h3>\n<p>Les services de livraison de nourriture \u00e0 Harare peuvent vous faire gagner beaucoup de temps et d&#039;argent. La principale raison est que vous n&#039;auriez pas besoin de vous asseoir dans votre v\u00e9hicule et d&#039;aller au restaurant. Pour cette raison, vous pouvez vous garder beaucoup d&#039;efforts, d&#039;argent et de temps. Il en co\u00fbte de l&#039;argent pour acheter de l&#039;essence et n\u00e9cessite beaucoup d&#039;efforts et de temps pour se d\u00e9placer.<\/p>\n<p>Ceci, c&#039;est une id\u00e9e remarquable d&#039;acheter vos repas en ligne et d&#039;utiliser l&#039;aide de <strong>commande <\/strong>livraison de nourriture Harare. Vous pouvez passer votre commande dans le confort de votre maison via un ordinateur portable ou un t\u00e9l\u00e9phone. Vos repas seront livr\u00e9s \u00e0 votre bureau ou \u00e0 votre porte d\u00e8s que votre achat sera v\u00e9rifi\u00e9.<\/p>\n<h3>Les services de livraison de nourriture en ligne \u00e0 Harare vous permettent d&#039;essayer de nouveaux endroits<\/h3>\n<p>Vous pouvez choisir parmi de nombreuses options en ce qui concerne les restaurants et la nourriture. Les menus en ligne sont simples \u00e0 comprendre, ce qui permet aux utilisateurs de passer plus facilement leurs commandes. De cette fa\u00e7on, vous pouvez d\u00e9couvrir les cuisines de divers h\u00f4tels sans vous rendre dans chacun d&#039;eux. Cela peut garder beaucoup de temps et d&#039;\u00e9nergie.<\/p>\n<h3>Facile \u00e0 commander via la meilleure application de livraison de nourriture Harare<\/h3>\n<p>Avec une application de livraison de nourriture sur Internet Harare, l&#039;avantage initial dont vous pouvez profiter serait de choisir parmi toute une collection de repas. Vous pouvez consulter leurs menus pour conna\u00eetre le type de repas qu&#039;ils livrent. Tout ce que vous avez \u00e0 faire est de choisir (exemple : chinois) et de commander de la nourriture en ligne \u00e0 Harare. Votre nourriture vous sera ensuite envoy\u00e9e.<\/p>\n<h3>Grosses commandes<\/h3>\n<p>Avec l&#039;aide des commandes de livraison de nourriture en ligne 24 heures sur 24 \u00e0 Harare, vous avez la possibilit\u00e9 de passer de grosses commandes sans risque d&#039;erreur. Placer des services de livraison de nourriture en ligne dans la commande de Harare offre aux clients la possibilit\u00e9 de passer de grosses commandes sans risque d&#039;erreur puisque la commande trait\u00e9e est automatis\u00e9e.<\/p>\n<h3>R\u00e9ponses d\u00e9montr\u00e9es<\/h3>\n<p>Fournir la possibilit\u00e9 de passer des commandes de nourriture via Internet donne aux clients la possibilit\u00e9 de revenir pour plus. Non seulement le nombre de clients r\u00e9guliers augmente, mais aussi le nombre de nouveaux clients.<\/p>","protected":false},"excerpt":{"rendered":"<p>Cheap Food Delivery Service\u00a0Harare Use the best food delivery app Harare and order food online in Harare\u00a0from cheap food delivery services in Harare simple and easy. Online food delivery in Harare from nearby restaurants made easy. Nowadays, most people are so busy they may have no time to leave their homes and buy the foods [&hellip;]<\/p>\n","protected":false},"author":1,"featured_media":19299,"parent":0,"menu_order":0,"comment_status":"open","ping_status":"closed","template":"template-home-modern.php","meta":{"footnotes":""},"class_list":["post-11138","page","type-page","status-publish","has-post-thumbnail","hentry"],"yoast_head":"<!-- This site is optimized with the Yoast SEO plugin v27.3 - https:\/\/yoast.com\/product\/yoast-seo-wordpress\/ -->\n<title>Food Delivery in Harare - Order Food Online - Nearby Restaurants<\/title>\n<meta name=\"description\" content=\"Online food delivery in Harare from your favorite restaurants. Use the best food delivery app in Harare and order food in Harare from cheap food delivery service\" \/>\n<meta name=\"robots\" content=\"index, follow, max-snippet:-1, max-image-preview:large, max-video-preview:-1\" \/>\n<link rel=\"canonical\" href=\"https:\/\/tiketi.com\/fr-fr\/online-food-delivery-harare-zm\/\" \/>\n<meta property=\"og:locale\" content=\"fr_FR\" \/>\n<meta property=\"og:type\" content=\"article\" \/>\n<meta property=\"og:title\" content=\"Food Delivery in Harare - Order Food Online - Nearby Restaurants\" \/>\n<meta property=\"og:description\" content=\"Online food delivery in Harare from your favorite restaurants. Use the best food delivery app in Harare and order food in Harare from cheap food delivery service\" \/>\n<meta property=\"og:url\" content=\"https:\/\/tiketi.com\/fr-fr\/online-food-delivery-harare-zm\/\" \/>\n<meta property=\"og:site_name\" content=\"Tiketi.com\" \/>\n<meta property=\"article:publisher\" content=\"https:\/\/www.facebook.com\/TiketiCom\/\" \/>\n<meta property=\"article:modified_time\" content=\"2022-02-18T10:43:57+00:00\" \/>\n<meta property=\"og:image\" content=\"https:\/\/tiketi.com\/wp-content\/uploads\/2022\/02\/delivery-man2-6029429_1280.jpg\" \/>\n\t<meta property=\"og:image:width\" content=\"1200\" \/>\n\t<meta property=\"og:image:height\" content=\"200\" \/>\n\t<meta property=\"og:image:type\" content=\"image\/jpeg\" \/>\n<meta name=\"twitter:card\" content=\"summary_large_image\" \/>\n<meta name=\"twitter:label1\" content=\"Dur\u00e9e de lecture estim\u00e9e\" \/>\n\t<meta name=\"twitter:data1\" content=\"3 minutes\" \/>\n<script type=\"application\/ld+json\" class=\"yoast-schema-graph\">{\"@context\":\"https:\\\/\\\/schema.org\",\"@graph\":[{\"@type\":\"WebPage\",\"@id\":\"https:\\\/\\\/tiketi.com\\\/fr-fr\\\/online-food-delivery-harare-zm\\\/\",\"url\":\"https:\\\/\\\/tiketi.com\\\/fr-fr\\\/online-food-delivery-harare-zm\\\/\",\"name\":\"Food Delivery in Harare - Order Food Online - Nearby Restaurants\",\"isPartOf\":{\"@id\":\"https:\\\/\\\/tiketi.com\\\/#website\"},\"primaryImageOfPage\":{\"@id\":\"https:\\\/\\\/tiketi.com\\\/fr-fr\\\/online-food-delivery-harare-zm\\\/#primaryimage\"},\"image\":{\"@id\":\"https:\\\/\\\/tiketi.com\\\/fr-fr\\\/online-food-delivery-harare-zm\\\/#primaryimage\"},\"thumbnailUrl\":\"https:\\\/\\\/tiketi.com\\\/wp-content\\\/uploads\\\/2022\\\/02\\\/delivery-man2-6029429_1280.jpg\",\"datePublished\":\"2022-01-19T11:54:16+00:00\",\"dateModified\":\"2022-02-18T10:43:57+00:00\",\"description\":\"Online food delivery in Harare from your favorite restaurants. Use the best food delivery app in Harare and order food in Harare from cheap food delivery service\",\"breadcrumb\":{\"@id\":\"https:\\\/\\\/tiketi.com\\\/fr-fr\\\/online-food-delivery-harare-zm\\\/#breadcrumb\"},\"inLanguage\":\"fr-FR\",\"potentialAction\":[{\"@type\":\"ReadAction\",\"target\":[\"https:\\\/\\\/tiketi.com\\\/fr-fr\\\/online-food-delivery-harare-zm\\\/\"]}]},{\"@type\":\"ImageObject\",\"inLanguage\":\"fr-FR\",\"@id\":\"https:\\\/\\\/tiketi.com\\\/fr-fr\\\/online-food-delivery-harare-zm\\\/#primaryimage\",\"url\":\"https:\\\/\\\/tiketi.com\\\/wp-content\\\/uploads\\\/2022\\\/02\\\/delivery-man2-6029429_1280.jpg\",\"contentUrl\":\"https:\\\/\\\/tiketi.com\\\/wp-content\\\/uploads\\\/2022\\\/02\\\/delivery-man2-6029429_1280.jpg\",\"width\":1200,\"height\":200},{\"@type\":\"BreadcrumbList\",\"@id\":\"https:\\\/\\\/tiketi.com\\\/fr-fr\\\/online-food-delivery-harare-zm\\\/#breadcrumb\",\"itemListElement\":[{\"@type\":\"ListItem\",\"position\":1,\"name\":\"Home\",\"item\":\"https:\\\/\\\/tiketi.com\\\/\"},{\"@type\":\"ListItem\",\"position\":2,\"name\":\"Food Delivery in Harare &#8211; Order Food Online Near Me\"}]},{\"@type\":\"WebSite\",\"@id\":\"https:\\\/\\\/tiketi.com\\\/#website\",\"url\":\"https:\\\/\\\/tiketi.com\\\/\",\"name\":\"Flight & Bus Tickets, Tour Packages & Activitites - Tiketi.com\",\"description\":\"Flight &amp; Bus Tickets, Tours, Activitites\",\"publisher\":{\"@id\":\"https:\\\/\\\/tiketi.com\\\/#organization\"},\"potentialAction\":[{\"@type\":\"SearchAction\",\"target\":{\"@type\":\"EntryPoint\",\"urlTemplate\":\"https:\\\/\\\/tiketi.com\\\/?s={search_term_string}\"},\"query-input\":{\"@type\":\"PropertyValueSpecification\",\"valueRequired\":true,\"valueName\":\"search_term_string\"}}],\"inLanguage\":\"fr-FR\"},{\"@type\":\"Organization\",\"@id\":\"https:\\\/\\\/tiketi.com\\\/#organization\",\"name\":\"Tiketi.com\",\"alternateName\":\"Tiketi\",\"url\":\"https:\\\/\\\/tiketi.com\\\/\",\"logo\":{\"@type\":\"ImageObject\",\"inLanguage\":\"fr-FR\",\"@id\":\"https:\\\/\\\/tiketi.com\\\/#\\\/schema\\\/logo\\\/image\\\/\",\"url\":\"https:\\\/\\\/tiketi.com\\\/wp-content\\\/uploads\\\/2019\\\/05\\\/tiketi-logo-696.png\",\"contentUrl\":\"https:\\\/\\\/tiketi.com\\\/wp-content\\\/uploads\\\/2019\\\/05\\\/tiketi-logo-696.png\",\"width\":696,\"height\":696,\"caption\":\"Tiketi.com\"},\"image\":{\"@id\":\"https:\\\/\\\/tiketi.com\\\/#\\\/schema\\\/logo\\\/image\\\/\"},\"sameAs\":[\"https:\\\/\\\/www.facebook.com\\\/TiketiCom\\\/\"]}]}<\/script>\n<!-- \/ Yoast SEO plugin. -->","yoast_head_json":{"title":"Livraison de nourriture \u00e0 Harare - Commandez de la nourriture en ligne - Restaurants \u00e0 proximit\u00e9","description":"Livraison de nourriture en ligne \u00e0 Harare depuis vos restaurants pr\u00e9f\u00e9r\u00e9s. Utilisez la meilleure application de livraison de nourriture \u00e0 Harare et commandez de la nourriture \u00e0 Harare \u00e0 partir d&#039;un service de livraison de nourriture bon march\u00e9","robots":{"index":"index","follow":"follow","max-snippet":"max-snippet:-1","max-image-preview":"max-image-preview:large","max-video-preview":"max-video-preview:-1"},"canonical":"https:\/\/tiketi.com\/fr-fr\/online-food-delivery-harare-zm\/","og_locale":"fr_FR","og_type":"article","og_title":"Food Delivery in Harare - Order Food Online - Nearby Restaurants","og_description":"Online food delivery in Harare from your favorite restaurants. Use the best food delivery app in Harare and order food in Harare from cheap food delivery service","og_url":"https:\/\/tiketi.com\/fr-fr\/online-food-delivery-harare-zm\/","og_site_name":"Tiketi.com","article_publisher":"https:\/\/www.facebook.com\/TiketiCom\/","article_modified_time":"2022-02-18T10:43:57+00:00","og_image":[{"width":1200,"height":200,"url":"https:\/\/tiketi.com\/wp-content\/uploads\/2022\/02\/delivery-man2-6029429_1280.jpg","type":"image\/jpeg"}],"twitter_card":"summary_large_image","twitter_misc":{"Dur\u00e9e de lecture estim\u00e9e":"3 minutes"},"schema":{"@context":"https:\/\/schema.org","@graph":[{"@type":"WebPage","@id":"https:\/\/tiketi.com\/fr-fr\/online-food-delivery-harare-zm\/","url":"https:\/\/tiketi.com\/fr-fr\/online-food-delivery-harare-zm\/","name":"Livraison de nourriture \u00e0 Harare - Commandez de la nourriture en ligne - Restaurants \u00e0 proximit\u00e9","isPartOf":{"@id":"https:\/\/tiketi.com\/#website"},"primaryImageOfPage":{"@id":"https:\/\/tiketi.com\/fr-fr\/online-food-delivery-harare-zm\/#primaryimage"},"image":{"@id":"https:\/\/tiketi.com\/fr-fr\/online-food-delivery-harare-zm\/#primaryimage"},"thumbnailUrl":"https:\/\/tiketi.com\/wp-content\/uploads\/2022\/02\/delivery-man2-6029429_1280.jpg","datePublished":"2022-01-19T11:54:16+00:00","dateModified":"2022-02-18T10:43:57+00:00","description":"Livraison de nourriture en ligne \u00e0 Harare depuis vos restaurants pr\u00e9f\u00e9r\u00e9s. Utilisez la meilleure application de livraison de nourriture \u00e0 Harare et commandez de la nourriture \u00e0 Harare \u00e0 partir d&#039;un service de livraison de nourriture bon march\u00e9","breadcrumb":{"@id":"https:\/\/tiketi.com\/fr-fr\/online-food-delivery-harare-zm\/#breadcrumb"},"inLanguage":"fr-FR","potentialAction":[{"@type":"ReadAction","target":["https:\/\/tiketi.com\/fr-fr\/online-food-delivery-harare-zm\/"]}]},{"@type":"ImageObject","inLanguage":"fr-FR","@id":"https:\/\/tiketi.com\/fr-fr\/online-food-delivery-harare-zm\/#primaryimage","url":"https:\/\/tiketi.com\/wp-content\/uploads\/2022\/02\/delivery-man2-6029429_1280.jpg","contentUrl":"https:\/\/tiketi.com\/wp-content\/uploads\/2022\/02\/delivery-man2-6029429_1280.jpg","width":1200,"height":200},{"@type":"BreadcrumbList","@id":"https:\/\/tiketi.com\/fr-fr\/online-food-delivery-harare-zm\/#breadcrumb","itemListElement":[{"@type":"ListItem","position":1,"name":"Home","item":"https:\/\/tiketi.com\/"},{"@type":"ListItem","position":2,"name":"Food Delivery in Harare &#8211; Order Food Online Near Me"}]},{"@type":"WebSite","@id":"https:\/\/tiketi.com\/#website","url":"https:\/\/tiketi.com\/","name":"Billets d&#039;avion et de bus, forfaits touristiques et activit\u00e9s - Tiketi.com","description":"Billets d&#039;avion et de bus, Tours, Activit\u00e9s","publisher":{"@id":"https:\/\/tiketi.com\/#organization"},"potentialAction":[{"@type":"SearchAction","target":{"@type":"EntryPoint","urlTemplate":"https:\/\/tiketi.com\/?s={search_term_string}"},"query-input":{"@type":"PropertyValueSpecification","valueRequired":true,"valueName":"search_term_string"}}],"inLanguage":"fr-FR"},{"@type":"Organization","@id":"https:\/\/tiketi.com\/#organization","name":"Tiketi.com","alternateName":"Tiketi","url":"https:\/\/tiketi.com\/","logo":{"@type":"ImageObject","inLanguage":"fr-FR","@id":"https:\/\/tiketi.com\/#\/schema\/logo\/image\/","url":"https:\/\/tiketi.com\/wp-content\/uploads\/2019\/05\/tiketi-logo-696.png","contentUrl":"https:\/\/tiketi.com\/wp-content\/uploads\/2019\/05\/tiketi-logo-696.png","width":696,"height":696,"caption":"Tiketi.com"},"image":{"@id":"https:\/\/tiketi.com\/#\/schema\/logo\/image\/"},"sameAs":["https:\/\/www.facebook.com\/TiketiCom\/"]}]}},"_links":{"self":[{"href":"https:\/\/tiketi.com\/fr-fr\/wp-json\/wp\/v2\/pages\/11138","targetHints":{"allow":["GET"]}}],"collection":[{"href":"https:\/\/tiketi.com\/fr-fr\/wp-json\/wp\/v2\/pages"}],"about":[{"href":"https:\/\/tiketi.com\/fr-fr\/wp-json\/wp\/v2\/types\/page"}],"author":[{"embeddable":true,"href":"https:\/\/tiketi.com\/fr-fr\/wp-json\/wp\/v2\/users\/1"}],"replies":[{"embeddable":true,"href":"https:\/\/tiketi.com\/fr-fr\/wp-json\/wp\/v2\/comments?post=11138"}],"version-history":[{"count":0,"href":"https:\/\/tiketi.com\/fr-fr\/wp-json\/wp\/v2\/pages\/11138\/revisions"}],"wp:featuredmedia":[{"embeddable":true,"href":"https:\/\/tiketi.com\/fr-fr\/wp-json\/wp\/v2\/media\/19299"}],"wp:attachment":[{"href":"https:\/\/tiketi.com\/fr-fr\/wp-json\/wp\/v2\/media?parent=11138"}],"curies":[{"name":"wp","href":"https:\/\/api.w.org\/{rel}","templated":true}]}}