{"id":11139,"date":"2022-01-19T12:54:16","date_gmt":"2022-01-19T11:54:16","guid":{"rendered":"https:\/\/new.tiketi.com\/food-delivery-in-kampala-from-nearby-restaurants\/"},"modified":"2022-02-13T15:12:13","modified_gmt":"2022-02-13T14:12:13","slug":"online-food-delivery-kampala-ug","status":"publish","type":"page","link":"https:\/\/tiketi.com\/fr-fr\/online-food-delivery-kampala-ug\/","title":{"rendered":"Livraison de nourriture \u00e0 Kampala \u00e0 partir des restaurants \u00e0 proximit\u00e9"},"content":{"rendered":"<h2>Services de livraison de nourriture en ligne \u00e0 Kampala<\/h2>\n<h3>Utilisez la meilleure application de livraison de nourriture \u00e0 Kampala et commandez de la nourriture \u00e0 Kampala aupr\u00e8s de services de livraison de nourriture bon march\u00e9 \u00e0 Kampala, simples et faciles en ligne.<\/h3>\n<p>La livraison de nourriture en ligne \u00e0 Kampala est facilit\u00e9e. Il peut \u00eatre vraiment tentant de commander aupr\u00e8s des services de livraison de nourriture d&#039;un restaurant \u00e0 Kampala pr\u00e8s de chez vous. L&#039;application de livraison de nourriture Kampala propose une large gamme de cuisines qu&#039;elle peut livrer directement \u00e0 notre porte. Les gens aiment aussi l\u2019id\u00e9e de pouvoir commander de la nourriture en ligne \u00e0 Kampala. Il y a cependant des gens qui ont une mauvaise impression \u00e0 l\u2019\u00e9gard des services de livraison de nourriture. Si vous avez des doutes, conna\u00eetre les diff\u00e9rents avantages et inconv\u00e9nients de la livraison de nourriture en ligne \u00e0 Kampala pourrait vous aider. Comment commander de la nourriture \u00e0 Kampala en ligne et gagner du temps et de l&#039;argent.<\/p>\n<h2>Voici quelques-uns des avantages du service de livraison de nourriture en ligne \u00e0 Kampala\u00a0:<\/h2>\n<h3>Principaux avantages de la livraison de nourriture en ligne Kampala<\/h3>\n<p>L&#039;un des principaux avantages des services de livraison de nourriture \u00e0 Kampala est la vari\u00e9t\u00e9 qu&#039;ils peuvent vous offrir. Il existe aujourd\u2019hui un grand nombre de services de livraison de nourriture parmi lesquels vous pouvez choisir. Diff\u00e9rents types d&#039;aliments tels que des l\u00e9gumes, des g\u00e2teaux et des plats principaux sont tous accessibles. Les restaurants exotiques et les livraisons de plats chinois \u00e0 Kampala proposent \u00e9galement souvent des services de livraison.<\/p>\n<p>Un autre avantage de l&#039;utilisation de l&#039;application de livraison de nourriture de commande Kampala est le gain de temps. Nous n\u2019avons pas tous le temps de cuisiner et de pr\u00e9parer notre propre nourriture. Les personnes qui n&#039;ont pas beaucoup de temps libre b\u00e9n\u00e9ficieront certainement beaucoup des services de livraison de nourriture en ligne \u00e0 Kampala. Pensez aux choses que vous pouvez faire pendant tout le temps que vous pouvez conserver.<\/p>\n<h3>Commander de la nourriture \u00e0 Kampala en ligne contribue \u00e0 un mode de vie sain<\/h3>\n<p>Les gens sont g\u00e9n\u00e9ralement pr\u00e9occup\u00e9s par les probl\u00e8mes de sant\u00e9 qui accompagnent les services de livraison de nourriture \u00e0 Kampala. Certains de ces probl\u00e8mes sont positifs tandis que d\u2019autres sont n\u00e9gatifs. Beaucoup pensent que les services de livraison de nourriture \u00e0 Kampala sont malsains. Malgr\u00e9 ce que les gens pourraient penser, de nombreux choix de livraison de nourriture sont en r\u00e9alit\u00e9 les meilleurs pour notre sant\u00e9. Il existe des services de livraison qui proposent des aliments frais et faibles en gras qui n&#039;affecteront pas votre mode de vie sain.<\/p>\n<h3>Application de livraison de nourriture Kampala \u2013 la simplicit\u00e9 est ce qu&#039;il y a de mieux !<\/h3>\n<p>Les gens admirent tout simplement le service de livraison de pizzas \u00e0 domicile en raison de sa transparence et de sa simplicit\u00e9. Les gens pourraient simplement d\u00e9cider ce qu\u2019ils veulent commander, quel restaurant commander, quand livrer et l\u2019accessibilit\u00e9 des diff\u00e9rentes techniques de paiement.<\/p>\n<p>Ainsi, vous n\u2019avez pas besoin de vous souvenir d\u00e9lib\u00e9r\u00e9ment des ingr\u00e9dients ou de vous pr\u00e9cipiter pour faire vos courses de derni\u00e8re minute.<\/p>\n<p>La livraison de pizza \u00e0 Kampala vous offre la facilit\u00e9 qui incite les gens \u00e0 commander en ligne. Vous pouvez simplement r\u00e9server une table dans votre restaurant pr\u00e9f\u00e9r\u00e9, car vous n&#039;aurez pas besoin d&#039;attendre les bras crois\u00e9s dans une longue file d&#039;attente.<\/p>\n<p>Avec les services de livraison de nourriture en ligne \u00e0 Kampala, vous n&#039;\u00eates pas oblig\u00e9 de mourir de faim tard dans la nuit car le service est accessible 24h\/24 et 7j\/7 pour les pizzerias. Vous pouvez m\u00eame commander la nourriture les jours f\u00e9ri\u00e9s ou les p\u00e9riodes de f\u00eates.<\/p>","protected":false},"excerpt":{"rendered":"<p>Online Food Delivery Services in Kampala Use the best food delivery app Kampala and order food in Kampala\u00a0from cheap food delivery services in Kampala simple and easy online. Online food delivery in Kampala made easy.\u00a0It can be truly tempting to order from restaurant food delivery services in Kampala near you. Food delivery app Kampala have [&hellip;]<\/p>\n","protected":false},"author":1,"featured_media":19299,"parent":0,"menu_order":0,"comment_status":"open","ping_status":"closed","template":"template-home-modern.php","meta":{"footnotes":""},"class_list":["post-11139","page","type-page","status-publish","has-post-thumbnail","hentry"],"yoast_head":"<!-- This site is optimized with the Yoast SEO plugin v27.3 - https:\/\/yoast.com\/product\/yoast-seo-wordpress\/ -->\n<title>Food Delivery in Kampala from Nearby Restaurants<\/title>\n<meta name=\"description\" content=\"Looking for online food delivery in Kampala from nearby restaurants. Download our food delivery app Kampala and order food online in Kampala now\" \/>\n<meta name=\"robots\" content=\"index, follow, max-snippet:-1, max-image-preview:large, max-video-preview:-1\" \/>\n<link rel=\"canonical\" href=\"https:\/\/tiketi.com\/fr-fr\/online-food-delivery-kampala-ug\/\" \/>\n<meta property=\"og:locale\" content=\"fr_FR\" \/>\n<meta property=\"og:type\" content=\"article\" \/>\n<meta property=\"og:title\" content=\"Food Delivery in Kampala from Nearby Restaurants\" \/>\n<meta property=\"og:description\" content=\"Looking for online food delivery in Kampala from nearby restaurants. Download our food delivery app Kampala and order food online in Kampala now\" \/>\n<meta property=\"og:url\" content=\"https:\/\/tiketi.com\/fr-fr\/online-food-delivery-kampala-ug\/\" \/>\n<meta property=\"og:site_name\" content=\"Tiketi.com\" \/>\n<meta property=\"article:publisher\" content=\"https:\/\/www.facebook.com\/TiketiCom\/\" \/>\n<meta property=\"article:modified_time\" content=\"2022-02-13T14:12:13+00:00\" \/>\n<meta property=\"og:image\" content=\"https:\/\/tiketi.com\/wp-content\/uploads\/2022\/02\/delivery-man2-6029429_1280.jpg\" \/>\n\t<meta property=\"og:image:width\" content=\"1200\" \/>\n\t<meta property=\"og:image:height\" content=\"200\" \/>\n\t<meta property=\"og:image:type\" content=\"image\/jpeg\" \/>\n<meta name=\"twitter:card\" content=\"summary_large_image\" \/>\n<meta name=\"twitter:label1\" content=\"Dur\u00e9e de lecture estim\u00e9e\" \/>\n\t<meta name=\"twitter:data1\" content=\"3 minutes\" \/>\n<script type=\"application\/ld+json\" class=\"yoast-schema-graph\">{\"@context\":\"https:\\\/\\\/schema.org\",\"@graph\":[{\"@type\":\"WebPage\",\"@id\":\"https:\\\/\\\/tiketi.com\\\/online-food-delivery-kampala-ug\\\/\",\"url\":\"https:\\\/\\\/tiketi.com\\\/online-food-delivery-kampala-ug\\\/\",\"name\":\"Food Delivery in Kampala from Nearby Restaurants\",\"isPartOf\":{\"@id\":\"https:\\\/\\\/tiketi.com\\\/#website\"},\"primaryImageOfPage\":{\"@id\":\"https:\\\/\\\/tiketi.com\\\/online-food-delivery-kampala-ug\\\/#primaryimage\"},\"image\":{\"@id\":\"https:\\\/\\\/tiketi.com\\\/online-food-delivery-kampala-ug\\\/#primaryimage\"},\"thumbnailUrl\":\"https:\\\/\\\/tiketi.com\\\/wp-content\\\/uploads\\\/2022\\\/02\\\/delivery-man2-6029429_1280.jpg\",\"datePublished\":\"2022-01-19T11:54:16+00:00\",\"dateModified\":\"2022-02-13T14:12:13+00:00\",\"description\":\"Looking for online food delivery in Kampala from nearby restaurants. Download our food delivery app Kampala and order food online in Kampala now\",\"breadcrumb\":{\"@id\":\"https:\\\/\\\/tiketi.com\\\/online-food-delivery-kampala-ug\\\/#breadcrumb\"},\"inLanguage\":\"fr-FR\",\"potentialAction\":[{\"@type\":\"ReadAction\",\"target\":[\"https:\\\/\\\/tiketi.com\\\/online-food-delivery-kampala-ug\\\/\"]}]},{\"@type\":\"ImageObject\",\"inLanguage\":\"fr-FR\",\"@id\":\"https:\\\/\\\/tiketi.com\\\/online-food-delivery-kampala-ug\\\/#primaryimage\",\"url\":\"https:\\\/\\\/tiketi.com\\\/wp-content\\\/uploads\\\/2022\\\/02\\\/delivery-man2-6029429_1280.jpg\",\"contentUrl\":\"https:\\\/\\\/tiketi.com\\\/wp-content\\\/uploads\\\/2022\\\/02\\\/delivery-man2-6029429_1280.jpg\",\"width\":1200,\"height\":200},{\"@type\":\"BreadcrumbList\",\"@id\":\"https:\\\/\\\/tiketi.com\\\/online-food-delivery-kampala-ug\\\/#breadcrumb\",\"itemListElement\":[{\"@type\":\"ListItem\",\"position\":1,\"name\":\"Home\",\"item\":\"https:\\\/\\\/tiketi.com\\\/\"},{\"@type\":\"ListItem\",\"position\":2,\"name\":\"Food Delivery in Kampala from Nearby Restaurants\"}]},{\"@type\":\"WebSite\",\"@id\":\"https:\\\/\\\/tiketi.com\\\/#website\",\"url\":\"https:\\\/\\\/tiketi.com\\\/\",\"name\":\"Flight & Bus Tickets, Tour Packages & Activitites - Tiketi.com\",\"description\":\"Flight &amp; Bus Tickets, Tours, Activitites\",\"publisher\":{\"@id\":\"https:\\\/\\\/tiketi.com\\\/#organization\"},\"potentialAction\":[{\"@type\":\"SearchAction\",\"target\":{\"@type\":\"EntryPoint\",\"urlTemplate\":\"https:\\\/\\\/tiketi.com\\\/?s={search_term_string}\"},\"query-input\":{\"@type\":\"PropertyValueSpecification\",\"valueRequired\":true,\"valueName\":\"search_term_string\"}}],\"inLanguage\":\"fr-FR\"},{\"@type\":\"Organization\",\"@id\":\"https:\\\/\\\/tiketi.com\\\/#organization\",\"name\":\"Tiketi.com\",\"alternateName\":\"Tiketi\",\"url\":\"https:\\\/\\\/tiketi.com\\\/\",\"logo\":{\"@type\":\"ImageObject\",\"inLanguage\":\"fr-FR\",\"@id\":\"https:\\\/\\\/tiketi.com\\\/#\\\/schema\\\/logo\\\/image\\\/\",\"url\":\"https:\\\/\\\/tiketi.com\\\/wp-content\\\/uploads\\\/2019\\\/05\\\/tiketi-logo-696.png\",\"contentUrl\":\"https:\\\/\\\/tiketi.com\\\/wp-content\\\/uploads\\\/2019\\\/05\\\/tiketi-logo-696.png\",\"width\":696,\"height\":696,\"caption\":\"Tiketi.com\"},\"image\":{\"@id\":\"https:\\\/\\\/tiketi.com\\\/#\\\/schema\\\/logo\\\/image\\\/\"},\"sameAs\":[\"https:\\\/\\\/www.facebook.com\\\/TiketiCom\\\/\"]}]}<\/script>\n<!-- \/ Yoast SEO plugin. -->","yoast_head_json":{"title":"Livraison de nourriture \u00e0 Kampala \u00e0 partir des restaurants \u00e0 proximit\u00e9","description":"Vous recherchez une livraison de nourriture en ligne \u00e0 Kampala \u00e0 partir de restaurants \u00e0 proximit\u00e9. T\u00e9l\u00e9chargez notre application de livraison de nourriture Kampala et commandez de la nourriture en ligne \u00e0 Kampala maintenant","robots":{"index":"index","follow":"follow","max-snippet":"max-snippet:-1","max-image-preview":"max-image-preview:large","max-video-preview":"max-video-preview:-1"},"canonical":"https:\/\/tiketi.com\/fr-fr\/online-food-delivery-kampala-ug\/","og_locale":"fr_FR","og_type":"article","og_title":"Food Delivery in Kampala from Nearby Restaurants","og_description":"Looking for online food delivery in Kampala from nearby restaurants. Download our food delivery app Kampala and order food online in Kampala now","og_url":"https:\/\/tiketi.com\/fr-fr\/online-food-delivery-kampala-ug\/","og_site_name":"Tiketi.com","article_publisher":"https:\/\/www.facebook.com\/TiketiCom\/","article_modified_time":"2022-02-13T14:12:13+00:00","og_image":[{"width":1200,"height":200,"url":"https:\/\/tiketi.com\/wp-content\/uploads\/2022\/02\/delivery-man2-6029429_1280.jpg","type":"image\/jpeg"}],"twitter_card":"summary_large_image","twitter_misc":{"Dur\u00e9e de lecture estim\u00e9e":"3 minutes"},"schema":{"@context":"https:\/\/schema.org","@graph":[{"@type":"WebPage","@id":"https:\/\/tiketi.com\/online-food-delivery-kampala-ug\/","url":"https:\/\/tiketi.com\/online-food-delivery-kampala-ug\/","name":"Livraison de nourriture \u00e0 Kampala \u00e0 partir des restaurants \u00e0 proximit\u00e9","isPartOf":{"@id":"https:\/\/tiketi.com\/#website"},"primaryImageOfPage":{"@id":"https:\/\/tiketi.com\/online-food-delivery-kampala-ug\/#primaryimage"},"image":{"@id":"https:\/\/tiketi.com\/online-food-delivery-kampala-ug\/#primaryimage"},"thumbnailUrl":"https:\/\/tiketi.com\/wp-content\/uploads\/2022\/02\/delivery-man2-6029429_1280.jpg","datePublished":"2022-01-19T11:54:16+00:00","dateModified":"2022-02-13T14:12:13+00:00","description":"Vous recherchez une livraison de nourriture en ligne \u00e0 Kampala \u00e0 partir de restaurants \u00e0 proximit\u00e9. T\u00e9l\u00e9chargez notre application de livraison de nourriture Kampala et commandez de la nourriture en ligne \u00e0 Kampala maintenant","breadcrumb":{"@id":"https:\/\/tiketi.com\/online-food-delivery-kampala-ug\/#breadcrumb"},"inLanguage":"fr-FR","potentialAction":[{"@type":"ReadAction","target":["https:\/\/tiketi.com\/online-food-delivery-kampala-ug\/"]}]},{"@type":"ImageObject","inLanguage":"fr-FR","@id":"https:\/\/tiketi.com\/online-food-delivery-kampala-ug\/#primaryimage","url":"https:\/\/tiketi.com\/wp-content\/uploads\/2022\/02\/delivery-man2-6029429_1280.jpg","contentUrl":"https:\/\/tiketi.com\/wp-content\/uploads\/2022\/02\/delivery-man2-6029429_1280.jpg","width":1200,"height":200},{"@type":"BreadcrumbList","@id":"https:\/\/tiketi.com\/online-food-delivery-kampala-ug\/#breadcrumb","itemListElement":[{"@type":"ListItem","position":1,"name":"Home","item":"https:\/\/tiketi.com\/"},{"@type":"ListItem","position":2,"name":"Food Delivery in Kampala from Nearby Restaurants"}]},{"@type":"WebSite","@id":"https:\/\/tiketi.com\/#website","url":"https:\/\/tiketi.com\/","name":"Billets d&#039;avion et de bus, forfaits touristiques et activit\u00e9s - Tiketi.com","description":"Billets d&#039;avion et de bus, Tours, Activit\u00e9s","publisher":{"@id":"https:\/\/tiketi.com\/#organization"},"potentialAction":[{"@type":"SearchAction","target":{"@type":"EntryPoint","urlTemplate":"https:\/\/tiketi.com\/?s={search_term_string}"},"query-input":{"@type":"PropertyValueSpecification","valueRequired":true,"valueName":"search_term_string"}}],"inLanguage":"fr-FR"},{"@type":"Organization","@id":"https:\/\/tiketi.com\/#organization","name":"Tiketi.com","alternateName":"Tiketi","url":"https:\/\/tiketi.com\/","logo":{"@type":"ImageObject","inLanguage":"fr-FR","@id":"https:\/\/tiketi.com\/#\/schema\/logo\/image\/","url":"https:\/\/tiketi.com\/wp-content\/uploads\/2019\/05\/tiketi-logo-696.png","contentUrl":"https:\/\/tiketi.com\/wp-content\/uploads\/2019\/05\/tiketi-logo-696.png","width":696,"height":696,"caption":"Tiketi.com"},"image":{"@id":"https:\/\/tiketi.com\/#\/schema\/logo\/image\/"},"sameAs":["https:\/\/www.facebook.com\/TiketiCom\/"]}]}},"_links":{"self":[{"href":"https:\/\/tiketi.com\/fr-fr\/wp-json\/wp\/v2\/pages\/11139","targetHints":{"allow":["GET"]}}],"collection":[{"href":"https:\/\/tiketi.com\/fr-fr\/wp-json\/wp\/v2\/pages"}],"about":[{"href":"https:\/\/tiketi.com\/fr-fr\/wp-json\/wp\/v2\/types\/page"}],"author":[{"embeddable":true,"href":"https:\/\/tiketi.com\/fr-fr\/wp-json\/wp\/v2\/users\/1"}],"replies":[{"embeddable":true,"href":"https:\/\/tiketi.com\/fr-fr\/wp-json\/wp\/v2\/comments?post=11139"}],"version-history":[{"count":0,"href":"https:\/\/tiketi.com\/fr-fr\/wp-json\/wp\/v2\/pages\/11139\/revisions"}],"wp:featuredmedia":[{"embeddable":true,"href":"https:\/\/tiketi.com\/fr-fr\/wp-json\/wp\/v2\/media\/19299"}],"wp:attachment":[{"href":"https:\/\/tiketi.com\/fr-fr\/wp-json\/wp\/v2\/media?parent=11139"}],"curies":[{"name":"wp","href":"https:\/\/api.w.org\/{rel}","templated":true}]}}