{"id":11141,"date":"2022-01-19T12:54:16","date_gmt":"2022-01-19T11:54:16","guid":{"rendered":"https:\/\/new.tiketi.com\/online-food-delivery-in-lusaka-from-nearby-restaurants\/"},"modified":"2022-02-18T12:00:03","modified_gmt":"2022-02-18T11:00:03","slug":"online-food-delivery-lusaka-zambia","status":"publish","type":"page","link":"https:\/\/tiketi.com\/fr-fr\/online-food-delivery-lusaka-zambia\/","title":{"rendered":"Livraison de nourriture \u00e0 Lusaka - Commandez de la nourriture en ligne pr\u00e8s de chez moi"},"content":{"rendered":"<h2>Services de livraison de nourriture bon march\u00e9 \u00e0 Lusaka<\/h2>\n<h3>Utilisez la meilleure application de livraison de nourriture Lusaka et commandez de la nourriture en ligne Lusaka \u00e0 partir de services de livraison de nourriture bon march\u00e9 \u00e0 Lusaka, simples et faciles en ligne.<\/h3>\n<p>La livraison de nourriture en ligne \u00e0 Lusaka en toute simplicit\u00e9. En utilisant le service de livraison de nourriture Lusaka, vous ne pouvez pas choisir un seul restaurant, mais beaucoup d&#039;autres, \u00e0 port\u00e9e de main. Pour la plupart, lorsqu&#039;ils ach\u00e8tent leurs propres repas quotidiens, ils fr\u00e9quentent g\u00e9n\u00e9ralement les magasins d&#039;alimentation \u00e0 proximit\u00e9, car c&#039;est relativement facile et rapide. Quoi qu&#039;il en soit, cela conduit g\u00e9n\u00e9ralement \u00e0 l&#039;utilisation de plats r\u00e9p\u00e9titifs provenant des m\u00eames magasins autour de votre r\u00e9gion, ce qui pourrait devenir ennuyeux. Les services de livraison de nourriture \u00e0 Lusaka r\u00e9solvent ces probl\u00e8mes en livrant de la nourriture dans votre r\u00e9gion, ce qui vous offre un plus grand choix d&#039;options allant de la cuisine chinoise \u00e0 la cuisine occidentale. Comment commander de la nourriture en ligne \u00e0 Lusaka et gagner du temps et de l&#039;argent.<\/p>\n<h2>Comment configurer la livraison de nourriture en ligne \u00e0 Lusaka Service pour votre restaurant<\/h2>\n<h3>Visibilit\u00e9 en ligne avec l&#039;application de livraison de nourriture Lusaka<\/h3>\n<p>De nos jours, toute entreprise peut tirer profit de sa r\u00e9putation en ligne. Que vous fournissiez exclusivement des livraisons de nourriture ou un restaurant qui cherche \u00e0 \u00e9tendre sa client\u00e8le via la livraison de nourriture en ligne \u00e0 Lusaka, vous pouvez profiter de l&#039;\u00e9lan suppl\u00e9mentaire que le monde en ligne peut apporter \u00e0 votre entreprise.<\/p>\n<h3>Attirez plus de monde dans votre restaurant<\/h3>\n<p>Plus les gens utilisent l&#039;application de livraison de nourriture Lusaka pour commander des repas en ligne, plus ils sont susceptibles de visiter votre \u00e9tablissement. Obtenir l&#039;attention des gens est l&#039;objectif cl\u00e9 de la livraison de nourriture en ligne, car cela peut vous faire gagner beaucoup de nouveaux clients internes autant que vos clients Internet.<\/p>\n<h3>Commander de la nourriture en ligne Lusaka promotions<\/h3>\n<p>L&#039;un des principaux avantages de l&#039;utilisation de la commande de nourriture en ligne \u00e0 Lusaka est les promotions qu&#039;ils proposent r\u00e9guli\u00e8rement. Parfois, ces entreprises de livraison de nourriture proposaient des offres de 10 \u00e0 20% de r\u00e9duction, ce qui pourrait vous aider \u00e0 conserver une grosse somme d&#039;argent tout en vous adonnant \u00e0 la nourriture que vous aimez.<\/p>\n<h3>Gagnez des clients honn\u00eates<\/h3>\n<p>Lorsqu&#039;une personne \u00e9tait trop d\u00e9tendue par la qualit\u00e9 et le professionnalisme que vos services de livraison de nourriture \u00e0 Lusaka lui offraient, elle est plus susceptible de vous commander encore et encore jusqu&#039;\u00e0 ce qu&#039;elle devienne l&#039;un de vos fans les plus fervents. Ils diffuseront \u00e9galement les nouvelles de votre entreprise, ce qui est toujours b\u00e9n\u00e9fique si vous cherchez \u00e0 gagner plus de clients et \u00e0 obtenir ce profit.<\/p>\n<p>L&#039;industrie de la livraison de nourriture a connu une croissance continue au cours des derni\u00e8res ann\u00e9es. Quoi qu&#039;il en soit, il est \u00e9tonnamment fait un grand bond cette ann\u00e9e. Si vous \u00eates propri\u00e9taire d&#039;un restaurant \u00e0 Lusaka, il est temps de profiter du service de livraison de nourriture en ligne \u00e0 Lusaka. Non seulement cela \u00e9tendra votre client\u00e8le, mais cela am\u00e9liorera \u00e9galement votre flux de revenus.<\/p>","protected":false},"excerpt":{"rendered":"<p>Cheap Food Delivery Services in Lusaka Use the best food delivery app Lusaka and order food online Lusaka from cheap food delivery services in Lusaka simple and easy online. Online food delivery in Lusaka made easy.\u00a0By using food delivery app Lusaka service, you get to not pick just one restaurant, but many of others, right [&hellip;]<\/p>\n","protected":false},"author":1,"featured_media":19299,"parent":0,"menu_order":0,"comment_status":"open","ping_status":"closed","template":"template-home-modern.php","meta":{"footnotes":""},"class_list":["post-11141","page","type-page","status-publish","has-post-thumbnail","hentry"],"yoast_head":"<!-- This site is optimized with the Yoast SEO plugin v27.3 - https:\/\/yoast.com\/product\/yoast-seo-wordpress\/ -->\n<title>Food Delivery in Lusaka - Order Food Online Near Me<\/title>\n<meta name=\"description\" content=\"Online food delivery in Lusaka from your favorite restaurants. Use the best food delivery app in Lusaka and order food in Lusaka from cheap food delivery service\" \/>\n<meta name=\"robots\" content=\"index, follow, max-snippet:-1, max-image-preview:large, max-video-preview:-1\" \/>\n<link rel=\"canonical\" href=\"https:\/\/tiketi.com\/fr-fr\/online-food-delivery-lusaka-zambia\/\" \/>\n<meta property=\"og:locale\" content=\"fr_FR\" \/>\n<meta property=\"og:type\" content=\"article\" \/>\n<meta property=\"og:title\" content=\"Food Delivery in Lusaka - Order Food Online Near Me\" \/>\n<meta property=\"og:description\" content=\"Online food delivery in Lusaka from your favorite restaurants. Use the best food delivery app in Lusaka and order food in Lusaka from cheap food delivery service\" \/>\n<meta property=\"og:url\" content=\"https:\/\/tiketi.com\/fr-fr\/online-food-delivery-lusaka-zambia\/\" \/>\n<meta property=\"og:site_name\" content=\"Tiketi.com\" \/>\n<meta property=\"article:publisher\" content=\"https:\/\/www.facebook.com\/TiketiCom\/\" \/>\n<meta property=\"article:modified_time\" content=\"2022-02-18T11:00:03+00:00\" \/>\n<meta property=\"og:image\" content=\"https:\/\/tiketi.com\/wp-content\/uploads\/2022\/02\/delivery-man2-6029429_1280.jpg\" \/>\n\t<meta property=\"og:image:width\" content=\"1200\" \/>\n\t<meta property=\"og:image:height\" content=\"200\" \/>\n\t<meta property=\"og:image:type\" content=\"image\/jpeg\" \/>\n<meta name=\"twitter:card\" content=\"summary_large_image\" \/>\n<meta name=\"twitter:label1\" content=\"Dur\u00e9e de lecture estim\u00e9e\" \/>\n\t<meta name=\"twitter:data1\" content=\"3 minutes\" \/>\n<script type=\"application\/ld+json\" class=\"yoast-schema-graph\">{\"@context\":\"https:\\\/\\\/schema.org\",\"@graph\":[{\"@type\":\"WebPage\",\"@id\":\"https:\\\/\\\/tiketi.com\\\/online-food-delivery-lusaka-zambia\\\/\",\"url\":\"https:\\\/\\\/tiketi.com\\\/online-food-delivery-lusaka-zambia\\\/\",\"name\":\"Food Delivery in Lusaka - Order Food Online Near Me\",\"isPartOf\":{\"@id\":\"https:\\\/\\\/tiketi.com\\\/#website\"},\"primaryImageOfPage\":{\"@id\":\"https:\\\/\\\/tiketi.com\\\/online-food-delivery-lusaka-zambia\\\/#primaryimage\"},\"image\":{\"@id\":\"https:\\\/\\\/tiketi.com\\\/online-food-delivery-lusaka-zambia\\\/#primaryimage\"},\"thumbnailUrl\":\"https:\\\/\\\/tiketi.com\\\/wp-content\\\/uploads\\\/2022\\\/02\\\/delivery-man2-6029429_1280.jpg\",\"datePublished\":\"2022-01-19T11:54:16+00:00\",\"dateModified\":\"2022-02-18T11:00:03+00:00\",\"description\":\"Online food delivery in Lusaka from your favorite restaurants. Use the best food delivery app in Lusaka and order food in Lusaka from cheap food delivery service\",\"breadcrumb\":{\"@id\":\"https:\\\/\\\/tiketi.com\\\/online-food-delivery-lusaka-zambia\\\/#breadcrumb\"},\"inLanguage\":\"fr-FR\",\"potentialAction\":[{\"@type\":\"ReadAction\",\"target\":[\"https:\\\/\\\/tiketi.com\\\/online-food-delivery-lusaka-zambia\\\/\"]}]},{\"@type\":\"ImageObject\",\"inLanguage\":\"fr-FR\",\"@id\":\"https:\\\/\\\/tiketi.com\\\/online-food-delivery-lusaka-zambia\\\/#primaryimage\",\"url\":\"https:\\\/\\\/tiketi.com\\\/wp-content\\\/uploads\\\/2022\\\/02\\\/delivery-man2-6029429_1280.jpg\",\"contentUrl\":\"https:\\\/\\\/tiketi.com\\\/wp-content\\\/uploads\\\/2022\\\/02\\\/delivery-man2-6029429_1280.jpg\",\"width\":1200,\"height\":200},{\"@type\":\"BreadcrumbList\",\"@id\":\"https:\\\/\\\/tiketi.com\\\/online-food-delivery-lusaka-zambia\\\/#breadcrumb\",\"itemListElement\":[{\"@type\":\"ListItem\",\"position\":1,\"name\":\"Home\",\"item\":\"https:\\\/\\\/tiketi.com\\\/\"},{\"@type\":\"ListItem\",\"position\":2,\"name\":\"Food Delivery in Lusaka &#8211; Order Food Online Near Me\"}]},{\"@type\":\"WebSite\",\"@id\":\"https:\\\/\\\/tiketi.com\\\/#website\",\"url\":\"https:\\\/\\\/tiketi.com\\\/\",\"name\":\"Flight & Bus Tickets, Tour Packages & Activitites - Tiketi.com\",\"description\":\"Flight &amp; Bus Tickets, Tours, Activitites\",\"publisher\":{\"@id\":\"https:\\\/\\\/tiketi.com\\\/#organization\"},\"potentialAction\":[{\"@type\":\"SearchAction\",\"target\":{\"@type\":\"EntryPoint\",\"urlTemplate\":\"https:\\\/\\\/tiketi.com\\\/?s={search_term_string}\"},\"query-input\":{\"@type\":\"PropertyValueSpecification\",\"valueRequired\":true,\"valueName\":\"search_term_string\"}}],\"inLanguage\":\"fr-FR\"},{\"@type\":\"Organization\",\"@id\":\"https:\\\/\\\/tiketi.com\\\/#organization\",\"name\":\"Tiketi.com\",\"alternateName\":\"Tiketi\",\"url\":\"https:\\\/\\\/tiketi.com\\\/\",\"logo\":{\"@type\":\"ImageObject\",\"inLanguage\":\"fr-FR\",\"@id\":\"https:\\\/\\\/tiketi.com\\\/#\\\/schema\\\/logo\\\/image\\\/\",\"url\":\"https:\\\/\\\/tiketi.com\\\/wp-content\\\/uploads\\\/2019\\\/05\\\/tiketi-logo-696.png\",\"contentUrl\":\"https:\\\/\\\/tiketi.com\\\/wp-content\\\/uploads\\\/2019\\\/05\\\/tiketi-logo-696.png\",\"width\":696,\"height\":696,\"caption\":\"Tiketi.com\"},\"image\":{\"@id\":\"https:\\\/\\\/tiketi.com\\\/#\\\/schema\\\/logo\\\/image\\\/\"},\"sameAs\":[\"https:\\\/\\\/www.facebook.com\\\/TiketiCom\\\/\"]}]}<\/script>\n<!-- \/ Yoast SEO plugin. -->","yoast_head_json":{"title":"Livraison de repas \u00e0 Lusaka - Commandez de la nourriture en ligne pr\u00e8s de chez moi","description":"Livraison de nourriture en ligne \u00e0 Lusaka depuis vos restaurants pr\u00e9f\u00e9r\u00e9s. Utilisez la meilleure application de livraison de nourriture \u00e0 Lusaka et commandez de la nourriture \u00e0 Lusaka \u00e0 partir d&#039;un service de livraison de nourriture bon march\u00e9","robots":{"index":"index","follow":"follow","max-snippet":"max-snippet:-1","max-image-preview":"max-image-preview:large","max-video-preview":"max-video-preview:-1"},"canonical":"https:\/\/tiketi.com\/fr-fr\/online-food-delivery-lusaka-zambia\/","og_locale":"fr_FR","og_type":"article","og_title":"Food Delivery in Lusaka - Order Food Online Near Me","og_description":"Online food delivery in Lusaka from your favorite restaurants. Use the best food delivery app in Lusaka and order food in Lusaka from cheap food delivery service","og_url":"https:\/\/tiketi.com\/fr-fr\/online-food-delivery-lusaka-zambia\/","og_site_name":"Tiketi.com","article_publisher":"https:\/\/www.facebook.com\/TiketiCom\/","article_modified_time":"2022-02-18T11:00:03+00:00","og_image":[{"width":1200,"height":200,"url":"https:\/\/tiketi.com\/wp-content\/uploads\/2022\/02\/delivery-man2-6029429_1280.jpg","type":"image\/jpeg"}],"twitter_card":"summary_large_image","twitter_misc":{"Dur\u00e9e de lecture estim\u00e9e":"3 minutes"},"schema":{"@context":"https:\/\/schema.org","@graph":[{"@type":"WebPage","@id":"https:\/\/tiketi.com\/online-food-delivery-lusaka-zambia\/","url":"https:\/\/tiketi.com\/online-food-delivery-lusaka-zambia\/","name":"Livraison de repas \u00e0 Lusaka - Commandez de la nourriture en ligne pr\u00e8s de chez moi","isPartOf":{"@id":"https:\/\/tiketi.com\/#website"},"primaryImageOfPage":{"@id":"https:\/\/tiketi.com\/online-food-delivery-lusaka-zambia\/#primaryimage"},"image":{"@id":"https:\/\/tiketi.com\/online-food-delivery-lusaka-zambia\/#primaryimage"},"thumbnailUrl":"https:\/\/tiketi.com\/wp-content\/uploads\/2022\/02\/delivery-man2-6029429_1280.jpg","datePublished":"2022-01-19T11:54:16+00:00","dateModified":"2022-02-18T11:00:03+00:00","description":"Livraison de nourriture en ligne \u00e0 Lusaka depuis vos restaurants pr\u00e9f\u00e9r\u00e9s. Utilisez la meilleure application de livraison de nourriture \u00e0 Lusaka et commandez de la nourriture \u00e0 Lusaka \u00e0 partir d&#039;un service de livraison de nourriture bon march\u00e9","breadcrumb":{"@id":"https:\/\/tiketi.com\/online-food-delivery-lusaka-zambia\/#breadcrumb"},"inLanguage":"fr-FR","potentialAction":[{"@type":"ReadAction","target":["https:\/\/tiketi.com\/online-food-delivery-lusaka-zambia\/"]}]},{"@type":"ImageObject","inLanguage":"fr-FR","@id":"https:\/\/tiketi.com\/online-food-delivery-lusaka-zambia\/#primaryimage","url":"https:\/\/tiketi.com\/wp-content\/uploads\/2022\/02\/delivery-man2-6029429_1280.jpg","contentUrl":"https:\/\/tiketi.com\/wp-content\/uploads\/2022\/02\/delivery-man2-6029429_1280.jpg","width":1200,"height":200},{"@type":"BreadcrumbList","@id":"https:\/\/tiketi.com\/online-food-delivery-lusaka-zambia\/#breadcrumb","itemListElement":[{"@type":"ListItem","position":1,"name":"Home","item":"https:\/\/tiketi.com\/"},{"@type":"ListItem","position":2,"name":"Food Delivery in Lusaka &#8211; Order Food Online Near Me"}]},{"@type":"WebSite","@id":"https:\/\/tiketi.com\/#website","url":"https:\/\/tiketi.com\/","name":"Billets d&#039;avion et de bus, forfaits touristiques et activit\u00e9s - Tiketi.com","description":"Billets d&#039;avion et de bus, Tours, Activit\u00e9s","publisher":{"@id":"https:\/\/tiketi.com\/#organization"},"potentialAction":[{"@type":"SearchAction","target":{"@type":"EntryPoint","urlTemplate":"https:\/\/tiketi.com\/?s={search_term_string}"},"query-input":{"@type":"PropertyValueSpecification","valueRequired":true,"valueName":"search_term_string"}}],"inLanguage":"fr-FR"},{"@type":"Organization","@id":"https:\/\/tiketi.com\/#organization","name":"Tiketi.com","alternateName":"Tiketi","url":"https:\/\/tiketi.com\/","logo":{"@type":"ImageObject","inLanguage":"fr-FR","@id":"https:\/\/tiketi.com\/#\/schema\/logo\/image\/","url":"https:\/\/tiketi.com\/wp-content\/uploads\/2019\/05\/tiketi-logo-696.png","contentUrl":"https:\/\/tiketi.com\/wp-content\/uploads\/2019\/05\/tiketi-logo-696.png","width":696,"height":696,"caption":"Tiketi.com"},"image":{"@id":"https:\/\/tiketi.com\/#\/schema\/logo\/image\/"},"sameAs":["https:\/\/www.facebook.com\/TiketiCom\/"]}]}},"_links":{"self":[{"href":"https:\/\/tiketi.com\/fr-fr\/wp-json\/wp\/v2\/pages\/11141","targetHints":{"allow":["GET"]}}],"collection":[{"href":"https:\/\/tiketi.com\/fr-fr\/wp-json\/wp\/v2\/pages"}],"about":[{"href":"https:\/\/tiketi.com\/fr-fr\/wp-json\/wp\/v2\/types\/page"}],"author":[{"embeddable":true,"href":"https:\/\/tiketi.com\/fr-fr\/wp-json\/wp\/v2\/users\/1"}],"replies":[{"embeddable":true,"href":"https:\/\/tiketi.com\/fr-fr\/wp-json\/wp\/v2\/comments?post=11141"}],"version-history":[{"count":0,"href":"https:\/\/tiketi.com\/fr-fr\/wp-json\/wp\/v2\/pages\/11141\/revisions"}],"wp:featuredmedia":[{"embeddable":true,"href":"https:\/\/tiketi.com\/fr-fr\/wp-json\/wp\/v2\/media\/19299"}],"wp:attachment":[{"href":"https:\/\/tiketi.com\/fr-fr\/wp-json\/wp\/v2\/media?parent=11141"}],"curies":[{"name":"wp","href":"https:\/\/api.w.org\/{rel}","templated":true}]}}