{"id":11142,"date":"2022-01-19T12:54:16","date_gmt":"2022-01-19T11:54:16","guid":{"rendered":"https:\/\/new.tiketi.com\/online-food-delivery-in-lagos-nigeria-from-nearby-restaurants\/"},"modified":"2022-02-18T11:58:24","modified_gmt":"2022-02-18T10:58:24","slug":"online-food-delivery-lagos-nigeria","status":"publish","type":"page","link":"https:\/\/tiketi.com\/fr-fr\/online-food-delivery-lagos-nigeria\/","title":{"rendered":"Livraison de nourriture \u00e0 Lagos Nigeria \u2013 Commandez de la nourriture en ligne \u00e0 proximit\u00e9"},"content":{"rendered":"<h2>Service de livraison de nourriture bon march\u00e9 Lagos Nigeria<\/h2>\n<h3>Utilisez la meilleure application de livraison de nourriture \u00e0 Lagos Nigeria et commandez de la nourriture \u00e0 Lagos Nigeria aupr\u00e8s de services de livraison de nourriture bon march\u00e9 \u00e0 Lagos Nigeria, simples et faciles en ligne.<\/h3>\n<p>La livraison de nourriture en ligne \u00e0 Lagos au Nigeria est facilit\u00e9e. Vous vous souvenez de l&#039;\u00e9poque o\u00f9 les commandes du service de livraison de nourriture de Lagos Nigeria se composaient uniquement de plats chinois gras et de pizzas ti\u00e8des\u00a0? L&#039;id\u00e9e de la livraison pour le d\u00eener a radicalement remplac\u00e9 avec la mont\u00e9e en puissance des services de livraison de nourriture en ligne \u00e0 Lagos. De nos jours, une gamme de restaurants locaux et nationaux participent aux services de livraison de nourriture en ligne au bureau de Lagos au Nigeria. Ces services permettent aux clients de parcourir un plus grand choix de restaurants et d&#039;aliments et de commander de la nourriture via une application pratique de livraison de nourriture \u00e0 Lagos Nigeria ou une page Web. Comment commander de la nourriture \u00e0 Lagos Nigeria en ligne et \u00e9conomiser du temps et de l&#039;argent.<\/p>\n<h2>Quoi qu&#039;il en soit, examinons les avantages de la livraison de nourriture en ligne \u00e0 Lagos Nigeria\u00a0:<\/h2>\n<h3>Application de livraison de nourriture \u00e0 Lagos Nigeria \u2013 la facilit\u00e9 de la commande mobile<\/h3>\n<p>Des zones bond\u00e9es aux r\u00e9unions, il arrive parfois qu&#039;il ne soit pas possible de passer un appel t\u00e9l\u00e9phonique pour commander de la nourriture. La commande en ligne permet aux clients de commander \u00e0 tout moment et en tout lieu \u00e0 l&#039;aide de leurs tablettes, mobiles ou autres appareils portables. Il n\u2019est pas n\u00e9cessaire pour le client de tendre la main et de passer un appel tout en perturbant sa vie priv\u00e9e. Avec une application de livraison de nourriture \u00e0 Lagos Nigeria, le client peut passer une commande en silence sans avoir \u00e0 parler au t\u00e9l\u00e9phone. Un site ou une application adapt\u00e9 aux mobiles garantira que vous ne perdrez jamais un client.<\/p>\n<p>Service de livraison de nourriture plus saine, choix de Lagos Nigeria<\/p>\n<p>La livraison de nourriture en ligne \u00e0 Lagos Nigeria, la commande signifie plus d&#039;options. Les nouveaux clients peuvent commander un grand choix culinaire savoureux dans leurs restaurants locaux pr\u00e9f\u00e9r\u00e9s, m\u00eame des choix sains\u00a0? Vous voulez \u00e9viter les ailes de poulet et commander plut\u00f4t une recette de poulet avec des l\u00e9gumes cuits \u00e0 la vapeur\u00a0? C&#039;est possible. Le service de livraison de nourriture Lagos Nigeria permet aux clients de s&#039;en tenir \u00e0 des r\u00e9gimes alimentaires \u00e9quilibr\u00e9s m\u00eame lorsqu&#039;ils souhaitent d\u00eener au restaurant ou renoncer \u00e0 la pr\u00e9paration des repas.<\/p>\n<h3>Services de livraison de nourriture en ligne \u00e0 Lagos Nigeria, avantages et options suppl\u00e9mentaires<\/h3>\n<p>Pour commencer, de nombreux services de livraison de nourriture en ligne \u00e0 Lagos, au Nig\u00e9ria, proposent des promotions all\u00e9chantes non seulement pour satisfaire vos clients actuels, mais \u00e9galement pour vous aider \u00e0 attirer de nouveaux clients. Que votre commande en ligne soit h\u00e9berg\u00e9e sur votre site ou via des services tiers, proposer des promotions attrayantes peut vous aider \u00e0 augmenter vos ventes et \u00e0 satisfaire d\u00e9finitivement vos clients.<\/p>\n<h3>La commande de nourriture en ligne \u00e0 Lagos Nigeria vous permet de d\u00e9couvrir de nouveaux clients et de nouveaux restaurants<\/h3>\n<p>De plus en plus de restaurants rejoignent chaque jour les rangs de la communaut\u00e9 de livraison de nourriture de Lagos, au Nigeria, permettant aux clients un plus grand choix d&#039;aliments parmi lesquels choisir lors de la commande. Au lieu d\u2019\u00eatre confin\u00e9 dans les restaurants autour de chez lui ou dans ceux qui attirent simplement les r\u00e9sidents \u00e0 proximit\u00e9, les clients peuvent d\u00e9sormais d\u00e9couvrir de nouveaux restaurants. Relier les restaurants \u00e0 de nouveaux clients est l\u2019un des principaux avantages du secteur et permet \u00e9galement aux clients d\u2019\u00eatre un peu aventureux et d\u2019essayer un nouvel endroit.<\/p>","protected":false},"excerpt":{"rendered":"<p>Cheap Food Delivery Service&nbsp;Lagos&nbsp;Nigeria Use the best food delivery app in Lagos&nbsp;Nigeria and order food in Lagos&nbsp;Nigeria from cheap food delivery services in Lagos&nbsp;Nigeria simple and easy online. Online food delivery in Lagos Nigeria made easy. Remember the days when ordering food delivery service Lagos Nigeria&nbsp;consisted only of greasy Chinese food and lukewarm pizza? The [&hellip;]<\/p>\n","protected":false},"author":1,"featured_media":19299,"parent":0,"menu_order":0,"comment_status":"open","ping_status":"closed","template":"template-home-modern.php","meta":{"footnotes":""},"class_list":["post-11142","page","type-page","status-publish","has-post-thumbnail","hentry"],"yoast_head":"<!-- This site is optimized with the Yoast SEO plugin v27.2 - https:\/\/yoast.com\/product\/yoast-seo-wordpress\/ -->\n<title>Food Delivery in Lagos Nigeria - Order Food Online Near Me<\/title>\n<meta name=\"description\" content=\"Online food delivery in Lagos Nigeria from your favorite restaurants. Use the best food delivery app in Lagos and order food in Lagos from cheap food delivery service\" \/>\n<meta name=\"robots\" content=\"index, follow, max-snippet:-1, max-image-preview:large, max-video-preview:-1\" \/>\n<link rel=\"canonical\" href=\"https:\/\/tiketi.com\/fr-fr\/online-food-delivery-lagos-nigeria\/\" \/>\n<meta property=\"og:locale\" content=\"fr_FR\" \/>\n<meta property=\"og:type\" content=\"article\" \/>\n<meta property=\"og:title\" content=\"Food Delivery in Lagos Nigeria - Order Food Online Near Me\" \/>\n<meta property=\"og:description\" content=\"Online food delivery in Lagos Nigeria from your favorite restaurants. Use the best food delivery app in Lagos and order food in Lagos from cheap food delivery service\" \/>\n<meta property=\"og:url\" content=\"https:\/\/tiketi.com\/fr-fr\/online-food-delivery-lagos-nigeria\/\" \/>\n<meta property=\"og:site_name\" content=\"Tiketi.com\" \/>\n<meta property=\"article:publisher\" content=\"https:\/\/www.facebook.com\/TiketiCom\/\" \/>\n<meta property=\"article:modified_time\" content=\"2022-02-18T10:58:24+00:00\" \/>\n<meta property=\"og:image\" content=\"https:\/\/tiketi.com\/wp-content\/uploads\/2022\/02\/delivery-man2-6029429_1280.jpg\" \/>\n\t<meta property=\"og:image:width\" content=\"1200\" \/>\n\t<meta property=\"og:image:height\" content=\"200\" \/>\n\t<meta property=\"og:image:type\" content=\"image\/jpeg\" \/>\n<meta name=\"twitter:card\" content=\"summary_large_image\" \/>\n<meta name=\"twitter:label1\" content=\"Dur\u00e9e de lecture estim\u00e9e\" \/>\n\t<meta name=\"twitter:data1\" content=\"3 minutes\" \/>\n<script type=\"application\/ld+json\" class=\"yoast-schema-graph\">{\"@context\":\"https:\/\/schema.org\",\"@graph\":[{\"@type\":\"WebPage\",\"@id\":\"https:\/\/tiketi.com\/online-food-delivery-lagos-nigeria\/\",\"url\":\"https:\/\/tiketi.com\/online-food-delivery-lagos-nigeria\/\",\"name\":\"Food Delivery in Lagos Nigeria - Order Food Online Near Me\",\"isPartOf\":{\"@id\":\"https:\/\/tiketi.com\/#website\"},\"primaryImageOfPage\":{\"@id\":\"https:\/\/tiketi.com\/online-food-delivery-lagos-nigeria\/#primaryimage\"},\"image\":{\"@id\":\"https:\/\/tiketi.com\/online-food-delivery-lagos-nigeria\/#primaryimage\"},\"thumbnailUrl\":\"https:\/\/tiketi.com\/wp-content\/uploads\/2022\/02\/delivery-man2-6029429_1280.jpg\",\"datePublished\":\"2022-01-19T11:54:16+00:00\",\"dateModified\":\"2022-02-18T10:58:24+00:00\",\"description\":\"Online food delivery in Lagos Nigeria from your favorite restaurants. Use the best food delivery app in Lagos and order food in Lagos from cheap food delivery service\",\"breadcrumb\":{\"@id\":\"https:\/\/tiketi.com\/online-food-delivery-lagos-nigeria\/#breadcrumb\"},\"inLanguage\":\"fr-FR\",\"potentialAction\":[{\"@type\":\"ReadAction\",\"target\":[\"https:\/\/tiketi.com\/online-food-delivery-lagos-nigeria\/\"]}]},{\"@type\":\"ImageObject\",\"inLanguage\":\"fr-FR\",\"@id\":\"https:\/\/tiketi.com\/online-food-delivery-lagos-nigeria\/#primaryimage\",\"url\":\"https:\/\/tiketi.com\/wp-content\/uploads\/2022\/02\/delivery-man2-6029429_1280.jpg\",\"contentUrl\":\"https:\/\/tiketi.com\/wp-content\/uploads\/2022\/02\/delivery-man2-6029429_1280.jpg\",\"width\":1200,\"height\":200},{\"@type\":\"BreadcrumbList\",\"@id\":\"https:\/\/tiketi.com\/online-food-delivery-lagos-nigeria\/#breadcrumb\",\"itemListElement\":[{\"@type\":\"ListItem\",\"position\":1,\"name\":\"Home\",\"item\":\"https:\/\/tiketi.com\/\"},{\"@type\":\"ListItem\",\"position\":2,\"name\":\"Food Delivery in Lagos Nigeria &#8211; Order Food Online Near Me\"}]},{\"@type\":\"WebSite\",\"@id\":\"https:\/\/tiketi.com\/#website\",\"url\":\"https:\/\/tiketi.com\/\",\"name\":\"Flight & Bus Tickets, Tour Packages & Activitites - Tiketi.com\",\"description\":\"Flight &amp; Bus Tickets, Tours, Activitites\",\"publisher\":{\"@id\":\"https:\/\/tiketi.com\/#organization\"},\"potentialAction\":[{\"@type\":\"SearchAction\",\"target\":{\"@type\":\"EntryPoint\",\"urlTemplate\":\"https:\/\/tiketi.com\/?s={search_term_string}\"},\"query-input\":{\"@type\":\"PropertyValueSpecification\",\"valueRequired\":true,\"valueName\":\"search_term_string\"}}],\"inLanguage\":\"fr-FR\"},{\"@type\":\"Organization\",\"@id\":\"https:\/\/tiketi.com\/#organization\",\"name\":\"Tiketi.com\",\"alternateName\":\"Tiketi\",\"url\":\"https:\/\/tiketi.com\/\",\"logo\":{\"@type\":\"ImageObject\",\"inLanguage\":\"fr-FR\",\"@id\":\"https:\/\/tiketi.com\/#\/schema\/logo\/image\/\",\"url\":\"https:\/\/tiketi.com\/wp-content\/uploads\/2019\/05\/tiketi-logo-696.png\",\"contentUrl\":\"https:\/\/tiketi.com\/wp-content\/uploads\/2019\/05\/tiketi-logo-696.png\",\"width\":696,\"height\":696,\"caption\":\"Tiketi.com\"},\"image\":{\"@id\":\"https:\/\/tiketi.com\/#\/schema\/logo\/image\/\"},\"sameAs\":[\"https:\/\/www.facebook.com\/TiketiCom\/\"]}]}<\/script>\n<!-- \/ Yoast SEO plugin. -->","yoast_head_json":{"title":"Livraison de nourriture \u00e0 Lagos Nigeria - Commandez de la nourriture en ligne \u00e0 proximit\u00e9","description":"Livraison de nourriture en ligne \u00e0 Lagos Nigeria \u00e0 partir de vos restaurants pr\u00e9f\u00e9r\u00e9s. Utilisez la meilleure application de livraison de nourriture \u00e0 Lagos et commandez de la nourriture \u00e0 Lagos aupr\u00e8s d&#039;un service de livraison de nourriture bon march\u00e9","robots":{"index":"index","follow":"follow","max-snippet":"max-snippet:-1","max-image-preview":"max-image-preview:large","max-video-preview":"max-video-preview:-1"},"canonical":"https:\/\/tiketi.com\/fr-fr\/online-food-delivery-lagos-nigeria\/","og_locale":"fr_FR","og_type":"article","og_title":"Food Delivery in Lagos Nigeria - Order Food Online Near Me","og_description":"Online food delivery in Lagos Nigeria from your favorite restaurants. Use the best food delivery app in Lagos and order food in Lagos from cheap food delivery service","og_url":"https:\/\/tiketi.com\/fr-fr\/online-food-delivery-lagos-nigeria\/","og_site_name":"Tiketi.com","article_publisher":"https:\/\/www.facebook.com\/TiketiCom\/","article_modified_time":"2022-02-18T10:58:24+00:00","og_image":[{"width":1200,"height":200,"url":"https:\/\/tiketi.com\/wp-content\/uploads\/2022\/02\/delivery-man2-6029429_1280.jpg","type":"image\/jpeg"}],"twitter_card":"summary_large_image","twitter_misc":{"Dur\u00e9e de lecture estim\u00e9e":"3 minutes"},"schema":{"@context":"https:\/\/schema.org","@graph":[{"@type":"WebPage","@id":"https:\/\/tiketi.com\/online-food-delivery-lagos-nigeria\/","url":"https:\/\/tiketi.com\/online-food-delivery-lagos-nigeria\/","name":"Livraison de nourriture \u00e0 Lagos Nigeria - Commandez de la nourriture en ligne \u00e0 proximit\u00e9","isPartOf":{"@id":"https:\/\/tiketi.com\/#website"},"primaryImageOfPage":{"@id":"https:\/\/tiketi.com\/online-food-delivery-lagos-nigeria\/#primaryimage"},"image":{"@id":"https:\/\/tiketi.com\/online-food-delivery-lagos-nigeria\/#primaryimage"},"thumbnailUrl":"https:\/\/tiketi.com\/wp-content\/uploads\/2022\/02\/delivery-man2-6029429_1280.jpg","datePublished":"2022-01-19T11:54:16+00:00","dateModified":"2022-02-18T10:58:24+00:00","description":"Livraison de nourriture en ligne \u00e0 Lagos Nigeria \u00e0 partir de vos restaurants pr\u00e9f\u00e9r\u00e9s. Utilisez la meilleure application de livraison de nourriture \u00e0 Lagos et commandez de la nourriture \u00e0 Lagos aupr\u00e8s d&#039;un service de livraison de nourriture bon march\u00e9","breadcrumb":{"@id":"https:\/\/tiketi.com\/online-food-delivery-lagos-nigeria\/#breadcrumb"},"inLanguage":"fr-FR","potentialAction":[{"@type":"ReadAction","target":["https:\/\/tiketi.com\/online-food-delivery-lagos-nigeria\/"]}]},{"@type":"ImageObject","inLanguage":"fr-FR","@id":"https:\/\/tiketi.com\/online-food-delivery-lagos-nigeria\/#primaryimage","url":"https:\/\/tiketi.com\/wp-content\/uploads\/2022\/02\/delivery-man2-6029429_1280.jpg","contentUrl":"https:\/\/tiketi.com\/wp-content\/uploads\/2022\/02\/delivery-man2-6029429_1280.jpg","width":1200,"height":200},{"@type":"BreadcrumbList","@id":"https:\/\/tiketi.com\/online-food-delivery-lagos-nigeria\/#breadcrumb","itemListElement":[{"@type":"ListItem","position":1,"name":"Home","item":"https:\/\/tiketi.com\/"},{"@type":"ListItem","position":2,"name":"Food Delivery in Lagos Nigeria &#8211; Order Food Online Near Me"}]},{"@type":"WebSite","@id":"https:\/\/tiketi.com\/#website","url":"https:\/\/tiketi.com\/","name":"Billets d&#039;avion et de bus, forfaits touristiques et activit\u00e9s - Tiketi.com","description":"Billets d&#039;avion et de bus, Tours, Activit\u00e9s","publisher":{"@id":"https:\/\/tiketi.com\/#organization"},"potentialAction":[{"@type":"SearchAction","target":{"@type":"EntryPoint","urlTemplate":"https:\/\/tiketi.com\/?s={search_term_string}"},"query-input":{"@type":"PropertyValueSpecification","valueRequired":true,"valueName":"search_term_string"}}],"inLanguage":"fr-FR"},{"@type":"Organization","@id":"https:\/\/tiketi.com\/#organization","name":"Tiketi.com","alternateName":"Tiketi","url":"https:\/\/tiketi.com\/","logo":{"@type":"ImageObject","inLanguage":"fr-FR","@id":"https:\/\/tiketi.com\/#\/schema\/logo\/image\/","url":"https:\/\/tiketi.com\/wp-content\/uploads\/2019\/05\/tiketi-logo-696.png","contentUrl":"https:\/\/tiketi.com\/wp-content\/uploads\/2019\/05\/tiketi-logo-696.png","width":696,"height":696,"caption":"Tiketi.com"},"image":{"@id":"https:\/\/tiketi.com\/#\/schema\/logo\/image\/"},"sameAs":["https:\/\/www.facebook.com\/TiketiCom\/"]}]}},"_links":{"self":[{"href":"https:\/\/tiketi.com\/fr-fr\/wp-json\/wp\/v2\/pages\/11142","targetHints":{"allow":["GET"]}}],"collection":[{"href":"https:\/\/tiketi.com\/fr-fr\/wp-json\/wp\/v2\/pages"}],"about":[{"href":"https:\/\/tiketi.com\/fr-fr\/wp-json\/wp\/v2\/types\/page"}],"author":[{"embeddable":true,"href":"https:\/\/tiketi.com\/fr-fr\/wp-json\/wp\/v2\/users\/1"}],"replies":[{"embeddable":true,"href":"https:\/\/tiketi.com\/fr-fr\/wp-json\/wp\/v2\/comments?post=11142"}],"version-history":[{"count":0,"href":"https:\/\/tiketi.com\/fr-fr\/wp-json\/wp\/v2\/pages\/11142\/revisions"}],"wp:featuredmedia":[{"embeddable":true,"href":"https:\/\/tiketi.com\/fr-fr\/wp-json\/wp\/v2\/media\/19299"}],"wp:attachment":[{"href":"https:\/\/tiketi.com\/fr-fr\/wp-json\/wp\/v2\/media?parent=11142"}],"curies":[{"name":"wp","href":"https:\/\/api.w.org\/{rel}","templated":true}]}}