{"id":11143,"date":"2022-01-19T12:54:16","date_gmt":"2022-01-19T11:54:16","guid":{"rendered":"https:\/\/new.tiketi.com\/online-food-delivery-in-nairobi-from-nearby-restaurants\/"},"modified":"2022-02-18T12:12:32","modified_gmt":"2022-02-18T11:12:32","slug":"online-food-delivery-nairobi-kenya","status":"publish","type":"page","link":"https:\/\/tiketi.com\/fr-fr\/online-food-delivery-nairobi-kenya\/","title":{"rendered":"Livraison de nourriture \u00e0 Nairobi - Commandez de la nourriture en ligne pr\u00e8s de chez moi"},"content":{"rendered":"<h2>Service de livraison de nourriture bon march\u00e9 \u00e0 Nairobi<\/h2>\n<h3>Utilisez la meilleure application de livraison de nourriture \u00e0 Nairobi et commandez de la nourriture \u00e0 Nairobi \u00e0 partir de services de livraison de nourriture bon march\u00e9 \u00e0 Nairobi, simples et faciles en ligne.<\/h3>\n<p>La livraison de nourriture en ligne \u00e0 Nairobi en toute simplicit\u00e9. \u00c0 l&#039;\u00e8re num\u00e9rique, o\u00f9 les gens n&#039;ont pas de temps suppl\u00e9mentaire \u00e0 consacrer, m\u00eame pour la nourriture, ou ils ne sont m\u00eame pas libres de saisir des aliments \u00e0 quelques pas de marche simplement par le sentiment qu&#039;ils seront d\u00e9tenus pour avoir perdu du temps sur des choses sans importance. Alors, quelle pourrait \u00eatre la solution \u00e0 ce probl\u00e8me ? La r\u00e9ponse pour comprendre ces probl\u00e8mes sont les services de livraison de nourriture en ligne sur les sites Web de Nairobi ou l&#039;application de livraison de nourriture Nairobi. Comment commander de la nourriture \u00e0 Nairobi en ligne et gagner du temps et de l&#039;argent.<\/p>\n<h2>Pourquoi les clients pr\u00e9f\u00e8rent-ils la livraison de nourriture en ligne dans le service de Nairobi\u00a0?<\/h2>\n<h3>Voyons pourquoi les clients aiment le service de livraison de nourriture \u00e0 Nairobi, et que se passe-t-il dans le futur\u00a0?<\/h3>\n<h3>Application de livraison de nourriture Nairobi commodit\u00e9<\/h3>\n<p>La partie importante des clients qui se tournent vers la livraison de nourriture sur commande dans les services de Nairobi est la facilit\u00e9 qu&#039;ils offrent. L&#039;application de livraison de nourriture Nairobi doit faire correspondre la demande et l&#039;offre de la meilleure mani\u00e8re possible. Les clients s&#039;attendent \u00e0 ce que la nourriture soit livr\u00e9e et \u00e0 maintenir une association parfaite avec le client\u00a0; la nourriture doit \u00eatre livr\u00e9e sans d\u00e9lai. Les applications de livraison de nourriture \u00e0 Nairobi utilisent l&#039;optimisation des itin\u00e9raires et le suivi en temps r\u00e9el comme module d&#039;innovation pour faire correspondre l&#039;offre et la demande.<\/p>\n<p>Le nombre de restaurants, le type de paiement pr\u00e9f\u00e9r\u00e9, le suivi en temps r\u00e9el et le suivi continu contribuent tous \u00e0 rendre les services de livraison de nourriture \u00e0 Nairobi attrayants et pratiques. Commander de la nourriture \u00e0 Nairobi en ligne est d\u00e9velopp\u00e9 de mani\u00e8re utile avec un plan visant \u00e0 offrir aux clients la principale exp\u00e9rience adaptable. En outre, il offre aux propri\u00e9taires de restaurants des avantages pour superviser les livraisons et communiquer avec les clients pour offrir la meilleure exp\u00e9rience.<\/p>\n<h3>Vitesse<\/h3>\n<p>Pour la plupart, la livraison de nourriture \u00e0 domicile \u00e0 Nairobi prend environ trente minutes pour ex\u00e9cuter la commande. Les modules de suivi en temps r\u00e9el, d&#039;automatisation des t\u00e2ches, d&#039;optimisation des itin\u00e9raires, de planification et de gestion des livraisons am\u00e9liorent le processus de livraison. De plus, les clients ont la facilit\u00e9 de passer une commande sur un coup solitaire. Les services de livraison de nourriture au bureau complet \u00e0 Nairobi sont parfaits pour les clients et les propri\u00e9taires de restaurants.<\/p>\n<h3>Commander de la nourriture \u00e0 Nairobi promotions et offres en ligne<\/h3>\n<p>Il s&#039;av\u00e8re tout sauf difficile d&#039;attirer l&#039;attention des clients avec des promotions et des offres. Il est avantageux pour les restaurants et les clients d&#039;obtenir le nombre de commandes en attirant les clients avec des offres. Les clients re\u00e7oivent le montant de la commande et le cashback lors de la commande. Le cashback est une technique parfaite pour inciter les clients \u00e0 passer plus de commandes.<\/p>\n<h3>L&#039;avenir du service de livraison de nourriture \u00e0 Nairobi<\/h3>\n<p>Il y a eu une grande am\u00e9lioration du nombre de personnes demandant un service de livraison de nourriture en ligne \u00e0 Nairobi, poss\u00e9dant facilit\u00e9, accessibilit\u00e9 et efficacit\u00e9.<\/p>","protected":false},"excerpt":{"rendered":"<p>Cheap food delivery service in Nairobi Use the best food delivery app Nairobi and order food in Nairobi from cheap food delivery services in Nairobi simple and easy online. Online food delivery in Nairobi made easy. In this digital age, where people have no additional time to spend even for food, or they are not [&hellip;]<\/p>\n","protected":false},"author":1,"featured_media":19299,"parent":0,"menu_order":0,"comment_status":"open","ping_status":"closed","template":"template-home-modern.php","meta":{"footnotes":""},"class_list":["post-11143","page","type-page","status-publish","has-post-thumbnail","hentry"],"yoast_head":"<!-- This site is optimized with the Yoast SEO plugin v27.3 - https:\/\/yoast.com\/product\/yoast-seo-wordpress\/ -->\n<title>Food Delivery in Nairobi - Order Food Online Near Me<\/title>\n<meta name=\"description\" content=\"Online food delivery in Nairobi from your favorite restaurants. Use the best food delivery app in Nairobi and order food in Nairobi from cheap food delivery service\" \/>\n<meta name=\"robots\" content=\"index, follow, max-snippet:-1, max-image-preview:large, max-video-preview:-1\" \/>\n<link rel=\"canonical\" href=\"https:\/\/tiketi.com\/fr-fr\/online-food-delivery-nairobi-kenya\/\" \/>\n<meta property=\"og:locale\" content=\"fr_FR\" \/>\n<meta property=\"og:type\" content=\"article\" \/>\n<meta property=\"og:title\" content=\"Food Delivery in Nairobi - Order Food Online Near Me\" \/>\n<meta property=\"og:description\" content=\"Online food delivery in Nairobi from your favorite restaurants. Use the best food delivery app in Nairobi and order food in Nairobi from cheap food delivery service\" \/>\n<meta property=\"og:url\" content=\"https:\/\/tiketi.com\/fr-fr\/online-food-delivery-nairobi-kenya\/\" \/>\n<meta property=\"og:site_name\" content=\"Tiketi.com\" \/>\n<meta property=\"article:publisher\" content=\"https:\/\/www.facebook.com\/TiketiCom\/\" \/>\n<meta property=\"article:modified_time\" content=\"2022-02-18T11:12:32+00:00\" \/>\n<meta property=\"og:image\" content=\"https:\/\/tiketi.com\/wp-content\/uploads\/2022\/02\/delivery-man2-6029429_1280.jpg\" \/>\n\t<meta property=\"og:image:width\" content=\"1200\" \/>\n\t<meta property=\"og:image:height\" content=\"200\" \/>\n\t<meta property=\"og:image:type\" content=\"image\/jpeg\" \/>\n<meta name=\"twitter:card\" content=\"summary_large_image\" \/>\n<meta name=\"twitter:label1\" content=\"Dur\u00e9e de lecture estim\u00e9e\" \/>\n\t<meta name=\"twitter:data1\" content=\"2 minutes\" \/>\n<script type=\"application\/ld+json\" class=\"yoast-schema-graph\">{\"@context\":\"https:\\\/\\\/schema.org\",\"@graph\":[{\"@type\":\"WebPage\",\"@id\":\"https:\\\/\\\/tiketi.com\\\/online-food-delivery-nairobi-kenya\\\/\",\"url\":\"https:\\\/\\\/tiketi.com\\\/online-food-delivery-nairobi-kenya\\\/\",\"name\":\"Food Delivery in Nairobi - Order Food Online Near Me\",\"isPartOf\":{\"@id\":\"https:\\\/\\\/tiketi.com\\\/#website\"},\"primaryImageOfPage\":{\"@id\":\"https:\\\/\\\/tiketi.com\\\/online-food-delivery-nairobi-kenya\\\/#primaryimage\"},\"image\":{\"@id\":\"https:\\\/\\\/tiketi.com\\\/online-food-delivery-nairobi-kenya\\\/#primaryimage\"},\"thumbnailUrl\":\"https:\\\/\\\/tiketi.com\\\/wp-content\\\/uploads\\\/2022\\\/02\\\/delivery-man2-6029429_1280.jpg\",\"datePublished\":\"2022-01-19T11:54:16+00:00\",\"dateModified\":\"2022-02-18T11:12:32+00:00\",\"description\":\"Online food delivery in Nairobi from your favorite restaurants. Use the best food delivery app in Nairobi and order food in Nairobi from cheap food delivery service\",\"breadcrumb\":{\"@id\":\"https:\\\/\\\/tiketi.com\\\/online-food-delivery-nairobi-kenya\\\/#breadcrumb\"},\"inLanguage\":\"fr-FR\",\"potentialAction\":[{\"@type\":\"ReadAction\",\"target\":[\"https:\\\/\\\/tiketi.com\\\/online-food-delivery-nairobi-kenya\\\/\"]}]},{\"@type\":\"ImageObject\",\"inLanguage\":\"fr-FR\",\"@id\":\"https:\\\/\\\/tiketi.com\\\/online-food-delivery-nairobi-kenya\\\/#primaryimage\",\"url\":\"https:\\\/\\\/tiketi.com\\\/wp-content\\\/uploads\\\/2022\\\/02\\\/delivery-man2-6029429_1280.jpg\",\"contentUrl\":\"https:\\\/\\\/tiketi.com\\\/wp-content\\\/uploads\\\/2022\\\/02\\\/delivery-man2-6029429_1280.jpg\",\"width\":1200,\"height\":200},{\"@type\":\"BreadcrumbList\",\"@id\":\"https:\\\/\\\/tiketi.com\\\/online-food-delivery-nairobi-kenya\\\/#breadcrumb\",\"itemListElement\":[{\"@type\":\"ListItem\",\"position\":1,\"name\":\"Home\",\"item\":\"https:\\\/\\\/tiketi.com\\\/\"},{\"@type\":\"ListItem\",\"position\":2,\"name\":\"Food Delivery in Nairobi &#8211; Order Food Online Near Me\"}]},{\"@type\":\"WebSite\",\"@id\":\"https:\\\/\\\/tiketi.com\\\/#website\",\"url\":\"https:\\\/\\\/tiketi.com\\\/\",\"name\":\"Flight & Bus Tickets, Tour Packages & Activitites - Tiketi.com\",\"description\":\"Flight &amp; Bus Tickets, Tours, Activitites\",\"publisher\":{\"@id\":\"https:\\\/\\\/tiketi.com\\\/#organization\"},\"potentialAction\":[{\"@type\":\"SearchAction\",\"target\":{\"@type\":\"EntryPoint\",\"urlTemplate\":\"https:\\\/\\\/tiketi.com\\\/?s={search_term_string}\"},\"query-input\":{\"@type\":\"PropertyValueSpecification\",\"valueRequired\":true,\"valueName\":\"search_term_string\"}}],\"inLanguage\":\"fr-FR\"},{\"@type\":\"Organization\",\"@id\":\"https:\\\/\\\/tiketi.com\\\/#organization\",\"name\":\"Tiketi.com\",\"alternateName\":\"Tiketi\",\"url\":\"https:\\\/\\\/tiketi.com\\\/\",\"logo\":{\"@type\":\"ImageObject\",\"inLanguage\":\"fr-FR\",\"@id\":\"https:\\\/\\\/tiketi.com\\\/#\\\/schema\\\/logo\\\/image\\\/\",\"url\":\"https:\\\/\\\/tiketi.com\\\/wp-content\\\/uploads\\\/2019\\\/05\\\/tiketi-logo-696.png\",\"contentUrl\":\"https:\\\/\\\/tiketi.com\\\/wp-content\\\/uploads\\\/2019\\\/05\\\/tiketi-logo-696.png\",\"width\":696,\"height\":696,\"caption\":\"Tiketi.com\"},\"image\":{\"@id\":\"https:\\\/\\\/tiketi.com\\\/#\\\/schema\\\/logo\\\/image\\\/\"},\"sameAs\":[\"https:\\\/\\\/www.facebook.com\\\/TiketiCom\\\/\"]}]}<\/script>\n<!-- \/ Yoast SEO plugin. -->","yoast_head_json":{"title":"Livraison de nourriture \u00e0 Nairobi - Commandez de la nourriture en ligne pr\u00e8s de chez moi","description":"Livraison de nourriture en ligne \u00e0 Nairobi depuis vos restaurants pr\u00e9f\u00e9r\u00e9s. Utilisez la meilleure application de livraison de nourriture \u00e0 Nairobi et commandez de la nourriture \u00e0 Nairobi \u00e0 partir d&#039;un service de livraison de nourriture bon march\u00e9","robots":{"index":"index","follow":"follow","max-snippet":"max-snippet:-1","max-image-preview":"max-image-preview:large","max-video-preview":"max-video-preview:-1"},"canonical":"https:\/\/tiketi.com\/fr-fr\/online-food-delivery-nairobi-kenya\/","og_locale":"fr_FR","og_type":"article","og_title":"Food Delivery in Nairobi - Order Food Online Near Me","og_description":"Online food delivery in Nairobi from your favorite restaurants. Use the best food delivery app in Nairobi and order food in Nairobi from cheap food delivery service","og_url":"https:\/\/tiketi.com\/fr-fr\/online-food-delivery-nairobi-kenya\/","og_site_name":"Tiketi.com","article_publisher":"https:\/\/www.facebook.com\/TiketiCom\/","article_modified_time":"2022-02-18T11:12:32+00:00","og_image":[{"width":1200,"height":200,"url":"https:\/\/tiketi.com\/wp-content\/uploads\/2022\/02\/delivery-man2-6029429_1280.jpg","type":"image\/jpeg"}],"twitter_card":"summary_large_image","twitter_misc":{"Dur\u00e9e de lecture estim\u00e9e":"2 minutes"},"schema":{"@context":"https:\/\/schema.org","@graph":[{"@type":"WebPage","@id":"https:\/\/tiketi.com\/online-food-delivery-nairobi-kenya\/","url":"https:\/\/tiketi.com\/online-food-delivery-nairobi-kenya\/","name":"Livraison de nourriture \u00e0 Nairobi - Commandez de la nourriture en ligne pr\u00e8s de chez moi","isPartOf":{"@id":"https:\/\/tiketi.com\/#website"},"primaryImageOfPage":{"@id":"https:\/\/tiketi.com\/online-food-delivery-nairobi-kenya\/#primaryimage"},"image":{"@id":"https:\/\/tiketi.com\/online-food-delivery-nairobi-kenya\/#primaryimage"},"thumbnailUrl":"https:\/\/tiketi.com\/wp-content\/uploads\/2022\/02\/delivery-man2-6029429_1280.jpg","datePublished":"2022-01-19T11:54:16+00:00","dateModified":"2022-02-18T11:12:32+00:00","description":"Livraison de nourriture en ligne \u00e0 Nairobi depuis vos restaurants pr\u00e9f\u00e9r\u00e9s. Utilisez la meilleure application de livraison de nourriture \u00e0 Nairobi et commandez de la nourriture \u00e0 Nairobi \u00e0 partir d&#039;un service de livraison de nourriture bon march\u00e9","breadcrumb":{"@id":"https:\/\/tiketi.com\/online-food-delivery-nairobi-kenya\/#breadcrumb"},"inLanguage":"fr-FR","potentialAction":[{"@type":"ReadAction","target":["https:\/\/tiketi.com\/online-food-delivery-nairobi-kenya\/"]}]},{"@type":"ImageObject","inLanguage":"fr-FR","@id":"https:\/\/tiketi.com\/online-food-delivery-nairobi-kenya\/#primaryimage","url":"https:\/\/tiketi.com\/wp-content\/uploads\/2022\/02\/delivery-man2-6029429_1280.jpg","contentUrl":"https:\/\/tiketi.com\/wp-content\/uploads\/2022\/02\/delivery-man2-6029429_1280.jpg","width":1200,"height":200},{"@type":"BreadcrumbList","@id":"https:\/\/tiketi.com\/online-food-delivery-nairobi-kenya\/#breadcrumb","itemListElement":[{"@type":"ListItem","position":1,"name":"Home","item":"https:\/\/tiketi.com\/"},{"@type":"ListItem","position":2,"name":"Food Delivery in Nairobi &#8211; Order Food Online Near Me"}]},{"@type":"WebSite","@id":"https:\/\/tiketi.com\/#website","url":"https:\/\/tiketi.com\/","name":"Billets d&#039;avion et de bus, forfaits touristiques et activit\u00e9s - Tiketi.com","description":"Billets d&#039;avion et de bus, Tours, Activit\u00e9s","publisher":{"@id":"https:\/\/tiketi.com\/#organization"},"potentialAction":[{"@type":"SearchAction","target":{"@type":"EntryPoint","urlTemplate":"https:\/\/tiketi.com\/?s={search_term_string}"},"query-input":{"@type":"PropertyValueSpecification","valueRequired":true,"valueName":"search_term_string"}}],"inLanguage":"fr-FR"},{"@type":"Organization","@id":"https:\/\/tiketi.com\/#organization","name":"Tiketi.com","alternateName":"Tiketi","url":"https:\/\/tiketi.com\/","logo":{"@type":"ImageObject","inLanguage":"fr-FR","@id":"https:\/\/tiketi.com\/#\/schema\/logo\/image\/","url":"https:\/\/tiketi.com\/wp-content\/uploads\/2019\/05\/tiketi-logo-696.png","contentUrl":"https:\/\/tiketi.com\/wp-content\/uploads\/2019\/05\/tiketi-logo-696.png","width":696,"height":696,"caption":"Tiketi.com"},"image":{"@id":"https:\/\/tiketi.com\/#\/schema\/logo\/image\/"},"sameAs":["https:\/\/www.facebook.com\/TiketiCom\/"]}]}},"_links":{"self":[{"href":"https:\/\/tiketi.com\/fr-fr\/wp-json\/wp\/v2\/pages\/11143","targetHints":{"allow":["GET"]}}],"collection":[{"href":"https:\/\/tiketi.com\/fr-fr\/wp-json\/wp\/v2\/pages"}],"about":[{"href":"https:\/\/tiketi.com\/fr-fr\/wp-json\/wp\/v2\/types\/page"}],"author":[{"embeddable":true,"href":"https:\/\/tiketi.com\/fr-fr\/wp-json\/wp\/v2\/users\/1"}],"replies":[{"embeddable":true,"href":"https:\/\/tiketi.com\/fr-fr\/wp-json\/wp\/v2\/comments?post=11143"}],"version-history":[{"count":0,"href":"https:\/\/tiketi.com\/fr-fr\/wp-json\/wp\/v2\/pages\/11143\/revisions"}],"wp:featuredmedia":[{"embeddable":true,"href":"https:\/\/tiketi.com\/fr-fr\/wp-json\/wp\/v2\/media\/19299"}],"wp:attachment":[{"href":"https:\/\/tiketi.com\/fr-fr\/wp-json\/wp\/v2\/media?parent=11143"}],"curies":[{"name":"wp","href":"https:\/\/api.w.org\/{rel}","templated":true}]}}