{"id":11144,"date":"2022-01-19T12:54:16","date_gmt":"2022-01-19T11:54:16","guid":{"rendered":"https:\/\/new.tiketi.com\/online-food-delivery-in-kigali-from-nearby-restaurants\/"},"modified":"2022-02-18T11:56:06","modified_gmt":"2022-02-18T10:56:06","slug":"online-food-delivery-kigali-rwanda","status":"publish","type":"page","link":"https:\/\/tiketi.com\/fr-fr\/online-food-delivery-kigali-rwanda\/","title":{"rendered":"Livraison de nourriture \u00e0 Kigali - Commandez de la nourriture en ligne \u00e0 proximit\u00e9"},"content":{"rendered":"<h2>Service de livraison de nourriture pas cher Kigali<\/h2>\n<h3>Utilisez la meilleure application de livraison de nourriture \u00e0 Kigali et commandez de la nourriture \u00e0 Kigali aupr\u00e8s d&#039;un service de livraison de nourriture bon march\u00e9 \u00e0 Kigali, simple et facile en ligne.<\/h3>\n<p>Le service de livraison de nourriture en ligne \u00e0 Kigali gagne du terrain et atteint son apog\u00e9e. Imaginez que vous \u00eates assis sur votre canap\u00e9 et que vous regardez votre \u00e9mission pr\u00e9f\u00e9r\u00e9e avec un plat savoureux \u00e0 la main. \u00c7a fait du bien, n&#039;est-ce pas\u00a0! Ceci est possible avec le service de livraison de nourriture Kigali. L\u2019avantage le plus vital de la livraison de nourriture est de pouvoir proposer de la nourriture quand et o\u00f9 vous le souhaitez. De nos jours, les gens sont parfois trop occup\u00e9s, mais l&#039;application de livraison de nourriture \u00e0 domicile Kigali les aide \u00e0 manger un morceau dans leur emploi du temps charg\u00e9. Comment commander de la nourriture \u00e0 Kigali en ligne et gagner du temps et de l&#039;argent.<\/p>\n<h2>Voici quelques-uns des avantages du service de livraison de nourriture en ligne \u00e0 Kigali\u00a0:<\/h2>\n<h3>Application de livraison de nourriture \u00e0 Kigali, grande vari\u00e9t\u00e9<\/h3>\n<p>Le menu Internet offre \u00e0 l&#039;utilisateur le choix de choisir parmi diff\u00e9rents restaurants. Les images de plats et de cuisine attirent et motivent un utilisateur \u00e0 <strong>commander de la nourriture \u00e0 Kigali<\/strong>. Vous pouvez g\u00e9rer votre alimentation en utilisant les services de livraison de nourriture en ligne de Kigali, car vous connaissez les bonnes calories dont vous disposez.<\/p>\n<p>Le service de livraison de nourriture en ligne \u00e0 Kigali vous propose une large gamme de cuisines comme la tha\u00efe, l&#039;italienne, la chinoise et diff\u00e9rentes vari\u00e9t\u00e9s de plats comme les p\u00e2tes, les hamburgers, les burritos et les pizzas livr\u00e9es \u00e0 Kigali. Ces choix vous aident \u00e0 essayer de nouveaux aliments ou \u00e0 choisir parmi diff\u00e9rents types de cuisine.<\/p>\n<h3>Un service de livraison de nourriture en ligne \u00e0 Kigali aide \u00e0 explorer de nouveaux endroits<\/h3>\n<p>Un avantage important de la commande via le service de livraison de nourriture en ligne \u00e0 Kigali est l&#039;exploration de nouveaux endroits. Vous aurez donc de nombreux choix parmi les restaurants de Kigali. Pourquoi cela est consid\u00e9r\u00e9 comme vital parce que les gens sont toujours tr\u00e8s r\u00e9ticents \u00e0 choisir parmi les menus et de plus s&#039;ils trouvent cela d\u00e9routant, ils abandonneront cette id\u00e9e et opteront pour la technique de visite, avec une large gamme de choix accessibles, il y a le meilleur choix de ne pas le simple fait d&#039;avoir les articles souhait\u00e9s \u00e0 port\u00e9e de main, mais cela donne \u00e9galement la possibilit\u00e9 d&#039;explorer de nouvelles choses \u00e0 port\u00e9e de main.<\/p>\n<h3>Commander de la nourriture \u00e0 Kigali est une bonne affaire<\/h3>\n<p>Par exemple, vous exploitez un service de livraison de nourriture chinoise \u00e0 Kigali o\u00f9 vous devez collecter de la nourriture \u00e0 diff\u00e9rents endroits. Si votre entreprise est la meilleure, c&#039;est-\u00e0-dire que votre syst\u00e8me de livraison est efficace, cela pourrait \u00eatre une entreprise rentable pour vous car davantage de personnes le feront. envisagez de livrer de la nourriture chez eux. Cela peut \u00eatre utile pendant les heures de pointe du d\u00e9jeuner au bureau et \u00e9galement pendant les week-ends o\u00f9 les gens restent \u00e0 la maison allong\u00e9s sur leur canap\u00e9 en profitant de Netflix et en se relaxant, leur envie deviendra une raison pour votre chance.<\/p>\n<p>Les hommes d\u2019affaires et les entrepreneurs se tournent vers la livraison de nourriture en ligne \u00e0 Kigali en raison de ses revenus et de sa port\u00e9e. Alors que la plupart des millennials sont favorables \u00e0 la commande de nourriture \u00e0 Kigali via Internet, la demande ne cesse d&#039;augmenter. Il existe de nombreuses applications de livraison de nourriture \u00e0 Kigali. Mais il existe n\u00e9anmoins de nombreuses possibilit\u00e9s de d\u00e9veloppement et d\u2019am\u00e9lioration qui peuvent \u00eatre exploit\u00e9es par les startups.<\/p>","protected":false},"excerpt":{"rendered":"<p>Cheap Food Delivery Service\u00a0Kigali Use the best food delivery app Kigali and order food in Kigali from cheap food delivery service\u00a0in Kigali simple and easy online. Online food delivery in Kigali service is gaining its ground and reaching its peak.\u00a0Imagine that you are sitting on your sofa, watching your favorite show with tasty food in [&hellip;]<\/p>\n","protected":false},"author":1,"featured_media":19299,"parent":0,"menu_order":0,"comment_status":"open","ping_status":"closed","template":"template-home-modern.php","meta":{"footnotes":""},"class_list":["post-11144","page","type-page","status-publish","has-post-thumbnail","hentry"],"yoast_head":"<!-- This site is optimized with the Yoast SEO plugin v27.2 - https:\/\/yoast.com\/product\/yoast-seo-wordpress\/ -->\n<title>Food Delivery in Kigali - Order Food Online Near Me<\/title>\n<meta name=\"description\" content=\"Online food delivery in Kigali from your favorite restaurants. Use the best food delivery app in Kigali and order food in Kigali from cheap food delivery service\" \/>\n<meta name=\"robots\" content=\"index, follow, max-snippet:-1, max-image-preview:large, max-video-preview:-1\" \/>\n<link rel=\"canonical\" href=\"https:\/\/tiketi.com\/fr-fr\/online-food-delivery-kigali-rwanda\/\" \/>\n<meta property=\"og:locale\" content=\"fr_FR\" \/>\n<meta property=\"og:type\" content=\"article\" \/>\n<meta property=\"og:title\" content=\"Food Delivery in Kigali - Order Food Online Near Me\" \/>\n<meta property=\"og:description\" content=\"Online food delivery in Kigali from your favorite restaurants. Use the best food delivery app in Kigali and order food in Kigali from cheap food delivery service\" \/>\n<meta property=\"og:url\" content=\"https:\/\/tiketi.com\/fr-fr\/online-food-delivery-kigali-rwanda\/\" \/>\n<meta property=\"og:site_name\" content=\"Tiketi.com\" \/>\n<meta property=\"article:publisher\" content=\"https:\/\/www.facebook.com\/TiketiCom\/\" \/>\n<meta property=\"article:modified_time\" content=\"2022-02-18T10:56:06+00:00\" \/>\n<meta property=\"og:image\" content=\"https:\/\/tiketi.com\/wp-content\/uploads\/2022\/02\/delivery-man2-6029429_1280.jpg\" \/>\n\t<meta property=\"og:image:width\" content=\"1200\" \/>\n\t<meta property=\"og:image:height\" content=\"200\" \/>\n\t<meta property=\"og:image:type\" content=\"image\/jpeg\" \/>\n<meta name=\"twitter:card\" content=\"summary_large_image\" \/>\n<meta name=\"twitter:label1\" content=\"Dur\u00e9e de lecture estim\u00e9e\" \/>\n\t<meta name=\"twitter:data1\" content=\"3 minutes\" \/>\n<script type=\"application\/ld+json\" class=\"yoast-schema-graph\">{\"@context\":\"https:\/\/schema.org\",\"@graph\":[{\"@type\":\"WebPage\",\"@id\":\"https:\/\/tiketi.com\/online-food-delivery-kigali-rwanda\/\",\"url\":\"https:\/\/tiketi.com\/online-food-delivery-kigali-rwanda\/\",\"name\":\"Food Delivery in Kigali - Order Food Online Near Me\",\"isPartOf\":{\"@id\":\"https:\/\/tiketi.com\/#website\"},\"primaryImageOfPage\":{\"@id\":\"https:\/\/tiketi.com\/online-food-delivery-kigali-rwanda\/#primaryimage\"},\"image\":{\"@id\":\"https:\/\/tiketi.com\/online-food-delivery-kigali-rwanda\/#primaryimage\"},\"thumbnailUrl\":\"https:\/\/tiketi.com\/wp-content\/uploads\/2022\/02\/delivery-man2-6029429_1280.jpg\",\"datePublished\":\"2022-01-19T11:54:16+00:00\",\"dateModified\":\"2022-02-18T10:56:06+00:00\",\"description\":\"Online food delivery in Kigali from your favorite restaurants. Use the best food delivery app in Kigali and order food in Kigali from cheap food delivery service\",\"breadcrumb\":{\"@id\":\"https:\/\/tiketi.com\/online-food-delivery-kigali-rwanda\/#breadcrumb\"},\"inLanguage\":\"fr-FR\",\"potentialAction\":[{\"@type\":\"ReadAction\",\"target\":[\"https:\/\/tiketi.com\/online-food-delivery-kigali-rwanda\/\"]}]},{\"@type\":\"ImageObject\",\"inLanguage\":\"fr-FR\",\"@id\":\"https:\/\/tiketi.com\/online-food-delivery-kigali-rwanda\/#primaryimage\",\"url\":\"https:\/\/tiketi.com\/wp-content\/uploads\/2022\/02\/delivery-man2-6029429_1280.jpg\",\"contentUrl\":\"https:\/\/tiketi.com\/wp-content\/uploads\/2022\/02\/delivery-man2-6029429_1280.jpg\",\"width\":1200,\"height\":200},{\"@type\":\"BreadcrumbList\",\"@id\":\"https:\/\/tiketi.com\/online-food-delivery-kigali-rwanda\/#breadcrumb\",\"itemListElement\":[{\"@type\":\"ListItem\",\"position\":1,\"name\":\"Home\",\"item\":\"https:\/\/tiketi.com\/\"},{\"@type\":\"ListItem\",\"position\":2,\"name\":\"Food Delivery in Kigali &#8211; Order Food Online Near Me\"}]},{\"@type\":\"WebSite\",\"@id\":\"https:\/\/tiketi.com\/#website\",\"url\":\"https:\/\/tiketi.com\/\",\"name\":\"Flight & Bus Tickets, Tour Packages & Activitites - Tiketi.com\",\"description\":\"Flight &amp; Bus Tickets, Tours, Activitites\",\"publisher\":{\"@id\":\"https:\/\/tiketi.com\/#organization\"},\"potentialAction\":[{\"@type\":\"SearchAction\",\"target\":{\"@type\":\"EntryPoint\",\"urlTemplate\":\"https:\/\/tiketi.com\/?s={search_term_string}\"},\"query-input\":{\"@type\":\"PropertyValueSpecification\",\"valueRequired\":true,\"valueName\":\"search_term_string\"}}],\"inLanguage\":\"fr-FR\"},{\"@type\":\"Organization\",\"@id\":\"https:\/\/tiketi.com\/#organization\",\"name\":\"Tiketi.com\",\"alternateName\":\"Tiketi\",\"url\":\"https:\/\/tiketi.com\/\",\"logo\":{\"@type\":\"ImageObject\",\"inLanguage\":\"fr-FR\",\"@id\":\"https:\/\/tiketi.com\/#\/schema\/logo\/image\/\",\"url\":\"https:\/\/tiketi.com\/wp-content\/uploads\/2019\/05\/tiketi-logo-696.png\",\"contentUrl\":\"https:\/\/tiketi.com\/wp-content\/uploads\/2019\/05\/tiketi-logo-696.png\",\"width\":696,\"height\":696,\"caption\":\"Tiketi.com\"},\"image\":{\"@id\":\"https:\/\/tiketi.com\/#\/schema\/logo\/image\/\"},\"sameAs\":[\"https:\/\/www.facebook.com\/TiketiCom\/\"]}]}<\/script>\n<!-- \/ Yoast SEO plugin. -->","yoast_head_json":{"title":"Livraison de nourriture \u00e0 Kigali - Commandez de la nourriture en ligne \u00e0 proximit\u00e9","description":"Livraison de nourriture en ligne \u00e0 Kigali depuis vos restaurants pr\u00e9f\u00e9r\u00e9s. Utilisez la meilleure application de livraison de nourriture \u00e0 Kigali et commandez de la nourriture \u00e0 Kigali aupr\u00e8s d&#039;un service de livraison de nourriture bon march\u00e9","robots":{"index":"index","follow":"follow","max-snippet":"max-snippet:-1","max-image-preview":"max-image-preview:large","max-video-preview":"max-video-preview:-1"},"canonical":"https:\/\/tiketi.com\/fr-fr\/online-food-delivery-kigali-rwanda\/","og_locale":"fr_FR","og_type":"article","og_title":"Food Delivery in Kigali - Order Food Online Near Me","og_description":"Online food delivery in Kigali from your favorite restaurants. Use the best food delivery app in Kigali and order food in Kigali from cheap food delivery service","og_url":"https:\/\/tiketi.com\/fr-fr\/online-food-delivery-kigali-rwanda\/","og_site_name":"Tiketi.com","article_publisher":"https:\/\/www.facebook.com\/TiketiCom\/","article_modified_time":"2022-02-18T10:56:06+00:00","og_image":[{"width":1200,"height":200,"url":"https:\/\/tiketi.com\/wp-content\/uploads\/2022\/02\/delivery-man2-6029429_1280.jpg","type":"image\/jpeg"}],"twitter_card":"summary_large_image","twitter_misc":{"Dur\u00e9e de lecture estim\u00e9e":"3 minutes"},"schema":{"@context":"https:\/\/schema.org","@graph":[{"@type":"WebPage","@id":"https:\/\/tiketi.com\/online-food-delivery-kigali-rwanda\/","url":"https:\/\/tiketi.com\/online-food-delivery-kigali-rwanda\/","name":"Livraison de nourriture \u00e0 Kigali - Commandez de la nourriture en ligne \u00e0 proximit\u00e9","isPartOf":{"@id":"https:\/\/tiketi.com\/#website"},"primaryImageOfPage":{"@id":"https:\/\/tiketi.com\/online-food-delivery-kigali-rwanda\/#primaryimage"},"image":{"@id":"https:\/\/tiketi.com\/online-food-delivery-kigali-rwanda\/#primaryimage"},"thumbnailUrl":"https:\/\/tiketi.com\/wp-content\/uploads\/2022\/02\/delivery-man2-6029429_1280.jpg","datePublished":"2022-01-19T11:54:16+00:00","dateModified":"2022-02-18T10:56:06+00:00","description":"Livraison de nourriture en ligne \u00e0 Kigali depuis vos restaurants pr\u00e9f\u00e9r\u00e9s. Utilisez la meilleure application de livraison de nourriture \u00e0 Kigali et commandez de la nourriture \u00e0 Kigali aupr\u00e8s d&#039;un service de livraison de nourriture bon march\u00e9","breadcrumb":{"@id":"https:\/\/tiketi.com\/online-food-delivery-kigali-rwanda\/#breadcrumb"},"inLanguage":"fr-FR","potentialAction":[{"@type":"ReadAction","target":["https:\/\/tiketi.com\/online-food-delivery-kigali-rwanda\/"]}]},{"@type":"ImageObject","inLanguage":"fr-FR","@id":"https:\/\/tiketi.com\/online-food-delivery-kigali-rwanda\/#primaryimage","url":"https:\/\/tiketi.com\/wp-content\/uploads\/2022\/02\/delivery-man2-6029429_1280.jpg","contentUrl":"https:\/\/tiketi.com\/wp-content\/uploads\/2022\/02\/delivery-man2-6029429_1280.jpg","width":1200,"height":200},{"@type":"BreadcrumbList","@id":"https:\/\/tiketi.com\/online-food-delivery-kigali-rwanda\/#breadcrumb","itemListElement":[{"@type":"ListItem","position":1,"name":"Home","item":"https:\/\/tiketi.com\/"},{"@type":"ListItem","position":2,"name":"Food Delivery in Kigali &#8211; Order Food Online Near Me"}]},{"@type":"WebSite","@id":"https:\/\/tiketi.com\/#website","url":"https:\/\/tiketi.com\/","name":"Billets d&#039;avion et de bus, forfaits touristiques et activit\u00e9s - Tiketi.com","description":"Billets d&#039;avion et de bus, Tours, Activit\u00e9s","publisher":{"@id":"https:\/\/tiketi.com\/#organization"},"potentialAction":[{"@type":"SearchAction","target":{"@type":"EntryPoint","urlTemplate":"https:\/\/tiketi.com\/?s={search_term_string}"},"query-input":{"@type":"PropertyValueSpecification","valueRequired":true,"valueName":"search_term_string"}}],"inLanguage":"fr-FR"},{"@type":"Organization","@id":"https:\/\/tiketi.com\/#organization","name":"Tiketi.com","alternateName":"Tiketi","url":"https:\/\/tiketi.com\/","logo":{"@type":"ImageObject","inLanguage":"fr-FR","@id":"https:\/\/tiketi.com\/#\/schema\/logo\/image\/","url":"https:\/\/tiketi.com\/wp-content\/uploads\/2019\/05\/tiketi-logo-696.png","contentUrl":"https:\/\/tiketi.com\/wp-content\/uploads\/2019\/05\/tiketi-logo-696.png","width":696,"height":696,"caption":"Tiketi.com"},"image":{"@id":"https:\/\/tiketi.com\/#\/schema\/logo\/image\/"},"sameAs":["https:\/\/www.facebook.com\/TiketiCom\/"]}]}},"_links":{"self":[{"href":"https:\/\/tiketi.com\/fr-fr\/wp-json\/wp\/v2\/pages\/11144","targetHints":{"allow":["GET"]}}],"collection":[{"href":"https:\/\/tiketi.com\/fr-fr\/wp-json\/wp\/v2\/pages"}],"about":[{"href":"https:\/\/tiketi.com\/fr-fr\/wp-json\/wp\/v2\/types\/page"}],"author":[{"embeddable":true,"href":"https:\/\/tiketi.com\/fr-fr\/wp-json\/wp\/v2\/users\/1"}],"replies":[{"embeddable":true,"href":"https:\/\/tiketi.com\/fr-fr\/wp-json\/wp\/v2\/comments?post=11144"}],"version-history":[{"count":0,"href":"https:\/\/tiketi.com\/fr-fr\/wp-json\/wp\/v2\/pages\/11144\/revisions"}],"wp:featuredmedia":[{"embeddable":true,"href":"https:\/\/tiketi.com\/fr-fr\/wp-json\/wp\/v2\/media\/19299"}],"wp:attachment":[{"href":"https:\/\/tiketi.com\/fr-fr\/wp-json\/wp\/v2\/media?parent=11144"}],"curies":[{"name":"wp","href":"https:\/\/api.w.org\/{rel}","templated":true}]}}