{"id":11145,"date":"2022-01-19T12:54:16","date_gmt":"2022-01-19T11:54:16","guid":{"rendered":"https:\/\/new.tiketi.com\/online-food-delivery-in-dar-es-salaam-from-nearby-restaurants\/"},"modified":"2022-02-18T11:49:40","modified_gmt":"2022-02-18T10:49:40","slug":"online-food-delivery-dar-es-salaam-tanzania","status":"publish","type":"page","link":"https:\/\/tiketi.com\/fr-fr\/online-food-delivery-dar-es-salaam-tanzania\/","title":{"rendered":"Livraison de nourriture \u00e0 Dar es Salaam - Commandez de la nourriture en ligne pr\u00e8s de chez moi"},"content":{"rendered":"<h2>Service de livraison de nourriture pas cher Dar es Salaam<\/h2>\n<h3>Utilisez la meilleure application de livraison de nourriture \u00e0 Dar es Salaam et commandez de la nourriture \u00e0 Dar es Salaam \u00e0 partir de services de livraison de nourriture bon march\u00e9 \u00e0 Dar es Salaam, simples et faciles en ligne.<\/h3>\n<p>La livraison de nourriture en ligne \u00e0 Dar es Salaam \u00e0 partir de restaurants \u00e0 proximit\u00e9 est simplifi\u00e9e. La nourriture est un besoin essentiel de la race humaine. Mais de nos jours, les gens sont aux prises non seulement avec leurs horaires charg\u00e9s, mais aussi avec le risque de COVID-19. Ils n&#039;ont pas le bon moment pour manger, cuisiner ou sortir dans les restaurants de Dar es Salaam pour manger leur plat pr\u00e9f\u00e9r\u00e9 en raison des circonstances de la vie. Le service de livraison de nourriture en ligne Dar es Salaam s&#039;av\u00e8re \u00eatre une aubaine pour nous. Il r\u00e9sout tous ces probl\u00e8mes. Imaginez que vous regardiez votre s\u00e9rie Web pr\u00e9f\u00e9r\u00e9e sur Amazon Prime \u00e0 la maison ou ailleurs. Du coup, vous vous \u00eates mis \u00e0 avoir des fringales en voyant une pizza dans une webs\u00e9rie. Vous pouvez simplement commander de la nourriture \u00e0 Dar es Salaam en un seul clic dans une application de livraison de nourriture Dar es Salaam. Voici quelques-uns des avantages de la livraison de repas \u00e0 domicile \u00e0 Dar es Salaam :<\/p>\n<h2>Avantages du service de livraison de nourriture en ligne \u00e0 Dar es Salaam<\/h2>\n<h3>Livraison de nourriture \u00e0 domicile en ligne \u00e0 Dar es Salaam facilit\u00e9 d&#039;acc\u00e8s<\/h3>\n<p>Avec le service de livraison de nourriture \u00e0 Dar es Salaam, le premier avantage dont vous pouvez profiter est de choisir parmi une gamme compl\u00e8te d&#039;aliments. Vous pouvez consulter leurs menus Internet pour conna\u00eetre le type d&#039;aliments qu&#039;ils fournissent et livrent en ligne. Par exemple, vous pouvez choisir parmi les g\u00e2teaux, les granit\u00e9s, la restauration rapide et les l\u00e9gumes, pour n&#039;en nommer que quelques-uns.<\/p>\n<h3>Les services de livraison de nourriture \u00e0 Dar es Salaam aident \u00e0 explorer de nouveaux endroits<\/h3>\n<p>Explorer de nouveaux endroits est l&#039;un des principaux avantages de passer votre commande en ligne pour acheter de la nourriture. Ainsi, vous pouvez choisir parmi de nombreux choix en ce qui concerne la nourriture et les restaurants.<br \/>\nEn fait, les menus Internet sont explicites, ce qui permet aux utilisateurs de passer facilement leurs commandes.<\/p>\n<h3>Rapport co\u00fbt-efficacit\u00e9<\/h3>\n<p>Ces services de livraison de nourriture \u00e0 Dar es Salaam permettent d&#039;\u00e9conomiser beaucoup d&#039;argent et de temps. Plus t\u00f4t, vous devez vous rendre au restaurant pour prendre votre bouch\u00e9e apr\u00e8s avoir ajust\u00e9 votre horaire charg\u00e9.<\/p>\n<p>Mais maintenant, vous n&#039;avez plus besoin de vous bousculer pour sortir, faire la queue en attendant votre commande. En plus de cela, cela diminue \u00e9galement les frais de d\u00e9placement. Malgr\u00e9 cela, les services de livraison de nourriture proposent \u00e9galement de nombreuses offres pour attirer les utilisateurs, ce qui am\u00e9liore son accessibilit\u00e9.<\/p>\n<h3>Le service de livraison de nourriture en ligne \u00e0 Dar es Salaam est facile d&#039;acc\u00e8s<\/h3>\n<p>Pour acc\u00e9der \u00e0 un service de livraison de nourriture chinoise \u00e0 Dar es Salaam, il vous suffit d&#039;avoir un iPhone ou un Android avec l&#039;application qui propose ce service. Gr\u00e2ce \u00e0 l&#039;acc\u00e8s via une application, il devient plus parfait de passer une commande via les services de livraison de nourriture en ligne \u00e0 Dar es Salam sans chercher un num\u00e9ro, l&#039;appeler, \u00eatre mis en attente, etc. Maintenant. Cela peut \u00eatre fait en un clic en suivant quelques \u00e9tapes simples.<\/p>\n<h3>Livraison de nourriture \u00e0 domicile en ligne \u00e0 Dar es Salaam processus de paiement simple<\/h3>\n<p>Le processus de paiement concernant la commande de l&#039;application de livraison de nourriture en ligne Dar es Salaam est assez pratique. Vous pouvez effectuer le paiement par carte de cr\u00e9dit, carte de d\u00e9bit, banque en ligne, etc. Un choix de portefeuille \u00e9lectronique est \u00e9galement parfois propos\u00e9 aux utilisateurs, avec des offres sur les promotions et les coupons.<\/p>\n<p>Si une personne n&#039;est pas d\u00e9tendue en partageant les d\u00e9tails de sa carte de d\u00e9bit ou de cr\u00e9dit, elle peut \u00e9galement utiliser le service de livraison en esp\u00e8ces. La livraison de nourriture \u00e0 domicile \u00e0 Dar es Salaam est tout simplement remarquable car elle livre la nourriture directement \u00e0 notre porte sans trop d&#039;effort.<\/p>\n<h2>Conclusion de l&#039;application de livraison de nourriture \u00e0 Dar es Salaam<\/h2>\n<p>Aujourd&#039;hui, nous vivons dans une culture alimentaire. Les services de livraison de nourriture \u00e0 Dar es Salaam deviennent de plus en plus c\u00e9l\u00e8bres de jour en jour. Cette page vise \u00e0 discuter de certains des meilleurs avantages de l&#039;utilisation de la livraison de nourriture \u00e0 domicile \u00e0 Dar es Salaam pour vous faciliter la vie.<\/p>","protected":false},"excerpt":{"rendered":"<p>Cheap Food Delivery Service Dar es Salaam Use the best food delivery app Dar es Salaam and order food in Dar es Salaam from cheap food delivery services in Dar es Salaam simple and easy online. Online food delivery in Dar es Salaam from nearby restaurants made easy. Food is an essential need of the [&hellip;]<\/p>\n","protected":false},"author":1,"featured_media":19299,"parent":0,"menu_order":0,"comment_status":"open","ping_status":"closed","template":"template-home-modern.php","meta":{"footnotes":""},"class_list":["post-11145","page","type-page","status-publish","has-post-thumbnail","hentry"],"yoast_head":"<!-- This site is optimized with the Yoast SEO plugin v27.4 - https:\/\/yoast.com\/product\/yoast-seo-wordpress\/ -->\n<title>Food Delivery in Dar es Salaam - Order Food Online Near Me<\/title>\n<meta name=\"description\" content=\"Online food delivery in Dar es Salaam from your favorite restaurants. Use the best food delivery app in Dar es Salaam and order food in Dar es Salaam from cheap food delivery service\" \/>\n<meta name=\"robots\" content=\"index, follow, max-snippet:-1, max-image-preview:large, max-video-preview:-1\" \/>\n<link rel=\"canonical\" href=\"https:\/\/tiketi.com\/fr-fr\/online-food-delivery-dar-es-salaam-tanzania\/\" \/>\n<meta property=\"og:locale\" content=\"fr_FR\" \/>\n<meta property=\"og:type\" content=\"article\" \/>\n<meta property=\"og:title\" content=\"Food Delivery in Dar es Salaam - Order Food Online Near Me\" \/>\n<meta property=\"og:description\" content=\"Online food delivery in Dar es Salaam from your favorite restaurants. Use the best food delivery app in Dar es Salaam and order food in Dar es Salaam from cheap food delivery service\" \/>\n<meta property=\"og:url\" content=\"https:\/\/tiketi.com\/fr-fr\/online-food-delivery-dar-es-salaam-tanzania\/\" \/>\n<meta property=\"og:site_name\" content=\"Tiketi.com\" \/>\n<meta property=\"article:publisher\" content=\"https:\/\/www.facebook.com\/TiketiCom\/\" \/>\n<meta property=\"article:modified_time\" content=\"2022-02-18T10:49:40+00:00\" \/>\n<meta property=\"og:image\" content=\"https:\/\/tiketi.com\/wp-content\/uploads\/2022\/02\/delivery-man2-6029429_1280.jpg\" \/>\n\t<meta property=\"og:image:width\" content=\"1200\" \/>\n\t<meta property=\"og:image:height\" content=\"200\" \/>\n\t<meta property=\"og:image:type\" content=\"image\/jpeg\" \/>\n<meta name=\"twitter:card\" content=\"summary_large_image\" \/>\n<meta name=\"twitter:label1\" content=\"Dur\u00e9e de lecture estim\u00e9e\" \/>\n\t<meta name=\"twitter:data1\" content=\"3 minutes\" \/>\n<script type=\"application\/ld+json\" class=\"yoast-schema-graph\">{\"@context\":\"https:\\\/\\\/schema.org\",\"@graph\":[{\"@type\":\"WebPage\",\"@id\":\"https:\\\/\\\/tiketi.com\\\/online-food-delivery-dar-es-salaam-tanzania\\\/\",\"url\":\"https:\\\/\\\/tiketi.com\\\/online-food-delivery-dar-es-salaam-tanzania\\\/\",\"name\":\"Food Delivery in Dar es Salaam - Order Food Online Near Me\",\"isPartOf\":{\"@id\":\"https:\\\/\\\/tiketi.com\\\/#website\"},\"primaryImageOfPage\":{\"@id\":\"https:\\\/\\\/tiketi.com\\\/online-food-delivery-dar-es-salaam-tanzania\\\/#primaryimage\"},\"image\":{\"@id\":\"https:\\\/\\\/tiketi.com\\\/online-food-delivery-dar-es-salaam-tanzania\\\/#primaryimage\"},\"thumbnailUrl\":\"https:\\\/\\\/tiketi.com\\\/wp-content\\\/uploads\\\/2022\\\/02\\\/delivery-man2-6029429_1280.jpg\",\"datePublished\":\"2022-01-19T11:54:16+00:00\",\"dateModified\":\"2022-02-18T10:49:40+00:00\",\"description\":\"Online food delivery in Dar es Salaam from your favorite restaurants. Use the best food delivery app in Dar es Salaam and order food in Dar es Salaam from cheap food delivery service\",\"breadcrumb\":{\"@id\":\"https:\\\/\\\/tiketi.com\\\/online-food-delivery-dar-es-salaam-tanzania\\\/#breadcrumb\"},\"inLanguage\":\"fr-FR\",\"potentialAction\":[{\"@type\":\"ReadAction\",\"target\":[\"https:\\\/\\\/tiketi.com\\\/online-food-delivery-dar-es-salaam-tanzania\\\/\"]}]},{\"@type\":\"ImageObject\",\"inLanguage\":\"fr-FR\",\"@id\":\"https:\\\/\\\/tiketi.com\\\/online-food-delivery-dar-es-salaam-tanzania\\\/#primaryimage\",\"url\":\"https:\\\/\\\/tiketi.com\\\/wp-content\\\/uploads\\\/2022\\\/02\\\/delivery-man2-6029429_1280.jpg\",\"contentUrl\":\"https:\\\/\\\/tiketi.com\\\/wp-content\\\/uploads\\\/2022\\\/02\\\/delivery-man2-6029429_1280.jpg\",\"width\":1200,\"height\":200},{\"@type\":\"BreadcrumbList\",\"@id\":\"https:\\\/\\\/tiketi.com\\\/online-food-delivery-dar-es-salaam-tanzania\\\/#breadcrumb\",\"itemListElement\":[{\"@type\":\"ListItem\",\"position\":1,\"name\":\"Home\",\"item\":\"https:\\\/\\\/tiketi.com\\\/\"},{\"@type\":\"ListItem\",\"position\":2,\"name\":\"Food Delivery in Dar es Salaam &#8211; Order Food Online Near Me\"}]},{\"@type\":\"WebSite\",\"@id\":\"https:\\\/\\\/tiketi.com\\\/#website\",\"url\":\"https:\\\/\\\/tiketi.com\\\/\",\"name\":\"Flight & Bus Tickets, Tour Packages & Activitites - Tiketi.com\",\"description\":\"Flight &amp; Bus Tickets, Tours, Activitites\",\"publisher\":{\"@id\":\"https:\\\/\\\/tiketi.com\\\/#organization\"},\"potentialAction\":[{\"@type\":\"SearchAction\",\"target\":{\"@type\":\"EntryPoint\",\"urlTemplate\":\"https:\\\/\\\/tiketi.com\\\/?s={search_term_string}\"},\"query-input\":{\"@type\":\"PropertyValueSpecification\",\"valueRequired\":true,\"valueName\":\"search_term_string\"}}],\"inLanguage\":\"fr-FR\"},{\"@type\":\"Organization\",\"@id\":\"https:\\\/\\\/tiketi.com\\\/#organization\",\"name\":\"Tiketi.com\",\"alternateName\":\"Tiketi\",\"url\":\"https:\\\/\\\/tiketi.com\\\/\",\"logo\":{\"@type\":\"ImageObject\",\"inLanguage\":\"fr-FR\",\"@id\":\"https:\\\/\\\/tiketi.com\\\/#\\\/schema\\\/logo\\\/image\\\/\",\"url\":\"https:\\\/\\\/tiketi.com\\\/wp-content\\\/uploads\\\/2019\\\/05\\\/tiketi-logo-696.png\",\"contentUrl\":\"https:\\\/\\\/tiketi.com\\\/wp-content\\\/uploads\\\/2019\\\/05\\\/tiketi-logo-696.png\",\"width\":696,\"height\":696,\"caption\":\"Tiketi.com\"},\"image\":{\"@id\":\"https:\\\/\\\/tiketi.com\\\/#\\\/schema\\\/logo\\\/image\\\/\"},\"sameAs\":[\"https:\\\/\\\/www.facebook.com\\\/TiketiCom\\\/\"]}]}<\/script>\n<!-- \/ Yoast SEO plugin. -->","yoast_head_json":{"title":"Livraison de repas \u00e0 Dar es Salaam - Commandez de la nourriture en ligne pr\u00e8s de moi","description":"Livraison de nourriture en ligne \u00e0 Dar es Salaam depuis vos restaurants pr\u00e9f\u00e9r\u00e9s. Utilisez la meilleure application de livraison de nourriture \u00e0 Dar es Salaam et commandez de la nourriture \u00e0 Dar es Salaam \u00e0 partir d&#039;un service de livraison de nourriture bon march\u00e9","robots":{"index":"index","follow":"follow","max-snippet":"max-snippet:-1","max-image-preview":"max-image-preview:large","max-video-preview":"max-video-preview:-1"},"canonical":"https:\/\/tiketi.com\/fr-fr\/online-food-delivery-dar-es-salaam-tanzania\/","og_locale":"fr_FR","og_type":"article","og_title":"Food Delivery in Dar es Salaam - Order Food Online Near Me","og_description":"Online food delivery in Dar es Salaam from your favorite restaurants. Use the best food delivery app in Dar es Salaam and order food in Dar es Salaam from cheap food delivery service","og_url":"https:\/\/tiketi.com\/fr-fr\/online-food-delivery-dar-es-salaam-tanzania\/","og_site_name":"Tiketi.com","article_publisher":"https:\/\/www.facebook.com\/TiketiCom\/","article_modified_time":"2022-02-18T10:49:40+00:00","og_image":[{"width":1200,"height":200,"url":"https:\/\/tiketi.com\/wp-content\/uploads\/2022\/02\/delivery-man2-6029429_1280.jpg","type":"image\/jpeg"}],"twitter_card":"summary_large_image","twitter_misc":{"Dur\u00e9e de lecture estim\u00e9e":"3 minutes"},"schema":{"@context":"https:\/\/schema.org","@graph":[{"@type":"WebPage","@id":"https:\/\/tiketi.com\/online-food-delivery-dar-es-salaam-tanzania\/","url":"https:\/\/tiketi.com\/online-food-delivery-dar-es-salaam-tanzania\/","name":"Livraison de repas \u00e0 Dar es Salaam - Commandez de la nourriture en ligne pr\u00e8s de moi","isPartOf":{"@id":"https:\/\/tiketi.com\/#website"},"primaryImageOfPage":{"@id":"https:\/\/tiketi.com\/online-food-delivery-dar-es-salaam-tanzania\/#primaryimage"},"image":{"@id":"https:\/\/tiketi.com\/online-food-delivery-dar-es-salaam-tanzania\/#primaryimage"},"thumbnailUrl":"https:\/\/tiketi.com\/wp-content\/uploads\/2022\/02\/delivery-man2-6029429_1280.jpg","datePublished":"2022-01-19T11:54:16+00:00","dateModified":"2022-02-18T10:49:40+00:00","description":"Livraison de nourriture en ligne \u00e0 Dar es Salaam depuis vos restaurants pr\u00e9f\u00e9r\u00e9s. Utilisez la meilleure application de livraison de nourriture \u00e0 Dar es Salaam et commandez de la nourriture \u00e0 Dar es Salaam \u00e0 partir d&#039;un service de livraison de nourriture bon march\u00e9","breadcrumb":{"@id":"https:\/\/tiketi.com\/online-food-delivery-dar-es-salaam-tanzania\/#breadcrumb"},"inLanguage":"fr-FR","potentialAction":[{"@type":"ReadAction","target":["https:\/\/tiketi.com\/online-food-delivery-dar-es-salaam-tanzania\/"]}]},{"@type":"ImageObject","inLanguage":"fr-FR","@id":"https:\/\/tiketi.com\/online-food-delivery-dar-es-salaam-tanzania\/#primaryimage","url":"https:\/\/tiketi.com\/wp-content\/uploads\/2022\/02\/delivery-man2-6029429_1280.jpg","contentUrl":"https:\/\/tiketi.com\/wp-content\/uploads\/2022\/02\/delivery-man2-6029429_1280.jpg","width":1200,"height":200},{"@type":"BreadcrumbList","@id":"https:\/\/tiketi.com\/online-food-delivery-dar-es-salaam-tanzania\/#breadcrumb","itemListElement":[{"@type":"ListItem","position":1,"name":"Home","item":"https:\/\/tiketi.com\/"},{"@type":"ListItem","position":2,"name":"Food Delivery in Dar es Salaam &#8211; Order Food Online Near Me"}]},{"@type":"WebSite","@id":"https:\/\/tiketi.com\/#website","url":"https:\/\/tiketi.com\/","name":"Billets d&#039;avion et de bus, forfaits touristiques et activit\u00e9s - Tiketi.com","description":"Billets d&#039;avion et de bus, Tours, Activit\u00e9s","publisher":{"@id":"https:\/\/tiketi.com\/#organization"},"potentialAction":[{"@type":"SearchAction","target":{"@type":"EntryPoint","urlTemplate":"https:\/\/tiketi.com\/?s={search_term_string}"},"query-input":{"@type":"PropertyValueSpecification","valueRequired":true,"valueName":"search_term_string"}}],"inLanguage":"fr-FR"},{"@type":"Organization","@id":"https:\/\/tiketi.com\/#organization","name":"Tiketi.com","alternateName":"Tiketi","url":"https:\/\/tiketi.com\/","logo":{"@type":"ImageObject","inLanguage":"fr-FR","@id":"https:\/\/tiketi.com\/#\/schema\/logo\/image\/","url":"https:\/\/tiketi.com\/wp-content\/uploads\/2019\/05\/tiketi-logo-696.png","contentUrl":"https:\/\/tiketi.com\/wp-content\/uploads\/2019\/05\/tiketi-logo-696.png","width":696,"height":696,"caption":"Tiketi.com"},"image":{"@id":"https:\/\/tiketi.com\/#\/schema\/logo\/image\/"},"sameAs":["https:\/\/www.facebook.com\/TiketiCom\/"]}]}},"_links":{"self":[{"href":"https:\/\/tiketi.com\/fr-fr\/wp-json\/wp\/v2\/pages\/11145","targetHints":{"allow":["GET"]}}],"collection":[{"href":"https:\/\/tiketi.com\/fr-fr\/wp-json\/wp\/v2\/pages"}],"about":[{"href":"https:\/\/tiketi.com\/fr-fr\/wp-json\/wp\/v2\/types\/page"}],"author":[{"embeddable":true,"href":"https:\/\/tiketi.com\/fr-fr\/wp-json\/wp\/v2\/users\/1"}],"replies":[{"embeddable":true,"href":"https:\/\/tiketi.com\/fr-fr\/wp-json\/wp\/v2\/comments?post=11145"}],"version-history":[{"count":0,"href":"https:\/\/tiketi.com\/fr-fr\/wp-json\/wp\/v2\/pages\/11145\/revisions"}],"wp:featuredmedia":[{"embeddable":true,"href":"https:\/\/tiketi.com\/fr-fr\/wp-json\/wp\/v2\/media\/19299"}],"wp:attachment":[{"href":"https:\/\/tiketi.com\/fr-fr\/wp-json\/wp\/v2\/media?parent=11145"}],"curies":[{"name":"wp","href":"https:\/\/api.w.org\/{rel}","templated":true}]}}