{"id":11146,"date":"2022-01-19T12:54:16","date_gmt":"2022-01-19T11:54:16","guid":{"rendered":"https:\/\/new.tiketi.com\/online-food-delivery-in-accra-from-nearby-restaurants\/"},"modified":"2022-02-18T11:45:53","modified_gmt":"2022-02-18T10:45:53","slug":"online-food-delivery-accra-ghana","status":"publish","type":"page","link":"https:\/\/tiketi.com\/fr-fr\/online-food-delivery-accra-ghana\/","title":{"rendered":"Livraison de nourriture \u00e0 Accra - Commandez de la nourriture en ligne pr\u00e8s de chez moi"},"content":{"rendered":"<h2>Service de livraison de nourriture bon march\u00e9 \u00e0 Accra<\/h2>\n<h3>Utilisez la meilleure application de livraison de nourriture Accra et commandez de la nourriture \u00e0 Accra \u00e0 partir d&#039;un service de livraison de nourriture bon march\u00e9 \u00e0 Accra simple et facile en ligne.<\/h3>\n<p>La livraison de nourriture en ligne \u00e0 Accra Ghana \u00e0 partir de restaurants \u00e0 proximit\u00e9 est l&#039;id\u00e9e dans laquelle vous appelez ou commandez de la nourriture dans un restaurant ou un restaurant de restauration rapide Accra, le restaurant pr\u00e9parerait ensuite votre commande et demanderait \u00e0 un chauffeur ou \u00e0 un chauffeur de se rendre \u00e0 votre adresse donn\u00e9e pour livrer votre nourriture. Quoi qu&#039;il en soit, la livraison de nourriture \u00e0 domicile \u00e0 Accra est une id\u00e9e que presque tout le monde conna\u00eet, l&#039;application de livraison de nourriture Accra propose parfois une application de service afin que vous puissiez passer votre commande sans h\u00e9siter \u00e0 \u00eatre factur\u00e9 en les appelant. Utilisez le service de livraison de nourriture en ligne \u00e0 Accra Ghana maintenant. Comment commander de la nourriture \u00e0 Accra en ligne et gagner du temps et de l&#039;argent.<\/p>\n<h2>Nous allons maintenant examiner certains des avantages de la livraison de nourriture en ligne dans les services d&#039;Accra\u00a0:<\/h2>\n<h3>Service de livraison de nourriture en ligne \u00e0 Accra pratique et plus rapide<\/h3>\n<p>Passer une commande en ligne via l&#039;application de livraison de nourriture Accra a ses m\u00e9rites. L&#039;un de ses avantages est la facilit\u00e9. C&#039;est comme commander au comptoir sans faire la queue. Il n&#039;est pas n\u00e9cessaire d&#039;attendre que quelqu&#039;un r\u00e9ponde et prenne votre commande. La plupart des services de livraison de nourriture \u00e0 Accra sont \u00e9quip\u00e9s d&#039;une carte d&#039;achat \u00e9lectrique qui vous permet de v\u00e9rifier la commande et son co\u00fbt total avant de la soumettre au syst\u00e8me. Le placer manuellement r\u00e9duit les risques d&#039;erreurs et de litiges.<\/p>\n<h3>Respectueux de la sant\u00e9<\/h3>\n<p>La plupart des services de livraison de nourriture dans les \u00e9tablissements d&#039;Accra qui prennent en charge de telles transactions sont ouverts 24 heures sur 24, 7 jours sur 7. Ceux qui ont des envies de minuit n&#039;ont pas \u00e0 s&#039;\u00e9loigner des petites heures de la nuit pour se rassasier. Cela peut simplement visiter la page et attendre que la nourriture soit livr\u00e9e.<\/p>\n<p>Ce choix est \u00e9galement parfait pour les personnes soucieuses de leur sant\u00e9. Il maintient la force des fringales pour les repas qui ne sont pas parfaits pour leur r\u00e9gime alimentaire. Il leur garde l&#039;\u00e9nergie de r\u00e9sister \u00e0 l&#039;odeur de la nourriture leur permettant ainsi de s&#039;en tenir \u00e0 leur programme. \u00c9videmment, les ar\u00f4mes jouent un r\u00f4le important dans le d\u00e9clenchement de l&#039;app\u00e9tit. Sans ce facteur, on peut simplement se programmer pour ne pas commander de nourriture \u00e0 Accra, ce que le m\u00e9decin ne conseille pas.<\/p>\n<h3>Commandez de la nourriture \u00e0 Accra - sans d\u00e9lai par mauvais temps<\/h3>\n<p>En commandant en ligne la livraison de nourriture au bureau \u00e0 Accra, cela nous permet de rejeter les sorties au restaurant par mauvais temps. Le mauvais temps peut \u00eatre triste pour les revenus d&#039;un restaurant. Les clients pr\u00e9f\u00e8rent g\u00e9n\u00e9ralement rester \u00e0 l&#039;int\u00e9rieur pour rejeter les intemp\u00e9ries, et les restaurants resteraient souvent plus vides que d&#039;habitude en raison du manque de clients.<\/p>\n<p>Le d\u00e9veloppement du service de livraison de nourriture \u00e0 Accra a permis aux clients et aux restaurants de se connecter m\u00eame face \u00e0 des conditions m\u00e9t\u00e9orologiques d\u00e9favorables. Les restaurants peuvent effectuer des affaires r\u00e9guli\u00e8res et les clients restent bien nourris. Tout le monde reste heureux et au sec, sauf le chauffeur-livreur.<\/p>\n<h2>Conclusion de l&#039;application de livraison de nourriture \u00e0 Accra<\/h2>\n<p>Avec la croissance des commandes de livraison de nourriture en ligne dans les services d&#039;Accra, cela se traduit par une abondance d&#039;avantages pour l&#039;industrie alimentaire.<\/p>","protected":false},"excerpt":{"rendered":"<p>Cheap Food Delivery Service in Accra Use the best food delivery app Accra and order food in Accra from cheap food delivery service\u00a0in Accra simple and easy online. Online food delivery in Accra Ghana from nearby restaurants is the idea in which you call in or order food from a restaurant or fast food restaurant [&hellip;]<\/p>\n","protected":false},"author":1,"featured_media":19299,"parent":0,"menu_order":0,"comment_status":"open","ping_status":"closed","template":"template-home-modern.php","meta":{"footnotes":""},"class_list":["post-11146","page","type-page","status-publish","has-post-thumbnail","hentry"],"yoast_head":"<!-- This site is optimized with the Yoast SEO plugin v27.3 - https:\/\/yoast.com\/product\/yoast-seo-wordpress\/ -->\n<title>Food Delivery in Accra - Order Food Online Near Me<\/title>\n<meta name=\"description\" content=\"Online food delivery in Accra from your favorite restaurants. Use the best food delivery app in Accra and order food in Accra from cheap food delivery service\" \/>\n<meta name=\"robots\" content=\"index, follow, max-snippet:-1, max-image-preview:large, max-video-preview:-1\" \/>\n<link rel=\"canonical\" href=\"https:\/\/tiketi.com\/fr-fr\/online-food-delivery-accra-ghana\/\" \/>\n<meta property=\"og:locale\" content=\"fr_FR\" \/>\n<meta property=\"og:type\" content=\"article\" \/>\n<meta property=\"og:title\" content=\"Food Delivery in Accra - Order Food Online Near Me\" \/>\n<meta property=\"og:description\" content=\"Online food delivery in Accra from your favorite restaurants. Use the best food delivery app in Accra and order food in Accra from cheap food delivery service\" \/>\n<meta property=\"og:url\" content=\"https:\/\/tiketi.com\/fr-fr\/online-food-delivery-accra-ghana\/\" \/>\n<meta property=\"og:site_name\" content=\"Tiketi.com\" \/>\n<meta property=\"article:publisher\" content=\"https:\/\/www.facebook.com\/TiketiCom\/\" \/>\n<meta property=\"article:modified_time\" content=\"2022-02-18T10:45:53+00:00\" \/>\n<meta property=\"og:image\" content=\"https:\/\/tiketi.com\/wp-content\/uploads\/2022\/02\/delivery-man2-6029429_1280.jpg\" \/>\n\t<meta property=\"og:image:width\" content=\"1200\" \/>\n\t<meta property=\"og:image:height\" content=\"200\" \/>\n\t<meta property=\"og:image:type\" content=\"image\/jpeg\" \/>\n<meta name=\"twitter:card\" content=\"summary_large_image\" \/>\n<meta name=\"twitter:label1\" content=\"Dur\u00e9e de lecture estim\u00e9e\" \/>\n\t<meta name=\"twitter:data1\" content=\"3 minutes\" \/>\n<script type=\"application\/ld+json\" class=\"yoast-schema-graph\">{\"@context\":\"https:\\\/\\\/schema.org\",\"@graph\":[{\"@type\":\"WebPage\",\"@id\":\"https:\\\/\\\/tiketi.com\\\/online-food-delivery-accra-ghana\\\/\",\"url\":\"https:\\\/\\\/tiketi.com\\\/online-food-delivery-accra-ghana\\\/\",\"name\":\"Food Delivery in Accra - Order Food Online Near Me\",\"isPartOf\":{\"@id\":\"https:\\\/\\\/tiketi.com\\\/#website\"},\"primaryImageOfPage\":{\"@id\":\"https:\\\/\\\/tiketi.com\\\/online-food-delivery-accra-ghana\\\/#primaryimage\"},\"image\":{\"@id\":\"https:\\\/\\\/tiketi.com\\\/online-food-delivery-accra-ghana\\\/#primaryimage\"},\"thumbnailUrl\":\"https:\\\/\\\/tiketi.com\\\/wp-content\\\/uploads\\\/2022\\\/02\\\/delivery-man2-6029429_1280.jpg\",\"datePublished\":\"2022-01-19T11:54:16+00:00\",\"dateModified\":\"2022-02-18T10:45:53+00:00\",\"description\":\"Online food delivery in Accra from your favorite restaurants. Use the best food delivery app in Accra and order food in Accra from cheap food delivery service\",\"breadcrumb\":{\"@id\":\"https:\\\/\\\/tiketi.com\\\/online-food-delivery-accra-ghana\\\/#breadcrumb\"},\"inLanguage\":\"fr-FR\",\"potentialAction\":[{\"@type\":\"ReadAction\",\"target\":[\"https:\\\/\\\/tiketi.com\\\/online-food-delivery-accra-ghana\\\/\"]}]},{\"@type\":\"ImageObject\",\"inLanguage\":\"fr-FR\",\"@id\":\"https:\\\/\\\/tiketi.com\\\/online-food-delivery-accra-ghana\\\/#primaryimage\",\"url\":\"https:\\\/\\\/tiketi.com\\\/wp-content\\\/uploads\\\/2022\\\/02\\\/delivery-man2-6029429_1280.jpg\",\"contentUrl\":\"https:\\\/\\\/tiketi.com\\\/wp-content\\\/uploads\\\/2022\\\/02\\\/delivery-man2-6029429_1280.jpg\",\"width\":1200,\"height\":200},{\"@type\":\"BreadcrumbList\",\"@id\":\"https:\\\/\\\/tiketi.com\\\/online-food-delivery-accra-ghana\\\/#breadcrumb\",\"itemListElement\":[{\"@type\":\"ListItem\",\"position\":1,\"name\":\"Home\",\"item\":\"https:\\\/\\\/tiketi.com\\\/\"},{\"@type\":\"ListItem\",\"position\":2,\"name\":\"Food Delivery in Accra &#8211; Order Food Online Near Me\"}]},{\"@type\":\"WebSite\",\"@id\":\"https:\\\/\\\/tiketi.com\\\/#website\",\"url\":\"https:\\\/\\\/tiketi.com\\\/\",\"name\":\"Flight & Bus Tickets, Tour Packages & Activitites - Tiketi.com\",\"description\":\"Flight &amp; Bus Tickets, Tours, Activitites\",\"publisher\":{\"@id\":\"https:\\\/\\\/tiketi.com\\\/#organization\"},\"potentialAction\":[{\"@type\":\"SearchAction\",\"target\":{\"@type\":\"EntryPoint\",\"urlTemplate\":\"https:\\\/\\\/tiketi.com\\\/?s={search_term_string}\"},\"query-input\":{\"@type\":\"PropertyValueSpecification\",\"valueRequired\":true,\"valueName\":\"search_term_string\"}}],\"inLanguage\":\"fr-FR\"},{\"@type\":\"Organization\",\"@id\":\"https:\\\/\\\/tiketi.com\\\/#organization\",\"name\":\"Tiketi.com\",\"alternateName\":\"Tiketi\",\"url\":\"https:\\\/\\\/tiketi.com\\\/\",\"logo\":{\"@type\":\"ImageObject\",\"inLanguage\":\"fr-FR\",\"@id\":\"https:\\\/\\\/tiketi.com\\\/#\\\/schema\\\/logo\\\/image\\\/\",\"url\":\"https:\\\/\\\/tiketi.com\\\/wp-content\\\/uploads\\\/2019\\\/05\\\/tiketi-logo-696.png\",\"contentUrl\":\"https:\\\/\\\/tiketi.com\\\/wp-content\\\/uploads\\\/2019\\\/05\\\/tiketi-logo-696.png\",\"width\":696,\"height\":696,\"caption\":\"Tiketi.com\"},\"image\":{\"@id\":\"https:\\\/\\\/tiketi.com\\\/#\\\/schema\\\/logo\\\/image\\\/\"},\"sameAs\":[\"https:\\\/\\\/www.facebook.com\\\/TiketiCom\\\/\"]}]}<\/script>\n<!-- \/ Yoast SEO plugin. -->","yoast_head_json":{"title":"Livraison de repas \u00e0 Accra - Commandez de la nourriture en ligne pr\u00e8s de chez moi","description":"Livraison de nourriture en ligne \u00e0 Accra depuis vos restaurants pr\u00e9f\u00e9r\u00e9s. Utilisez la meilleure application de livraison de nourriture \u00e0 Accra et commandez de la nourriture \u00e0 Accra \u00e0 partir d&#039;un service de livraison de nourriture bon march\u00e9","robots":{"index":"index","follow":"follow","max-snippet":"max-snippet:-1","max-image-preview":"max-image-preview:large","max-video-preview":"max-video-preview:-1"},"canonical":"https:\/\/tiketi.com\/fr-fr\/online-food-delivery-accra-ghana\/","og_locale":"fr_FR","og_type":"article","og_title":"Food Delivery in Accra - Order Food Online Near Me","og_description":"Online food delivery in Accra from your favorite restaurants. Use the best food delivery app in Accra and order food in Accra from cheap food delivery service","og_url":"https:\/\/tiketi.com\/fr-fr\/online-food-delivery-accra-ghana\/","og_site_name":"Tiketi.com","article_publisher":"https:\/\/www.facebook.com\/TiketiCom\/","article_modified_time":"2022-02-18T10:45:53+00:00","og_image":[{"width":1200,"height":200,"url":"https:\/\/tiketi.com\/wp-content\/uploads\/2022\/02\/delivery-man2-6029429_1280.jpg","type":"image\/jpeg"}],"twitter_card":"summary_large_image","twitter_misc":{"Dur\u00e9e de lecture estim\u00e9e":"3 minutes"},"schema":{"@context":"https:\/\/schema.org","@graph":[{"@type":"WebPage","@id":"https:\/\/tiketi.com\/online-food-delivery-accra-ghana\/","url":"https:\/\/tiketi.com\/online-food-delivery-accra-ghana\/","name":"Livraison de repas \u00e0 Accra - Commandez de la nourriture en ligne pr\u00e8s de chez moi","isPartOf":{"@id":"https:\/\/tiketi.com\/#website"},"primaryImageOfPage":{"@id":"https:\/\/tiketi.com\/online-food-delivery-accra-ghana\/#primaryimage"},"image":{"@id":"https:\/\/tiketi.com\/online-food-delivery-accra-ghana\/#primaryimage"},"thumbnailUrl":"https:\/\/tiketi.com\/wp-content\/uploads\/2022\/02\/delivery-man2-6029429_1280.jpg","datePublished":"2022-01-19T11:54:16+00:00","dateModified":"2022-02-18T10:45:53+00:00","description":"Livraison de nourriture en ligne \u00e0 Accra depuis vos restaurants pr\u00e9f\u00e9r\u00e9s. Utilisez la meilleure application de livraison de nourriture \u00e0 Accra et commandez de la nourriture \u00e0 Accra \u00e0 partir d&#039;un service de livraison de nourriture bon march\u00e9","breadcrumb":{"@id":"https:\/\/tiketi.com\/online-food-delivery-accra-ghana\/#breadcrumb"},"inLanguage":"fr-FR","potentialAction":[{"@type":"ReadAction","target":["https:\/\/tiketi.com\/online-food-delivery-accra-ghana\/"]}]},{"@type":"ImageObject","inLanguage":"fr-FR","@id":"https:\/\/tiketi.com\/online-food-delivery-accra-ghana\/#primaryimage","url":"https:\/\/tiketi.com\/wp-content\/uploads\/2022\/02\/delivery-man2-6029429_1280.jpg","contentUrl":"https:\/\/tiketi.com\/wp-content\/uploads\/2022\/02\/delivery-man2-6029429_1280.jpg","width":1200,"height":200},{"@type":"BreadcrumbList","@id":"https:\/\/tiketi.com\/online-food-delivery-accra-ghana\/#breadcrumb","itemListElement":[{"@type":"ListItem","position":1,"name":"Home","item":"https:\/\/tiketi.com\/"},{"@type":"ListItem","position":2,"name":"Food Delivery in Accra &#8211; Order Food Online Near Me"}]},{"@type":"WebSite","@id":"https:\/\/tiketi.com\/#website","url":"https:\/\/tiketi.com\/","name":"Billets d&#039;avion et de bus, forfaits touristiques et activit\u00e9s - Tiketi.com","description":"Billets d&#039;avion et de bus, Tours, Activit\u00e9s","publisher":{"@id":"https:\/\/tiketi.com\/#organization"},"potentialAction":[{"@type":"SearchAction","target":{"@type":"EntryPoint","urlTemplate":"https:\/\/tiketi.com\/?s={search_term_string}"},"query-input":{"@type":"PropertyValueSpecification","valueRequired":true,"valueName":"search_term_string"}}],"inLanguage":"fr-FR"},{"@type":"Organization","@id":"https:\/\/tiketi.com\/#organization","name":"Tiketi.com","alternateName":"Tiketi","url":"https:\/\/tiketi.com\/","logo":{"@type":"ImageObject","inLanguage":"fr-FR","@id":"https:\/\/tiketi.com\/#\/schema\/logo\/image\/","url":"https:\/\/tiketi.com\/wp-content\/uploads\/2019\/05\/tiketi-logo-696.png","contentUrl":"https:\/\/tiketi.com\/wp-content\/uploads\/2019\/05\/tiketi-logo-696.png","width":696,"height":696,"caption":"Tiketi.com"},"image":{"@id":"https:\/\/tiketi.com\/#\/schema\/logo\/image\/"},"sameAs":["https:\/\/www.facebook.com\/TiketiCom\/"]}]}},"_links":{"self":[{"href":"https:\/\/tiketi.com\/fr-fr\/wp-json\/wp\/v2\/pages\/11146","targetHints":{"allow":["GET"]}}],"collection":[{"href":"https:\/\/tiketi.com\/fr-fr\/wp-json\/wp\/v2\/pages"}],"about":[{"href":"https:\/\/tiketi.com\/fr-fr\/wp-json\/wp\/v2\/types\/page"}],"author":[{"embeddable":true,"href":"https:\/\/tiketi.com\/fr-fr\/wp-json\/wp\/v2\/users\/1"}],"replies":[{"embeddable":true,"href":"https:\/\/tiketi.com\/fr-fr\/wp-json\/wp\/v2\/comments?post=11146"}],"version-history":[{"count":0,"href":"https:\/\/tiketi.com\/fr-fr\/wp-json\/wp\/v2\/pages\/11146\/revisions"}],"wp:featuredmedia":[{"embeddable":true,"href":"https:\/\/tiketi.com\/fr-fr\/wp-json\/wp\/v2\/media\/19299"}],"wp:attachment":[{"href":"https:\/\/tiketi.com\/fr-fr\/wp-json\/wp\/v2\/media?parent=11146"}],"curies":[{"name":"wp","href":"https:\/\/api.w.org\/{rel}","templated":true}]}}