{"id":11147,"date":"2022-01-19T12:54:16","date_gmt":"2022-01-19T11:54:16","guid":{"rendered":"https:\/\/new.tiketi.com\/ferry-mombasa-booking-tickets-schedule-fares\/"},"modified":"2022-02-12T12:53:51","modified_gmt":"2022-02-12T11:53:51","slug":"ferry-mombasa-booking-tickets","status":"publish","type":"page","link":"https:\/\/tiketi.com\/fr-fr\/ferry-mombasa-booking-tickets\/","title":{"rendered":"Ferry Mombasa R\u00e9servation - Billets, horaires et tarifs"},"content":{"rendered":"<h2>Ferry pas cher de Mombasa \u00e0 Diani Beach R\u00e9servation en ligne<\/h2>\n<h3>R\u00e9servez vos billets de ferry Mombasa pas chers en ligne <a href=\"https:\/\/www.kenyaferry.co.ke\" target=\"_blank\" rel=\"noopener\">maintenant &gt;&gt;<\/a><\/h3>\n<p>La r\u00e9servation en ligne de billets de ferry de Zanzibar \u00e0 Pemba est simplifi\u00e9e. La ville de Mombasa est une \u00eele qui divise en quelque sorte la zone c\u00f4ti\u00e8re du Kenya en deux\u00a0: la c\u00f4te sud et la c\u00f4te nord. Pour acc\u00e9der \u00e0 l&#039;une ou l&#039;autre de ces parties, vous devez passer par Mombasa, au nord, le pont ferry de Mombasa relie l&#039;\u00eele au continent. Au sud, le seul moyen de se d\u00e9placer entre l&#039;\u00eele et le continent Likoni est le ferry. Ferry de Mombasa \u00e0 la r\u00e9servation de billets en ligne de la plage de Diani vous permet d&#039;\u00e9conomiser du temps et de l&#039;argent.<\/p>\n<h2>FAQ sur la r\u00e9servation du ferry Mombasa<\/h2>\n<h3>Horaires, horaires et fr\u00e9quences des ferries de Mombasa<\/h3>\n<p>Le ferry de Mombasa fonctionne 24h\/24 et 7j\/7, le temps moyen entre les trajets en ferry \u00e9tant d&#039;environ quinze minutes. Quoi qu&#039;il en soit, pendant les heures de pointe, vous devrez peut-\u00eatre attendre le prochain ferry pendant une trentaine de minutes.<\/p>\n<p>Le ferry de Mombasa se parcourt lui-m\u00eame en moyenne cinq minutes.<\/p>\n<h3>Prix des ferries de Mombasa<\/h3>\n<p>Les personnes \u00e0 pied ne paient pas tandis que celles qui utilisent des v\u00e9hicules paient des billets de ferry pour Mombasa Ksh 120 environ $1. Vous pouvez simplement payer en esp\u00e8ces et en shillings kenyans.<\/p>\n<p>Il y a 2 voies qui sont utilis\u00e9es pour monter \u00e0 bord des ferries de Mombasa, la voie des peuples et la voie des v\u00e9hicules. Si vous traversez dans votre v\u00e9hicule, une fois que vous \u00eates sur la voie r\u00e9serv\u00e9e aux v\u00e9hicules, un agent du ferry viendra vous vendre des billets de ferry pour Mombasa, gardez-le bien car vous devez pr\u00e9senter votre billet \u00e0 un autre agent juste avant d&#039;embarquer.<\/p>\n<h3>Ferry de Mombasa \u00e0 la plage de Diani<\/h3>\n<p>L&#039;\u00eele est reli\u00e9e \u00e0 la c\u00f4te nord par un pont, mais la liaison avec la c\u00f4te sud de Diani se fait par ferry plut\u00f4t que par le pont des ferries de Mombasa, car cette crique est \u00e9galement l&#039;acc\u00e8s au port de Mombasa, de sorte que de tr\u00e8s gros navires utilisent le canal.<\/p>\n<p>Les ferries fonctionnent selon un horaire tr\u00e8s tard dans la nuit et aux premi\u00e8res heures du matin, mais le reste du temps, ils ne font que faire la navette d&#039;avant en arri\u00e8re, ne partant que lorsqu&#039;ils sont pleins. Il y a 3 ferry-boats qui devraient le faire, mais r\u00e9cemment, ils ont \u00e9t\u00e9 mis en service. Le co\u00fbt du ferry doit \u00eatre ajout\u00e9 au co\u00fbt de votre transfert\/taxi.<\/p>\n<h3>Quel est le moyen abordable pour se rendre de Mombasa \u00e0 Diani Beach ?<\/h3>\n<p>Le moyen abordable de se rendre de Mombasa \u00e0 la plage de Diani en ferry qui ne prend que 80 minutes. Le ferry de Mombasa \u00e0 la plage de Diani ne co\u00fbte que $7.<\/p>\n<h3>Conseils de s\u00e9curit\u00e9 pour les ferries de Mombasa<\/h3>\n<p>\u2022 Si vous \u00eates en voiture, assurez-vous de fermer toutes les portes et fen\u00eatres car les vols \u00e0 l&#039;arrach\u00e9 sont extr\u00eamement fr\u00e9quents.<\/p>\n<p>\u2022 Si vous traversez \u00e0 pied \u00e9vitez de porter des bijoux co\u00fbteux et tenez votre sac tr\u00e8s fermement surtout aux heures de pointe.<\/p>","protected":false},"excerpt":{"rendered":"<p>Cheap Ferry from Mombasa to Diani Beach\u00a0Online Booking Reserve your cheap Mombasa ferry tickets online now &gt;&gt; Ferry Zanzibar to Pemba tickets\u00a0online booking made easy. Mombasa city is an island that somehow divides Kenya coast area into two: South and North Coast. To get to either of these parts you have to pass via Mombasa, [&hellip;]<\/p>\n","protected":false},"author":1,"featured_media":16435,"parent":0,"menu_order":0,"comment_status":"open","ping_status":"closed","template":"template-home-modern.php","meta":{"footnotes":""},"class_list":["post-11147","page","type-page","status-publish","has-post-thumbnail","hentry"],"yoast_head":"<!-- This site is optimized with the Yoast SEO plugin v27.2 - https:\/\/yoast.com\/product\/yoast-seo-wordpress\/ -->\n<title>Ferry Mombasa Booking - Tickets, Schedule &amp; Fares<\/title>\n<meta name=\"description\" content=\"Looking for ferry Mombasa\u00a0tickets booking, fare &amp; schedule? Book cheap ferry from Mombasa to Diani beach online and save time and money\" \/>\n<meta name=\"robots\" content=\"index, follow, max-snippet:-1, max-image-preview:large, max-video-preview:-1\" \/>\n<link rel=\"canonical\" href=\"https:\/\/tiketi.com\/fr-fr\/ferry-mombasa-booking-tickets\/\" \/>\n<meta property=\"og:locale\" content=\"fr_FR\" \/>\n<meta property=\"og:type\" content=\"article\" \/>\n<meta property=\"og:title\" content=\"Ferry Mombasa Booking - Tickets, Schedule &amp; Fares\" \/>\n<meta property=\"og:description\" content=\"Looking for ferry Mombasa\u00a0tickets booking, fare &amp; schedule? Book cheap ferry from Mombasa to Diani beach online and save time and money\" \/>\n<meta property=\"og:url\" content=\"https:\/\/tiketi.com\/fr-fr\/ferry-mombasa-booking-tickets\/\" \/>\n<meta property=\"og:site_name\" content=\"Tiketi.com\" \/>\n<meta property=\"article:publisher\" content=\"https:\/\/www.facebook.com\/TiketiCom\/\" \/>\n<meta property=\"article:modified_time\" content=\"2022-02-12T11:53:51+00:00\" \/>\n<meta property=\"og:image\" content=\"https:\/\/tiketi.com\/wp-content\/uploads\/2022\/02\/ferry-cruise-ship-voyage-41.jpg\" \/>\n\t<meta property=\"og:image:width\" content=\"1200\" \/>\n\t<meta property=\"og:image:height\" content=\"200\" \/>\n\t<meta property=\"og:image:type\" content=\"image\/jpeg\" \/>\n<meta name=\"twitter:card\" content=\"summary_large_image\" \/>\n<meta name=\"twitter:label1\" content=\"Dur\u00e9e de lecture estim\u00e9e\" \/>\n\t<meta name=\"twitter:data1\" content=\"2 minutes\" \/>\n<script type=\"application\/ld+json\" class=\"yoast-schema-graph\">{\"@context\":\"https:\/\/schema.org\",\"@graph\":[{\"@type\":\"WebPage\",\"@id\":\"https:\/\/tiketi.com\/ferry-mombasa-booking-tickets\/\",\"url\":\"https:\/\/tiketi.com\/ferry-mombasa-booking-tickets\/\",\"name\":\"Ferry Mombasa Booking - Tickets, Schedule & Fares\",\"isPartOf\":{\"@id\":\"https:\/\/tiketi.com\/#website\"},\"primaryImageOfPage\":{\"@id\":\"https:\/\/tiketi.com\/ferry-mombasa-booking-tickets\/#primaryimage\"},\"image\":{\"@id\":\"https:\/\/tiketi.com\/ferry-mombasa-booking-tickets\/#primaryimage\"},\"thumbnailUrl\":\"https:\/\/tiketi.com\/wp-content\/uploads\/2022\/02\/ferry-cruise-ship-voyage-41.jpg\",\"datePublished\":\"2022-01-19T11:54:16+00:00\",\"dateModified\":\"2022-02-12T11:53:51+00:00\",\"description\":\"Looking for ferry Mombasa\u00a0tickets booking, fare & schedule? Book cheap ferry from Mombasa to Diani beach online and save time and money\",\"breadcrumb\":{\"@id\":\"https:\/\/tiketi.com\/ferry-mombasa-booking-tickets\/#breadcrumb\"},\"inLanguage\":\"fr-FR\",\"potentialAction\":[{\"@type\":\"ReadAction\",\"target\":[\"https:\/\/tiketi.com\/ferry-mombasa-booking-tickets\/\"]}]},{\"@type\":\"ImageObject\",\"inLanguage\":\"fr-FR\",\"@id\":\"https:\/\/tiketi.com\/ferry-mombasa-booking-tickets\/#primaryimage\",\"url\":\"https:\/\/tiketi.com\/wp-content\/uploads\/2022\/02\/ferry-cruise-ship-voyage-41.jpg\",\"contentUrl\":\"https:\/\/tiketi.com\/wp-content\/uploads\/2022\/02\/ferry-cruise-ship-voyage-41.jpg\",\"width\":1200,\"height\":200,\"caption\":\"Ferry Boat Tickets\"},{\"@type\":\"BreadcrumbList\",\"@id\":\"https:\/\/tiketi.com\/ferry-mombasa-booking-tickets\/#breadcrumb\",\"itemListElement\":[{\"@type\":\"ListItem\",\"position\":1,\"name\":\"Home\",\"item\":\"https:\/\/tiketi.com\/\"},{\"@type\":\"ListItem\",\"position\":2,\"name\":\"Ferry Mombasa Booking &#8211; Tickets, Schedule &#038; Fares\"}]},{\"@type\":\"WebSite\",\"@id\":\"https:\/\/tiketi.com\/#website\",\"url\":\"https:\/\/tiketi.com\/\",\"name\":\"Flight & Bus Tickets, Tour Packages & Activitites - Tiketi.com\",\"description\":\"Flight &amp; Bus Tickets, Tours, Activitites\",\"publisher\":{\"@id\":\"https:\/\/tiketi.com\/#organization\"},\"potentialAction\":[{\"@type\":\"SearchAction\",\"target\":{\"@type\":\"EntryPoint\",\"urlTemplate\":\"https:\/\/tiketi.com\/?s={search_term_string}\"},\"query-input\":{\"@type\":\"PropertyValueSpecification\",\"valueRequired\":true,\"valueName\":\"search_term_string\"}}],\"inLanguage\":\"fr-FR\"},{\"@type\":\"Organization\",\"@id\":\"https:\/\/tiketi.com\/#organization\",\"name\":\"Tiketi.com\",\"alternateName\":\"Tiketi\",\"url\":\"https:\/\/tiketi.com\/\",\"logo\":{\"@type\":\"ImageObject\",\"inLanguage\":\"fr-FR\",\"@id\":\"https:\/\/tiketi.com\/#\/schema\/logo\/image\/\",\"url\":\"https:\/\/tiketi.com\/wp-content\/uploads\/2019\/05\/tiketi-logo-696.png\",\"contentUrl\":\"https:\/\/tiketi.com\/wp-content\/uploads\/2019\/05\/tiketi-logo-696.png\",\"width\":696,\"height\":696,\"caption\":\"Tiketi.com\"},\"image\":{\"@id\":\"https:\/\/tiketi.com\/#\/schema\/logo\/image\/\"},\"sameAs\":[\"https:\/\/www.facebook.com\/TiketiCom\/\"]}]}<\/script>\n<!-- \/ Yoast SEO plugin. -->","yoast_head_json":{"title":"Ferry Mombasa R\u00e9servation - Billets, horaires et tarifs","description":"Vous recherchez des r\u00e9servations de billets de ferry Mombasa, des tarifs et des horaires\u00a0? R\u00e9servez en ligne un ferry pas cher de Mombasa \u00e0 Diani beach et gagnez du temps et de l&#039;argent","robots":{"index":"index","follow":"follow","max-snippet":"max-snippet:-1","max-image-preview":"max-image-preview:large","max-video-preview":"max-video-preview:-1"},"canonical":"https:\/\/tiketi.com\/fr-fr\/ferry-mombasa-booking-tickets\/","og_locale":"fr_FR","og_type":"article","og_title":"Ferry Mombasa Booking - Tickets, Schedule & Fares","og_description":"Looking for ferry Mombasa\u00a0tickets booking, fare & schedule? Book cheap ferry from Mombasa to Diani beach online and save time and money","og_url":"https:\/\/tiketi.com\/fr-fr\/ferry-mombasa-booking-tickets\/","og_site_name":"Tiketi.com","article_publisher":"https:\/\/www.facebook.com\/TiketiCom\/","article_modified_time":"2022-02-12T11:53:51+00:00","og_image":[{"width":1200,"height":200,"url":"https:\/\/tiketi.com\/wp-content\/uploads\/2022\/02\/ferry-cruise-ship-voyage-41.jpg","type":"image\/jpeg"}],"twitter_card":"summary_large_image","twitter_misc":{"Dur\u00e9e de lecture estim\u00e9e":"2 minutes"},"schema":{"@context":"https:\/\/schema.org","@graph":[{"@type":"WebPage","@id":"https:\/\/tiketi.com\/ferry-mombasa-booking-tickets\/","url":"https:\/\/tiketi.com\/ferry-mombasa-booking-tickets\/","name":"Ferry Mombasa R\u00e9servation - Billets, horaires et tarifs","isPartOf":{"@id":"https:\/\/tiketi.com\/#website"},"primaryImageOfPage":{"@id":"https:\/\/tiketi.com\/ferry-mombasa-booking-tickets\/#primaryimage"},"image":{"@id":"https:\/\/tiketi.com\/ferry-mombasa-booking-tickets\/#primaryimage"},"thumbnailUrl":"https:\/\/tiketi.com\/wp-content\/uploads\/2022\/02\/ferry-cruise-ship-voyage-41.jpg","datePublished":"2022-01-19T11:54:16+00:00","dateModified":"2022-02-12T11:53:51+00:00","description":"Vous recherchez des r\u00e9servations de billets de ferry Mombasa, des tarifs et des horaires\u00a0? R\u00e9servez en ligne un ferry pas cher de Mombasa \u00e0 Diani beach et gagnez du temps et de l&#039;argent","breadcrumb":{"@id":"https:\/\/tiketi.com\/ferry-mombasa-booking-tickets\/#breadcrumb"},"inLanguage":"fr-FR","potentialAction":[{"@type":"ReadAction","target":["https:\/\/tiketi.com\/ferry-mombasa-booking-tickets\/"]}]},{"@type":"ImageObject","inLanguage":"fr-FR","@id":"https:\/\/tiketi.com\/ferry-mombasa-booking-tickets\/#primaryimage","url":"https:\/\/tiketi.com\/wp-content\/uploads\/2022\/02\/ferry-cruise-ship-voyage-41.jpg","contentUrl":"https:\/\/tiketi.com\/wp-content\/uploads\/2022\/02\/ferry-cruise-ship-voyage-41.jpg","width":1200,"height":200,"caption":"Ferry Boat Tickets"},{"@type":"BreadcrumbList","@id":"https:\/\/tiketi.com\/ferry-mombasa-booking-tickets\/#breadcrumb","itemListElement":[{"@type":"ListItem","position":1,"name":"Home","item":"https:\/\/tiketi.com\/"},{"@type":"ListItem","position":2,"name":"Ferry Mombasa Booking &#8211; Tickets, Schedule &#038; Fares"}]},{"@type":"WebSite","@id":"https:\/\/tiketi.com\/#website","url":"https:\/\/tiketi.com\/","name":"Billets d&#039;avion et de bus, forfaits touristiques et activit\u00e9s - Tiketi.com","description":"Billets d&#039;avion et de bus, Tours, Activit\u00e9s","publisher":{"@id":"https:\/\/tiketi.com\/#organization"},"potentialAction":[{"@type":"SearchAction","target":{"@type":"EntryPoint","urlTemplate":"https:\/\/tiketi.com\/?s={search_term_string}"},"query-input":{"@type":"PropertyValueSpecification","valueRequired":true,"valueName":"search_term_string"}}],"inLanguage":"fr-FR"},{"@type":"Organization","@id":"https:\/\/tiketi.com\/#organization","name":"Tiketi.com","alternateName":"Tiketi","url":"https:\/\/tiketi.com\/","logo":{"@type":"ImageObject","inLanguage":"fr-FR","@id":"https:\/\/tiketi.com\/#\/schema\/logo\/image\/","url":"https:\/\/tiketi.com\/wp-content\/uploads\/2019\/05\/tiketi-logo-696.png","contentUrl":"https:\/\/tiketi.com\/wp-content\/uploads\/2019\/05\/tiketi-logo-696.png","width":696,"height":696,"caption":"Tiketi.com"},"image":{"@id":"https:\/\/tiketi.com\/#\/schema\/logo\/image\/"},"sameAs":["https:\/\/www.facebook.com\/TiketiCom\/"]}]}},"_links":{"self":[{"href":"https:\/\/tiketi.com\/fr-fr\/wp-json\/wp\/v2\/pages\/11147","targetHints":{"allow":["GET"]}}],"collection":[{"href":"https:\/\/tiketi.com\/fr-fr\/wp-json\/wp\/v2\/pages"}],"about":[{"href":"https:\/\/tiketi.com\/fr-fr\/wp-json\/wp\/v2\/types\/page"}],"author":[{"embeddable":true,"href":"https:\/\/tiketi.com\/fr-fr\/wp-json\/wp\/v2\/users\/1"}],"replies":[{"embeddable":true,"href":"https:\/\/tiketi.com\/fr-fr\/wp-json\/wp\/v2\/comments?post=11147"}],"version-history":[{"count":0,"href":"https:\/\/tiketi.com\/fr-fr\/wp-json\/wp\/v2\/pages\/11147\/revisions"}],"wp:featuredmedia":[{"embeddable":true,"href":"https:\/\/tiketi.com\/fr-fr\/wp-json\/wp\/v2\/media\/16435"}],"wp:attachment":[{"href":"https:\/\/tiketi.com\/fr-fr\/wp-json\/wp\/v2\/media?parent=11147"}],"curies":[{"name":"wp","href":"https:\/\/api.w.org\/{rel}","templated":true}]}}