{"id":11148,"date":"2022-01-19T12:54:16","date_gmt":"2022-01-19T11:54:16","guid":{"rendered":"https:\/\/new.tiketi.com\/ferry-from-mauritius-to-reunion-tickets-schedule-fare\/"},"modified":"2023-02-21T14:24:04","modified_gmt":"2023-02-21T13:24:04","slug":"ferry-mauritius-to-reunion-tickets","status":"publish","type":"page","link":"https:\/\/tiketi.com\/fr-fr\/ferry-mauritius-to-reunion-tickets\/","title":{"rendered":"Ferry de l&#039;Ile Maurice \u00e0 la R\u00e9union Billets, horaires et tarifs"},"content":{"rendered":"<h2>R\u00e9servation en ligne d&#039;un ferry pas cher de l&#039;\u00eele de la R\u00e9union \u00e0 l&#039;\u00eele Maurice<\/h2>\n<h3>R\u00e9servez vos billets de ferry pas chers de Maurice \u00e0 la R\u00e9union en ligne.<\/h3>\n<p>La r\u00e9servation en ligne de billets de ferry de l&#039;\u00eele Maurice \u00e0 la R\u00e9union est simplifi\u00e9e. Contrairement aux Seychelles et \u00e0 l&#039;\u00eele Maurice, ses deux voisins indiens des grands fonds, la principale attraction de la R\u00e9union r\u00e9side dans ses plages. Certes, St-Gilles-Les Bains est bond\u00e9e de monde pendant les p\u00e9riodes de vacances et c&#039;est une plage magnifique et parfaite. D&#039;autre part, les origines volcaniques de la R\u00e9union lui conf\u00e8rent un paysage au charme \u00e9tonnant, caract\u00e9ris\u00e9 par des canyons profonds, des hauts sommets et des plaines. Une excursion d&#039;une journ\u00e9e de Maurice \u00e0 la R\u00e9union est possible. La r\u00e9servation en ligne de billets de ferry express de l&#039;\u00eele Maurice \u00e0 l&#039;\u00eele de la R\u00e9union vous permet d&#039;\u00e9conomiser du temps et de l&#039;argent.<\/p>\n<p>Il est facile de voyager depuis le ferry Maurice R\u00e9union. Le voyage de nuit dure environ 12 heures. Il existe des services r\u00e9guliers de bateaux de Maurice \u00e0 Toamasina et \u00e0 la R\u00e9union sur la c\u00f4te est. Il part environ une fois toutes les 2 semaines.<\/p>\n<p>En dehors de cela, vous devez avoir la chance de faire un tour sur un yacht ou un cargo vers les \u00eeles et les pays environnants.<\/p>\n<h2>Ferry de l&#039;Ile Maurice \u00e0 la R\u00e9union, FAQ sur les attractions, les tarifs et les horaires<\/h2>\n<h3>Excursion d&#039;une journ\u00e9e de Maurice \u00e0 la R\u00e9union \/ Lieux \u00e0 visiter\u00a0:<\/h3>\n<p><strong>Les plaines<\/strong><\/p>\n<p>Plac\u00e9es \u00e0 l&#039;est des \u00eeles se trouvent les plaines, avec des volcans et des hautes montagnes. La plaine-des-Cafres et le pays d\u00e9sertique des volcans avec la Plaine-des-Palmistes sont les plus remarquables. Il y a m\u00eame la Route des Volcans et il y a de nombreux sentiers de randonn\u00e9e vers Cilaos et Pitaon-des-Neiges. Le point de vue le plus remarquable se situe \u00e0 la Plaine-des Sabes. Vous pouvez remonter jusqu&#039;\u00e0 d&#039;anciens crat\u00e8res et profiter d&#039;une vue encore plus grande depuis le balcon qui culmine \u00e0 trois cents m\u00e8tres de haut.<\/p>\n<p><strong>Les Cirques<\/strong><\/p>\n<p>Les Cirques de La R\u00e9union sont un parfait exemple de g\u00e9ologie avec 3 grandes excavations d&#039;une dizaine de kilom\u00e8tres de diam\u00e8tre, d\u00e9limit\u00e9es par des parois verticales quasiment infranchissables. Par exemple, il y a le Cirque de Salazie, accessible par la route sur la c\u00f4te nord-est. La v\u00e9g\u00e9tation ici est tr\u00e8s luxuriante et des cascades d\u00e9valent les montagnes et \u00e0 certains endroits m\u00eame au-dessus de la route. Salazie est le plus humide des 3 cirques de La R\u00e9union et d\u00e9tient m\u00eame plusieurs records mondiaux de pr\u00e9cipitations dont les records de pr\u00e9cipitations en 1 heure et 1 jour.<\/p>\n<h3>Quel est le moyen abordable pour se rendre de Maurice \u00e0 La R\u00e9union ?<\/h3>\n<p>Le moyen abordable de se rendre de la R\u00e9union: le ferry express de l&#039;\u00eele de la R\u00e9union \u00e0 Maurice co\u00fbte $45 et prend 12 heures.<\/p>\n<h3>Quel est le moyen le plus rapide pour se rendre de Maurice \u00e0 La R\u00e9union ?<\/h3>\n<p>Le moyen le plus rapide pour se rendre de Maurice \u00e0 La R\u00e9union est de <a href=\"https:\/\/tiketi.com\/fr-fr\/flightst\/\" target=\"_blank\" rel=\"noopener\">voler<\/a> qui co\u00fbte $150 \u2013 $300 (prix du billet aller-retour Maurice R\u00e9union) et dure 1h 50m.<\/p>\n<h3>Quelle est la distance du trajet en ferry de l&#039;\u00eele Maurice \u00e0 la R\u00e9union ?<\/h3>\n<p>La distance du voyage en bateau Ile Maurice \u00e0 La R\u00e9union est de 233 km.<\/p>\n<h3>Combien de temps cela prend-il du ferry Ile Maurice R\u00e9union ?<\/h3>\n<p>Il faut environ 12 heures pour le ferry de Maurice \u00e0 l&#039;\u00eele de la R\u00e9union, transferts compris.<\/p>","protected":false},"excerpt":{"rendered":"<p>Cheap Mauritius to Reunion\u00a0Island Ferry Online Booking Reserve your cheap Mauritius to Reunion ferry tickets online. Ferry from Mauritius to Reunion tickets online booking made easy. Unlike the Seychelles and Mauritius, its two Indian deep-sea neighbors, Reunion key attraction is its beaches. True, St-Gilles-Les Bains is packed with crowd during holiday periods and it is [&hellip;]<\/p>\n","protected":false},"author":1,"featured_media":16435,"parent":0,"menu_order":0,"comment_status":"open","ping_status":"closed","template":"template-home-modern.php","meta":{"footnotes":""},"class_list":["post-11148","page","type-page","status-publish","has-post-thumbnail","hentry"],"yoast_head":"<!-- This site is optimized with the Yoast SEO plugin v27.3 - https:\/\/yoast.com\/product\/yoast-seo-wordpress\/ -->\n<title>Ferry from Mauritius to Reunion Tickets, Schedule &amp; Fare<\/title>\n<meta name=\"description\" content=\"Looking for ferry from Mauritius to Reunion tickets? Book cheap Mauritius to Reunion\u00a0island ferry tickets online and save time and money\" \/>\n<meta name=\"robots\" content=\"index, follow, max-snippet:-1, max-image-preview:large, max-video-preview:-1\" \/>\n<link rel=\"canonical\" href=\"https:\/\/tiketi.com\/fr-fr\/ferry-mauritius-to-reunion-tickets\/\" \/>\n<meta property=\"og:locale\" content=\"fr_FR\" \/>\n<meta property=\"og:type\" content=\"article\" \/>\n<meta property=\"og:title\" content=\"Ferry from Mauritius to Reunion Tickets, Schedule &amp; Fare\" \/>\n<meta property=\"og:description\" content=\"Looking for ferry from Mauritius to Reunion tickets? Book cheap Mauritius to Reunion\u00a0island ferry tickets online and save time and money\" \/>\n<meta property=\"og:url\" content=\"https:\/\/tiketi.com\/fr-fr\/ferry-mauritius-to-reunion-tickets\/\" \/>\n<meta property=\"og:site_name\" content=\"Tiketi.com\" \/>\n<meta property=\"article:publisher\" content=\"https:\/\/www.facebook.com\/TiketiCom\/\" \/>\n<meta property=\"article:modified_time\" content=\"2023-02-21T13:24:04+00:00\" \/>\n<meta property=\"og:image\" content=\"https:\/\/tiketi.com\/wp-content\/uploads\/2022\/02\/ferry-cruise-ship-voyage-41.jpg\" \/>\n\t<meta property=\"og:image:width\" content=\"1200\" \/>\n\t<meta property=\"og:image:height\" content=\"200\" \/>\n\t<meta property=\"og:image:type\" content=\"image\/jpeg\" \/>\n<meta name=\"twitter:card\" content=\"summary_large_image\" \/>\n<meta name=\"twitter:label1\" content=\"Dur\u00e9e de lecture estim\u00e9e\" \/>\n\t<meta name=\"twitter:data1\" content=\"3 minutes\" \/>\n<script type=\"application\/ld+json\" class=\"yoast-schema-graph\">{\"@context\":\"https:\\\/\\\/schema.org\",\"@graph\":[{\"@type\":\"WebPage\",\"@id\":\"https:\\\/\\\/tiketi.com\\\/ferry-mauritius-to-reunion-tickets\\\/\",\"url\":\"https:\\\/\\\/tiketi.com\\\/ferry-mauritius-to-reunion-tickets\\\/\",\"name\":\"Ferry from Mauritius to Reunion Tickets, Schedule & Fare\",\"isPartOf\":{\"@id\":\"https:\\\/\\\/tiketi.com\\\/#website\"},\"primaryImageOfPage\":{\"@id\":\"https:\\\/\\\/tiketi.com\\\/ferry-mauritius-to-reunion-tickets\\\/#primaryimage\"},\"image\":{\"@id\":\"https:\\\/\\\/tiketi.com\\\/ferry-mauritius-to-reunion-tickets\\\/#primaryimage\"},\"thumbnailUrl\":\"https:\\\/\\\/tiketi.com\\\/wp-content\\\/uploads\\\/2022\\\/02\\\/ferry-cruise-ship-voyage-41.jpg\",\"datePublished\":\"2022-01-19T11:54:16+00:00\",\"dateModified\":\"2023-02-21T13:24:04+00:00\",\"description\":\"Looking for ferry from Mauritius to Reunion tickets? Book cheap Mauritius to Reunion\u00a0island ferry tickets online and save time and money\",\"breadcrumb\":{\"@id\":\"https:\\\/\\\/tiketi.com\\\/ferry-mauritius-to-reunion-tickets\\\/#breadcrumb\"},\"inLanguage\":\"fr-FR\",\"potentialAction\":[{\"@type\":\"ReadAction\",\"target\":[\"https:\\\/\\\/tiketi.com\\\/ferry-mauritius-to-reunion-tickets\\\/\"]}]},{\"@type\":\"ImageObject\",\"inLanguage\":\"fr-FR\",\"@id\":\"https:\\\/\\\/tiketi.com\\\/ferry-mauritius-to-reunion-tickets\\\/#primaryimage\",\"url\":\"https:\\\/\\\/tiketi.com\\\/wp-content\\\/uploads\\\/2022\\\/02\\\/ferry-cruise-ship-voyage-41.jpg\",\"contentUrl\":\"https:\\\/\\\/tiketi.com\\\/wp-content\\\/uploads\\\/2022\\\/02\\\/ferry-cruise-ship-voyage-41.jpg\",\"width\":1200,\"height\":200,\"caption\":\"Ferry Boat Tickets\"},{\"@type\":\"BreadcrumbList\",\"@id\":\"https:\\\/\\\/tiketi.com\\\/ferry-mauritius-to-reunion-tickets\\\/#breadcrumb\",\"itemListElement\":[{\"@type\":\"ListItem\",\"position\":1,\"name\":\"Home\",\"item\":\"https:\\\/\\\/tiketi.com\\\/\"},{\"@type\":\"ListItem\",\"position\":2,\"name\":\"Ferry from Mauritius to Reunion Tickets, Schedule &#038; Fare\"}]},{\"@type\":\"WebSite\",\"@id\":\"https:\\\/\\\/tiketi.com\\\/#website\",\"url\":\"https:\\\/\\\/tiketi.com\\\/\",\"name\":\"Flight & Bus Tickets, Tour Packages & Activitites - Tiketi.com\",\"description\":\"Flight &amp; Bus Tickets, Tours, Activitites\",\"publisher\":{\"@id\":\"https:\\\/\\\/tiketi.com\\\/#organization\"},\"potentialAction\":[{\"@type\":\"SearchAction\",\"target\":{\"@type\":\"EntryPoint\",\"urlTemplate\":\"https:\\\/\\\/tiketi.com\\\/?s={search_term_string}\"},\"query-input\":{\"@type\":\"PropertyValueSpecification\",\"valueRequired\":true,\"valueName\":\"search_term_string\"}}],\"inLanguage\":\"fr-FR\"},{\"@type\":\"Organization\",\"@id\":\"https:\\\/\\\/tiketi.com\\\/#organization\",\"name\":\"Tiketi.com\",\"alternateName\":\"Tiketi\",\"url\":\"https:\\\/\\\/tiketi.com\\\/\",\"logo\":{\"@type\":\"ImageObject\",\"inLanguage\":\"fr-FR\",\"@id\":\"https:\\\/\\\/tiketi.com\\\/#\\\/schema\\\/logo\\\/image\\\/\",\"url\":\"https:\\\/\\\/tiketi.com\\\/wp-content\\\/uploads\\\/2019\\\/05\\\/tiketi-logo-696.png\",\"contentUrl\":\"https:\\\/\\\/tiketi.com\\\/wp-content\\\/uploads\\\/2019\\\/05\\\/tiketi-logo-696.png\",\"width\":696,\"height\":696,\"caption\":\"Tiketi.com\"},\"image\":{\"@id\":\"https:\\\/\\\/tiketi.com\\\/#\\\/schema\\\/logo\\\/image\\\/\"},\"sameAs\":[\"https:\\\/\\\/www.facebook.com\\\/TiketiCom\\\/\"]}]}<\/script>\n<!-- \/ Yoast SEO plugin. -->","yoast_head_json":{"title":"Ferry de l&#039;Ile Maurice \u00e0 la R\u00e9union Billets, horaires et tarifs","description":"Vous cherchez des billets de ferry de l&#039;Ile Maurice \u00e0 la R\u00e9union ? R\u00e9servez en ligne des billets de ferry Maurice - Ile de la R\u00e9union pas chers et gagnez du temps et de l&#039;argent","robots":{"index":"index","follow":"follow","max-snippet":"max-snippet:-1","max-image-preview":"max-image-preview:large","max-video-preview":"max-video-preview:-1"},"canonical":"https:\/\/tiketi.com\/fr-fr\/ferry-mauritius-to-reunion-tickets\/","og_locale":"fr_FR","og_type":"article","og_title":"Ferry from Mauritius to Reunion Tickets, Schedule & Fare","og_description":"Looking for ferry from Mauritius to Reunion tickets? Book cheap Mauritius to Reunion\u00a0island ferry tickets online and save time and money","og_url":"https:\/\/tiketi.com\/fr-fr\/ferry-mauritius-to-reunion-tickets\/","og_site_name":"Tiketi.com","article_publisher":"https:\/\/www.facebook.com\/TiketiCom\/","article_modified_time":"2023-02-21T13:24:04+00:00","og_image":[{"width":1200,"height":200,"url":"https:\/\/tiketi.com\/wp-content\/uploads\/2022\/02\/ferry-cruise-ship-voyage-41.jpg","type":"image\/jpeg"}],"twitter_card":"summary_large_image","twitter_misc":{"Dur\u00e9e de lecture estim\u00e9e":"3 minutes"},"schema":{"@context":"https:\/\/schema.org","@graph":[{"@type":"WebPage","@id":"https:\/\/tiketi.com\/ferry-mauritius-to-reunion-tickets\/","url":"https:\/\/tiketi.com\/ferry-mauritius-to-reunion-tickets\/","name":"Ferry de l&#039;Ile Maurice \u00e0 la R\u00e9union Billets, horaires et tarifs","isPartOf":{"@id":"https:\/\/tiketi.com\/#website"},"primaryImageOfPage":{"@id":"https:\/\/tiketi.com\/ferry-mauritius-to-reunion-tickets\/#primaryimage"},"image":{"@id":"https:\/\/tiketi.com\/ferry-mauritius-to-reunion-tickets\/#primaryimage"},"thumbnailUrl":"https:\/\/tiketi.com\/wp-content\/uploads\/2022\/02\/ferry-cruise-ship-voyage-41.jpg","datePublished":"2022-01-19T11:54:16+00:00","dateModified":"2023-02-21T13:24:04+00:00","description":"Vous cherchez des billets de ferry de l&#039;Ile Maurice \u00e0 la R\u00e9union ? R\u00e9servez en ligne des billets de ferry Maurice - Ile de la R\u00e9union pas chers et gagnez du temps et de l&#039;argent","breadcrumb":{"@id":"https:\/\/tiketi.com\/ferry-mauritius-to-reunion-tickets\/#breadcrumb"},"inLanguage":"fr-FR","potentialAction":[{"@type":"ReadAction","target":["https:\/\/tiketi.com\/ferry-mauritius-to-reunion-tickets\/"]}]},{"@type":"ImageObject","inLanguage":"fr-FR","@id":"https:\/\/tiketi.com\/ferry-mauritius-to-reunion-tickets\/#primaryimage","url":"https:\/\/tiketi.com\/wp-content\/uploads\/2022\/02\/ferry-cruise-ship-voyage-41.jpg","contentUrl":"https:\/\/tiketi.com\/wp-content\/uploads\/2022\/02\/ferry-cruise-ship-voyage-41.jpg","width":1200,"height":200,"caption":"Ferry Boat Tickets"},{"@type":"BreadcrumbList","@id":"https:\/\/tiketi.com\/ferry-mauritius-to-reunion-tickets\/#breadcrumb","itemListElement":[{"@type":"ListItem","position":1,"name":"Home","item":"https:\/\/tiketi.com\/"},{"@type":"ListItem","position":2,"name":"Ferry from Mauritius to Reunion Tickets, Schedule &#038; Fare"}]},{"@type":"WebSite","@id":"https:\/\/tiketi.com\/#website","url":"https:\/\/tiketi.com\/","name":"Billets d&#039;avion et de bus, forfaits touristiques et activit\u00e9s - Tiketi.com","description":"Billets d&#039;avion et de bus, Tours, Activit\u00e9s","publisher":{"@id":"https:\/\/tiketi.com\/#organization"},"potentialAction":[{"@type":"SearchAction","target":{"@type":"EntryPoint","urlTemplate":"https:\/\/tiketi.com\/?s={search_term_string}"},"query-input":{"@type":"PropertyValueSpecification","valueRequired":true,"valueName":"search_term_string"}}],"inLanguage":"fr-FR"},{"@type":"Organization","@id":"https:\/\/tiketi.com\/#organization","name":"Tiketi.com","alternateName":"Tiketi","url":"https:\/\/tiketi.com\/","logo":{"@type":"ImageObject","inLanguage":"fr-FR","@id":"https:\/\/tiketi.com\/#\/schema\/logo\/image\/","url":"https:\/\/tiketi.com\/wp-content\/uploads\/2019\/05\/tiketi-logo-696.png","contentUrl":"https:\/\/tiketi.com\/wp-content\/uploads\/2019\/05\/tiketi-logo-696.png","width":696,"height":696,"caption":"Tiketi.com"},"image":{"@id":"https:\/\/tiketi.com\/#\/schema\/logo\/image\/"},"sameAs":["https:\/\/www.facebook.com\/TiketiCom\/"]}]}},"_links":{"self":[{"href":"https:\/\/tiketi.com\/fr-fr\/wp-json\/wp\/v2\/pages\/11148","targetHints":{"allow":["GET"]}}],"collection":[{"href":"https:\/\/tiketi.com\/fr-fr\/wp-json\/wp\/v2\/pages"}],"about":[{"href":"https:\/\/tiketi.com\/fr-fr\/wp-json\/wp\/v2\/types\/page"}],"author":[{"embeddable":true,"href":"https:\/\/tiketi.com\/fr-fr\/wp-json\/wp\/v2\/users\/1"}],"replies":[{"embeddable":true,"href":"https:\/\/tiketi.com\/fr-fr\/wp-json\/wp\/v2\/comments?post=11148"}],"version-history":[{"count":0,"href":"https:\/\/tiketi.com\/fr-fr\/wp-json\/wp\/v2\/pages\/11148\/revisions"}],"wp:featuredmedia":[{"embeddable":true,"href":"https:\/\/tiketi.com\/fr-fr\/wp-json\/wp\/v2\/media\/16435"}],"wp:attachment":[{"href":"https:\/\/tiketi.com\/fr-fr\/wp-json\/wp\/v2\/media?parent=11148"}],"curies":[{"name":"wp","href":"https:\/\/api.w.org\/{rel}","templated":true}]}}