{"id":11149,"date":"2022-01-19T12:54:18","date_gmt":"2022-01-19T11:54:18","guid":{"rendered":"https:\/\/new.tiketi.com\/seychelles-ferry-booking-tickets-schedule-fares\/"},"modified":"2022-02-21T16:03:09","modified_gmt":"2022-02-21T15:03:09","slug":"seychelles-ferry-booking-tickets","status":"publish","type":"page","link":"https:\/\/tiketi.com\/fr-fr\/seychelles-ferry-booking-tickets\/","title":{"rendered":"R\u00e9servation de ferry pour les Seychelles - Billets, horaires et tarifs"},"content":{"rendered":"<h2>R\u00e9servation en ligne pas cher Inter Island Ferry Seychelles<\/h2>\n<h3>R\u00e9servez vos billets de ferry pas chers pour les Seychelles en ligne <a href=\"https:\/\/www.iif-catrose.com\/schedule\" target=\"_blank\" rel=\"noopener\">maintenant &gt;&gt;<\/a><\/h3>\n<p>La r\u00e9servation de ferry pour les Seychelles en toute simplicit\u00e9. Il y a deux ou trois liaisons quotidiennes entre Praslin et Mah\u00e9 par ferry entre les \u00eeles des Seychelles, le ferry du soir continuant vers le ferry seychelles la digue. Le ferry faisant l&#039;aller-retour entre Mahe et La Digue est normalement celui qui est le plus petit que celui qui fait la navette entre Mahe et Parslin. Donc, si vous \u00eates sujet au mal de mer, il est probablement pr\u00e9f\u00e9rable de changer de vantardise sur Parslin et de prendre le plus gros ferry sur l&#039;\u00e9tape Mah\u00e9 - Praslin. Vous pouvez maintenant r\u00e9server facilement des billets de ferry pour les Seychelles en ligne pour atteindre votre destination.<\/p>\n<h2>FAQ sur la r\u00e9servation de ferry pour les Seychelles<\/h2>\n<h3>Comment rejoindre les \u00eeles avec le ferry inter-\u00eeles Seychelles<\/h3>\n<p>Entre les 3 \u00eeles cl\u00e9s (Praslin, Mah\u00e9, La Digue), il y a des liaisons quotidiennes de r\u00e9servation de billets de ferry pour les Seychelles.<\/p>\n<p>\u2022 Ferry Mah\u00e9 \u00e0 Praslin : dur\u00e9e env. soixante minutes, co\u00fbte environ 50 \u20ac.<\/p>\n<p>\u2022 Ferry Praslin &gt; La Digue : dur\u00e9e env. quinze minutes, co\u00fbt environ 20 \u20ac.<\/p>\n<p>\u2022 Ferry Mah\u00e9 &gt; La Digue : Dur\u00e9e env. 90 minutes, co\u00fbte environ 70 \u20ac.<\/p>\n<h2>Ferry Seychelles la Digue<\/h2>\n<p>Pour rejoindre le ferry Seychelles la digue depuis Mah\u00e9, vous devez prendre un ferry qui arrive \u00e0 Praslin. Parfois, les passagers doivent remplacer les ferries sur Praslin. Si vous ne savez pas si vous devez remplacer le ferry, demandez au personnel du port. Les seuls trajets directs entre La Di\u00e8gue et Mah\u00e9 se font le vendredi.<\/p>\n<h3>Ferry Seychelles R\u00e9union<\/h3>\n<p>Il est pr\u00e9f\u00e9rable de r\u00e9server \u00e0 l&#039;avance les billets de ferry pour la r\u00e9union des Seychelles \u00e0 l&#039;avance.<\/p>\n<p>Avec jusqu&#039;\u00e0 huit d\u00e9parts par jour, se rendre de Praslin \u00e0 La Digue est simple avec le ferry inter-\u00eeles des Seychelles. Depuis ses d\u00e9buts modestes, avec seulement trente passagers en go\u00e9lette, Inter Island Ferry compte d\u00e9sormais deux catamarans \u00e0 grande vitesse - Cat Rose II et Cat Rose - transportant jusqu&#039;\u00e0 155 passagers \u00e0 la fois.<\/p>\n<p>Au d\u00e9part de Baie Sainte Anne, et avec une large gamme de temps de ferry pour la r\u00e9union des Seychelles, il est simple de jouer votre excursion d&#039;une journ\u00e9e sur les plages de renomm\u00e9e mondiale de La Digue. Et pour ceux qui ont un peu plus de temps, pourquoi ne pas planifier un s\u00e9jour plus long et profiter de l&#039;ambiance d\u00e9contract\u00e9e qui rend La Digue de plus en plus populaire.<\/p>\n<h3>Y a-t-il un ferry direct des Seychelles entre Mah\u00e9 et La Digue ?<\/h3>\n<p>Vous pouvez prendre une ligne droite de Mah\u00e9 \u00e0 La Digue le vendredi \u00e0 17h00 et en sens inverse le vendredi \u00e0 8h00. La dur\u00e9e est d&#039;une heure et dix minutes. La Digue et Mah\u00e9 sont toujours reli\u00e9es quotidiennement par des ferries faisant escale \u00e0 Praslin.<\/p>\n<h3>Vaut-il mieux rejoindre Praslin en avion ou en ferry ?<\/h3>\n<p>Pour rejoindre les Seychelles, vous pouvez prendre le ferry (environ une heure) ou un vol (environ 15 minutes). Pour d\u00e9cider laquelle prendre, vous devez tenir compte des facteurs suivants\u00a0: les heures de d\u00e9part et d&#039;arriv\u00e9e, le co\u00fbt, l&#039;ordre des \u00eeles dans vos vacances, le lieu de votre h\u00e9bergement, l&#039;ann\u00e9e de votre visite.<\/p>","protected":false},"excerpt":{"rendered":"<p>Cheap Inter Island Ferry Seychelles\u00a0Online Booking Reserve your cheap Seychelles ferry tickets online now &gt;&gt; Seychelles ferry booking made easy.\u00a0There are two or three inter island ferry Seychelles connections daily Praslin and Mahe, with the evening ferry continuing to seychelles la digue ferry. The ferryboat going back and forth between Mahe and La Digue is [&hellip;]<\/p>\n","protected":false},"author":1,"featured_media":16435,"parent":0,"menu_order":0,"comment_status":"open","ping_status":"closed","template":"template-home-modern.php","meta":{"footnotes":""},"class_list":["post-11149","page","type-page","status-publish","has-post-thumbnail","hentry"],"yoast_head":"<!-- This site is optimized with the Yoast SEO plugin v27.2 - https:\/\/yoast.com\/product\/yoast-seo-wordpress\/ -->\n<title>Seychelles Ferry Booking - Tickets, Schedule &amp; Fares<\/title>\n<meta name=\"description\" content=\"Looking for Seychelles ferry booking - tickets, schedule &amp; fares? Book cheap inter island ferry Seychelles tickets online and save time and money\" \/>\n<meta name=\"robots\" content=\"index, follow, max-snippet:-1, max-image-preview:large, max-video-preview:-1\" \/>\n<link rel=\"canonical\" href=\"https:\/\/tiketi.com\/fr-fr\/seychelles-ferry-booking-tickets\/\" \/>\n<meta property=\"og:locale\" content=\"fr_FR\" \/>\n<meta property=\"og:type\" content=\"article\" \/>\n<meta property=\"og:title\" content=\"Seychelles Ferry Booking - Tickets, Schedule &amp; Fares\" \/>\n<meta property=\"og:description\" content=\"Looking for Seychelles ferry booking - tickets, schedule &amp; fares? Book cheap inter island ferry Seychelles tickets online and save time and money\" \/>\n<meta property=\"og:url\" content=\"https:\/\/tiketi.com\/fr-fr\/seychelles-ferry-booking-tickets\/\" \/>\n<meta property=\"og:site_name\" content=\"Tiketi.com\" \/>\n<meta property=\"article:publisher\" content=\"https:\/\/www.facebook.com\/TiketiCom\/\" \/>\n<meta property=\"article:modified_time\" content=\"2022-02-21T15:03:09+00:00\" \/>\n<meta property=\"og:image\" content=\"https:\/\/tiketi.com\/wp-content\/uploads\/2022\/02\/ferry-cruise-ship-voyage-41.jpg\" \/>\n\t<meta property=\"og:image:width\" content=\"1200\" \/>\n\t<meta property=\"og:image:height\" content=\"200\" \/>\n\t<meta property=\"og:image:type\" content=\"image\/jpeg\" \/>\n<meta name=\"twitter:card\" content=\"summary_large_image\" \/>\n<meta name=\"twitter:label1\" content=\"Dur\u00e9e de lecture estim\u00e9e\" \/>\n\t<meta name=\"twitter:data1\" content=\"3 minutes\" \/>\n<script type=\"application\/ld+json\" class=\"yoast-schema-graph\">{\"@context\":\"https:\/\/schema.org\",\"@graph\":[{\"@type\":\"WebPage\",\"@id\":\"https:\/\/tiketi.com\/seychelles-ferry-booking-tickets\/\",\"url\":\"https:\/\/tiketi.com\/seychelles-ferry-booking-tickets\/\",\"name\":\"Seychelles Ferry Booking - Tickets, Schedule & Fares\",\"isPartOf\":{\"@id\":\"https:\/\/tiketi.com\/#website\"},\"primaryImageOfPage\":{\"@id\":\"https:\/\/tiketi.com\/seychelles-ferry-booking-tickets\/#primaryimage\"},\"image\":{\"@id\":\"https:\/\/tiketi.com\/seychelles-ferry-booking-tickets\/#primaryimage\"},\"thumbnailUrl\":\"https:\/\/tiketi.com\/wp-content\/uploads\/2022\/02\/ferry-cruise-ship-voyage-41.jpg\",\"datePublished\":\"2022-01-19T11:54:18+00:00\",\"dateModified\":\"2022-02-21T15:03:09+00:00\",\"description\":\"Looking for Seychelles ferry booking - tickets, schedule & fares? Book cheap inter island ferry Seychelles tickets online and save time and money\",\"breadcrumb\":{\"@id\":\"https:\/\/tiketi.com\/seychelles-ferry-booking-tickets\/#breadcrumb\"},\"inLanguage\":\"fr-FR\",\"potentialAction\":[{\"@type\":\"ReadAction\",\"target\":[\"https:\/\/tiketi.com\/seychelles-ferry-booking-tickets\/\"]}]},{\"@type\":\"ImageObject\",\"inLanguage\":\"fr-FR\",\"@id\":\"https:\/\/tiketi.com\/seychelles-ferry-booking-tickets\/#primaryimage\",\"url\":\"https:\/\/tiketi.com\/wp-content\/uploads\/2022\/02\/ferry-cruise-ship-voyage-41.jpg\",\"contentUrl\":\"https:\/\/tiketi.com\/wp-content\/uploads\/2022\/02\/ferry-cruise-ship-voyage-41.jpg\",\"width\":1200,\"height\":200,\"caption\":\"Ferry Boat Tickets\"},{\"@type\":\"BreadcrumbList\",\"@id\":\"https:\/\/tiketi.com\/seychelles-ferry-booking-tickets\/#breadcrumb\",\"itemListElement\":[{\"@type\":\"ListItem\",\"position\":1,\"name\":\"Home\",\"item\":\"https:\/\/tiketi.com\/\"},{\"@type\":\"ListItem\",\"position\":2,\"name\":\"Seychelles Ferry Booking &#8211; Tickets, Schedule &#038; Fares\"}]},{\"@type\":\"WebSite\",\"@id\":\"https:\/\/tiketi.com\/#website\",\"url\":\"https:\/\/tiketi.com\/\",\"name\":\"Flight & Bus Tickets, Tour Packages & Activitites - Tiketi.com\",\"description\":\"Flight &amp; Bus Tickets, Tours, Activitites\",\"publisher\":{\"@id\":\"https:\/\/tiketi.com\/#organization\"},\"potentialAction\":[{\"@type\":\"SearchAction\",\"target\":{\"@type\":\"EntryPoint\",\"urlTemplate\":\"https:\/\/tiketi.com\/?s={search_term_string}\"},\"query-input\":{\"@type\":\"PropertyValueSpecification\",\"valueRequired\":true,\"valueName\":\"search_term_string\"}}],\"inLanguage\":\"fr-FR\"},{\"@type\":\"Organization\",\"@id\":\"https:\/\/tiketi.com\/#organization\",\"name\":\"Tiketi.com\",\"alternateName\":\"Tiketi\",\"url\":\"https:\/\/tiketi.com\/\",\"logo\":{\"@type\":\"ImageObject\",\"inLanguage\":\"fr-FR\",\"@id\":\"https:\/\/tiketi.com\/#\/schema\/logo\/image\/\",\"url\":\"https:\/\/tiketi.com\/wp-content\/uploads\/2019\/05\/tiketi-logo-696.png\",\"contentUrl\":\"https:\/\/tiketi.com\/wp-content\/uploads\/2019\/05\/tiketi-logo-696.png\",\"width\":696,\"height\":696,\"caption\":\"Tiketi.com\"},\"image\":{\"@id\":\"https:\/\/tiketi.com\/#\/schema\/logo\/image\/\"},\"sameAs\":[\"https:\/\/www.facebook.com\/TiketiCom\/\"]}]}<\/script>\n<!-- \/ Yoast SEO plugin. -->","yoast_head_json":{"title":"R\u00e9servation de ferry pour les Seychelles - Billets, horaires et tarifs","description":"Vous recherchez une r\u00e9servation de ferry pour les Seychelles - billets, horaires et tarifs\u00a0? R\u00e9servez en ligne des billets pas chers pour le ferry inter-\u00eeles aux Seychelles et gagnez du temps et de l&#039;argent","robots":{"index":"index","follow":"follow","max-snippet":"max-snippet:-1","max-image-preview":"max-image-preview:large","max-video-preview":"max-video-preview:-1"},"canonical":"https:\/\/tiketi.com\/fr-fr\/seychelles-ferry-booking-tickets\/","og_locale":"fr_FR","og_type":"article","og_title":"Seychelles Ferry Booking - Tickets, Schedule & Fares","og_description":"Looking for Seychelles ferry booking - tickets, schedule & fares? Book cheap inter island ferry Seychelles tickets online and save time and money","og_url":"https:\/\/tiketi.com\/fr-fr\/seychelles-ferry-booking-tickets\/","og_site_name":"Tiketi.com","article_publisher":"https:\/\/www.facebook.com\/TiketiCom\/","article_modified_time":"2022-02-21T15:03:09+00:00","og_image":[{"width":1200,"height":200,"url":"https:\/\/tiketi.com\/wp-content\/uploads\/2022\/02\/ferry-cruise-ship-voyage-41.jpg","type":"image\/jpeg"}],"twitter_card":"summary_large_image","twitter_misc":{"Dur\u00e9e de lecture estim\u00e9e":"3 minutes"},"schema":{"@context":"https:\/\/schema.org","@graph":[{"@type":"WebPage","@id":"https:\/\/tiketi.com\/seychelles-ferry-booking-tickets\/","url":"https:\/\/tiketi.com\/seychelles-ferry-booking-tickets\/","name":"R\u00e9servation de ferry pour les Seychelles - Billets, horaires et tarifs","isPartOf":{"@id":"https:\/\/tiketi.com\/#website"},"primaryImageOfPage":{"@id":"https:\/\/tiketi.com\/seychelles-ferry-booking-tickets\/#primaryimage"},"image":{"@id":"https:\/\/tiketi.com\/seychelles-ferry-booking-tickets\/#primaryimage"},"thumbnailUrl":"https:\/\/tiketi.com\/wp-content\/uploads\/2022\/02\/ferry-cruise-ship-voyage-41.jpg","datePublished":"2022-01-19T11:54:18+00:00","dateModified":"2022-02-21T15:03:09+00:00","description":"Vous recherchez une r\u00e9servation de ferry pour les Seychelles - billets, horaires et tarifs\u00a0? R\u00e9servez en ligne des billets pas chers pour le ferry inter-\u00eeles aux Seychelles et gagnez du temps et de l&#039;argent","breadcrumb":{"@id":"https:\/\/tiketi.com\/seychelles-ferry-booking-tickets\/#breadcrumb"},"inLanguage":"fr-FR","potentialAction":[{"@type":"ReadAction","target":["https:\/\/tiketi.com\/seychelles-ferry-booking-tickets\/"]}]},{"@type":"ImageObject","inLanguage":"fr-FR","@id":"https:\/\/tiketi.com\/seychelles-ferry-booking-tickets\/#primaryimage","url":"https:\/\/tiketi.com\/wp-content\/uploads\/2022\/02\/ferry-cruise-ship-voyage-41.jpg","contentUrl":"https:\/\/tiketi.com\/wp-content\/uploads\/2022\/02\/ferry-cruise-ship-voyage-41.jpg","width":1200,"height":200,"caption":"Ferry Boat Tickets"},{"@type":"BreadcrumbList","@id":"https:\/\/tiketi.com\/seychelles-ferry-booking-tickets\/#breadcrumb","itemListElement":[{"@type":"ListItem","position":1,"name":"Home","item":"https:\/\/tiketi.com\/"},{"@type":"ListItem","position":2,"name":"Seychelles Ferry Booking &#8211; Tickets, Schedule &#038; Fares"}]},{"@type":"WebSite","@id":"https:\/\/tiketi.com\/#website","url":"https:\/\/tiketi.com\/","name":"Billets d&#039;avion et de bus, forfaits touristiques et activit\u00e9s - Tiketi.com","description":"Billets d&#039;avion et de bus, Tours, Activit\u00e9s","publisher":{"@id":"https:\/\/tiketi.com\/#organization"},"potentialAction":[{"@type":"SearchAction","target":{"@type":"EntryPoint","urlTemplate":"https:\/\/tiketi.com\/?s={search_term_string}"},"query-input":{"@type":"PropertyValueSpecification","valueRequired":true,"valueName":"search_term_string"}}],"inLanguage":"fr-FR"},{"@type":"Organization","@id":"https:\/\/tiketi.com\/#organization","name":"Tiketi.com","alternateName":"Tiketi","url":"https:\/\/tiketi.com\/","logo":{"@type":"ImageObject","inLanguage":"fr-FR","@id":"https:\/\/tiketi.com\/#\/schema\/logo\/image\/","url":"https:\/\/tiketi.com\/wp-content\/uploads\/2019\/05\/tiketi-logo-696.png","contentUrl":"https:\/\/tiketi.com\/wp-content\/uploads\/2019\/05\/tiketi-logo-696.png","width":696,"height":696,"caption":"Tiketi.com"},"image":{"@id":"https:\/\/tiketi.com\/#\/schema\/logo\/image\/"},"sameAs":["https:\/\/www.facebook.com\/TiketiCom\/"]}]}},"_links":{"self":[{"href":"https:\/\/tiketi.com\/fr-fr\/wp-json\/wp\/v2\/pages\/11149","targetHints":{"allow":["GET"]}}],"collection":[{"href":"https:\/\/tiketi.com\/fr-fr\/wp-json\/wp\/v2\/pages"}],"about":[{"href":"https:\/\/tiketi.com\/fr-fr\/wp-json\/wp\/v2\/types\/page"}],"author":[{"embeddable":true,"href":"https:\/\/tiketi.com\/fr-fr\/wp-json\/wp\/v2\/users\/1"}],"replies":[{"embeddable":true,"href":"https:\/\/tiketi.com\/fr-fr\/wp-json\/wp\/v2\/comments?post=11149"}],"version-history":[{"count":0,"href":"https:\/\/tiketi.com\/fr-fr\/wp-json\/wp\/v2\/pages\/11149\/revisions"}],"wp:featuredmedia":[{"embeddable":true,"href":"https:\/\/tiketi.com\/fr-fr\/wp-json\/wp\/v2\/media\/16435"}],"wp:attachment":[{"href":"https:\/\/tiketi.com\/fr-fr\/wp-json\/wp\/v2\/media?parent=11149"}],"curies":[{"name":"wp","href":"https:\/\/api.w.org\/{rel}","templated":true}]}}