{"id":11150,"date":"2022-01-19T12:54:18","date_gmt":"2022-01-19T11:54:18","guid":{"rendered":"https:\/\/new.tiketi.com\/ferry-mwanza-to-bukoba-ferry-tickets-schedule-fares\/"},"modified":"2023-02-22T16:52:48","modified_gmt":"2023-02-22T15:52:48","slug":"ferry-mwanza-to-bukoba","status":"publish","type":"page","link":"https:\/\/tiketi.com\/fr-fr\/ferry\/routes\/ferry-mwanza-to-bukoba\/","title":{"rendered":"Ferry Mwanza \u00e0 Bukoba Ferry Billets, horaires et tarifs"},"content":{"rendered":"<h2>Ferry pas cher de Bukoba \u00e0 Mwanza R\u00e9servation en ligne<\/h2>\n<h3>R\u00e9servez vos billets de ferry pas chers de Bukoba \u00e0 Mwanza en ligne <a href=\"http:\/\/earthwiseferries.com\/tanzania\/\" target=\"_blank\" rel=\"noopener\">maintenant &gt;&gt;<\/a><\/h3>\n<p>La r\u00e9servation en ligne de billets de ferry de Mwanza \u00e0 Bukoba est simplifi\u00e9e. Bukoba est une ville situ\u00e9e sur la rive ouest du lac Victoria, appartenant \u00e0 la r\u00e9gion de Kagera en Tanzanie. Il est situ\u00e9 dans la partie nord-ouest du pays et saisit les deux plus grands ports lacustres de Tanzanie. Vous pouvez r\u00e9server un ferry de Bukoba \u00e0 Mwanza pour atteindre votre destination.<\/p>\n<h2>FAQ sur le ferry de Mwanza \u00e0 Bukoba<\/h2>\n<p>Que voir \u00e0 Bukoba :<\/p>\n<h3>Lac Victoria<\/h3>\n<p>Le lac Victoria est la principale pr\u00e9f\u00e9rence des visiteurs venant dans la ville de Bukoba. Le lac d\u00e9tient de nombreux grands titres comme le plus grand lac tropical du monde, le plus grand lac en termes de superficie en Afrique et le plus grand lac d&#039;eau douce de la plan\u00e8te en termes de superficie. Pour les visiteurs, le lac Victoria est un paradis en offrant des visites touristiques, de la p\u00eache et de nombreuses autres activit\u00e9s de plein air \u00e9tonnantes.<\/p>\n<h3>Plage de Bukoba<\/h3>\n<p>Bukoba abrite une splendide plage de sable blanc sur la rive du lac Victoria avec des possibilit\u00e9s de promenade et de baignade. Ce sera une excursion d&#039;une demi-journ\u00e9e remarquable pour les visiteurs et il est \u00e9galement conseill\u00e9 aux visiteurs d&#039;apporter des paquets de nourriture \u00e0 manger \u00e0 la plage pendant leur temps libre.<\/p>\n<h3>Le ferry de Mwanza \u00e0 Bukoba est-il le moyen abordable de se rendre \u00e0 Bukoba ?<\/h3>\n<p>Mwanza \u00e0 Bukoba en ferry est l&#039;un des moyens abordables pour se rendre \u00e0 Bukoba et co\u00fbte $29 - $32 et dure 4h 25m.<\/p>\n<h3>Quelle est la distance du trajet en ferry de Bukoba \u00e0 Mwanza?<\/h3>\n<p>La distance entre Mwanza et Bukoba est de 179 km.<\/p>\n<h3>Comment voyager de Mwanza \u00e0 Bukoba sans v\u00e9hicule personnel ?<\/h3>\n<p>Le meilleur moyen pour se rendre de Mwanza \u00e0 Bukoba sans v\u00e9hicule. Vous pouvez louer un ferry de Bukoba \u00e0 Mwanza, dure 4h 20m et co\u00fbte $29 \u2013 $32.<\/p>\n<h3>Combien de temps faut-il pour le voyage de Mwanza \u00e0 Bukoba ?<\/h3>\n<p>Il faut environ trente-huit minutes pour se rendre de Mwanza \u00e0 Bukoba, y compris le transfert en bateau de Mwanza \u00e0 Bukoba.<\/p>\n<h3>Puis-je conduire de Mwanza \u00e0 Bukoba ?<\/h3>\n<p>Oui, la distance entre Bukoba et Mwanza est de 684 km. Il faut environ 9h 50m pour conduire de Mwanza \u00e0 Bukoba.<\/p>\n<h3>Horaires et tarifs des ferries de Mwanza \u00e0 Bukoba<\/h3>\n<p>Pour arriver depuis l&#039;Ouganda, vous pouvez prendre un bus depuis Bukoba et Kampala et depuis Bukoba, vous pouvez louer le ferry le vendredi, le mercredi ou le lundi soir ou le bus, mais l&#039;horaire du ferry de Mwanza \u00e0 Bukoba vous convient.<\/p>\n<p>De nombreux ferries c\u00e9l\u00e8bres partent de Mwanza pour se rendre \u00e0 Bukoba tous les dimanches, mardis et jeudis soirs. Vous pouvez r\u00e9server des billets de ferry de Bukoba \u00e0 Mwanza en ligne. Le prix du billet de ferry de Bukoba \u00e0 Mwanza est de 23 500 TSh.<\/p>\n<h2>Bukoba \u00e0 Mwanza Conseils Ferry<\/h2>\n<p>Il y a un ferry \u00e0 travers le golfe de Mwanza qui part de la ville et un autre \u00e0 environ trente-deux km au sud de la ville. Le sud est conseill\u00e9 pour la conduite car les routes du terminal ouest sont r\u00e9put\u00e9es excellentes.<\/p>","protected":false},"excerpt":{"rendered":"<p>Cheap Ferry from Bukoba to Mwanza Online Booking Reserve your cheap Bukoba to Mwanza ferry tickets online now &gt;&gt; Ferry Mwanza to Bukoba ferry tickets\u00a0online booking made easy. Bukoba is a town placed on the western shore of Victoria Lake, belongings to the Kagera area of Tanzania. It is placed in the northwestern part of [&hellip;]<\/p>\n","protected":false},"author":1,"featured_media":16435,"parent":26809,"menu_order":0,"comment_status":"open","ping_status":"closed","template":"template-home-modern.php","meta":{"footnotes":""},"class_list":["post-11150","page","type-page","status-publish","has-post-thumbnail","hentry"],"yoast_head":"<!-- This site is optimized with the Yoast SEO plugin v27.3 - https:\/\/yoast.com\/product\/yoast-seo-wordpress\/ -->\n<title>Ferry Mwanza to Bukoba Ferry Tickets, Schedule &amp; Fares<\/title>\n<meta name=\"description\" content=\"Looking for ferry Mwanza to Bukoba ferry tickets, fare &amp; schedule? Book cheap ferry from Bukoba to Mwanza ferry tickets online and save time\" \/>\n<meta name=\"robots\" content=\"index, follow, max-snippet:-1, max-image-preview:large, max-video-preview:-1\" \/>\n<link rel=\"canonical\" href=\"https:\/\/tiketi.com\/fr-fr\/ferry\/routes\/ferry-mwanza-to-bukoba\/\" \/>\n<meta property=\"og:locale\" content=\"fr_FR\" \/>\n<meta property=\"og:type\" content=\"article\" \/>\n<meta property=\"og:title\" content=\"Ferry Mwanza to Bukoba Ferry Tickets, Schedule &amp; Fares\" \/>\n<meta property=\"og:description\" content=\"Looking for ferry Mwanza to Bukoba ferry tickets, fare &amp; schedule? Book cheap ferry from Bukoba to Mwanza ferry tickets online and save time\" \/>\n<meta property=\"og:url\" content=\"https:\/\/tiketi.com\/fr-fr\/ferry\/routes\/ferry-mwanza-to-bukoba\/\" \/>\n<meta property=\"og:site_name\" content=\"Tiketi.com\" \/>\n<meta property=\"article:publisher\" content=\"https:\/\/www.facebook.com\/TiketiCom\/\" \/>\n<meta property=\"article:modified_time\" content=\"2023-02-22T15:52:48+00:00\" \/>\n<meta property=\"og:image\" content=\"https:\/\/tiketi.com\/wp-content\/uploads\/2022\/02\/ferry-cruise-ship-voyage-41.jpg\" \/>\n\t<meta property=\"og:image:width\" content=\"1200\" \/>\n\t<meta property=\"og:image:height\" content=\"200\" \/>\n\t<meta property=\"og:image:type\" content=\"image\/jpeg\" \/>\n<meta name=\"twitter:card\" content=\"summary_large_image\" \/>\n<meta name=\"twitter:label1\" content=\"Dur\u00e9e de lecture estim\u00e9e\" \/>\n\t<meta name=\"twitter:data1\" content=\"3 minutes\" \/>\n<script type=\"application\/ld+json\" class=\"yoast-schema-graph\">{\"@context\":\"https:\\\/\\\/schema.org\",\"@graph\":[{\"@type\":\"WebPage\",\"@id\":\"https:\\\/\\\/tiketi.com\\\/ferry\\\/routes\\\/ferry-mwanza-to-bukoba\\\/\",\"url\":\"https:\\\/\\\/tiketi.com\\\/ferry\\\/routes\\\/ferry-mwanza-to-bukoba\\\/\",\"name\":\"Ferry Mwanza to Bukoba Ferry Tickets, Schedule & Fares\",\"isPartOf\":{\"@id\":\"https:\\\/\\\/tiketi.com\\\/#website\"},\"primaryImageOfPage\":{\"@id\":\"https:\\\/\\\/tiketi.com\\\/ferry\\\/routes\\\/ferry-mwanza-to-bukoba\\\/#primaryimage\"},\"image\":{\"@id\":\"https:\\\/\\\/tiketi.com\\\/ferry\\\/routes\\\/ferry-mwanza-to-bukoba\\\/#primaryimage\"},\"thumbnailUrl\":\"https:\\\/\\\/tiketi.com\\\/wp-content\\\/uploads\\\/2022\\\/02\\\/ferry-cruise-ship-voyage-41.jpg\",\"datePublished\":\"2022-01-19T11:54:18+00:00\",\"dateModified\":\"2023-02-22T15:52:48+00:00\",\"description\":\"Looking for ferry Mwanza to Bukoba ferry tickets, fare & schedule? Book cheap ferry from Bukoba to Mwanza ferry tickets online and save time\",\"breadcrumb\":{\"@id\":\"https:\\\/\\\/tiketi.com\\\/ferry\\\/routes\\\/ferry-mwanza-to-bukoba\\\/#breadcrumb\"},\"inLanguage\":\"fr-FR\",\"potentialAction\":[{\"@type\":\"ReadAction\",\"target\":[\"https:\\\/\\\/tiketi.com\\\/ferry\\\/routes\\\/ferry-mwanza-to-bukoba\\\/\"]}]},{\"@type\":\"ImageObject\",\"inLanguage\":\"fr-FR\",\"@id\":\"https:\\\/\\\/tiketi.com\\\/ferry\\\/routes\\\/ferry-mwanza-to-bukoba\\\/#primaryimage\",\"url\":\"https:\\\/\\\/tiketi.com\\\/wp-content\\\/uploads\\\/2022\\\/02\\\/ferry-cruise-ship-voyage-41.jpg\",\"contentUrl\":\"https:\\\/\\\/tiketi.com\\\/wp-content\\\/uploads\\\/2022\\\/02\\\/ferry-cruise-ship-voyage-41.jpg\",\"width\":1200,\"height\":200,\"caption\":\"Ferry Boat Tickets\"},{\"@type\":\"BreadcrumbList\",\"@id\":\"https:\\\/\\\/tiketi.com\\\/ferry\\\/routes\\\/ferry-mwanza-to-bukoba\\\/#breadcrumb\",\"itemListElement\":[{\"@type\":\"ListItem\",\"position\":1,\"name\":\"Home\",\"item\":\"https:\\\/\\\/tiketi.com\\\/\"},{\"@type\":\"ListItem\",\"position\":2,\"name\":\"Ferry\",\"item\":\"https:\\\/\\\/tiketi.com\\\/ferry\\\/\"},{\"@type\":\"ListItem\",\"position\":3,\"name\":\"Routes\",\"item\":\"https:\\\/\\\/tiketi.com\\\/ferry\\\/routes\\\/\"},{\"@type\":\"ListItem\",\"position\":4,\"name\":\"Ferry Mwanza to Bukoba Ferry Tickets, Schedule &#038; Fares\"}]},{\"@type\":\"WebSite\",\"@id\":\"https:\\\/\\\/tiketi.com\\\/#website\",\"url\":\"https:\\\/\\\/tiketi.com\\\/\",\"name\":\"Flight & Bus Tickets, Tour Packages & Activitites - Tiketi.com\",\"description\":\"Flight &amp; Bus Tickets, Tours, Activitites\",\"publisher\":{\"@id\":\"https:\\\/\\\/tiketi.com\\\/#organization\"},\"potentialAction\":[{\"@type\":\"SearchAction\",\"target\":{\"@type\":\"EntryPoint\",\"urlTemplate\":\"https:\\\/\\\/tiketi.com\\\/?s={search_term_string}\"},\"query-input\":{\"@type\":\"PropertyValueSpecification\",\"valueRequired\":true,\"valueName\":\"search_term_string\"}}],\"inLanguage\":\"fr-FR\"},{\"@type\":\"Organization\",\"@id\":\"https:\\\/\\\/tiketi.com\\\/#organization\",\"name\":\"Tiketi.com\",\"alternateName\":\"Tiketi\",\"url\":\"https:\\\/\\\/tiketi.com\\\/\",\"logo\":{\"@type\":\"ImageObject\",\"inLanguage\":\"fr-FR\",\"@id\":\"https:\\\/\\\/tiketi.com\\\/#\\\/schema\\\/logo\\\/image\\\/\",\"url\":\"https:\\\/\\\/tiketi.com\\\/wp-content\\\/uploads\\\/2019\\\/05\\\/tiketi-logo-696.png\",\"contentUrl\":\"https:\\\/\\\/tiketi.com\\\/wp-content\\\/uploads\\\/2019\\\/05\\\/tiketi-logo-696.png\",\"width\":696,\"height\":696,\"caption\":\"Tiketi.com\"},\"image\":{\"@id\":\"https:\\\/\\\/tiketi.com\\\/#\\\/schema\\\/logo\\\/image\\\/\"},\"sameAs\":[\"https:\\\/\\\/www.facebook.com\\\/TiketiCom\\\/\"]}]}<\/script>\n<!-- \/ Yoast SEO plugin. -->","yoast_head_json":{"title":"Ferry Mwanza \u00e0 Bukoba Ferry Billets, horaires et tarifs","description":"Vous recherchez des billets, des tarifs et des horaires de ferry de Mwanza \u00e0 Bukoba? R\u00e9servez vos billets de ferry de Bukoba \u00e0 Mwanza \u00e0 bas prix en ligne et gagnez du temps","robots":{"index":"index","follow":"follow","max-snippet":"max-snippet:-1","max-image-preview":"max-image-preview:large","max-video-preview":"max-video-preview:-1"},"canonical":"https:\/\/tiketi.com\/fr-fr\/ferry\/routes\/ferry-mwanza-to-bukoba\/","og_locale":"fr_FR","og_type":"article","og_title":"Ferry Mwanza to Bukoba Ferry Tickets, Schedule & Fares","og_description":"Looking for ferry Mwanza to Bukoba ferry tickets, fare & schedule? Book cheap ferry from Bukoba to Mwanza ferry tickets online and save time","og_url":"https:\/\/tiketi.com\/fr-fr\/ferry\/routes\/ferry-mwanza-to-bukoba\/","og_site_name":"Tiketi.com","article_publisher":"https:\/\/www.facebook.com\/TiketiCom\/","article_modified_time":"2023-02-22T15:52:48+00:00","og_image":[{"width":1200,"height":200,"url":"https:\/\/tiketi.com\/wp-content\/uploads\/2022\/02\/ferry-cruise-ship-voyage-41.jpg","type":"image\/jpeg"}],"twitter_card":"summary_large_image","twitter_misc":{"Dur\u00e9e de lecture estim\u00e9e":"3 minutes"},"schema":{"@context":"https:\/\/schema.org","@graph":[{"@type":"WebPage","@id":"https:\/\/tiketi.com\/ferry\/routes\/ferry-mwanza-to-bukoba\/","url":"https:\/\/tiketi.com\/ferry\/routes\/ferry-mwanza-to-bukoba\/","name":"Ferry Mwanza \u00e0 Bukoba Ferry Billets, horaires et tarifs","isPartOf":{"@id":"https:\/\/tiketi.com\/#website"},"primaryImageOfPage":{"@id":"https:\/\/tiketi.com\/ferry\/routes\/ferry-mwanza-to-bukoba\/#primaryimage"},"image":{"@id":"https:\/\/tiketi.com\/ferry\/routes\/ferry-mwanza-to-bukoba\/#primaryimage"},"thumbnailUrl":"https:\/\/tiketi.com\/wp-content\/uploads\/2022\/02\/ferry-cruise-ship-voyage-41.jpg","datePublished":"2022-01-19T11:54:18+00:00","dateModified":"2023-02-22T15:52:48+00:00","description":"Vous recherchez des billets, des tarifs et des horaires de ferry de Mwanza \u00e0 Bukoba? R\u00e9servez vos billets de ferry de Bukoba \u00e0 Mwanza \u00e0 bas prix en ligne et gagnez du temps","breadcrumb":{"@id":"https:\/\/tiketi.com\/ferry\/routes\/ferry-mwanza-to-bukoba\/#breadcrumb"},"inLanguage":"fr-FR","potentialAction":[{"@type":"ReadAction","target":["https:\/\/tiketi.com\/ferry\/routes\/ferry-mwanza-to-bukoba\/"]}]},{"@type":"ImageObject","inLanguage":"fr-FR","@id":"https:\/\/tiketi.com\/ferry\/routes\/ferry-mwanza-to-bukoba\/#primaryimage","url":"https:\/\/tiketi.com\/wp-content\/uploads\/2022\/02\/ferry-cruise-ship-voyage-41.jpg","contentUrl":"https:\/\/tiketi.com\/wp-content\/uploads\/2022\/02\/ferry-cruise-ship-voyage-41.jpg","width":1200,"height":200,"caption":"Ferry Boat Tickets"},{"@type":"BreadcrumbList","@id":"https:\/\/tiketi.com\/ferry\/routes\/ferry-mwanza-to-bukoba\/#breadcrumb","itemListElement":[{"@type":"ListItem","position":1,"name":"Home","item":"https:\/\/tiketi.com\/"},{"@type":"ListItem","position":2,"name":"Ferry","item":"https:\/\/tiketi.com\/ferry\/"},{"@type":"ListItem","position":3,"name":"Routes","item":"https:\/\/tiketi.com\/ferry\/routes\/"},{"@type":"ListItem","position":4,"name":"Ferry Mwanza to Bukoba Ferry Tickets, Schedule &#038; Fares"}]},{"@type":"WebSite","@id":"https:\/\/tiketi.com\/#website","url":"https:\/\/tiketi.com\/","name":"Billets d&#039;avion et de bus, forfaits touristiques et activit\u00e9s - Tiketi.com","description":"Billets d&#039;avion et de bus, Tours, Activit\u00e9s","publisher":{"@id":"https:\/\/tiketi.com\/#organization"},"potentialAction":[{"@type":"SearchAction","target":{"@type":"EntryPoint","urlTemplate":"https:\/\/tiketi.com\/?s={search_term_string}"},"query-input":{"@type":"PropertyValueSpecification","valueRequired":true,"valueName":"search_term_string"}}],"inLanguage":"fr-FR"},{"@type":"Organization","@id":"https:\/\/tiketi.com\/#organization","name":"Tiketi.com","alternateName":"Tiketi","url":"https:\/\/tiketi.com\/","logo":{"@type":"ImageObject","inLanguage":"fr-FR","@id":"https:\/\/tiketi.com\/#\/schema\/logo\/image\/","url":"https:\/\/tiketi.com\/wp-content\/uploads\/2019\/05\/tiketi-logo-696.png","contentUrl":"https:\/\/tiketi.com\/wp-content\/uploads\/2019\/05\/tiketi-logo-696.png","width":696,"height":696,"caption":"Tiketi.com"},"image":{"@id":"https:\/\/tiketi.com\/#\/schema\/logo\/image\/"},"sameAs":["https:\/\/www.facebook.com\/TiketiCom\/"]}]}},"_links":{"self":[{"href":"https:\/\/tiketi.com\/fr-fr\/wp-json\/wp\/v2\/pages\/11150","targetHints":{"allow":["GET"]}}],"collection":[{"href":"https:\/\/tiketi.com\/fr-fr\/wp-json\/wp\/v2\/pages"}],"about":[{"href":"https:\/\/tiketi.com\/fr-fr\/wp-json\/wp\/v2\/types\/page"}],"author":[{"embeddable":true,"href":"https:\/\/tiketi.com\/fr-fr\/wp-json\/wp\/v2\/users\/1"}],"replies":[{"embeddable":true,"href":"https:\/\/tiketi.com\/fr-fr\/wp-json\/wp\/v2\/comments?post=11150"}],"version-history":[{"count":0,"href":"https:\/\/tiketi.com\/fr-fr\/wp-json\/wp\/v2\/pages\/11150\/revisions"}],"up":[{"embeddable":true,"href":"https:\/\/tiketi.com\/fr-fr\/wp-json\/wp\/v2\/pages\/26809"}],"wp:featuredmedia":[{"embeddable":true,"href":"https:\/\/tiketi.com\/fr-fr\/wp-json\/wp\/v2\/media\/16435"}],"wp:attachment":[{"href":"https:\/\/tiketi.com\/fr-fr\/wp-json\/wp\/v2\/media?parent=11150"}],"curies":[{"name":"wp","href":"https:\/\/api.w.org\/{rel}","templated":true}]}}