{"id":11151,"date":"2022-01-19T12:54:18","date_gmt":"2022-01-19T11:54:18","guid":{"rendered":"https:\/\/new.tiketi.com\/ferry-from-tanga-to-zanzibar-ferry-tickets-schedule-fares\/"},"modified":"2023-06-24T18:18:24","modified_gmt":"2023-06-24T17:18:24","slug":"ferry-tanga-to-zanzibar","status":"publish","type":"page","link":"https:\/\/tiketi.com\/fr-fr\/ferry\/routes\/ferry-tanga-to-zanzibar\/","title":{"rendered":"Ferry de Tanga \u00e0 Zanzibar Billets, horaires et tarifs du ferry"},"content":{"rendered":"<h2>Transferts en bateau pas chers de Tanga \u00e0 Zanzibar R\u00e9servation en ligne<\/h2>\n<h3>R\u00e9servez vos billets de ferry Tanga \u00e0 Zanzibar pas chers en ligne maintenant &gt;&gt;<\/h3>\n<p>Ferry de Tanga \u00e0 Zanzibar, la r\u00e9servation en ligne de billets de ferry est simplifi\u00e9e. Le ferry de Zanzibar peut \u00eatre extr\u00eamement charg\u00e9, il est donc pr\u00e9f\u00e9rable de r\u00e9server votre billet \u00e0 l&#039;avance, m\u00eame si ce n&#039;est qu&#039;un jour ou deux avant. Vous pouvez soit r\u00e9server en ligne facilement, vous rendre au terminal de ferry de Tanga ou de Zanzibar ou r\u00e9server par l&#039;interm\u00e9diaire d&#039;un agent v\u00e9rifi\u00e9. La r\u00e9servation en ligne de billets de transfert en bateau de Tanga \u00e0 Zanzibar vous permet d&#039;\u00e9conomiser de l&#039;argent et du temps.<\/p>\n<h2>Ferry de Tanga \u00e0 Zanzibar FAQ sur les billets de ferry, les horaires et les tarifs<\/h2>\n<h3>Le ferry Tanga pour Zanzibar est-il le moyen abordable de se rendre \u00e0 Tanga ou \u00e0 Zanzibar ?<\/h3>\n<p>Le moyen abordable de se rendre de Tanga \u00e0 Zanzibar est de prendre le ferry. Les billets de transfert en bateau de Tanga \u00e0 Zanzibar co\u00fbtent $70 \u2013 $170 et dure 14h 30m.<\/p>\n<h3>Quelle est la distance parcourue de Tanga \u00e0 Zanzibar?<\/h3>\n<p>La distance entre Zanzibar et Tanga est de 125 km.<\/p>\n<h3>Comment voyager de Tanga \u00e0 Zanzibar sans v\u00e9hicule ?<\/h3>\n<p>L&#039;excellent moyen de se rendre des bateaux \u00e0 Pemba ou Zanzibar depuis Bagamoyo ou Tanga, dure 14h 10m et co\u00fbte $70 \u2013 $170.<\/p>\n<h3>Combien de temps faut-il pour voyager de Tanga \u00e0 Zanzibar ?<\/h3>\n<p>Il faut environ 45 minutes pour se rendre de Tanga \u00e0 Zanzibar City, y compris le transfert en bateau de Tanga \u00e0 Zanzibar.<\/p>\n<h3>Proc\u00e9dure de d\u00e9part et d&#039;embarquement<\/h3>\n<p>Je vous conseille d&#039;arriver au moins trente minutes avant l&#039;heure de d\u00e9part.<\/p>\n<p>Pour franchir la premi\u00e8re porte, vous aurez besoin de :<\/p>\n<p>\u2022 Ton passeport<br \/>\n\u2022 Certificat de fi\u00e8vre jaune<br \/>\n\u2022 Billet<\/p>\n<p>Une fois vos bagages scann\u00e9s, vous obtiendrez des \u00e9tiquettes pour eux avant de descendre au quai o\u00f9 ils v\u00e9rifieront \u00e0 nouveau vos billets de ferry Tanga \u00e0 Zanzibar.<\/p>\n<h3>Boisson et nourriture sur le ferry<\/h3>\n<p>Les ferries ont des kiosques de boissons et de nourriture, servant g\u00e9n\u00e9ralement une petite s\u00e9lection de choses : sandwichs, mandazis, samoussas, croquettes de poisson, chips, croquettes de poisson, boissons chaudes et froides, etc.<\/p>\n<p>Si vous \u00eates en Classe Affaires et au-dessus, une boisson et une collation vous seront r\u00e9serv\u00e9es. Soyez juste vigilant, vous n&#039;\u00eates pas autoris\u00e9 \u00e0 apporter de l&#039;alcool sur le ferry et ils ne le vendent pas non plus.<\/p>\n<p>L&#039;int\u00e9rieur du ferry de Zanzibar est climatis\u00e9 et les si\u00e8ges sont assez confortables.<\/p>\n<p>S&#039;asseoir dehors est amusant, surtout si vous \u00eates assis au premier rang.<\/p>\n<h2>FAQ sur le transfert en bateau de Tanga \u00e0 Zanzibar<\/h2>\n<p>Vous aurez besoin de votre passeport pour r\u00e9server votre billet de ferry de Tanga \u00e0 Zanzibar.<\/p>\n<p>A Tanga, la billetterie cl\u00e9 est le b\u00e2timent \u00e0 la porte de droite qui m\u00e8ne au ferry.<\/p>\n<p>Si vous r\u00e9servez en ligne, vous pouvez r\u00e9server votre billet, mais vous ne pouvez pas payer \u00e0 l&#039;avance, vous devez donc r\u00e9cup\u00e9rer votre billet au moins trois heures avant le d\u00e9part, sinon ils pourraient le vendre \u00e0 quelqu&#039;un d&#039;autre.<\/p>","protected":false},"excerpt":{"rendered":"<p>Cheap Tanga to Zanzibar Boat Transfers Online Booking Reserve your cheap Tanga to Zanzibar ferry tickets online now &gt;&gt; Ferry from Tanga to Zanzibar ferry tickets online booking made easy. The Zanzibar ferry can get extremely busy, so it is best to book your ticket ahead of time, even if it is just a day [&hellip;]<\/p>\n","protected":false},"author":1,"featured_media":16435,"parent":26809,"menu_order":0,"comment_status":"open","ping_status":"closed","template":"template-home-modern.php","meta":{"footnotes":""},"class_list":["post-11151","page","type-page","status-publish","has-post-thumbnail","hentry"],"yoast_head":"<!-- This site is optimized with the Yoast SEO plugin v27.3 - https:\/\/yoast.com\/product\/yoast-seo-wordpress\/ -->\n<title>Ferry from Tanga to Zanzibar Ferry Tickets, Schedule &amp; Fares<\/title>\n<meta name=\"description\" content=\"Looking for Tanga to Zanzibar ferry tickets, fare &amp; schedule? Book cheap your boat transfer Tanga to Zanzibar tickets online and save time and money\" \/>\n<meta name=\"robots\" content=\"index, follow, max-snippet:-1, max-image-preview:large, max-video-preview:-1\" \/>\n<link rel=\"canonical\" href=\"https:\/\/tiketi.com\/fr-fr\/ferry\/routes\/ferry-tanga-to-zanzibar\/\" \/>\n<meta property=\"og:locale\" content=\"fr_FR\" \/>\n<meta property=\"og:type\" content=\"article\" \/>\n<meta property=\"og:title\" content=\"Ferry from Tanga to Zanzibar Ferry Tickets, Schedule &amp; Fares\" \/>\n<meta property=\"og:description\" content=\"Looking for Tanga to Zanzibar ferry tickets, fare &amp; schedule? Book cheap your boat transfer Tanga to Zanzibar tickets online and save time and money\" \/>\n<meta property=\"og:url\" content=\"https:\/\/tiketi.com\/fr-fr\/ferry\/routes\/ferry-tanga-to-zanzibar\/\" \/>\n<meta property=\"og:site_name\" content=\"Tiketi.com\" \/>\n<meta property=\"article:publisher\" content=\"https:\/\/www.facebook.com\/TiketiCom\/\" \/>\n<meta property=\"article:modified_time\" content=\"2023-06-24T17:18:24+00:00\" \/>\n<meta property=\"og:image\" content=\"https:\/\/tiketi.com\/wp-content\/uploads\/2022\/02\/ferry-cruise-ship-voyage-41.jpg\" \/>\n\t<meta property=\"og:image:width\" content=\"1200\" \/>\n\t<meta property=\"og:image:height\" content=\"200\" \/>\n\t<meta property=\"og:image:type\" content=\"image\/jpeg\" \/>\n<meta name=\"twitter:card\" content=\"summary_large_image\" \/>\n<meta name=\"twitter:label1\" content=\"Dur\u00e9e de lecture estim\u00e9e\" \/>\n\t<meta name=\"twitter:data1\" content=\"3 minutes\" \/>\n<script type=\"application\/ld+json\" class=\"yoast-schema-graph\">{\"@context\":\"https:\\\/\\\/schema.org\",\"@graph\":[{\"@type\":\"WebPage\",\"@id\":\"https:\\\/\\\/tiketi.com\\\/ferry\\\/routes\\\/ferry-tanga-to-zanzibar\\\/\",\"url\":\"https:\\\/\\\/tiketi.com\\\/ferry\\\/routes\\\/ferry-tanga-to-zanzibar\\\/\",\"name\":\"Ferry from Tanga to Zanzibar Ferry Tickets, Schedule & Fares\",\"isPartOf\":{\"@id\":\"https:\\\/\\\/tiketi.com\\\/#website\"},\"primaryImageOfPage\":{\"@id\":\"https:\\\/\\\/tiketi.com\\\/ferry\\\/routes\\\/ferry-tanga-to-zanzibar\\\/#primaryimage\"},\"image\":{\"@id\":\"https:\\\/\\\/tiketi.com\\\/ferry\\\/routes\\\/ferry-tanga-to-zanzibar\\\/#primaryimage\"},\"thumbnailUrl\":\"https:\\\/\\\/tiketi.com\\\/wp-content\\\/uploads\\\/2022\\\/02\\\/ferry-cruise-ship-voyage-41.jpg\",\"datePublished\":\"2022-01-19T11:54:18+00:00\",\"dateModified\":\"2023-06-24T17:18:24+00:00\",\"description\":\"Looking for Tanga to Zanzibar ferry tickets, fare & schedule? Book cheap your boat transfer Tanga to Zanzibar tickets online and save time and money\",\"breadcrumb\":{\"@id\":\"https:\\\/\\\/tiketi.com\\\/ferry\\\/routes\\\/ferry-tanga-to-zanzibar\\\/#breadcrumb\"},\"inLanguage\":\"fr-FR\",\"potentialAction\":[{\"@type\":\"ReadAction\",\"target\":[\"https:\\\/\\\/tiketi.com\\\/ferry\\\/routes\\\/ferry-tanga-to-zanzibar\\\/\"]}]},{\"@type\":\"ImageObject\",\"inLanguage\":\"fr-FR\",\"@id\":\"https:\\\/\\\/tiketi.com\\\/ferry\\\/routes\\\/ferry-tanga-to-zanzibar\\\/#primaryimage\",\"url\":\"https:\\\/\\\/tiketi.com\\\/wp-content\\\/uploads\\\/2022\\\/02\\\/ferry-cruise-ship-voyage-41.jpg\",\"contentUrl\":\"https:\\\/\\\/tiketi.com\\\/wp-content\\\/uploads\\\/2022\\\/02\\\/ferry-cruise-ship-voyage-41.jpg\",\"width\":1200,\"height\":200,\"caption\":\"Ferry Boat Tickets\"},{\"@type\":\"BreadcrumbList\",\"@id\":\"https:\\\/\\\/tiketi.com\\\/ferry\\\/routes\\\/ferry-tanga-to-zanzibar\\\/#breadcrumb\",\"itemListElement\":[{\"@type\":\"ListItem\",\"position\":1,\"name\":\"Home\",\"item\":\"https:\\\/\\\/tiketi.com\\\/\"},{\"@type\":\"ListItem\",\"position\":2,\"name\":\"Ferry\",\"item\":\"https:\\\/\\\/tiketi.com\\\/ferry\\\/\"},{\"@type\":\"ListItem\",\"position\":3,\"name\":\"Routes\",\"item\":\"https:\\\/\\\/tiketi.com\\\/ferry\\\/routes\\\/\"},{\"@type\":\"ListItem\",\"position\":4,\"name\":\"Ferry from Tanga to Zanzibar Ferry Tickets, Schedule &#038; Fares\"}]},{\"@type\":\"WebSite\",\"@id\":\"https:\\\/\\\/tiketi.com\\\/#website\",\"url\":\"https:\\\/\\\/tiketi.com\\\/\",\"name\":\"Flight & Bus Tickets, Tour Packages & Activitites - Tiketi.com\",\"description\":\"Flight &amp; Bus Tickets, Tours, Activitites\",\"publisher\":{\"@id\":\"https:\\\/\\\/tiketi.com\\\/#organization\"},\"potentialAction\":[{\"@type\":\"SearchAction\",\"target\":{\"@type\":\"EntryPoint\",\"urlTemplate\":\"https:\\\/\\\/tiketi.com\\\/?s={search_term_string}\"},\"query-input\":{\"@type\":\"PropertyValueSpecification\",\"valueRequired\":true,\"valueName\":\"search_term_string\"}}],\"inLanguage\":\"fr-FR\"},{\"@type\":\"Organization\",\"@id\":\"https:\\\/\\\/tiketi.com\\\/#organization\",\"name\":\"Tiketi.com\",\"alternateName\":\"Tiketi\",\"url\":\"https:\\\/\\\/tiketi.com\\\/\",\"logo\":{\"@type\":\"ImageObject\",\"inLanguage\":\"fr-FR\",\"@id\":\"https:\\\/\\\/tiketi.com\\\/#\\\/schema\\\/logo\\\/image\\\/\",\"url\":\"https:\\\/\\\/tiketi.com\\\/wp-content\\\/uploads\\\/2019\\\/05\\\/tiketi-logo-696.png\",\"contentUrl\":\"https:\\\/\\\/tiketi.com\\\/wp-content\\\/uploads\\\/2019\\\/05\\\/tiketi-logo-696.png\",\"width\":696,\"height\":696,\"caption\":\"Tiketi.com\"},\"image\":{\"@id\":\"https:\\\/\\\/tiketi.com\\\/#\\\/schema\\\/logo\\\/image\\\/\"},\"sameAs\":[\"https:\\\/\\\/www.facebook.com\\\/TiketiCom\\\/\"]}]}<\/script>\n<!-- \/ Yoast SEO plugin. -->","yoast_head_json":{"title":"Ferry de Tanga \u00e0 Zanzibar Billets, horaires et tarifs du ferry","description":"Vous recherchez des billets, des tarifs et des horaires de ferry de Tanga \u00e0 Zanzibar ? R\u00e9servez \u00e0 bas prix vos billets de transfert en bateau de Tanga \u00e0 Zanzibar en ligne et gagnez du temps et de l&#039;argent","robots":{"index":"index","follow":"follow","max-snippet":"max-snippet:-1","max-image-preview":"max-image-preview:large","max-video-preview":"max-video-preview:-1"},"canonical":"https:\/\/tiketi.com\/fr-fr\/ferry\/routes\/ferry-tanga-to-zanzibar\/","og_locale":"fr_FR","og_type":"article","og_title":"Ferry from Tanga to Zanzibar Ferry Tickets, Schedule & Fares","og_description":"Looking for Tanga to Zanzibar ferry tickets, fare & schedule? Book cheap your boat transfer Tanga to Zanzibar tickets online and save time and money","og_url":"https:\/\/tiketi.com\/fr-fr\/ferry\/routes\/ferry-tanga-to-zanzibar\/","og_site_name":"Tiketi.com","article_publisher":"https:\/\/www.facebook.com\/TiketiCom\/","article_modified_time":"2023-06-24T17:18:24+00:00","og_image":[{"width":1200,"height":200,"url":"https:\/\/tiketi.com\/wp-content\/uploads\/2022\/02\/ferry-cruise-ship-voyage-41.jpg","type":"image\/jpeg"}],"twitter_card":"summary_large_image","twitter_misc":{"Dur\u00e9e de lecture estim\u00e9e":"3 minutes"},"schema":{"@context":"https:\/\/schema.org","@graph":[{"@type":"WebPage","@id":"https:\/\/tiketi.com\/ferry\/routes\/ferry-tanga-to-zanzibar\/","url":"https:\/\/tiketi.com\/ferry\/routes\/ferry-tanga-to-zanzibar\/","name":"Ferry de Tanga \u00e0 Zanzibar Billets, horaires et tarifs du ferry","isPartOf":{"@id":"https:\/\/tiketi.com\/#website"},"primaryImageOfPage":{"@id":"https:\/\/tiketi.com\/ferry\/routes\/ferry-tanga-to-zanzibar\/#primaryimage"},"image":{"@id":"https:\/\/tiketi.com\/ferry\/routes\/ferry-tanga-to-zanzibar\/#primaryimage"},"thumbnailUrl":"https:\/\/tiketi.com\/wp-content\/uploads\/2022\/02\/ferry-cruise-ship-voyage-41.jpg","datePublished":"2022-01-19T11:54:18+00:00","dateModified":"2023-06-24T17:18:24+00:00","description":"Vous recherchez des billets, des tarifs et des horaires de ferry de Tanga \u00e0 Zanzibar ? R\u00e9servez \u00e0 bas prix vos billets de transfert en bateau de Tanga \u00e0 Zanzibar en ligne et gagnez du temps et de l&#039;argent","breadcrumb":{"@id":"https:\/\/tiketi.com\/ferry\/routes\/ferry-tanga-to-zanzibar\/#breadcrumb"},"inLanguage":"fr-FR","potentialAction":[{"@type":"ReadAction","target":["https:\/\/tiketi.com\/ferry\/routes\/ferry-tanga-to-zanzibar\/"]}]},{"@type":"ImageObject","inLanguage":"fr-FR","@id":"https:\/\/tiketi.com\/ferry\/routes\/ferry-tanga-to-zanzibar\/#primaryimage","url":"https:\/\/tiketi.com\/wp-content\/uploads\/2022\/02\/ferry-cruise-ship-voyage-41.jpg","contentUrl":"https:\/\/tiketi.com\/wp-content\/uploads\/2022\/02\/ferry-cruise-ship-voyage-41.jpg","width":1200,"height":200,"caption":"Ferry Boat Tickets"},{"@type":"BreadcrumbList","@id":"https:\/\/tiketi.com\/ferry\/routes\/ferry-tanga-to-zanzibar\/#breadcrumb","itemListElement":[{"@type":"ListItem","position":1,"name":"Home","item":"https:\/\/tiketi.com\/"},{"@type":"ListItem","position":2,"name":"Ferry","item":"https:\/\/tiketi.com\/ferry\/"},{"@type":"ListItem","position":3,"name":"Routes","item":"https:\/\/tiketi.com\/ferry\/routes\/"},{"@type":"ListItem","position":4,"name":"Ferry from Tanga to Zanzibar Ferry Tickets, Schedule &#038; Fares"}]},{"@type":"WebSite","@id":"https:\/\/tiketi.com\/#website","url":"https:\/\/tiketi.com\/","name":"Billets d&#039;avion et de bus, forfaits touristiques et activit\u00e9s - Tiketi.com","description":"Billets d&#039;avion et de bus, Tours, Activit\u00e9s","publisher":{"@id":"https:\/\/tiketi.com\/#organization"},"potentialAction":[{"@type":"SearchAction","target":{"@type":"EntryPoint","urlTemplate":"https:\/\/tiketi.com\/?s={search_term_string}"},"query-input":{"@type":"PropertyValueSpecification","valueRequired":true,"valueName":"search_term_string"}}],"inLanguage":"fr-FR"},{"@type":"Organization","@id":"https:\/\/tiketi.com\/#organization","name":"Tiketi.com","alternateName":"Tiketi","url":"https:\/\/tiketi.com\/","logo":{"@type":"ImageObject","inLanguage":"fr-FR","@id":"https:\/\/tiketi.com\/#\/schema\/logo\/image\/","url":"https:\/\/tiketi.com\/wp-content\/uploads\/2019\/05\/tiketi-logo-696.png","contentUrl":"https:\/\/tiketi.com\/wp-content\/uploads\/2019\/05\/tiketi-logo-696.png","width":696,"height":696,"caption":"Tiketi.com"},"image":{"@id":"https:\/\/tiketi.com\/#\/schema\/logo\/image\/"},"sameAs":["https:\/\/www.facebook.com\/TiketiCom\/"]}]}},"_links":{"self":[{"href":"https:\/\/tiketi.com\/fr-fr\/wp-json\/wp\/v2\/pages\/11151","targetHints":{"allow":["GET"]}}],"collection":[{"href":"https:\/\/tiketi.com\/fr-fr\/wp-json\/wp\/v2\/pages"}],"about":[{"href":"https:\/\/tiketi.com\/fr-fr\/wp-json\/wp\/v2\/types\/page"}],"author":[{"embeddable":true,"href":"https:\/\/tiketi.com\/fr-fr\/wp-json\/wp\/v2\/users\/1"}],"replies":[{"embeddable":true,"href":"https:\/\/tiketi.com\/fr-fr\/wp-json\/wp\/v2\/comments?post=11151"}],"version-history":[{"count":0,"href":"https:\/\/tiketi.com\/fr-fr\/wp-json\/wp\/v2\/pages\/11151\/revisions"}],"up":[{"embeddable":true,"href":"https:\/\/tiketi.com\/fr-fr\/wp-json\/wp\/v2\/pages\/26809"}],"wp:featuredmedia":[{"embeddable":true,"href":"https:\/\/tiketi.com\/fr-fr\/wp-json\/wp\/v2\/media\/16435"}],"wp:attachment":[{"href":"https:\/\/tiketi.com\/fr-fr\/wp-json\/wp\/v2\/media?parent=11151"}],"curies":[{"name":"wp","href":"https:\/\/api.w.org\/{rel}","templated":true}]}}