{"id":11152,"date":"2022-01-19T12:54:18","date_gmt":"2022-01-19T11:54:18","guid":{"rendered":"https:\/\/new.tiketi.com\/ferry-mwanza-to-entebbe-ferry-tickets-fare-schedule\/"},"modified":"2023-02-22T17:04:28","modified_gmt":"2023-02-22T16:04:28","slug":"ferry-mwanza-to-entebbe","status":"publish","type":"page","link":"https:\/\/tiketi.com\/fr-fr\/ferry\/routes\/ferry-mwanza-to-entebbe\/","title":{"rendered":"Ferry Mwanza \u00e0 Entebbe Billets, tarifs et horaires"},"content":{"rendered":"<h2>Ferry pas cher d&#039;Entebbe \u00e0 Mwanza R\u00e9servation en ligne<\/h2>\n<h3>R\u00e9servez vos billets de ferry pas chers de Pemba \u00e0 Zanzibar en ligne <a href=\"http:\/\/earthwiseferries.com\/uganda\/\" target=\"_blank\" rel=\"noopener\">maintenant &gt;&gt;<\/a><\/h3>\n<p>La r\u00e9servation en ligne de billets de ferry de Mwanza \u00e0 Entebbe est simplifi\u00e9e. \u00c0 trente-cinq kilom\u00e8tres au sud de Kampala, Entebbe se situe sur la rive du lac Victoria. Elle a servi de capitale administrative ougandaise dans les ann\u00e9es 1960, mais elle est maintenant plus populaire pour \u00eatre le site du seul a\u00e9roport international ougandais. Vous pouvez r\u00e9server un ferry d&#039;Entebbe \u00e0 Mwanza facilement en ligne.<\/p>\n<p>Entebbe offre une introduction incroyable \u00e0 l&#039;Ouganda et a une atmosph\u00e8re plus d\u00e9contract\u00e9e que la capitale. En g\u00e9n\u00e9ral, les visiteurs ne restent pas longtemps \u00e0 Entebbe, une escale d&#039;une nuit avant ou apr\u00e8s une nuit tardive \u00e9tant la principale raison de s&#039;arr\u00eater.<\/p>\n<p>Quoi qu&#039;il en soit, si vous avez un peu plus de temps, une visite au jardin botanique est tr\u00e8s conseill\u00e9e. Cela offre une meilleure introduction \u00e0 la vie des oiseaux ougandais ainsi qu&#039;un aper\u00e7u de quelques esp\u00e8ces de singes et de nombreux \u00e9cureuils arboricoles. C&#039;est un endroit extr\u00eamement merveilleux et calme pour se promener et passer quelques heures.<\/p>\n<h2>FAQ sur le ferry de Mwanza \u00e0 Entebbe, Ouganda<\/h2>\n<h3>Le ferry d&#039;Entebbe \u00e0 Mwanza est-il le moyen abordable de se rendre \u00e0 Mwanza ?<\/h3>\n<p>Le moyen abordable de se rendre de Mwanza ferry \u00e0 Ouganda qui co\u00fbte $70 - $110 et prend 11h 49m.<\/p>\n<h3>Quelle est la distance entre Entebbe a Mwanza?<\/h3>\n<p>La distance de trajet en ferry de Mwanza \u00e0 Entebbe est de 290 km.<\/p>\n<h3>Quel est le moyen le plus rapide pour se rendre de Mwanza \u00e0 Entebbe ?<\/h3>\n<p>Le moyen le plus rapide pour se rendre de Mwanza \u00e0 Entebbe est de <a href=\"https:\/\/tiketi.com\/fr-fr\/flightst\/\" target=\"_blank\" rel=\"noopener\">voler<\/a> qui co\u00fbte $30 \u2013 $290 et dure 4h 25m.<\/p>\n<h3>Combien de temps faut-il pour faire le ferry d&#039;Entebbe \u00e0 Mwanza ?<\/h3>\n<p>Il faut environ 11h 49m pour le transfert en bateau de Mwanza \u00e0 Entebbe.<\/p>\n<h3>Puis-je conduire de Mwanza \u00e0 Entebbe ?<\/h3>\n<p>Oui, la distance entre Entebbe et Mwanza est de 822 km. il faut environ 11h 50m pour conduire de Mwanza \u00e0 Entebbe.<\/p>\n<h3>Comment rejoindre Mwanza \u00e0 Entebbe, Ouganda<\/h3>\n<p>Vous pouvez aller de Mwanza \u00e0 Entebbe soit par <a href=\"https:\/\/tiketi.com\/fr-fr\/buses-tickets-africa-online-ticket-booking\/\" target=\"_blank\" rel=\"noopener\">autobus<\/a> ou le ferry de Mwanza vers l&#039;Ouganda. Le ferry de nuit est votre premier choix si vous avez le temps d&#039;attendre, mais vous devez r\u00e9server vos billets de ferry Entebbe \u00e0 Mwanza \u00e0 l&#039;avance. Vous pouvez facilement r\u00e9server le ferry de Mwanza vers l&#039;Ouganda.<\/p>\n<p>C\u00f4t\u00e9 tanzanien du lac Victoria, cela prendra environ trois heures si vous en avez les moyens ou un service de ferry \u00e0 bord prend environ 19 heures entre Mwanza, Port Bell et Entebbe.<\/p>","protected":false},"excerpt":{"rendered":"<p>Cheap Ferry from Entebbe to Mwanza Online Booking Reserve your cheap Pemba to Zanzibar ferry tickets online now &gt;&gt; Ferry Mwanza to Entebbe ferry tickets\u00a0online booking made easy.\u00a0Thirty-five kilometres south of Kampala, Entebbe locates on the shore of Lake Victoria. It served as the administrative Uganda capital in the 1960s but now is most popular [&hellip;]<\/p>\n","protected":false},"author":1,"featured_media":16435,"parent":26809,"menu_order":0,"comment_status":"open","ping_status":"closed","template":"template-home-modern.php","meta":{"footnotes":""},"class_list":["post-11152","page","type-page","status-publish","has-post-thumbnail","hentry"],"yoast_head":"<!-- This site is optimized with the Yoast SEO plugin v27.3 - https:\/\/yoast.com\/product\/yoast-seo-wordpress\/ -->\n<title>Ferry Mwanza to Entebbe Ferry Tickets, Fare &amp; Schedule<\/title>\n<meta name=\"description\" content=\"Looking for ferry Mwanza to Entebbe ferry tickets, fare &amp; schedule? Book cheap ferry from Entebbe to Mwanza tickets online and save time\" \/>\n<meta name=\"robots\" content=\"index, follow, max-snippet:-1, max-image-preview:large, max-video-preview:-1\" \/>\n<link rel=\"canonical\" href=\"https:\/\/tiketi.com\/fr-fr\/ferry\/routes\/ferry-mwanza-to-entebbe\/\" \/>\n<meta property=\"og:locale\" content=\"fr_FR\" \/>\n<meta property=\"og:type\" content=\"article\" \/>\n<meta property=\"og:title\" content=\"Ferry Mwanza to Entebbe Ferry Tickets, Fare &amp; Schedule\" \/>\n<meta property=\"og:description\" content=\"Looking for ferry Mwanza to Entebbe ferry tickets, fare &amp; schedule? Book cheap ferry from Entebbe to Mwanza tickets online and save time\" \/>\n<meta property=\"og:url\" content=\"https:\/\/tiketi.com\/fr-fr\/ferry\/routes\/ferry-mwanza-to-entebbe\/\" \/>\n<meta property=\"og:site_name\" content=\"Tiketi.com\" \/>\n<meta property=\"article:publisher\" content=\"https:\/\/www.facebook.com\/TiketiCom\/\" \/>\n<meta property=\"article:modified_time\" content=\"2023-02-22T16:04:28+00:00\" \/>\n<meta property=\"og:image\" content=\"https:\/\/tiketi.com\/wp-content\/uploads\/2022\/02\/ferry-cruise-ship-voyage-41.jpg\" \/>\n\t<meta property=\"og:image:width\" content=\"1200\" \/>\n\t<meta property=\"og:image:height\" content=\"200\" \/>\n\t<meta property=\"og:image:type\" content=\"image\/jpeg\" \/>\n<meta name=\"twitter:card\" content=\"summary_large_image\" \/>\n<meta name=\"twitter:label1\" content=\"Dur\u00e9e de lecture estim\u00e9e\" \/>\n\t<meta name=\"twitter:data1\" content=\"2 minutes\" \/>\n<script type=\"application\/ld+json\" class=\"yoast-schema-graph\">{\"@context\":\"https:\\\/\\\/schema.org\",\"@graph\":[{\"@type\":\"WebPage\",\"@id\":\"https:\\\/\\\/tiketi.com\\\/ferry\\\/routes\\\/ferry-mwanza-to-entebbe\\\/\",\"url\":\"https:\\\/\\\/tiketi.com\\\/ferry\\\/routes\\\/ferry-mwanza-to-entebbe\\\/\",\"name\":\"Ferry Mwanza to Entebbe Ferry Tickets, Fare & Schedule\",\"isPartOf\":{\"@id\":\"https:\\\/\\\/tiketi.com\\\/#website\"},\"primaryImageOfPage\":{\"@id\":\"https:\\\/\\\/tiketi.com\\\/ferry\\\/routes\\\/ferry-mwanza-to-entebbe\\\/#primaryimage\"},\"image\":{\"@id\":\"https:\\\/\\\/tiketi.com\\\/ferry\\\/routes\\\/ferry-mwanza-to-entebbe\\\/#primaryimage\"},\"thumbnailUrl\":\"https:\\\/\\\/tiketi.com\\\/wp-content\\\/uploads\\\/2022\\\/02\\\/ferry-cruise-ship-voyage-41.jpg\",\"datePublished\":\"2022-01-19T11:54:18+00:00\",\"dateModified\":\"2023-02-22T16:04:28+00:00\",\"description\":\"Looking for ferry Mwanza to Entebbe ferry tickets, fare & schedule? Book cheap ferry from Entebbe to Mwanza tickets online and save time\",\"breadcrumb\":{\"@id\":\"https:\\\/\\\/tiketi.com\\\/ferry\\\/routes\\\/ferry-mwanza-to-entebbe\\\/#breadcrumb\"},\"inLanguage\":\"fr-FR\",\"potentialAction\":[{\"@type\":\"ReadAction\",\"target\":[\"https:\\\/\\\/tiketi.com\\\/ferry\\\/routes\\\/ferry-mwanza-to-entebbe\\\/\"]}]},{\"@type\":\"ImageObject\",\"inLanguage\":\"fr-FR\",\"@id\":\"https:\\\/\\\/tiketi.com\\\/ferry\\\/routes\\\/ferry-mwanza-to-entebbe\\\/#primaryimage\",\"url\":\"https:\\\/\\\/tiketi.com\\\/wp-content\\\/uploads\\\/2022\\\/02\\\/ferry-cruise-ship-voyage-41.jpg\",\"contentUrl\":\"https:\\\/\\\/tiketi.com\\\/wp-content\\\/uploads\\\/2022\\\/02\\\/ferry-cruise-ship-voyage-41.jpg\",\"width\":1200,\"height\":200,\"caption\":\"Ferry Boat Tickets\"},{\"@type\":\"BreadcrumbList\",\"@id\":\"https:\\\/\\\/tiketi.com\\\/ferry\\\/routes\\\/ferry-mwanza-to-entebbe\\\/#breadcrumb\",\"itemListElement\":[{\"@type\":\"ListItem\",\"position\":1,\"name\":\"Home\",\"item\":\"https:\\\/\\\/tiketi.com\\\/\"},{\"@type\":\"ListItem\",\"position\":2,\"name\":\"Ferry\",\"item\":\"https:\\\/\\\/tiketi.com\\\/ferry\\\/\"},{\"@type\":\"ListItem\",\"position\":3,\"name\":\"Routes\",\"item\":\"https:\\\/\\\/tiketi.com\\\/ferry\\\/routes\\\/\"},{\"@type\":\"ListItem\",\"position\":4,\"name\":\"Ferry Mwanza to Entebbe Ferry Tickets, Fare &#038; Schedule\"}]},{\"@type\":\"WebSite\",\"@id\":\"https:\\\/\\\/tiketi.com\\\/#website\",\"url\":\"https:\\\/\\\/tiketi.com\\\/\",\"name\":\"Flight & Bus Tickets, Tour Packages & Activitites - Tiketi.com\",\"description\":\"Flight &amp; Bus Tickets, Tours, Activitites\",\"publisher\":{\"@id\":\"https:\\\/\\\/tiketi.com\\\/#organization\"},\"potentialAction\":[{\"@type\":\"SearchAction\",\"target\":{\"@type\":\"EntryPoint\",\"urlTemplate\":\"https:\\\/\\\/tiketi.com\\\/?s={search_term_string}\"},\"query-input\":{\"@type\":\"PropertyValueSpecification\",\"valueRequired\":true,\"valueName\":\"search_term_string\"}}],\"inLanguage\":\"fr-FR\"},{\"@type\":\"Organization\",\"@id\":\"https:\\\/\\\/tiketi.com\\\/#organization\",\"name\":\"Tiketi.com\",\"alternateName\":\"Tiketi\",\"url\":\"https:\\\/\\\/tiketi.com\\\/\",\"logo\":{\"@type\":\"ImageObject\",\"inLanguage\":\"fr-FR\",\"@id\":\"https:\\\/\\\/tiketi.com\\\/#\\\/schema\\\/logo\\\/image\\\/\",\"url\":\"https:\\\/\\\/tiketi.com\\\/wp-content\\\/uploads\\\/2019\\\/05\\\/tiketi-logo-696.png\",\"contentUrl\":\"https:\\\/\\\/tiketi.com\\\/wp-content\\\/uploads\\\/2019\\\/05\\\/tiketi-logo-696.png\",\"width\":696,\"height\":696,\"caption\":\"Tiketi.com\"},\"image\":{\"@id\":\"https:\\\/\\\/tiketi.com\\\/#\\\/schema\\\/logo\\\/image\\\/\"},\"sameAs\":[\"https:\\\/\\\/www.facebook.com\\\/TiketiCom\\\/\"]}]}<\/script>\n<!-- \/ Yoast SEO plugin. -->","yoast_head_json":{"title":"Ferry Mwanza \u00e0 Entebbe Billets, tarifs et horaires","description":"Vous recherchez des billets, des tarifs et des horaires de ferry de Mwanza \u00e0 Entebbe? R\u00e9servez vos billets de ferry d&#039;Entebbe \u00e0 Mwanza \u00e0 bas prix en ligne et gagnez du temps","robots":{"index":"index","follow":"follow","max-snippet":"max-snippet:-1","max-image-preview":"max-image-preview:large","max-video-preview":"max-video-preview:-1"},"canonical":"https:\/\/tiketi.com\/fr-fr\/ferry\/routes\/ferry-mwanza-to-entebbe\/","og_locale":"fr_FR","og_type":"article","og_title":"Ferry Mwanza to Entebbe Ferry Tickets, Fare & Schedule","og_description":"Looking for ferry Mwanza to Entebbe ferry tickets, fare & schedule? Book cheap ferry from Entebbe to Mwanza tickets online and save time","og_url":"https:\/\/tiketi.com\/fr-fr\/ferry\/routes\/ferry-mwanza-to-entebbe\/","og_site_name":"Tiketi.com","article_publisher":"https:\/\/www.facebook.com\/TiketiCom\/","article_modified_time":"2023-02-22T16:04:28+00:00","og_image":[{"width":1200,"height":200,"url":"https:\/\/tiketi.com\/wp-content\/uploads\/2022\/02\/ferry-cruise-ship-voyage-41.jpg","type":"image\/jpeg"}],"twitter_card":"summary_large_image","twitter_misc":{"Dur\u00e9e de lecture estim\u00e9e":"2 minutes"},"schema":{"@context":"https:\/\/schema.org","@graph":[{"@type":"WebPage","@id":"https:\/\/tiketi.com\/ferry\/routes\/ferry-mwanza-to-entebbe\/","url":"https:\/\/tiketi.com\/ferry\/routes\/ferry-mwanza-to-entebbe\/","name":"Ferry Mwanza \u00e0 Entebbe Billets, tarifs et horaires","isPartOf":{"@id":"https:\/\/tiketi.com\/#website"},"primaryImageOfPage":{"@id":"https:\/\/tiketi.com\/ferry\/routes\/ferry-mwanza-to-entebbe\/#primaryimage"},"image":{"@id":"https:\/\/tiketi.com\/ferry\/routes\/ferry-mwanza-to-entebbe\/#primaryimage"},"thumbnailUrl":"https:\/\/tiketi.com\/wp-content\/uploads\/2022\/02\/ferry-cruise-ship-voyage-41.jpg","datePublished":"2022-01-19T11:54:18+00:00","dateModified":"2023-02-22T16:04:28+00:00","description":"Vous recherchez des billets, des tarifs et des horaires de ferry de Mwanza \u00e0 Entebbe? R\u00e9servez vos billets de ferry d&#039;Entebbe \u00e0 Mwanza \u00e0 bas prix en ligne et gagnez du temps","breadcrumb":{"@id":"https:\/\/tiketi.com\/ferry\/routes\/ferry-mwanza-to-entebbe\/#breadcrumb"},"inLanguage":"fr-FR","potentialAction":[{"@type":"ReadAction","target":["https:\/\/tiketi.com\/ferry\/routes\/ferry-mwanza-to-entebbe\/"]}]},{"@type":"ImageObject","inLanguage":"fr-FR","@id":"https:\/\/tiketi.com\/ferry\/routes\/ferry-mwanza-to-entebbe\/#primaryimage","url":"https:\/\/tiketi.com\/wp-content\/uploads\/2022\/02\/ferry-cruise-ship-voyage-41.jpg","contentUrl":"https:\/\/tiketi.com\/wp-content\/uploads\/2022\/02\/ferry-cruise-ship-voyage-41.jpg","width":1200,"height":200,"caption":"Ferry Boat Tickets"},{"@type":"BreadcrumbList","@id":"https:\/\/tiketi.com\/ferry\/routes\/ferry-mwanza-to-entebbe\/#breadcrumb","itemListElement":[{"@type":"ListItem","position":1,"name":"Home","item":"https:\/\/tiketi.com\/"},{"@type":"ListItem","position":2,"name":"Ferry","item":"https:\/\/tiketi.com\/ferry\/"},{"@type":"ListItem","position":3,"name":"Routes","item":"https:\/\/tiketi.com\/ferry\/routes\/"},{"@type":"ListItem","position":4,"name":"Ferry Mwanza to Entebbe Ferry Tickets, Fare &#038; Schedule"}]},{"@type":"WebSite","@id":"https:\/\/tiketi.com\/#website","url":"https:\/\/tiketi.com\/","name":"Billets d&#039;avion et de bus, forfaits touristiques et activit\u00e9s - Tiketi.com","description":"Billets d&#039;avion et de bus, Tours, Activit\u00e9s","publisher":{"@id":"https:\/\/tiketi.com\/#organization"},"potentialAction":[{"@type":"SearchAction","target":{"@type":"EntryPoint","urlTemplate":"https:\/\/tiketi.com\/?s={search_term_string}"},"query-input":{"@type":"PropertyValueSpecification","valueRequired":true,"valueName":"search_term_string"}}],"inLanguage":"fr-FR"},{"@type":"Organization","@id":"https:\/\/tiketi.com\/#organization","name":"Tiketi.com","alternateName":"Tiketi","url":"https:\/\/tiketi.com\/","logo":{"@type":"ImageObject","inLanguage":"fr-FR","@id":"https:\/\/tiketi.com\/#\/schema\/logo\/image\/","url":"https:\/\/tiketi.com\/wp-content\/uploads\/2019\/05\/tiketi-logo-696.png","contentUrl":"https:\/\/tiketi.com\/wp-content\/uploads\/2019\/05\/tiketi-logo-696.png","width":696,"height":696,"caption":"Tiketi.com"},"image":{"@id":"https:\/\/tiketi.com\/#\/schema\/logo\/image\/"},"sameAs":["https:\/\/www.facebook.com\/TiketiCom\/"]}]}},"_links":{"self":[{"href":"https:\/\/tiketi.com\/fr-fr\/wp-json\/wp\/v2\/pages\/11152","targetHints":{"allow":["GET"]}}],"collection":[{"href":"https:\/\/tiketi.com\/fr-fr\/wp-json\/wp\/v2\/pages"}],"about":[{"href":"https:\/\/tiketi.com\/fr-fr\/wp-json\/wp\/v2\/types\/page"}],"author":[{"embeddable":true,"href":"https:\/\/tiketi.com\/fr-fr\/wp-json\/wp\/v2\/users\/1"}],"replies":[{"embeddable":true,"href":"https:\/\/tiketi.com\/fr-fr\/wp-json\/wp\/v2\/comments?post=11152"}],"version-history":[{"count":0,"href":"https:\/\/tiketi.com\/fr-fr\/wp-json\/wp\/v2\/pages\/11152\/revisions"}],"up":[{"embeddable":true,"href":"https:\/\/tiketi.com\/fr-fr\/wp-json\/wp\/v2\/pages\/26809"}],"wp:featuredmedia":[{"embeddable":true,"href":"https:\/\/tiketi.com\/fr-fr\/wp-json\/wp\/v2\/media\/16435"}],"wp:attachment":[{"href":"https:\/\/tiketi.com\/fr-fr\/wp-json\/wp\/v2\/media?parent=11152"}],"curies":[{"name":"wp","href":"https:\/\/api.w.org\/{rel}","templated":true}]}}