{"id":11154,"date":"2022-01-19T12:54:18","date_gmt":"2022-01-19T11:54:18","guid":{"rendered":"https:\/\/new.tiketi.com\/ferry-lagos-nigeria-tickets-schedule-fares\/"},"modified":"2022-02-12T12:46:54","modified_gmt":"2022-02-12T11:46:54","slug":"ferry-services-lagos-nigeria-tickets","status":"publish","type":"page","link":"https:\/\/tiketi.com\/fr-fr\/ferry-services-lagos-nigeria-tickets\/","title":{"rendered":"Ferry \u00e0 Lagos Nigeria Billets, horaires et tarifs"},"content":{"rendered":"<h2>Services de ferry bon march\u00e9 \u00e0 Lagos Nigeria R\u00e9servation en ligne<\/h2>\n<h3>R\u00e9servez vos billets de ferry bon march\u00e9 pour Lagos, Nig\u00e9ria en ligne <a href=\"https:\/\/lagferry.gov.ng\" target=\"_blank\" rel=\"noopener\">maintenant &gt;&gt;<\/a><\/h3>\n<p>La r\u00e9servation en ligne de billets de ferry \u00e0 Lagos Nigeria est simplifi\u00e9e. La soci\u00e9t\u00e9 de services Lagos Ferry ou la soci\u00e9t\u00e9 de services Lagos State Ferry (\u00e9galement appel\u00e9e Legferry) est un fournisseur de services de ferry dans l&#039;\u00c9tat de Lagos. Bien que les services de ferry de Lagos aient commenc\u00e9 leurs op\u00e9rations en 1925, les ferries de passagers se sont lentement intensifi\u00e9s jusqu&#039;aux ann\u00e9es 1970, ce qui a conduit \u00e0 la cr\u00e9ation de la soci\u00e9t\u00e9 en 1983. Outre le lagferry, d&#039;autres op\u00e9rateurs de ferry priv\u00e9s utilisent \u00e9galement de nouveaux ferries pour fournir des services de transport commercial entre l&#039;\u00eele Victoria, Apapa, \u00cele de Lagos et lkorodu. Services de ferry \u00e0 Lagos Nigeria r\u00e9servation de billets en ligne vous permettant d&#039;\u00e9conomiser du temps et de l&#039;argent.<\/p>\n<p>Les habitants de Lagos sont conscients de cet avantage de la r\u00e9gion et se sont remis \u00e0 l&#039;emporter chaque jour chez eux. Si vous \u00eates nouveau \u00e0 Lagos et que vous vous demandez combien co\u00fbte l&#039;embarquement sur un ferry \u00e0 Lagos, n&#039;h\u00e9sitez pas.<\/p>\n<h2>Ferry \u00e0 Lagos Nigeria Horaires et tarifs<\/h2>\n<p>Pour vous d\u00e9placer librement dans Lagos en mer en utilisant le ferry, vous trouverez ci-dessous les billets de ferry de Lagos, Nigeria et les horaires de ferry de Lagos, Nigeria qui peuvent changer selon le type de moteur et la taille du ferry\u00a0:<\/p>\n<h3>Les horaires des ferries de Lagos au Nigeria sont susceptibles de changer\u00a0:<\/h3>\n<table style=\"width: 436px;\" border=\"1\" cellspacing=\"1\" cellpadding=\"1\">\n<tbody>\n<tr>\n<td>\n<h3>Liste des prix du ferry \u00e0 Lagos Nigeria<\/h3>\n<\/td>\n<td colspan=\"3\"><\/td>\n<\/tr>\n<tr>\n<td colspan=\"2\">\u00a0 \u00a0 \u00a0 \u00a0 \u00a0 \u00a0 <strong>Destinations (Lagos)<\/strong><\/td>\n<td>\u00a0 \u00a0 \u00a0 \u00a0 \u00a0 \u00a0 \u00a0 <strong>Dur\u00e9e<\/strong><\/td>\n<td>\u00a0 \u00a0 \u00a0 \u00a0 \u00a0 \u00a0 \u00a0<strong>Prix(s) en Naira\u00a0 \u00a0 \u00a0 \u00a0\u00a0<\/strong><\/td>\n<\/tr>\n<tr>\n<td colspan=\"2\">\u00a0 \u00a0 \u00a0 \u00a0 \u00a0 \u00a0 \u00a0 \u00a0 \u00a0 \u00a0Marina-Apapa<\/td>\n<td>\u00a0 \u00a0 \u00a0 \u00a0 \u00a0 \u00a0 \u00a07minutes<\/td>\n<td>\u00a0 \u00a0 \u00a0 \u00a0 \u00a0 \u00a0 \u00a0 \u00a0 \u00a0 \u00a0\u20a6150<\/td>\n<\/tr>\n<tr>\n<td colspan=\"2\">\u00a0 \u00a0 \u00a0 \u00a0 \u00a0 Ikorodu-\u00cele Victoria<\/td>\n<td>\u00a0 \u00a0 \u00a0 \u00a0 \u00a0 \u00a0 \u00a030 minutes<\/td>\n<td>\u00a0 \u00a0 \u00a0 \u00a0 \u00a0 \u00a0 \u00a0 \u00a0 \u00a0 \u00a0\u20a6500<\/td>\n<\/tr>\n<tr>\n<td colspan=\"2\">\u00a0 \u00a0 \u00a0Ikoyi (Secr\u00e9tariat F\u00e9d\u00e9ral)-ikorodu<\/td>\n<td>\u00a0 \u00a0 \u00a0 \u00a0 \u00a0 \u00a0 \u00a025 minutes<\/td>\n<td>\u00a0 \u00a0 \u00a0 \u00a0 \u00a0 \u00a0 \u00a0 \u00a0 \u00a0 \u00a0\u20a6500<\/td>\n<\/tr>\n<tr>\n<td colspan=\"2\">\u00a0 \u00a0 \u00a0 \u00a0 \u00a0 \u00a0 \u00a0 \u00a0 \u00a0Ikorodu-Marina<\/td>\n<td>\u00a0 \u00a0 \u00a0 \u00a0 \u00a0 \u00a0 \u00a025 minutes<\/td>\n<td>\u00a0 \u00a0 \u00a0 \u00a0 \u00a0 \u00a0 \u00a0 \u00a0 \u00a0 \u00a0\u20a6700<\/td>\n<\/tr>\n<tr>\n<td colspan=\"2\">\u00a0 \u00a0 \u00a0 \u00a0 \u00a0 \u00a0 \u00a0 \u00a0 \u00a0Ikorodu-Oyingbo<\/td>\n<td>\u00a0 \u00a0 \u00a0 \u00a0 \u00a0 \u00a0 \u00a030 minutes<\/td>\n<td>\u00a0 \u00a0 \u00a0 \u00a0 \u00a0 \u00a0 \u00a0 \u00a0 \u00a0 \u00a0\u20a6500<\/td>\n<\/tr>\n<tr>\n<td colspan=\"2\">\u00a0 \u00a0 \u00a0 \u00a0 \u00a0 \u00a0 \u00a0 \u00a0 \u00a0Marina-Oyingbo<\/td>\n<td>\u00a0 \u00a0 \u00a0 \u00a0 \u00a0 \u00a0 \u00a06minutes<\/td>\n<td>\u00a0 \u00a0 \u00a0 \u00a0 \u00a0 \u00a0 \u00a0 \u00a0 \u00a0 \u00a0\u20a6500<\/td>\n<\/tr>\n<tr>\n<td colspan=\"2\">\u00a0 \u00a0 \u00a0 \u00a0 \u00a0 \u00a0 \u00a0 \u00a0 \u00a0Marina-Ebute Ero<\/td>\n<td>\u00a0 \u00a0 \u00a0 \u00a0 \u00a0 \u00a0 \u00a03 minutes<\/td>\n<td>\u00a0 \u00a0 \u00a0 \u00a0 \u00a0 \u00a0 \u00a0 \u00a0 \u00a0 \u00a0\u20a6350<\/td>\n<\/tr>\n<tr>\n<td colspan=\"2\">\u00a0 \u00a0 \u00a0Marina-Ikoyi (Secr\u00e9tariat F\u00e9d\u00e9ral)<\/td>\n<td>\u00a0 \u00a0 \u00a0 \u00a0 \u00a0 \u00a0 \u00a020 minutes<\/td>\n<td>\u00a0 \u00a0 \u00a0 \u00a0 \u00a0 \u00a0 \u00a0 \u00a0 \u00a0 \u00a0\u20a6500<\/td>\n<\/tr>\n<tr>\n<td colspan=\"2\">\u00a0 \u00a0 \u00a0 \u00a0 \u00a0 \u00a0 \u00a0 \u00a0 \u00a0Marina-Lekki<\/td>\n<td>\u00a0 \u00a0 \u00a0 \u00a0 \u00a0 \u00a0 \u00a030 minutes<\/td>\n<td>\u00a0 \u00a0 \u00a0 \u00a0 \u00a0 \u00a0 \u00a0 \u00a0 \u00a0 \u00a0\u20a6700<\/td>\n<\/tr>\n<tr>\n<td colspan=\"2\">\u00a0 \u00a0 \u00a0 \u00a0 \u00a0 \u00a0 \u00a0 \u00a0 \u00a0Bayon-Marina<\/td>\n<td>\u00a0 \u00a0 \u00a0 \u00a0 \u00a0 \u00a0 \u00a030 minutes<\/td>\n<td>\u00a0 \u00a0 \u00a0 \u00a0 \u00a0 \u00a0 \u00a0 \u20a6100-\u20a6200<\/td>\n<\/tr>\n<tr>\n<td colspan=\"2\">\u00a0 \u00a0 \u00a0 \u00a0 \u00a0 \u00a0 \u00a0 Marina-Baie de Takwa<\/td>\n<td>\u00a0 \u00a0 \u00a0 \u00a0 \u00a0 \u00a0 \u00a020 minutes<\/td>\n<td>\u00a0 \u00a0 \u00a0 \u00a0 \u00a0 \u00a0 \u00a0 \u20a6100-\u20a6200<\/td>\n<\/tr>\n<tr>\n<td colspan=\"2\">\u00a0 \u00a0 \u00a0 \u00a0 \u00a0 \u00a0 \u00a0 Marina-Sabo Koji<\/td>\n<td>\u00a0 \u00a0 \u00a0 \u00a0 \u00a0 \u00a0 \u00a010 minutes<\/td>\n<td>\u00a0 \u00a0 \u00a0 \u00a0 \u00a0 \u00a0 \u00a0 \u00a0 \u00a0 \u00a0\u20a6100<\/td>\n<\/tr>\n<tr>\n<td colspan=\"2\">\u00a0 \u00a0 \u00a0 \u00a0 \u00a0 \u00a0 \u00a0 Marina Badagry<\/td>\n<td>\u00a0 \u00a0 \u00a0 \u00a0 \u00a0 \u00a0 \u00a045 minutes<\/td>\n<td>\u00a0 \u00a0 \u00a0 \u00a0 \u00a0 \u00a0 \u00a0 \u00a0 \u00a0 \u20a61000<\/td>\n<\/tr>\n<tr>\n<td colspan=\"2\">\u00a0 \u00a0 \u00a0 \u00a0 \u00a0 \u00a0 \u00a0 \u00a0 \u00a0 \u00a0Marina-Ojo<\/td>\n<td>\u00a0 \u00a0 \u00a0 \u00a0 \u00a0 \u00a0 \u00a030 minutes<\/td>\n<td>\u00a0 \u00a0 \u00a0 \u00a0 \u00a0 \u00a0 \u00a0 \u00a0 \u00a0 \u20a61000<\/td>\n<\/tr>\n<tr>\n<td colspan=\"2\">\u00a0 \u00a0 \u00a0 \u00a0 \u00a0 \u00a0 \u00a0 \u00a0 Marina-Mile 2<\/td>\n<td>\u00a0 \u00a0 \u00a0 \u00a0 \u00a0 \u00a0 \u00a045 minutes<\/td>\n<td>\u00a0 \u00a0 \u00a0 \u00a0 \u00a0 \u00a0 \u00a0 \u00a0 \u00a0 \u20a61000<\/td>\n<\/tr>\n<tr>\n<td colspan=\"2\">\u00a0 \u00a0 \u00a0 \u00a0 \u00a0 \u00a0 \u00a0 Ikorodu-Apapa<\/td>\n<td>\u00a0 \u00a0 \u00a0 \u00a0 \u00a0 \u00a0 \u00a025 minutes<\/td>\n<td>\u00a0 \u00a0 \u00a0 \u00a0 \u00a0 \u00a0 \u00a0 \u00a0 \u00a0 \u20a6700<\/td>\n<\/tr>\n<tr>\n<td colspan=\"2\">\u00a0 \u00a0 \u00a0 \u00a0 \u00a0 \u00a0 \u00a0 \u00a0 \u00a0Marina Ofin<\/td>\n<td>\u00a0 \u00a0 \u00a0 \u00a0 \u00a0 \u00a0 \u00a030 minutes<\/td>\n<td>\u00a0 \u00a0 \u00a0 \u00a0 \u00a0 \u00a0 \u00a0 \u00a0 \u00a0 \u20a61000<\/td>\n<\/tr>\n<tr>\n<td colspan=\"2\">\u00a0 \u00a0 \u00a0 \u00a0 \u00a0 \u00a0 \u00a0Ebute Ero-Epe<\/td>\n<td>\u00a0 \u00a0 \u00a0 \u00a0 \u00a0 \u00a0 \u00a0 \u00a0 1 heure<\/td>\n<td>\u00a0 \u00a0 \u00a0 \u00a0 \u00a0 \u00a0 \u00a0 \u00a0 \u00a0 \u20a61300<\/td>\n<\/tr>\n<tr>\n<td colspan=\"2\">\u00a0 \u00a0 \u00a0 \u00a0 \u00a0 \u00a0 \u00a0Ofin Badagry<\/td>\n<td>\u00a0 \u00a0 \u00a0 \u00a0 \u00a0 \u00a0 \u00a035 Minutes<\/td>\n<td>\u00a0 \u00a0 \u00a0 \u00a0 \u00a0 \u00a0 \u00a0 \u00a0 \u00a0 \u20a61000<\/td>\n<\/tr>\n<\/tbody>\n<\/table>\n<h2>FAQ sur le ferry de Lagos \u00e0 l&#039;\u00eele Victoria<\/h2>\n<h3>Y a-t-il un ferry entre Lagos et \u00cele Victoria ?<\/h3>\n<p>Oui, il y a un ferry direct, qui part de CMS et arrive \u00e0 Falomo. Les services partent toutes les trente minutes, et circulent tous les jours. Les billets de ferry et les trajets de Lagos, au Nigeria prennent environ 8 minutes.<\/p>\n<h3>Comment se d\u00e9placer de Lagos \u00e0 l&#039;\u00eele Victoria sans v\u00e9hicule personnel ?<\/h3>\n<p>L&#039;excellent moyen de se rendre de Lagos \u00e0 l&#039;\u00eele Victoria sans v\u00e9hicule personnel est d&#039;utiliser les services de ferry \u00e0 Lagos au Nigeria, ce qui prend huit minutes et co\u00fbte.<\/p>\n<h2>Services de ferry \u00e0 Lagos Nigeria Conseils<\/h2>\n<p>Les prix des ferries peuvent changer principalement en fonction du type de zone dans laquelle vous embarquez ou des compagnies de ferries \u00e0 Lagos, au Nigeria. Lagos a des avantages c\u00f4tiers contrairement \u00e0 de nombreux \u00c9tats du Nig\u00e9ria et la mer est devenue un substitut plus rapide et efficace aux routes toujours encombr\u00e9es remplies de v\u00e9hicules sans fin comme l&#039;oc\u00e9an. Selon le type de ferry Lagos Nigeria que vous souhaitez prendre, vous voudrez peut-\u00eatre payer pour des bateaux co\u00fbteux tels que des moteurs hautement motoris\u00e9s qui vous conduiront \u00e0 votre place avec un confort et une vitesse excellents.<\/p>","protected":false},"excerpt":{"rendered":"<p>Cheap Ferry Services in Lagos Nigeria Online Booking Reserve your cheap Lagos, Nigeria ferry tickets online now &gt;&gt; Ferry in Lagos Nigeria tickets\u00a0online booking made easy. The Lagos Ferry service company or Lagos State Ferry services corporation (also called as Legferry) is a ferry service provider in Lagos state. Although Lagos ferry services commenced operations [&hellip;]<\/p>\n","protected":false},"author":1,"featured_media":16435,"parent":0,"menu_order":0,"comment_status":"open","ping_status":"closed","template":"template-home-modern.php","meta":{"footnotes":""},"class_list":["post-11154","page","type-page","status-publish","has-post-thumbnail","hentry"],"yoast_head":"<!-- This site is optimized with the Yoast SEO plugin v27.2 - https:\/\/yoast.com\/product\/yoast-seo-wordpress\/ -->\n<title>Ferry Lagos Nigeria Tickets, Schedule &amp; Fares<\/title>\n<meta name=\"description\" content=\"Looking for Ferry Lagos Nigeria tickets? Book cheap ferry services in Lagos Nigeria tickets online and save time and money\" \/>\n<meta name=\"robots\" content=\"index, follow, max-snippet:-1, max-image-preview:large, max-video-preview:-1\" \/>\n<link rel=\"canonical\" href=\"https:\/\/tiketi.com\/fr-fr\/ferry-services-lagos-nigeria-tickets\/\" \/>\n<meta property=\"og:locale\" content=\"fr_FR\" \/>\n<meta property=\"og:type\" content=\"article\" \/>\n<meta property=\"og:title\" content=\"Ferry Lagos Nigeria Tickets, Schedule &amp; Fares\" \/>\n<meta property=\"og:description\" content=\"Looking for Ferry Lagos Nigeria tickets? Book cheap ferry services in Lagos Nigeria tickets online and save time and money\" \/>\n<meta property=\"og:url\" content=\"https:\/\/tiketi.com\/fr-fr\/ferry-services-lagos-nigeria-tickets\/\" \/>\n<meta property=\"og:site_name\" content=\"Tiketi.com\" \/>\n<meta property=\"article:publisher\" content=\"https:\/\/www.facebook.com\/TiketiCom\/\" \/>\n<meta property=\"article:modified_time\" content=\"2022-02-12T11:46:54+00:00\" \/>\n<meta property=\"og:image\" content=\"https:\/\/tiketi.com\/wp-content\/uploads\/2022\/02\/ferry-cruise-ship-voyage-41.jpg\" \/>\n\t<meta property=\"og:image:width\" content=\"1200\" \/>\n\t<meta property=\"og:image:height\" content=\"200\" \/>\n\t<meta property=\"og:image:type\" content=\"image\/jpeg\" \/>\n<meta name=\"twitter:card\" content=\"summary_large_image\" \/>\n<meta name=\"twitter:label1\" content=\"Dur\u00e9e de lecture estim\u00e9e\" \/>\n\t<meta name=\"twitter:data1\" content=\"3 minutes\" \/>\n<script type=\"application\/ld+json\" class=\"yoast-schema-graph\">{\"@context\":\"https:\/\/schema.org\",\"@graph\":[{\"@type\":\"WebPage\",\"@id\":\"https:\/\/tiketi.com\/ferry-services-lagos-nigeria-tickets\/\",\"url\":\"https:\/\/tiketi.com\/ferry-services-lagos-nigeria-tickets\/\",\"name\":\"Ferry Lagos Nigeria Tickets, Schedule & Fares\",\"isPartOf\":{\"@id\":\"https:\/\/tiketi.com\/#website\"},\"primaryImageOfPage\":{\"@id\":\"https:\/\/tiketi.com\/ferry-services-lagos-nigeria-tickets\/#primaryimage\"},\"image\":{\"@id\":\"https:\/\/tiketi.com\/ferry-services-lagos-nigeria-tickets\/#primaryimage\"},\"thumbnailUrl\":\"https:\/\/tiketi.com\/wp-content\/uploads\/2022\/02\/ferry-cruise-ship-voyage-41.jpg\",\"datePublished\":\"2022-01-19T11:54:18+00:00\",\"dateModified\":\"2022-02-12T11:46:54+00:00\",\"description\":\"Looking for Ferry Lagos Nigeria tickets? Book cheap ferry services in Lagos Nigeria tickets online and save time and money\",\"breadcrumb\":{\"@id\":\"https:\/\/tiketi.com\/ferry-services-lagos-nigeria-tickets\/#breadcrumb\"},\"inLanguage\":\"fr-FR\",\"potentialAction\":[{\"@type\":\"ReadAction\",\"target\":[\"https:\/\/tiketi.com\/ferry-services-lagos-nigeria-tickets\/\"]}]},{\"@type\":\"ImageObject\",\"inLanguage\":\"fr-FR\",\"@id\":\"https:\/\/tiketi.com\/ferry-services-lagos-nigeria-tickets\/#primaryimage\",\"url\":\"https:\/\/tiketi.com\/wp-content\/uploads\/2022\/02\/ferry-cruise-ship-voyage-41.jpg\",\"contentUrl\":\"https:\/\/tiketi.com\/wp-content\/uploads\/2022\/02\/ferry-cruise-ship-voyage-41.jpg\",\"width\":1200,\"height\":200,\"caption\":\"Ferry Boat Tickets\"},{\"@type\":\"BreadcrumbList\",\"@id\":\"https:\/\/tiketi.com\/ferry-services-lagos-nigeria-tickets\/#breadcrumb\",\"itemListElement\":[{\"@type\":\"ListItem\",\"position\":1,\"name\":\"Home\",\"item\":\"https:\/\/tiketi.com\/\"},{\"@type\":\"ListItem\",\"position\":2,\"name\":\"Ferry in Lagos Nigeria Tickets, Schedule &#038; Fares\"}]},{\"@type\":\"WebSite\",\"@id\":\"https:\/\/tiketi.com\/#website\",\"url\":\"https:\/\/tiketi.com\/\",\"name\":\"Flight & Bus Tickets, Tour Packages & Activitites - Tiketi.com\",\"description\":\"Flight &amp; Bus Tickets, Tours, Activitites\",\"publisher\":{\"@id\":\"https:\/\/tiketi.com\/#organization\"},\"potentialAction\":[{\"@type\":\"SearchAction\",\"target\":{\"@type\":\"EntryPoint\",\"urlTemplate\":\"https:\/\/tiketi.com\/?s={search_term_string}\"},\"query-input\":{\"@type\":\"PropertyValueSpecification\",\"valueRequired\":true,\"valueName\":\"search_term_string\"}}],\"inLanguage\":\"fr-FR\"},{\"@type\":\"Organization\",\"@id\":\"https:\/\/tiketi.com\/#organization\",\"name\":\"Tiketi.com\",\"alternateName\":\"Tiketi\",\"url\":\"https:\/\/tiketi.com\/\",\"logo\":{\"@type\":\"ImageObject\",\"inLanguage\":\"fr-FR\",\"@id\":\"https:\/\/tiketi.com\/#\/schema\/logo\/image\/\",\"url\":\"https:\/\/tiketi.com\/wp-content\/uploads\/2019\/05\/tiketi-logo-696.png\",\"contentUrl\":\"https:\/\/tiketi.com\/wp-content\/uploads\/2019\/05\/tiketi-logo-696.png\",\"width\":696,\"height\":696,\"caption\":\"Tiketi.com\"},\"image\":{\"@id\":\"https:\/\/tiketi.com\/#\/schema\/logo\/image\/\"},\"sameAs\":[\"https:\/\/www.facebook.com\/TiketiCom\/\"]}]}<\/script>\n<!-- \/ Yoast SEO plugin. -->","yoast_head_json":{"title":"Ferry Lagos Nigeria Billets, horaires et tarifs","description":"Vous cherchez des billets Ferry Lagos Nigeria ? R\u00e9servez en ligne des services de ferry bon march\u00e9 \u00e0 Lagos Nigeria et gagnez du temps et de l&#039;argent","robots":{"index":"index","follow":"follow","max-snippet":"max-snippet:-1","max-image-preview":"max-image-preview:large","max-video-preview":"max-video-preview:-1"},"canonical":"https:\/\/tiketi.com\/fr-fr\/ferry-services-lagos-nigeria-tickets\/","og_locale":"fr_FR","og_type":"article","og_title":"Ferry Lagos Nigeria Tickets, Schedule & Fares","og_description":"Looking for Ferry Lagos Nigeria tickets? Book cheap ferry services in Lagos Nigeria tickets online and save time and money","og_url":"https:\/\/tiketi.com\/fr-fr\/ferry-services-lagos-nigeria-tickets\/","og_site_name":"Tiketi.com","article_publisher":"https:\/\/www.facebook.com\/TiketiCom\/","article_modified_time":"2022-02-12T11:46:54+00:00","og_image":[{"width":1200,"height":200,"url":"https:\/\/tiketi.com\/wp-content\/uploads\/2022\/02\/ferry-cruise-ship-voyage-41.jpg","type":"image\/jpeg"}],"twitter_card":"summary_large_image","twitter_misc":{"Dur\u00e9e de lecture estim\u00e9e":"3 minutes"},"schema":{"@context":"https:\/\/schema.org","@graph":[{"@type":"WebPage","@id":"https:\/\/tiketi.com\/ferry-services-lagos-nigeria-tickets\/","url":"https:\/\/tiketi.com\/ferry-services-lagos-nigeria-tickets\/","name":"Ferry Lagos Nigeria Billets, horaires et tarifs","isPartOf":{"@id":"https:\/\/tiketi.com\/#website"},"primaryImageOfPage":{"@id":"https:\/\/tiketi.com\/ferry-services-lagos-nigeria-tickets\/#primaryimage"},"image":{"@id":"https:\/\/tiketi.com\/ferry-services-lagos-nigeria-tickets\/#primaryimage"},"thumbnailUrl":"https:\/\/tiketi.com\/wp-content\/uploads\/2022\/02\/ferry-cruise-ship-voyage-41.jpg","datePublished":"2022-01-19T11:54:18+00:00","dateModified":"2022-02-12T11:46:54+00:00","description":"Vous cherchez des billets Ferry Lagos Nigeria ? R\u00e9servez en ligne des services de ferry bon march\u00e9 \u00e0 Lagos Nigeria et gagnez du temps et de l&#039;argent","breadcrumb":{"@id":"https:\/\/tiketi.com\/ferry-services-lagos-nigeria-tickets\/#breadcrumb"},"inLanguage":"fr-FR","potentialAction":[{"@type":"ReadAction","target":["https:\/\/tiketi.com\/ferry-services-lagos-nigeria-tickets\/"]}]},{"@type":"ImageObject","inLanguage":"fr-FR","@id":"https:\/\/tiketi.com\/ferry-services-lagos-nigeria-tickets\/#primaryimage","url":"https:\/\/tiketi.com\/wp-content\/uploads\/2022\/02\/ferry-cruise-ship-voyage-41.jpg","contentUrl":"https:\/\/tiketi.com\/wp-content\/uploads\/2022\/02\/ferry-cruise-ship-voyage-41.jpg","width":1200,"height":200,"caption":"Ferry Boat Tickets"},{"@type":"BreadcrumbList","@id":"https:\/\/tiketi.com\/ferry-services-lagos-nigeria-tickets\/#breadcrumb","itemListElement":[{"@type":"ListItem","position":1,"name":"Home","item":"https:\/\/tiketi.com\/"},{"@type":"ListItem","position":2,"name":"Ferry in Lagos Nigeria Tickets, Schedule &#038; Fares"}]},{"@type":"WebSite","@id":"https:\/\/tiketi.com\/#website","url":"https:\/\/tiketi.com\/","name":"Billets d&#039;avion et de bus, forfaits touristiques et activit\u00e9s - Tiketi.com","description":"Billets d&#039;avion et de bus, Tours, Activit\u00e9s","publisher":{"@id":"https:\/\/tiketi.com\/#organization"},"potentialAction":[{"@type":"SearchAction","target":{"@type":"EntryPoint","urlTemplate":"https:\/\/tiketi.com\/?s={search_term_string}"},"query-input":{"@type":"PropertyValueSpecification","valueRequired":true,"valueName":"search_term_string"}}],"inLanguage":"fr-FR"},{"@type":"Organization","@id":"https:\/\/tiketi.com\/#organization","name":"Tiketi.com","alternateName":"Tiketi","url":"https:\/\/tiketi.com\/","logo":{"@type":"ImageObject","inLanguage":"fr-FR","@id":"https:\/\/tiketi.com\/#\/schema\/logo\/image\/","url":"https:\/\/tiketi.com\/wp-content\/uploads\/2019\/05\/tiketi-logo-696.png","contentUrl":"https:\/\/tiketi.com\/wp-content\/uploads\/2019\/05\/tiketi-logo-696.png","width":696,"height":696,"caption":"Tiketi.com"},"image":{"@id":"https:\/\/tiketi.com\/#\/schema\/logo\/image\/"},"sameAs":["https:\/\/www.facebook.com\/TiketiCom\/"]}]}},"_links":{"self":[{"href":"https:\/\/tiketi.com\/fr-fr\/wp-json\/wp\/v2\/pages\/11154","targetHints":{"allow":["GET"]}}],"collection":[{"href":"https:\/\/tiketi.com\/fr-fr\/wp-json\/wp\/v2\/pages"}],"about":[{"href":"https:\/\/tiketi.com\/fr-fr\/wp-json\/wp\/v2\/types\/page"}],"author":[{"embeddable":true,"href":"https:\/\/tiketi.com\/fr-fr\/wp-json\/wp\/v2\/users\/1"}],"replies":[{"embeddable":true,"href":"https:\/\/tiketi.com\/fr-fr\/wp-json\/wp\/v2\/comments?post=11154"}],"version-history":[{"count":0,"href":"https:\/\/tiketi.com\/fr-fr\/wp-json\/wp\/v2\/pages\/11154\/revisions"}],"wp:featuredmedia":[{"embeddable":true,"href":"https:\/\/tiketi.com\/fr-fr\/wp-json\/wp\/v2\/media\/16435"}],"wp:attachment":[{"href":"https:\/\/tiketi.com\/fr-fr\/wp-json\/wp\/v2\/media?parent=11154"}],"curies":[{"name":"wp","href":"https:\/\/api.w.org\/{rel}","templated":true}]}}