{"id":11155,"date":"2022-01-19T12:54:18","date_gmt":"2022-01-19T11:54:18","guid":{"rendered":"https:\/\/new.tiketi.com\/ferry-zanzibar-to-pemba-island-tickets-schedule-fares\/"},"modified":"2023-02-22T17:04:16","modified_gmt":"2023-02-22T16:04:16","slug":"ferry-zanzibar-to-pemba-island","status":"publish","type":"page","link":"https:\/\/tiketi.com\/fr-fr\/ferry\/routes\/ferry-zanzibar-to-pemba-island\/","title":{"rendered":"Billets, horaires et tarifs du ferry de Zanzibar \u00e0 l&#039;\u00eele de Pemba"},"content":{"rendered":"<h2>Ferry pas cher de Zanzibar \u00e0 l&#039;\u00eele de Pemba R\u00e9servation en ligne<\/h2>\n<h3>R\u00e9servez vos billets de ferry pas chers de Pemba \u00e0 Zanzibar en ligne maintenant &gt;&gt;<\/h3>\n<p>La r\u00e9servation en ligne de billets de ferry de Zanzibar \u00e0 l&#039;\u00eele de Pemba est simplifi\u00e9e. Les billets de ferry de Zanzibar font les meilleures offres de vacances entre Pemba et Zanzibar en offrant un voyage tr\u00e8s confortable et fiable. Visitez cette \u00eele avec les personnes que vous aimez le plus. Cet emplacement est certainement le meilleur pour les couples et les familles \u00e0 la recherche d&#039;une passerelle apaisante loin de l&#039;agitation de la ville. Les diff\u00e9rents lieux et paysages \u00e9tonnants de cette \u00eele charmante vous apporteront certainement une d\u00e9tente incomparable. Les ferries de Zanzibar relient Zanzibar, Pemba et Dar es Salaam, peuvent prendre deux heures pour rejoindre Zanzibar depuis d&#039;autres endroits. Ferry de Zanzibar \u00e0 la r\u00e9servation de billets en ligne de l&#039;\u00eele de Pemba vous permet d&#039;\u00e9conomiser du temps et de l&#039;argent.<\/p>\n<h2>FAQ sur le ferry de Zanzibar \u00e0 l&#039;\u00eele de Pemba<\/h2>\n<h3>Horaires des ferries de Zanzibar \u00e0 Pemba<\/h3>\n<p>Les horaires du ferry de Zanzibar \u00e0 Pemba sont sujets \u00e0 changement : D\u00e9part : 06H45 Arriv\u00e9e : 14H30<\/p>\n<h3>Le ferry de Pemba \u00e0 Zanzibar est-il le moyen abordable de se rendre \u00e0 Zanzibar ou \u00e0 l&#039;\u00eele de Pemba ?<\/h3>\n<p>Le moyen abordable de prendre le ferry de Pemba \u00e0 Zanzibar. Pemba \u00e0 Zanzibar billets de ferry $55 \u2013 $110 et dure 8h 10m.<\/p>\n<h3>Quelle est la distance du trajet en ferry de Zanzibar \u00e0 Pemba?<\/h3>\n<p>La distance parcourue entre l&#039;\u00eele de Pemba et Zanzibar est de 129 km.<\/p>\n<h3>Comment voyager de Zanzibar \u00e0 l&#039;\u00eele de Pemba sans v\u00e9hicule personnel ?<\/h3>\n<p>L&#039;excellent moyen pour se rendre de Zanzibar \u00e0 l&#039;\u00eele de Pemba sans v\u00e9hicule personnel est de prendre le ferry, ce qui dure 8h 5m et le ferry de Pemba \u00e0 Zanzibar co\u00fbte $55 \u2013 $110.<\/p>\n<h3>Combien de temps dure le trajet en ferry entre Zanzibar et l&#039;\u00eele de Pemba ?<\/h3>\n<p>Il faut environ 46 min pour se rendre de Zanzibar \u00e0 l&#039;\u00eele de Pemba, y compris le ferry de Zanzibar \u00e0 l&#039;\u00eele de Pemba.<\/p>\n<p>Avec les ferries de nuit, vous pouvez profiter d&#039;excellents divertissements t\u00e9l\u00e9vis\u00e9s \u00e0 bord et d&#039;un choix de plats savoureux \u00e0 bord. Votre travers\u00e9e en ferry entre Zanzibar et l&#039;\u00eele de Pemba. Les ferries lents partent de Zanzibar \u00e0 midi et de Pemba la nuit.<\/p>\n<p>Vous serez \u00e9galement assur\u00e9 d&#039;une meilleure nuit de sommeil, dans des cabines extr\u00eamement relaxantes. En prenant le ferry pour Pemba depuis Zanzibar, comme c&#039;est toute la nuit, ces kilom\u00e8tres dispara\u00eetront pendant votre sommeil. Lorsque vous vous r\u00e9veillez le lendemain matin, vous arriverez au port de l&#039;\u00eele de Pemba.<\/p>\n<h2>Ferry de Zanzibar \u00e0 l&#039;\u00eele de Pemba Conseils<\/h2>\n<h3>Quand partir \u00e0 l&#039;\u00eele de Pemba<\/h3>\n<p>La proximit\u00e9 de Pemba avec l&#039;\u00e9quateur signifie que les temp\u00e9ratures sont assez constantes toute l&#039;ann\u00e9e, avec une moyenne tropicale de 26,5 \u00b0 C. Il y a 2 saisons des pluies : l&#039;une de novembre \u00e0 d\u00e9cembre et l&#039;autre d&#039;avril \u00e0 juin. Les pluies d&#039;avril\/mai sont si fortes que de nombreux lodges se ferment pendant cette p\u00e9riode. En r\u00e8gle g\u00e9n\u00e9rale, le meilleur moment pour voyager est pendant la saison la plus s\u00e8che (juillet \u00e0 octobre). La visibilit\u00e9 est top pour la plong\u00e9e, l&#039;humidit\u00e9 est au plus bas et les moustiques porteurs du paludisme sont moins nombreux. Quoi qu&#039;il en soit, les p\u00eacheurs qui r\u00eavent d&#039;attraper des istiophorid\u00e9s devraient viser \u00e0 voyager entre septembre et mars.<\/p>","protected":false},"excerpt":{"rendered":"<p>Cheap ferry from Zanzibar to Pemba Island Online Booking Reserve your cheap Pemba to Zanzibar ferry tickets online now &gt;&gt; Ferry Zanzibar to Pemba Island tickets\u00a0online booking made easy. Zanzibar ferry\u00a0tickets makes top holidays deals between Pemba and Zanzibar by providing a very comfortable and reliable travel. Visit this island with the people you love [&hellip;]<\/p>\n","protected":false},"author":1,"featured_media":16435,"parent":26809,"menu_order":0,"comment_status":"open","ping_status":"closed","template":"template-home-modern.php","meta":{"footnotes":""},"class_list":["post-11155","page","type-page","status-publish","has-post-thumbnail","hentry"],"yoast_head":"<!-- This site is optimized with the Yoast SEO plugin v27.2 - https:\/\/yoast.com\/product\/yoast-seo-wordpress\/ -->\n<title>Ferry Zanzibar to Pemba Island Tickets, Schedule &amp; Fares<\/title>\n<meta name=\"description\" content=\"Looking for ferry Zanzibar to Pemba Island tickets, fare &amp; schedule? Book cheap ferry from Zanzibar to Pemba Island tickets online and save time and money\" \/>\n<meta name=\"robots\" content=\"index, follow, max-snippet:-1, max-image-preview:large, max-video-preview:-1\" \/>\n<link rel=\"canonical\" href=\"https:\/\/tiketi.com\/fr-fr\/ferry\/routes\/ferry-zanzibar-to-pemba-island\/\" \/>\n<meta property=\"og:locale\" content=\"fr_FR\" \/>\n<meta property=\"og:type\" content=\"article\" \/>\n<meta property=\"og:title\" content=\"Ferry Zanzibar to Pemba Island Tickets, Schedule &amp; Fares\" \/>\n<meta property=\"og:description\" content=\"Looking for ferry Zanzibar to Pemba Island tickets, fare &amp; schedule? Book cheap ferry from Zanzibar to Pemba Island tickets online and save time and money\" \/>\n<meta property=\"og:url\" content=\"https:\/\/tiketi.com\/fr-fr\/ferry\/routes\/ferry-zanzibar-to-pemba-island\/\" \/>\n<meta property=\"og:site_name\" content=\"Tiketi.com\" \/>\n<meta property=\"article:publisher\" content=\"https:\/\/www.facebook.com\/TiketiCom\/\" \/>\n<meta property=\"article:modified_time\" content=\"2023-02-22T16:04:16+00:00\" \/>\n<meta property=\"og:image\" content=\"https:\/\/tiketi.com\/wp-content\/uploads\/2022\/02\/ferry-cruise-ship-voyage-41.jpg\" \/>\n\t<meta property=\"og:image:width\" content=\"1200\" \/>\n\t<meta property=\"og:image:height\" content=\"200\" \/>\n\t<meta property=\"og:image:type\" content=\"image\/jpeg\" \/>\n<meta name=\"twitter:card\" content=\"summary_large_image\" \/>\n<meta name=\"twitter:label1\" content=\"Dur\u00e9e de lecture estim\u00e9e\" \/>\n\t<meta name=\"twitter:data1\" content=\"3 minutes\" \/>\n<script type=\"application\/ld+json\" class=\"yoast-schema-graph\">{\"@context\":\"https:\/\/schema.org\",\"@graph\":[{\"@type\":\"WebPage\",\"@id\":\"https:\/\/tiketi.com\/ferry\/routes\/ferry-zanzibar-to-pemba-island\/\",\"url\":\"https:\/\/tiketi.com\/ferry\/routes\/ferry-zanzibar-to-pemba-island\/\",\"name\":\"Ferry Zanzibar to Pemba Island Tickets, Schedule & Fares\",\"isPartOf\":{\"@id\":\"https:\/\/tiketi.com\/#website\"},\"primaryImageOfPage\":{\"@id\":\"https:\/\/tiketi.com\/ferry\/routes\/ferry-zanzibar-to-pemba-island\/#primaryimage\"},\"image\":{\"@id\":\"https:\/\/tiketi.com\/ferry\/routes\/ferry-zanzibar-to-pemba-island\/#primaryimage\"},\"thumbnailUrl\":\"https:\/\/tiketi.com\/wp-content\/uploads\/2022\/02\/ferry-cruise-ship-voyage-41.jpg\",\"datePublished\":\"2022-01-19T11:54:18+00:00\",\"dateModified\":\"2023-02-22T16:04:16+00:00\",\"description\":\"Looking for ferry Zanzibar to Pemba Island tickets, fare & schedule? Book cheap ferry from Zanzibar to Pemba Island tickets online and save time and money\",\"breadcrumb\":{\"@id\":\"https:\/\/tiketi.com\/ferry\/routes\/ferry-zanzibar-to-pemba-island\/#breadcrumb\"},\"inLanguage\":\"fr-FR\",\"potentialAction\":[{\"@type\":\"ReadAction\",\"target\":[\"https:\/\/tiketi.com\/ferry\/routes\/ferry-zanzibar-to-pemba-island\/\"]}]},{\"@type\":\"ImageObject\",\"inLanguage\":\"fr-FR\",\"@id\":\"https:\/\/tiketi.com\/ferry\/routes\/ferry-zanzibar-to-pemba-island\/#primaryimage\",\"url\":\"https:\/\/tiketi.com\/wp-content\/uploads\/2022\/02\/ferry-cruise-ship-voyage-41.jpg\",\"contentUrl\":\"https:\/\/tiketi.com\/wp-content\/uploads\/2022\/02\/ferry-cruise-ship-voyage-41.jpg\",\"width\":1200,\"height\":200,\"caption\":\"Ferry Boat Tickets\"},{\"@type\":\"BreadcrumbList\",\"@id\":\"https:\/\/tiketi.com\/ferry\/routes\/ferry-zanzibar-to-pemba-island\/#breadcrumb\",\"itemListElement\":[{\"@type\":\"ListItem\",\"position\":1,\"name\":\"Home\",\"item\":\"https:\/\/tiketi.com\/\"},{\"@type\":\"ListItem\",\"position\":2,\"name\":\"Ferry\",\"item\":\"https:\/\/tiketi.com\/ferry\/\"},{\"@type\":\"ListItem\",\"position\":3,\"name\":\"Routes\",\"item\":\"https:\/\/tiketi.com\/ferry\/routes\/\"},{\"@type\":\"ListItem\",\"position\":4,\"name\":\"Ferry Zanzibar to Pemba Island Tickets, Schedule &#038; Fares\"}]},{\"@type\":\"WebSite\",\"@id\":\"https:\/\/tiketi.com\/#website\",\"url\":\"https:\/\/tiketi.com\/\",\"name\":\"Flight & Bus Tickets, Tour Packages & Activitites - Tiketi.com\",\"description\":\"Flight &amp; Bus Tickets, Tours, Activitites\",\"publisher\":{\"@id\":\"https:\/\/tiketi.com\/#organization\"},\"potentialAction\":[{\"@type\":\"SearchAction\",\"target\":{\"@type\":\"EntryPoint\",\"urlTemplate\":\"https:\/\/tiketi.com\/?s={search_term_string}\"},\"query-input\":{\"@type\":\"PropertyValueSpecification\",\"valueRequired\":true,\"valueName\":\"search_term_string\"}}],\"inLanguage\":\"fr-FR\"},{\"@type\":\"Organization\",\"@id\":\"https:\/\/tiketi.com\/#organization\",\"name\":\"Tiketi.com\",\"alternateName\":\"Tiketi\",\"url\":\"https:\/\/tiketi.com\/\",\"logo\":{\"@type\":\"ImageObject\",\"inLanguage\":\"fr-FR\",\"@id\":\"https:\/\/tiketi.com\/#\/schema\/logo\/image\/\",\"url\":\"https:\/\/tiketi.com\/wp-content\/uploads\/2019\/05\/tiketi-logo-696.png\",\"contentUrl\":\"https:\/\/tiketi.com\/wp-content\/uploads\/2019\/05\/tiketi-logo-696.png\",\"width\":696,\"height\":696,\"caption\":\"Tiketi.com\"},\"image\":{\"@id\":\"https:\/\/tiketi.com\/#\/schema\/logo\/image\/\"},\"sameAs\":[\"https:\/\/www.facebook.com\/TiketiCom\/\"]}]}<\/script>\n<!-- \/ Yoast SEO plugin. -->","yoast_head_json":{"title":"Billets, horaires et tarifs du ferry de Zanzibar \u00e0 l&#039;\u00eele de Pemba","description":"Vous recherchez des billets, des tarifs et des horaires de ferry de Zanzibar \u00e0 l&#039;\u00eele de Pemba\u00a0? R\u00e9servez en ligne des billets de ferry de Zanzibar \u00e0 Pemba Island \u00e0 bas prix et \u00e9conomisez du temps et de l&#039;argent","robots":{"index":"index","follow":"follow","max-snippet":"max-snippet:-1","max-image-preview":"max-image-preview:large","max-video-preview":"max-video-preview:-1"},"canonical":"https:\/\/tiketi.com\/fr-fr\/ferry\/routes\/ferry-zanzibar-to-pemba-island\/","og_locale":"fr_FR","og_type":"article","og_title":"Ferry Zanzibar to Pemba Island Tickets, Schedule & Fares","og_description":"Looking for ferry Zanzibar to Pemba Island tickets, fare & schedule? Book cheap ferry from Zanzibar to Pemba Island tickets online and save time and money","og_url":"https:\/\/tiketi.com\/fr-fr\/ferry\/routes\/ferry-zanzibar-to-pemba-island\/","og_site_name":"Tiketi.com","article_publisher":"https:\/\/www.facebook.com\/TiketiCom\/","article_modified_time":"2023-02-22T16:04:16+00:00","og_image":[{"width":1200,"height":200,"url":"https:\/\/tiketi.com\/wp-content\/uploads\/2022\/02\/ferry-cruise-ship-voyage-41.jpg","type":"image\/jpeg"}],"twitter_card":"summary_large_image","twitter_misc":{"Dur\u00e9e de lecture estim\u00e9e":"3 minutes"},"schema":{"@context":"https:\/\/schema.org","@graph":[{"@type":"WebPage","@id":"https:\/\/tiketi.com\/ferry\/routes\/ferry-zanzibar-to-pemba-island\/","url":"https:\/\/tiketi.com\/ferry\/routes\/ferry-zanzibar-to-pemba-island\/","name":"Billets, horaires et tarifs du ferry de Zanzibar \u00e0 l&#039;\u00eele de Pemba","isPartOf":{"@id":"https:\/\/tiketi.com\/#website"},"primaryImageOfPage":{"@id":"https:\/\/tiketi.com\/ferry\/routes\/ferry-zanzibar-to-pemba-island\/#primaryimage"},"image":{"@id":"https:\/\/tiketi.com\/ferry\/routes\/ferry-zanzibar-to-pemba-island\/#primaryimage"},"thumbnailUrl":"https:\/\/tiketi.com\/wp-content\/uploads\/2022\/02\/ferry-cruise-ship-voyage-41.jpg","datePublished":"2022-01-19T11:54:18+00:00","dateModified":"2023-02-22T16:04:16+00:00","description":"Vous recherchez des billets, des tarifs et des horaires de ferry de Zanzibar \u00e0 l&#039;\u00eele de Pemba\u00a0? R\u00e9servez en ligne des billets de ferry de Zanzibar \u00e0 Pemba Island \u00e0 bas prix et \u00e9conomisez du temps et de l&#039;argent","breadcrumb":{"@id":"https:\/\/tiketi.com\/ferry\/routes\/ferry-zanzibar-to-pemba-island\/#breadcrumb"},"inLanguage":"fr-FR","potentialAction":[{"@type":"ReadAction","target":["https:\/\/tiketi.com\/ferry\/routes\/ferry-zanzibar-to-pemba-island\/"]}]},{"@type":"ImageObject","inLanguage":"fr-FR","@id":"https:\/\/tiketi.com\/ferry\/routes\/ferry-zanzibar-to-pemba-island\/#primaryimage","url":"https:\/\/tiketi.com\/wp-content\/uploads\/2022\/02\/ferry-cruise-ship-voyage-41.jpg","contentUrl":"https:\/\/tiketi.com\/wp-content\/uploads\/2022\/02\/ferry-cruise-ship-voyage-41.jpg","width":1200,"height":200,"caption":"Ferry Boat Tickets"},{"@type":"BreadcrumbList","@id":"https:\/\/tiketi.com\/ferry\/routes\/ferry-zanzibar-to-pemba-island\/#breadcrumb","itemListElement":[{"@type":"ListItem","position":1,"name":"Home","item":"https:\/\/tiketi.com\/"},{"@type":"ListItem","position":2,"name":"Ferry","item":"https:\/\/tiketi.com\/ferry\/"},{"@type":"ListItem","position":3,"name":"Routes","item":"https:\/\/tiketi.com\/ferry\/routes\/"},{"@type":"ListItem","position":4,"name":"Ferry Zanzibar to Pemba Island Tickets, Schedule &#038; Fares"}]},{"@type":"WebSite","@id":"https:\/\/tiketi.com\/#website","url":"https:\/\/tiketi.com\/","name":"Billets d&#039;avion et de bus, forfaits touristiques et activit\u00e9s - Tiketi.com","description":"Billets d&#039;avion et de bus, Tours, Activit\u00e9s","publisher":{"@id":"https:\/\/tiketi.com\/#organization"},"potentialAction":[{"@type":"SearchAction","target":{"@type":"EntryPoint","urlTemplate":"https:\/\/tiketi.com\/?s={search_term_string}"},"query-input":{"@type":"PropertyValueSpecification","valueRequired":true,"valueName":"search_term_string"}}],"inLanguage":"fr-FR"},{"@type":"Organization","@id":"https:\/\/tiketi.com\/#organization","name":"Tiketi.com","alternateName":"Tiketi","url":"https:\/\/tiketi.com\/","logo":{"@type":"ImageObject","inLanguage":"fr-FR","@id":"https:\/\/tiketi.com\/#\/schema\/logo\/image\/","url":"https:\/\/tiketi.com\/wp-content\/uploads\/2019\/05\/tiketi-logo-696.png","contentUrl":"https:\/\/tiketi.com\/wp-content\/uploads\/2019\/05\/tiketi-logo-696.png","width":696,"height":696,"caption":"Tiketi.com"},"image":{"@id":"https:\/\/tiketi.com\/#\/schema\/logo\/image\/"},"sameAs":["https:\/\/www.facebook.com\/TiketiCom\/"]}]}},"_links":{"self":[{"href":"https:\/\/tiketi.com\/fr-fr\/wp-json\/wp\/v2\/pages\/11155","targetHints":{"allow":["GET"]}}],"collection":[{"href":"https:\/\/tiketi.com\/fr-fr\/wp-json\/wp\/v2\/pages"}],"about":[{"href":"https:\/\/tiketi.com\/fr-fr\/wp-json\/wp\/v2\/types\/page"}],"author":[{"embeddable":true,"href":"https:\/\/tiketi.com\/fr-fr\/wp-json\/wp\/v2\/users\/1"}],"replies":[{"embeddable":true,"href":"https:\/\/tiketi.com\/fr-fr\/wp-json\/wp\/v2\/comments?post=11155"}],"version-history":[{"count":0,"href":"https:\/\/tiketi.com\/fr-fr\/wp-json\/wp\/v2\/pages\/11155\/revisions"}],"up":[{"embeddable":true,"href":"https:\/\/tiketi.com\/fr-fr\/wp-json\/wp\/v2\/pages\/26809"}],"wp:featuredmedia":[{"embeddable":true,"href":"https:\/\/tiketi.com\/fr-fr\/wp-json\/wp\/v2\/media\/16435"}],"wp:attachment":[{"href":"https:\/\/tiketi.com\/fr-fr\/wp-json\/wp\/v2\/media?parent=11155"}],"curies":[{"name":"wp","href":"https:\/\/api.w.org\/{rel}","templated":true}]}}