{"id":11159,"date":"2022-01-19T12:54:18","date_gmt":"2022-01-19T11:54:18","guid":{"rendered":"https:\/\/new.tiketi.com\/car-hire-marrakech-morocco-cheap-car-rental\/"},"modified":"2022-02-02T17:22:54","modified_gmt":"2022-02-02T16:22:54","slug":"cheap-car-hire-marrakech-online","status":"publish","type":"page","link":"https:\/\/tiketi.com\/fr-fr\/cheap-car-hire-marrakech-online\/","title":{"rendered":"Location de voiture \u00e0 Marrakech Maroc \u2013 Location de voiture pas cher"},"content":{"rendered":"<h2>Location de voiture pas cher \u00e0 Marrakech Maroc R\u00e9servation en ligne<\/h2>\n<h3>Comparez les prix et louer une voiture pas cher Marrakech en ligne <a href=\"https:\/\/tiketi.com\/fr-fr\/contact-us\/\">maintenant &gt;&gt;<\/a><\/h3>\n<p>Location de voiture pas cher \u00e0 Marrakech Maroc r\u00e9servation en ligne facile. Faites une r\u00e9servation en ligne de location de voiture \u00e0 Marrakech et \u00e9conomisez du temps et de l&#039;argent.<\/p>\n<h2>Conseils pour une location de voiture pas ch\u00e8re \u00e0 l&#039;a\u00e9roport de Marrakech Maroc<\/h2>\n<p>\u2022 Ville imp\u00e9riale d\u00e9bordante de dynamisme ang\u00e9lique et d&#039;h\u00e9ritage artisanal, Marrakech est une passerelle vers les surprises et la mystique de l&#039;Afrique du Nord. La location de voiture pas ch\u00e8re \u00e0 Marrakech au Maroc pendant votre voyage dans le centre-ville vous aidera \u00e0 gagner du temps en profitant de l&#039;\u00e9tonnante architecture islamique, de la vie nocturne dynamique et des vendeurs de rue. Avoir une voiture de location vous permettra \u00e9galement de vous aventurer en dehors des limites de la ville et d&#039;explorer les incroyables cascades et les collines glissantes de la vall\u00e9e de l&#039;Ourika, ou de vous diriger vers la c\u00f4te atlantique et de visiter des villes baln\u00e9aires telles qu&#039;Essaouira, qui regorge de fruits de mer de renomm\u00e9e mondiale.<\/p>\n<p>\u2022 Du fait des nombreuses routes modernes du Maroc, la location de voiture pas cher \u00e0 Marrakech \u00e9conomique ou compacte sera parfaite pour se d\u00e9placer en ville ou aller de ville en ville. Quoi qu&#039;il en soit, si vous pr\u00e9voyez de sortir de la route, comme le font de nombreux visiteurs qui se rendent au Maroc, vous serez mieux dans un v\u00e9hicule plus gros \u00e0 4 roues motrices qui est parfaitement \u00e9quip\u00e9 pour se d\u00e9placer sur les routes du d\u00e9sert et les cols de montagne escarp\u00e9s.<\/p>\n<p>\u2022 Si vous envisagez de louer une voiture sans chauffeur au Maroc et de la faire traverser la fronti\u00e8re \u00e0 diff\u00e9rents pays de la r\u00e9gion, il est essentiel de noter que les agences de location de voitures ne vous permettront pas de sortir le v\u00e9hicule du Maroc.<\/p>\n<h2>Profitez de votre location de voiture \u00e0 l&#039;a\u00e9roport de Marrakech<\/h2>\n<p>Au cas o\u00f9 vous aimeriez explorer les lieux environnants, il serait pr\u00e9f\u00e9rable de le faire dans un SUV. M\u00eame si ce choix peut \u00eatre un peu plus co\u00fbteux, il compense le paiement de l&#039;argent suppl\u00e9mentaire en vous donnant un excellent sentiment de s\u00e9curit\u00e9 puisque vous voyagez dans un v\u00e9hicule plus robuste. En m\u00eame temps, vous b\u00e9n\u00e9ficiez d&#039;une intimit\u00e9 et d&#039;un confort in\u00e9gal\u00e9s. Mais il y a certainement beaucoup de choix abordables aussi. Enfin, il est essentiel que vous vous sentiez d\u00e9tendu dans chaque voiture que vous avez lou\u00e9e.<\/p>\n<p>Si vous faites de la location de voiture priv\u00e9e \u00e0 Marrakech, vous serez confront\u00e9 \u00e0 des d\u00e9fis particuliers. Il est pr\u00e9f\u00e9rable d&#039;\u00eatre toujours \u00e0 l&#039;aff\u00fbt des obstacles sur la route. Ceux-ci peuvent varier des petits enfants qui jouent et des \u00e2nes au poulet, aux chameaux et aux gros camions lents.<\/p>\n<p>Pour ceux qui voyagent avec des enfants au Maroc, sachez qu&#039;il n&#039;y a pas de lois sur les dispositifs de retenue pour enfants dans le pays. En cons\u00e9quence, de nombreuses soci\u00e9t\u00e9s de location de voitures avec chauffeur \u00e0 Marrakech ne fournissent pas de si\u00e8ges de s\u00e9curit\u00e9 pour enfants en compl\u00e9ment de votre r\u00e9servation. Si vous pr\u00e9voyez d&#039;installer votre enfant dans un si\u00e8ge de s\u00e9curit\u00e9, il est pr\u00e9f\u00e9rable de r\u00e9server<br \/>\nlocation voiture a\u00e9roport Marrakech kilom\u00e9trage illimit\u00e9 avec si\u00e8ge enfant.<\/p>","protected":false},"excerpt":{"rendered":"<p>Cheap Car Rental in Marrakech Morocco Online Booking Compare prices and do cheap car hire Marrakech online now &gt;&gt; Cheap car hire in Marrakech Morocco online booking made easy. Do car rental in Marrakech online booking and save time and money. Tips for cheap car rental in Marrakech airport Morocco \u2022&nbsp;&nbsp;An imperial city overflowing with [&hellip;]<\/p>\n","protected":false},"author":1,"featured_media":16129,"parent":0,"menu_order":0,"comment_status":"open","ping_status":"closed","template":"template-home-modern.php","meta":{"footnotes":""},"class_list":["post-11159","page","type-page","status-publish","has-post-thumbnail","hentry"],"yoast_head":"<!-- This site is optimized with the Yoast SEO plugin v27.2 - https:\/\/yoast.com\/product\/yoast-seo-wordpress\/ -->\n<title>Car Hire Marrakech Morocco - Cheap Car Rental<\/title>\n<meta name=\"description\" content=\"Looking for car hire in Marrakech Morocco online booking? Compare prices and do cheap car rental in Marrakech online now\" \/>\n<meta name=\"robots\" content=\"index, follow, max-snippet:-1, max-image-preview:large, max-video-preview:-1\" \/>\n<link rel=\"canonical\" href=\"https:\/\/tiketi.com\/fr-fr\/cheap-car-hire-marrakech-online\/\" \/>\n<meta property=\"og:locale\" content=\"fr_FR\" \/>\n<meta property=\"og:type\" content=\"article\" \/>\n<meta property=\"og:title\" content=\"Car Hire Marrakech Morocco - Cheap Car Rental\" \/>\n<meta property=\"og:description\" content=\"Looking for car hire in Marrakech Morocco online booking? Compare prices and do cheap car rental in Marrakech online now\" \/>\n<meta property=\"og:url\" content=\"https:\/\/tiketi.com\/fr-fr\/cheap-car-hire-marrakech-online\/\" \/>\n<meta property=\"og:site_name\" content=\"Tiketi.com\" \/>\n<meta property=\"article:publisher\" content=\"https:\/\/www.facebook.com\/TiketiCom\/\" \/>\n<meta property=\"article:modified_time\" content=\"2022-02-02T16:22:54+00:00\" \/>\n<meta property=\"og:image\" content=\"https:\/\/tiketi.com\/wp-content\/uploads\/2022\/02\/car-rental-4753251_1280.jpg\" \/>\n\t<meta property=\"og:image:width\" content=\"1200\" \/>\n\t<meta property=\"og:image:height\" content=\"218\" \/>\n\t<meta property=\"og:image:type\" content=\"image\/jpeg\" \/>\n<meta name=\"twitter:card\" content=\"summary_large_image\" \/>\n<meta name=\"twitter:label1\" content=\"Dur\u00e9e de lecture estim\u00e9e\" \/>\n\t<meta name=\"twitter:data1\" content=\"3 minutes\" \/>\n<script type=\"application\/ld+json\" class=\"yoast-schema-graph\">{\"@context\":\"https:\/\/schema.org\",\"@graph\":[{\"@type\":\"WebPage\",\"@id\":\"https:\/\/tiketi.com\/fr-fr\/cheap-car-hire-marrakech-online\/\",\"url\":\"https:\/\/tiketi.com\/fr-fr\/cheap-car-hire-marrakech-online\/\",\"name\":\"Car Hire Marrakech Morocco - Cheap Car Rental\",\"isPartOf\":{\"@id\":\"https:\/\/tiketi.com\/#website\"},\"primaryImageOfPage\":{\"@id\":\"https:\/\/tiketi.com\/fr-fr\/cheap-car-hire-marrakech-online\/#primaryimage\"},\"image\":{\"@id\":\"https:\/\/tiketi.com\/fr-fr\/cheap-car-hire-marrakech-online\/#primaryimage\"},\"thumbnailUrl\":\"https:\/\/tiketi.com\/wp-content\/uploads\/2022\/02\/car-rental-4753251_1280.jpg\",\"datePublished\":\"2022-01-19T11:54:18+00:00\",\"dateModified\":\"2022-02-02T16:22:54+00:00\",\"description\":\"Looking for car hire in Marrakech Morocco online booking? Compare prices and do cheap car rental in Marrakech online now\",\"breadcrumb\":{\"@id\":\"https:\/\/tiketi.com\/fr-fr\/cheap-car-hire-marrakech-online\/#breadcrumb\"},\"inLanguage\":\"fr-FR\",\"potentialAction\":[{\"@type\":\"ReadAction\",\"target\":[\"https:\/\/tiketi.com\/fr-fr\/cheap-car-hire-marrakech-online\/\"]}]},{\"@type\":\"ImageObject\",\"inLanguage\":\"fr-FR\",\"@id\":\"https:\/\/tiketi.com\/fr-fr\/cheap-car-hire-marrakech-online\/#primaryimage\",\"url\":\"https:\/\/tiketi.com\/wp-content\/uploads\/2022\/02\/car-rental-4753251_1280.jpg\",\"contentUrl\":\"https:\/\/tiketi.com\/wp-content\/uploads\/2022\/02\/car-rental-4753251_1280.jpg\",\"width\":1200,\"height\":218,\"caption\":\"Car Rental\"},{\"@type\":\"BreadcrumbList\",\"@id\":\"https:\/\/tiketi.com\/fr-fr\/cheap-car-hire-marrakech-online\/#breadcrumb\",\"itemListElement\":[{\"@type\":\"ListItem\",\"position\":1,\"name\":\"Home\",\"item\":\"https:\/\/tiketi.com\/\"},{\"@type\":\"ListItem\",\"position\":2,\"name\":\"Car Hire in Marrakech Morocco &#8211; Cheap Car Rental\"}]},{\"@type\":\"WebSite\",\"@id\":\"https:\/\/tiketi.com\/#website\",\"url\":\"https:\/\/tiketi.com\/\",\"name\":\"Flight & Bus Tickets, Tour Packages & Activitites - Tiketi.com\",\"description\":\"Flight &amp; Bus Tickets, Tours, Activitites\",\"publisher\":{\"@id\":\"https:\/\/tiketi.com\/#organization\"},\"potentialAction\":[{\"@type\":\"SearchAction\",\"target\":{\"@type\":\"EntryPoint\",\"urlTemplate\":\"https:\/\/tiketi.com\/?s={search_term_string}\"},\"query-input\":{\"@type\":\"PropertyValueSpecification\",\"valueRequired\":true,\"valueName\":\"search_term_string\"}}],\"inLanguage\":\"fr-FR\"},{\"@type\":\"Organization\",\"@id\":\"https:\/\/tiketi.com\/#organization\",\"name\":\"Tiketi.com\",\"alternateName\":\"Tiketi\",\"url\":\"https:\/\/tiketi.com\/\",\"logo\":{\"@type\":\"ImageObject\",\"inLanguage\":\"fr-FR\",\"@id\":\"https:\/\/tiketi.com\/#\/schema\/logo\/image\/\",\"url\":\"https:\/\/tiketi.com\/wp-content\/uploads\/2019\/05\/tiketi-logo-696.png\",\"contentUrl\":\"https:\/\/tiketi.com\/wp-content\/uploads\/2019\/05\/tiketi-logo-696.png\",\"width\":696,\"height\":696,\"caption\":\"Tiketi.com\"},\"image\":{\"@id\":\"https:\/\/tiketi.com\/#\/schema\/logo\/image\/\"},\"sameAs\":[\"https:\/\/www.facebook.com\/TiketiCom\/\"]}]}<\/script>\n<!-- \/ Yoast SEO plugin. -->","yoast_head_json":{"title":"Location de voiture Marrakech Maroc - Location de voiture pas cher","description":"Vous recherchez une location de voiture \u00e0 Marrakech Maroc r\u00e9servation en ligne ? Comparez les prix et faites une location de voiture pas ch\u00e8re \u00e0 Marrakech en ligne maintenant","robots":{"index":"index","follow":"follow","max-snippet":"max-snippet:-1","max-image-preview":"max-image-preview:large","max-video-preview":"max-video-preview:-1"},"canonical":"https:\/\/tiketi.com\/fr-fr\/cheap-car-hire-marrakech-online\/","og_locale":"fr_FR","og_type":"article","og_title":"Car Hire Marrakech Morocco - Cheap Car Rental","og_description":"Looking for car hire in Marrakech Morocco online booking? Compare prices and do cheap car rental in Marrakech online now","og_url":"https:\/\/tiketi.com\/fr-fr\/cheap-car-hire-marrakech-online\/","og_site_name":"Tiketi.com","article_publisher":"https:\/\/www.facebook.com\/TiketiCom\/","article_modified_time":"2022-02-02T16:22:54+00:00","og_image":[{"width":1200,"height":218,"url":"https:\/\/tiketi.com\/wp-content\/uploads\/2022\/02\/car-rental-4753251_1280.jpg","type":"image\/jpeg"}],"twitter_card":"summary_large_image","twitter_misc":{"Dur\u00e9e de lecture estim\u00e9e":"3 minutes"},"schema":{"@context":"https:\/\/schema.org","@graph":[{"@type":"WebPage","@id":"https:\/\/tiketi.com\/fr-fr\/cheap-car-hire-marrakech-online\/","url":"https:\/\/tiketi.com\/fr-fr\/cheap-car-hire-marrakech-online\/","name":"Location de voiture Marrakech Maroc - Location de voiture pas cher","isPartOf":{"@id":"https:\/\/tiketi.com\/#website"},"primaryImageOfPage":{"@id":"https:\/\/tiketi.com\/fr-fr\/cheap-car-hire-marrakech-online\/#primaryimage"},"image":{"@id":"https:\/\/tiketi.com\/fr-fr\/cheap-car-hire-marrakech-online\/#primaryimage"},"thumbnailUrl":"https:\/\/tiketi.com\/wp-content\/uploads\/2022\/02\/car-rental-4753251_1280.jpg","datePublished":"2022-01-19T11:54:18+00:00","dateModified":"2022-02-02T16:22:54+00:00","description":"Vous recherchez une location de voiture \u00e0 Marrakech Maroc r\u00e9servation en ligne ? Comparez les prix et faites une location de voiture pas ch\u00e8re \u00e0 Marrakech en ligne maintenant","breadcrumb":{"@id":"https:\/\/tiketi.com\/fr-fr\/cheap-car-hire-marrakech-online\/#breadcrumb"},"inLanguage":"fr-FR","potentialAction":[{"@type":"ReadAction","target":["https:\/\/tiketi.com\/fr-fr\/cheap-car-hire-marrakech-online\/"]}]},{"@type":"ImageObject","inLanguage":"fr-FR","@id":"https:\/\/tiketi.com\/fr-fr\/cheap-car-hire-marrakech-online\/#primaryimage","url":"https:\/\/tiketi.com\/wp-content\/uploads\/2022\/02\/car-rental-4753251_1280.jpg","contentUrl":"https:\/\/tiketi.com\/wp-content\/uploads\/2022\/02\/car-rental-4753251_1280.jpg","width":1200,"height":218,"caption":"Car Rental"},{"@type":"BreadcrumbList","@id":"https:\/\/tiketi.com\/fr-fr\/cheap-car-hire-marrakech-online\/#breadcrumb","itemListElement":[{"@type":"ListItem","position":1,"name":"Home","item":"https:\/\/tiketi.com\/"},{"@type":"ListItem","position":2,"name":"Car Hire in Marrakech Morocco &#8211; Cheap Car Rental"}]},{"@type":"WebSite","@id":"https:\/\/tiketi.com\/#website","url":"https:\/\/tiketi.com\/","name":"Billets d&#039;avion et de bus, forfaits touristiques et activit\u00e9s - Tiketi.com","description":"Billets d&#039;avion et de bus, Tours, Activit\u00e9s","publisher":{"@id":"https:\/\/tiketi.com\/#organization"},"potentialAction":[{"@type":"SearchAction","target":{"@type":"EntryPoint","urlTemplate":"https:\/\/tiketi.com\/?s={search_term_string}"},"query-input":{"@type":"PropertyValueSpecification","valueRequired":true,"valueName":"search_term_string"}}],"inLanguage":"fr-FR"},{"@type":"Organization","@id":"https:\/\/tiketi.com\/#organization","name":"Tiketi.com","alternateName":"Tiketi","url":"https:\/\/tiketi.com\/","logo":{"@type":"ImageObject","inLanguage":"fr-FR","@id":"https:\/\/tiketi.com\/#\/schema\/logo\/image\/","url":"https:\/\/tiketi.com\/wp-content\/uploads\/2019\/05\/tiketi-logo-696.png","contentUrl":"https:\/\/tiketi.com\/wp-content\/uploads\/2019\/05\/tiketi-logo-696.png","width":696,"height":696,"caption":"Tiketi.com"},"image":{"@id":"https:\/\/tiketi.com\/#\/schema\/logo\/image\/"},"sameAs":["https:\/\/www.facebook.com\/TiketiCom\/"]}]}},"_links":{"self":[{"href":"https:\/\/tiketi.com\/fr-fr\/wp-json\/wp\/v2\/pages\/11159","targetHints":{"allow":["GET"]}}],"collection":[{"href":"https:\/\/tiketi.com\/fr-fr\/wp-json\/wp\/v2\/pages"}],"about":[{"href":"https:\/\/tiketi.com\/fr-fr\/wp-json\/wp\/v2\/types\/page"}],"author":[{"embeddable":true,"href":"https:\/\/tiketi.com\/fr-fr\/wp-json\/wp\/v2\/users\/1"}],"replies":[{"embeddable":true,"href":"https:\/\/tiketi.com\/fr-fr\/wp-json\/wp\/v2\/comments?post=11159"}],"version-history":[{"count":0,"href":"https:\/\/tiketi.com\/fr-fr\/wp-json\/wp\/v2\/pages\/11159\/revisions"}],"wp:featuredmedia":[{"embeddable":true,"href":"https:\/\/tiketi.com\/fr-fr\/wp-json\/wp\/v2\/media\/16129"}],"wp:attachment":[{"href":"https:\/\/tiketi.com\/fr-fr\/wp-json\/wp\/v2\/media?parent=11159"}],"curies":[{"name":"wp","href":"https:\/\/api.w.org\/{rel}","templated":true}]}}