{"id":11160,"date":"2022-01-19T12:54:18","date_gmt":"2022-01-19T11:54:18","guid":{"rendered":"https:\/\/new.tiketi.com\/car-hire-windhoek-namibia-cheap-car-rental\/"},"modified":"2022-02-02T17:32:12","modified_gmt":"2022-02-02T16:32:12","slug":"cheap-car-hire-windhoek-online","status":"publish","type":"page","link":"https:\/\/tiketi.com\/fr-fr\/cheap-car-hire-windhoek-online\/","title":{"rendered":"Location de voiture \u00e0 Windhoek, Namibie \u2013 Location de voiture pas cher"},"content":{"rendered":"<h2>Location de voiture pas cher \u00e0 Windhoek Namibie R\u00e9servation en ligne<\/h2>\n<h3>Comparez les prix et faites une location de voiture Windhoek pas ch\u00e8re en ligne <a href=\"https:\/\/tiketi.com\/fr-fr\/contact-us\/\">maintenant &gt;&gt;<\/a><\/h3>\n<p>Location de voiture pas ch\u00e8re \u00e0 Windhoek Namibie, r\u00e9servation en ligne simplifi\u00e9e. Windhoek est peut-\u00eatre l&#039;une des villes les plus d\u00e9velopp\u00e9es de la Namibie. Il se vante de sites magnifiques, de caf\u00e9s, de restaurants et de bars. L&#039;une des attractions les plus visit\u00e9es de cette ville est Christuskirche, qui est un point de rep\u00e8re important dans l&#039;histoire de Windhoek. Si vous avez r\u00e9serv\u00e9 une voiture de location bon march\u00e9 \u00e0 Windhoek en Namibie, il vaut \u00e9galement la peine de visiter Alte Festo, qui abrite actuellement un mus\u00e9e d&#039;\u00c9tat. L&#039;exposition qui s&#039;y tient pr\u00e9sente l&#039;histoire de la Namibie. Effectuez une r\u00e9servation en ligne de location de voiture \u00e0 Windhoek et \u00e9conomisez du temps et de l&#039;argent.<\/p>\n<p>Les autres attractions c\u00e9l\u00e8bres de cette ville comprennent la biblioth\u00e8que publique de Windhoek, la gal\u00e8re nationale de Namibie et la biblioth\u00e8que nationale de Namibie, parmi d&#039;autres points forts nationaux qui peuvent \u00eatre explor\u00e9s dans une location de voiture bon march\u00e9 \u00e0 l&#039;a\u00e9roport de Windhoek en Namibie.<\/p>\n<h2>Location de voiture \u00e0 Windhoek Namibie FAQ<\/h2>\n<h3>Quel est le mois le moins cher pour louer une voiture \u00e0 Windhoek ?<\/h3>\n<p>Le meilleur mois pour louer une voiture pas ch\u00e8re \u00e0 Windhoek est avril. C&#039;est vingt-neuf pour cent abordable que la moyenne initiale et quarante-deux pour cent abordable que la location en f\u00e9vrier (lorsque les prix de location commencent \u00e0 77,13 \u20ac pour une classe compacte).<\/p>\n<h3>Quelle agence de location de voitures \u00e0 Windhoek propose des prix de location de voitures abordables\u00a0?<\/h3>\n<p>Vous pouvez vous attendre \u00e0 obtenir les meilleurs tarifs de location de voitures dans les offres Windhoek Namibie lors de votre visite. Avec des tarifs moyens de $68 par jour sur leurs deux sites, Budget est la meilleure entreprise de location.<\/p>\n<h3>Y a-t-il des frais pour annuler ma location de voiture \u00e0 Windhoek ?<\/h3>\n<p>Lorsque vous r\u00e9servez une location de voiture priv\u00e9e \u00e0 Windhoek, vous pouvez vous attendre \u00e0 constater que la majorit\u00e9 des soci\u00e9t\u00e9s de location de voitures \u00e0 Windhoek n&#039;ont pas de frais d&#039;annulation. Quoi qu&#039;il en soit, assurez-vous de rechercher la politique d&#039;annulation lorsque vous effectuez votre recherche.<\/p>\n<h2>Conseils pour louer une voiture \u00e0 l&#039;a\u00e9roport de Windhoek, kilom\u00e9trage illimit\u00e9<\/h2>\n<p>Les grandes villes de Namibie, comme Walvis Bay et Windhoek, sont reli\u00e9es par un syst\u00e8me d\u00e9velopp\u00e9 de trains interurbains et de bus locaux. Si vous voulez sortir de ces villes et explorer le d\u00e9sert et d&#039;autres sites nationaux du pays - comme le parc national de Sossuvlei et d&#039;Etosha, sans prendre de location de voiture de safari \u00e0 Windhoek, ce n&#039;est pas facile.<\/p>\n<p>Traverser la fronti\u00e8re avec une location de voiture avec chauffeur Windhoek en Namibie est g\u00e9n\u00e9ralement un processus simple. Informez simplement votre agence de location de voitures des fronti\u00e8res que vous traverserez au moment de votre r\u00e9servation, afin qu&#039;elle puisse pr\u00e9parer les bons papiers. Apr\u00e8s tout, tout ce que vous aurez \u00e0 faire sera de payer les frais de passage \u00e0 la fronti\u00e8re que vous traverserez. Les frais varient selon les pays, mais ils commencent g\u00e9n\u00e9ralement \u00e0 environ 500 NAD.<\/p>","protected":false},"excerpt":{"rendered":"<p>Cheap Car Rental in Windhoek Namibia Online Booking Compare prices and do cheap car hire Windhoek online now &gt;&gt; Cheap car hire in Windhoek Namibia online booking made easy. Windhoek is perhaps one of the most developed cities in the Namibia. It boasts of wonderful sights, cafes, restaurants, and bars. One of the most-visit attractions [&hellip;]<\/p>\n","protected":false},"author":1,"featured_media":16129,"parent":0,"menu_order":0,"comment_status":"open","ping_status":"closed","template":"template-home-modern.php","meta":{"footnotes":""},"class_list":["post-11160","page","type-page","status-publish","has-post-thumbnail","hentry"],"yoast_head":"<!-- This site is optimized with the Yoast SEO plugin v27.5 - https:\/\/yoast.com\/product\/yoast-seo-wordpress\/ -->\n<title>Car Hire in Windhoek, Namibia - Cheap Car Rental<\/title>\n<meta name=\"description\" content=\"Looking for car hire in Windhoek Namibia online booking? Compare prices and do cheap car rental in Windhoek online now\" \/>\n<meta name=\"robots\" content=\"index, follow, max-snippet:-1, max-image-preview:large, max-video-preview:-1\" \/>\n<link rel=\"canonical\" href=\"https:\/\/tiketi.com\/fr-fr\/cheap-car-hire-windhoek-online\/\" \/>\n<meta property=\"og:locale\" content=\"fr_FR\" \/>\n<meta property=\"og:type\" content=\"article\" \/>\n<meta property=\"og:title\" content=\"Car Hire in Windhoek, Namibia - Cheap Car Rental\" \/>\n<meta property=\"og:description\" content=\"Looking for car hire in Windhoek Namibia online booking? Compare prices and do cheap car rental in Windhoek online now\" \/>\n<meta property=\"og:url\" content=\"https:\/\/tiketi.com\/fr-fr\/cheap-car-hire-windhoek-online\/\" \/>\n<meta property=\"og:site_name\" content=\"Tiketi.com\" \/>\n<meta property=\"article:publisher\" content=\"https:\/\/www.facebook.com\/TiketiCom\/\" \/>\n<meta property=\"article:modified_time\" content=\"2022-02-02T16:32:12+00:00\" \/>\n<meta property=\"og:image\" content=\"https:\/\/tiketi.com\/wp-content\/uploads\/2022\/02\/car-rental-4753251_1280.jpg\" \/>\n\t<meta property=\"og:image:width\" content=\"1200\" \/>\n\t<meta property=\"og:image:height\" content=\"218\" \/>\n\t<meta property=\"og:image:type\" content=\"image\/jpeg\" \/>\n<meta name=\"twitter:card\" content=\"summary_large_image\" \/>\n<meta name=\"twitter:label1\" content=\"Dur\u00e9e de lecture estim\u00e9e\" \/>\n\t<meta name=\"twitter:data1\" content=\"2 minutes\" \/>\n<script type=\"application\/ld+json\" class=\"yoast-schema-graph\">{\"@context\":\"https:\\\/\\\/schema.org\",\"@graph\":[{\"@type\":\"WebPage\",\"@id\":\"https:\\\/\\\/tiketi.com\\\/cheap-car-hire-windhoek-online\\\/\",\"url\":\"https:\\\/\\\/tiketi.com\\\/cheap-car-hire-windhoek-online\\\/\",\"name\":\"Car Hire in Windhoek, Namibia - Cheap Car Rental\",\"isPartOf\":{\"@id\":\"https:\\\/\\\/tiketi.com\\\/#website\"},\"primaryImageOfPage\":{\"@id\":\"https:\\\/\\\/tiketi.com\\\/cheap-car-hire-windhoek-online\\\/#primaryimage\"},\"image\":{\"@id\":\"https:\\\/\\\/tiketi.com\\\/cheap-car-hire-windhoek-online\\\/#primaryimage\"},\"thumbnailUrl\":\"https:\\\/\\\/tiketi.com\\\/wp-content\\\/uploads\\\/2022\\\/02\\\/car-rental-4753251_1280.jpg\",\"datePublished\":\"2022-01-19T11:54:18+00:00\",\"dateModified\":\"2022-02-02T16:32:12+00:00\",\"description\":\"Looking for car hire in Windhoek Namibia online booking? Compare prices and do cheap car rental in Windhoek online now\",\"breadcrumb\":{\"@id\":\"https:\\\/\\\/tiketi.com\\\/cheap-car-hire-windhoek-online\\\/#breadcrumb\"},\"inLanguage\":\"fr-FR\",\"potentialAction\":[{\"@type\":\"ReadAction\",\"target\":[\"https:\\\/\\\/tiketi.com\\\/cheap-car-hire-windhoek-online\\\/\"]}]},{\"@type\":\"ImageObject\",\"inLanguage\":\"fr-FR\",\"@id\":\"https:\\\/\\\/tiketi.com\\\/cheap-car-hire-windhoek-online\\\/#primaryimage\",\"url\":\"https:\\\/\\\/tiketi.com\\\/wp-content\\\/uploads\\\/2022\\\/02\\\/car-rental-4753251_1280.jpg\",\"contentUrl\":\"https:\\\/\\\/tiketi.com\\\/wp-content\\\/uploads\\\/2022\\\/02\\\/car-rental-4753251_1280.jpg\",\"width\":1200,\"height\":218,\"caption\":\"Car Rental\"},{\"@type\":\"BreadcrumbList\",\"@id\":\"https:\\\/\\\/tiketi.com\\\/cheap-car-hire-windhoek-online\\\/#breadcrumb\",\"itemListElement\":[{\"@type\":\"ListItem\",\"position\":1,\"name\":\"Home\",\"item\":\"https:\\\/\\\/tiketi.com\\\/\"},{\"@type\":\"ListItem\",\"position\":2,\"name\":\"Car Hire in Windhoek, Namibia &#8211; Cheap Car Rental\"}]},{\"@type\":\"WebSite\",\"@id\":\"https:\\\/\\\/tiketi.com\\\/#website\",\"url\":\"https:\\\/\\\/tiketi.com\\\/\",\"name\":\"Flight & Bus Tickets, Tour Packages & Activitites - Tiketi.com\",\"description\":\"Flight &amp; Bus Tickets, Tours, Activitites\",\"publisher\":{\"@id\":\"https:\\\/\\\/tiketi.com\\\/#organization\"},\"potentialAction\":[{\"@type\":\"SearchAction\",\"target\":{\"@type\":\"EntryPoint\",\"urlTemplate\":\"https:\\\/\\\/tiketi.com\\\/?s={search_term_string}\"},\"query-input\":{\"@type\":\"PropertyValueSpecification\",\"valueRequired\":true,\"valueName\":\"search_term_string\"}}],\"inLanguage\":\"fr-FR\"},{\"@type\":\"Organization\",\"@id\":\"https:\\\/\\\/tiketi.com\\\/#organization\",\"name\":\"Tiketi.com\",\"alternateName\":\"Tiketi\",\"url\":\"https:\\\/\\\/tiketi.com\\\/\",\"logo\":{\"@type\":\"ImageObject\",\"inLanguage\":\"fr-FR\",\"@id\":\"https:\\\/\\\/tiketi.com\\\/#\\\/schema\\\/logo\\\/image\\\/\",\"url\":\"https:\\\/\\\/tiketi.com\\\/wp-content\\\/uploads\\\/2019\\\/05\\\/tiketi-logo-696.png\",\"contentUrl\":\"https:\\\/\\\/tiketi.com\\\/wp-content\\\/uploads\\\/2019\\\/05\\\/tiketi-logo-696.png\",\"width\":696,\"height\":696,\"caption\":\"Tiketi.com\"},\"image\":{\"@id\":\"https:\\\/\\\/tiketi.com\\\/#\\\/schema\\\/logo\\\/image\\\/\"},\"sameAs\":[\"https:\\\/\\\/www.facebook.com\\\/TiketiCom\\\/\"]}]}<\/script>\n<!-- \/ Yoast SEO plugin. -->","yoast_head_json":{"title":"Location de voiture \u00e0 Windhoek, Namibie - Location de voiture pas cher","description":"Vous recherchez une location de voiture \u00e0 Windhoek Namibie r\u00e9servation en ligne? Comparez les prix et faites une location de voiture pas ch\u00e8re \u00e0 Windhoek en ligne maintenant","robots":{"index":"index","follow":"follow","max-snippet":"max-snippet:-1","max-image-preview":"max-image-preview:large","max-video-preview":"max-video-preview:-1"},"canonical":"https:\/\/tiketi.com\/fr-fr\/cheap-car-hire-windhoek-online\/","og_locale":"fr_FR","og_type":"article","og_title":"Car Hire in Windhoek, Namibia - Cheap Car Rental","og_description":"Looking for car hire in Windhoek Namibia online booking? Compare prices and do cheap car rental in Windhoek online now","og_url":"https:\/\/tiketi.com\/fr-fr\/cheap-car-hire-windhoek-online\/","og_site_name":"Tiketi.com","article_publisher":"https:\/\/www.facebook.com\/TiketiCom\/","article_modified_time":"2022-02-02T16:32:12+00:00","og_image":[{"width":1200,"height":218,"url":"https:\/\/tiketi.com\/wp-content\/uploads\/2022\/02\/car-rental-4753251_1280.jpg","type":"image\/jpeg"}],"twitter_card":"summary_large_image","twitter_misc":{"Dur\u00e9e de lecture estim\u00e9e":"2 minutes"},"schema":{"@context":"https:\/\/schema.org","@graph":[{"@type":"WebPage","@id":"https:\/\/tiketi.com\/cheap-car-hire-windhoek-online\/","url":"https:\/\/tiketi.com\/cheap-car-hire-windhoek-online\/","name":"Location de voiture \u00e0 Windhoek, Namibie - Location de voiture pas cher","isPartOf":{"@id":"https:\/\/tiketi.com\/#website"},"primaryImageOfPage":{"@id":"https:\/\/tiketi.com\/cheap-car-hire-windhoek-online\/#primaryimage"},"image":{"@id":"https:\/\/tiketi.com\/cheap-car-hire-windhoek-online\/#primaryimage"},"thumbnailUrl":"https:\/\/tiketi.com\/wp-content\/uploads\/2022\/02\/car-rental-4753251_1280.jpg","datePublished":"2022-01-19T11:54:18+00:00","dateModified":"2022-02-02T16:32:12+00:00","description":"Vous recherchez une location de voiture \u00e0 Windhoek Namibie r\u00e9servation en ligne? Comparez les prix et faites une location de voiture pas ch\u00e8re \u00e0 Windhoek en ligne maintenant","breadcrumb":{"@id":"https:\/\/tiketi.com\/cheap-car-hire-windhoek-online\/#breadcrumb"},"inLanguage":"fr-FR","potentialAction":[{"@type":"ReadAction","target":["https:\/\/tiketi.com\/cheap-car-hire-windhoek-online\/"]}]},{"@type":"ImageObject","inLanguage":"fr-FR","@id":"https:\/\/tiketi.com\/cheap-car-hire-windhoek-online\/#primaryimage","url":"https:\/\/tiketi.com\/wp-content\/uploads\/2022\/02\/car-rental-4753251_1280.jpg","contentUrl":"https:\/\/tiketi.com\/wp-content\/uploads\/2022\/02\/car-rental-4753251_1280.jpg","width":1200,"height":218,"caption":"Car Rental"},{"@type":"BreadcrumbList","@id":"https:\/\/tiketi.com\/cheap-car-hire-windhoek-online\/#breadcrumb","itemListElement":[{"@type":"ListItem","position":1,"name":"Home","item":"https:\/\/tiketi.com\/"},{"@type":"ListItem","position":2,"name":"Car Hire in Windhoek, Namibia &#8211; Cheap Car Rental"}]},{"@type":"WebSite","@id":"https:\/\/tiketi.com\/#website","url":"https:\/\/tiketi.com\/","name":"Billets d&#039;avion et de bus, forfaits touristiques et activit\u00e9s - Tiketi.com","description":"Billets d&#039;avion et de bus, Tours, Activit\u00e9s","publisher":{"@id":"https:\/\/tiketi.com\/#organization"},"potentialAction":[{"@type":"SearchAction","target":{"@type":"EntryPoint","urlTemplate":"https:\/\/tiketi.com\/?s={search_term_string}"},"query-input":{"@type":"PropertyValueSpecification","valueRequired":true,"valueName":"search_term_string"}}],"inLanguage":"fr-FR"},{"@type":"Organization","@id":"https:\/\/tiketi.com\/#organization","name":"Tiketi.com","alternateName":"Tiketi","url":"https:\/\/tiketi.com\/","logo":{"@type":"ImageObject","inLanguage":"fr-FR","@id":"https:\/\/tiketi.com\/#\/schema\/logo\/image\/","url":"https:\/\/tiketi.com\/wp-content\/uploads\/2019\/05\/tiketi-logo-696.png","contentUrl":"https:\/\/tiketi.com\/wp-content\/uploads\/2019\/05\/tiketi-logo-696.png","width":696,"height":696,"caption":"Tiketi.com"},"image":{"@id":"https:\/\/tiketi.com\/#\/schema\/logo\/image\/"},"sameAs":["https:\/\/www.facebook.com\/TiketiCom\/"]}]}},"_links":{"self":[{"href":"https:\/\/tiketi.com\/fr-fr\/wp-json\/wp\/v2\/pages\/11160","targetHints":{"allow":["GET"]}}],"collection":[{"href":"https:\/\/tiketi.com\/fr-fr\/wp-json\/wp\/v2\/pages"}],"about":[{"href":"https:\/\/tiketi.com\/fr-fr\/wp-json\/wp\/v2\/types\/page"}],"author":[{"embeddable":true,"href":"https:\/\/tiketi.com\/fr-fr\/wp-json\/wp\/v2\/users\/1"}],"replies":[{"embeddable":true,"href":"https:\/\/tiketi.com\/fr-fr\/wp-json\/wp\/v2\/comments?post=11160"}],"version-history":[{"count":0,"href":"https:\/\/tiketi.com\/fr-fr\/wp-json\/wp\/v2\/pages\/11160\/revisions"}],"wp:featuredmedia":[{"embeddable":true,"href":"https:\/\/tiketi.com\/fr-fr\/wp-json\/wp\/v2\/media\/16129"}],"wp:attachment":[{"href":"https:\/\/tiketi.com\/fr-fr\/wp-json\/wp\/v2\/media?parent=11160"}],"curies":[{"name":"wp","href":"https:\/\/api.w.org\/{rel}","templated":true}]}}