{"id":11161,"date":"2022-01-19T12:54:18","date_gmt":"2022-01-19T11:54:18","guid":{"rendered":"https:\/\/new.tiketi.com\/car-rental-zanzibar-tanzania-cheap-car-rental\/"},"modified":"2022-02-02T17:32:48","modified_gmt":"2022-02-02T16:32:48","slug":"cheap-car-hire-zanzibar-online","status":"publish","type":"page","link":"https:\/\/tiketi.com\/fr-fr\/cheap-car-hire-zanzibar-online\/","title":{"rendered":"Location de voiture \u00e0 Zanzibar \u2013 Location de voiture pas cher"},"content":{"rendered":"<h2>Location de voiture pas ch\u00e8re \u00e0 Zanzibar R\u00e9servation en ligne<\/h2>\n<h3><strong>&gt;&gt;<\/strong>\u00a0Comparez et faites une location de voiture pas ch\u00e8re \u00e0 Zanzibar en ligne <a href=\"https:\/\/tiketi.com\/fr-fr\/contact-us\/\">maintenant &gt;&gt;<\/a><\/h3>\n<p>Location de voiture pas ch\u00e8re \u00e0 Zanzibar Tanzanie, r\u00e9servation en ligne simplifi\u00e9e. Faites une location de voiture \u00e0 Zanzibar en r\u00e9servant en ligne et \u00e9conomisez du temps et de l&#039;argent.<\/p>\n<h2>FAQ sur la location de voiture \u00e0 Zanzibar en Tanzanie<\/h2>\n<h3>Astuces utiles pour louer une voiture pas ch\u00e8re \u00e0 Zanzibar<\/h3>\n<p>La location de voiture priv\u00e9e \u00e0 Zanzibar peut \u00eatre un moyen remarquable d&#039;explorer les parcs nationaux pour lesquels le pays est si populaire. Les safaris en voiture sont autoris\u00e9s dans la plupart des parcs pour les visiteurs qui souhaitent profiter de la plus grande flexibilit\u00e9. Les lieux de conduite c\u00e9l\u00e8bres comprennent le lac Tanganyika, le parc national du Serengeti, le crat\u00e8re du Ngorongoro et la r\u00e9serve de gibier. L&#039;\u00eele de Zanzibar est \u00e9galement une destination populaire pour les automobilistes en Tanzanie.<\/p>\n<h3>Temps abordable pour louer une voiture \u00e0 Zanzibar<\/h3>\n<p>Actuellement, le mois abordable pour louer une voiture \u00e0 Zanzibar est avril. La p\u00e9riode la plus co\u00fbteuse pour louer un v\u00e9hicule est le mois d&#039;ao\u00fbt. Les prix abordables pour chaque mois, mais les prix changeront en fonction de la disponibilit\u00e9, de la distance \u00e0 laquelle vous r\u00e9servez votre location de voiture avec chauffeur Zanzibar et, bien s\u00fbr, du type de voiture.<\/p>\n<h3>Puis-je louer une voiture pour un mois \u00e0 Zanzibar ?<\/h3>\n<p>La dur\u00e9e pendant laquelle vous r\u00e9servez une location de voiture \u00e0 l&#039;a\u00e9roport de Zanzibar avec kilom\u00e9trage illimit\u00e9 est soumise \u00e0 l&#039;inventaire du fournisseur. Lors de la location d&#039;un v\u00e9hicule \u00e0 Zanzibar, il devrait \u00eatre facile de louer une voiture pour un mois complet si n\u00e9cessaire.<\/p>\n<h3>Quel est le prix de l&#039;essence \u00e0 Zanzibar ?<\/h3>\n<p>Le prix moyen de l&#039;essence \u00e0 Zanzibar est de 11 487,75 Rp\/litre au cours du mois dernier, ce qui vous co\u00fbte entre 516 948 Rp et 746 700 Rp pour remplir le r\u00e9servoir de carburant d&#039;un v\u00e9hicule.<\/p>\n<h3>Est-il pr\u00e9f\u00e9rable de r\u00e9server ma voiture de location avant mon arriv\u00e9e \u00e0 l&#039;a\u00e9roport ?<\/h3>\n<p>\u00c0 tout moment, il est excellent de r\u00e9server votre location de voiture priv\u00e9e \u00e0 Zanzibar avant votre arriv\u00e9e \u00e0 l&#039;a\u00e9roport international Abeid Amani Karume de Zanzibar.<\/p>\n<h3>Quelles sont les excellentes voitures \u00e0 louer \u00e0 l&#039;a\u00e9roport de Abeid Amani Karume Zanzibar ?<\/h3>\n<p>\u00c7a d\u00e9pend. Si vous souhaitez conduire directement depuis l&#039;a\u00e9roport sur une petite distance ou dans et autour de la ville ou des zones urbaines, les voitures de petite \u00e0 moyenne taille seront probablement plus parfaites. Pour de plus longues distances et un plus grand nombre de passagers avec bagages, les SUV et les monospaces offrent plus de facilit\u00e9, de flexibilit\u00e9 et de confort.<\/p>\n<h3>Qu&#039;advient-il de ma location de voiture pas ch\u00e8re \u00e0 l&#039;a\u00e9roport de Zanzibar en Tanzanie si mon vol est retard\u00e9 ou annul\u00e9 ?<\/h3>\n<p>G\u00e9n\u00e9ralement, si vous avez inform\u00e9 la soci\u00e9t\u00e9 de location de voitures de votre vol d&#039;arriv\u00e9e \u00e0 l&#039;a\u00e9roport de Zanzibar Abeid Amani Karume Intel, elle sera alert\u00e9e des retards. Si vous ne l&#039;avez pas fait, il est essentiel de les avertir par e-mail ou par t\u00e9l\u00e9phone sur les contacts fournis sur votre bon. Les vols annul\u00e9s peuvent entra\u00eener des r\u00e9servations annul\u00e9es. Couvrez-vous avec une assurance voyage en Tanzanie et pr\u00e9parez-vous \u00e0 faire une nouvelle r\u00e9servation pour vos plans modifi\u00e9s.<\/p>","protected":false},"excerpt":{"rendered":"<p>Cheap Car Hire in Zanzibar Online Booking &gt;&gt;\u00a0Compare and do cheap car hire Zanzibar online now &gt;&gt; Cheap car rental in Zanzibar Tanzania online booking made easy. Do car hire in Zanzibar online booking and save time and money. Car Rental in Zanzibar Tanzania FAQs Top tips for cheap car rental Zanzibar Private car rental [&hellip;]<\/p>\n","protected":false},"author":1,"featured_media":16129,"parent":0,"menu_order":0,"comment_status":"open","ping_status":"closed","template":"template-home-modern.php","meta":{"footnotes":""},"class_list":["post-11161","page","type-page","status-publish","has-post-thumbnail","hentry"],"yoast_head":"<!-- This site is optimized with the Yoast SEO plugin v27.4 - https:\/\/yoast.com\/product\/yoast-seo-wordpress\/ -->\n<title>Car Rental in Zanzibar, Tanzania - Cheap Car Rental<\/title>\n<meta name=\"description\" content=\"Looking for car rental in Zanzibar Tanzania online booking? Compare prices and do cheap car hire in Zanzibar online now\" \/>\n<meta name=\"robots\" content=\"index, follow, max-snippet:-1, max-image-preview:large, max-video-preview:-1\" \/>\n<link rel=\"canonical\" href=\"https:\/\/tiketi.com\/fr-fr\/cheap-car-hire-zanzibar-online\/\" \/>\n<meta property=\"og:locale\" content=\"fr_FR\" \/>\n<meta property=\"og:type\" content=\"article\" \/>\n<meta property=\"og:title\" content=\"Car Rental in Zanzibar, Tanzania - Cheap Car Rental\" \/>\n<meta property=\"og:description\" content=\"Looking for car rental in Zanzibar Tanzania online booking? Compare prices and do cheap car hire in Zanzibar online now\" \/>\n<meta property=\"og:url\" content=\"https:\/\/tiketi.com\/fr-fr\/cheap-car-hire-zanzibar-online\/\" \/>\n<meta property=\"og:site_name\" content=\"Tiketi.com\" \/>\n<meta property=\"article:publisher\" content=\"https:\/\/www.facebook.com\/TiketiCom\/\" \/>\n<meta property=\"article:modified_time\" content=\"2022-02-02T16:32:48+00:00\" \/>\n<meta property=\"og:image\" content=\"https:\/\/tiketi.com\/wp-content\/uploads\/2022\/02\/car-rental-4753251_1280.jpg\" \/>\n\t<meta property=\"og:image:width\" content=\"1200\" \/>\n\t<meta property=\"og:image:height\" content=\"218\" \/>\n\t<meta property=\"og:image:type\" content=\"image\/jpeg\" \/>\n<meta name=\"twitter:card\" content=\"summary_large_image\" \/>\n<meta name=\"twitter:label1\" content=\"Dur\u00e9e de lecture estim\u00e9e\" \/>\n\t<meta name=\"twitter:data1\" content=\"2 minutes\" \/>\n<script type=\"application\/ld+json\" class=\"yoast-schema-graph\">{\"@context\":\"https:\\\/\\\/schema.org\",\"@graph\":[{\"@type\":\"WebPage\",\"@id\":\"https:\\\/\\\/tiketi.com\\\/fr-fr\\\/cheap-car-hire-zanzibar-online\\\/\",\"url\":\"https:\\\/\\\/tiketi.com\\\/fr-fr\\\/cheap-car-hire-zanzibar-online\\\/\",\"name\":\"Car Rental in Zanzibar, Tanzania - Cheap Car Rental\",\"isPartOf\":{\"@id\":\"https:\\\/\\\/tiketi.com\\\/#website\"},\"primaryImageOfPage\":{\"@id\":\"https:\\\/\\\/tiketi.com\\\/fr-fr\\\/cheap-car-hire-zanzibar-online\\\/#primaryimage\"},\"image\":{\"@id\":\"https:\\\/\\\/tiketi.com\\\/fr-fr\\\/cheap-car-hire-zanzibar-online\\\/#primaryimage\"},\"thumbnailUrl\":\"https:\\\/\\\/tiketi.com\\\/wp-content\\\/uploads\\\/2022\\\/02\\\/car-rental-4753251_1280.jpg\",\"datePublished\":\"2022-01-19T11:54:18+00:00\",\"dateModified\":\"2022-02-02T16:32:48+00:00\",\"description\":\"Looking for car rental in Zanzibar Tanzania online booking? Compare prices and do cheap car hire in Zanzibar online now\",\"breadcrumb\":{\"@id\":\"https:\\\/\\\/tiketi.com\\\/fr-fr\\\/cheap-car-hire-zanzibar-online\\\/#breadcrumb\"},\"inLanguage\":\"fr-FR\",\"potentialAction\":[{\"@type\":\"ReadAction\",\"target\":[\"https:\\\/\\\/tiketi.com\\\/fr-fr\\\/cheap-car-hire-zanzibar-online\\\/\"]}]},{\"@type\":\"ImageObject\",\"inLanguage\":\"fr-FR\",\"@id\":\"https:\\\/\\\/tiketi.com\\\/fr-fr\\\/cheap-car-hire-zanzibar-online\\\/#primaryimage\",\"url\":\"https:\\\/\\\/tiketi.com\\\/wp-content\\\/uploads\\\/2022\\\/02\\\/car-rental-4753251_1280.jpg\",\"contentUrl\":\"https:\\\/\\\/tiketi.com\\\/wp-content\\\/uploads\\\/2022\\\/02\\\/car-rental-4753251_1280.jpg\",\"width\":1200,\"height\":218,\"caption\":\"Car Rental\"},{\"@type\":\"BreadcrumbList\",\"@id\":\"https:\\\/\\\/tiketi.com\\\/fr-fr\\\/cheap-car-hire-zanzibar-online\\\/#breadcrumb\",\"itemListElement\":[{\"@type\":\"ListItem\",\"position\":1,\"name\":\"Home\",\"item\":\"https:\\\/\\\/tiketi.com\\\/\"},{\"@type\":\"ListItem\",\"position\":2,\"name\":\"Car Rental in Zanzibar &#8211; Cheap Car Rental\"}]},{\"@type\":\"WebSite\",\"@id\":\"https:\\\/\\\/tiketi.com\\\/#website\",\"url\":\"https:\\\/\\\/tiketi.com\\\/\",\"name\":\"Flight & Bus Tickets, Tour Packages & Activitites - Tiketi.com\",\"description\":\"Flight &amp; Bus Tickets, Tours, Activitites\",\"publisher\":{\"@id\":\"https:\\\/\\\/tiketi.com\\\/#organization\"},\"potentialAction\":[{\"@type\":\"SearchAction\",\"target\":{\"@type\":\"EntryPoint\",\"urlTemplate\":\"https:\\\/\\\/tiketi.com\\\/?s={search_term_string}\"},\"query-input\":{\"@type\":\"PropertyValueSpecification\",\"valueRequired\":true,\"valueName\":\"search_term_string\"}}],\"inLanguage\":\"fr-FR\"},{\"@type\":\"Organization\",\"@id\":\"https:\\\/\\\/tiketi.com\\\/#organization\",\"name\":\"Tiketi.com\",\"alternateName\":\"Tiketi\",\"url\":\"https:\\\/\\\/tiketi.com\\\/\",\"logo\":{\"@type\":\"ImageObject\",\"inLanguage\":\"fr-FR\",\"@id\":\"https:\\\/\\\/tiketi.com\\\/#\\\/schema\\\/logo\\\/image\\\/\",\"url\":\"https:\\\/\\\/tiketi.com\\\/wp-content\\\/uploads\\\/2019\\\/05\\\/tiketi-logo-696.png\",\"contentUrl\":\"https:\\\/\\\/tiketi.com\\\/wp-content\\\/uploads\\\/2019\\\/05\\\/tiketi-logo-696.png\",\"width\":696,\"height\":696,\"caption\":\"Tiketi.com\"},\"image\":{\"@id\":\"https:\\\/\\\/tiketi.com\\\/#\\\/schema\\\/logo\\\/image\\\/\"},\"sameAs\":[\"https:\\\/\\\/www.facebook.com\\\/TiketiCom\\\/\"]}]}<\/script>\n<!-- \/ Yoast SEO plugin. -->","yoast_head_json":{"title":"Location de voiture \u00e0 Zanzibar, Tanzanie - Location de voiture pas cher","description":"Vous recherchez une location de voiture \u00e0 Zanzibar Tanzanie r\u00e9servation en ligne? Comparez les prix et louez une voiture pas ch\u00e8re \u00e0 Zanzibar en ligne d\u00e8s maintenant","robots":{"index":"index","follow":"follow","max-snippet":"max-snippet:-1","max-image-preview":"max-image-preview:large","max-video-preview":"max-video-preview:-1"},"canonical":"https:\/\/tiketi.com\/fr-fr\/cheap-car-hire-zanzibar-online\/","og_locale":"fr_FR","og_type":"article","og_title":"Car Rental in Zanzibar, Tanzania - Cheap Car Rental","og_description":"Looking for car rental in Zanzibar Tanzania online booking? Compare prices and do cheap car hire in Zanzibar online now","og_url":"https:\/\/tiketi.com\/fr-fr\/cheap-car-hire-zanzibar-online\/","og_site_name":"Tiketi.com","article_publisher":"https:\/\/www.facebook.com\/TiketiCom\/","article_modified_time":"2022-02-02T16:32:48+00:00","og_image":[{"width":1200,"height":218,"url":"https:\/\/tiketi.com\/wp-content\/uploads\/2022\/02\/car-rental-4753251_1280.jpg","type":"image\/jpeg"}],"twitter_card":"summary_large_image","twitter_misc":{"Dur\u00e9e de lecture estim\u00e9e":"2 minutes"},"schema":{"@context":"https:\/\/schema.org","@graph":[{"@type":"WebPage","@id":"https:\/\/tiketi.com\/fr-fr\/cheap-car-hire-zanzibar-online\/","url":"https:\/\/tiketi.com\/fr-fr\/cheap-car-hire-zanzibar-online\/","name":"Location de voiture \u00e0 Zanzibar, Tanzanie - Location de voiture pas cher","isPartOf":{"@id":"https:\/\/tiketi.com\/#website"},"primaryImageOfPage":{"@id":"https:\/\/tiketi.com\/fr-fr\/cheap-car-hire-zanzibar-online\/#primaryimage"},"image":{"@id":"https:\/\/tiketi.com\/fr-fr\/cheap-car-hire-zanzibar-online\/#primaryimage"},"thumbnailUrl":"https:\/\/tiketi.com\/wp-content\/uploads\/2022\/02\/car-rental-4753251_1280.jpg","datePublished":"2022-01-19T11:54:18+00:00","dateModified":"2022-02-02T16:32:48+00:00","description":"Vous recherchez une location de voiture \u00e0 Zanzibar Tanzanie r\u00e9servation en ligne? Comparez les prix et louez une voiture pas ch\u00e8re \u00e0 Zanzibar en ligne d\u00e8s maintenant","breadcrumb":{"@id":"https:\/\/tiketi.com\/fr-fr\/cheap-car-hire-zanzibar-online\/#breadcrumb"},"inLanguage":"fr-FR","potentialAction":[{"@type":"ReadAction","target":["https:\/\/tiketi.com\/fr-fr\/cheap-car-hire-zanzibar-online\/"]}]},{"@type":"ImageObject","inLanguage":"fr-FR","@id":"https:\/\/tiketi.com\/fr-fr\/cheap-car-hire-zanzibar-online\/#primaryimage","url":"https:\/\/tiketi.com\/wp-content\/uploads\/2022\/02\/car-rental-4753251_1280.jpg","contentUrl":"https:\/\/tiketi.com\/wp-content\/uploads\/2022\/02\/car-rental-4753251_1280.jpg","width":1200,"height":218,"caption":"Car Rental"},{"@type":"BreadcrumbList","@id":"https:\/\/tiketi.com\/fr-fr\/cheap-car-hire-zanzibar-online\/#breadcrumb","itemListElement":[{"@type":"ListItem","position":1,"name":"Home","item":"https:\/\/tiketi.com\/"},{"@type":"ListItem","position":2,"name":"Car Rental in Zanzibar &#8211; Cheap Car Rental"}]},{"@type":"WebSite","@id":"https:\/\/tiketi.com\/#website","url":"https:\/\/tiketi.com\/","name":"Billets d&#039;avion et de bus, forfaits touristiques et activit\u00e9s - Tiketi.com","description":"Billets d&#039;avion et de bus, Tours, Activit\u00e9s","publisher":{"@id":"https:\/\/tiketi.com\/#organization"},"potentialAction":[{"@type":"SearchAction","target":{"@type":"EntryPoint","urlTemplate":"https:\/\/tiketi.com\/?s={search_term_string}"},"query-input":{"@type":"PropertyValueSpecification","valueRequired":true,"valueName":"search_term_string"}}],"inLanguage":"fr-FR"},{"@type":"Organization","@id":"https:\/\/tiketi.com\/#organization","name":"Tiketi.com","alternateName":"Tiketi","url":"https:\/\/tiketi.com\/","logo":{"@type":"ImageObject","inLanguage":"fr-FR","@id":"https:\/\/tiketi.com\/#\/schema\/logo\/image\/","url":"https:\/\/tiketi.com\/wp-content\/uploads\/2019\/05\/tiketi-logo-696.png","contentUrl":"https:\/\/tiketi.com\/wp-content\/uploads\/2019\/05\/tiketi-logo-696.png","width":696,"height":696,"caption":"Tiketi.com"},"image":{"@id":"https:\/\/tiketi.com\/#\/schema\/logo\/image\/"},"sameAs":["https:\/\/www.facebook.com\/TiketiCom\/"]}]}},"_links":{"self":[{"href":"https:\/\/tiketi.com\/fr-fr\/wp-json\/wp\/v2\/pages\/11161","targetHints":{"allow":["GET"]}}],"collection":[{"href":"https:\/\/tiketi.com\/fr-fr\/wp-json\/wp\/v2\/pages"}],"about":[{"href":"https:\/\/tiketi.com\/fr-fr\/wp-json\/wp\/v2\/types\/page"}],"author":[{"embeddable":true,"href":"https:\/\/tiketi.com\/fr-fr\/wp-json\/wp\/v2\/users\/1"}],"replies":[{"embeddable":true,"href":"https:\/\/tiketi.com\/fr-fr\/wp-json\/wp\/v2\/comments?post=11161"}],"version-history":[{"count":0,"href":"https:\/\/tiketi.com\/fr-fr\/wp-json\/wp\/v2\/pages\/11161\/revisions"}],"wp:featuredmedia":[{"embeddable":true,"href":"https:\/\/tiketi.com\/fr-fr\/wp-json\/wp\/v2\/media\/16129"}],"wp:attachment":[{"href":"https:\/\/tiketi.com\/fr-fr\/wp-json\/wp\/v2\/media?parent=11161"}],"curies":[{"name":"wp","href":"https:\/\/api.w.org\/{rel}","templated":true}]}}