{"id":11162,"date":"2022-01-19T12:54:18","date_gmt":"2022-01-19T11:54:18","guid":{"rendered":"https:\/\/new.tiketi.com\/car-hire-gaborone-botswana-cheap-car-rental\/"},"modified":"2022-02-02T16:52:09","modified_gmt":"2022-02-02T15:52:09","slug":"cheap-car-hire-gaborone-online","status":"publish","type":"page","link":"https:\/\/tiketi.com\/fr-fr\/cheap-car-hire-gaborone-online\/","title":{"rendered":"Location de voiture \u00e0 Gaborone, Botswana \u2013 Location de voiture pas cher"},"content":{"rendered":"<h2>Location de voiture pas cher \u00e0 Gaborone Botswana R\u00e9servation en ligne<\/h2>\n<h3>Comparez les prix et louer une voiture pas cher Gaborone en ligne <a href=\"https:\/\/tiketi.com\/fr-fr\/contact-us\/\">maintenant &gt;&gt;<\/a><\/h3>\n<p>Location de voiture pas ch\u00e8re \u00e0 Gaborone Botswana, r\u00e9servation en ligne simplifi\u00e9e. Commencez l&#039;ultime capitale anim\u00e9e de l&#039;aventure autonome au Botswana avec l&#039;aide d&#039;une location de voiture bon march\u00e9 \u00e0 l&#039;a\u00e9roport de Gaborone au Botswana. La ville est petite mais regorge de choses \u00e0 faire et est desservie par l&#039;a\u00e9roport international Sir Seretse Khama qui se trouve \u00e0 une quinzaine de kilom\u00e8tres du centre-ville. Si vous pr\u00e9voyez de visiter les c\u00e9l\u00e8bres r\u00e9serves de gibier Big 5 et d&#039;autres attractions du Botswana, c&#039;est ici que votre voyage commencera. Effectuez une r\u00e9servation en ligne de location de voiture \u00e0 Gaborone et \u00e9conomisez du temps et de l&#039;argent.<\/p>\n<p>Apr\u00e8s avoir lou\u00e9 une voiture \u00e0 l&#039;a\u00e9roport de Gaborone avec kilom\u00e9trage illimit\u00e9, vous pouvez commencer \u00e0 planifier une liste de choses que vous voulez faire et voir. Les points forts incluent la r\u00e9serve naturelle de Mokolodi, la r\u00e9serve de gibier de Gaborone, les sports nautiques au barrage de Gaborone, le mus\u00e9e national et les collines de Kgale.<\/p>\n<h2>Location de voiture \u00e0 Gaborone Botswana FAQ<\/h2>\n<h3>Les meilleurs conseils lors de la location d&#039;une voiture de location pas ch\u00e8re \u00e0 Gaborone<\/h3>\n<p>\u2022 Le Botswana est l&#039;un des pays les plus s\u00fbrs d&#039;Afrique, la location d&#039;une voiture ici ne doit pas \u00eatre n\u00e9glig\u00e9e<br \/>\n\u2022 Il existe deux principales agences de location de voitures au Botswana et quatre lieux de prise en charge dans la capitale<br \/>\n\u2022 Conduisez sur le c\u00f4t\u00e9 gauche de la route au Botswana, bien que de nombreuses routes en dehors de la ville soient \u00e0 une voie<br \/>\n\u2022 La location de voiture pas ch\u00e8re \u00e0 l&#039;a\u00e9roport de Gaborone au Botswana est accessible depuis l&#039;a\u00e9roport de Gaborone.<br \/>\n\u2022 Le meilleur moment pour r\u00e9server des soins au Botswana se situe entre 6 et 12 semaines \u00e0 l&#039;avance pour garantir l&#039;accessibilit\u00e9.<\/p>\n<p>Combien co\u00fbte une location de voiture au Botswana ?<\/p>\n<p>La location de voiture Gaborone sans carte de cr\u00e9dit commence \u00e0 seulement 48,30 \u20ac par jour pour une voiture de classe. Le prix moyen de location d&#039;un v\u00e9hicule au Botswana est de seulement 83,89 \u20ac par jour, tandis que la voiture de location la plus ch\u00e8re au Botswana est une voiture Toyota Fortuner pour une classe qui co\u00fbte 149,99 \u20ac par jour.<\/p>\n<h3>Pourquoi la location de voiture est-elle si abordable au Botswana ?<\/h3>\n<p>Les tarifs de location de voitures \u00e0 Gaborone Botswana sont maintenus bas gr\u00e2ce aux trois soci\u00e9t\u00e9s de location de voitures \u00e0 travers le pays. Avec plus de cinq lieux de location de voitures et 125 choix de location de voitures accessibles, la concurrence maintient les prix bas au Botswana.<\/p>\n<h3>Quel est le lieu de location de voitures le plus c\u00e9l\u00e8bre au Botswana ?<\/h3>\n<p>L&#039;endroit le plus c\u00e9l\u00e8bre pour louer une voiture au Botswana est Gaborone - A\u00e9roport avec trois soci\u00e9t\u00e9s de location de voitures et douze voitures parmi lesquelles choisir.<\/p>\n<h3>Combien co\u00fbte le carburant au Botswana?<\/h3>\n<p>Les prix actuels du carburant au Botswana sont de 0,590 \u20ac\/litre pour l&#039;essence et de 0,605 \u20ac\/litre pour le diesel au 28 d\u00e9cembre 2020, il en co\u00fbtera en moyenne 25 \u20ac pour remplir un v\u00e9hicule de classe compacte moyen avec de l&#039;essence et 24 \u20ac pour le diesel.<\/p>","protected":false},"excerpt":{"rendered":"<p>Cheap Car Rental in Gaborone Botswana Online Booking Compare prices and do cheap car hire Gaborone online now &gt;&gt; Cheap car hire in Gaborone Botswana online booking made easy. Start the ultimate Botswana self-drive adventure lively capital with the help of cheap car rental in Gaborone airport Botswana. The city is little yet packed with [&hellip;]<\/p>\n","protected":false},"author":1,"featured_media":16129,"parent":0,"menu_order":0,"comment_status":"open","ping_status":"closed","template":"template-home-modern.php","meta":{"footnotes":""},"class_list":["post-11162","page","type-page","status-publish","has-post-thumbnail","hentry"],"yoast_head":"<!-- This site is optimized with the Yoast SEO plugin v27.2 - https:\/\/yoast.com\/product\/yoast-seo-wordpress\/ -->\n<title>Car Hire Gaborone, Botswana - Cheap Car Rental<\/title>\n<meta name=\"description\" content=\"Looking for car hire Gaborone Botswana online booking? Compare prices and do cheap car rental Gaborone online now\" \/>\n<meta name=\"robots\" content=\"index, follow, max-snippet:-1, max-image-preview:large, max-video-preview:-1\" \/>\n<link rel=\"canonical\" href=\"https:\/\/tiketi.com\/fr-fr\/cheap-car-hire-gaborone-online\/\" \/>\n<meta property=\"og:locale\" content=\"fr_FR\" \/>\n<meta property=\"og:type\" content=\"article\" \/>\n<meta property=\"og:title\" content=\"Car Hire Gaborone, Botswana - Cheap Car Rental\" \/>\n<meta property=\"og:description\" content=\"Looking for car hire Gaborone Botswana online booking? Compare prices and do cheap car rental Gaborone online now\" \/>\n<meta property=\"og:url\" content=\"https:\/\/tiketi.com\/fr-fr\/cheap-car-hire-gaborone-online\/\" \/>\n<meta property=\"og:site_name\" content=\"Tiketi.com\" \/>\n<meta property=\"article:publisher\" content=\"https:\/\/www.facebook.com\/TiketiCom\/\" \/>\n<meta property=\"article:modified_time\" content=\"2022-02-02T15:52:09+00:00\" \/>\n<meta property=\"og:image\" content=\"https:\/\/tiketi.com\/wp-content\/uploads\/2022\/02\/car-rental-4753251_1280.jpg\" \/>\n\t<meta property=\"og:image:width\" content=\"1200\" \/>\n\t<meta property=\"og:image:height\" content=\"218\" \/>\n\t<meta property=\"og:image:type\" content=\"image\/jpeg\" \/>\n<meta name=\"twitter:card\" content=\"summary_large_image\" \/>\n<meta name=\"twitter:label1\" content=\"Dur\u00e9e de lecture estim\u00e9e\" \/>\n\t<meta name=\"twitter:data1\" content=\"2 minutes\" \/>\n<script type=\"application\/ld+json\" class=\"yoast-schema-graph\">{\"@context\":\"https:\/\/schema.org\",\"@graph\":[{\"@type\":\"WebPage\",\"@id\":\"https:\/\/tiketi.com\/cheap-car-hire-gaborone-online\/\",\"url\":\"https:\/\/tiketi.com\/cheap-car-hire-gaborone-online\/\",\"name\":\"Car Hire Gaborone, Botswana - Cheap Car Rental\",\"isPartOf\":{\"@id\":\"https:\/\/tiketi.com\/#website\"},\"primaryImageOfPage\":{\"@id\":\"https:\/\/tiketi.com\/cheap-car-hire-gaborone-online\/#primaryimage\"},\"image\":{\"@id\":\"https:\/\/tiketi.com\/cheap-car-hire-gaborone-online\/#primaryimage\"},\"thumbnailUrl\":\"https:\/\/tiketi.com\/wp-content\/uploads\/2022\/02\/car-rental-4753251_1280.jpg\",\"datePublished\":\"2022-01-19T11:54:18+00:00\",\"dateModified\":\"2022-02-02T15:52:09+00:00\",\"description\":\"Looking for car hire Gaborone Botswana online booking? Compare prices and do cheap car rental Gaborone online now\",\"breadcrumb\":{\"@id\":\"https:\/\/tiketi.com\/cheap-car-hire-gaborone-online\/#breadcrumb\"},\"inLanguage\":\"fr-FR\",\"potentialAction\":[{\"@type\":\"ReadAction\",\"target\":[\"https:\/\/tiketi.com\/cheap-car-hire-gaborone-online\/\"]}]},{\"@type\":\"ImageObject\",\"inLanguage\":\"fr-FR\",\"@id\":\"https:\/\/tiketi.com\/cheap-car-hire-gaborone-online\/#primaryimage\",\"url\":\"https:\/\/tiketi.com\/wp-content\/uploads\/2022\/02\/car-rental-4753251_1280.jpg\",\"contentUrl\":\"https:\/\/tiketi.com\/wp-content\/uploads\/2022\/02\/car-rental-4753251_1280.jpg\",\"width\":1200,\"height\":218,\"caption\":\"Car Rental\"},{\"@type\":\"BreadcrumbList\",\"@id\":\"https:\/\/tiketi.com\/cheap-car-hire-gaborone-online\/#breadcrumb\",\"itemListElement\":[{\"@type\":\"ListItem\",\"position\":1,\"name\":\"Home\",\"item\":\"https:\/\/tiketi.com\/\"},{\"@type\":\"ListItem\",\"position\":2,\"name\":\"Car Hire in Gaborone, Botswana &#8211; Cheap Car Rental\"}]},{\"@type\":\"WebSite\",\"@id\":\"https:\/\/tiketi.com\/#website\",\"url\":\"https:\/\/tiketi.com\/\",\"name\":\"Flight & Bus Tickets, Tour Packages & Activitites - Tiketi.com\",\"description\":\"Flight &amp; Bus Tickets, Tours, Activitites\",\"publisher\":{\"@id\":\"https:\/\/tiketi.com\/#organization\"},\"potentialAction\":[{\"@type\":\"SearchAction\",\"target\":{\"@type\":\"EntryPoint\",\"urlTemplate\":\"https:\/\/tiketi.com\/?s={search_term_string}\"},\"query-input\":{\"@type\":\"PropertyValueSpecification\",\"valueRequired\":true,\"valueName\":\"search_term_string\"}}],\"inLanguage\":\"fr-FR\"},{\"@type\":\"Organization\",\"@id\":\"https:\/\/tiketi.com\/#organization\",\"name\":\"Tiketi.com\",\"alternateName\":\"Tiketi\",\"url\":\"https:\/\/tiketi.com\/\",\"logo\":{\"@type\":\"ImageObject\",\"inLanguage\":\"fr-FR\",\"@id\":\"https:\/\/tiketi.com\/#\/schema\/logo\/image\/\",\"url\":\"https:\/\/tiketi.com\/wp-content\/uploads\/2019\/05\/tiketi-logo-696.png\",\"contentUrl\":\"https:\/\/tiketi.com\/wp-content\/uploads\/2019\/05\/tiketi-logo-696.png\",\"width\":696,\"height\":696,\"caption\":\"Tiketi.com\"},\"image\":{\"@id\":\"https:\/\/tiketi.com\/#\/schema\/logo\/image\/\"},\"sameAs\":[\"https:\/\/www.facebook.com\/TiketiCom\/\"]}]}<\/script>\n<!-- \/ Yoast SEO plugin. -->","yoast_head_json":{"title":"Location de voiture Gaborone, Botswana - Location de voiture pas cher","description":"Vous recherchez une location de voiture Gaborone Botswana r\u00e9servation en ligne? Comparez les prix et faites une location de voiture pas cher Gaborone en ligne maintenant","robots":{"index":"index","follow":"follow","max-snippet":"max-snippet:-1","max-image-preview":"max-image-preview:large","max-video-preview":"max-video-preview:-1"},"canonical":"https:\/\/tiketi.com\/fr-fr\/cheap-car-hire-gaborone-online\/","og_locale":"fr_FR","og_type":"article","og_title":"Car Hire Gaborone, Botswana - Cheap Car Rental","og_description":"Looking for car hire Gaborone Botswana online booking? Compare prices and do cheap car rental Gaborone online now","og_url":"https:\/\/tiketi.com\/fr-fr\/cheap-car-hire-gaborone-online\/","og_site_name":"Tiketi.com","article_publisher":"https:\/\/www.facebook.com\/TiketiCom\/","article_modified_time":"2022-02-02T15:52:09+00:00","og_image":[{"width":1200,"height":218,"url":"https:\/\/tiketi.com\/wp-content\/uploads\/2022\/02\/car-rental-4753251_1280.jpg","type":"image\/jpeg"}],"twitter_card":"summary_large_image","twitter_misc":{"Dur\u00e9e de lecture estim\u00e9e":"2 minutes"},"schema":{"@context":"https:\/\/schema.org","@graph":[{"@type":"WebPage","@id":"https:\/\/tiketi.com\/cheap-car-hire-gaborone-online\/","url":"https:\/\/tiketi.com\/cheap-car-hire-gaborone-online\/","name":"Location de voiture Gaborone, Botswana - Location de voiture pas cher","isPartOf":{"@id":"https:\/\/tiketi.com\/#website"},"primaryImageOfPage":{"@id":"https:\/\/tiketi.com\/cheap-car-hire-gaborone-online\/#primaryimage"},"image":{"@id":"https:\/\/tiketi.com\/cheap-car-hire-gaborone-online\/#primaryimage"},"thumbnailUrl":"https:\/\/tiketi.com\/wp-content\/uploads\/2022\/02\/car-rental-4753251_1280.jpg","datePublished":"2022-01-19T11:54:18+00:00","dateModified":"2022-02-02T15:52:09+00:00","description":"Vous recherchez une location de voiture Gaborone Botswana r\u00e9servation en ligne? Comparez les prix et faites une location de voiture pas cher Gaborone en ligne maintenant","breadcrumb":{"@id":"https:\/\/tiketi.com\/cheap-car-hire-gaborone-online\/#breadcrumb"},"inLanguage":"fr-FR","potentialAction":[{"@type":"ReadAction","target":["https:\/\/tiketi.com\/cheap-car-hire-gaborone-online\/"]}]},{"@type":"ImageObject","inLanguage":"fr-FR","@id":"https:\/\/tiketi.com\/cheap-car-hire-gaborone-online\/#primaryimage","url":"https:\/\/tiketi.com\/wp-content\/uploads\/2022\/02\/car-rental-4753251_1280.jpg","contentUrl":"https:\/\/tiketi.com\/wp-content\/uploads\/2022\/02\/car-rental-4753251_1280.jpg","width":1200,"height":218,"caption":"Car Rental"},{"@type":"BreadcrumbList","@id":"https:\/\/tiketi.com\/cheap-car-hire-gaborone-online\/#breadcrumb","itemListElement":[{"@type":"ListItem","position":1,"name":"Home","item":"https:\/\/tiketi.com\/"},{"@type":"ListItem","position":2,"name":"Car Hire in Gaborone, Botswana &#8211; Cheap Car Rental"}]},{"@type":"WebSite","@id":"https:\/\/tiketi.com\/#website","url":"https:\/\/tiketi.com\/","name":"Billets d&#039;avion et de bus, forfaits touristiques et activit\u00e9s - Tiketi.com","description":"Billets d&#039;avion et de bus, Tours, Activit\u00e9s","publisher":{"@id":"https:\/\/tiketi.com\/#organization"},"potentialAction":[{"@type":"SearchAction","target":{"@type":"EntryPoint","urlTemplate":"https:\/\/tiketi.com\/?s={search_term_string}"},"query-input":{"@type":"PropertyValueSpecification","valueRequired":true,"valueName":"search_term_string"}}],"inLanguage":"fr-FR"},{"@type":"Organization","@id":"https:\/\/tiketi.com\/#organization","name":"Tiketi.com","alternateName":"Tiketi","url":"https:\/\/tiketi.com\/","logo":{"@type":"ImageObject","inLanguage":"fr-FR","@id":"https:\/\/tiketi.com\/#\/schema\/logo\/image\/","url":"https:\/\/tiketi.com\/wp-content\/uploads\/2019\/05\/tiketi-logo-696.png","contentUrl":"https:\/\/tiketi.com\/wp-content\/uploads\/2019\/05\/tiketi-logo-696.png","width":696,"height":696,"caption":"Tiketi.com"},"image":{"@id":"https:\/\/tiketi.com\/#\/schema\/logo\/image\/"},"sameAs":["https:\/\/www.facebook.com\/TiketiCom\/"]}]}},"_links":{"self":[{"href":"https:\/\/tiketi.com\/fr-fr\/wp-json\/wp\/v2\/pages\/11162","targetHints":{"allow":["GET"]}}],"collection":[{"href":"https:\/\/tiketi.com\/fr-fr\/wp-json\/wp\/v2\/pages"}],"about":[{"href":"https:\/\/tiketi.com\/fr-fr\/wp-json\/wp\/v2\/types\/page"}],"author":[{"embeddable":true,"href":"https:\/\/tiketi.com\/fr-fr\/wp-json\/wp\/v2\/users\/1"}],"replies":[{"embeddable":true,"href":"https:\/\/tiketi.com\/fr-fr\/wp-json\/wp\/v2\/comments?post=11162"}],"version-history":[{"count":0,"href":"https:\/\/tiketi.com\/fr-fr\/wp-json\/wp\/v2\/pages\/11162\/revisions"}],"wp:featuredmedia":[{"embeddable":true,"href":"https:\/\/tiketi.com\/fr-fr\/wp-json\/wp\/v2\/media\/16129"}],"wp:attachment":[{"href":"https:\/\/tiketi.com\/fr-fr\/wp-json\/wp\/v2\/media?parent=11162"}],"curies":[{"name":"wp","href":"https:\/\/api.w.org\/{rel}","templated":true}]}}