{"id":11165,"date":"2022-01-19T12:54:18","date_gmt":"2022-01-19T11:54:18","guid":{"rendered":"https:\/\/new.tiketi.com\/car-hire-kigali-rwanda-cheap-car-rental\/"},"modified":"2022-02-02T17:09:03","modified_gmt":"2022-02-02T16:09:03","slug":"cheap-car-hire-kigali-online","status":"publish","type":"page","link":"https:\/\/tiketi.com\/fr-fr\/cheap-car-hire-kigali-online\/","title":{"rendered":"Location de voiture \u00e0 Kigali Rwanda \u2013 Location de voiture pas cher"},"content":{"rendered":"<h2>Location de voiture pas cher \u00e0 Kigali R\u00e9servation en ligne<\/h2>\n<h3>Comparez les prix et faites une location de voiture pas ch\u00e8re Kigali en ligne <a href=\"https:\/\/tiketi.com\/fr-fr\/contact-us\/\">maintenant &gt;&gt;<\/a><\/h3>\n<p>Location de voiture pas ch\u00e8re \u00e0 Kigali, r\u00e9servation en ligne simplifi\u00e9e. Situ\u00e9 en Afrique, le Rwanda est en train de devenir l&#039;un des lieux touristiques les plus attrayants, t\u00e9moin d&#039;un nombre croissant d&#039;explorateurs chaque ann\u00e9e. Blotti avec 1 000 collines, des panoramas spectaculaires du Rwanda et une culture et un patrimoine chauds et conviviaux, le Rwanda offre l&#039;une des rencontres de type. Faites une location de voiture \u00e0 Kigali en r\u00e9servant en ligne et \u00e9conomisez du temps et de l&#039;argent.<\/p>\n<p>Lorsqu&#039;il s&#039;agit de d\u00e9couvrir ce magnifique lieu touristique, vous pouvez opter pour une location de voiture pas ch\u00e8re \u00e0 Kigali. Lorsque vous voyagez dans un v\u00e9hicule de luxe, vous pouvez d\u00e9couvrir les meilleurs panoramas avec une nouvelle vue et des sourires chaleureux \u00e0 chaque coin de rue.<\/p>\n<h2>Location de voiture \u00e0 Kigali, Rwanda FAQ<\/h2>\n<h3>La p\u00e9riode la moins ch\u00e8re pour louer une voiture \u00e0 Kigali<\/h3>\n<p>Actuellement, le mois abordable pour louer une voiture avec chauffeur \u00e0 Kigali est d\u00e9cembre. La p\u00e9riode la plus ch\u00e8re pour louer une voiture est le mois de mai. Les prix changeront en fonction de l&#039;accessibilit\u00e9, de la distance \u00e0 laquelle vous r\u00e9servez votre voiture de location et, bien s\u00fbr, du type de voiture.<\/p>\n<h3>Combien de temps \u00e0 l&#039;avance dois-je louer une voiture \u00e0 Kigali \u00e0 un prix abordable ?<\/h3>\n<p>La r\u00e9servation de votre location de voiture bon march\u00e9 \u00e0 l&#039;a\u00e9roport de Kigali au Rwanda peut conserver jusqu&#039;\u00e0 quatorze pour cent sur votre r\u00e9servation. Essayez de r\u00e9server votre voiture de location au moins quatre-vingt-dix jours \u00e0 l&#039;avance pour en profiter.<\/p>\n<h3>Pourquoi louer une voiture avec chauffeur Kigali<\/h3>\n<p>Que vous pr\u00e9voyiez un petit voyage en voiture avec des amis ou une escapade d&#039;une semaine entre amis, la location de voitures priv\u00e9es Kigali propose une large gamme de flottes de voitures de luxe pour r\u00e9pondre \u00e0 diff\u00e9rents besoins de mobilit\u00e9, y compris des voitures de croisi\u00e8re terrestre personnalis\u00e9es au Rwanda, minibus , et des SUV complets, et des 4x 4 de location au Rwanda. Les v\u00e9hicules les plus vitaux, fiables, propres et bien \u00e9quip\u00e9s sont accessibles aux tarifs de location de voiture les plus bas \u00e0 Kigali Rwanda qui peuvent vous permettre de tirer le meilleur parti de vos voyages au Rwanda. Vous ne manquerez jamais un meilleur tarif \u00e0 cause de votre budget.<\/p>\n<h2>Exigences pour la location de voiture \u00e0 Kigali<\/h2>\n<p><strong>Le permis de conduire<\/strong><\/p>\n<p>Chaque conducteur doit pr\u00e9senter un permis de conduire valide, complet et r\u00e9el d\u00e9tenu depuis au moins deux ans. Si votre permis de conduire n&#039;est pas dans les bagages utilis\u00e9s dans votre pays de destination, un permis de conduire global pour accompagner votre permis de conduire national est fortement conseill\u00e9.<\/p>\n<p><strong>\u00c2ge minimum<\/strong><\/p>\n<p>Pour la plupart des soci\u00e9t\u00e9s de location de voitures \u00e0 kilom\u00e9trage illimit\u00e9 \u00e0 l&#039;a\u00e9roport de Kigali dans le monde, l&#039;\u00e2ge minimum requis est de 25 ans. Les conducteurs \u00e2g\u00e9s de 21 \u00e0 24 ans peuvent \u00eatre soumis \u00e0 des frais locaux suppl\u00e9mentaires.<\/p>\n<p><strong>Passeport ou pi\u00e8ce d&#039;identit\u00e9<\/strong><\/p>\n<p>Chaque conducteur doit pr\u00e9senter une pi\u00e8ce d&#039;identit\u00e9 avec photo ou un passeport r\u00e9el et valide.<\/p>\n<p><strong>Carte de cr\u00e9dit internationale<\/strong><\/p>\n<p>La soci\u00e9t\u00e9 de location de voitures \u00e0 Kigali est seule responsable de l&#039;approbation de la carte de cr\u00e9dit fournie. Vous pouvez aussi<br \/>\nlocation de voiture Kigali sans carte de cr\u00e9dit.<\/p>","protected":false},"excerpt":{"rendered":"<p>Cheap Car Rental in Kigali Online Booking Compare prices and do cheap car hire Kigali online now &gt;&gt; Cheap car hire in Kigali online booking made easy. Placed in Africa, Rwanda is now becoming one &nbsp;of the most attractive tourist places witnessing a rising number of explorers each year. Snuggled with a 1,000 hills, Rwanda [&hellip;]<\/p>\n","protected":false},"author":1,"featured_media":16129,"parent":0,"menu_order":0,"comment_status":"open","ping_status":"closed","template":"template-home-modern.php","meta":{"footnotes":""},"class_list":["post-11165","page","type-page","status-publish","has-post-thumbnail","hentry"],"yoast_head":"<!-- This site is optimized with the Yoast SEO plugin v27.2 - https:\/\/yoast.com\/product\/yoast-seo-wordpress\/ -->\n<title>Car Hire Kigali Rwanda - Cheap Car Rental<\/title>\n<meta name=\"description\" content=\"Looking for car hire in Kigali online booking? Compare prices and do cheap car rental in Kigali Rwanda online now\" \/>\n<meta name=\"robots\" content=\"index, follow, max-snippet:-1, max-image-preview:large, max-video-preview:-1\" \/>\n<link rel=\"canonical\" href=\"https:\/\/tiketi.com\/fr-fr\/cheap-car-hire-kigali-online\/\" \/>\n<meta property=\"og:locale\" content=\"fr_FR\" \/>\n<meta property=\"og:type\" content=\"article\" \/>\n<meta property=\"og:title\" content=\"Car Hire Kigali Rwanda - Cheap Car Rental\" \/>\n<meta property=\"og:description\" content=\"Looking for car hire in Kigali online booking? Compare prices and do cheap car rental in Kigali Rwanda online now\" \/>\n<meta property=\"og:url\" content=\"https:\/\/tiketi.com\/fr-fr\/cheap-car-hire-kigali-online\/\" \/>\n<meta property=\"og:site_name\" content=\"Tiketi.com\" \/>\n<meta property=\"article:publisher\" content=\"https:\/\/www.facebook.com\/TiketiCom\/\" \/>\n<meta property=\"article:modified_time\" content=\"2022-02-02T16:09:03+00:00\" \/>\n<meta property=\"og:image\" content=\"https:\/\/tiketi.com\/wp-content\/uploads\/2022\/02\/car-rental-4753251_1280.jpg\" \/>\n\t<meta property=\"og:image:width\" content=\"1200\" \/>\n\t<meta property=\"og:image:height\" content=\"218\" \/>\n\t<meta property=\"og:image:type\" content=\"image\/jpeg\" \/>\n<meta name=\"twitter:card\" content=\"summary_large_image\" \/>\n<meta name=\"twitter:label1\" content=\"Dur\u00e9e de lecture estim\u00e9e\" \/>\n\t<meta name=\"twitter:data1\" content=\"2 minutes\" \/>\n<script type=\"application\/ld+json\" class=\"yoast-schema-graph\">{\"@context\":\"https:\/\/schema.org\",\"@graph\":[{\"@type\":\"WebPage\",\"@id\":\"https:\/\/tiketi.com\/cheap-car-hire-kigali-online\/\",\"url\":\"https:\/\/tiketi.com\/cheap-car-hire-kigali-online\/\",\"name\":\"Car Hire Kigali Rwanda - Cheap Car Rental\",\"isPartOf\":{\"@id\":\"https:\/\/tiketi.com\/#website\"},\"primaryImageOfPage\":{\"@id\":\"https:\/\/tiketi.com\/cheap-car-hire-kigali-online\/#primaryimage\"},\"image\":{\"@id\":\"https:\/\/tiketi.com\/cheap-car-hire-kigali-online\/#primaryimage\"},\"thumbnailUrl\":\"https:\/\/tiketi.com\/wp-content\/uploads\/2022\/02\/car-rental-4753251_1280.jpg\",\"datePublished\":\"2022-01-19T11:54:18+00:00\",\"dateModified\":\"2022-02-02T16:09:03+00:00\",\"description\":\"Looking for car hire in Kigali online booking? Compare prices and do cheap car rental in Kigali Rwanda online now\",\"breadcrumb\":{\"@id\":\"https:\/\/tiketi.com\/cheap-car-hire-kigali-online\/#breadcrumb\"},\"inLanguage\":\"fr-FR\",\"potentialAction\":[{\"@type\":\"ReadAction\",\"target\":[\"https:\/\/tiketi.com\/cheap-car-hire-kigali-online\/\"]}]},{\"@type\":\"ImageObject\",\"inLanguage\":\"fr-FR\",\"@id\":\"https:\/\/tiketi.com\/cheap-car-hire-kigali-online\/#primaryimage\",\"url\":\"https:\/\/tiketi.com\/wp-content\/uploads\/2022\/02\/car-rental-4753251_1280.jpg\",\"contentUrl\":\"https:\/\/tiketi.com\/wp-content\/uploads\/2022\/02\/car-rental-4753251_1280.jpg\",\"width\":1200,\"height\":218,\"caption\":\"Car Rental\"},{\"@type\":\"BreadcrumbList\",\"@id\":\"https:\/\/tiketi.com\/cheap-car-hire-kigali-online\/#breadcrumb\",\"itemListElement\":[{\"@type\":\"ListItem\",\"position\":1,\"name\":\"Home\",\"item\":\"https:\/\/tiketi.com\/\"},{\"@type\":\"ListItem\",\"position\":2,\"name\":\"Car Hire in Kigali Rwanda &#8211; Cheap Car Rental\"}]},{\"@type\":\"WebSite\",\"@id\":\"https:\/\/tiketi.com\/#website\",\"url\":\"https:\/\/tiketi.com\/\",\"name\":\"Flight & Bus Tickets, Tour Packages & Activitites - Tiketi.com\",\"description\":\"Flight &amp; Bus Tickets, Tours, Activitites\",\"publisher\":{\"@id\":\"https:\/\/tiketi.com\/#organization\"},\"potentialAction\":[{\"@type\":\"SearchAction\",\"target\":{\"@type\":\"EntryPoint\",\"urlTemplate\":\"https:\/\/tiketi.com\/?s={search_term_string}\"},\"query-input\":{\"@type\":\"PropertyValueSpecification\",\"valueRequired\":true,\"valueName\":\"search_term_string\"}}],\"inLanguage\":\"fr-FR\"},{\"@type\":\"Organization\",\"@id\":\"https:\/\/tiketi.com\/#organization\",\"name\":\"Tiketi.com\",\"alternateName\":\"Tiketi\",\"url\":\"https:\/\/tiketi.com\/\",\"logo\":{\"@type\":\"ImageObject\",\"inLanguage\":\"fr-FR\",\"@id\":\"https:\/\/tiketi.com\/#\/schema\/logo\/image\/\",\"url\":\"https:\/\/tiketi.com\/wp-content\/uploads\/2019\/05\/tiketi-logo-696.png\",\"contentUrl\":\"https:\/\/tiketi.com\/wp-content\/uploads\/2019\/05\/tiketi-logo-696.png\",\"width\":696,\"height\":696,\"caption\":\"Tiketi.com\"},\"image\":{\"@id\":\"https:\/\/tiketi.com\/#\/schema\/logo\/image\/\"},\"sameAs\":[\"https:\/\/www.facebook.com\/TiketiCom\/\"]}]}<\/script>\n<!-- \/ Yoast SEO plugin. -->","yoast_head_json":{"title":"Location de voiture Kigali Rwanda - Location de voiture pas cher","description":"Vous cherchez une location de voiture \u00e0 Kigali r\u00e9servation en ligne? Comparez les prix et faites une location de voiture pas ch\u00e8re \u00e0 Kigali Rwanda en ligne maintenant","robots":{"index":"index","follow":"follow","max-snippet":"max-snippet:-1","max-image-preview":"max-image-preview:large","max-video-preview":"max-video-preview:-1"},"canonical":"https:\/\/tiketi.com\/fr-fr\/cheap-car-hire-kigali-online\/","og_locale":"fr_FR","og_type":"article","og_title":"Car Hire Kigali Rwanda - Cheap Car Rental","og_description":"Looking for car hire in Kigali online booking? Compare prices and do cheap car rental in Kigali Rwanda online now","og_url":"https:\/\/tiketi.com\/fr-fr\/cheap-car-hire-kigali-online\/","og_site_name":"Tiketi.com","article_publisher":"https:\/\/www.facebook.com\/TiketiCom\/","article_modified_time":"2022-02-02T16:09:03+00:00","og_image":[{"width":1200,"height":218,"url":"https:\/\/tiketi.com\/wp-content\/uploads\/2022\/02\/car-rental-4753251_1280.jpg","type":"image\/jpeg"}],"twitter_card":"summary_large_image","twitter_misc":{"Dur\u00e9e de lecture estim\u00e9e":"2 minutes"},"schema":{"@context":"https:\/\/schema.org","@graph":[{"@type":"WebPage","@id":"https:\/\/tiketi.com\/cheap-car-hire-kigali-online\/","url":"https:\/\/tiketi.com\/cheap-car-hire-kigali-online\/","name":"Location de voiture Kigali Rwanda - Location de voiture pas cher","isPartOf":{"@id":"https:\/\/tiketi.com\/#website"},"primaryImageOfPage":{"@id":"https:\/\/tiketi.com\/cheap-car-hire-kigali-online\/#primaryimage"},"image":{"@id":"https:\/\/tiketi.com\/cheap-car-hire-kigali-online\/#primaryimage"},"thumbnailUrl":"https:\/\/tiketi.com\/wp-content\/uploads\/2022\/02\/car-rental-4753251_1280.jpg","datePublished":"2022-01-19T11:54:18+00:00","dateModified":"2022-02-02T16:09:03+00:00","description":"Vous cherchez une location de voiture \u00e0 Kigali r\u00e9servation en ligne? Comparez les prix et faites une location de voiture pas ch\u00e8re \u00e0 Kigali Rwanda en ligne maintenant","breadcrumb":{"@id":"https:\/\/tiketi.com\/cheap-car-hire-kigali-online\/#breadcrumb"},"inLanguage":"fr-FR","potentialAction":[{"@type":"ReadAction","target":["https:\/\/tiketi.com\/cheap-car-hire-kigali-online\/"]}]},{"@type":"ImageObject","inLanguage":"fr-FR","@id":"https:\/\/tiketi.com\/cheap-car-hire-kigali-online\/#primaryimage","url":"https:\/\/tiketi.com\/wp-content\/uploads\/2022\/02\/car-rental-4753251_1280.jpg","contentUrl":"https:\/\/tiketi.com\/wp-content\/uploads\/2022\/02\/car-rental-4753251_1280.jpg","width":1200,"height":218,"caption":"Car Rental"},{"@type":"BreadcrumbList","@id":"https:\/\/tiketi.com\/cheap-car-hire-kigali-online\/#breadcrumb","itemListElement":[{"@type":"ListItem","position":1,"name":"Home","item":"https:\/\/tiketi.com\/"},{"@type":"ListItem","position":2,"name":"Car Hire in Kigali Rwanda &#8211; Cheap Car Rental"}]},{"@type":"WebSite","@id":"https:\/\/tiketi.com\/#website","url":"https:\/\/tiketi.com\/","name":"Billets d&#039;avion et de bus, forfaits touristiques et activit\u00e9s - Tiketi.com","description":"Billets d&#039;avion et de bus, Tours, Activit\u00e9s","publisher":{"@id":"https:\/\/tiketi.com\/#organization"},"potentialAction":[{"@type":"SearchAction","target":{"@type":"EntryPoint","urlTemplate":"https:\/\/tiketi.com\/?s={search_term_string}"},"query-input":{"@type":"PropertyValueSpecification","valueRequired":true,"valueName":"search_term_string"}}],"inLanguage":"fr-FR"},{"@type":"Organization","@id":"https:\/\/tiketi.com\/#organization","name":"Tiketi.com","alternateName":"Tiketi","url":"https:\/\/tiketi.com\/","logo":{"@type":"ImageObject","inLanguage":"fr-FR","@id":"https:\/\/tiketi.com\/#\/schema\/logo\/image\/","url":"https:\/\/tiketi.com\/wp-content\/uploads\/2019\/05\/tiketi-logo-696.png","contentUrl":"https:\/\/tiketi.com\/wp-content\/uploads\/2019\/05\/tiketi-logo-696.png","width":696,"height":696,"caption":"Tiketi.com"},"image":{"@id":"https:\/\/tiketi.com\/#\/schema\/logo\/image\/"},"sameAs":["https:\/\/www.facebook.com\/TiketiCom\/"]}]}},"_links":{"self":[{"href":"https:\/\/tiketi.com\/fr-fr\/wp-json\/wp\/v2\/pages\/11165","targetHints":{"allow":["GET"]}}],"collection":[{"href":"https:\/\/tiketi.com\/fr-fr\/wp-json\/wp\/v2\/pages"}],"about":[{"href":"https:\/\/tiketi.com\/fr-fr\/wp-json\/wp\/v2\/types\/page"}],"author":[{"embeddable":true,"href":"https:\/\/tiketi.com\/fr-fr\/wp-json\/wp\/v2\/users\/1"}],"replies":[{"embeddable":true,"href":"https:\/\/tiketi.com\/fr-fr\/wp-json\/wp\/v2\/comments?post=11165"}],"version-history":[{"count":0,"href":"https:\/\/tiketi.com\/fr-fr\/wp-json\/wp\/v2\/pages\/11165\/revisions"}],"wp:featuredmedia":[{"embeddable":true,"href":"https:\/\/tiketi.com\/fr-fr\/wp-json\/wp\/v2\/media\/16129"}],"wp:attachment":[{"href":"https:\/\/tiketi.com\/fr-fr\/wp-json\/wp\/v2\/media?parent=11165"}],"curies":[{"name":"wp","href":"https:\/\/api.w.org\/{rel}","templated":true}]}}