{"id":11168,"date":"2022-01-19T12:54:18","date_gmt":"2022-01-19T11:54:18","guid":{"rendered":"https:\/\/new.tiketi.com\/car-hire-durban-cheap-car-rental\/"},"modified":"2022-02-02T16:48:45","modified_gmt":"2022-02-02T15:48:45","slug":"cheap-car-hire-durban-online","status":"publish","type":"page","link":"https:\/\/tiketi.com\/fr-fr\/cheap-car-hire-durban-online\/","title":{"rendered":"Location de voiture \u00e0 Durban \u2013 Location de voiture pas cher"},"content":{"rendered":"<h2>Location de voiture pas cher \u00e0 Durban R\u00e9servation en ligne<\/h2>\n<h3>Comparez les prix et faites une location de voiture pas ch\u00e8re \u00e0 Durban en ligne <a href=\"https:\/\/tiketi.com\/fr-fr\/contact-us\/\">maintenant &gt;&gt;<\/a><\/h3>\n<p>Lorsque vous voyagez en vacances ou pour affaires \u00e0 Durban, vous devrez peut-\u00eatre vous d\u00e9placer en voiture et le meilleur choix est g\u00e9n\u00e9ralement d&#039;utiliser une soci\u00e9t\u00e9 de location de voitures. Ces soci\u00e9t\u00e9s de location de voitures bon march\u00e9 \u00e0 Durban sont g\u00e9n\u00e9ralement plac\u00e9es \u00e0 l&#039;a\u00e9roport ou dans les centres-villes anim\u00e9s. Pour une location de voiture pas ch\u00e8re \u00e0 Durban ou n&#039;importe o\u00f9 ailleurs en Afrique du Sud, vous pouvez r\u00e9server en ligne d\u00e8s maintenant la location de voiture priv\u00e9e la moins ch\u00e8re \u00e0 Durban.<\/p>\n<p>Lorsque vous r\u00e9servez une location de voiture \u00e0 Durban, ils fournissent g\u00e9n\u00e9ralement des produits suppl\u00e9mentaires parfaits que vous \u00eates en mesure d&#039;obtenir moyennant des frais inclus. Ceux-ci contiendront g\u00e9n\u00e9ralement le GPS, l&#039;assurance, le syst\u00e8me de divertissement et d&#039;autres choses de ce genre. Faites une r\u00e9servation en ligne de location de voiture \u00e0 Durban et \u00e9conomisez du temps et de l&#039;argent.<\/p>\n<h2>Location de voiture \u00e0 Durban FAQ<\/h2>\n<h3>Tarifs de location de voiture \u00e0 Durban<\/h3>\n<p>Vous \u00eates en mesure de louer diff\u00e9rentes voitures, car les locations de voitures s&#039;adapteront \u00e0 une vari\u00e9t\u00e9 d&#039;espaces et de budgets, ainsi que des v\u00e9hicules sp\u00e9cialis\u00e9s tels que des cabriolets, des voitures de luxe, des hybrides, des SUV ou des voitures \u00e9lectriques. Certaines soci\u00e9t\u00e9s de location de voitures avec chauffeur de Durban proposent \u00e9galement des locations de voitures en esp\u00e8ces \u00e0 Durban et dans d&#039;autres villes. Si vous recherchez une location de voiture \u00e0 Durban sans carte de cr\u00e9dit, assurez-vous de r\u00e9server \u00e0 l&#039;avance.<\/p>\n<p>Si votre budget est serr\u00e9, vous pouvez louer des voitures abordables aupr\u00e8s d&#039;entreprises qui d\u00e9tiennent des mod\u00e8les de voitures plus anciens. Ces voitures sont toujours en meilleur \u00e9tat et sont tr\u00e8s fiables.<\/p>\n<h3>R\u00e8gles et r\u00e9glementations de location de voitures \u00e0 Durban<\/h3>\n<p>Il y a des r\u00e8gles et des r\u00e8glements qui doivent \u00eatre suivis lorsque vous r\u00e9servez une location de voiture sans chauffeur en Afrique du Sud. Ceux-ci peuvent changer d&#039;une entreprise \u00e0 l&#039;autre, mais en termes g\u00e9n\u00e9raux, le v\u00e9hicule doit \u00eatre restitu\u00e9 \u00e0 l&#039;entreprise dans le m\u00eame \u00e9tat que celui dans lequel il a \u00e9t\u00e9 lou\u00e9, il ne doit pas d\u00e9passer les limites de kilom\u00e9trage.<\/p>\n<p>En mati\u00e8re d&#039;assurance, certaines entreprises ont \u00e9galement des exigences \u00e0 respecter. Souvent, la location de voiture \u00e0 Durban peut entra\u00eener des frais inclus pour l&#039;assurance, de toute fa\u00e7on, cela est g\u00e9n\u00e9ralement obligatoire et a certainement de la valeur.<\/p>\n<h3>Comment louer une voiture \u00e0 l&#039;a\u00e9roport de Durban, kilom\u00e9trage illimit\u00e9<\/h3>\n<p>Si vous recherchez une location de voiture \u00e0 Durban, vous devez toujours r\u00e9server directement sur les sites des a\u00e9roports pour r\u00e9duire les co\u00fbts. Vous pouvez r\u00e9server une location de voiture aupr\u00e8s de diverses entreprises dans diff\u00e9rentes villes. Il est essentiel de faire correspondre les prix en ligne et de r\u00e9server rapidement avant que les prix n&#039;augmentent. Vous trouverez toujours les meilleurs tarifs de location de voiture avec peu d&#039;effort. C&#039;est \u00e9galement une meilleure id\u00e9e de faire correspondre les frais de location de diff\u00e9rentes entreprises afin que vous puissiez obtenir la meilleure offre et de la bonne entreprise.<\/p>","protected":false},"excerpt":{"rendered":"<p>Cheap Car Rental in Durban Online Booking Compare prices and do cheap car hire Durban online now &gt;&gt; When you are traveling on holiday or on business in Durban you may need to drive around and usually the best choice is to use car rental firm. These cheap car hire in Durban companies are generally [&hellip;]<\/p>\n","protected":false},"author":1,"featured_media":16129,"parent":0,"menu_order":0,"comment_status":"open","ping_status":"closed","template":"template-home-modern.php","meta":{"footnotes":""},"class_list":["post-11168","page","type-page","status-publish","has-post-thumbnail","hentry"],"yoast_head":"<!-- This site is optimized with the Yoast SEO plugin v27.2 - https:\/\/yoast.com\/product\/yoast-seo-wordpress\/ -->\n<title>Car Hire Durban - Cheap Car Rental<\/title>\n<meta name=\"description\" content=\"Looking for car hire in Durban online booking? Compare prices and do cheap car rental in Durban online now\" \/>\n<meta name=\"robots\" content=\"index, follow, max-snippet:-1, max-image-preview:large, max-video-preview:-1\" \/>\n<link rel=\"canonical\" href=\"https:\/\/tiketi.com\/fr-fr\/cheap-car-hire-durban-online\/\" \/>\n<meta property=\"og:locale\" content=\"fr_FR\" \/>\n<meta property=\"og:type\" content=\"article\" \/>\n<meta property=\"og:title\" content=\"Car Hire Durban - Cheap Car Rental\" \/>\n<meta property=\"og:description\" content=\"Looking for car hire in Durban online booking? Compare prices and do cheap car rental in Durban online now\" \/>\n<meta property=\"og:url\" content=\"https:\/\/tiketi.com\/fr-fr\/cheap-car-hire-durban-online\/\" \/>\n<meta property=\"og:site_name\" content=\"Tiketi.com\" \/>\n<meta property=\"article:publisher\" content=\"https:\/\/www.facebook.com\/TiketiCom\/\" \/>\n<meta property=\"article:modified_time\" content=\"2022-02-02T15:48:45+00:00\" \/>\n<meta property=\"og:image\" content=\"https:\/\/tiketi.com\/wp-content\/uploads\/2022\/02\/car-rental-4753251_1280.jpg\" \/>\n\t<meta property=\"og:image:width\" content=\"1200\" \/>\n\t<meta property=\"og:image:height\" content=\"218\" \/>\n\t<meta property=\"og:image:type\" content=\"image\/jpeg\" \/>\n<meta name=\"twitter:card\" content=\"summary_large_image\" \/>\n<meta name=\"twitter:label1\" content=\"Dur\u00e9e de lecture estim\u00e9e\" \/>\n\t<meta name=\"twitter:data1\" content=\"2 minutes\" \/>\n<script type=\"application\/ld+json\" class=\"yoast-schema-graph\">{\"@context\":\"https:\/\/schema.org\",\"@graph\":[{\"@type\":\"WebPage\",\"@id\":\"https:\/\/tiketi.com\/sw\/cheap-car-hire-durban-online\/\",\"url\":\"https:\/\/tiketi.com\/sw\/cheap-car-hire-durban-online\/\",\"name\":\"Car Hire Durban - Cheap Car Rental\",\"isPartOf\":{\"@id\":\"https:\/\/tiketi.com\/#website\"},\"primaryImageOfPage\":{\"@id\":\"https:\/\/tiketi.com\/sw\/cheap-car-hire-durban-online\/#primaryimage\"},\"image\":{\"@id\":\"https:\/\/tiketi.com\/sw\/cheap-car-hire-durban-online\/#primaryimage\"},\"thumbnailUrl\":\"https:\/\/tiketi.com\/wp-content\/uploads\/2022\/02\/car-rental-4753251_1280.jpg\",\"datePublished\":\"2022-01-19T11:54:18+00:00\",\"dateModified\":\"2022-02-02T15:48:45+00:00\",\"description\":\"Looking for car hire in Durban online booking? Compare prices and do cheap car rental in Durban online now\",\"breadcrumb\":{\"@id\":\"https:\/\/tiketi.com\/sw\/cheap-car-hire-durban-online\/#breadcrumb\"},\"inLanguage\":\"fr-FR\",\"potentialAction\":[{\"@type\":\"ReadAction\",\"target\":[\"https:\/\/tiketi.com\/sw\/cheap-car-hire-durban-online\/\"]}]},{\"@type\":\"ImageObject\",\"inLanguage\":\"fr-FR\",\"@id\":\"https:\/\/tiketi.com\/sw\/cheap-car-hire-durban-online\/#primaryimage\",\"url\":\"https:\/\/tiketi.com\/wp-content\/uploads\/2022\/02\/car-rental-4753251_1280.jpg\",\"contentUrl\":\"https:\/\/tiketi.com\/wp-content\/uploads\/2022\/02\/car-rental-4753251_1280.jpg\",\"width\":1200,\"height\":218,\"caption\":\"Car Rental\"},{\"@type\":\"BreadcrumbList\",\"@id\":\"https:\/\/tiketi.com\/sw\/cheap-car-hire-durban-online\/#breadcrumb\",\"itemListElement\":[{\"@type\":\"ListItem\",\"position\":1,\"name\":\"Home\",\"item\":\"https:\/\/tiketi.com\/\"},{\"@type\":\"ListItem\",\"position\":2,\"name\":\"Car Hire in Durban &#8211; Cheap Car Rental\"}]},{\"@type\":\"WebSite\",\"@id\":\"https:\/\/tiketi.com\/#website\",\"url\":\"https:\/\/tiketi.com\/\",\"name\":\"Flight & Bus Tickets, Tour Packages & Activitites - Tiketi.com\",\"description\":\"Flight &amp; Bus Tickets, Tours, Activitites\",\"publisher\":{\"@id\":\"https:\/\/tiketi.com\/#organization\"},\"potentialAction\":[{\"@type\":\"SearchAction\",\"target\":{\"@type\":\"EntryPoint\",\"urlTemplate\":\"https:\/\/tiketi.com\/?s={search_term_string}\"},\"query-input\":{\"@type\":\"PropertyValueSpecification\",\"valueRequired\":true,\"valueName\":\"search_term_string\"}}],\"inLanguage\":\"fr-FR\"},{\"@type\":\"Organization\",\"@id\":\"https:\/\/tiketi.com\/#organization\",\"name\":\"Tiketi.com\",\"alternateName\":\"Tiketi\",\"url\":\"https:\/\/tiketi.com\/\",\"logo\":{\"@type\":\"ImageObject\",\"inLanguage\":\"fr-FR\",\"@id\":\"https:\/\/tiketi.com\/#\/schema\/logo\/image\/\",\"url\":\"https:\/\/tiketi.com\/wp-content\/uploads\/2019\/05\/tiketi-logo-696.png\",\"contentUrl\":\"https:\/\/tiketi.com\/wp-content\/uploads\/2019\/05\/tiketi-logo-696.png\",\"width\":696,\"height\":696,\"caption\":\"Tiketi.com\"},\"image\":{\"@id\":\"https:\/\/tiketi.com\/#\/schema\/logo\/image\/\"},\"sameAs\":[\"https:\/\/www.facebook.com\/TiketiCom\/\"]}]}<\/script>\n<!-- \/ Yoast SEO plugin. -->","yoast_head_json":{"title":"Location de voiture Durban - Location de voiture pas cher","description":"Vous recherchez une location de voiture \u00e0 Durban en r\u00e9servant en ligne? Comparez les prix et faites une location de voiture pas ch\u00e8re \u00e0 Durban en ligne maintenant","robots":{"index":"index","follow":"follow","max-snippet":"max-snippet:-1","max-image-preview":"max-image-preview:large","max-video-preview":"max-video-preview:-1"},"canonical":"https:\/\/tiketi.com\/fr-fr\/cheap-car-hire-durban-online\/","og_locale":"fr_FR","og_type":"article","og_title":"Car Hire Durban - Cheap Car Rental","og_description":"Looking for car hire in Durban online booking? Compare prices and do cheap car rental in Durban online now","og_url":"https:\/\/tiketi.com\/fr-fr\/cheap-car-hire-durban-online\/","og_site_name":"Tiketi.com","article_publisher":"https:\/\/www.facebook.com\/TiketiCom\/","article_modified_time":"2022-02-02T15:48:45+00:00","og_image":[{"width":1200,"height":218,"url":"https:\/\/tiketi.com\/wp-content\/uploads\/2022\/02\/car-rental-4753251_1280.jpg","type":"image\/jpeg"}],"twitter_card":"summary_large_image","twitter_misc":{"Dur\u00e9e de lecture estim\u00e9e":"2 minutes"},"schema":{"@context":"https:\/\/schema.org","@graph":[{"@type":"WebPage","@id":"https:\/\/tiketi.com\/sw\/cheap-car-hire-durban-online\/","url":"https:\/\/tiketi.com\/sw\/cheap-car-hire-durban-online\/","name":"Location de voiture Durban - Location de voiture pas cher","isPartOf":{"@id":"https:\/\/tiketi.com\/#website"},"primaryImageOfPage":{"@id":"https:\/\/tiketi.com\/sw\/cheap-car-hire-durban-online\/#primaryimage"},"image":{"@id":"https:\/\/tiketi.com\/sw\/cheap-car-hire-durban-online\/#primaryimage"},"thumbnailUrl":"https:\/\/tiketi.com\/wp-content\/uploads\/2022\/02\/car-rental-4753251_1280.jpg","datePublished":"2022-01-19T11:54:18+00:00","dateModified":"2022-02-02T15:48:45+00:00","description":"Vous recherchez une location de voiture \u00e0 Durban en r\u00e9servant en ligne? Comparez les prix et faites une location de voiture pas ch\u00e8re \u00e0 Durban en ligne maintenant","breadcrumb":{"@id":"https:\/\/tiketi.com\/sw\/cheap-car-hire-durban-online\/#breadcrumb"},"inLanguage":"fr-FR","potentialAction":[{"@type":"ReadAction","target":["https:\/\/tiketi.com\/sw\/cheap-car-hire-durban-online\/"]}]},{"@type":"ImageObject","inLanguage":"fr-FR","@id":"https:\/\/tiketi.com\/sw\/cheap-car-hire-durban-online\/#primaryimage","url":"https:\/\/tiketi.com\/wp-content\/uploads\/2022\/02\/car-rental-4753251_1280.jpg","contentUrl":"https:\/\/tiketi.com\/wp-content\/uploads\/2022\/02\/car-rental-4753251_1280.jpg","width":1200,"height":218,"caption":"Car Rental"},{"@type":"BreadcrumbList","@id":"https:\/\/tiketi.com\/sw\/cheap-car-hire-durban-online\/#breadcrumb","itemListElement":[{"@type":"ListItem","position":1,"name":"Home","item":"https:\/\/tiketi.com\/"},{"@type":"ListItem","position":2,"name":"Car Hire in Durban &#8211; Cheap Car Rental"}]},{"@type":"WebSite","@id":"https:\/\/tiketi.com\/#website","url":"https:\/\/tiketi.com\/","name":"Billets d&#039;avion et de bus, forfaits touristiques et activit\u00e9s - Tiketi.com","description":"Billets d&#039;avion et de bus, Tours, Activit\u00e9s","publisher":{"@id":"https:\/\/tiketi.com\/#organization"},"potentialAction":[{"@type":"SearchAction","target":{"@type":"EntryPoint","urlTemplate":"https:\/\/tiketi.com\/?s={search_term_string}"},"query-input":{"@type":"PropertyValueSpecification","valueRequired":true,"valueName":"search_term_string"}}],"inLanguage":"fr-FR"},{"@type":"Organization","@id":"https:\/\/tiketi.com\/#organization","name":"Tiketi.com","alternateName":"Tiketi","url":"https:\/\/tiketi.com\/","logo":{"@type":"ImageObject","inLanguage":"fr-FR","@id":"https:\/\/tiketi.com\/#\/schema\/logo\/image\/","url":"https:\/\/tiketi.com\/wp-content\/uploads\/2019\/05\/tiketi-logo-696.png","contentUrl":"https:\/\/tiketi.com\/wp-content\/uploads\/2019\/05\/tiketi-logo-696.png","width":696,"height":696,"caption":"Tiketi.com"},"image":{"@id":"https:\/\/tiketi.com\/#\/schema\/logo\/image\/"},"sameAs":["https:\/\/www.facebook.com\/TiketiCom\/"]}]}},"_links":{"self":[{"href":"https:\/\/tiketi.com\/fr-fr\/wp-json\/wp\/v2\/pages\/11168","targetHints":{"allow":["GET"]}}],"collection":[{"href":"https:\/\/tiketi.com\/fr-fr\/wp-json\/wp\/v2\/pages"}],"about":[{"href":"https:\/\/tiketi.com\/fr-fr\/wp-json\/wp\/v2\/types\/page"}],"author":[{"embeddable":true,"href":"https:\/\/tiketi.com\/fr-fr\/wp-json\/wp\/v2\/users\/1"}],"replies":[{"embeddable":true,"href":"https:\/\/tiketi.com\/fr-fr\/wp-json\/wp\/v2\/comments?post=11168"}],"version-history":[{"count":0,"href":"https:\/\/tiketi.com\/fr-fr\/wp-json\/wp\/v2\/pages\/11168\/revisions"}],"wp:featuredmedia":[{"embeddable":true,"href":"https:\/\/tiketi.com\/fr-fr\/wp-json\/wp\/v2\/media\/16129"}],"wp:attachment":[{"href":"https:\/\/tiketi.com\/fr-fr\/wp-json\/wp\/v2\/media?parent=11168"}],"curies":[{"name":"wp","href":"https:\/\/api.w.org\/{rel}","templated":true}]}}