{"id":11169,"date":"2022-01-19T12:54:19","date_gmt":"2022-01-19T11:54:19","guid":{"rendered":"https:\/\/new.tiketi.com\/car-hire-nairobi-cheap-car-rental\/"},"modified":"2022-02-02T17:23:09","modified_gmt":"2022-02-02T16:23:09","slug":"cheap-car-hire-nairobi-online","status":"publish","type":"page","link":"https:\/\/tiketi.com\/fr-fr\/cheap-car-hire-nairobi-online\/","title":{"rendered":"Location de voiture \u00e0 Nairobi - Location de voiture pas cher"},"content":{"rendered":"<h2>Location de voiture pas ch\u00e8re \u00e0 Nairobi R\u00e9servation en ligne<\/h2>\n<h3>Comparez et faites une location de voiture pas ch\u00e8re \u00e0 Nairobi en ligne <a href=\"https:\/\/tiketi.com\/fr-fr\/contact-us\/\">maintenant &gt;&gt;<\/a><\/h3>\n<p>Location de voiture pas ch\u00e8re \u00e0 Nairobi, r\u00e9servation en ligne simplifi\u00e9e. Avec un certain nombre d&#039;agences de location de voitures accessibles \u00e0 travers Nairobi, au Kenya, la location de voitures bon march\u00e9 \u00e0 Nairobi ne pourrait pas \u00eatre plus facile. La location de voitures priv\u00e9es \u00e0 Nairobi propose des services dans tous les grands a\u00e9roports et bureaux du centre-ville, vous permettant ainsi la chance et la libert\u00e9 d&#039;explorer le Kenya. Faites une location de voiture \u00e0 Nairobi en r\u00e9servant en ligne et \u00e9conomisez du temps et de l&#039;argent.<\/p>\n<p>Vous pouvez louer tous les types de v\u00e9hicules \u00e0 Nairobi. La location de voiture avec chauffeur \u00e0 Nairobi propose des cartes standard \u00e9conomiques, des mini-fourgonnettes familiales, des cabriolets sportifs et des VUS confortables.<\/p>\n<h2>Location de voiture \u00e0 Nairobi FAQ<\/h2>\n<h3>Ce que vous devez savoir lors de la location d&#039;une voiture \u00e0 Nairobi<\/h3>\n<p>\u2022 Vous pouvez r\u00e9cup\u00e9rer votre v\u00e9hicule dans n&#039;importe quel lieu de location de voitures \u00e0 Nairobi ou \u00e0 l&#039;a\u00e9roport.<br \/>\n\u2022 Assurez-vous de faire correspondre les offres de toutes les grandes marques de voitures de location - il y en a des dizaines parmi lesquelles choisir \u00e0 Nairobi.<br \/>\n\u2022 R\u00e9servez t\u00f4t pour obtenir la location de voiture bon march\u00e9 au meilleur prix \u00e0 Nairobi au Kenya pour votre voyage<\/p>\n<h3>Quel est le mois abordable pour louer une voiture \u00e0 Nairobi ?<\/h3>\n<p>Les prix de location de voitures \u00e0 Nairobi varient beaucoup selon la p\u00e9riode de l&#039;ann\u00e9e.<\/p>\n<p>Le meilleur mois pour louer une voiture avec chauffeur \u00e0 Nairobi est novembre (lorsque les prix pour une classe \u00e9conomique commencent \u00e0 partir de 32,75 \u20ac). C&#039;est vingt-cinq pour cent abordable que la moyenne annuelle et 69 pour cent abordable que la location en f\u00e9vrier (lorsque les prix de location commencent \u00e0 106,55 \u20ac pour une classe compacte). Sachant cela peut aider le prix le plus \u00e9lev\u00e9.<\/p>\n<h2>Conseils pour louer une voiture \u00e0 Nairobi<\/h2>\n<p>\u2022 Rejoignez un programme de r\u00e9compenses de fid\u00e9lit\u00e9 avec une entreprise de location de v\u00e9hicules autonomes au Kenya afin d&#039;obtenir des points \u00e0 utiliser pour des bonus.<br \/>\n\u2022 Recherchez des locations de voitures bon march\u00e9 \u00e0 l&#039;a\u00e9roport de Nairobi au Kenya \u00e0 l&#039;ext\u00e9rieur de l&#039;a\u00e9roport, car les prix contiennent g\u00e9n\u00e9ralement des frais de kiosque \u00e0 l&#039;a\u00e9roport.<br \/>\n\u2022 Envisagez de prendre un covoiturage ou un taxi de l&#039;a\u00e9roport \u00e0 un lieu hors site. Les frais et les taxes sont bas\u00e9s sur l&#039;endroit o\u00f9 vous r\u00e9cup\u00e9rez votre voiture de location, et non sur l&#039;endroit o\u00f9 vous la d\u00e9posez.<br \/>\n\u2022 Lorsque vous voyagez vers Nairobi, v\u00e9rifiez aupr\u00e8s de la compagnie a\u00e9rienne les programmes de r\u00e9compenses qui contiennent des r\u00e9ductions dans les agences de location de voitures.<\/p>\n<h3>Quel est l&#039;\u00e2ge requis pour louer une voiture \u00e0 Nairobi ?<\/h3>\n<p>En r\u00e8gle g\u00e9n\u00e9rale, la limite d&#039;\u00e2ge pour louer une voiture \u00e0 Nairobi est de 21\u00a0ans, comme dans le reste du pays. Quoi qu&#039;il en soit, vous devrez peut-\u00eatre payer un suppl\u00e9ment si vous avez moins de 25 ans. Assurez-vous de v\u00e9rifier les conditions du fournisseur pour d\u00e9terminer le bon tarif avant de louer votre voiture.<\/p>\n<h3>La location de voiture \u00e0 Nairobi n\u00e9cessite-t-elle une assurance automobile ?<\/h3>\n<p>Presque tous les pays ont besoin d&#039;une assurance conducteur. Vous pourrez peut-\u00eatre souscrire une assurance suppl\u00e9mentaire via la location de voiture avec chauffeur fournisseur de Nairobi, si vous pensez que votre assurance ne couvrira pas pendant votre voyage. Plusieurs cartes de cr\u00e9dit couvriront votre location de voiture, mais il peut y avoir des limites, comme ne pas couvrir les gros v\u00e9hicules comme les VUS ou les camions. Assurez-vous d&#039;appeler et de savoir quel type de location de voiture \u00e0 Nairobi sans couverture de carte de cr\u00e9dit est propos\u00e9 avant de vous rendre \u00e0 Nairobi.<\/p>","protected":false},"excerpt":{"rendered":"<p>Cheap Car Rental in Nairobi Online Booking Compare and do cheap car hire Nairobi online now &gt;&gt; Cheap car hire in Nairobi online booking made easy. With a number of car hire locations accessible throughout Nairobi, Kenya, cheap car rental Nairobi could not be easier. Private car rental Nairobi offer services in all big airports [&hellip;]<\/p>\n","protected":false},"author":1,"featured_media":16129,"parent":0,"menu_order":0,"comment_status":"open","ping_status":"closed","template":"template-home-modern.php","meta":{"footnotes":""},"class_list":["post-11169","page","type-page","status-publish","has-post-thumbnail","hentry"],"yoast_head":"<!-- This site is optimized with the Yoast SEO plugin v27.2 - https:\/\/yoast.com\/product\/yoast-seo-wordpress\/ -->\n<title>Car Hire in Nairobi - Cheap Car Rental<\/title>\n<meta name=\"description\" content=\"Looking for car hire in Nairobi online booking? Compare prices and do cheap car rental in Nairobi, Kenya online now\" \/>\n<meta name=\"robots\" content=\"index, follow, max-snippet:-1, max-image-preview:large, max-video-preview:-1\" \/>\n<link rel=\"canonical\" href=\"https:\/\/tiketi.com\/fr-fr\/cheap-car-hire-nairobi-online\/\" \/>\n<meta property=\"og:locale\" content=\"fr_FR\" \/>\n<meta property=\"og:type\" content=\"article\" \/>\n<meta property=\"og:title\" content=\"Car Hire in Nairobi - Cheap Car Rental\" \/>\n<meta property=\"og:description\" content=\"Looking for car hire in Nairobi online booking? Compare prices and do cheap car rental in Nairobi, Kenya online now\" \/>\n<meta property=\"og:url\" content=\"https:\/\/tiketi.com\/fr-fr\/cheap-car-hire-nairobi-online\/\" \/>\n<meta property=\"og:site_name\" content=\"Tiketi.com\" \/>\n<meta property=\"article:publisher\" content=\"https:\/\/www.facebook.com\/TiketiCom\/\" \/>\n<meta property=\"article:modified_time\" content=\"2022-02-02T16:23:09+00:00\" \/>\n<meta property=\"og:image\" content=\"https:\/\/tiketi.com\/wp-content\/uploads\/2022\/02\/car-rental-4753251_1280.jpg\" \/>\n\t<meta property=\"og:image:width\" content=\"1200\" \/>\n\t<meta property=\"og:image:height\" content=\"218\" \/>\n\t<meta property=\"og:image:type\" content=\"image\/jpeg\" \/>\n<meta name=\"twitter:card\" content=\"summary_large_image\" \/>\n<meta name=\"twitter:label1\" content=\"Dur\u00e9e de lecture estim\u00e9e\" \/>\n\t<meta name=\"twitter:data1\" content=\"3 minutes\" \/>\n<script type=\"application\/ld+json\" class=\"yoast-schema-graph\">{\"@context\":\"https:\/\/schema.org\",\"@graph\":[{\"@type\":\"WebPage\",\"@id\":\"https:\/\/tiketi.com\/cheap-car-hire-nairobi-online\/\",\"url\":\"https:\/\/tiketi.com\/cheap-car-hire-nairobi-online\/\",\"name\":\"Car Hire in Nairobi - Cheap Car Rental\",\"isPartOf\":{\"@id\":\"https:\/\/tiketi.com\/#website\"},\"primaryImageOfPage\":{\"@id\":\"https:\/\/tiketi.com\/cheap-car-hire-nairobi-online\/#primaryimage\"},\"image\":{\"@id\":\"https:\/\/tiketi.com\/cheap-car-hire-nairobi-online\/#primaryimage\"},\"thumbnailUrl\":\"https:\/\/tiketi.com\/wp-content\/uploads\/2022\/02\/car-rental-4753251_1280.jpg\",\"datePublished\":\"2022-01-19T11:54:19+00:00\",\"dateModified\":\"2022-02-02T16:23:09+00:00\",\"description\":\"Looking for car hire in Nairobi online booking? Compare prices and do cheap car rental in Nairobi, Kenya online now\",\"breadcrumb\":{\"@id\":\"https:\/\/tiketi.com\/cheap-car-hire-nairobi-online\/#breadcrumb\"},\"inLanguage\":\"fr-FR\",\"potentialAction\":[{\"@type\":\"ReadAction\",\"target\":[\"https:\/\/tiketi.com\/cheap-car-hire-nairobi-online\/\"]}]},{\"@type\":\"ImageObject\",\"inLanguage\":\"fr-FR\",\"@id\":\"https:\/\/tiketi.com\/cheap-car-hire-nairobi-online\/#primaryimage\",\"url\":\"https:\/\/tiketi.com\/wp-content\/uploads\/2022\/02\/car-rental-4753251_1280.jpg\",\"contentUrl\":\"https:\/\/tiketi.com\/wp-content\/uploads\/2022\/02\/car-rental-4753251_1280.jpg\",\"width\":1200,\"height\":218,\"caption\":\"Car Rental\"},{\"@type\":\"BreadcrumbList\",\"@id\":\"https:\/\/tiketi.com\/cheap-car-hire-nairobi-online\/#breadcrumb\",\"itemListElement\":[{\"@type\":\"ListItem\",\"position\":1,\"name\":\"Home\",\"item\":\"https:\/\/tiketi.com\/\"},{\"@type\":\"ListItem\",\"position\":2,\"name\":\"Car Hire in Nairobi &#8211; Cheap Car Rental\"}]},{\"@type\":\"WebSite\",\"@id\":\"https:\/\/tiketi.com\/#website\",\"url\":\"https:\/\/tiketi.com\/\",\"name\":\"Flight & Bus Tickets, Tour Packages & Activitites - Tiketi.com\",\"description\":\"Flight &amp; Bus Tickets, Tours, Activitites\",\"publisher\":{\"@id\":\"https:\/\/tiketi.com\/#organization\"},\"potentialAction\":[{\"@type\":\"SearchAction\",\"target\":{\"@type\":\"EntryPoint\",\"urlTemplate\":\"https:\/\/tiketi.com\/?s={search_term_string}\"},\"query-input\":{\"@type\":\"PropertyValueSpecification\",\"valueRequired\":true,\"valueName\":\"search_term_string\"}}],\"inLanguage\":\"fr-FR\"},{\"@type\":\"Organization\",\"@id\":\"https:\/\/tiketi.com\/#organization\",\"name\":\"Tiketi.com\",\"alternateName\":\"Tiketi\",\"url\":\"https:\/\/tiketi.com\/\",\"logo\":{\"@type\":\"ImageObject\",\"inLanguage\":\"fr-FR\",\"@id\":\"https:\/\/tiketi.com\/#\/schema\/logo\/image\/\",\"url\":\"https:\/\/tiketi.com\/wp-content\/uploads\/2019\/05\/tiketi-logo-696.png\",\"contentUrl\":\"https:\/\/tiketi.com\/wp-content\/uploads\/2019\/05\/tiketi-logo-696.png\",\"width\":696,\"height\":696,\"caption\":\"Tiketi.com\"},\"image\":{\"@id\":\"https:\/\/tiketi.com\/#\/schema\/logo\/image\/\"},\"sameAs\":[\"https:\/\/www.facebook.com\/TiketiCom\/\"]}]}<\/script>\n<!-- \/ Yoast SEO plugin. -->","yoast_head_json":{"title":"Location de voiture \u00e0 Nairobi - Location de voiture pas cher","description":"Vous recherchez une location de voiture \u00e0 Nairobi en r\u00e9servant en ligne? Comparez les prix et faites une location de voiture pas ch\u00e8re \u00e0 Nairobi, Kenya en ligne maintenant","robots":{"index":"index","follow":"follow","max-snippet":"max-snippet:-1","max-image-preview":"max-image-preview:large","max-video-preview":"max-video-preview:-1"},"canonical":"https:\/\/tiketi.com\/fr-fr\/cheap-car-hire-nairobi-online\/","og_locale":"fr_FR","og_type":"article","og_title":"Car Hire in Nairobi - Cheap Car Rental","og_description":"Looking for car hire in Nairobi online booking? Compare prices and do cheap car rental in Nairobi, Kenya online now","og_url":"https:\/\/tiketi.com\/fr-fr\/cheap-car-hire-nairobi-online\/","og_site_name":"Tiketi.com","article_publisher":"https:\/\/www.facebook.com\/TiketiCom\/","article_modified_time":"2022-02-02T16:23:09+00:00","og_image":[{"width":1200,"height":218,"url":"https:\/\/tiketi.com\/wp-content\/uploads\/2022\/02\/car-rental-4753251_1280.jpg","type":"image\/jpeg"}],"twitter_card":"summary_large_image","twitter_misc":{"Dur\u00e9e de lecture estim\u00e9e":"3 minutes"},"schema":{"@context":"https:\/\/schema.org","@graph":[{"@type":"WebPage","@id":"https:\/\/tiketi.com\/cheap-car-hire-nairobi-online\/","url":"https:\/\/tiketi.com\/cheap-car-hire-nairobi-online\/","name":"Location de voiture \u00e0 Nairobi - Location de voiture pas cher","isPartOf":{"@id":"https:\/\/tiketi.com\/#website"},"primaryImageOfPage":{"@id":"https:\/\/tiketi.com\/cheap-car-hire-nairobi-online\/#primaryimage"},"image":{"@id":"https:\/\/tiketi.com\/cheap-car-hire-nairobi-online\/#primaryimage"},"thumbnailUrl":"https:\/\/tiketi.com\/wp-content\/uploads\/2022\/02\/car-rental-4753251_1280.jpg","datePublished":"2022-01-19T11:54:19+00:00","dateModified":"2022-02-02T16:23:09+00:00","description":"Vous recherchez une location de voiture \u00e0 Nairobi en r\u00e9servant en ligne? Comparez les prix et faites une location de voiture pas ch\u00e8re \u00e0 Nairobi, Kenya en ligne maintenant","breadcrumb":{"@id":"https:\/\/tiketi.com\/cheap-car-hire-nairobi-online\/#breadcrumb"},"inLanguage":"fr-FR","potentialAction":[{"@type":"ReadAction","target":["https:\/\/tiketi.com\/cheap-car-hire-nairobi-online\/"]}]},{"@type":"ImageObject","inLanguage":"fr-FR","@id":"https:\/\/tiketi.com\/cheap-car-hire-nairobi-online\/#primaryimage","url":"https:\/\/tiketi.com\/wp-content\/uploads\/2022\/02\/car-rental-4753251_1280.jpg","contentUrl":"https:\/\/tiketi.com\/wp-content\/uploads\/2022\/02\/car-rental-4753251_1280.jpg","width":1200,"height":218,"caption":"Car Rental"},{"@type":"BreadcrumbList","@id":"https:\/\/tiketi.com\/cheap-car-hire-nairobi-online\/#breadcrumb","itemListElement":[{"@type":"ListItem","position":1,"name":"Home","item":"https:\/\/tiketi.com\/"},{"@type":"ListItem","position":2,"name":"Car Hire in Nairobi &#8211; Cheap Car Rental"}]},{"@type":"WebSite","@id":"https:\/\/tiketi.com\/#website","url":"https:\/\/tiketi.com\/","name":"Billets d&#039;avion et de bus, forfaits touristiques et activit\u00e9s - Tiketi.com","description":"Billets d&#039;avion et de bus, Tours, Activit\u00e9s","publisher":{"@id":"https:\/\/tiketi.com\/#organization"},"potentialAction":[{"@type":"SearchAction","target":{"@type":"EntryPoint","urlTemplate":"https:\/\/tiketi.com\/?s={search_term_string}"},"query-input":{"@type":"PropertyValueSpecification","valueRequired":true,"valueName":"search_term_string"}}],"inLanguage":"fr-FR"},{"@type":"Organization","@id":"https:\/\/tiketi.com\/#organization","name":"Tiketi.com","alternateName":"Tiketi","url":"https:\/\/tiketi.com\/","logo":{"@type":"ImageObject","inLanguage":"fr-FR","@id":"https:\/\/tiketi.com\/#\/schema\/logo\/image\/","url":"https:\/\/tiketi.com\/wp-content\/uploads\/2019\/05\/tiketi-logo-696.png","contentUrl":"https:\/\/tiketi.com\/wp-content\/uploads\/2019\/05\/tiketi-logo-696.png","width":696,"height":696,"caption":"Tiketi.com"},"image":{"@id":"https:\/\/tiketi.com\/#\/schema\/logo\/image\/"},"sameAs":["https:\/\/www.facebook.com\/TiketiCom\/"]}]}},"_links":{"self":[{"href":"https:\/\/tiketi.com\/fr-fr\/wp-json\/wp\/v2\/pages\/11169","targetHints":{"allow":["GET"]}}],"collection":[{"href":"https:\/\/tiketi.com\/fr-fr\/wp-json\/wp\/v2\/pages"}],"about":[{"href":"https:\/\/tiketi.com\/fr-fr\/wp-json\/wp\/v2\/types\/page"}],"author":[{"embeddable":true,"href":"https:\/\/tiketi.com\/fr-fr\/wp-json\/wp\/v2\/users\/1"}],"replies":[{"embeddable":true,"href":"https:\/\/tiketi.com\/fr-fr\/wp-json\/wp\/v2\/comments?post=11169"}],"version-history":[{"count":0,"href":"https:\/\/tiketi.com\/fr-fr\/wp-json\/wp\/v2\/pages\/11169\/revisions"}],"wp:featuredmedia":[{"embeddable":true,"href":"https:\/\/tiketi.com\/fr-fr\/wp-json\/wp\/v2\/media\/16129"}],"wp:attachment":[{"href":"https:\/\/tiketi.com\/fr-fr\/wp-json\/wp\/v2\/media?parent=11169"}],"curies":[{"name":"wp","href":"https:\/\/api.w.org\/{rel}","templated":true}]}}