{"id":11171,"date":"2022-01-19T12:54:19","date_gmt":"2022-01-19T11:54:19","guid":{"rendered":"https:\/\/new.tiketi.com\/car-hire-cape-town-south-africa-cheap-car-rental\/"},"modified":"2022-02-01T17:26:23","modified_gmt":"2022-02-01T16:26:23","slug":"cheap-car-hire-cape-town-online","status":"publish","type":"page","link":"https:\/\/tiketi.com\/fr-fr\/cheap-car-hire-cape-town-online\/","title":{"rendered":"Location de voiture Cape Town Afrique du Sud \u2013 Location de voiture pas cher"},"content":{"rendered":"<h2>Location de voiture pas cher au Cap R\u00e9servation en ligne<\/h2>\n<h3>Comparez et faites une location de voiture pas ch\u00e8re Le Cap en ligne <a href=\"https:\/\/tiketi.com\/fr-fr\/contact-us\/\">maintenant &gt;&gt;<\/a><\/h3>\n<p>Location de voiture pas cher Le Cap La r\u00e9servation en ligne simplifi\u00e9e. Les transports en commun autour du Cap sont assez limit\u00e9s. Pour cette raison, il sera plus parfait pour vous de louer une voiture pas cher \u00e0 l&#039;a\u00e9roport de Cape Town en Afrique du Sud pendant votre s\u00e9jour. Avoir une voiture de location vous permettra de visiter des endroits incroyables tels que le Groote Post Country Market, la r\u00e9serve naturelle De Hoop et Table Mountain, o\u00f9 vous pourrez faire de la randonn\u00e9e et profiter d&#039;une grande vari\u00e9t\u00e9 d&#039;activit\u00e9s en plein air. Faites une r\u00e9servation en ligne de location de voiture au Cap et \u00e9conomisez du temps et de l&#039;argent.<\/p>\n<h2>Location de voiture Le Cap, Afrique du Sud FAQ<\/h2>\n<h3>Comment puis-je trouver les meilleures offres de location de voitures bon march\u00e9 \u00e0 l&#039;a\u00e9roport de Cape Town en Afrique du Sud ?<\/h3>\n<p>Les soci\u00e9t\u00e9s de location fournissent leurs voitures \u00e0 l&#039;a\u00e9roport lui-m\u00eame, vous offrant le plus simple possible pour commencer vos vacances.<\/p>\n<p>Vous verrez g\u00e9n\u00e9ralement des voitures avec des conducteurs suppl\u00e9mentaires gratuits, une assurance-collision ou un GPS inclus dans le prix, vous offrant le meilleur rapport qualit\u00e9-prix. La location de voiture sans chauffeur en Afrique du Sud vous indique r\u00e9ellement ce qui est ajout\u00e9 au prix, de sorte que vous savez exactement ce que vous obtenez pour votre argent, ce qui signifie qu&#039;il n&#039;y a pas de mauvaises surprises lorsque vous arrivez au comptoir de location.<\/p>\n<p>Beaucoup de gens h\u00e9sitent sur les frais cach\u00e9s lors de la location d&#039;une voiture, mais en r\u00e9servant une location de voiture safari Le Cap avec une politique de carburant compl\u00e8te, vous rejeterez les frais de carburant suppl\u00e9mentaires. Tout ce que vous avez \u00e0 faire est de remplir le r\u00e9servoir juste avant la fin de votre location et vous n&#039;aurez pas \u00e0 faire face \u00e0 des frais de carburant suppl\u00e9mentaires lorsque vous restituerez la voiture.<\/p>\n<h3>Quels choix de location de voiture priv\u00e9e Le Cap y a-t-il \u00e0 louer \u00e0 l&#039;a\u00e9roport ?<\/h3>\n<p>Il existe des voitures de location pour r\u00e9pondre \u00e0 tous vos besoins \u00e0 l&#039;a\u00e9roport du Cap, que vous voyagiez seul, en famille ou en grand groupe.<\/p>\n<p>Des voitures \u00e9conomiques aux mini-voitures en passant par les VUS et les monospaces spacieux, vous avez le choix entre plusieurs groupes de voitures. Si vous voulez conduire avec style, envisagez une location de voiture de luxe avec chauffeur Cape Town (quelque chose comme Mercedes Benz Classe E, par exemple).<\/p>\n<h2>Conseils pour la location de voiture \u00e0 l&#039;a\u00e9roport du Cap, kilom\u00e9trage illimit\u00e9<\/h2>\n<p>\u2022 Vous pouvez rejoindre le centre-ville en une vingtaine de minutes. Le moyen le plus direct d&#039;acc\u00e9der au centre consiste \u00e0 emprunter le chemin des colons en quittant l&#039;a\u00e9roport.<\/p>\n<p>\u2022 R\u00e9servez votre voiture au Cap sans carte de cr\u00e9dit aussi longtemps \u00e0 l&#039;avance que facile. Plus vous attendez, plus les prix sont susceptibles d&#039;augmenter.<\/p>\n<p>\u2022 Si vous voyagez de d\u00e9cembre \u00e0 f\u00e9vrier (la saison des mois chauds au Cap), assurez-vous que votre voiture de location est climatis\u00e9e pour vous garder au frais et vous d\u00e9tendre dans la chaleur.<\/p>\n<p>\u2022 Si vous ne souhaitez pas conduire un v\u00e9hicule manuel, il existe une gamme de v\u00e9hicules m\u00e9caniques parmi lesquels choisir.<\/p>","protected":false},"excerpt":{"rendered":"<p>Cheap Car Rental Cape Town Online Booking Compare and do cheap car hire Cape Town online now &gt;&gt; Cheap car hire Cape Town online booking made easy.\u00a0Public transportation around Cape Town is pretty limited. For this reason it will be more perfect for you to cheap car rental Cape Town airport South Africa during your [&hellip;]<\/p>\n","protected":false},"author":1,"featured_media":16129,"parent":0,"menu_order":0,"comment_status":"open","ping_status":"closed","template":"template-home-modern.php","meta":{"footnotes":""},"class_list":["post-11171","page","type-page","status-publish","has-post-thumbnail","hentry"],"yoast_head":"<!-- This site is optimized with the Yoast SEO plugin v27.3 - https:\/\/yoast.com\/product\/yoast-seo-wordpress\/ -->\n<title>Car Hire Cape Town South Africa - Cheap Car Rental<\/title>\n<meta name=\"description\" content=\"Looking for car hire Cape Town South Africa online booking app? Search, compare and do cheap car rental Cape Town online now\" \/>\n<meta name=\"robots\" content=\"index, follow, max-snippet:-1, max-image-preview:large, max-video-preview:-1\" \/>\n<link rel=\"canonical\" href=\"https:\/\/tiketi.com\/fr-fr\/cheap-car-hire-cape-town-online\/\" \/>\n<meta property=\"og:locale\" content=\"fr_FR\" \/>\n<meta property=\"og:type\" content=\"article\" \/>\n<meta property=\"og:title\" content=\"Car Hire Cape Town South Africa - Cheap Car Rental\" \/>\n<meta property=\"og:description\" content=\"Looking for car hire Cape Town South Africa online booking app? Search, compare and do cheap car rental Cape Town online now\" \/>\n<meta property=\"og:url\" content=\"https:\/\/tiketi.com\/fr-fr\/cheap-car-hire-cape-town-online\/\" \/>\n<meta property=\"og:site_name\" content=\"Tiketi.com\" \/>\n<meta property=\"article:publisher\" content=\"https:\/\/www.facebook.com\/TiketiCom\/\" \/>\n<meta property=\"article:modified_time\" content=\"2022-02-01T16:26:23+00:00\" \/>\n<meta property=\"og:image\" content=\"https:\/\/tiketi.com\/wp-content\/uploads\/2022\/02\/car-rental-4753251_1280.jpg\" \/>\n\t<meta property=\"og:image:width\" content=\"1200\" \/>\n\t<meta property=\"og:image:height\" content=\"218\" \/>\n\t<meta property=\"og:image:type\" content=\"image\/jpeg\" \/>\n<meta name=\"twitter:card\" content=\"summary_large_image\" \/>\n<meta name=\"twitter:label1\" content=\"Dur\u00e9e de lecture estim\u00e9e\" \/>\n\t<meta name=\"twitter:data1\" content=\"3 minutes\" \/>\n<script type=\"application\/ld+json\" class=\"yoast-schema-graph\">{\"@context\":\"https:\\\/\\\/schema.org\",\"@graph\":[{\"@type\":\"WebPage\",\"@id\":\"https:\\\/\\\/tiketi.com\\\/cheap-car-hire-cape-town-online\\\/\",\"url\":\"https:\\\/\\\/tiketi.com\\\/cheap-car-hire-cape-town-online\\\/\",\"name\":\"Car Hire Cape Town South Africa - Cheap Car Rental\",\"isPartOf\":{\"@id\":\"https:\\\/\\\/tiketi.com\\\/#website\"},\"primaryImageOfPage\":{\"@id\":\"https:\\\/\\\/tiketi.com\\\/cheap-car-hire-cape-town-online\\\/#primaryimage\"},\"image\":{\"@id\":\"https:\\\/\\\/tiketi.com\\\/cheap-car-hire-cape-town-online\\\/#primaryimage\"},\"thumbnailUrl\":\"https:\\\/\\\/tiketi.com\\\/wp-content\\\/uploads\\\/2022\\\/02\\\/car-rental-4753251_1280.jpg\",\"datePublished\":\"2022-01-19T11:54:19+00:00\",\"dateModified\":\"2022-02-01T16:26:23+00:00\",\"description\":\"Looking for car hire Cape Town South Africa online booking app? Search, compare and do cheap car rental Cape Town online now\",\"breadcrumb\":{\"@id\":\"https:\\\/\\\/tiketi.com\\\/cheap-car-hire-cape-town-online\\\/#breadcrumb\"},\"inLanguage\":\"fr-FR\",\"potentialAction\":[{\"@type\":\"ReadAction\",\"target\":[\"https:\\\/\\\/tiketi.com\\\/cheap-car-hire-cape-town-online\\\/\"]}]},{\"@type\":\"ImageObject\",\"inLanguage\":\"fr-FR\",\"@id\":\"https:\\\/\\\/tiketi.com\\\/cheap-car-hire-cape-town-online\\\/#primaryimage\",\"url\":\"https:\\\/\\\/tiketi.com\\\/wp-content\\\/uploads\\\/2022\\\/02\\\/car-rental-4753251_1280.jpg\",\"contentUrl\":\"https:\\\/\\\/tiketi.com\\\/wp-content\\\/uploads\\\/2022\\\/02\\\/car-rental-4753251_1280.jpg\",\"width\":1200,\"height\":218,\"caption\":\"Car Rental\"},{\"@type\":\"BreadcrumbList\",\"@id\":\"https:\\\/\\\/tiketi.com\\\/cheap-car-hire-cape-town-online\\\/#breadcrumb\",\"itemListElement\":[{\"@type\":\"ListItem\",\"position\":1,\"name\":\"Home\",\"item\":\"https:\\\/\\\/tiketi.com\\\/\"},{\"@type\":\"ListItem\",\"position\":2,\"name\":\"Car Hire Cape Town South Africa &#8211; Cheap Car Rental\"}]},{\"@type\":\"WebSite\",\"@id\":\"https:\\\/\\\/tiketi.com\\\/#website\",\"url\":\"https:\\\/\\\/tiketi.com\\\/\",\"name\":\"Flight & Bus Tickets, Tour Packages & Activitites - Tiketi.com\",\"description\":\"Flight &amp; Bus Tickets, Tours, Activitites\",\"publisher\":{\"@id\":\"https:\\\/\\\/tiketi.com\\\/#organization\"},\"potentialAction\":[{\"@type\":\"SearchAction\",\"target\":{\"@type\":\"EntryPoint\",\"urlTemplate\":\"https:\\\/\\\/tiketi.com\\\/?s={search_term_string}\"},\"query-input\":{\"@type\":\"PropertyValueSpecification\",\"valueRequired\":true,\"valueName\":\"search_term_string\"}}],\"inLanguage\":\"fr-FR\"},{\"@type\":\"Organization\",\"@id\":\"https:\\\/\\\/tiketi.com\\\/#organization\",\"name\":\"Tiketi.com\",\"alternateName\":\"Tiketi\",\"url\":\"https:\\\/\\\/tiketi.com\\\/\",\"logo\":{\"@type\":\"ImageObject\",\"inLanguage\":\"fr-FR\",\"@id\":\"https:\\\/\\\/tiketi.com\\\/#\\\/schema\\\/logo\\\/image\\\/\",\"url\":\"https:\\\/\\\/tiketi.com\\\/wp-content\\\/uploads\\\/2019\\\/05\\\/tiketi-logo-696.png\",\"contentUrl\":\"https:\\\/\\\/tiketi.com\\\/wp-content\\\/uploads\\\/2019\\\/05\\\/tiketi-logo-696.png\",\"width\":696,\"height\":696,\"caption\":\"Tiketi.com\"},\"image\":{\"@id\":\"https:\\\/\\\/tiketi.com\\\/#\\\/schema\\\/logo\\\/image\\\/\"},\"sameAs\":[\"https:\\\/\\\/www.facebook.com\\\/TiketiCom\\\/\"]}]}<\/script>\n<!-- \/ Yoast SEO plugin. -->","yoast_head_json":{"title":"Location de voiture Cape Town Afrique du Sud - Location de voiture pas cher","description":"Vous recherchez une application de r\u00e9servation en ligne de location de voitures \u00e0 Cape Town en Afrique du Sud ? Recherchez, comparez et faites une location de voiture pas ch\u00e8re \u00e0 Le Cap en ligne maintenant","robots":{"index":"index","follow":"follow","max-snippet":"max-snippet:-1","max-image-preview":"max-image-preview:large","max-video-preview":"max-video-preview:-1"},"canonical":"https:\/\/tiketi.com\/fr-fr\/cheap-car-hire-cape-town-online\/","og_locale":"fr_FR","og_type":"article","og_title":"Car Hire Cape Town South Africa - Cheap Car Rental","og_description":"Looking for car hire Cape Town South Africa online booking app? Search, compare and do cheap car rental Cape Town online now","og_url":"https:\/\/tiketi.com\/fr-fr\/cheap-car-hire-cape-town-online\/","og_site_name":"Tiketi.com","article_publisher":"https:\/\/www.facebook.com\/TiketiCom\/","article_modified_time":"2022-02-01T16:26:23+00:00","og_image":[{"width":1200,"height":218,"url":"https:\/\/tiketi.com\/wp-content\/uploads\/2022\/02\/car-rental-4753251_1280.jpg","type":"image\/jpeg"}],"twitter_card":"summary_large_image","twitter_misc":{"Dur\u00e9e de lecture estim\u00e9e":"3 minutes"},"schema":{"@context":"https:\/\/schema.org","@graph":[{"@type":"WebPage","@id":"https:\/\/tiketi.com\/cheap-car-hire-cape-town-online\/","url":"https:\/\/tiketi.com\/cheap-car-hire-cape-town-online\/","name":"Location de voiture Cape Town Afrique du Sud - Location de voiture pas cher","isPartOf":{"@id":"https:\/\/tiketi.com\/#website"},"primaryImageOfPage":{"@id":"https:\/\/tiketi.com\/cheap-car-hire-cape-town-online\/#primaryimage"},"image":{"@id":"https:\/\/tiketi.com\/cheap-car-hire-cape-town-online\/#primaryimage"},"thumbnailUrl":"https:\/\/tiketi.com\/wp-content\/uploads\/2022\/02\/car-rental-4753251_1280.jpg","datePublished":"2022-01-19T11:54:19+00:00","dateModified":"2022-02-01T16:26:23+00:00","description":"Vous recherchez une application de r\u00e9servation en ligne de location de voitures \u00e0 Cape Town en Afrique du Sud ? Recherchez, comparez et faites une location de voiture pas ch\u00e8re \u00e0 Le Cap en ligne maintenant","breadcrumb":{"@id":"https:\/\/tiketi.com\/cheap-car-hire-cape-town-online\/#breadcrumb"},"inLanguage":"fr-FR","potentialAction":[{"@type":"ReadAction","target":["https:\/\/tiketi.com\/cheap-car-hire-cape-town-online\/"]}]},{"@type":"ImageObject","inLanguage":"fr-FR","@id":"https:\/\/tiketi.com\/cheap-car-hire-cape-town-online\/#primaryimage","url":"https:\/\/tiketi.com\/wp-content\/uploads\/2022\/02\/car-rental-4753251_1280.jpg","contentUrl":"https:\/\/tiketi.com\/wp-content\/uploads\/2022\/02\/car-rental-4753251_1280.jpg","width":1200,"height":218,"caption":"Car Rental"},{"@type":"BreadcrumbList","@id":"https:\/\/tiketi.com\/cheap-car-hire-cape-town-online\/#breadcrumb","itemListElement":[{"@type":"ListItem","position":1,"name":"Home","item":"https:\/\/tiketi.com\/"},{"@type":"ListItem","position":2,"name":"Car Hire Cape Town South Africa &#8211; Cheap Car Rental"}]},{"@type":"WebSite","@id":"https:\/\/tiketi.com\/#website","url":"https:\/\/tiketi.com\/","name":"Billets d&#039;avion et de bus, forfaits touristiques et activit\u00e9s - Tiketi.com","description":"Billets d&#039;avion et de bus, Tours, Activit\u00e9s","publisher":{"@id":"https:\/\/tiketi.com\/#organization"},"potentialAction":[{"@type":"SearchAction","target":{"@type":"EntryPoint","urlTemplate":"https:\/\/tiketi.com\/?s={search_term_string}"},"query-input":{"@type":"PropertyValueSpecification","valueRequired":true,"valueName":"search_term_string"}}],"inLanguage":"fr-FR"},{"@type":"Organization","@id":"https:\/\/tiketi.com\/#organization","name":"Tiketi.com","alternateName":"Tiketi","url":"https:\/\/tiketi.com\/","logo":{"@type":"ImageObject","inLanguage":"fr-FR","@id":"https:\/\/tiketi.com\/#\/schema\/logo\/image\/","url":"https:\/\/tiketi.com\/wp-content\/uploads\/2019\/05\/tiketi-logo-696.png","contentUrl":"https:\/\/tiketi.com\/wp-content\/uploads\/2019\/05\/tiketi-logo-696.png","width":696,"height":696,"caption":"Tiketi.com"},"image":{"@id":"https:\/\/tiketi.com\/#\/schema\/logo\/image\/"},"sameAs":["https:\/\/www.facebook.com\/TiketiCom\/"]}]}},"_links":{"self":[{"href":"https:\/\/tiketi.com\/fr-fr\/wp-json\/wp\/v2\/pages\/11171","targetHints":{"allow":["GET"]}}],"collection":[{"href":"https:\/\/tiketi.com\/fr-fr\/wp-json\/wp\/v2\/pages"}],"about":[{"href":"https:\/\/tiketi.com\/fr-fr\/wp-json\/wp\/v2\/types\/page"}],"author":[{"embeddable":true,"href":"https:\/\/tiketi.com\/fr-fr\/wp-json\/wp\/v2\/users\/1"}],"replies":[{"embeddable":true,"href":"https:\/\/tiketi.com\/fr-fr\/wp-json\/wp\/v2\/comments?post=11171"}],"version-history":[{"count":0,"href":"https:\/\/tiketi.com\/fr-fr\/wp-json\/wp\/v2\/pages\/11171\/revisions"}],"wp:featuredmedia":[{"embeddable":true,"href":"https:\/\/tiketi.com\/fr-fr\/wp-json\/wp\/v2\/media\/16129"}],"wp:attachment":[{"href":"https:\/\/tiketi.com\/fr-fr\/wp-json\/wp\/v2\/media?parent=11171"}],"curies":[{"name":"wp","href":"https:\/\/api.w.org\/{rel}","templated":true}]}}