{"id":11174,"date":"2022-01-19T12:54:19","date_gmt":"2022-01-19T11:54:19","guid":{"rendered":"https:\/\/new.tiketi.com\/parcel-delivery-in-uganda-express-courier-shipping-services\/"},"modified":"2022-02-18T23:05:58","modified_gmt":"2022-02-18T22:05:58","slug":"express-courier-parcel-delivery-uganda","status":"publish","type":"page","link":"https:\/\/tiketi.com\/fr-fr\/express-courier-parcel-delivery-uganda\/","title":{"rendered":"Livraison de colis en Ouganda - Services de messagerie express et d&#039;exp\u00e9dition"},"content":{"rendered":"<h2>Service de livraison de colis bon march\u00e9 en Ouganda R\u00e9servation en ligne - Services de livraison express, de messagerie et d&#039;exp\u00e9dition<\/h2>\n<h3>Comparez et r\u00e9servez les services de coursier les moins chers en Ouganda <a href=\"https:\/\/tiketi.com\/fr-fr\/contact-us\/\" target=\"_blank\" rel=\"noopener\">&gt;&gt;<\/a><\/h3>\n<p>Livraison de colis en ligne en Ouganda La r\u00e9servation simplifi\u00e9e. Vos clients devinent que les livraisons arriveront le plus t\u00f4t possible. Que vous exp\u00e9diez des articles localement en Ouganda ou que vous ex\u00e9cutiez une commande sur toute la plan\u00e8te, il est tr\u00e8s important que vous disposiez des meilleurs services de livraison en Ouganda \u00e0 vos c\u00f4t\u00e9s. Choisir le mauvais service de livraison de colis en Ouganda peut vous faire perdre un client, m\u00eame si vous avez bien fait tout le reste. Comparez et r\u00e9servez vos services de coursier en Ouganda - services de livraison express, de coursier et d&#039;exp\u00e9dition en ligne et gagnez du temps et de l&#039;argent.<\/p>\n<h3>Il existe de nombreux services de livraison en Ouganda qui pr\u00e9tendent \u00eatre les meilleurs, alors qu&#039;est-ce qui fait qu&#039;un service de livraison par courrier remarquable en Ouganda\u00a0?<\/h3>\n<p>Nous avons dress\u00e9 une liste de ce que nous pensons \u00eatre les caract\u00e9ristiques les plus vitales d&#039;une excellente livraison de colis en Ouganda.<\/p>\n<h2>FAQ sur la livraison de colis en Ouganda<\/h2>\n<h3>Approche professionnelle du service de livraison de colis en Ouganda<\/h3>\n<p>Qu&#039;on le veuille ou non, l&#039;apparence compte, l&#039;image de marque de votre coursier, son uniforme et ses v\u00e9hicules ont un impact sur la fa\u00e7on dont votre client per\u00e7oit votre entreprise. Il est essentiel de choisir une entreprise qui se pr\u00e9sente comme des experts. Vous voulez qu&#039;ils ressemblent \u00e0 une entreprise s\u00e9rieuse avec des uniformes corrects et propres.<\/p>\n<p>Vous faites confiance \u00e0 une livraison par coursier en Ouganda avec un point de contact important - le moment o\u00f9 un client re\u00e7oit son colis. L&#039;impression qu&#039;ils font \u00e0 leur porte est la fa\u00e7on dont le client gardera \u00e0 l&#039;esprit votre entreprise.<\/p>\n<h3>Protocole de s\u00e9curit\u00e9<\/h3>\n<p>Les programmes les plus r\u00e9cents prot\u00e8gent vos informations personnelles contre les attaques du monde en ligne. Attendez-vous \u00e0 ce que vos services de livraison de colis en Ouganda enregistrent vos colis avec le m\u00eame calibre, pour s&#039;assurer que les colis ne sont pas compromis et sont livr\u00e9s \u00e0 la bonne personne.<\/p>\n<p>Les meilleurs services offrent un suivi en ligne en temps r\u00e9el, afin que vous et vos clients sachiez o\u00f9 se trouve leur colis \u00e0 tout moment. Les colis vol\u00e9s blessent toutes les personnes impliqu\u00e9es dans la transaction, alors v\u00e9rifiez que vos services de messagerie en Ouganda ont pris des pr\u00e9cautions de s\u00e9curit\u00e9, principalement pour les envois confidentiels.<\/p>\n<h3>La flexibilit\u00e9<\/h3>\n<p>Les affaires changent pour toujours. Les clients peuvent remettre en question leur choix de taille ou de couleur d&#039;un produit et le renvoyer pour un \u00e9change. Vous avez besoin d&#039;un service de livraison de colis pas cher en Ouganda qui puisse r\u00e9pondre rapidement aux besoins de vos clients et aux v\u00f4tres. Ils doivent \u00e9galement \u00eatre capables de livrer une large gamme d&#039;articles, des petits documents aux colis surdimensionn\u00e9s. M\u00eame si vous n&#039;en avez pas besoin maintenant, il est pr\u00e9f\u00e9rable d&#039;avoir des choix plus tard.<\/p>\n<p>Que se passe-t-il lorsque votre entreprise re\u00e7oit une forte augmentation des commandes qui doivent \u00eatre envoy\u00e9es rapidement\u00a0? Avoir la flexibilit\u00e9 de r\u00e9pondre sans d\u00e9lai \u00e0 une augmentation soudaine des livraisons signifie moins de probl\u00e8mes et des clients plus satisfaits.<\/p>\n<h3>Service client incroyable<\/h3>\n<p>L&#039;exp\u00e9rience client est importante pour votre entreprise. Choisir un service de livraison le jour m\u00eame en Ouganda qui fait un effort suppl\u00e9mentaire pour vous et votre client peut entra\u00eener des ventes r\u00e9p\u00e9t\u00e9es. Par exemple, le courrier appelant \u00e0 l&#039;avance pour informer un client qu&#039;il arrive bient\u00f4t. Ils plaisent \u00e9galement aux clients qui ont des instructions sp\u00e9cifiques sans probl\u00e8me.<\/p>\n<p>Une attitude amicale et la volont\u00e9 de r\u00e9soudre rapidement les probl\u00e8mes sont essentielles. Gardez \u00e0 l&#039;esprit que les services de livraison en Ouganda que vous choisissez repr\u00e9sentent votre entreprise. Vous voulez qu&#039;un service client exceptionnel soit une priorit\u00e9 pour eux.<\/p>\n<h3>Plus d&#039;options de services de messagerie en Ouganda<\/h3>\n<p>Lorsque vous travaillez avec un service de livraison de colis en Ouganda, le service de livraison rapide n&#039;est pas la seule chose qui vous est accessible. De nombreuses entreprises offrent une gamme compl\u00e8te de choix d&#039;exp\u00e9dition et de stockage.<\/p>\n<p>Cela peut contenir un service d&#039;entreposage pour les articles qui doivent \u00eatre conserv\u00e9s jusqu&#039;\u00e0 une date d&#039;exp\u00e9dition future. Ils peuvent \u00e9galement fournir des services r\u00e9frig\u00e9r\u00e9s pour les denr\u00e9es p\u00e9rissables. Ces services sont les meilleurs pour les commerces de d\u00e9tail en ligne et les entreprises qui ont besoin d&#039;aide pour stocker leurs stocks jusqu&#039;\u00e0 une date de livraison sp\u00e9cifique.<\/p>\n<p>Vous pourrez \u00e9galement profiter des livraisons pr\u00e9programm\u00e9es et du service de colis en Ouganda.<\/p>","protected":false},"excerpt":{"rendered":"<p>Cheap Parcel Delivery Service in Uganda Online Booking &#8211; Express Delivery, Courier &amp; Shipping Services Compare and book the cheapest courier services in Uganda &gt;&gt; Online parcel delivery in Uganda booking made easy. Your customers guess deliveries to arrive as soon as possible. Whether you are shipping items locally in Uganda, or fulfilling order all [&hellip;]<\/p>\n","protected":false},"author":1,"featured_media":18898,"parent":0,"menu_order":0,"comment_status":"open","ping_status":"closed","template":"template-home-modern.php","meta":{"footnotes":""},"class_list":["post-11174","page","type-page","status-publish","has-post-thumbnail","hentry"],"yoast_head":"<!-- This site is optimized with the Yoast SEO plugin v27.3 - https:\/\/yoast.com\/product\/yoast-seo-wordpress\/ -->\n<title>Parcel Delivery in Uganda - Express Courier &amp; Shipping Services<\/title>\n<meta name=\"description\" content=\"Looking for parcel delivery in Uganda - express delivery apps, parcel &amp; shipping services? Compare and book the cheapest courier services in Uganda online now\" \/>\n<meta name=\"robots\" content=\"index, follow, max-snippet:-1, max-image-preview:large, max-video-preview:-1\" \/>\n<link rel=\"canonical\" href=\"https:\/\/tiketi.com\/fr-fr\/express-courier-parcel-delivery-uganda\/\" \/>\n<meta property=\"og:locale\" content=\"fr_FR\" \/>\n<meta property=\"og:type\" content=\"article\" \/>\n<meta property=\"og:title\" content=\"Parcel Delivery in Uganda - Express Courier &amp; Shipping Services\" \/>\n<meta property=\"og:description\" content=\"Looking for parcel delivery in Uganda - express delivery apps, parcel &amp; shipping services? Compare and book the cheapest courier services in Uganda online now\" \/>\n<meta property=\"og:url\" content=\"https:\/\/tiketi.com\/fr-fr\/express-courier-parcel-delivery-uganda\/\" \/>\n<meta property=\"og:site_name\" content=\"Tiketi.com\" \/>\n<meta property=\"article:publisher\" content=\"https:\/\/www.facebook.com\/TiketiCom\/\" \/>\n<meta property=\"article:modified_time\" content=\"2022-02-18T22:05:58+00:00\" \/>\n<meta property=\"og:image\" content=\"https:\/\/tiketi.com\/wp-content\/uploads\/2022\/02\/courier-delivery-service-ho-1.jpg\" \/>\n\t<meta property=\"og:image:width\" content=\"1200\" \/>\n\t<meta property=\"og:image:height\" content=\"202\" \/>\n\t<meta property=\"og:image:type\" content=\"image\/jpeg\" \/>\n<meta name=\"twitter:card\" content=\"summary_large_image\" \/>\n<meta name=\"twitter:label1\" content=\"Dur\u00e9e de lecture estim\u00e9e\" \/>\n\t<meta name=\"twitter:data1\" content=\"3 minutes\" \/>\n<script type=\"application\/ld+json\" class=\"yoast-schema-graph\">{\"@context\":\"https:\\\/\\\/schema.org\",\"@graph\":[{\"@type\":\"WebPage\",\"@id\":\"https:\\\/\\\/tiketi.com\\\/express-courier-parcel-delivery-uganda\\\/\",\"url\":\"https:\\\/\\\/tiketi.com\\\/express-courier-parcel-delivery-uganda\\\/\",\"name\":\"Parcel Delivery in Uganda - Express Courier & Shipping Services\",\"isPartOf\":{\"@id\":\"https:\\\/\\\/tiketi.com\\\/#website\"},\"primaryImageOfPage\":{\"@id\":\"https:\\\/\\\/tiketi.com\\\/express-courier-parcel-delivery-uganda\\\/#primaryimage\"},\"image\":{\"@id\":\"https:\\\/\\\/tiketi.com\\\/express-courier-parcel-delivery-uganda\\\/#primaryimage\"},\"thumbnailUrl\":\"https:\\\/\\\/tiketi.com\\\/wp-content\\\/uploads\\\/2022\\\/02\\\/courier-delivery-service-ho-1.jpg\",\"datePublished\":\"2022-01-19T11:54:19+00:00\",\"dateModified\":\"2022-02-18T22:05:58+00:00\",\"description\":\"Looking for parcel delivery in Uganda - express delivery apps, parcel & shipping services? Compare and book the cheapest courier services in Uganda online now\",\"breadcrumb\":{\"@id\":\"https:\\\/\\\/tiketi.com\\\/express-courier-parcel-delivery-uganda\\\/#breadcrumb\"},\"inLanguage\":\"fr-FR\",\"potentialAction\":[{\"@type\":\"ReadAction\",\"target\":[\"https:\\\/\\\/tiketi.com\\\/express-courier-parcel-delivery-uganda\\\/\"]}]},{\"@type\":\"ImageObject\",\"inLanguage\":\"fr-FR\",\"@id\":\"https:\\\/\\\/tiketi.com\\\/express-courier-parcel-delivery-uganda\\\/#primaryimage\",\"url\":\"https:\\\/\\\/tiketi.com\\\/wp-content\\\/uploads\\\/2022\\\/02\\\/courier-delivery-service-ho-1.jpg\",\"contentUrl\":\"https:\\\/\\\/tiketi.com\\\/wp-content\\\/uploads\\\/2022\\\/02\\\/courier-delivery-service-ho-1.jpg\",\"width\":1200,\"height\":202,\"caption\":\"Courier Delivery Service\"},{\"@type\":\"BreadcrumbList\",\"@id\":\"https:\\\/\\\/tiketi.com\\\/express-courier-parcel-delivery-uganda\\\/#breadcrumb\",\"itemListElement\":[{\"@type\":\"ListItem\",\"position\":1,\"name\":\"Home\",\"item\":\"https:\\\/\\\/tiketi.com\\\/\"},{\"@type\":\"ListItem\",\"position\":2,\"name\":\"Parcel Delivery in Uganda &#8211; Express Courier &#038; Shipping Services\"}]},{\"@type\":\"WebSite\",\"@id\":\"https:\\\/\\\/tiketi.com\\\/#website\",\"url\":\"https:\\\/\\\/tiketi.com\\\/\",\"name\":\"Flight & Bus Tickets, Tour Packages & Activitites - Tiketi.com\",\"description\":\"Flight &amp; Bus Tickets, Tours, Activitites\",\"publisher\":{\"@id\":\"https:\\\/\\\/tiketi.com\\\/#organization\"},\"potentialAction\":[{\"@type\":\"SearchAction\",\"target\":{\"@type\":\"EntryPoint\",\"urlTemplate\":\"https:\\\/\\\/tiketi.com\\\/?s={search_term_string}\"},\"query-input\":{\"@type\":\"PropertyValueSpecification\",\"valueRequired\":true,\"valueName\":\"search_term_string\"}}],\"inLanguage\":\"fr-FR\"},{\"@type\":\"Organization\",\"@id\":\"https:\\\/\\\/tiketi.com\\\/#organization\",\"name\":\"Tiketi.com\",\"alternateName\":\"Tiketi\",\"url\":\"https:\\\/\\\/tiketi.com\\\/\",\"logo\":{\"@type\":\"ImageObject\",\"inLanguage\":\"fr-FR\",\"@id\":\"https:\\\/\\\/tiketi.com\\\/#\\\/schema\\\/logo\\\/image\\\/\",\"url\":\"https:\\\/\\\/tiketi.com\\\/wp-content\\\/uploads\\\/2019\\\/05\\\/tiketi-logo-696.png\",\"contentUrl\":\"https:\\\/\\\/tiketi.com\\\/wp-content\\\/uploads\\\/2019\\\/05\\\/tiketi-logo-696.png\",\"width\":696,\"height\":696,\"caption\":\"Tiketi.com\"},\"image\":{\"@id\":\"https:\\\/\\\/tiketi.com\\\/#\\\/schema\\\/logo\\\/image\\\/\"},\"sameAs\":[\"https:\\\/\\\/www.facebook.com\\\/TiketiCom\\\/\"]}]}<\/script>\n<!-- \/ Yoast SEO plugin. -->","yoast_head_json":{"title":"Livraison de colis en Ouganda - Services de courrier express et d&#039;exp\u00e9dition","description":"Vous recherchez une livraison de colis en Ouganda - applications de livraison express, services de colis et d&#039;exp\u00e9dition\u00a0? Comparez et r\u00e9servez en ligne d\u00e8s maintenant les services de coursier les moins chers en Ouganda","robots":{"index":"index","follow":"follow","max-snippet":"max-snippet:-1","max-image-preview":"max-image-preview:large","max-video-preview":"max-video-preview:-1"},"canonical":"https:\/\/tiketi.com\/fr-fr\/express-courier-parcel-delivery-uganda\/","og_locale":"fr_FR","og_type":"article","og_title":"Parcel Delivery in Uganda - Express Courier & Shipping Services","og_description":"Looking for parcel delivery in Uganda - express delivery apps, parcel & shipping services? Compare and book the cheapest courier services in Uganda online now","og_url":"https:\/\/tiketi.com\/fr-fr\/express-courier-parcel-delivery-uganda\/","og_site_name":"Tiketi.com","article_publisher":"https:\/\/www.facebook.com\/TiketiCom\/","article_modified_time":"2022-02-18T22:05:58+00:00","og_image":[{"width":1200,"height":202,"url":"https:\/\/tiketi.com\/wp-content\/uploads\/2022\/02\/courier-delivery-service-ho-1.jpg","type":"image\/jpeg"}],"twitter_card":"summary_large_image","twitter_misc":{"Dur\u00e9e de lecture estim\u00e9e":"3 minutes"},"schema":{"@context":"https:\/\/schema.org","@graph":[{"@type":"WebPage","@id":"https:\/\/tiketi.com\/express-courier-parcel-delivery-uganda\/","url":"https:\/\/tiketi.com\/express-courier-parcel-delivery-uganda\/","name":"Livraison de colis en Ouganda - Services de courrier express et d&#039;exp\u00e9dition","isPartOf":{"@id":"https:\/\/tiketi.com\/#website"},"primaryImageOfPage":{"@id":"https:\/\/tiketi.com\/express-courier-parcel-delivery-uganda\/#primaryimage"},"image":{"@id":"https:\/\/tiketi.com\/express-courier-parcel-delivery-uganda\/#primaryimage"},"thumbnailUrl":"https:\/\/tiketi.com\/wp-content\/uploads\/2022\/02\/courier-delivery-service-ho-1.jpg","datePublished":"2022-01-19T11:54:19+00:00","dateModified":"2022-02-18T22:05:58+00:00","description":"Vous recherchez une livraison de colis en Ouganda - applications de livraison express, services de colis et d&#039;exp\u00e9dition\u00a0? Comparez et r\u00e9servez en ligne d\u00e8s maintenant les services de coursier les moins chers en Ouganda","breadcrumb":{"@id":"https:\/\/tiketi.com\/express-courier-parcel-delivery-uganda\/#breadcrumb"},"inLanguage":"fr-FR","potentialAction":[{"@type":"ReadAction","target":["https:\/\/tiketi.com\/express-courier-parcel-delivery-uganda\/"]}]},{"@type":"ImageObject","inLanguage":"fr-FR","@id":"https:\/\/tiketi.com\/express-courier-parcel-delivery-uganda\/#primaryimage","url":"https:\/\/tiketi.com\/wp-content\/uploads\/2022\/02\/courier-delivery-service-ho-1.jpg","contentUrl":"https:\/\/tiketi.com\/wp-content\/uploads\/2022\/02\/courier-delivery-service-ho-1.jpg","width":1200,"height":202,"caption":"Courier Delivery Service"},{"@type":"BreadcrumbList","@id":"https:\/\/tiketi.com\/express-courier-parcel-delivery-uganda\/#breadcrumb","itemListElement":[{"@type":"ListItem","position":1,"name":"Home","item":"https:\/\/tiketi.com\/"},{"@type":"ListItem","position":2,"name":"Parcel Delivery in Uganda &#8211; Express Courier &#038; Shipping Services"}]},{"@type":"WebSite","@id":"https:\/\/tiketi.com\/#website","url":"https:\/\/tiketi.com\/","name":"Billets d&#039;avion et de bus, forfaits touristiques et activit\u00e9s - Tiketi.com","description":"Billets d&#039;avion et de bus, Tours, Activit\u00e9s","publisher":{"@id":"https:\/\/tiketi.com\/#organization"},"potentialAction":[{"@type":"SearchAction","target":{"@type":"EntryPoint","urlTemplate":"https:\/\/tiketi.com\/?s={search_term_string}"},"query-input":{"@type":"PropertyValueSpecification","valueRequired":true,"valueName":"search_term_string"}}],"inLanguage":"fr-FR"},{"@type":"Organization","@id":"https:\/\/tiketi.com\/#organization","name":"Tiketi.com","alternateName":"Tiketi","url":"https:\/\/tiketi.com\/","logo":{"@type":"ImageObject","inLanguage":"fr-FR","@id":"https:\/\/tiketi.com\/#\/schema\/logo\/image\/","url":"https:\/\/tiketi.com\/wp-content\/uploads\/2019\/05\/tiketi-logo-696.png","contentUrl":"https:\/\/tiketi.com\/wp-content\/uploads\/2019\/05\/tiketi-logo-696.png","width":696,"height":696,"caption":"Tiketi.com"},"image":{"@id":"https:\/\/tiketi.com\/#\/schema\/logo\/image\/"},"sameAs":["https:\/\/www.facebook.com\/TiketiCom\/"]}]}},"_links":{"self":[{"href":"https:\/\/tiketi.com\/fr-fr\/wp-json\/wp\/v2\/pages\/11174","targetHints":{"allow":["GET"]}}],"collection":[{"href":"https:\/\/tiketi.com\/fr-fr\/wp-json\/wp\/v2\/pages"}],"about":[{"href":"https:\/\/tiketi.com\/fr-fr\/wp-json\/wp\/v2\/types\/page"}],"author":[{"embeddable":true,"href":"https:\/\/tiketi.com\/fr-fr\/wp-json\/wp\/v2\/users\/1"}],"replies":[{"embeddable":true,"href":"https:\/\/tiketi.com\/fr-fr\/wp-json\/wp\/v2\/comments?post=11174"}],"version-history":[{"count":0,"href":"https:\/\/tiketi.com\/fr-fr\/wp-json\/wp\/v2\/pages\/11174\/revisions"}],"wp:featuredmedia":[{"embeddable":true,"href":"https:\/\/tiketi.com\/fr-fr\/wp-json\/wp\/v2\/media\/18898"}],"wp:attachment":[{"href":"https:\/\/tiketi.com\/fr-fr\/wp-json\/wp\/v2\/media?parent=11174"}],"curies":[{"name":"wp","href":"https:\/\/api.w.org\/{rel}","templated":true}]}}